{"id":23441,"date":"2026-01-14T10:03:54","date_gmt":"2026-01-14T10:03:54","guid":{"rendered":"https:\/\/xstone.group\/product\/tsh-basura\/"},"modified":"2026-01-14T10:03:54","modified_gmt":"2026-01-14T10:03:54","slug":"tsh-trash","status":"publish","type":"product","link":"https:\/\/xstone.group\/es\/product\/tsh-trash\/","title":{"rendered":"TSH | Basura"},"content":{"rendered":"<p>La basura es una superficie cruda y expresiva que celebra la imperfecci\u00f3n mediante marcas en capas, abrasiones sutiles y texturas espont\u00e1neas que parecen moldeadas por el tiempo, el movimiento y el gesto humano. Su relieve irregular aporta una energ\u00eda art\u00edstica y audaz al espacio, transformando lo que parece desgastado y deteriorado en una poderosa declaraci\u00f3n est\u00e9tica llena de car\u00e1cter y profundidad. <\/p>\n","protected":false},"excerpt":{"rendered":"<p>La basura es una superficie cruda y expresiva que celebra la imperfecci\u00f3n mediante marcas en capas, abrasiones sutiles y texturas espont\u00e1neas que parecen moldeadas por el tiempo, el movimiento y el gesto humano. Su relieve irregular aporta una energ\u00eda art\u00edstica y audaz al espacio, transformando lo que parece desgastado y deteriorado en una poderosa declaraci\u00f3n [&hellip;]<\/p>\n","protected":false},"featured_media":23442,"comment_status":"open","ping_status":"closed","template":"","meta":{"_acf_changed":false,"_uag_custom_page_level_css":"","site-sidebar-layout":"default","site-content-layout":"","ast-site-content-layout":"default","site-content-style":"default","site-sidebar-style":"default","ast-global-header-display":"","ast-banner-title-visibility":"","ast-main-header-display":"","ast-hfb-above-header-display":"","ast-hfb-below-header-display":"","ast-hfb-mobile-header-display":"","site-post-title":"","ast-breadcrumbs-content":"","ast-featured-img":"","footer-sml-layout":"","theme-transparent-header-meta":"default","adv-header-id-meta":"","stick-header-meta":"default","header-above-stick-meta":"","header-main-stick-meta":"","header-below-stick-meta":"","astra-migrate-meta-layouts":"default","ast-page-background-enabled":"default","ast-page-background-meta":{"desktop":{"background-color":"var(--ast-global-color-4)","background-image":"","background-repeat":"repeat","background-position":"center center","background-size":"auto","background-attachment":"scroll","background-type":"","background-media":"","overlay-type":"","overlay-color":"","overlay-opacity":"","overlay-gradient":""},"tablet":{"background-color":"","background-image":"","background-repeat":"repeat","background-position":"center center","background-size":"auto","background-attachment":"scroll","background-type":"","background-media":"","overlay-type":"","overlay-color":"","overlay-opacity":"","overlay-gradient":""},"mobile":{"background-color":"","background-image":"","background-repeat":"repeat","background-position":"center center","background-size":"auto","background-attachment":"scroll","background-type":"","background-media":"","overlay-type":"","overlay-color":"","overlay-opacity":"","overlay-gradient":""}},"ast-content-background-meta":{"desktop":{"background-color":"var(--ast-global-color-5)","background-image":"","background-repeat":"repeat","background-position":"center center","background-size":"auto","background-attachment":"scroll","background-type":"","background-media":"","overlay-type":"","overlay-color":"","overlay-opacity":"","overlay-gradient":""},"tablet":{"background-color":"var(--ast-global-color-5)","background-image":"","background-repeat":"repeat","background-position":"center center","background-size":"auto","background-attachment":"scroll","background-type":"","background-media":"","overlay-type":"","overlay-color":"","overlay-opacity":"","overlay-gradient":""},"mobile":{"background-color":"var(--ast-global-color-5)","background-image":"","background-repeat":"repeat","background-position":"center center","background-size":"auto","background-attachment":"scroll","background-type":"","background-media":"","overlay-type":"","overlay-color":"","overlay-opacity":"","overlay-gradient":""}}},"product_brand":[],"product_cat":[3528,3527],"product_tag":[6090,2207,6093,6096,6094,6091,6095,6089,6092],"class_list":{"0":"post-23441","1":"product","2":"type-product","3":"status-publish","4":"has-post-thumbnail","6":"product_cat-concrete","7":"product_cat-texture","8":"product_tag-distressed-wall-finish","9":"product_tag-comp-texture-16881","10":"product_tag-industrial-wall-design","11":"product_tag-brutalist-interior-material","12":"product_tag-weathered-wall-relief","13":"product_tag-raw-wall-surface","14":"product_tag-expressive-surface","15":"product_tag-trash-texture","16":"product_tag-artistic-wall-texture","17":"desktop-align-left","18":"tablet-align-left","19":"mobile-align-left","21":"first","22":"instock","23":"shipping-taxable","24":"product-type-simple"},"acf":[],"yoast_head":"<!-- This site is optimized with the Yoast SEO Premium plugin v27.4 (Yoast SEO v27.4) - https:\/\/yoast.com\/product\/yoast-seo-premium-wordpress\/ -->\n<title>TSH | Basura - XSTONE<\/title>\n<meta name=\"description\" content=\"Descubre Trash, una textura de pared desgastada y expresiva con car\u00e1cter crudo, marcas en capas y profundidad art\u00edstica para un dise\u00f1o de interiores atrevido\" \/>\n<meta name=\"robots\" content=\"index, follow, max-snippet:-1, max-image-preview:large, max-video-preview:-1\" \/>\n<link rel=\"canonical\" href=\"https:\/\/xstone.group\/es\/product\/tsh-trash\/\" \/>\n<meta property=\"og:locale\" content=\"es_ES\" \/>\n<meta property=\"og:type\" content=\"article\" \/>\n<meta property=\"og:title\" content=\"TSH | Basura\" \/>\n<meta property=\"og:description\" content=\"Descubre Trash, una textura de pared desgastada y expresiva con car\u00e1cter crudo, marcas en capas y profundidad art\u00edstica para un dise\u00f1o de interiores atrevido\" \/>\n<meta property=\"og:url\" content=\"https:\/\/xstone.group\/es\/product\/tsh-trash\/\" \/>\n<meta property=\"og:site_name\" content=\"XSTONE\" \/>\n<meta property=\"article:publisher\" content=\"https:\/\/www.facebook.com\/Xstonesurfaces1\/\" \/>\n<meta property=\"og:image\" content=\"https:\/\/xstone.group\/wp-content\/uploads\/2026\/01\/XStone-Texture-TSH.webp\" \/>\n\t<meta property=\"og:image:width\" content=\"2560\" \/>\n\t<meta property=\"og:image:height\" content=\"1920\" \/>\n\t<meta property=\"og:image:type\" content=\"image\/webp\" \/>\n<meta name=\"twitter:card\" content=\"summary_large_image\" \/>\n<script type=\"application\/ld+json\" class=\"yoast-schema-graph\">{\"@context\":\"https:\\\/\\\/schema.org\",\"@graph\":[{\"@type\":\"WebPage\",\"@id\":\"https:\\\/\\\/xstone.group\\\/es\\\/product\\\/tsh-trash\\\/\",\"url\":\"https:\\\/\\\/xstone.group\\\/es\\\/product\\\/tsh-trash\\\/\",\"name\":\"TSH | Basura - XSTONE\",\"isPartOf\":{\"@id\":\"https:\\\/\\\/xstone.group\\\/es\\\/#website\"},\"primaryImageOfPage\":{\"@id\":\"https:\\\/\\\/xstone.group\\\/es\\\/product\\\/tsh-trash\\\/#primaryimage\"},\"image\":{\"@id\":\"https:\\\/\\\/xstone.group\\\/es\\\/product\\\/tsh-trash\\\/#primaryimage\"},\"thumbnailUrl\":\"https:\\\/\\\/xstone.group\\\/wp-content\\\/uploads\\\/2026\\\/01\\\/XStone-Texture-TSH.webp\",\"datePublished\":\"2026-01-14T10:03:54+00:00\",\"description\":\"Descubre Trash, una textura de pared desgastada y expresiva con car\u00e1cter crudo, marcas en capas y profundidad art\u00edstica para un dise\u00f1o de interiores atrevido\",\"breadcrumb\":{\"@id\":\"https:\\\/\\\/xstone.group\\\/es\\\/product\\\/tsh-trash\\\/#breadcrumb\"},\"inLanguage\":\"es\",\"potentialAction\":[{\"@type\":\"ReadAction\",\"target\":[\"https:\\\/\\\/xstone.group\\\/es\\\/product\\\/tsh-trash\\\/\"]}]},{\"@type\":\"ImageObject\",\"inLanguage\":\"es\",\"@id\":\"https:\\\/\\\/xstone.group\\\/es\\\/product\\\/tsh-trash\\\/#primaryimage\",\"url\":\"https:\\\/\\\/xstone.group\\\/wp-content\\\/uploads\\\/2026\\\/01\\\/XStone-Texture-TSH.webp\",\"contentUrl\":\"https:\\\/\\\/xstone.group\\\/wp-content\\\/uploads\\\/2026\\\/01\\\/XStone-Texture-TSH.webp\",\"width\":2560,\"height\":1920,\"caption\":\"XStone -Texture - Trash\"},{\"@type\":\"BreadcrumbList\",\"@id\":\"https:\\\/\\\/xstone.group\\\/es\\\/product\\\/tsh-trash\\\/#breadcrumb\",\"itemListElement\":[{\"@type\":\"ListItem\",\"position\":1,\"name\":\"Home\",\"item\":\"https:\\\/\\\/xstone.group\\\/es\\\/\"},{\"@type\":\"ListItem\",\"position\":2,\"name\":\"Productos\",\"item\":\"https:\\\/\\\/xstone.group\\\/es\\\/shop\\\/\"},{\"@type\":\"ListItem\",\"position\":3,\"name\":\"TSH | Basura\"}]},{\"@type\":\"WebSite\",\"@id\":\"https:\\\/\\\/xstone.group\\\/es\\\/#website\",\"url\":\"https:\\\/\\\/xstone.group\\\/es\\\/\",\"name\":\"XSTONE\",\"description\":\"Belleza mineral aut\u00e9ntica e ilimitada, sin ataduras por la gravedad\",\"potentialAction\":[{\"@type\":\"SearchAction\",\"target\":{\"@type\":\"EntryPoint\",\"urlTemplate\":\"https:\\\/\\\/xstone.group\\\/es\\\/?s={search_term_string}\"},\"query-input\":{\"@type\":\"PropertyValueSpecification\",\"valueRequired\":true,\"valueName\":\"search_term_string\"}}],\"inLanguage\":\"es\"}]}<\/script>\n<!-- \/ Yoast SEO Premium plugin. -->","yoast_head_json":{"title":"TSH | Basura - XSTONE","description":"Descubre Trash, una textura de pared desgastada y expresiva con car\u00e1cter crudo, marcas en capas y profundidad art\u00edstica para un dise\u00f1o de interiores atrevido","robots":{"index":"index","follow":"follow","max-snippet":"max-snippet:-1","max-image-preview":"max-image-preview:large","max-video-preview":"max-video-preview:-1"},"canonical":"https:\/\/xstone.group\/es\/product\/tsh-trash\/","og_locale":"es_ES","og_type":"article","og_title":"TSH | Basura","og_description":"Descubre Trash, una textura de pared desgastada y expresiva con car\u00e1cter crudo, marcas en capas y profundidad art\u00edstica para un dise\u00f1o de interiores atrevido","og_url":"https:\/\/xstone.group\/es\/product\/tsh-trash\/","og_site_name":"XSTONE","article_publisher":"https:\/\/www.facebook.com\/Xstonesurfaces1\/","og_image":[{"width":2560,"height":1920,"url":"https:\/\/xstone.group\/wp-content\/uploads\/2026\/01\/XStone-Texture-TSH.webp","type":"image\/webp"}],"twitter_card":"summary_large_image","schema":{"@context":"https:\/\/schema.org","@graph":[{"@type":"WebPage","@id":"https:\/\/xstone.group\/es\/product\/tsh-trash\/","url":"https:\/\/xstone.group\/es\/product\/tsh-trash\/","name":"TSH | Basura - XSTONE","isPartOf":{"@id":"https:\/\/xstone.group\/es\/#website"},"primaryImageOfPage":{"@id":"https:\/\/xstone.group\/es\/product\/tsh-trash\/#primaryimage"},"image":{"@id":"https:\/\/xstone.group\/es\/product\/tsh-trash\/#primaryimage"},"thumbnailUrl":"https:\/\/xstone.group\/wp-content\/uploads\/2026\/01\/XStone-Texture-TSH.webp","datePublished":"2026-01-14T10:03:54+00:00","description":"Descubre Trash, una textura de pared desgastada y expresiva con car\u00e1cter crudo, marcas en capas y profundidad art\u00edstica para un dise\u00f1o de interiores atrevido","breadcrumb":{"@id":"https:\/\/xstone.group\/es\/product\/tsh-trash\/#breadcrumb"},"inLanguage":"es","potentialAction":[{"@type":"ReadAction","target":["https:\/\/xstone.group\/es\/product\/tsh-trash\/"]}]},{"@type":"ImageObject","inLanguage":"es","@id":"https:\/\/xstone.group\/es\/product\/tsh-trash\/#primaryimage","url":"https:\/\/xstone.group\/wp-content\/uploads\/2026\/01\/XStone-Texture-TSH.webp","contentUrl":"https:\/\/xstone.group\/wp-content\/uploads\/2026\/01\/XStone-Texture-TSH.webp","width":2560,"height":1920,"caption":"XStone -Texture - Trash"},{"@type":"BreadcrumbList","@id":"https:\/\/xstone.group\/es\/product\/tsh-trash\/#breadcrumb","itemListElement":[{"@type":"ListItem","position":1,"name":"Home","item":"https:\/\/xstone.group\/es\/"},{"@type":"ListItem","position":2,"name":"Productos","item":"https:\/\/xstone.group\/es\/shop\/"},{"@type":"ListItem","position":3,"name":"TSH | Basura"}]},{"@type":"WebSite","@id":"https:\/\/xstone.group\/es\/#website","url":"https:\/\/xstone.group\/es\/","name":"XSTONE","description":"Belleza mineral aut\u00e9ntica e ilimitada, sin ataduras por la gravedad","potentialAction":[{"@type":"SearchAction","target":{"@type":"EntryPoint","urlTemplate":"https:\/\/xstone.group\/es\/?s={search_term_string}"},"query-input":{"@type":"PropertyValueSpecification","valueRequired":true,"valueName":"search_term_string"}}],"inLanguage":"es"}]}},"spectra_custom_meta":{"_last_translation_edit_mode":["translation-editor"],"_wcml_average_rating":[null],"_wcml_review_count":[null],"_wcml_rating_count":[null],"_yoast_wpseo_primary_product_cat":["317"],"_backorders":["no"],"_download_limit":["-1"],"_download_expiry":["-1"],"_downloadable":["no"],"_manage_stock":["no"],"_sku":["TSH"],"_stock_status":["instock"],"_sold_individually":["no"],"_tax_class":[""],"_tax_status":["taxable"],"_virtual":["no"],"total_sales":["0"],"_wpml_media_duplicate":["1"],"_wpml_media_featured":["1"],"stick-header-meta":["default"],"site-sidebar-layout":["default"],"theme-transparent-header-meta":["default"],"ast-site-content-layout":["default"],"site-content-style":["default"],"site-sidebar-style":["default"],"_yoast_wpseo_metadesc":["Descubre Trash, una textura de pared desgastada y expresiva con car\u00e1cter crudo, marcas en capas y profundidad art\u00edstica para un dise\u00f1o de interiores atrevido"],"_yoast_wpseo_focuskw":["superficie de pared con textura envejecida"],"_product_image_gallery":[""],"_thumbnail_id":["23442"],"_product_attributes":["a:3:{s:12:\"pa_thickness\";a:6:{s:4:\"name\";s:12:\"pa_thickness\";s:5:\"value\";s:0:\"\";s:8:\"position\";i:0;s:10:\"is_visible\";i:1;s:12:\"is_variation\";i:0;s:11:\"is_taxonomy\";i:1;}s:14:\"pa_composition\";a:6:{s:4:\"name\";s:14:\"pa_composition\";s:5:\"value\";s:0:\"\";s:8:\"position\";i:1;s:10:\"is_visible\";i:1;s:12:\"is_variation\";i:0;s:11:\"is_taxonomy\";i:1;}s:14:\"pa_fire-rating\";a:6:{s:4:\"name\";s:14:\"pa_fire-rating\";s:5:\"value\";s:0:\"\";s:8:\"position\";i:2;s:10:\"is_visible\";i:1;s:12:\"is_variation\";i:0;s:11:\"is_taxonomy\";i:1;}}"],"_wpml_word_count":["72"],"two_optimized_date":["1776452991"],"woolentor_views_count_product":["7"],"_uag_css_file_name":["uag-css-23441.css"],"_uag_js_file_name":["uag-js-23441.js"],"tp_widgets":["a:2:{s:7:\"widgets\";a:6:{i:0;s:18:\"plus-list-skeleton\";i:1;s:22:\"plus-listing-load-more\";i:2;s:18:\"plus-listing-metro\";i:3;s:18:\"tp-product-listout\";i:4;s:17:\"tp-single-style_1\";i:5;s:19:\"tp-woo-single-image\";}s:9:\"update_at\";s:10:\"1776541402\";}"],"_elementor_edit_mode":["builder"],"_selectproduct_layout":["16389"],"_wc_rating_count":[""],"_wc_review_count":[""],"_wc_average_rating":[0]},"uagb_featured_image_src":{"full":["https:\/\/xstone.group\/wp-content\/uploads\/2026\/01\/XStone-Texture-TSH.webp",2560,1920,false],"thumbnail":["https:\/\/xstone.group\/wp-content\/uploads\/2026\/01\/XStone-Texture-TSH-150x150.webp",150,150,true],"medium":["https:\/\/xstone.group\/wp-content\/uploads\/2026\/01\/XStone-Texture-TSH-300x225.webp",300,225,true],"medium_large":["https:\/\/xstone.group\/wp-content\/uploads\/2026\/01\/XStone-Texture-TSH-768x576.webp",768,576,true],"large":["https:\/\/xstone.group\/wp-content\/uploads\/2026\/01\/XStone-Texture-TSH-1024x768.webp",1024,768,true],"1536x1536":["https:\/\/xstone.group\/wp-content\/uploads\/2026\/01\/XStone-Texture-TSH-1536x1152.webp",1536,1152,true],"2048x2048":["https:\/\/xstone.group\/wp-content\/uploads\/2026\/01\/XStone-Texture-TSH-2048x1536.webp",2048,1536,true],"tp-image-grid":["https:\/\/xstone.group\/wp-content\/uploads\/2026\/01\/XStone-Texture-TSH-700x700.webp",700,700,true],"tenweb_optimizer_mobile":["https:\/\/xstone.group\/wp-content\/uploads\/2026\/01\/XStone-Texture-TSH-600x450.webp",600,450,true],"tenweb_optimizer_tablet":["https:\/\/xstone.group\/wp-content\/uploads\/2026\/01\/XStone-Texture-TSH-768x576.webp",768,576,true],"woocommerce_thumbnail":["https:\/\/xstone.group\/wp-content\/uploads\/2026\/01\/XStone-Texture-TSH-300x300.webp",300,300,true],"woocommerce_single":["https:\/\/xstone.group\/wp-content\/uploads\/2026\/01\/XStone-Texture-TSH-600x450.webp",600,450,true],"woocommerce_gallery_thumbnail":["https:\/\/xstone.group\/wp-content\/uploads\/2026\/01\/XStone-Texture-TSH-100x100.webp",100,100,true]},"uagb_author_info":{"display_name":"laurent.gomez@xstone.group","author_link":"https:\/\/xstone.group\/es\/author\/"},"uagb_comment_info":0,"uagb_excerpt":"La basura es una superficie cruda y expresiva que celebra la imperfecci\u00f3n mediante marcas en capas, abrasiones sutiles y texturas espont\u00e1neas que parecen moldeadas por el tiempo, el movimiento y el gesto humano. Su relieve irregular aporta una energ\u00eda art\u00edstica y audaz al espacio, transformando lo que parece desgastado y deteriorado en una poderosa declaraci\u00f3n&hellip;","_links":{"self":[{"href":"https:\/\/xstone.group\/es\/wp-json\/wp\/v2\/product\/23441","targetHints":{"allow":["GET"]}}],"collection":[{"href":"https:\/\/xstone.group\/es\/wp-json\/wp\/v2\/product"}],"about":[{"href":"https:\/\/xstone.group\/es\/wp-json\/wp\/v2\/types\/product"}],"replies":[{"embeddable":true,"href":"https:\/\/xstone.group\/es\/wp-json\/wp\/v2\/comments?post=23441"}],"wp:featuredmedia":[{"embeddable":true,"href":"https:\/\/xstone.group\/es\/wp-json\/wp\/v2\/media\/23442"}],"wp:attachment":[{"href":"https:\/\/xstone.group\/es\/wp-json\/wp\/v2\/media?parent=23441"}],"wp:term":[{"taxonomy":"product_brand","embeddable":true,"href":"https:\/\/xstone.group\/es\/wp-json\/wp\/v2\/product_brand?post=23441"},{"taxonomy":"product_cat","embeddable":true,"href":"https:\/\/xstone.group\/es\/wp-json\/wp\/v2\/product_cat?post=23441"},{"taxonomy":"product_tag","embeddable":true,"href":"https:\/\/xstone.group\/es\/wp-json\/wp\/v2\/product_tag?post=23441"}],"curies":[{"name":"wp","href":"https:\/\/api.w.org\/{rel}","templated":true}]}}