{"id":23600,"date":"2026-01-23T10:03:08","date_gmt":"2026-01-23T10:03:08","guid":{"rendered":"https:\/\/xstone.group\/product\/10055-blanco-puro\/"},"modified":"2026-01-23T10:03:08","modified_gmt":"2026-01-23T10:03:08","slug":"10055-pure-white","status":"publish","type":"product","link":"https:\/\/xstone.group\/es\/product\/10055-pure-white\/","title":{"rendered":"10055 | Blanco puro"},"content":{"rendered":"<p>Este color es un blanco mineral, puro y suave, con una suave calidez calc\u00e1rea, que difunde la luz de una forma que transmite una sensaci\u00f3n de calma, ligereza y arquitectura, como una pared enlucida a mano ba\u00f1ada por la luz de la ma\u00f1ana, ofreciendo un tel\u00f3n de fondo sereno y atemporal que deja que el espacio, la forma y la sombra ocupen tranquilamente el centro del escenario.<\/p>\n","protected":false},"excerpt":{"rendered":"<p>Este color es un blanco mineral, puro y suave, con una suave calidez calc\u00e1rea, que difunde la luz de una forma que transmite una sensaci\u00f3n de calma, ligereza y arquitectura, como una pared enlucida a mano ba\u00f1ada por la luz de la ma\u00f1ana, ofreciendo un tel\u00f3n de fondo sereno y atemporal que deja que el [&hellip;]<\/p>\n","protected":false},"featured_media":23604,"comment_status":"open","ping_status":"closed","template":"","meta":{"_acf_changed":false,"_uag_custom_page_level_css":"","site-sidebar-layout":"default","site-content-layout":"","ast-site-content-layout":"default","site-content-style":"default","site-sidebar-style":"default","ast-global-header-display":"","ast-banner-title-visibility":"","ast-main-header-display":"","ast-hfb-above-header-display":"","ast-hfb-below-header-display":"","ast-hfb-mobile-header-display":"","site-post-title":"","ast-breadcrumbs-content":"","ast-featured-img":"","footer-sml-layout":"","theme-transparent-header-meta":"default","adv-header-id-meta":"","stick-header-meta":"default","header-above-stick-meta":"","header-main-stick-meta":"","header-below-stick-meta":"","astra-migrate-meta-layouts":"default","ast-page-background-enabled":"default","ast-page-background-meta":{"desktop":{"background-color":"var(--ast-global-color-4)","background-image":"","background-repeat":"repeat","background-position":"center center","background-size":"auto","background-attachment":"scroll","background-type":"","background-media":"","overlay-type":"","overlay-color":"","overlay-opacity":"","overlay-gradient":""},"tablet":{"background-color":"","background-image":"","background-repeat":"repeat","background-position":"center center","background-size":"auto","background-attachment":"scroll","background-type":"","background-media":"","overlay-type":"","overlay-color":"","overlay-opacity":"","overlay-gradient":""},"mobile":{"background-color":"","background-image":"","background-repeat":"repeat","background-position":"center center","background-size":"auto","background-attachment":"scroll","background-type":"","background-media":"","overlay-type":"","overlay-color":"","overlay-opacity":"","overlay-gradient":""}},"ast-content-background-meta":{"desktop":{"background-color":"var(--ast-global-color-5)","background-image":"","background-repeat":"repeat","background-position":"center center","background-size":"auto","background-attachment":"scroll","background-type":"","background-media":"","overlay-type":"","overlay-color":"","overlay-opacity":"","overlay-gradient":""},"tablet":{"background-color":"var(--ast-global-color-5)","background-image":"","background-repeat":"repeat","background-position":"center center","background-size":"auto","background-attachment":"scroll","background-type":"","background-media":"","overlay-type":"","overlay-color":"","overlay-opacity":"","overlay-gradient":""},"mobile":{"background-color":"var(--ast-global-color-5)","background-image":"","background-repeat":"repeat","background-position":"center center","background-size":"auto","background-attachment":"scroll","background-type":"","background-media":"","overlay-type":"","overlay-color":"","overlay-opacity":"","overlay-gradient":""}}},"product_brand":[],"product_cat":[5882,4351],"product_tag":[6462,6465,6464,6456,6466,6458,6460],"class_list":{"0":"post-23600","1":"product","2":"type-product","3":"status-publish","4":"has-post-thumbnail","6":"product_cat-white","7":"product_cat-tone-on-tone","8":"product_tag-architectural-white-finish","9":"product_tag-minimal-interior","10":"product_tag-natural-wall-coating","11":"product_tag-mineral-white-surface","12":"product_tag-contemporary-wall-surface","13":"product_tag-chalky-wall-texture","14":"product_tag-soft-white-plaster","15":"desktop-align-left","16":"tablet-align-left","17":"mobile-align-left","19":"first","20":"instock","21":"shipping-taxable","22":"product-type-simple"},"acf":[],"yoast_head":"<!-- This site is optimized with the Yoast SEO Premium plugin v27.4 (Yoast SEO v27.4) - https:\/\/yoast.com\/product\/yoast-seo-premium-wordpress\/ -->\n<title>10055 | Blanco puro - XSTONE<\/title>\n<meta name=\"description\" content=\"Acabado mural blanco mineral suave con una sutil textura calc\u00e1rea, ideal para crear interiores arquitect\u00f3nicos luminosos, tranquilos y atemporales\" \/>\n<meta name=\"robots\" content=\"index, follow, max-snippet:-1, max-image-preview:large, max-video-preview:-1\" \/>\n<link rel=\"canonical\" href=\"https:\/\/xstone.group\/es\/product\/10055-pure-white\/\" \/>\n<meta property=\"og:locale\" content=\"es_ES\" \/>\n<meta property=\"og:type\" content=\"article\" \/>\n<meta property=\"og:title\" content=\"10055 | Blanco puro\" \/>\n<meta property=\"og:description\" content=\"Acabado mural blanco mineral suave con una sutil textura calc\u00e1rea, ideal para crear interiores arquitect\u00f3nicos luminosos, tranquilos y atemporales\" \/>\n<meta property=\"og:url\" content=\"https:\/\/xstone.group\/es\/product\/10055-pure-white\/\" \/>\n<meta property=\"og:site_name\" content=\"XSTONE\" \/>\n<meta property=\"article:publisher\" content=\"https:\/\/www.facebook.com\/Xstonesurfaces1\/\" \/>\n<meta property=\"og:image\" content=\"https:\/\/xstone.group\/wp-content\/uploads\/2026\/01\/XStone-Color-10055-1-scaled.webp\" \/>\n\t<meta property=\"og:image:width\" content=\"2560\" \/>\n\t<meta property=\"og:image:height\" content=\"2560\" \/>\n\t<meta property=\"og:image:type\" content=\"image\/webp\" \/>\n<meta name=\"twitter:card\" content=\"summary_large_image\" \/>\n<script type=\"application\/ld+json\" class=\"yoast-schema-graph\">{\"@context\":\"https:\\\/\\\/schema.org\",\"@graph\":[{\"@type\":\"WebPage\",\"@id\":\"https:\\\/\\\/xstone.group\\\/es\\\/product\\\/10055-pure-white\\\/\",\"url\":\"https:\\\/\\\/xstone.group\\\/es\\\/product\\\/10055-pure-white\\\/\",\"name\":\"10055 | Blanco puro - XSTONE\",\"isPartOf\":{\"@id\":\"https:\\\/\\\/xstone.group\\\/es\\\/#website\"},\"primaryImageOfPage\":{\"@id\":\"https:\\\/\\\/xstone.group\\\/es\\\/product\\\/10055-pure-white\\\/#primaryimage\"},\"image\":{\"@id\":\"https:\\\/\\\/xstone.group\\\/es\\\/product\\\/10055-pure-white\\\/#primaryimage\"},\"thumbnailUrl\":\"https:\\\/\\\/xstone.group\\\/wp-content\\\/uploads\\\/2026\\\/01\\\/XStone-Color-10055-1-scaled.webp\",\"datePublished\":\"2026-01-23T10:03:08+00:00\",\"description\":\"Acabado mural blanco mineral suave con una sutil textura calc\u00e1rea, ideal para crear interiores arquitect\u00f3nicos luminosos, tranquilos y atemporales\",\"breadcrumb\":{\"@id\":\"https:\\\/\\\/xstone.group\\\/es\\\/product\\\/10055-pure-white\\\/#breadcrumb\"},\"inLanguage\":\"es\",\"potentialAction\":[{\"@type\":\"ReadAction\",\"target\":[\"https:\\\/\\\/xstone.group\\\/es\\\/product\\\/10055-pure-white\\\/\"]}]},{\"@type\":\"ImageObject\",\"inLanguage\":\"es\",\"@id\":\"https:\\\/\\\/xstone.group\\\/es\\\/product\\\/10055-pure-white\\\/#primaryimage\",\"url\":\"https:\\\/\\\/xstone.group\\\/wp-content\\\/uploads\\\/2026\\\/01\\\/XStone-Color-10055-1-scaled.webp\",\"contentUrl\":\"https:\\\/\\\/xstone.group\\\/wp-content\\\/uploads\\\/2026\\\/01\\\/XStone-Color-10055-1-scaled.webp\",\"width\":2560,\"height\":2560,\"caption\":\"XStone - Color -Pure white\"},{\"@type\":\"BreadcrumbList\",\"@id\":\"https:\\\/\\\/xstone.group\\\/es\\\/product\\\/10055-pure-white\\\/#breadcrumb\",\"itemListElement\":[{\"@type\":\"ListItem\",\"position\":1,\"name\":\"Home\",\"item\":\"https:\\\/\\\/xstone.group\\\/es\\\/\"},{\"@type\":\"ListItem\",\"position\":2,\"name\":\"Productos\",\"item\":\"https:\\\/\\\/xstone.group\\\/es\\\/shop\\\/\"},{\"@type\":\"ListItem\",\"position\":3,\"name\":\"10055 | Blanco puro\"}]},{\"@type\":\"WebSite\",\"@id\":\"https:\\\/\\\/xstone.group\\\/es\\\/#website\",\"url\":\"https:\\\/\\\/xstone.group\\\/es\\\/\",\"name\":\"XSTONE\",\"description\":\"Belleza mineral aut\u00e9ntica e ilimitada, sin ataduras por la gravedad\",\"potentialAction\":[{\"@type\":\"SearchAction\",\"target\":{\"@type\":\"EntryPoint\",\"urlTemplate\":\"https:\\\/\\\/xstone.group\\\/es\\\/?s={search_term_string}\"},\"query-input\":{\"@type\":\"PropertyValueSpecification\",\"valueRequired\":true,\"valueName\":\"search_term_string\"}}],\"inLanguage\":\"es\"}]}<\/script>\n<!-- \/ Yoast SEO Premium plugin. -->","yoast_head_json":{"title":"10055 | Blanco puro - XSTONE","description":"Acabado mural blanco mineral suave con una sutil textura calc\u00e1rea, ideal para crear interiores arquitect\u00f3nicos luminosos, tranquilos y atemporales","robots":{"index":"index","follow":"follow","max-snippet":"max-snippet:-1","max-image-preview":"max-image-preview:large","max-video-preview":"max-video-preview:-1"},"canonical":"https:\/\/xstone.group\/es\/product\/10055-pure-white\/","og_locale":"es_ES","og_type":"article","og_title":"10055 | Blanco puro","og_description":"Acabado mural blanco mineral suave con una sutil textura calc\u00e1rea, ideal para crear interiores arquitect\u00f3nicos luminosos, tranquilos y atemporales","og_url":"https:\/\/xstone.group\/es\/product\/10055-pure-white\/","og_site_name":"XSTONE","article_publisher":"https:\/\/www.facebook.com\/Xstonesurfaces1\/","og_image":[{"width":2560,"height":2560,"url":"https:\/\/xstone.group\/wp-content\/uploads\/2026\/01\/XStone-Color-10055-1-scaled.webp","type":"image\/webp"}],"twitter_card":"summary_large_image","schema":{"@context":"https:\/\/schema.org","@graph":[{"@type":"WebPage","@id":"https:\/\/xstone.group\/es\/product\/10055-pure-white\/","url":"https:\/\/xstone.group\/es\/product\/10055-pure-white\/","name":"10055 | Blanco puro - XSTONE","isPartOf":{"@id":"https:\/\/xstone.group\/es\/#website"},"primaryImageOfPage":{"@id":"https:\/\/xstone.group\/es\/product\/10055-pure-white\/#primaryimage"},"image":{"@id":"https:\/\/xstone.group\/es\/product\/10055-pure-white\/#primaryimage"},"thumbnailUrl":"https:\/\/xstone.group\/wp-content\/uploads\/2026\/01\/XStone-Color-10055-1-scaled.webp","datePublished":"2026-01-23T10:03:08+00:00","description":"Acabado mural blanco mineral suave con una sutil textura calc\u00e1rea, ideal para crear interiores arquitect\u00f3nicos luminosos, tranquilos y atemporales","breadcrumb":{"@id":"https:\/\/xstone.group\/es\/product\/10055-pure-white\/#breadcrumb"},"inLanguage":"es","potentialAction":[{"@type":"ReadAction","target":["https:\/\/xstone.group\/es\/product\/10055-pure-white\/"]}]},{"@type":"ImageObject","inLanguage":"es","@id":"https:\/\/xstone.group\/es\/product\/10055-pure-white\/#primaryimage","url":"https:\/\/xstone.group\/wp-content\/uploads\/2026\/01\/XStone-Color-10055-1-scaled.webp","contentUrl":"https:\/\/xstone.group\/wp-content\/uploads\/2026\/01\/XStone-Color-10055-1-scaled.webp","width":2560,"height":2560,"caption":"XStone - Color -Pure white"},{"@type":"BreadcrumbList","@id":"https:\/\/xstone.group\/es\/product\/10055-pure-white\/#breadcrumb","itemListElement":[{"@type":"ListItem","position":1,"name":"Home","item":"https:\/\/xstone.group\/es\/"},{"@type":"ListItem","position":2,"name":"Productos","item":"https:\/\/xstone.group\/es\/shop\/"},{"@type":"ListItem","position":3,"name":"10055 | Blanco puro"}]},{"@type":"WebSite","@id":"https:\/\/xstone.group\/es\/#website","url":"https:\/\/xstone.group\/es\/","name":"XSTONE","description":"Belleza mineral aut\u00e9ntica e ilimitada, sin ataduras por la gravedad","potentialAction":[{"@type":"SearchAction","target":{"@type":"EntryPoint","urlTemplate":"https:\/\/xstone.group\/es\/?s={search_term_string}"},"query-input":{"@type":"PropertyValueSpecification","valueRequired":true,"valueName":"search_term_string"}}],"inLanguage":"es"}]}},"spectra_custom_meta":{"_last_translation_edit_mode":["translation-editor"],"_wcml_average_rating":[null],"_wcml_review_count":[null],"_wcml_rating_count":[null],"_yoast_wpseo_primary_product_cat":["319"],"_backorders":["no"],"_download_limit":["-1"],"_download_expiry":["-1"],"_downloadable":["no"],"_manage_stock":["no"],"_sku":["10055"],"_stock_status":["instock"],"_sold_individually":["no"],"_tax_class":[""],"_tax_status":["taxable"],"_virtual":["no"],"total_sales":["0"],"_wpml_media_duplicate":["1"],"_wpml_media_featured":["1"],"stick-header-meta":["default"],"site-sidebar-layout":["default"],"theme-transparent-header-meta":["default"],"ast-site-content-layout":["default"],"site-content-style":["default"],"site-sidebar-style":["default"],"_yoast_wpseo_metadesc":["Acabado mural blanco mineral suave con una sutil textura calc\u00e1rea, ideal para crear interiores arquitect\u00f3nicos luminosos, tranquilos y atemporales"],"_yoast_wpseo_focuskw":["acabado de pared blanco mineral suave"],"_product_image_gallery":[""],"_thumbnail_id":["23604"],"_product_attributes":["a:3:{s:7:\"pa_tone\";a:6:{s:4:\"name\";s:7:\"pa_tone\";s:5:\"value\";s:0:\"\";s:8:\"position\";i:0;s:10:\"is_visible\";i:1;s:12:\"is_variation\";i:0;s:11:\"is_taxonomy\";i:1;}s:13:\"pa_color-code\";a:6:{s:4:\"name\";s:13:\"pa_color-code\";s:5:\"value\";s:0:\"\";s:8:\"position\";i:1;s:10:\"is_visible\";i:1;s:12:\"is_variation\";i:0;s:11:\"is_taxonomy\";i:1;}s:9:\"pa_finish\";a:6:{s:4:\"name\";s:9:\"pa_finish\";s:5:\"value\";s:0:\"\";s:8:\"position\";i:2;s:10:\"is_visible\";i:1;s:12:\"is_variation\";i:0;s:11:\"is_taxonomy\";i:1;}}"],"_wpml_word_count":["65"],"two_optimized_date":["1776554698"],"woolentor_views_count_product":["9"],"_uag_css_file_name":["uag-css-23600.css"],"_uag_js_file_name":["uag-js-23600.js"],"tp_widgets":["a:2:{s:7:\"widgets\";a:6:{i:0;s:18:\"plus-list-skeleton\";i:1;s:22:\"plus-listing-load-more\";i:2;s:18:\"plus-listing-metro\";i:3;s:18:\"tp-product-listout\";i:4;s:17:\"tp-single-style_1\";i:5;s:19:\"tp-woo-single-image\";}s:9:\"update_at\";s:10:\"1776541402\";}"],"_elementor_edit_mode":["builder"],"_selectproduct_layout":["16271"],"_wc_rating_count":[""],"_wc_review_count":[""],"_wc_average_rating":[0]},"uagb_featured_image_src":{"full":["https:\/\/xstone.group\/wp-content\/uploads\/2026\/01\/XStone-Color-10055-1-scaled.webp",2560,2560,false],"thumbnail":["https:\/\/xstone.group\/wp-content\/uploads\/2026\/01\/XStone-Color-10055-1-150x150.webp",150,150,true],"medium":["https:\/\/xstone.group\/wp-content\/uploads\/2026\/01\/XStone-Color-10055-1-300x300.webp",300,300,true],"medium_large":["https:\/\/xstone.group\/wp-content\/uploads\/2026\/01\/XStone-Color-10055-1-768x768.webp",768,768,true],"large":["https:\/\/xstone.group\/wp-content\/uploads\/2026\/01\/XStone-Color-10055-1-1024x1024.webp",1024,1024,true],"1536x1536":["https:\/\/xstone.group\/wp-content\/uploads\/2026\/01\/XStone-Color-10055-1-1536x1536.webp",1536,1536,true],"2048x2048":["https:\/\/xstone.group\/wp-content\/uploads\/2026\/01\/XStone-Color-10055-1-2048x2048.webp",2048,2048,true],"tp-image-grid":["https:\/\/xstone.group\/wp-content\/uploads\/2026\/01\/XStone-Color-10055-1-700x700.webp",700,700,true],"tenweb_optimizer_mobile":["https:\/\/xstone.group\/wp-content\/uploads\/2026\/01\/XStone-Color-10055-1-600x600.webp",600,600,true],"tenweb_optimizer_tablet":["https:\/\/xstone.group\/wp-content\/uploads\/2026\/01\/XStone-Color-10055-1-768x768.webp",768,768,true],"woocommerce_thumbnail":["https:\/\/xstone.group\/wp-content\/uploads\/2026\/01\/XStone-Color-10055-1-300x300.webp",300,300,true],"woocommerce_single":["https:\/\/xstone.group\/wp-content\/uploads\/2026\/01\/XStone-Color-10055-1-600x600.webp",600,600,true],"woocommerce_gallery_thumbnail":["https:\/\/xstone.group\/wp-content\/uploads\/2026\/01\/XStone-Color-10055-1-100x100.webp",100,100,true]},"uagb_author_info":{"display_name":"laurent.gomez@xstone.group","author_link":"https:\/\/xstone.group\/es\/author\/"},"uagb_comment_info":0,"uagb_excerpt":"Este color es un blanco mineral, puro y suave, con una suave calidez calc\u00e1rea, que difunde la luz de una forma que transmite una sensaci\u00f3n de calma, ligereza y arquitectura, como una pared enlucida a mano ba\u00f1ada por la luz de la ma\u00f1ana, ofreciendo un tel\u00f3n de fondo sereno y atemporal que deja que el&hellip;","_links":{"self":[{"href":"https:\/\/xstone.group\/es\/wp-json\/wp\/v2\/product\/23600","targetHints":{"allow":["GET"]}}],"collection":[{"href":"https:\/\/xstone.group\/es\/wp-json\/wp\/v2\/product"}],"about":[{"href":"https:\/\/xstone.group\/es\/wp-json\/wp\/v2\/types\/product"}],"replies":[{"embeddable":true,"href":"https:\/\/xstone.group\/es\/wp-json\/wp\/v2\/comments?post=23600"}],"wp:featuredmedia":[{"embeddable":true,"href":"https:\/\/xstone.group\/es\/wp-json\/wp\/v2\/media\/23604"}],"wp:attachment":[{"href":"https:\/\/xstone.group\/es\/wp-json\/wp\/v2\/media?parent=23600"}],"wp:term":[{"taxonomy":"product_brand","embeddable":true,"href":"https:\/\/xstone.group\/es\/wp-json\/wp\/v2\/product_brand?post=23600"},{"taxonomy":"product_cat","embeddable":true,"href":"https:\/\/xstone.group\/es\/wp-json\/wp\/v2\/product_cat?post=23600"},{"taxonomy":"product_tag","embeddable":true,"href":"https:\/\/xstone.group\/es\/wp-json\/wp\/v2\/product_tag?post=23600"}],"curies":[{"name":"wp","href":"https:\/\/api.w.org\/{rel}","templated":true}]}}