{"id":24237,"date":"2026-01-15T09:50:46","date_gmt":"2026-01-15T09:50:46","guid":{"rendered":"https:\/\/xstone.group\/product\/trr-travertino-rustico\/"},"modified":"2026-01-15T09:50:46","modified_gmt":"2026-01-15T09:50:46","slug":"trr-travertin-rustic","status":"publish","type":"product","link":"https:\/\/xstone.group\/es\/product\/trr-travertin-rustic\/","title":{"rendered":"TRR | Travertino R\u00fastico"},"content":{"rendered":"<p>Travertin R\u00fastico revela una superficie cruda y org\u00e1nica moldeada por el tiempo, donde las sutiles cavidades, los suaves relieves y las irregularidades naturales crean un material vivo y t\u00e1ctil que se siente aut\u00e9ntico y arquitect\u00f3nico a la vez, dando a cada superficie profundidad, car\u00e1cter y una sensaci\u00f3n de elegancia mineral atemporal.<\/p>\n","protected":false},"excerpt":{"rendered":"<p>Travertin R\u00fastico revela una superficie cruda y org\u00e1nica moldeada por el tiempo, donde las sutiles cavidades, los suaves relieves y las irregularidades naturales crean un material vivo y t\u00e1ctil que se siente aut\u00e9ntico y arquitect\u00f3nico a la vez, dando a cada superficie profundidad, car\u00e1cter y una sensaci\u00f3n de elegancia mineral atemporal.<\/p>\n","protected":false},"featured_media":24239,"comment_status":"open","ping_status":"closed","template":"","meta":{"_acf_changed":false,"_uag_custom_page_level_css":"","site-sidebar-layout":"default","site-content-layout":"","ast-site-content-layout":"default","site-content-style":"default","site-sidebar-style":"default","ast-global-header-display":"","ast-banner-title-visibility":"","ast-main-header-display":"","ast-hfb-above-header-display":"","ast-hfb-below-header-display":"","ast-hfb-mobile-header-display":"","site-post-title":"","ast-breadcrumbs-content":"","ast-featured-img":"","footer-sml-layout":"","theme-transparent-header-meta":"default","adv-header-id-meta":"","stick-header-meta":"default","header-above-stick-meta":"","header-main-stick-meta":"","header-below-stick-meta":"","astra-migrate-meta-layouts":"default","ast-page-background-enabled":"default","ast-page-background-meta":{"desktop":{"background-color":"var(--ast-global-color-4)","background-image":"","background-repeat":"repeat","background-position":"center center","background-size":"auto","background-attachment":"scroll","background-type":"","background-media":"","overlay-type":"","overlay-color":"","overlay-opacity":"","overlay-gradient":""},"tablet":{"background-color":"","background-image":"","background-repeat":"repeat","background-position":"center center","background-size":"auto","background-attachment":"scroll","background-type":"","background-media":"","overlay-type":"","overlay-color":"","overlay-opacity":"","overlay-gradient":""},"mobile":{"background-color":"","background-image":"","background-repeat":"repeat","background-position":"center center","background-size":"auto","background-attachment":"scroll","background-type":"","background-media":"","overlay-type":"","overlay-color":"","overlay-opacity":"","overlay-gradient":""}},"ast-content-background-meta":{"desktop":{"background-color":"var(--ast-global-color-5)","background-image":"","background-repeat":"repeat","background-position":"center center","background-size":"auto","background-attachment":"scroll","background-type":"","background-media":"","overlay-type":"","overlay-color":"","overlay-opacity":"","overlay-gradient":""},"tablet":{"background-color":"var(--ast-global-color-5)","background-image":"","background-repeat":"repeat","background-position":"center center","background-size":"auto","background-attachment":"scroll","background-type":"","background-media":"","overlay-type":"","overlay-color":"","overlay-opacity":"","overlay-gradient":""},"mobile":{"background-color":"var(--ast-global-color-5)","background-image":"","background-repeat":"repeat","background-position":"center center","background-size":"auto","background-attachment":"scroll","background-type":"","background-media":"","overlay-type":"","overlay-color":"","overlay-opacity":"","overlay-gradient":""}}},"product_brand":[],"product_cat":[6111,3527],"product_tag":[4352,2082,7385,7383,5841,7386,7382],"class_list":{"0":"post-24237","1":"product","2":"type-product","3":"status-publish","4":"has-post-thumbnail","6":"product_cat-stone","7":"product_cat-texture","8":"product_tag-natural-stone-look","9":"product_tag-comp-texture-16878","10":"product_tag-decorative-stone","11":"product_tag-wall-cladding","12":"product_tag-mineral-surface","13":"product_tag-premium-surfaces","14":"product_tag-rustic-travertine","15":"desktop-align-left","16":"tablet-align-left","17":"mobile-align-left","19":"first","20":"instock","21":"shipping-taxable","22":"product-type-simple"},"acf":[],"yoast_head":"<!-- This site is optimized with the Yoast SEO Premium plugin v27.4 (Yoast SEO v27.4) - https:\/\/yoast.com\/product\/yoast-seo-premium-wordpress\/ -->\n<title>TRR | Travertino R\u00fastico - XSTONE<\/title>\n<meta name=\"description\" content=\"Descubre Travertin R\u00fastico, una superficie mineral con relieve natural y textura org\u00e1nica, ideal para crear interiores arquitect\u00f3nicos c\u00e1lidos, aut\u00e9nticos y atemporales.\" \/>\n<meta name=\"robots\" content=\"index, follow, max-snippet:-1, max-image-preview:large, max-video-preview:-1\" \/>\n<link rel=\"canonical\" href=\"https:\/\/xstone.group\/es\/product\/trr-travertin-rustic\/\" \/>\n<meta property=\"og:locale\" content=\"es_ES\" \/>\n<meta property=\"og:type\" content=\"article\" \/>\n<meta property=\"og:title\" content=\"TRR | Travertino R\u00fastico\" \/>\n<meta property=\"og:description\" content=\"Descubre Travertin R\u00fastico, una superficie mineral con relieve natural y textura org\u00e1nica, ideal para crear interiores arquitect\u00f3nicos c\u00e1lidos, aut\u00e9nticos y atemporales.\" \/>\n<meta property=\"og:url\" content=\"https:\/\/xstone.group\/es\/product\/trr-travertin-rustic\/\" \/>\n<meta property=\"og:site_name\" content=\"XSTONE\" \/>\n<meta property=\"article:publisher\" content=\"https:\/\/www.facebook.com\/Xstonesurfaces1\/\" \/>\n<meta property=\"og:image\" content=\"https:\/\/xstone.group\/wp-content\/uploads\/2026\/01\/XStone-Texture-TRR-scaled.webp\" \/>\n\t<meta property=\"og:image:width\" content=\"2560\" \/>\n\t<meta property=\"og:image:height\" content=\"1920\" \/>\n\t<meta property=\"og:image:type\" content=\"image\/webp\" \/>\n<meta name=\"twitter:card\" content=\"summary_large_image\" \/>\n<script type=\"application\/ld+json\" class=\"yoast-schema-graph\">{\"@context\":\"https:\\\/\\\/schema.org\",\"@graph\":[{\"@type\":\"WebPage\",\"@id\":\"https:\\\/\\\/xstone.group\\\/es\\\/product\\\/trr-travertin-rustic\\\/\",\"url\":\"https:\\\/\\\/xstone.group\\\/es\\\/product\\\/trr-travertin-rustic\\\/\",\"name\":\"TRR | Travertino R\u00fastico - XSTONE\",\"isPartOf\":{\"@id\":\"https:\\\/\\\/xstone.group\\\/es\\\/#website\"},\"primaryImageOfPage\":{\"@id\":\"https:\\\/\\\/xstone.group\\\/es\\\/product\\\/trr-travertin-rustic\\\/#primaryimage\"},\"image\":{\"@id\":\"https:\\\/\\\/xstone.group\\\/es\\\/product\\\/trr-travertin-rustic\\\/#primaryimage\"},\"thumbnailUrl\":\"https:\\\/\\\/xstone.group\\\/wp-content\\\/uploads\\\/2026\\\/01\\\/XStone-Texture-TRR-scaled.webp\",\"datePublished\":\"2026-01-15T09:50:46+00:00\",\"description\":\"Descubre Travertin R\u00fastico, una superficie mineral con relieve natural y textura org\u00e1nica, ideal para crear interiores arquitect\u00f3nicos c\u00e1lidos, aut\u00e9nticos y atemporales.\",\"breadcrumb\":{\"@id\":\"https:\\\/\\\/xstone.group\\\/es\\\/product\\\/trr-travertin-rustic\\\/#breadcrumb\"},\"inLanguage\":\"es\",\"potentialAction\":[{\"@type\":\"ReadAction\",\"target\":[\"https:\\\/\\\/xstone.group\\\/es\\\/product\\\/trr-travertin-rustic\\\/\"]}]},{\"@type\":\"ImageObject\",\"inLanguage\":\"es\",\"@id\":\"https:\\\/\\\/xstone.group\\\/es\\\/product\\\/trr-travertin-rustic\\\/#primaryimage\",\"url\":\"https:\\\/\\\/xstone.group\\\/wp-content\\\/uploads\\\/2026\\\/01\\\/XStone-Texture-TRR-scaled.webp\",\"contentUrl\":\"https:\\\/\\\/xstone.group\\\/wp-content\\\/uploads\\\/2026\\\/01\\\/XStone-Texture-TRR-scaled.webp\",\"width\":2560,\"height\":1920,\"caption\":\"XStone -Texture - Travertin Rustic\"},{\"@type\":\"BreadcrumbList\",\"@id\":\"https:\\\/\\\/xstone.group\\\/es\\\/product\\\/trr-travertin-rustic\\\/#breadcrumb\",\"itemListElement\":[{\"@type\":\"ListItem\",\"position\":1,\"name\":\"Home\",\"item\":\"https:\\\/\\\/xstone.group\\\/es\\\/\"},{\"@type\":\"ListItem\",\"position\":2,\"name\":\"Productos\",\"item\":\"https:\\\/\\\/xstone.group\\\/es\\\/shop\\\/\"},{\"@type\":\"ListItem\",\"position\":3,\"name\":\"TRR | Travertino R\u00fastico\"}]},{\"@type\":\"WebSite\",\"@id\":\"https:\\\/\\\/xstone.group\\\/es\\\/#website\",\"url\":\"https:\\\/\\\/xstone.group\\\/es\\\/\",\"name\":\"XSTONE\",\"description\":\"Belleza mineral aut\u00e9ntica e ilimitada, sin ataduras por la gravedad\",\"potentialAction\":[{\"@type\":\"SearchAction\",\"target\":{\"@type\":\"EntryPoint\",\"urlTemplate\":\"https:\\\/\\\/xstone.group\\\/es\\\/?s={search_term_string}\"},\"query-input\":{\"@type\":\"PropertyValueSpecification\",\"valueRequired\":true,\"valueName\":\"search_term_string\"}}],\"inLanguage\":\"es\"}]}<\/script>\n<!-- \/ Yoast SEO Premium plugin. -->","yoast_head_json":{"title":"TRR | Travertino R\u00fastico - XSTONE","description":"Descubre Travertin R\u00fastico, una superficie mineral con relieve natural y textura org\u00e1nica, ideal para crear interiores arquitect\u00f3nicos c\u00e1lidos, aut\u00e9nticos y atemporales.","robots":{"index":"index","follow":"follow","max-snippet":"max-snippet:-1","max-image-preview":"max-image-preview:large","max-video-preview":"max-video-preview:-1"},"canonical":"https:\/\/xstone.group\/es\/product\/trr-travertin-rustic\/","og_locale":"es_ES","og_type":"article","og_title":"TRR | Travertino R\u00fastico","og_description":"Descubre Travertin R\u00fastico, una superficie mineral con relieve natural y textura org\u00e1nica, ideal para crear interiores arquitect\u00f3nicos c\u00e1lidos, aut\u00e9nticos y atemporales.","og_url":"https:\/\/xstone.group\/es\/product\/trr-travertin-rustic\/","og_site_name":"XSTONE","article_publisher":"https:\/\/www.facebook.com\/Xstonesurfaces1\/","og_image":[{"width":2560,"height":1920,"url":"https:\/\/xstone.group\/wp-content\/uploads\/2026\/01\/XStone-Texture-TRR-scaled.webp","type":"image\/webp"}],"twitter_card":"summary_large_image","schema":{"@context":"https:\/\/schema.org","@graph":[{"@type":"WebPage","@id":"https:\/\/xstone.group\/es\/product\/trr-travertin-rustic\/","url":"https:\/\/xstone.group\/es\/product\/trr-travertin-rustic\/","name":"TRR | Travertino R\u00fastico - XSTONE","isPartOf":{"@id":"https:\/\/xstone.group\/es\/#website"},"primaryImageOfPage":{"@id":"https:\/\/xstone.group\/es\/product\/trr-travertin-rustic\/#primaryimage"},"image":{"@id":"https:\/\/xstone.group\/es\/product\/trr-travertin-rustic\/#primaryimage"},"thumbnailUrl":"https:\/\/xstone.group\/wp-content\/uploads\/2026\/01\/XStone-Texture-TRR-scaled.webp","datePublished":"2026-01-15T09:50:46+00:00","description":"Descubre Travertin R\u00fastico, una superficie mineral con relieve natural y textura org\u00e1nica, ideal para crear interiores arquitect\u00f3nicos c\u00e1lidos, aut\u00e9nticos y atemporales.","breadcrumb":{"@id":"https:\/\/xstone.group\/es\/product\/trr-travertin-rustic\/#breadcrumb"},"inLanguage":"es","potentialAction":[{"@type":"ReadAction","target":["https:\/\/xstone.group\/es\/product\/trr-travertin-rustic\/"]}]},{"@type":"ImageObject","inLanguage":"es","@id":"https:\/\/xstone.group\/es\/product\/trr-travertin-rustic\/#primaryimage","url":"https:\/\/xstone.group\/wp-content\/uploads\/2026\/01\/XStone-Texture-TRR-scaled.webp","contentUrl":"https:\/\/xstone.group\/wp-content\/uploads\/2026\/01\/XStone-Texture-TRR-scaled.webp","width":2560,"height":1920,"caption":"XStone -Texture - Travertin Rustic"},{"@type":"BreadcrumbList","@id":"https:\/\/xstone.group\/es\/product\/trr-travertin-rustic\/#breadcrumb","itemListElement":[{"@type":"ListItem","position":1,"name":"Home","item":"https:\/\/xstone.group\/es\/"},{"@type":"ListItem","position":2,"name":"Productos","item":"https:\/\/xstone.group\/es\/shop\/"},{"@type":"ListItem","position":3,"name":"TRR | Travertino R\u00fastico"}]},{"@type":"WebSite","@id":"https:\/\/xstone.group\/es\/#website","url":"https:\/\/xstone.group\/es\/","name":"XSTONE","description":"Belleza mineral aut\u00e9ntica e ilimitada, sin ataduras por la gravedad","potentialAction":[{"@type":"SearchAction","target":{"@type":"EntryPoint","urlTemplate":"https:\/\/xstone.group\/es\/?s={search_term_string}"},"query-input":{"@type":"PropertyValueSpecification","valueRequired":true,"valueName":"search_term_string"}}],"inLanguage":"es"}]}},"spectra_custom_meta":{"_last_translation_edit_mode":["translation-editor"],"_wcml_average_rating":[null],"_wcml_review_count":[null],"_wcml_rating_count":[null],"_yoast_wpseo_primary_product_cat":["317"],"_backorders":["no"],"_download_limit":["-1"],"_download_expiry":["-1"],"_downloadable":["no"],"_manage_stock":["no"],"_sku":["TRR"],"_stock_status":["instock"],"_sold_individually":["no"],"_tax_class":[""],"_tax_status":["taxable"],"_virtual":["no"],"total_sales":["0"],"_wpml_media_duplicate":["1"],"_wpml_media_featured":["1"],"stick-header-meta":["default"],"site-sidebar-layout":["default"],"theme-transparent-header-meta":["default"],"ast-site-content-layout":["default"],"site-content-style":["default"],"site-sidebar-style":["default"],"_yoast_wpseo_metadesc":["Descubre Travertin R\u00fastico, una superficie mineral con relieve natural y textura org\u00e1nica, ideal para crear interiores arquitect\u00f3nicos c\u00e1lidos, aut\u00e9nticos y atemporales."],"_yoast_wpseo_focuskw":["superficie mineral travertino r\u00fastico"],"_product_image_gallery":[""],"_thumbnail_id":["24239"],"_product_attributes":["a:2:{s:12:\"pa_thickness\";a:6:{s:4:\"name\";s:12:\"pa_thickness\";s:5:\"value\";s:0:\"\";s:8:\"position\";i:0;s:10:\"is_visible\";i:1;s:12:\"is_variation\";i:0;s:11:\"is_taxonomy\";i:1;}s:14:\"pa_composition\";a:6:{s:4:\"name\";s:14:\"pa_composition\";s:5:\"value\";s:0:\"\";s:8:\"position\";i:1;s:10:\"is_visible\";i:1;s:12:\"is_variation\";i:0;s:11:\"is_taxonomy\";i:1;}}"],"_wpml_word_count":["63"],"two_optimized_date":["1776557085"],"woolentor_views_count_product":["8"],"_uag_css_file_name":["uag-css-24237.css"],"_uag_js_file_name":["uag-js-24237.js"],"tp_widgets":["a:2:{s:7:\"widgets\";a:6:{i:0;s:18:\"plus-list-skeleton\";i:1;s:22:\"plus-listing-load-more\";i:2;s:18:\"plus-listing-metro\";i:3;s:18:\"tp-product-listout\";i:4;s:17:\"tp-single-style_1\";i:5;s:19:\"tp-woo-single-image\";}s:9:\"update_at\";s:10:\"1776541402\";}"],"_elementor_edit_mode":["builder"],"_selectproduct_layout":["16389"],"_elementor_page_assets":["a:0:{}"],"_elementor_css":["a:7:{s:4:\"time\";i:1776642191;s:5:\"fonts\";a:0:{}s:5:\"icons\";a:0:{}s:20:\"dynamic_elements_ids\";a:0:{}s:6:\"status\";s:5:\"empty\";i:0;s:0:\"\";s:3:\"css\";s:0:\"\";}"],"_wc_rating_count":[""],"_wc_review_count":[""],"_wc_average_rating":[0]},"uagb_featured_image_src":{"full":["https:\/\/xstone.group\/wp-content\/uploads\/2026\/01\/XStone-Texture-TRR-scaled.webp",2560,1920,false],"thumbnail":["https:\/\/xstone.group\/wp-content\/uploads\/2026\/01\/XStone-Texture-TRR-150x150.webp",150,150,true],"medium":["https:\/\/xstone.group\/wp-content\/uploads\/2026\/01\/XStone-Texture-TRR-300x225.webp",300,225,true],"medium_large":["https:\/\/xstone.group\/wp-content\/uploads\/2026\/01\/XStone-Texture-TRR-768x576.webp",768,576,true],"large":["https:\/\/xstone.group\/wp-content\/uploads\/2026\/01\/XStone-Texture-TRR-1024x768.webp",1024,768,true],"1536x1536":["https:\/\/xstone.group\/wp-content\/uploads\/2026\/01\/XStone-Texture-TRR-1536x1152.webp",1536,1152,true],"2048x2048":["https:\/\/xstone.group\/wp-content\/uploads\/2026\/01\/XStone-Texture-TRR-2048x1536.webp",2048,1536,true],"tp-image-grid":["https:\/\/xstone.group\/wp-content\/uploads\/2026\/01\/XStone-Texture-TRR-700x700.webp",700,700,true],"tenweb_optimizer_mobile":["https:\/\/xstone.group\/wp-content\/uploads\/2026\/01\/XStone-Texture-TRR-600x450.webp",600,450,true],"tenweb_optimizer_tablet":["https:\/\/xstone.group\/wp-content\/uploads\/2026\/01\/XStone-Texture-TRR-768x576.webp",768,576,true],"woocommerce_thumbnail":["https:\/\/xstone.group\/wp-content\/uploads\/2026\/01\/XStone-Texture-TRR-300x300.webp",300,300,true],"woocommerce_single":["https:\/\/xstone.group\/wp-content\/uploads\/2026\/01\/XStone-Texture-TRR-600x450.webp",600,450,true],"woocommerce_gallery_thumbnail":["https:\/\/xstone.group\/wp-content\/uploads\/2026\/01\/XStone-Texture-TRR-100x100.webp",100,100,true]},"uagb_author_info":{"display_name":"laurent.gomez@xstone.group","author_link":"https:\/\/xstone.group\/es\/author\/"},"uagb_comment_info":0,"uagb_excerpt":"Travertin R\u00fastico revela una superficie cruda y org\u00e1nica moldeada por el tiempo, donde las sutiles cavidades, los suaves relieves y las irregularidades naturales crean un material vivo y t\u00e1ctil que se siente aut\u00e9ntico y arquitect\u00f3nico a la vez, dando a cada superficie profundidad, car\u00e1cter y una sensaci\u00f3n de elegancia mineral atemporal.","_links":{"self":[{"href":"https:\/\/xstone.group\/es\/wp-json\/wp\/v2\/product\/24237","targetHints":{"allow":["GET"]}}],"collection":[{"href":"https:\/\/xstone.group\/es\/wp-json\/wp\/v2\/product"}],"about":[{"href":"https:\/\/xstone.group\/es\/wp-json\/wp\/v2\/types\/product"}],"replies":[{"embeddable":true,"href":"https:\/\/xstone.group\/es\/wp-json\/wp\/v2\/comments?post=24237"}],"wp:featuredmedia":[{"embeddable":true,"href":"https:\/\/xstone.group\/es\/wp-json\/wp\/v2\/media\/24239"}],"wp:attachment":[{"href":"https:\/\/xstone.group\/es\/wp-json\/wp\/v2\/media?parent=24237"}],"wp:term":[{"taxonomy":"product_brand","embeddable":true,"href":"https:\/\/xstone.group\/es\/wp-json\/wp\/v2\/product_brand?post=24237"},{"taxonomy":"product_cat","embeddable":true,"href":"https:\/\/xstone.group\/es\/wp-json\/wp\/v2\/product_cat?post=24237"},{"taxonomy":"product_tag","embeddable":true,"href":"https:\/\/xstone.group\/es\/wp-json\/wp\/v2\/product_tag?post=24237"}],"curies":[{"name":"wp","href":"https:\/\/api.w.org\/{rel}","templated":true}]}}