{"id":25370,"date":"2025-11-29T19:42:37","date_gmt":"2025-11-29T19:42:37","guid":{"rendered":"https:\/\/xstone.group\/product\/vas-veroboard-allstar-a2\/"},"modified":"2025-11-29T19:42:37","modified_gmt":"2025-11-29T19:42:37","slug":"vas-veroboard-allstar-a2","status":"publish","type":"product","link":"https:\/\/xstone.group\/es\/product\/vas-veroboard-allstar-a2\/","title":{"rendered":"VAS | Veroboard Allstar A2"},"content":{"rendered":"<p>Veroboard\u00ae AllStar es un tablero portante ligero clasificado A2-s1,d0 dise\u00f1ado para aplicaciones tanto interiores como exteriores, que combina bajo peso, incombustibilidad, resistencia mec\u00e1nica y estabilidad dimensional. Su funci\u00f3n principal es actuar como sustrato vers\u00e1til capaz de soportar una amplia gama de sistemas de acabado sin a\u00f1adir carga muerta innecesaria a la estructura. <\/p>\n<p data-start=\"498\" data-end=\"958\">Cuando se combina con el laminado mineral XSTONE, el panel se convierte en un sistema compuesto de alto rendimiento en el que Veroboard aporta integridad estructural, estabilidad y facilidad de instalaci\u00f3n, mientras que el laminado mineral XSTONE proporciona a la superficie final un aspecto de piedra aut\u00e9ntica, textura mineral y mayor resistencia superficial. Esta integraci\u00f3n permite reproducir materiales minerales naturales en una soluci\u00f3n ligera, flexible y t\u00e9cnicamente eficiente. <\/p>\n<p data-start=\"960\" data-end=\"1321\">El sistema ofrece un f\u00e1cil manejo, flexibilidad para superficies curvas, excelente resistencia al agrietamiento y al impacto, y una deformaci\u00f3n t\u00e9rmica e higrom\u00e9trica extremadamente baja, garantizando juntas precisas y acabados sin juntas. Es especialmente adecuado para fachadas, proyectos de renovaci\u00f3n, zonas h\u00famedas, construcciones de madera y aplicaciones compuestas que requieran acabados minerales de primera calidad. <\/p>\n","protected":false},"excerpt":{"rendered":"<p>Veroboard\u00ae AllStar es un tablero portante ligero clasificado A2-s1,d0 dise\u00f1ado para aplicaciones tanto interiores como exteriores, que combina bajo peso, incombustibilidad, resistencia mec\u00e1nica y estabilidad dimensional. Su funci\u00f3n principal es actuar como sustrato vers\u00e1til capaz de soportar una amplia gama de sistemas de acabado sin a\u00f1adir carga muerta innecesaria a la estructura. Cuando se combina [&hellip;]<\/p>\n","protected":false},"featured_media":25380,"comment_status":"open","ping_status":"closed","template":"","meta":{"_acf_changed":false,"_uag_custom_page_level_css":"","site-sidebar-layout":"default","site-content-layout":"","ast-site-content-layout":"default","site-content-style":"default","site-sidebar-style":"default","ast-global-header-display":"","ast-banner-title-visibility":"","ast-main-header-display":"","ast-hfb-above-header-display":"","ast-hfb-below-header-display":"","ast-hfb-mobile-header-display":"","site-post-title":"","ast-breadcrumbs-content":"","ast-featured-img":"","footer-sml-layout":"","theme-transparent-header-meta":"default","adv-header-id-meta":"","stick-header-meta":"default","header-above-stick-meta":"","header-main-stick-meta":"","header-below-stick-meta":"","astra-migrate-meta-layouts":"default","ast-page-background-enabled":"default","ast-page-background-meta":{"desktop":{"background-color":"var(--ast-global-color-4)","background-image":"","background-repeat":"repeat","background-position":"center center","background-size":"auto","background-attachment":"scroll","background-type":"","background-media":"","overlay-type":"","overlay-color":"","overlay-opacity":"","overlay-gradient":""},"tablet":{"background-color":"","background-image":"","background-repeat":"repeat","background-position":"center center","background-size":"auto","background-attachment":"scroll","background-type":"","background-media":"","overlay-type":"","overlay-color":"","overlay-opacity":"","overlay-gradient":""},"mobile":{"background-color":"","background-image":"","background-repeat":"repeat","background-position":"center center","background-size":"auto","background-attachment":"scroll","background-type":"","background-media":"","overlay-type":"","overlay-color":"","overlay-opacity":"","overlay-gradient":""}},"ast-content-background-meta":{"desktop":{"background-color":"var(--ast-global-color-5)","background-image":"","background-repeat":"repeat","background-position":"center center","background-size":"auto","background-attachment":"scroll","background-type":"","background-media":"","overlay-type":"","overlay-color":"","overlay-opacity":"","overlay-gradient":""},"tablet":{"background-color":"var(--ast-global-color-5)","background-image":"","background-repeat":"repeat","background-position":"center center","background-size":"auto","background-attachment":"scroll","background-type":"","background-media":"","overlay-type":"","overlay-color":"","overlay-opacity":"","overlay-gradient":""},"mobile":{"background-color":"var(--ast-global-color-5)","background-image":"","background-repeat":"repeat","background-position":"center center","background-size":"auto","background-attachment":"scroll","background-type":"","background-media":"","overlay-type":"","overlay-color":"","overlay-opacity":"","overlay-gradient":""}}},"product_brand":[],"product_cat":[2372],"product_tag":[5912,9205,9211,9204,9212,9201,9206,9210,9202,9213,7573,9199,9203,9214,9208,9207,9200,9209],"class_list":{"0":"post-25370","1":"product","2":"type-product","3":"status-publish","4":"has-post-thumbnail","6":"product_cat-backing","7":"product_tag-comp-backing-15498","8":"product_tag-sustainable-construction","9":"product_tag-low-voc-material","10":"product_tag-composite-building-material","11":"product_tag-eco-friendly-building-material","12":"product_tag-non-combustible-material","13":"product_tag-recycled-glass-core","14":"product_tag-crack-resistant-panel","15":"product_tag-architectural-panel","16":"product_tag-advanced-construction-panel","17":"product_tag-interior-wall-panel","18":"product_tag-lightweight-panel","19":"product_tag-facade-cladding-system","20":"product_tag-design-surface-solution","21":"product_tag-stone-effect-surface","22":"product_tag-high-performance-substrate","23":"product_tag-a2-fire-rated-board","24":"product_tag-impact-resistant-board","25":"desktop-align-left","26":"tablet-align-left","27":"mobile-align-left","29":"first","30":"instock","31":"shipping-taxable","32":"product-type-simple"},"acf":[],"yoast_head":"<!-- This site is optimized with the Yoast SEO Premium plugin v27.4 (Yoast SEO v27.4) - https:\/\/yoast.com\/product\/yoast-seo-premium-wordpress\/ -->\n<title>VAS | Veroboard Allstar A2 - XSTONE<\/title>\n<meta name=\"description\" content=\"Veroboard\u00ae AllStar es un tablero portante ligero de clasificaci\u00f3n A2 dise\u00f1ado para uso interior y exterior. Su n\u00facleo est\u00e1 hecho de granulado de vidrio expandido\" \/>\n<meta name=\"robots\" content=\"index, follow, max-snippet:-1, max-image-preview:large, max-video-preview:-1\" \/>\n<link rel=\"canonical\" href=\"https:\/\/xstone.group\/es\/product\/vas-veroboard-allstar-a2\/\" \/>\n<meta property=\"og:locale\" content=\"es_ES\" \/>\n<meta property=\"og:type\" content=\"article\" \/>\n<meta property=\"og:title\" content=\"VAS | Veroboard Allstar A2\" \/>\n<meta property=\"og:description\" content=\"Veroboard\u00ae AllStar es un tablero portante ligero de clasificaci\u00f3n A2 dise\u00f1ado para uso interior y exterior. Su n\u00facleo est\u00e1 hecho de granulado de vidrio expandido\" \/>\n<meta property=\"og:url\" content=\"https:\/\/xstone.group\/es\/product\/vas-veroboard-allstar-a2\/\" \/>\n<meta property=\"og:site_name\" content=\"XSTONE\" \/>\n<meta property=\"article:publisher\" content=\"https:\/\/www.facebook.com\/Xstonesurfaces1\/\" \/>\n<meta property=\"og:image\" content=\"https:\/\/xstone.group\/wp-content\/uploads\/2025\/11\/Veroboard-Allstar-A2-scaled.webp\" \/>\n\t<meta property=\"og:image:width\" content=\"2560\" \/>\n\t<meta property=\"og:image:height\" content=\"2560\" \/>\n\t<meta property=\"og:image:type\" content=\"image\/webp\" \/>\n<meta name=\"twitter:card\" content=\"summary_large_image\" \/>\n<meta name=\"twitter:label1\" content=\"Tiempo de lectura\" \/>\n\t<meta name=\"twitter:data1\" content=\"1 minuto\" \/>\n<script type=\"application\/ld+json\" class=\"yoast-schema-graph\">{\"@context\":\"https:\\\/\\\/schema.org\",\"@graph\":[{\"@type\":\"WebPage\",\"@id\":\"https:\\\/\\\/xstone.group\\\/es\\\/product\\\/vas-veroboard-allstar-a2\\\/\",\"url\":\"https:\\\/\\\/xstone.group\\\/es\\\/product\\\/vas-veroboard-allstar-a2\\\/\",\"name\":\"VAS | Veroboard Allstar A2 - XSTONE\",\"isPartOf\":{\"@id\":\"https:\\\/\\\/xstone.group\\\/es\\\/#website\"},\"primaryImageOfPage\":{\"@id\":\"https:\\\/\\\/xstone.group\\\/es\\\/product\\\/vas-veroboard-allstar-a2\\\/#primaryimage\"},\"image\":{\"@id\":\"https:\\\/\\\/xstone.group\\\/es\\\/product\\\/vas-veroboard-allstar-a2\\\/#primaryimage\"},\"thumbnailUrl\":\"https:\\\/\\\/xstone.group\\\/wp-content\\\/uploads\\\/2025\\\/11\\\/Veroboard-Allstar-A2-scaled.webp\",\"datePublished\":\"2025-11-29T19:42:37+00:00\",\"description\":\"Veroboard\u00ae AllStar es un tablero portante ligero de clasificaci\u00f3n A2 dise\u00f1ado para uso interior y exterior. Su n\u00facleo est\u00e1 hecho de granulado de vidrio expandido\",\"breadcrumb\":{\"@id\":\"https:\\\/\\\/xstone.group\\\/es\\\/product\\\/vas-veroboard-allstar-a2\\\/#breadcrumb\"},\"inLanguage\":\"es\",\"potentialAction\":[{\"@type\":\"ReadAction\",\"target\":[\"https:\\\/\\\/xstone.group\\\/es\\\/product\\\/vas-veroboard-allstar-a2\\\/\"]}]},{\"@type\":\"ImageObject\",\"inLanguage\":\"es\",\"@id\":\"https:\\\/\\\/xstone.group\\\/es\\\/product\\\/vas-veroboard-allstar-a2\\\/#primaryimage\",\"url\":\"https:\\\/\\\/xstone.group\\\/wp-content\\\/uploads\\\/2025\\\/11\\\/Veroboard-Allstar-A2-scaled.webp\",\"contentUrl\":\"https:\\\/\\\/xstone.group\\\/wp-content\\\/uploads\\\/2025\\\/11\\\/Veroboard-Allstar-A2-scaled.webp\",\"width\":2560,\"height\":2560},{\"@type\":\"BreadcrumbList\",\"@id\":\"https:\\\/\\\/xstone.group\\\/es\\\/product\\\/vas-veroboard-allstar-a2\\\/#breadcrumb\",\"itemListElement\":[{\"@type\":\"ListItem\",\"position\":1,\"name\":\"Home\",\"item\":\"https:\\\/\\\/xstone.group\\\/es\\\/\"},{\"@type\":\"ListItem\",\"position\":2,\"name\":\"Productos\",\"item\":\"https:\\\/\\\/xstone.group\\\/es\\\/shop\\\/\"},{\"@type\":\"ListItem\",\"position\":3,\"name\":\"VAS | Veroboard Allstar A2\"}]},{\"@type\":\"WebSite\",\"@id\":\"https:\\\/\\\/xstone.group\\\/es\\\/#website\",\"url\":\"https:\\\/\\\/xstone.group\\\/es\\\/\",\"name\":\"XSTONE\",\"description\":\"Belleza mineral aut\u00e9ntica e ilimitada, sin ataduras por la gravedad\",\"potentialAction\":[{\"@type\":\"SearchAction\",\"target\":{\"@type\":\"EntryPoint\",\"urlTemplate\":\"https:\\\/\\\/xstone.group\\\/es\\\/?s={search_term_string}\"},\"query-input\":{\"@type\":\"PropertyValueSpecification\",\"valueRequired\":true,\"valueName\":\"search_term_string\"}}],\"inLanguage\":\"es\"}]}<\/script>\n<!-- \/ Yoast SEO Premium plugin. -->","yoast_head_json":{"title":"VAS | Veroboard Allstar A2 - XSTONE","description":"Veroboard\u00ae AllStar es un tablero portante ligero de clasificaci\u00f3n A2 dise\u00f1ado para uso interior y exterior. Su n\u00facleo est\u00e1 hecho de granulado de vidrio expandido","robots":{"index":"index","follow":"follow","max-snippet":"max-snippet:-1","max-image-preview":"max-image-preview:large","max-video-preview":"max-video-preview:-1"},"canonical":"https:\/\/xstone.group\/es\/product\/vas-veroboard-allstar-a2\/","og_locale":"es_ES","og_type":"article","og_title":"VAS | Veroboard Allstar A2","og_description":"Veroboard\u00ae AllStar es un tablero portante ligero de clasificaci\u00f3n A2 dise\u00f1ado para uso interior y exterior. Su n\u00facleo est\u00e1 hecho de granulado de vidrio expandido","og_url":"https:\/\/xstone.group\/es\/product\/vas-veroboard-allstar-a2\/","og_site_name":"XSTONE","article_publisher":"https:\/\/www.facebook.com\/Xstonesurfaces1\/","og_image":[{"width":2560,"height":2560,"url":"https:\/\/xstone.group\/wp-content\/uploads\/2025\/11\/Veroboard-Allstar-A2-scaled.webp","type":"image\/webp"}],"twitter_card":"summary_large_image","twitter_misc":{"Tiempo de lectura":"1 minuto"},"schema":{"@context":"https:\/\/schema.org","@graph":[{"@type":"WebPage","@id":"https:\/\/xstone.group\/es\/product\/vas-veroboard-allstar-a2\/","url":"https:\/\/xstone.group\/es\/product\/vas-veroboard-allstar-a2\/","name":"VAS | Veroboard Allstar A2 - XSTONE","isPartOf":{"@id":"https:\/\/xstone.group\/es\/#website"},"primaryImageOfPage":{"@id":"https:\/\/xstone.group\/es\/product\/vas-veroboard-allstar-a2\/#primaryimage"},"image":{"@id":"https:\/\/xstone.group\/es\/product\/vas-veroboard-allstar-a2\/#primaryimage"},"thumbnailUrl":"https:\/\/xstone.group\/wp-content\/uploads\/2025\/11\/Veroboard-Allstar-A2-scaled.webp","datePublished":"2025-11-29T19:42:37+00:00","description":"Veroboard\u00ae AllStar es un tablero portante ligero de clasificaci\u00f3n A2 dise\u00f1ado para uso interior y exterior. Su n\u00facleo est\u00e1 hecho de granulado de vidrio expandido","breadcrumb":{"@id":"https:\/\/xstone.group\/es\/product\/vas-veroboard-allstar-a2\/#breadcrumb"},"inLanguage":"es","potentialAction":[{"@type":"ReadAction","target":["https:\/\/xstone.group\/es\/product\/vas-veroboard-allstar-a2\/"]}]},{"@type":"ImageObject","inLanguage":"es","@id":"https:\/\/xstone.group\/es\/product\/vas-veroboard-allstar-a2\/#primaryimage","url":"https:\/\/xstone.group\/wp-content\/uploads\/2025\/11\/Veroboard-Allstar-A2-scaled.webp","contentUrl":"https:\/\/xstone.group\/wp-content\/uploads\/2025\/11\/Veroboard-Allstar-A2-scaled.webp","width":2560,"height":2560},{"@type":"BreadcrumbList","@id":"https:\/\/xstone.group\/es\/product\/vas-veroboard-allstar-a2\/#breadcrumb","itemListElement":[{"@type":"ListItem","position":1,"name":"Home","item":"https:\/\/xstone.group\/es\/"},{"@type":"ListItem","position":2,"name":"Productos","item":"https:\/\/xstone.group\/es\/shop\/"},{"@type":"ListItem","position":3,"name":"VAS | Veroboard Allstar A2"}]},{"@type":"WebSite","@id":"https:\/\/xstone.group\/es\/#website","url":"https:\/\/xstone.group\/es\/","name":"XSTONE","description":"Belleza mineral aut\u00e9ntica e ilimitada, sin ataduras por la gravedad","potentialAction":[{"@type":"SearchAction","target":{"@type":"EntryPoint","urlTemplate":"https:\/\/xstone.group\/es\/?s={search_term_string}"},"query-input":{"@type":"PropertyValueSpecification","valueRequired":true,"valueName":"search_term_string"}}],"inLanguage":"es"}]}},"spectra_custom_meta":{"_last_translation_edit_mode":["translation-editor"],"_product_attributes":["a:5:{s:8:\"features\";a:6:{s:4:\"name\";s:8:\"Features\";s:5:\"value\";s:188:\"Ligero y f\u00e1cil de manejar. Elevada resistencia mec\u00e1nica y al impacto. Excelente resistencia a las grietas y estabilidad dimensional. Adecuado para aplicaciones interiores y exteriores   \";s:8:\"position\";i:0;s:10:\"is_visible\";i:1;s:12:\"is_variation\";i:0;s:11:\"is_taxonomy\";i:0;}s:4:\"size\";a:6:{s:4:\"name\";s:4:\"Size\";s:5:\"value\";s:79:\"1200 \u00d7 800 mm, 2400 \u00d7 1200 mm, 2600 \u00d7 1250 mm; Tama\u00f1os a medida bajo pedido\";s:8:\"position\";i:1;s:10:\"is_visible\";i:1;s:12:\"is_variation\";i:0;s:11:\"is_taxonomy\";i:0;}s:9:\"thickness\";a:6:{s:4:\"name\";s:9:\"Thickness\";s:5:\"value\";s:26:\"8 mm, 10 mm, 12 mm y 20 mm\";s:8:\"position\";i:2;s:10:\"is_visible\";i:1;s:12:\"is_variation\";i:0;s:11:\"is_taxonomy\";i:0;}s:11:\"fire-rating\";a:6:{s:4:\"name\";s:11:\"Fire rating\";s:5:\"value\";s:8:\"A2-s1,d0\";s:8:\"position\";i:3;s:10:\"is_visible\";i:1;s:12:\"is_variation\";i:0;s:11:\"is_taxonomy\";i:0;}s:11:\"composition\";a:6:{s:4:\"name\";s:11:\"Composition\";s:5:\"value\";s:149:\"N\u00facleo de granulado de vidrio reciclado expandido + aglutinantes a base de resinas reactivas u org\u00e1nicas + malla de fibra de vidrio en ambas caras.\";s:8:\"position\";i:4;s:10:\"is_visible\";i:1;s:12:\"is_variation\";i:0;s:11:\"is_taxonomy\";i:0;}}"],"attr_label_translations":["a:1:{s:2:\"es\";a:5:{s:8:\"features\";s:16:\"Caracter\u00edsticas\";s:4:\"size\";s:5:\"Talla\";s:9:\"thickness\";s:7:\"Espesor\";s:11:\"fire-rating\";s:23:\"Clasificaci\u00f3n al fuego\";s:11:\"composition\";s:12:\"Composici\u00f3n\";}}"],"_wcml_average_rating":[null],"_wcml_review_count":[null],"_wcml_rating_count":[null],"_yoast_wpseo_primary_product_cat":["331"],"_backorders":["no"],"_download_limit":["-1"],"_download_expiry":["-1"],"_downloadable":["no"],"_manage_stock":["no"],"_sku":["VAS"],"_stock_status":["instock"],"_sold_individually":["no"],"_tax_class":[""],"_tax_status":["taxable"],"_virtual":["no"],"total_sales":["0"],"_wpml_media_duplicate":["1"],"_wpml_media_featured":["1"],"stick-header-meta":["default"],"site-sidebar-layout":["default"],"theme-transparent-header-meta":["default"],"ast-site-content-layout":["default"],"site-content-style":["default"],"site-sidebar-style":["default"],"_yoast_wpseo_metadesc":["Veroboard\u00ae AllStar es un tablero portante ligero de clasificaci\u00f3n A2 dise\u00f1ado para uso interior y exterior. Su n\u00facleo est\u00e1 hecho de granulado de vidrio expandido"],"_yoast_wpseo_focuskw":["panel ign\u00edfugo interior exterior"],"_thumbnail_id":["25380"],"_wpml_word_count":["232"],"_elementor_edit_mode":["builder"],"_selectproduct_layout":["18862"],"two_optimized_date":["1776515783"],"woolentor_views_count_product":["8"],"_uag_css_file_name":["uag-css-25370.css"],"_uag_js_file_name":["uag-js-25370.js"],"tp_widgets":["a:2:{s:7:\"widgets\";a:6:{i:0;s:18:\"plus-list-skeleton\";i:1;s:22:\"plus-listing-load-more\";i:2;s:18:\"plus-listing-metro\";i:3;s:18:\"tp-product-listout\";i:4;s:17:\"tp-single-style_1\";i:5;s:19:\"tp-woo-single-image\";}s:9:\"update_at\";s:10:\"1776541402\";}"],"_elementor_page_assets":["a:0:{}"],"_elementor_css":["a:7:{s:4:\"time\";i:1776683646;s:5:\"fonts\";a:0:{}s:5:\"icons\";a:0:{}s:20:\"dynamic_elements_ids\";a:0:{}s:6:\"status\";s:5:\"empty\";i:0;s:0:\"\";s:3:\"css\";s:0:\"\";}"],"_wc_rating_count":[""],"_wc_review_count":[""],"_wc_average_rating":[0]},"uagb_featured_image_src":{"full":["https:\/\/xstone.group\/wp-content\/uploads\/2025\/11\/Veroboard-Allstar-A2-scaled.webp",2560,2560,false],"thumbnail":["https:\/\/xstone.group\/wp-content\/uploads\/2025\/11\/Veroboard-Allstar-A2-150x150.webp",150,150,true],"medium":["https:\/\/xstone.group\/wp-content\/uploads\/2025\/11\/Veroboard-Allstar-A2-300x300.webp",300,300,true],"medium_large":["https:\/\/xstone.group\/wp-content\/uploads\/2025\/11\/Veroboard-Allstar-A2-768x768.webp",768,768,true],"large":["https:\/\/xstone.group\/wp-content\/uploads\/2025\/11\/Veroboard-Allstar-A2-1024x1024.webp",1024,1024,true],"1536x1536":["https:\/\/xstone.group\/wp-content\/uploads\/2025\/11\/Veroboard-Allstar-A2-1536x1536.webp",1536,1536,true],"2048x2048":["https:\/\/xstone.group\/wp-content\/uploads\/2025\/11\/Veroboard-Allstar-A2-2048x2048.webp",2048,2048,true],"tp-image-grid":["https:\/\/xstone.group\/wp-content\/uploads\/2025\/11\/Veroboard-Allstar-A2-scaled.webp",700,700,false],"tenweb_optimizer_mobile":["https:\/\/xstone.group\/wp-content\/uploads\/2025\/11\/Veroboard-Allstar-A2-600x600.webp",600,600,true],"tenweb_optimizer_tablet":["https:\/\/xstone.group\/wp-content\/uploads\/2025\/11\/Veroboard-Allstar-A2-768x768.webp",768,768,true],"woocommerce_thumbnail":["https:\/\/xstone.group\/wp-content\/uploads\/2025\/11\/Veroboard-Allstar-A2-300x300.webp",300,300,true],"woocommerce_single":["https:\/\/xstone.group\/wp-content\/uploads\/2025\/11\/Veroboard-Allstar-A2-600x600.webp",600,600,true],"woocommerce_gallery_thumbnail":["https:\/\/xstone.group\/wp-content\/uploads\/2025\/11\/Veroboard-Allstar-A2-100x100.webp",100,100,true]},"uagb_author_info":{"display_name":"laurent.gomez@xstone.group","author_link":"https:\/\/xstone.group\/es\/author\/"},"uagb_comment_info":0,"uagb_excerpt":"Veroboard\u00ae AllStar es un tablero portante ligero clasificado A2-s1,d0 dise\u00f1ado para aplicaciones tanto interiores como exteriores, que combina bajo peso, incombustibilidad, resistencia mec\u00e1nica y estabilidad dimensional. Su funci\u00f3n principal es actuar como sustrato vers\u00e1til capaz de soportar una amplia gama de sistemas de acabado sin a\u00f1adir carga muerta innecesaria a la estructura. Cuando se combina&hellip;","_links":{"self":[{"href":"https:\/\/xstone.group\/es\/wp-json\/wp\/v2\/product\/25370","targetHints":{"allow":["GET"]}}],"collection":[{"href":"https:\/\/xstone.group\/es\/wp-json\/wp\/v2\/product"}],"about":[{"href":"https:\/\/xstone.group\/es\/wp-json\/wp\/v2\/types\/product"}],"replies":[{"embeddable":true,"href":"https:\/\/xstone.group\/es\/wp-json\/wp\/v2\/comments?post=25370"}],"wp:featuredmedia":[{"embeddable":true,"href":"https:\/\/xstone.group\/es\/wp-json\/wp\/v2\/media\/25380"}],"wp:attachment":[{"href":"https:\/\/xstone.group\/es\/wp-json\/wp\/v2\/media?parent=25370"}],"wp:term":[{"taxonomy":"product_brand","embeddable":true,"href":"https:\/\/xstone.group\/es\/wp-json\/wp\/v2\/product_brand?post=25370"},{"taxonomy":"product_cat","embeddable":true,"href":"https:\/\/xstone.group\/es\/wp-json\/wp\/v2\/product_cat?post=25370"},{"taxonomy":"product_tag","embeddable":true,"href":"https:\/\/xstone.group\/es\/wp-json\/wp\/v2\/product_tag?post=25370"}],"curies":[{"name":"wp","href":"https:\/\/api.w.org\/{rel}","templated":true}]}}