{"id":25910,"date":"2025-12-03T13:16:45","date_gmt":"2025-12-03T13:16:45","guid":{"rendered":"https:\/\/xstone.group\/product\/ecu-ecuran-smo-liso-10062-antracita\/"},"modified":"2025-12-03T13:16:45","modified_gmt":"2025-12-03T13:16:45","slug":"ecusmo10062-floor-ecuran-smooth-anthracite","status":"publish","type":"product","link":"https:\/\/xstone.group\/es\/product\/ecusmo10062-floor-ecuran-smooth-anthracite\/","title":{"rendered":"[ECU] Ecuran [SMO] Liso [10062] Antracita"},"content":{"rendered":"<p class=\"font-claude-response-body break-words whitespace-normal leading-[1.7]\">Algunas superficies simplemente dominan la habitaci\u00f3n. \u00c9sta es una de ellas. <\/p>\n<p class=\"font-claude-response-body break-words whitespace-normal leading-[1.7]\">XSTONE Floor Ecuran Liso Antracita es un sistema de suelo el\u00e1stico sostenible en el que la precisi\u00f3n mineral se une a la intensidad arquitect\u00f3nica. La textura Liso -una veta mineral tranquila y aterciopelada con variaciones naturales apenas perceptibles- se convierte, en Antracita, en algo mucho m\u00e1s poderoso: un profundo y fr\u00edo gris acero azulado que se impone con la tranquila autoridad de la piedra sedimentaria comprimida. <\/p>\n<p class=\"font-claude-response-body break-words whitespace-normal leading-[1.7]\">Bajo la luz rasante, se revelan sutiles variaciones de densidad, microrrelieves que rompen la uniformidad crom\u00e1tica lo suficiente para recordarte que se trata de una superficie viva, no de una imitaci\u00f3n fabricada. El resultado es un suelo de piedra mineral oscura que transmite profundidad, sobriedad y una intenci\u00f3n de dise\u00f1o inconfundible. <\/p>\n<p class=\"font-claude-response-body break-words whitespace-normal leading-[1.7]\">Bajo la superficie, el n\u00facleo de biocompuesto Ecuran dise\u00f1a un perfil de rendimiento que coincide con la ambici\u00f3n visual: Sin PVC, sin disolventes y formulado a partir de aceites vegetales y minerales naturales. Certificado Bfl-s1 de seguridad contra incendios y avalado por las certificaciones Blue Angel, Cradle to Cradle y GREENGUARD, este sistema est\u00e1 hecho para las exigencias de la hosteler\u00eda, la venta al por menor de primera calidad y los espacios comerciales de alta gama, all\u00ed donde la convicci\u00f3n en el dise\u00f1o y la excelencia t\u00e9cnica deben ocupar el mismo suelo. <\/p>\n<p class=\"font-claude-response-body break-words whitespace-normal leading-[1.7]\">Para los proyectos contempor\u00e1neos, industriales y de inspiraci\u00f3n brutalista que buscan una superficie que hable sin alzar la voz, \u00e9sta es la respuesta.<\/p>\n","protected":false},"excerpt":{"rendered":"<p>Algunas superficies simplemente dominan la habitaci\u00f3n. \u00c9sta es una de ellas. XSTONE Floor Ecuran Liso Antracita es un sistema de suelo el\u00e1stico sostenible en el que la precisi\u00f3n mineral se une a la intensidad arquitect\u00f3nica. La textura Liso -una veta mineral tranquila y aterciopelada con variaciones naturales apenas perceptibles- se convierte, en Antracita, en algo [&hellip;]<\/p>\n","protected":false},"featured_media":25933,"comment_status":"open","ping_status":"closed","template":"","meta":{"_acf_changed":false,"_uag_custom_page_level_css":"","site-sidebar-layout":"default","site-content-layout":"","ast-site-content-layout":"default","site-content-style":"default","site-sidebar-style":"default","ast-global-header-display":"","ast-banner-title-visibility":"","ast-main-header-display":"","ast-hfb-above-header-display":"","ast-hfb-below-header-display":"","ast-hfb-mobile-header-display":"","site-post-title":"","ast-breadcrumbs-content":"","ast-featured-img":"","footer-sml-layout":"","theme-transparent-header-meta":"default","adv-header-id-meta":"","stick-header-meta":"default","header-above-stick-meta":"","header-main-stick-meta":"","header-below-stick-meta":"","astra-migrate-meta-layouts":"default","ast-page-background-enabled":"default","ast-page-background-meta":{"desktop":{"background-color":"var(--ast-global-color-4)","background-image":"","background-repeat":"repeat","background-position":"center center","background-size":"auto","background-attachment":"scroll","background-type":"","background-media":"","overlay-type":"","overlay-color":"","overlay-opacity":"","overlay-gradient":""},"tablet":{"background-color":"","background-image":"","background-repeat":"repeat","background-position":"center center","background-size":"auto","background-attachment":"scroll","background-type":"","background-media":"","overlay-type":"","overlay-color":"","overlay-opacity":"","overlay-gradient":""},"mobile":{"background-color":"","background-image":"","background-repeat":"repeat","background-position":"center center","background-size":"auto","background-attachment":"scroll","background-type":"","background-media":"","overlay-type":"","overlay-color":"","overlay-opacity":"","overlay-gradient":""}},"ast-content-background-meta":{"desktop":{"background-color":"var(--ast-global-color-5)","background-image":"","background-repeat":"repeat","background-position":"center center","background-size":"auto","background-attachment":"scroll","background-type":"","background-media":"","overlay-type":"","overlay-color":"","overlay-opacity":"","overlay-gradient":""},"tablet":{"background-color":"var(--ast-global-color-5)","background-image":"","background-repeat":"repeat","background-position":"center center","background-size":"auto","background-attachment":"scroll","background-type":"","background-media":"","overlay-type":"","overlay-color":"","overlay-opacity":"","overlay-gradient":""},"mobile":{"background-color":"var(--ast-global-color-5)","background-image":"","background-repeat":"repeat","background-position":"center center","background-size":"auto","background-attachment":"scroll","background-type":"","background-media":"","overlay-type":"","overlay-color":"","overlay-opacity":"","overlay-gradient":""}}},"product_brand":[],"product_cat":[1510,1503,1499,1517,1507],"product_tag":[9503,2773,3702,1640,3866,9507,9501,9508,3867,9505,9506,3703,9504],"class_list":{"0":"post-25910","1":"product","2":"type-product","3":"status-publish","4":"has-post-thumbnail","6":"product_cat-bathroom","7":"product_cat-retail-design","8":"product_cat-signature","9":"product_cat-office","10":"product_cat-floor","11":"product_tag-anthracite-floor-tile","12":"product_tag-comp-color-18248","13":"product_tag-comp-backing-15492","14":"product_tag-comp-texture-16911","15":"product_tag-flexible-stone-floor-panel","16":"product_tag-industrial-interior-flooring","17":"product_tag-dark-mineral-stone-flooring","18":"product_tag-leed-certified-dark-floor","19":"product_tag-luxury-commercial-flooring","20":"product_tag-bio-based-resilient-flooring","21":"product_tag-contemporary-dark-flooring","22":"product_tag-pvc-free-sustainable-flooring","23":"product_tag-smooth-mineral-surface","24":"desktop-align-left","25":"tablet-align-left","26":"mobile-align-left","28":"first","29":"instock","30":"shipping-taxable","31":"product-type-simple"},"acf":[],"yoast_head":"<!-- This site is optimized with the Yoast SEO Premium plugin v27.4 (Yoast SEO v27.4) - https:\/\/yoast.com\/product\/yoast-seo-premium-wordpress\/ -->\n<title>Suelo Ecuran | Liso | Antracita<\/title>\n<meta name=\"description\" content=\"Suelo de base biol\u00f3gica Ecuran con textura lisa en Antracita. Superficie mineral oscura certificada sin PVC para hosteler\u00eda de lujo, comercio minorista y dise\u00f1o contempor\u00e1neo.\" \/>\n<meta name=\"robots\" content=\"index, follow, max-snippet:-1, max-image-preview:large, max-video-preview:-1\" \/>\n<link rel=\"canonical\" href=\"https:\/\/xstone.group\/es\/product\/ecusmo10062-floor-ecuran-smooth-anthracite\/\" \/>\n<meta property=\"og:locale\" content=\"es_ES\" \/>\n<meta property=\"og:type\" content=\"article\" \/>\n<meta property=\"og:title\" content=\"[ECU] Ecuran [SMO] Liso [10062] Antracita\" \/>\n<meta property=\"og:description\" content=\"Suelo de base biol\u00f3gica Ecuran con textura lisa en Antracita. Superficie mineral oscura certificada sin PVC para hosteler\u00eda de lujo, comercio minorista y dise\u00f1o contempor\u00e1neo.\" \/>\n<meta property=\"og:url\" content=\"https:\/\/xstone.group\/es\/product\/ecusmo10062-floor-ecuran-smooth-anthracite\/\" \/>\n<meta property=\"og:site_name\" content=\"XSTONE\" \/>\n<meta property=\"article:publisher\" content=\"https:\/\/www.facebook.com\/Xstonesurfaces1\/\" \/>\n<meta property=\"og:image\" content=\"https:\/\/xstone.group\/wp-content\/uploads\/2026\/03\/XSTONE-Floor-Ecuran-Concrete-Dark-Grey-scaled.webp\" \/>\n\t<meta property=\"og:image:width\" content=\"2560\" \/>\n\t<meta property=\"og:image:height\" content=\"1429\" \/>\n\t<meta property=\"og:image:type\" content=\"image\/webp\" \/>\n<meta name=\"twitter:card\" content=\"summary_large_image\" \/>\n<meta name=\"twitter:label1\" content=\"Tiempo de lectura\" \/>\n\t<meta name=\"twitter:data1\" content=\"1 minuto\" \/>\n<script type=\"application\/ld+json\" class=\"yoast-schema-graph\">{\"@context\":\"https:\\\/\\\/schema.org\",\"@graph\":[{\"@type\":\"WebPage\",\"@id\":\"https:\\\/\\\/xstone.group\\\/es\\\/product\\\/ecusmo10062-floor-ecuran-smooth-anthracite\\\/\",\"url\":\"https:\\\/\\\/xstone.group\\\/es\\\/product\\\/ecusmo10062-floor-ecuran-smooth-anthracite\\\/\",\"name\":\"Suelo Ecuran | Liso | Antracita\",\"isPartOf\":{\"@id\":\"https:\\\/\\\/xstone.group\\\/es\\\/#website\"},\"primaryImageOfPage\":{\"@id\":\"https:\\\/\\\/xstone.group\\\/es\\\/product\\\/ecusmo10062-floor-ecuran-smooth-anthracite\\\/#primaryimage\"},\"image\":{\"@id\":\"https:\\\/\\\/xstone.group\\\/es\\\/product\\\/ecusmo10062-floor-ecuran-smooth-anthracite\\\/#primaryimage\"},\"thumbnailUrl\":\"https:\\\/\\\/xstone.group\\\/wp-content\\\/uploads\\\/2026\\\/03\\\/XSTONE-Floor-Ecuran-Concrete-Dark-Grey-scaled.webp\",\"datePublished\":\"2025-12-03T13:16:45+00:00\",\"description\":\"Suelo de base biol\u00f3gica Ecuran con textura lisa en Antracita. Superficie mineral oscura certificada sin PVC para hosteler\u00eda de lujo, comercio minorista y dise\u00f1o contempor\u00e1neo.\",\"breadcrumb\":{\"@id\":\"https:\\\/\\\/xstone.group\\\/es\\\/product\\\/ecusmo10062-floor-ecuran-smooth-anthracite\\\/#breadcrumb\"},\"inLanguage\":\"es\",\"potentialAction\":[{\"@type\":\"ReadAction\",\"target\":[\"https:\\\/\\\/xstone.group\\\/es\\\/product\\\/ecusmo10062-floor-ecuran-smooth-anthracite\\\/\"]}]},{\"@type\":\"ImageObject\",\"inLanguage\":\"es\",\"@id\":\"https:\\\/\\\/xstone.group\\\/es\\\/product\\\/ecusmo10062-floor-ecuran-smooth-anthracite\\\/#primaryimage\",\"url\":\"https:\\\/\\\/xstone.group\\\/wp-content\\\/uploads\\\/2026\\\/03\\\/XSTONE-Floor-Ecuran-Concrete-Dark-Grey-scaled.webp\",\"contentUrl\":\"https:\\\/\\\/xstone.group\\\/wp-content\\\/uploads\\\/2026\\\/03\\\/XSTONE-Floor-Ecuran-Concrete-Dark-Grey-scaled.webp\",\"width\":2560,\"height\":1429},{\"@type\":\"BreadcrumbList\",\"@id\":\"https:\\\/\\\/xstone.group\\\/es\\\/product\\\/ecusmo10062-floor-ecuran-smooth-anthracite\\\/#breadcrumb\",\"itemListElement\":[{\"@type\":\"ListItem\",\"position\":1,\"name\":\"Home\",\"item\":\"https:\\\/\\\/xstone.group\\\/es\\\/\"},{\"@type\":\"ListItem\",\"position\":2,\"name\":\"Productos\",\"item\":\"https:\\\/\\\/xstone.group\\\/es\\\/shop\\\/\"},{\"@type\":\"ListItem\",\"position\":3,\"name\":\"[ECU] Ecuran [SMO] Liso [10062] Antracita\"}]},{\"@type\":\"WebSite\",\"@id\":\"https:\\\/\\\/xstone.group\\\/es\\\/#website\",\"url\":\"https:\\\/\\\/xstone.group\\\/es\\\/\",\"name\":\"XSTONE\",\"description\":\"Belleza mineral aut\u00e9ntica e ilimitada, sin ataduras por la gravedad\",\"potentialAction\":[{\"@type\":\"SearchAction\",\"target\":{\"@type\":\"EntryPoint\",\"urlTemplate\":\"https:\\\/\\\/xstone.group\\\/es\\\/?s={search_term_string}\"},\"query-input\":{\"@type\":\"PropertyValueSpecification\",\"valueRequired\":true,\"valueName\":\"search_term_string\"}}],\"inLanguage\":\"es\"}]}<\/script>\n<!-- \/ Yoast SEO Premium plugin. -->","yoast_head_json":{"title":"Suelo Ecuran | Liso | Antracita","description":"Suelo de base biol\u00f3gica Ecuran con textura lisa en Antracita. Superficie mineral oscura certificada sin PVC para hosteler\u00eda de lujo, comercio minorista y dise\u00f1o contempor\u00e1neo.","robots":{"index":"index","follow":"follow","max-snippet":"max-snippet:-1","max-image-preview":"max-image-preview:large","max-video-preview":"max-video-preview:-1"},"canonical":"https:\/\/xstone.group\/es\/product\/ecusmo10062-floor-ecuran-smooth-anthracite\/","og_locale":"es_ES","og_type":"article","og_title":"[ECU] Ecuran [SMO] Liso [10062] Antracita","og_description":"Suelo de base biol\u00f3gica Ecuran con textura lisa en Antracita. Superficie mineral oscura certificada sin PVC para hosteler\u00eda de lujo, comercio minorista y dise\u00f1o contempor\u00e1neo.","og_url":"https:\/\/xstone.group\/es\/product\/ecusmo10062-floor-ecuran-smooth-anthracite\/","og_site_name":"XSTONE","article_publisher":"https:\/\/www.facebook.com\/Xstonesurfaces1\/","og_image":[{"width":2560,"height":1429,"url":"https:\/\/xstone.group\/wp-content\/uploads\/2026\/03\/XSTONE-Floor-Ecuran-Concrete-Dark-Grey-scaled.webp","type":"image\/webp"}],"twitter_card":"summary_large_image","twitter_misc":{"Tiempo de lectura":"1 minuto"},"schema":{"@context":"https:\/\/schema.org","@graph":[{"@type":"WebPage","@id":"https:\/\/xstone.group\/es\/product\/ecusmo10062-floor-ecuran-smooth-anthracite\/","url":"https:\/\/xstone.group\/es\/product\/ecusmo10062-floor-ecuran-smooth-anthracite\/","name":"Suelo Ecuran | Liso | Antracita","isPartOf":{"@id":"https:\/\/xstone.group\/es\/#website"},"primaryImageOfPage":{"@id":"https:\/\/xstone.group\/es\/product\/ecusmo10062-floor-ecuran-smooth-anthracite\/#primaryimage"},"image":{"@id":"https:\/\/xstone.group\/es\/product\/ecusmo10062-floor-ecuran-smooth-anthracite\/#primaryimage"},"thumbnailUrl":"https:\/\/xstone.group\/wp-content\/uploads\/2026\/03\/XSTONE-Floor-Ecuran-Concrete-Dark-Grey-scaled.webp","datePublished":"2025-12-03T13:16:45+00:00","description":"Suelo de base biol\u00f3gica Ecuran con textura lisa en Antracita. Superficie mineral oscura certificada sin PVC para hosteler\u00eda de lujo, comercio minorista y dise\u00f1o contempor\u00e1neo.","breadcrumb":{"@id":"https:\/\/xstone.group\/es\/product\/ecusmo10062-floor-ecuran-smooth-anthracite\/#breadcrumb"},"inLanguage":"es","potentialAction":[{"@type":"ReadAction","target":["https:\/\/xstone.group\/es\/product\/ecusmo10062-floor-ecuran-smooth-anthracite\/"]}]},{"@type":"ImageObject","inLanguage":"es","@id":"https:\/\/xstone.group\/es\/product\/ecusmo10062-floor-ecuran-smooth-anthracite\/#primaryimage","url":"https:\/\/xstone.group\/wp-content\/uploads\/2026\/03\/XSTONE-Floor-Ecuran-Concrete-Dark-Grey-scaled.webp","contentUrl":"https:\/\/xstone.group\/wp-content\/uploads\/2026\/03\/XSTONE-Floor-Ecuran-Concrete-Dark-Grey-scaled.webp","width":2560,"height":1429},{"@type":"BreadcrumbList","@id":"https:\/\/xstone.group\/es\/product\/ecusmo10062-floor-ecuran-smooth-anthracite\/#breadcrumb","itemListElement":[{"@type":"ListItem","position":1,"name":"Home","item":"https:\/\/xstone.group\/es\/"},{"@type":"ListItem","position":2,"name":"Productos","item":"https:\/\/xstone.group\/es\/shop\/"},{"@type":"ListItem","position":3,"name":"[ECU] Ecuran [SMO] Liso [10062] Antracita"}]},{"@type":"WebSite","@id":"https:\/\/xstone.group\/es\/#website","url":"https:\/\/xstone.group\/es\/","name":"XSTONE","description":"Belleza mineral aut\u00e9ntica e ilimitada, sin ataduras por la gravedad","potentialAction":[{"@type":"SearchAction","target":{"@type":"EntryPoint","urlTemplate":"https:\/\/xstone.group\/es\/?s={search_term_string}"},"query-input":{"@type":"PropertyValueSpecification","valueRequired":true,"valueName":"search_term_string"}}],"inLanguage":"es"}]}},"spectra_custom_meta":{"_last_translation_edit_mode":["translation-editor"],"_product_attributes":["a:8:{s:7:\"backing\";a:6:{s:4:\"name\";s:7:\"Backing\";s:5:\"value\";s:6:\"Ecuran\";s:8:\"position\";i:0;s:10:\"is_visible\";i:1;s:12:\"is_variation\";i:0;s:11:\"is_taxonomy\";i:0;}s:7:\"texture\";a:6:{s:4:\"name\";s:7:\"Texture\";s:5:\"value\";s:5:\"Suave\";s:8:\"position\";i:1;s:10:\"is_visible\";i:1;s:12:\"is_variation\";i:0;s:11:\"is_taxonomy\";i:0;}s:5:\"color\";a:6:{s:4:\"name\";s:5:\"Color\";s:5:\"value\";s:9:\"Antracita\";s:8:\"position\";i:2;s:10:\"is_visible\";i:1;s:12:\"is_variation\";i:0;s:11:\"is_taxonomy\";i:0;}s:4:\"size\";a:6:{s:4:\"name\";s:4:\"Size\";s:5:\"value\";s:69:\"1200 x 800 mm; 3000 x 1000 mm; Otros tama\u00f1os disponibles bajo pedido\";s:8:\"position\";i:3;s:10:\"is_visible\";i:1;s:12:\"is_variation\";i:0;s:11:\"is_taxonomy\";i:0;}s:9:\"thickness\";a:6:{s:4:\"name\";s:9:\"Thickness\";s:5:\"value\";s:12:\"2,5 mm, 5 mm\";s:8:\"position\";i:4;s:10:\"is_visible\";i:1;s:12:\"is_variation\";i:0;s:11:\"is_taxonomy\";i:0;}s:6:\"finish\";a:6:{s:4:\"name\";s:6:\"Finish\";s:5:\"value\";s:4:\"Matt\";s:8:\"position\";i:5;s:10:\"is_visible\";i:1;s:12:\"is_variation\";i:0;s:11:\"is_taxonomy\";i:0;}s:11:\"composition\";a:6:{s:4:\"name\";s:11:\"Composition\";s:5:\"value\";s:227:\"Capa superior de PU tr\u00e1fico intenso + Color acr\u00edlico o impresi\u00f3n UV + Chapa mineral decorativa 1 mm (90% polvo de piedra) + Capa base: material compuesto ecuran de alto rendimiento 4 mm + Soporte: Sistema FleeceTEC integrado\";s:8:\"position\";i:6;s:10:\"is_visible\";i:1;s:12:\"is_variation\";i:0;s:11:\"is_taxonomy\";i:0;}s:11:\"fire-rating\";a:6:{s:4:\"name\";s:11:\"Fire Rating\";s:5:\"value\";s:6:\"Bfl-s1\";s:8:\"position\";i:7;s:10:\"is_visible\";i:1;s:12:\"is_variation\";i:0;s:11:\"is_taxonomy\";i:0;}}"],"attr_label_translations":["a:1:{s:2:\"es\";a:8:{s:7:\"backing\";s:8:\"Respaldo\";s:7:\"texture\";s:7:\"Textura\";s:5:\"color\";s:5:\"Color\";s:4:\"size\";s:5:\"Talla\";s:9:\"thickness\";s:7:\"Espesor\";s:6:\"finish\";s:7:\"Acabado\";s:11:\"composition\";s:12:\"Composici\u00f3n\";s:11:\"fire-rating\";s:23:\"Clasificaci\u00f3n al fuego\";}}"],"_wcml_average_rating":[null],"_wcml_review_count":[null],"_wcml_rating_count":[null],"_yoast_wpseo_primary_product_cat":["332"],"_backorders":["no"],"_download_limit":["-1"],"_download_expiry":["-1"],"_downloadable":["no"],"_manage_stock":["no"],"_sku":["ECUSMO10062"],"_stock_status":["instock"],"_sold_individually":["no"],"_tax_class":[""],"_tax_status":["taxable"],"_virtual":["no"],"total_sales":["0"],"_wpml_media_duplicate":["1"],"_wpml_media_featured":["1"],"stick-header-meta":["default"],"site-sidebar-layout":["default"],"theme-transparent-header-meta":["default"],"ast-site-content-layout":["default"],"site-content-style":["default"],"site-sidebar-style":["default"],"_yoast_wpseo_title":["Suelo Ecuran | Liso | Antracita"],"_yoast_wpseo_metadesc":["Suelo de base biol\u00f3gica Ecuran con textura lisa en Antracita. Superficie mineral oscura certificada sin PVC para hosteler\u00eda de lujo, comercio minorista y dise\u00f1o contempor\u00e1neo."],"_yoast_wpseo_focuskw":["suelo de piedra mineral oscura"],"_upsell_ids":["a:3:{i:0;i:21521;i:1;i:25169;i:2;i:23458;}"],"_thumbnail_id":["25933"],"_wpml_word_count":["274"],"_elementor_edit_mode":["builder"],"_selectproduct_layout":["18245"],"two_optimized_date":["1776578639"],"woolentor_views_count_product":["6"],"_uag_css_file_name":["uag-css-25910.css"],"_uag_js_file_name":["uag-js-25910.js"],"tp_widgets":["a:2:{s:7:\"widgets\";a:6:{i:0;s:18:\"plus-list-skeleton\";i:1;s:22:\"plus-listing-load-more\";i:2;s:18:\"plus-listing-metro\";i:3;s:18:\"tp-product-listout\";i:4;s:17:\"tp-single-style_1\";i:5;s:19:\"tp-woo-single-image\";}s:9:\"update_at\";s:10:\"1776541402\";}"],"_wc_rating_count":[""],"_wc_review_count":[""],"_wc_average_rating":[0]},"uagb_featured_image_src":{"full":["https:\/\/xstone.group\/wp-content\/uploads\/2026\/03\/XSTONE-Floor-Ecuran-Concrete-Dark-Grey-scaled.webp",2560,1429,false],"thumbnail":["https:\/\/xstone.group\/wp-content\/uploads\/2026\/03\/XSTONE-Floor-Ecuran-Concrete-Dark-Grey-150x150.webp",150,150,true],"medium":["https:\/\/xstone.group\/wp-content\/uploads\/2026\/03\/XSTONE-Floor-Ecuran-Concrete-Dark-Grey-300x167.webp",300,167,true],"medium_large":["https:\/\/xstone.group\/wp-content\/uploads\/2026\/03\/XSTONE-Floor-Ecuran-Concrete-Dark-Grey-768x429.webp",768,429,true],"large":["https:\/\/xstone.group\/wp-content\/uploads\/2026\/03\/XSTONE-Floor-Ecuran-Concrete-Dark-Grey-1024x572.webp",1024,572,true],"1536x1536":["https:\/\/xstone.group\/wp-content\/uploads\/2026\/03\/XSTONE-Floor-Ecuran-Concrete-Dark-Grey-1536x857.webp",1536,857,true],"2048x2048":["https:\/\/xstone.group\/wp-content\/uploads\/2026\/03\/XSTONE-Floor-Ecuran-Concrete-Dark-Grey-2048x1143.webp",2048,1143,true],"tp-image-grid":["https:\/\/xstone.group\/wp-content\/uploads\/2026\/03\/XSTONE-Floor-Ecuran-Concrete-Dark-Grey-700x700.webp",700,700,true],"tenweb_optimizer_mobile":["https:\/\/xstone.group\/wp-content\/uploads\/2026\/03\/XSTONE-Floor-Ecuran-Concrete-Dark-Grey-600x335.webp",600,335,true],"tenweb_optimizer_tablet":["https:\/\/xstone.group\/wp-content\/uploads\/2026\/03\/XSTONE-Floor-Ecuran-Concrete-Dark-Grey-768x429.webp",768,429,true],"woocommerce_thumbnail":["https:\/\/xstone.group\/wp-content\/uploads\/2026\/03\/XSTONE-Floor-Ecuran-Concrete-Dark-Grey-300x300.webp",300,300,true],"woocommerce_single":["https:\/\/xstone.group\/wp-content\/uploads\/2026\/03\/XSTONE-Floor-Ecuran-Concrete-Dark-Grey-600x335.webp",600,335,true],"woocommerce_gallery_thumbnail":["https:\/\/xstone.group\/wp-content\/uploads\/2026\/03\/XSTONE-Floor-Ecuran-Concrete-Dark-Grey-100x100.webp",100,100,true]},"uagb_author_info":{"display_name":"laurent.gomez@xstone.group","author_link":"https:\/\/xstone.group\/es\/author\/"},"uagb_comment_info":0,"uagb_excerpt":"Algunas superficies simplemente dominan la habitaci\u00f3n. \u00c9sta es una de ellas. XSTONE Floor Ecuran Liso Antracita es un sistema de suelo el\u00e1stico sostenible en el que la precisi\u00f3n mineral se une a la intensidad arquitect\u00f3nica. La textura Liso -una veta mineral tranquila y aterciopelada con variaciones naturales apenas perceptibles- se convierte, en Antracita, en algo&hellip;","_links":{"self":[{"href":"https:\/\/xstone.group\/es\/wp-json\/wp\/v2\/product\/25910","targetHints":{"allow":["GET"]}}],"collection":[{"href":"https:\/\/xstone.group\/es\/wp-json\/wp\/v2\/product"}],"about":[{"href":"https:\/\/xstone.group\/es\/wp-json\/wp\/v2\/types\/product"}],"replies":[{"embeddable":true,"href":"https:\/\/xstone.group\/es\/wp-json\/wp\/v2\/comments?post=25910"}],"wp:featuredmedia":[{"embeddable":true,"href":"https:\/\/xstone.group\/es\/wp-json\/wp\/v2\/media\/25933"}],"wp:attachment":[{"href":"https:\/\/xstone.group\/es\/wp-json\/wp\/v2\/media?parent=25910"}],"wp:term":[{"taxonomy":"product_brand","embeddable":true,"href":"https:\/\/xstone.group\/es\/wp-json\/wp\/v2\/product_brand?post=25910"},{"taxonomy":"product_cat","embeddable":true,"href":"https:\/\/xstone.group\/es\/wp-json\/wp\/v2\/product_cat?post=25910"},{"taxonomy":"product_tag","embeddable":true,"href":"https:\/\/xstone.group\/es\/wp-json\/wp\/v2\/product_tag?post=25910"}],"curies":[{"name":"wp","href":"https:\/\/api.w.org\/{rel}","templated":true}]}}