{"id":26196,"date":"2025-12-03T15:11:55","date_gmt":"2025-12-03T15:11:55","guid":{"rendered":"https:\/\/xstone.group\/product\/apt-acustone-pet-sug-madera-sugi-de-japon-10033-marron-palido\/"},"modified":"2025-12-03T15:11:55","modified_gmt":"2025-12-03T15:11:55","slug":"aptsug10033-acustone-pet-sugi-brown","status":"publish","type":"product","link":"https:\/\/xstone.group\/es\/product\/aptsug10033-acustone-pet-sugi-brown\/","title":{"rendered":"[APT] Acustone PET [SUG] Madera Sugi de Jap\u00f3n [10033] Marr\u00f3n p\u00e1lido"},"content":{"rendered":"<p class=\"font-claude-response-body break-words whitespace-normal leading-[1.7]\">Algunos espacios piden ser escuchados. Otros piden silencio. <\/p>\n<p class=\"font-claude-response-body break-words whitespace-normal leading-[1.7]\">Este panel mineral ac\u00fastico responde con ambos: la veta fluida de la madera de Sugi japonesa en una c\u00e1lida paleta marr\u00f3n p\u00e1lido, montada sobre un soporte de PET reciclado que transforma el ruido ambiental en calma arquitect\u00f3nica. Suaves ondas lineales recorren la superficie como el recuerdo de la luz del bosque a trav\u00e9s del cedro: org\u00e1nicas, sin prisas, profundamente humanas. <\/p>\n<p class=\"font-claude-response-body break-words whitespace-normal leading-[1.7]\">Creado a partir de fibra de poli\u00e9ster 100% reciclada, el soporte de PET absorbe la energ\u00eda sonora a nivel estructural, reduciendo la reverberaci\u00f3n y suavizando la firma ac\u00fastica de cualquier estancia. La textura Japan Sugi Wood a\u00f1ade una segunda capa de intenci\u00f3n: un veteado tranquilo y contemplativo que aporta ritmo y calidez a paredes, techos, oficinas y espacios de hosteler\u00eda. El tono Marr\u00f3n P\u00e1lido, una apagada arena del desierto calentada por la profundidad mineral, lo mantiene todo unido con tranquila confianza.  <\/p>\n<p class=\"font-claude-response-body break-words whitespace-normal leading-[1.7]\">Sin aglutinantes qu\u00edmicos. Sin emisiones de COV. Clasificaci\u00f3n al fuego B-s1-d0. Disponible en m\u00faltiples formatos de panel para adaptarse a cualquier escala arquitect\u00f3nica.   <\/p>\n<p class=\"font-claude-response-body break-words whitespace-normal leading-[1.7]\">No se trata s\u00f3lo de una superficie. Es una decisi\u00f3n para hacer que el espacio se sienta mejor: ac\u00fastica, visual y humanamente. <\/p>\n","protected":false},"excerpt":{"rendered":"<p>Algunos espacios piden ser escuchados. Otros piden silencio. Este panel mineral ac\u00fastico responde con ambos: la veta fluida de la madera de Sugi japonesa en una c\u00e1lida paleta marr\u00f3n p\u00e1lido, montada sobre un soporte de PET reciclado que transforma el ruido ambiental en calma arquitect\u00f3nica. Suaves ondas lineales recorren la superficie como el recuerdo de [&hellip;]<\/p>\n","protected":false},"featured_media":26204,"comment_status":"open","ping_status":"closed","template":"","meta":{"_acf_changed":false,"_uag_custom_page_level_css":"","site-sidebar-layout":"default","site-content-layout":"","ast-site-content-layout":"default","site-content-style":"default","site-sidebar-style":"default","ast-global-header-display":"","ast-banner-title-visibility":"","ast-main-header-display":"","ast-hfb-above-header-display":"","ast-hfb-below-header-display":"","ast-hfb-mobile-header-display":"","site-post-title":"","ast-breadcrumbs-content":"","ast-featured-img":"","footer-sml-layout":"","theme-transparent-header-meta":"default","adv-header-id-meta":"","stick-header-meta":"default","header-above-stick-meta":"","header-main-stick-meta":"","header-below-stick-meta":"","astra-migrate-meta-layouts":"default","ast-page-background-enabled":"default","ast-page-background-meta":{"desktop":{"background-color":"var(--ast-global-color-4)","background-image":"","background-repeat":"repeat","background-position":"center center","background-size":"auto","background-attachment":"scroll","background-type":"","background-media":"","overlay-type":"","overlay-color":"","overlay-opacity":"","overlay-gradient":""},"tablet":{"background-color":"","background-image":"","background-repeat":"repeat","background-position":"center center","background-size":"auto","background-attachment":"scroll","background-type":"","background-media":"","overlay-type":"","overlay-color":"","overlay-opacity":"","overlay-gradient":""},"mobile":{"background-color":"","background-image":"","background-repeat":"repeat","background-position":"center center","background-size":"auto","background-attachment":"scroll","background-type":"","background-media":"","overlay-type":"","overlay-color":"","overlay-opacity":"","overlay-gradient":""}},"ast-content-background-meta":{"desktop":{"background-color":"var(--ast-global-color-5)","background-image":"","background-repeat":"repeat","background-position":"center center","background-size":"auto","background-attachment":"scroll","background-type":"","background-media":"","overlay-type":"","overlay-color":"","overlay-opacity":"","overlay-gradient":""},"tablet":{"background-color":"var(--ast-global-color-5)","background-image":"","background-repeat":"repeat","background-position":"center center","background-size":"auto","background-attachment":"scroll","background-type":"","background-media":"","overlay-type":"","overlay-color":"","overlay-opacity":"","overlay-gradient":""},"mobile":{"background-color":"var(--ast-global-color-5)","background-image":"","background-repeat":"repeat","background-position":"center center","background-size":"auto","background-attachment":"scroll","background-type":"","background-media":"","overlay-type":"","overlay-color":"","overlay-opacity":"","overlay-gradient":""}}},"product_brand":[],"product_cat":[3408,1503,1502,1499,1517],"product_tag":[7975,3409,8872,9754,9758,9760,9749,9750,6614,9756,9752],"class_list":{"0":"post-26196","1":"product","2":"type-product","3":"status-publish","4":"has-post-thumbnail","6":"product_cat-acustone","7":"product_cat-retail-design","8":"product_cat-wall-design","9":"product_cat-signature","10":"product_cat-office","11":"product_tag-comp-color-17159","12":"product_tag-comp-backing-15500","13":"product_tag-comp-texture-15444","14":"product_tag-japanese-interior-design","15":"product_tag-biophilic-interior-design","16":"product_tag-warm-tone-acoustic-panel","17":"product_tag-acoustic-wall-panels","18":"product_tag-sound-absorbing-wall-panels","19":"product_tag-sustainable-wall-cladding","20":"product_tag-office-acoustic-solutions","21":"product_tag-wood-grain-acoustic-surface","22":"desktop-align-left","23":"tablet-align-left","24":"mobile-align-left","26":"first","27":"instock","28":"shipping-taxable","29":"product-type-simple"},"acf":[],"yoast_head":"<!-- This site is optimized with the Yoast SEO Premium plugin v27.4 (Yoast SEO v27.4) - https:\/\/yoast.com\/product\/yoast-seo-premium-wordpress\/ -->\n<title>Acustone PET | Madera Sugi de Jap\u00f3n | Marr\u00f3n p\u00e1lido<\/title>\n<meta name=\"description\" content=\"Transforma tu espacio con el panel ac\u00fastico acustone sugi marr\u00f3n, aportando calidez y serenidad a tu entorno. \u00a1Experimenta la calma arquitect\u00f3nica hoy mismo!\" \/>\n<meta name=\"robots\" content=\"index, follow, max-snippet:-1, max-image-preview:large, max-video-preview:-1\" \/>\n<link rel=\"canonical\" href=\"https:\/\/xstone.group\/es\/product\/aptsug10033-acustone-pet-sugi-brown\/\" \/>\n<meta property=\"og:locale\" content=\"es_ES\" \/>\n<meta property=\"og:type\" content=\"article\" \/>\n<meta property=\"og:title\" content=\"[APT] Acustone PET [SUG] Madera Sugi de Jap\u00f3n [10033] Marr\u00f3n p\u00e1lido\" \/>\n<meta property=\"og:description\" content=\"Transforma tu espacio con el panel ac\u00fastico acustone sugi marr\u00f3n, aportando calidez y serenidad a tu entorno. \u00a1Experimenta la calma arquitect\u00f3nica hoy mismo!\" \/>\n<meta property=\"og:url\" content=\"https:\/\/xstone.group\/es\/product\/aptsug10033-acustone-pet-sugi-brown\/\" \/>\n<meta property=\"og:site_name\" content=\"XSTONE\" \/>\n<meta property=\"article:publisher\" content=\"https:\/\/www.facebook.com\/Xstonesurfaces1\/\" \/>\n<meta property=\"og:image\" content=\"https:\/\/xstone.group\/wp-content\/uploads\/2025\/12\/APT2412SUG10050-Acoustic-Panel-PET-Japan-Sugi-Wood-Brown-scaled.webp\" \/>\n\t<meta property=\"og:image:width\" content=\"2560\" \/>\n\t<meta property=\"og:image:height\" content=\"1707\" \/>\n\t<meta property=\"og:image:type\" content=\"image\/webp\" \/>\n<meta name=\"twitter:card\" content=\"summary_large_image\" \/>\n<meta name=\"twitter:label1\" content=\"Tiempo de lectura\" \/>\n\t<meta name=\"twitter:data1\" content=\"1 minuto\" \/>\n<script type=\"application\/ld+json\" class=\"yoast-schema-graph\">{\"@context\":\"https:\\\/\\\/schema.org\",\"@graph\":[{\"@type\":\"WebPage\",\"@id\":\"https:\\\/\\\/xstone.group\\\/es\\\/product\\\/aptsug10033-acustone-pet-sugi-brown\\\/\",\"url\":\"https:\\\/\\\/xstone.group\\\/es\\\/product\\\/aptsug10033-acustone-pet-sugi-brown\\\/\",\"name\":\"Acustone PET | Madera Sugi de Jap\u00f3n | Marr\u00f3n p\u00e1lido\",\"isPartOf\":{\"@id\":\"https:\\\/\\\/xstone.group\\\/es\\\/#website\"},\"primaryImageOfPage\":{\"@id\":\"https:\\\/\\\/xstone.group\\\/es\\\/product\\\/aptsug10033-acustone-pet-sugi-brown\\\/#primaryimage\"},\"image\":{\"@id\":\"https:\\\/\\\/xstone.group\\\/es\\\/product\\\/aptsug10033-acustone-pet-sugi-brown\\\/#primaryimage\"},\"thumbnailUrl\":\"https:\\\/\\\/xstone.group\\\/wp-content\\\/uploads\\\/2025\\\/12\\\/APT2412SUG10050-Acoustic-Panel-PET-Japan-Sugi-Wood-Brown-scaled.webp\",\"datePublished\":\"2025-12-03T15:11:55+00:00\",\"description\":\"Transforma tu espacio con el panel ac\u00fastico acustone sugi marr\u00f3n, aportando calidez y serenidad a tu entorno. \u00a1Experimenta la calma arquitect\u00f3nica hoy mismo!\",\"breadcrumb\":{\"@id\":\"https:\\\/\\\/xstone.group\\\/es\\\/product\\\/aptsug10033-acustone-pet-sugi-brown\\\/#breadcrumb\"},\"inLanguage\":\"es\",\"potentialAction\":[{\"@type\":\"ReadAction\",\"target\":[\"https:\\\/\\\/xstone.group\\\/es\\\/product\\\/aptsug10033-acustone-pet-sugi-brown\\\/\"]}]},{\"@type\":\"ImageObject\",\"inLanguage\":\"es\",\"@id\":\"https:\\\/\\\/xstone.group\\\/es\\\/product\\\/aptsug10033-acustone-pet-sugi-brown\\\/#primaryimage\",\"url\":\"https:\\\/\\\/xstone.group\\\/wp-content\\\/uploads\\\/2025\\\/12\\\/APT2412SUG10050-Acoustic-Panel-PET-Japan-Sugi-Wood-Brown-scaled.webp\",\"contentUrl\":\"https:\\\/\\\/xstone.group\\\/wp-content\\\/uploads\\\/2025\\\/12\\\/APT2412SUG10050-Acoustic-Panel-PET-Japan-Sugi-Wood-Brown-scaled.webp\",\"width\":2560,\"height\":1707,\"caption\":\"acoustic panel acustone sugi brown\"},{\"@type\":\"BreadcrumbList\",\"@id\":\"https:\\\/\\\/xstone.group\\\/es\\\/product\\\/aptsug10033-acustone-pet-sugi-brown\\\/#breadcrumb\",\"itemListElement\":[{\"@type\":\"ListItem\",\"position\":1,\"name\":\"Home\",\"item\":\"https:\\\/\\\/xstone.group\\\/es\\\/\"},{\"@type\":\"ListItem\",\"position\":2,\"name\":\"Productos\",\"item\":\"https:\\\/\\\/xstone.group\\\/es\\\/shop\\\/\"},{\"@type\":\"ListItem\",\"position\":3,\"name\":\"[APT] Acustone PET [SUG] Madera Sugi de Jap\u00f3n [10033] Marr\u00f3n p\u00e1lido\"}]},{\"@type\":\"WebSite\",\"@id\":\"https:\\\/\\\/xstone.group\\\/es\\\/#website\",\"url\":\"https:\\\/\\\/xstone.group\\\/es\\\/\",\"name\":\"XSTONE\",\"description\":\"Belleza mineral aut\u00e9ntica e ilimitada, sin ataduras por la gravedad\",\"potentialAction\":[{\"@type\":\"SearchAction\",\"target\":{\"@type\":\"EntryPoint\",\"urlTemplate\":\"https:\\\/\\\/xstone.group\\\/es\\\/?s={search_term_string}\"},\"query-input\":{\"@type\":\"PropertyValueSpecification\",\"valueRequired\":true,\"valueName\":\"search_term_string\"}}],\"inLanguage\":\"es\"}]}<\/script>\n<!-- \/ Yoast SEO Premium plugin. -->","yoast_head_json":{"title":"Acustone PET | Madera Sugi de Jap\u00f3n | Marr\u00f3n p\u00e1lido","description":"Transforma tu espacio con el panel ac\u00fastico acustone sugi marr\u00f3n, aportando calidez y serenidad a tu entorno. \u00a1Experimenta la calma arquitect\u00f3nica hoy mismo!","robots":{"index":"index","follow":"follow","max-snippet":"max-snippet:-1","max-image-preview":"max-image-preview:large","max-video-preview":"max-video-preview:-1"},"canonical":"https:\/\/xstone.group\/es\/product\/aptsug10033-acustone-pet-sugi-brown\/","og_locale":"es_ES","og_type":"article","og_title":"[APT] Acustone PET [SUG] Madera Sugi de Jap\u00f3n [10033] Marr\u00f3n p\u00e1lido","og_description":"Transforma tu espacio con el panel ac\u00fastico acustone sugi marr\u00f3n, aportando calidez y serenidad a tu entorno. \u00a1Experimenta la calma arquitect\u00f3nica hoy mismo!","og_url":"https:\/\/xstone.group\/es\/product\/aptsug10033-acustone-pet-sugi-brown\/","og_site_name":"XSTONE","article_publisher":"https:\/\/www.facebook.com\/Xstonesurfaces1\/","og_image":[{"width":2560,"height":1707,"url":"https:\/\/xstone.group\/wp-content\/uploads\/2025\/12\/APT2412SUG10050-Acoustic-Panel-PET-Japan-Sugi-Wood-Brown-scaled.webp","type":"image\/webp"}],"twitter_card":"summary_large_image","twitter_misc":{"Tiempo de lectura":"1 minuto"},"schema":{"@context":"https:\/\/schema.org","@graph":[{"@type":"WebPage","@id":"https:\/\/xstone.group\/es\/product\/aptsug10033-acustone-pet-sugi-brown\/","url":"https:\/\/xstone.group\/es\/product\/aptsug10033-acustone-pet-sugi-brown\/","name":"Acustone PET | Madera Sugi de Jap\u00f3n | Marr\u00f3n p\u00e1lido","isPartOf":{"@id":"https:\/\/xstone.group\/es\/#website"},"primaryImageOfPage":{"@id":"https:\/\/xstone.group\/es\/product\/aptsug10033-acustone-pet-sugi-brown\/#primaryimage"},"image":{"@id":"https:\/\/xstone.group\/es\/product\/aptsug10033-acustone-pet-sugi-brown\/#primaryimage"},"thumbnailUrl":"https:\/\/xstone.group\/wp-content\/uploads\/2025\/12\/APT2412SUG10050-Acoustic-Panel-PET-Japan-Sugi-Wood-Brown-scaled.webp","datePublished":"2025-12-03T15:11:55+00:00","description":"Transforma tu espacio con el panel ac\u00fastico acustone sugi marr\u00f3n, aportando calidez y serenidad a tu entorno. \u00a1Experimenta la calma arquitect\u00f3nica hoy mismo!","breadcrumb":{"@id":"https:\/\/xstone.group\/es\/product\/aptsug10033-acustone-pet-sugi-brown\/#breadcrumb"},"inLanguage":"es","potentialAction":[{"@type":"ReadAction","target":["https:\/\/xstone.group\/es\/product\/aptsug10033-acustone-pet-sugi-brown\/"]}]},{"@type":"ImageObject","inLanguage":"es","@id":"https:\/\/xstone.group\/es\/product\/aptsug10033-acustone-pet-sugi-brown\/#primaryimage","url":"https:\/\/xstone.group\/wp-content\/uploads\/2025\/12\/APT2412SUG10050-Acoustic-Panel-PET-Japan-Sugi-Wood-Brown-scaled.webp","contentUrl":"https:\/\/xstone.group\/wp-content\/uploads\/2025\/12\/APT2412SUG10050-Acoustic-Panel-PET-Japan-Sugi-Wood-Brown-scaled.webp","width":2560,"height":1707,"caption":"acoustic panel acustone sugi brown"},{"@type":"BreadcrumbList","@id":"https:\/\/xstone.group\/es\/product\/aptsug10033-acustone-pet-sugi-brown\/#breadcrumb","itemListElement":[{"@type":"ListItem","position":1,"name":"Home","item":"https:\/\/xstone.group\/es\/"},{"@type":"ListItem","position":2,"name":"Productos","item":"https:\/\/xstone.group\/es\/shop\/"},{"@type":"ListItem","position":3,"name":"[APT] Acustone PET [SUG] Madera Sugi de Jap\u00f3n [10033] Marr\u00f3n p\u00e1lido"}]},{"@type":"WebSite","@id":"https:\/\/xstone.group\/es\/#website","url":"https:\/\/xstone.group\/es\/","name":"XSTONE","description":"Belleza mineral aut\u00e9ntica e ilimitada, sin ataduras por la gravedad","potentialAction":[{"@type":"SearchAction","target":{"@type":"EntryPoint","urlTemplate":"https:\/\/xstone.group\/es\/?s={search_term_string}"},"query-input":{"@type":"PropertyValueSpecification","valueRequired":true,"valueName":"search_term_string"}}],"inLanguage":"es"}]}},"spectra_custom_meta":{"_last_translation_edit_mode":["translation-editor"],"_product_attributes":["a:8:{s:7:\"backing\";a:6:{s:4:\"name\";s:7:\"Backing\";s:5:\"value\";s:13:\"PET ac\u00fastico\";s:8:\"position\";i:0;s:10:\"is_visible\";i:1;s:12:\"is_variation\";i:0;s:11:\"is_taxonomy\";i:0;}s:7:\"texture\";a:6:{s:4:\"name\";s:7:\"Texture\";s:5:\"value\";s:21:\"Jap\u00f3n Madera de Sugi\";s:8:\"position\";i:1;s:10:\"is_visible\";i:1;s:12:\"is_variation\";i:0;s:11:\"is_taxonomy\";i:0;}s:5:\"color\";a:6:{s:4:\"name\";s:5:\"Color\";s:5:\"value\";s:15:\"Marr\u00f3n p\u00e1lido\";s:8:\"position\";i:2;s:10:\"is_visible\";i:1;s:12:\"is_variation\";i:0;s:11:\"is_taxonomy\";i:0;}s:4:\"size\";a:6:{s:4:\"name\";s:4:\"Size\";s:5:\"value\";s:28:\"2440 x 1220 mm; 800 x 600 mm\";s:8:\"position\";i:3;s:10:\"is_visible\";i:1;s:12:\"is_variation\";i:0;s:11:\"is_taxonomy\";i:0;}s:9:\"thickness\";a:6:{s:4:\"name\";s:9:\"Thickness\";s:5:\"value\";s:5:\"12 mm\";s:8:\"position\";i:4;s:10:\"is_visible\";i:1;s:12:\"is_variation\";i:0;s:11:\"is_taxonomy\";i:0;}s:6:\"finish\";a:6:{s:4:\"name\";s:6:\"Finish\";s:5:\"value\";s:4:\"Matt\";s:8:\"position\";i:5;s:10:\"is_visible\";i:1;s:12:\"is_variation\";i:0;s:11:\"is_taxonomy\";i:0;}s:11:\"composition\";a:6:{s:4:\"name\";s:11:\"Composition\";s:5:\"value\";s:76:\"Fibra de poli\u00e9ster 100% reciclada sin aglutinantes ni retardantes qu\u00edmicos\";s:8:\"position\";i:6;s:10:\"is_visible\";i:1;s:12:\"is_variation\";i:0;s:11:\"is_taxonomy\";i:0;}s:11:\"fire-rating\";a:6:{s:4:\"name\";s:11:\"Fire Rating\";s:5:\"value\";s:7:\"B-s1-d0\";s:8:\"position\";i:7;s:10:\"is_visible\";i:1;s:12:\"is_variation\";i:0;s:11:\"is_taxonomy\";i:0;}}"],"attr_label_translations":["a:1:{s:2:\"es\";a:8:{s:7:\"backing\";s:8:\"Respaldo\";s:7:\"texture\";s:7:\"Textura\";s:5:\"color\";s:5:\"Color\";s:4:\"size\";s:5:\"Talla\";s:9:\"thickness\";s:7:\"Espesor\";s:6:\"finish\";s:7:\"Acabado\";s:11:\"composition\";s:12:\"Composici\u00f3n\";s:11:\"fire-rating\";s:23:\"Clasificaci\u00f3n al fuego\";}}"],"_wcml_average_rating":[null],"_wcml_review_count":[null],"_wcml_rating_count":[null],"_yoast_wpseo_primary_product_cat":["338"],"_backorders":["no"],"_download_limit":["-1"],"_download_expiry":["-1"],"_downloadable":["no"],"_manage_stock":["no"],"_sku":["APTSUG10033"],"_stock_status":["instock"],"_sold_individually":["no"],"_tax_class":[""],"_tax_status":["taxable"],"_virtual":["no"],"total_sales":["0"],"_wpml_media_duplicate":["1"],"_wpml_media_featured":["1"],"stick-header-meta":["default"],"site-sidebar-layout":["default"],"theme-transparent-header-meta":["default"],"ast-site-content-layout":["default"],"site-content-style":["default"],"site-sidebar-style":["default"],"_yoast_wpseo_title":["Acustone PET | Madera Sugi de Jap\u00f3n | Marr\u00f3n p\u00e1lido"],"_yoast_wpseo_metadesc":["Transforma tu espacio con el panel ac\u00fastico acustone sugi marr\u00f3n, aportando calidez y serenidad a tu entorno. \u00a1Experimenta la calma arquitect\u00f3nica hoy mismo!"],"_yoast_wpseo_focuskw":["panel ac\u00fastico acustone sugi marr\u00f3n"],"_upsell_ids":["a:3:{i:0;i:24485;i:1;i:25468;i:2;i:25046;}"],"_thumbnail_id":["26204"],"_wpml_word_count":["226"],"two_optimized_date":["1776562791"],"woolentor_views_count_product":["9"],"_uag_css_file_name":["uag-css-26196.css"],"_uag_js_file_name":["uag-js-26196.js"],"tp_widgets":["a:2:{s:7:\"widgets\";a:6:{i:0;s:18:\"plus-list-skeleton\";i:1;s:22:\"plus-listing-load-more\";i:2;s:18:\"plus-listing-metro\";i:3;s:18:\"tp-product-listout\";i:4;s:17:\"tp-single-style_1\";i:5;s:19:\"tp-woo-single-image\";}s:9:\"update_at\";s:10:\"1776541402\";}"],"_elementor_edit_mode":["builder"],"_selectproduct_layout":["18110"],"_wc_rating_count":[""],"_wc_review_count":[""],"_wc_average_rating":[0]},"uagb_featured_image_src":{"full":["https:\/\/xstone.group\/wp-content\/uploads\/2025\/12\/APT2412SUG10050-Acoustic-Panel-PET-Japan-Sugi-Wood-Brown-scaled.webp",2560,1707,false],"thumbnail":["https:\/\/xstone.group\/wp-content\/uploads\/2025\/12\/APT2412SUG10050-Acoustic-Panel-PET-Japan-Sugi-Wood-Brown-150x150.webp",150,150,true],"medium":["https:\/\/xstone.group\/wp-content\/uploads\/2025\/12\/APT2412SUG10050-Acoustic-Panel-PET-Japan-Sugi-Wood-Brown-300x200.webp",300,200,true],"medium_large":["https:\/\/xstone.group\/wp-content\/uploads\/2025\/12\/APT2412SUG10050-Acoustic-Panel-PET-Japan-Sugi-Wood-Brown-768x512.webp",768,512,true],"large":["https:\/\/xstone.group\/wp-content\/uploads\/2025\/12\/APT2412SUG10050-Acoustic-Panel-PET-Japan-Sugi-Wood-Brown-1024x683.webp",1024,683,true],"1536x1536":["https:\/\/xstone.group\/wp-content\/uploads\/2025\/12\/APT2412SUG10050-Acoustic-Panel-PET-Japan-Sugi-Wood-Brown-1536x1024.webp",1536,1024,true],"2048x2048":["https:\/\/xstone.group\/wp-content\/uploads\/2025\/12\/APT2412SUG10050-Acoustic-Panel-PET-Japan-Sugi-Wood-Brown-2048x1365.webp",2048,1365,true],"tp-image-grid":["https:\/\/xstone.group\/wp-content\/uploads\/2025\/12\/APT2412SUG10050-Acoustic-Panel-PET-Japan-Sugi-Wood-Brown-700x700.webp",700,700,true],"tenweb_optimizer_mobile":["https:\/\/xstone.group\/wp-content\/uploads\/2025\/12\/APT2412SUG10050-Acoustic-Panel-PET-Japan-Sugi-Wood-Brown-600x400.webp",600,400,true],"tenweb_optimizer_tablet":["https:\/\/xstone.group\/wp-content\/uploads\/2025\/12\/APT2412SUG10050-Acoustic-Panel-PET-Japan-Sugi-Wood-Brown-768x512.webp",768,512,true],"woocommerce_thumbnail":["https:\/\/xstone.group\/wp-content\/uploads\/2025\/12\/APT2412SUG10050-Acoustic-Panel-PET-Japan-Sugi-Wood-Brown-300x300.webp",300,300,true],"woocommerce_single":["https:\/\/xstone.group\/wp-content\/uploads\/2025\/12\/APT2412SUG10050-Acoustic-Panel-PET-Japan-Sugi-Wood-Brown-600x400.webp",600,400,true],"woocommerce_gallery_thumbnail":["https:\/\/xstone.group\/wp-content\/uploads\/2025\/12\/APT2412SUG10050-Acoustic-Panel-PET-Japan-Sugi-Wood-Brown-100x100.webp",100,100,true]},"uagb_author_info":{"display_name":"laurent.gomez@xstone.group","author_link":"https:\/\/xstone.group\/es\/author\/"},"uagb_comment_info":0,"uagb_excerpt":"Algunos espacios piden ser escuchados. Otros piden silencio. Este panel mineral ac\u00fastico responde con ambos: la veta fluida de la madera de Sugi japonesa en una c\u00e1lida paleta marr\u00f3n p\u00e1lido, montada sobre un soporte de PET reciclado que transforma el ruido ambiental en calma arquitect\u00f3nica. Suaves ondas lineales recorren la superficie como el recuerdo de&hellip;","_links":{"self":[{"href":"https:\/\/xstone.group\/es\/wp-json\/wp\/v2\/product\/26196","targetHints":{"allow":["GET"]}}],"collection":[{"href":"https:\/\/xstone.group\/es\/wp-json\/wp\/v2\/product"}],"about":[{"href":"https:\/\/xstone.group\/es\/wp-json\/wp\/v2\/types\/product"}],"replies":[{"embeddable":true,"href":"https:\/\/xstone.group\/es\/wp-json\/wp\/v2\/comments?post=26196"}],"wp:featuredmedia":[{"embeddable":true,"href":"https:\/\/xstone.group\/es\/wp-json\/wp\/v2\/media\/26204"}],"wp:attachment":[{"href":"https:\/\/xstone.group\/es\/wp-json\/wp\/v2\/media?parent=26196"}],"wp:term":[{"taxonomy":"product_brand","embeddable":true,"href":"https:\/\/xstone.group\/es\/wp-json\/wp\/v2\/product_brand?post=26196"},{"taxonomy":"product_cat","embeddable":true,"href":"https:\/\/xstone.group\/es\/wp-json\/wp\/v2\/product_cat?post=26196"},{"taxonomy":"product_tag","embeddable":true,"href":"https:\/\/xstone.group\/es\/wp-json\/wp\/v2\/product_tag?post=26196"}],"curies":[{"name":"wp","href":"https:\/\/api.w.org\/{rel}","templated":true}]}}