{"id":21907,"date":"2026-04-11T08:34:07","date_gmt":"2026-04-11T08:34:07","guid":{"rendered":"https:\/\/xstone.group\/product\/rol-placage-mineral-en-rouleau-spi-araignee-10027-cuivre-rouille\/"},"modified":"2026-04-11T08:34:07","modified_gmt":"2026-04-11T08:34:07","slug":"rolspi10027-roll-spider-rusted-copper","status":"publish","type":"product","link":"https:\/\/xstone.group\/fr\/product\/rolspi10027-roll-spider-rusted-copper\/","title":{"rendered":"[ROL] Placage min\u00e9ral en rouleau [SPI] Araign\u00e9e [10027] Cuivre rouill\u00e9"},"content":{"rendered":"<p class=\"font-claude-response-body break-words whitespace-normal leading-[1.7]\">La nature ne trace pas de lignes droites. Elle se ramifie, rayonne, se connecte. <\/p>\n<p class=\"font-claude-response-body break-words whitespace-normal leading-[1.7]\">Le placage min\u00e9ral XSTONE Roll en texture Spider et cuivre rouill\u00e9 est une surface murale en pierre flexible o\u00f9 la g\u00e9om\u00e9trie organique entre en collision avec la beaut\u00e9 brute et oxyd\u00e9e du m\u00e9tal qui s&rsquo;abandonne au temps. La texture Spider s&rsquo;\u00e9tend sur la surface comme un r\u00e9seau vivant &#8211; des chemins lin\u00e9aires ramifi\u00e9s qui rayonnent et se croisent avec une tension qui semble \u00e0 la fois spontan\u00e9e et architecturale, comme une toile coul\u00e9e dans la pierre min\u00e9rale. Chaque jonction, chaque fine ar\u00eate porte en elle le drame tranquille des structures naturelles traduites sous forme mat\u00e9rielle.  <\/p>\n<p class=\"font-claude-response-body break-words whitespace-normal leading-[1.7]\">C&rsquo;est dans cette toile que se d\u00e9verse Rusted Copper : des verts verd\u00e2tres profonds qui se fondent dans un turquoise \u00e9lectrique, des bords ambr\u00e9s chauds qui se fondent dans un or vieilli, une surface murale \u00e0 la patine de cuivre vivante qui change et respire \u00e0 chaque changement de lumi\u00e8re. L&rsquo;interaction entre le relief ramifi\u00e9 de Spider et la profondeur polychrome de Rusted Copper produit une surface d&rsquo;une extraordinaire complexit\u00e9 visuelle &#8211; qui r\u00e9compense \u00e0 la fois la distance et la proximit\u00e9, l&rsquo;immobilit\u00e9 et le mouvement. <\/p>\n<p class=\"font-claude-response-body break-words whitespace-normal leading-[1.7]\">Livr\u00e9 en rouleau flexible \u00e0 seulement 2 kg\/m\u00b2, fabriqu\u00e9 \u00e0 partir de poudre de pierre marbri\u00e8re recycl\u00e9e \u00e0 90 % avec un support en copolym\u00e8re et en fibre de verre, et certifi\u00e9 A2-s1-d0 pour la s\u00e9curit\u00e9 incendie en Europe. Con\u00e7u pour les halls d&rsquo;entr\u00e9e des h\u00f4tels de luxe, les environnements de vente au d\u00e9tail haut de gamme, les murs architecturaux et tout espace o\u00f9 l&rsquo;extraordinaire est la seule norme acceptable. <\/p>\n<p>&nbsp;<\/p>\n<p>&nbsp;<\/p>\n<hr class=\"border-border-200 border-t-0.5 my-3 mx-1.5\">\n","protected":false},"excerpt":{"rendered":"<p>La nature ne trace pas de lignes droites. Elle se ramifie, rayonne, se connecte. Le placage min\u00e9ral XSTONE Roll en texture Spider et cuivre rouill\u00e9 est une surface murale en pierre flexible o\u00f9 la g\u00e9om\u00e9trie organique entre en collision avec la beaut\u00e9 brute et oxyd\u00e9e du m\u00e9tal qui s&rsquo;abandonne au temps. La texture Spider s&rsquo;\u00e9tend [&hellip;]<\/p>\n","protected":false},"featured_media":18383,"comment_status":"open","ping_status":"closed","template":"","meta":{"_acf_changed":false,"_uag_custom_page_level_css":"","site-sidebar-layout":"default","site-content-layout":"","ast-site-content-layout":"default","site-content-style":"default","site-sidebar-style":"default","ast-global-header-display":"","ast-banner-title-visibility":"","ast-main-header-display":"","ast-hfb-above-header-display":"","ast-hfb-below-header-display":"","ast-hfb-mobile-header-display":"","site-post-title":"","ast-breadcrumbs-content":"","ast-featured-img":"","footer-sml-layout":"","theme-transparent-header-meta":"default","adv-header-id-meta":"","stick-header-meta":"default","header-above-stick-meta":"","header-main-stick-meta":"","header-below-stick-meta":"","astra-migrate-meta-layouts":"default","ast-page-background-enabled":"default","ast-page-background-meta":{"desktop":{"background-color":"var(--ast-global-color-4)","background-image":"","background-repeat":"repeat","background-position":"center center","background-size":"auto","background-attachment":"scroll","background-type":"","background-media":"","overlay-type":"","overlay-color":"","overlay-opacity":"","overlay-gradient":""},"tablet":{"background-color":"","background-image":"","background-repeat":"repeat","background-position":"center center","background-size":"auto","background-attachment":"scroll","background-type":"","background-media":"","overlay-type":"","overlay-color":"","overlay-opacity":"","overlay-gradient":""},"mobile":{"background-color":"","background-image":"","background-repeat":"repeat","background-position":"center center","background-size":"auto","background-attachment":"scroll","background-type":"","background-media":"","overlay-type":"","overlay-color":"","overlay-opacity":"","overlay-gradient":""}},"ast-content-background-meta":{"desktop":{"background-color":"var(--ast-global-color-5)","background-image":"","background-repeat":"repeat","background-position":"center center","background-size":"auto","background-attachment":"scroll","background-type":"","background-media":"","overlay-type":"","overlay-color":"","overlay-opacity":"","overlay-gradient":""},"tablet":{"background-color":"var(--ast-global-color-5)","background-image":"","background-repeat":"repeat","background-position":"center center","background-size":"auto","background-attachment":"scroll","background-type":"","background-media":"","overlay-type":"","overlay-color":"","overlay-opacity":"","overlay-gradient":""},"mobile":{"background-color":"var(--ast-global-color-5)","background-image":"","background-repeat":"repeat","background-position":"center center","background-size":"auto","background-attachment":"scroll","background-type":"","background-media":"","overlay-type":"","overlay-color":"","overlay-opacity":"","overlay-gradient":""}}},"product_brand":[],"product_cat":[1551,1561,1547,1559,1548,1546],"product_tag":[3137,3318,3310,3316,3321,1562,3322,3312,3308,3320,3314],"class_list":{"0":"post-21907","1":"product","2":"type-product","3":"status-publish","4":"has-post-thumbnail","6":"product_cat-furniture","7":"product_cat-office","8":"product_cat-wall-design","9":"product_cat-panel","10":"product_cat-retail-design","11":"product_cat-signature","12":"product_tag-comp-color-18335","13":"product_tag-organic-geometric-wall-design","14":"product_tag-a2-fire-rated-wall-panel","15":"product_tag-flexible-mineral-stone-veneer","16":"product_tag-copper-patina-interior-cladding","17":"product_tag-comp-backing-15503","18":"product_tag-sustainable-architectural-wall-surface","19":"product_tag-living-copper-patina-wall-surface","20":"product_tag-comp-texture-15433","21":"product_tag-branching-wall-texture","22":"product_tag-spider-web-wall-texture","23":"desktop-align-left","24":"tablet-align-left","25":"mobile-align-left","27":"first","28":"instock","29":"shipping-taxable","30":"product-type-simple"},"acf":[],"yoast_head":"<!-- This site is optimized with the Yoast SEO Premium plugin v27.4 (Yoast SEO v27.4) - https:\/\/yoast.com\/product\/yoast-seo-premium-wordpress\/ -->\n<title>Placage min\u00e9ral en rouleau | Araign\u00e9e | Cuivre rouill\u00e9<\/title>\n<meta name=\"description\" content=\"Rouleau flexible \u00e0 texture arachn\u00e9enne en cuivre rouill\u00e9. 90 % de min\u00e9raux recycl\u00e9s, classement au feu A2. Mur en cuivre patin\u00e9 oxyd\u00e9 pour l&#039;h\u00f4tellerie de luxe et le commerce de d\u00e9tail.\" \/>\n<meta name=\"robots\" content=\"index, follow, max-snippet:-1, max-image-preview:large, max-video-preview:-1\" \/>\n<link rel=\"canonical\" href=\"https:\/\/xstone.group\/fr\/product\/rolspi10027-roll-spider-rusted-copper\/\" \/>\n<meta property=\"og:locale\" content=\"fr_FR\" \/>\n<meta property=\"og:type\" content=\"article\" \/>\n<meta property=\"og:title\" content=\"[ROL] Placage min\u00e9ral en rouleau [SPI] Araign\u00e9e [10027] Cuivre rouill\u00e9\" \/>\n<meta property=\"og:description\" content=\"Rouleau flexible \u00e0 texture arachn\u00e9enne en cuivre rouill\u00e9. 90 % de min\u00e9raux recycl\u00e9s, classement au feu A2. Mur en cuivre patin\u00e9 oxyd\u00e9 pour l&#039;h\u00f4tellerie de luxe et le commerce de d\u00e9tail.\" \/>\n<meta property=\"og:url\" content=\"https:\/\/xstone.group\/fr\/product\/rolspi10027-roll-spider-rusted-copper\/\" \/>\n<meta property=\"og:site_name\" content=\"XSTONE\" \/>\n<meta property=\"article:publisher\" content=\"https:\/\/www.facebook.com\/Xstonesurfaces1\/\" \/>\n<meta property=\"og:image\" content=\"https:\/\/xstone.group\/wp-content\/uploads\/2026\/04\/XSTONE_Mineral-Veneer_0053.webp\" \/>\n\t<meta property=\"og:image:width\" content=\"1080\" \/>\n\t<meta property=\"og:image:height\" content=\"1080\" \/>\n\t<meta property=\"og:image:type\" content=\"image\/webp\" \/>\n<meta name=\"twitter:card\" content=\"summary_large_image\" \/>\n<meta name=\"twitter:label1\" content=\"Dur\u00e9e de lecture estim\u00e9e\" \/>\n\t<meta name=\"twitter:data1\" content=\"1 minute\" \/>\n<script type=\"application\/ld+json\" class=\"yoast-schema-graph\">{\"@context\":\"https:\\\/\\\/schema.org\",\"@graph\":[{\"@type\":\"WebPage\",\"@id\":\"https:\\\/\\\/xstone.group\\\/fr\\\/product\\\/rolspi10027-roll-spider-rusted-copper\\\/\",\"url\":\"https:\\\/\\\/xstone.group\\\/fr\\\/product\\\/rolspi10027-roll-spider-rusted-copper\\\/\",\"name\":\"Placage min\u00e9ral en rouleau | Araign\u00e9e | Cuivre rouill\u00e9\",\"isPartOf\":{\"@id\":\"https:\\\/\\\/xstone.group\\\/fr\\\/#website\"},\"primaryImageOfPage\":{\"@id\":\"https:\\\/\\\/xstone.group\\\/fr\\\/product\\\/rolspi10027-roll-spider-rusted-copper\\\/#primaryimage\"},\"image\":{\"@id\":\"https:\\\/\\\/xstone.group\\\/fr\\\/product\\\/rolspi10027-roll-spider-rusted-copper\\\/#primaryimage\"},\"thumbnailUrl\":\"https:\\\/\\\/xstone.group\\\/wp-content\\\/uploads\\\/2026\\\/04\\\/XSTONE_Mineral-Veneer_0053.webp\",\"datePublished\":\"2026-04-11T08:34:07+00:00\",\"description\":\"Rouleau flexible \u00e0 texture arachn\u00e9enne en cuivre rouill\u00e9. 90 % de min\u00e9raux recycl\u00e9s, classement au feu A2. Mur en cuivre patin\u00e9 oxyd\u00e9 pour l'h\u00f4tellerie de luxe et le commerce de d\u00e9tail.\",\"breadcrumb\":{\"@id\":\"https:\\\/\\\/xstone.group\\\/fr\\\/product\\\/rolspi10027-roll-spider-rusted-copper\\\/#breadcrumb\"},\"inLanguage\":\"fr-FR\",\"potentialAction\":[{\"@type\":\"ReadAction\",\"target\":[\"https:\\\/\\\/xstone.group\\\/fr\\\/product\\\/rolspi10027-roll-spider-rusted-copper\\\/\"]}]},{\"@type\":\"ImageObject\",\"inLanguage\":\"fr-FR\",\"@id\":\"https:\\\/\\\/xstone.group\\\/fr\\\/product\\\/rolspi10027-roll-spider-rusted-copper\\\/#primaryimage\",\"url\":\"https:\\\/\\\/xstone.group\\\/wp-content\\\/uploads\\\/2026\\\/04\\\/XSTONE_Mineral-Veneer_0053.webp\",\"contentUrl\":\"https:\\\/\\\/xstone.group\\\/wp-content\\\/uploads\\\/2026\\\/04\\\/XSTONE_Mineral-Veneer_0053.webp\",\"width\":1080,\"height\":1080,\"caption\":\"cuivre en rouleau d'araign\u00e9e\"},{\"@type\":\"BreadcrumbList\",\"@id\":\"https:\\\/\\\/xstone.group\\\/fr\\\/product\\\/rolspi10027-roll-spider-rusted-copper\\\/#breadcrumb\",\"itemListElement\":[{\"@type\":\"ListItem\",\"position\":1,\"name\":\"Home\",\"item\":\"https:\\\/\\\/xstone.group\\\/fr\\\/\"},{\"@type\":\"ListItem\",\"position\":2,\"name\":\"Produits\",\"item\":\"https:\\\/\\\/xstone.group\\\/fr\\\/shop\\\/\"},{\"@type\":\"ListItem\",\"position\":3,\"name\":\"[ROL] Placage min\u00e9ral en rouleau [SPI] Araign\u00e9e [10027] Cuivre rouill\u00e9\"}]},{\"@type\":\"WebSite\",\"@id\":\"https:\\\/\\\/xstone.group\\\/fr\\\/#website\",\"url\":\"https:\\\/\\\/xstone.group\\\/fr\\\/\",\"name\":\"XSTONE\",\"description\":\"Une beaut\u00e9 min\u00e9rale authentique et illimit\u00e9e, lib\u00e9r\u00e9e de la pesanteur\",\"publisher\":{\"@id\":\"https:\\\/\\\/xstone.group\\\/fr\\\/#organization\"},\"potentialAction\":[{\"@type\":\"SearchAction\",\"target\":{\"@type\":\"EntryPoint\",\"urlTemplate\":\"https:\\\/\\\/xstone.group\\\/fr\\\/?s={search_term_string}\"},\"query-input\":{\"@type\":\"PropertyValueSpecification\",\"valueRequired\":true,\"valueName\":\"search_term_string\"}}],\"inLanguage\":\"fr-FR\"},{\"@type\":\"Organization\",\"@id\":\"https:\\\/\\\/xstone.group\\\/fr\\\/#organization\",\"name\":\"XSTONE\",\"url\":\"https:\\\/\\\/xstone.group\\\/fr\\\/\",\"logo\":{\"@type\":\"ImageObject\",\"inLanguage\":\"fr-FR\",\"@id\":\"https:\\\/\\\/xstone.group\\\/fr\\\/#\\\/schema\\\/logo\\\/image\\\/\",\"url\":\"https:\\\/\\\/xstone.group\\\/wp-content\\\/uploads\\\/2025\\\/10\\\/cropped-XStone-Surfaces-Logo-white.webp\",\"contentUrl\":\"https:\\\/\\\/xstone.group\\\/wp-content\\\/uploads\\\/2025\\\/10\\\/cropped-XStone-Surfaces-Logo-white.webp\",\"width\":226,\"height\":75,\"caption\":\"XSTONE\"},\"image\":{\"@id\":\"https:\\\/\\\/xstone.group\\\/fr\\\/#\\\/schema\\\/logo\\\/image\\\/\"},\"sameAs\":[\"https:\\\/\\\/www.facebook.com\\\/Xstonesurfaces1\\\/\",\"https:\\\/\\\/www.linkedin.com\\\/company\\\/concrete-on-roll-xstone\\\/\",\"https:\\\/\\\/www.youtube.com\\\/@xstoneteam3953\\\/videos\",\"https:\\\/\\\/www.instagram.com\\\/xstone.surfacesuk\\\/\"],\"description\":\"XSTONE\u00ae fournit des surfaces min\u00e9rales innovantes, flexibles et durables pour architecture, ameublement et design. Explorez nos solutions premium.\",\"email\":\"info@xstone.group\",\"legalName\":\"XSTONE SRL\",\"foundingDate\":\"2007-01-01\",\"vatID\":\"RO53094294\",\"numberOfEmployees\":{\"@type\":\"QuantitativeValue\",\"minValue\":\"1\",\"maxValue\":\"10\"}}]}<\/script>\n<!-- \/ Yoast SEO Premium plugin. -->","yoast_head_json":{"title":"Placage min\u00e9ral en rouleau | Araign\u00e9e | Cuivre rouill\u00e9","description":"Rouleau flexible \u00e0 texture arachn\u00e9enne en cuivre rouill\u00e9. 90 % de min\u00e9raux recycl\u00e9s, classement au feu A2. Mur en cuivre patin\u00e9 oxyd\u00e9 pour l'h\u00f4tellerie de luxe et le commerce de d\u00e9tail.","robots":{"index":"index","follow":"follow","max-snippet":"max-snippet:-1","max-image-preview":"max-image-preview:large","max-video-preview":"max-video-preview:-1"},"canonical":"https:\/\/xstone.group\/fr\/product\/rolspi10027-roll-spider-rusted-copper\/","og_locale":"fr_FR","og_type":"article","og_title":"[ROL] Placage min\u00e9ral en rouleau [SPI] Araign\u00e9e [10027] Cuivre rouill\u00e9","og_description":"Rouleau flexible \u00e0 texture arachn\u00e9enne en cuivre rouill\u00e9. 90 % de min\u00e9raux recycl\u00e9s, classement au feu A2. Mur en cuivre patin\u00e9 oxyd\u00e9 pour l'h\u00f4tellerie de luxe et le commerce de d\u00e9tail.","og_url":"https:\/\/xstone.group\/fr\/product\/rolspi10027-roll-spider-rusted-copper\/","og_site_name":"XSTONE","article_publisher":"https:\/\/www.facebook.com\/Xstonesurfaces1\/","og_image":[{"width":1080,"height":1080,"url":"https:\/\/xstone.group\/wp-content\/uploads\/2026\/04\/XSTONE_Mineral-Veneer_0053.webp","type":"image\/webp"}],"twitter_card":"summary_large_image","twitter_misc":{"Dur\u00e9e de lecture estim\u00e9e":"1 minute"},"schema":{"@context":"https:\/\/schema.org","@graph":[{"@type":"WebPage","@id":"https:\/\/xstone.group\/fr\/product\/rolspi10027-roll-spider-rusted-copper\/","url":"https:\/\/xstone.group\/fr\/product\/rolspi10027-roll-spider-rusted-copper\/","name":"Placage min\u00e9ral en rouleau | Araign\u00e9e | Cuivre rouill\u00e9","isPartOf":{"@id":"https:\/\/xstone.group\/fr\/#website"},"primaryImageOfPage":{"@id":"https:\/\/xstone.group\/fr\/product\/rolspi10027-roll-spider-rusted-copper\/#primaryimage"},"image":{"@id":"https:\/\/xstone.group\/fr\/product\/rolspi10027-roll-spider-rusted-copper\/#primaryimage"},"thumbnailUrl":"https:\/\/xstone.group\/wp-content\/uploads\/2026\/04\/XSTONE_Mineral-Veneer_0053.webp","datePublished":"2026-04-11T08:34:07+00:00","description":"Rouleau flexible \u00e0 texture arachn\u00e9enne en cuivre rouill\u00e9. 90 % de min\u00e9raux recycl\u00e9s, classement au feu A2. Mur en cuivre patin\u00e9 oxyd\u00e9 pour l'h\u00f4tellerie de luxe et le commerce de d\u00e9tail.","breadcrumb":{"@id":"https:\/\/xstone.group\/fr\/product\/rolspi10027-roll-spider-rusted-copper\/#breadcrumb"},"inLanguage":"fr-FR","potentialAction":[{"@type":"ReadAction","target":["https:\/\/xstone.group\/fr\/product\/rolspi10027-roll-spider-rusted-copper\/"]}]},{"@type":"ImageObject","inLanguage":"fr-FR","@id":"https:\/\/xstone.group\/fr\/product\/rolspi10027-roll-spider-rusted-copper\/#primaryimage","url":"https:\/\/xstone.group\/wp-content\/uploads\/2026\/04\/XSTONE_Mineral-Veneer_0053.webp","contentUrl":"https:\/\/xstone.group\/wp-content\/uploads\/2026\/04\/XSTONE_Mineral-Veneer_0053.webp","width":1080,"height":1080,"caption":"cuivre en rouleau d'araign\u00e9e"},{"@type":"BreadcrumbList","@id":"https:\/\/xstone.group\/fr\/product\/rolspi10027-roll-spider-rusted-copper\/#breadcrumb","itemListElement":[{"@type":"ListItem","position":1,"name":"Home","item":"https:\/\/xstone.group\/fr\/"},{"@type":"ListItem","position":2,"name":"Produits","item":"https:\/\/xstone.group\/fr\/shop\/"},{"@type":"ListItem","position":3,"name":"[ROL] Placage min\u00e9ral en rouleau [SPI] Araign\u00e9e [10027] Cuivre rouill\u00e9"}]},{"@type":"WebSite","@id":"https:\/\/xstone.group\/fr\/#website","url":"https:\/\/xstone.group\/fr\/","name":"XSTONE","description":"Une beaut\u00e9 min\u00e9rale authentique et illimit\u00e9e, lib\u00e9r\u00e9e de la pesanteur","publisher":{"@id":"https:\/\/xstone.group\/fr\/#organization"},"potentialAction":[{"@type":"SearchAction","target":{"@type":"EntryPoint","urlTemplate":"https:\/\/xstone.group\/fr\/?s={search_term_string}"},"query-input":{"@type":"PropertyValueSpecification","valueRequired":true,"valueName":"search_term_string"}}],"inLanguage":"fr-FR"},{"@type":"Organization","@id":"https:\/\/xstone.group\/fr\/#organization","name":"XSTONE","url":"https:\/\/xstone.group\/fr\/","logo":{"@type":"ImageObject","inLanguage":"fr-FR","@id":"https:\/\/xstone.group\/fr\/#\/schema\/logo\/image\/","url":"https:\/\/xstone.group\/wp-content\/uploads\/2025\/10\/cropped-XStone-Surfaces-Logo-white.webp","contentUrl":"https:\/\/xstone.group\/wp-content\/uploads\/2025\/10\/cropped-XStone-Surfaces-Logo-white.webp","width":226,"height":75,"caption":"XSTONE"},"image":{"@id":"https:\/\/xstone.group\/fr\/#\/schema\/logo\/image\/"},"sameAs":["https:\/\/www.facebook.com\/Xstonesurfaces1\/","https:\/\/www.linkedin.com\/company\/concrete-on-roll-xstone\/","https:\/\/www.youtube.com\/@xstoneteam3953\/videos","https:\/\/www.instagram.com\/xstone.surfacesuk\/"],"description":"XSTONE\u00ae fournit des surfaces min\u00e9rales innovantes, flexibles et durables pour architecture, ameublement et design. Explorez nos solutions premium.","email":"info@xstone.group","legalName":"XSTONE SRL","foundingDate":"2007-01-01","vatID":"RO53094294","numberOfEmployees":{"@type":"QuantitativeValue","minValue":"1","maxValue":"10"}}]}},"spectra_custom_meta":{"_last_translation_edit_mode":["translation-editor"],"_product_attributes":["a:8:{s:7:\"backing\";a:6:{s:4:\"name\";s:7:\"Backing\";s:5:\"value\";s:14:\"Fibre de verre\";s:8:\"position\";i:0;s:10:\"is_visible\";i:1;s:12:\"is_variation\";i:0;s:11:\"is_taxonomy\";i:0;}s:7:\"texture\";a:6:{s:4:\"name\";s:7:\"Texture\";s:5:\"value\";s:9:\"Araign\u00e9e\";s:8:\"position\";i:1;s:10:\"is_visible\";i:1;s:12:\"is_variation\";i:0;s:11:\"is_taxonomy\";i:0;}s:5:\"color\";a:6:{s:4:\"name\";s:5:\"Color\";s:5:\"value\";s:15:\"Cuivre rouill\u00e9\";s:8:\"position\";i:2;s:10:\"is_visible\";i:1;s:12:\"is_variation\";i:0;s:11:\"is_taxonomy\";i:0;}s:4:\"size\";a:6:{s:4:\"name\";s:4:\"Size\";s:5:\"value\";s:50:\"3000 x 1000 mm ; dimensions sur mesure sur demande\";s:8:\"position\";i:3;s:10:\"is_visible\";i:1;s:12:\"is_variation\";i:0;s:11:\"is_taxonomy\";i:0;}s:9:\"thickness\";a:6:{s:4:\"name\";s:9:\"Thickness\";s:5:\"value\";s:10:\"2 - 2,5 mm\";s:8:\"position\";i:5;s:10:\"is_visible\";i:1;s:12:\"is_variation\";i:0;s:11:\"is_taxonomy\";i:0;}s:6:\"finish\";a:6:{s:4:\"name\";s:6:\"Finish\";s:5:\"value\";s:3:\"Mat\";s:8:\"position\";i:6;s:10:\"is_visible\";i:1;s:12:\"is_variation\";i:0;s:11:\"is_taxonomy\";i:0;}s:11:\"composition\";a:6:{s:4:\"name\";s:11:\"Composition\";s:5:\"value\";s:75:\"90% de poudre de pierre marbri\u00e8re recycl\u00e9e + Copolym\u00e8re + Fibre de verre\";s:8:\"position\";i:7;s:10:\"is_visible\";i:1;s:12:\"is_variation\";i:0;s:11:\"is_taxonomy\";i:0;}s:11:\"fire-rating\";a:6:{s:4:\"name\";s:11:\"Fire rating\";s:5:\"value\";s:8:\"A2-s1-d0\";s:8:\"position\";i:8;s:10:\"is_visible\";i:1;s:12:\"is_variation\";i:0;s:11:\"is_taxonomy\";i:0;}}"],"attr_label_translations":["a:1:{s:2:\"fr\";a:8:{s:7:\"backing\";s:7:\"Soutien\";s:7:\"texture\";s:7:\"Texture\";s:5:\"color\";s:7:\"Couleur\";s:4:\"size\";s:6:\"Taille\";s:9:\"thickness\";s:10:\"\u00c9paisseur\";s:6:\"finish\";s:8:\"Finition\";s:11:\"composition\";s:11:\"Composition\";s:11:\"fire-rating\";s:17:\"Classement au feu\";}}"],"_wcml_average_rating":[null],"_wcml_review_count":[null],"_wcml_rating_count":[null],"_yoast_wpseo_primary_product_cat":["332"],"_backorders":["no"],"_download_limit":["-1"],"_download_expiry":["-1"],"_downloadable":["no"],"_manage_stock":["no"],"_sku":["ROLSPI10027"],"_stock_status":["instock"],"_sold_individually":["no"],"_tax_class":[""],"_tax_status":["taxable"],"_virtual":["no"],"total_sales":["0"],"_wpml_media_duplicate":["1"],"_wpml_media_featured":["1"],"stick-header-meta":["default"],"site-sidebar-layout":["default"],"theme-transparent-header-meta":["default"],"ast-site-content-layout":["default"],"site-content-style":["default"],"site-sidebar-style":["default"],"_yoast_wpseo_title":["Placage min\u00e9ral en rouleau | Araign\u00e9e | Cuivre rouill\u00e9"],"_yoast_wpseo_metadesc":["Rouleau flexible \u00e0 texture arachn\u00e9enne en cuivre rouill\u00e9. 90 % de min\u00e9raux recycl\u00e9s, classement au feu A2. Mur en cuivre patin\u00e9 oxyd\u00e9 pour l'h\u00f4tellerie de luxe et le commerce de d\u00e9tail."],"_yoast_wpseo_focuskw":["cuivre en rouleau d'araign\u00e9e"],"_upsell_ids":["a:3:{i:0;N;i:1;N;i:2;N;}"],"_wpt_field_wpt-16200":["[elementor-template id=\"16197\"]"],"_thumbnail_id":["18383"],"_wpml_word_count":["290"],"_elementor_edit_mode":["builder"],"_selectproduct_layout":["18065"],"woolentor_views_count_product":["5"],"_uag_css_file_name":["uag-css-21907.css"],"_uag_js_file_name":["uag-js-21907.js"],"tp_widgets":["a:2:{s:7:\"widgets\";a:6:{i:0;s:18:\"plus-list-skeleton\";i:1;s:22:\"plus-listing-load-more\";i:2;s:18:\"plus-listing-metro\";i:3;s:18:\"tp-product-listout\";i:4;s:17:\"tp-single-style_1\";i:5;s:19:\"tp-woo-single-image\";}s:9:\"update_at\";s:10:\"1776541402\";}"],"_wc_rating_count":[""],"_wc_review_count":[""],"_wc_average_rating":[0]},"uagb_featured_image_src":{"full":["https:\/\/xstone.group\/wp-content\/uploads\/2026\/04\/XSTONE_Mineral-Veneer_0053.webp",1080,1080,false],"thumbnail":["https:\/\/xstone.group\/wp-content\/uploads\/2026\/04\/XSTONE_Mineral-Veneer_0053-150x150.webp",150,150,true],"medium":["https:\/\/xstone.group\/wp-content\/uploads\/2026\/04\/XSTONE_Mineral-Veneer_0053-300x300.webp",300,300,true],"medium_large":["https:\/\/xstone.group\/wp-content\/uploads\/2026\/04\/XSTONE_Mineral-Veneer_0053-768x768.webp",768,768,true],"large":["https:\/\/xstone.group\/wp-content\/uploads\/2026\/04\/XSTONE_Mineral-Veneer_0053-1024x1024.webp",1024,1024,true],"1536x1536":["https:\/\/xstone.group\/wp-content\/uploads\/2026\/04\/XSTONE_Mineral-Veneer_0053.webp",1080,1080,false],"2048x2048":["https:\/\/xstone.group\/wp-content\/uploads\/2026\/04\/XSTONE_Mineral-Veneer_0053.webp",1080,1080,false],"tp-image-grid":["https:\/\/xstone.group\/wp-content\/uploads\/2026\/04\/XSTONE_Mineral-Veneer_0053-700x700.webp",700,700,true],"tenweb_optimizer_mobile":["https:\/\/xstone.group\/wp-content\/uploads\/2026\/04\/XSTONE_Mineral-Veneer_0053-600x600.webp",600,600,true],"tenweb_optimizer_tablet":["https:\/\/xstone.group\/wp-content\/uploads\/2026\/04\/XSTONE_Mineral-Veneer_0053-768x768.webp",768,768,true],"woocommerce_thumbnail":["https:\/\/xstone.group\/wp-content\/uploads\/2026\/04\/XSTONE_Mineral-Veneer_0053-300x300.webp",300,300,true],"woocommerce_single":["https:\/\/xstone.group\/wp-content\/uploads\/2026\/04\/XSTONE_Mineral-Veneer_0053-600x600.webp",600,600,true],"woocommerce_gallery_thumbnail":["https:\/\/xstone.group\/wp-content\/uploads\/2026\/04\/XSTONE_Mineral-Veneer_0053-100x100.webp",100,100,true]},"uagb_author_info":{"display_name":"laurent.gomez@xstone.group","author_link":"https:\/\/xstone.group\/fr\/author\/"},"uagb_comment_info":0,"uagb_excerpt":"La nature ne trace pas de lignes droites. Elle se ramifie, rayonne, se connecte. Le placage min\u00e9ral XSTONE Roll en texture Spider et cuivre rouill\u00e9 est une surface murale en pierre flexible o\u00f9 la g\u00e9om\u00e9trie organique entre en collision avec la beaut\u00e9 brute et oxyd\u00e9e du m\u00e9tal qui s&rsquo;abandonne au temps. La texture Spider s&rsquo;\u00e9tend\u2026","_links":{"self":[{"href":"https:\/\/xstone.group\/fr\/wp-json\/wp\/v2\/product\/21907","targetHints":{"allow":["GET"]}}],"collection":[{"href":"https:\/\/xstone.group\/fr\/wp-json\/wp\/v2\/product"}],"about":[{"href":"https:\/\/xstone.group\/fr\/wp-json\/wp\/v2\/types\/product"}],"replies":[{"embeddable":true,"href":"https:\/\/xstone.group\/fr\/wp-json\/wp\/v2\/comments?post=21907"}],"wp:featuredmedia":[{"embeddable":true,"href":"https:\/\/xstone.group\/fr\/wp-json\/wp\/v2\/media\/18383"}],"wp:attachment":[{"href":"https:\/\/xstone.group\/fr\/wp-json\/wp\/v2\/media?parent=21907"}],"wp:term":[{"taxonomy":"product_brand","embeddable":true,"href":"https:\/\/xstone.group\/fr\/wp-json\/wp\/v2\/product_brand?post=21907"},{"taxonomy":"product_cat","embeddable":true,"href":"https:\/\/xstone.group\/fr\/wp-json\/wp\/v2\/product_cat?post=21907"},{"taxonomy":"product_tag","embeddable":true,"href":"https:\/\/xstone.group\/fr\/wp-json\/wp\/v2\/product_tag?post=21907"}],"curies":[{"name":"wp","href":"https:\/\/api.w.org\/{rel}","templated":true}]}}