{"id":22728,"date":"2026-04-13T20:41:42","date_gmt":"2026-04-13T20:41:42","guid":{"rendered":"https:\/\/xstone.group\/product\/rol-placage-mineral-en-rouleau-bri-brique-10039-beige-rouge-fonce\/"},"modified":"2026-04-13T20:41:42","modified_gmt":"2026-04-13T20:41:42","slug":"rolbri10039-roll-brick-10031-dark-red","status":"publish","type":"product","link":"https:\/\/xstone.group\/fr\/product\/rolbri10039-roll-brick-10031-dark-red\/","title":{"rendered":"[ROL] Placage min\u00e9ral en rouleau [BRI] Brique [10039] Beige rouge fonc\u00e9"},"content":{"rendered":"<p class=\"font-claude-response-body break-words whitespace-normal leading-[1.7]\">Certains murs ne se contentent pas de d\u00e9finir un espace, ils en racontent l&rsquo;histoire.<\/p>\n<p class=\"font-claude-response-body break-words whitespace-normal leading-[1.7]\">Le placage min\u00e9ral en rouleau XSTONE en texture Brick et Beige Dark Red est un panneau mural en pierre flexible \u00e0 effet brique de terre cuite qui apporte l&rsquo;\u00e2me de la ma\u00e7onnerie artisanale dans les int\u00e9rieurs contemporains, sans aucune de ses contraintes structurelles. La texture Brick capture ce qui rend la brique irrempla\u00e7able : la surface rythm\u00e9e, les irr\u00e9gularit\u00e9s subtiles, le doux jeu de relief o\u00f9 chaque pi\u00e8ce capte la lumi\u00e8re diff\u00e9remment, comme si elle avait \u00e9t\u00e9 fa\u00e7onn\u00e9e par une main diff\u00e9rente. L&rsquo;ordre et l&rsquo;imperfection en parfait \u00e9quilibre &#8211; une surface qui donne aux murs du caract\u00e8re, de la chaleur et un sentiment de pr\u00e9sence humaine.  <\/p>\n<p class=\"font-claude-response-body break-words whitespace-normal leading-[1.7]\">En Beige Dark Red, un riche orange min\u00e9ral avec des nuances chaudes de terre cuite, une douce profondeur mate et de d\u00e9licates mouchetures naturelles &#8211; cette texture s&rsquo;enflamme. Argile cuite au soleil. La lumi\u00e8re des paysages du sud. L&rsquo;\u00e2me artisanale des c\u00e9ramiques anciennes traduite en un rouleau flexible de 2 mm qui enveloppe les murs, les courbes, les colonnes et les d\u00e9tails architecturaux avec une facilit\u00e9 absolue \u00e0 seulement 2 kg\/m\u00b2.   <\/p>\n<p class=\"font-claude-response-body break-words whitespace-normal leading-[1.7]\">Cette combinaison est con\u00e7ue pour les espaces o\u00f9 l&rsquo;atmosph\u00e8re est l&rsquo;architecture : int\u00e9rieurs de restaurants de luxe, halls d&rsquo;entr\u00e9e d&rsquo;h\u00f4tels de charme, bars haut de gamme et environnements d&rsquo;accueil, murs d&rsquo;accompagnement r\u00e9sidentiels haut de gamme et int\u00e9rieurs de magasins o\u00f9 la chaleur et l&rsquo;authenticit\u00e9 sont la marque de fabrique. Fabriqu\u00e9 \u00e0 partir de 90 % de poudre de marbre recycl\u00e9e, certifi\u00e9 A2-s1-d0 pour la s\u00e9curit\u00e9 incendie europ\u00e9enne et conforme aux normes de durabilit\u00e9 BREEAM et LEED. <\/p>\n<p class=\"font-claude-response-body break-words whitespace-normal leading-[1.7]\">Le plus ancien mat\u00e9riau de l&rsquo;architecture. R\u00e9invent\u00e9 pour les espaces de demain. <\/p>\n<p>&nbsp;<\/p>\n<p>&nbsp;<\/p>\n<hr class=\"border-border-200 border-t-0.5 my-3 mx-1.5\">\n","protected":false},"excerpt":{"rendered":"<p>Certains murs ne se contentent pas de d\u00e9finir un espace, ils en racontent l&rsquo;histoire. Le placage min\u00e9ral en rouleau XSTONE en texture Brick et Beige Dark Red est un panneau mural en pierre flexible \u00e0 effet brique de terre cuite qui apporte l&rsquo;\u00e2me de la ma\u00e7onnerie artisanale dans les int\u00e9rieurs contemporains, sans aucune de ses [&hellip;]<\/p>\n","protected":false},"featured_media":18599,"comment_status":"open","ping_status":"closed","template":"","meta":{"_acf_changed":false,"_uag_custom_page_level_css":"","site-sidebar-layout":"default","site-content-layout":"","ast-site-content-layout":"default","site-content-style":"default","site-sidebar-style":"default","ast-global-header-display":"","ast-banner-title-visibility":"","ast-main-header-display":"","ast-hfb-above-header-display":"","ast-hfb-below-header-display":"","ast-hfb-mobile-header-display":"","site-post-title":"","ast-breadcrumbs-content":"","ast-featured-img":"","footer-sml-layout":"","theme-transparent-header-meta":"default","adv-header-id-meta":"","stick-header-meta":"default","header-above-stick-meta":"","header-main-stick-meta":"","header-below-stick-meta":"","astra-migrate-meta-layouts":"default","ast-page-background-enabled":"default","ast-page-background-meta":{"desktop":{"background-color":"var(--ast-global-color-4)","background-image":"","background-repeat":"repeat","background-position":"center center","background-size":"auto","background-attachment":"scroll","background-type":"","background-media":"","overlay-type":"","overlay-color":"","overlay-opacity":"","overlay-gradient":""},"tablet":{"background-color":"","background-image":"","background-repeat":"repeat","background-position":"center center","background-size":"auto","background-attachment":"scroll","background-type":"","background-media":"","overlay-type":"","overlay-color":"","overlay-opacity":"","overlay-gradient":""},"mobile":{"background-color":"","background-image":"","background-repeat":"repeat","background-position":"center center","background-size":"auto","background-attachment":"scroll","background-type":"","background-media":"","overlay-type":"","overlay-color":"","overlay-opacity":"","overlay-gradient":""}},"ast-content-background-meta":{"desktop":{"background-color":"var(--ast-global-color-5)","background-image":"","background-repeat":"repeat","background-position":"center center","background-size":"auto","background-attachment":"scroll","background-type":"","background-media":"","overlay-type":"","overlay-color":"","overlay-opacity":"","overlay-gradient":""},"tablet":{"background-color":"var(--ast-global-color-5)","background-image":"","background-repeat":"repeat","background-position":"center center","background-size":"auto","background-attachment":"scroll","background-type":"","background-media":"","overlay-type":"","overlay-color":"","overlay-opacity":"","overlay-gradient":""},"mobile":{"background-color":"var(--ast-global-color-5)","background-image":"","background-repeat":"repeat","background-position":"center center","background-size":"auto","background-attachment":"scroll","background-type":"","background-media":"","overlay-type":"","overlay-color":"","overlay-opacity":"","overlay-gradient":""}}},"product_brand":[],"product_cat":[1551,1561,1547,1556,1559,1548,1546],"product_tag":[4889,4894,4900,4892,4890,4893,4895,4891,4902,4898,1562,4897,4887],"class_list":{"0":"post-22728","1":"product","2":"type-product","3":"status-publish","4":"has-post-thumbnail","6":"product_cat-furniture","7":"product_cat-office","8":"product_cat-wall-design","9":"product_cat-facade","10":"product_cat-panel","11":"product_cat-retail-design","12":"product_cat-signature","13":"product_tag-comp-color-17187","14":"product_tag-terracotta-interior-wall-design","15":"product_tag-a2-fire-rated-brick-panel","16":"product_tag-beige-dark-red-wall-panel","17":"product_tag-terracotta-brick-effect-flexible-stone-wall-panel","18":"product_tag-flexible-brick-wall-veneer","19":"product_tag-luxury-restaurant-brick-wall","20":"product_tag-brick-texture-wall-cladding","21":"product_tag-sustainable-brick-wall-cladding","22":"product_tag-flexible-stone-roll-brick-effect","23":"product_tag-comp-backing-15503","24":"product_tag-warm-mineral-wall-surface","25":"product_tag-comp-texture-16821","26":"desktop-align-left","27":"tablet-align-left","28":"mobile-align-left","30":"first","31":"instock","32":"shipping-taxable","33":"product-type-simple"},"acf":[],"yoast_head":"<!-- This site is optimized with the Yoast SEO Premium plugin v27.4 (Yoast SEO v27.4) - https:\/\/yoast.com\/product\/yoast-seo-premium-wordpress\/ -->\n<title>Placage min\u00e9ral en rouleau | Brique | Beige rouge fonc\u00e9<\/title>\n<meta name=\"description\" content=\"Panneau mural en pierre effet brique de terre cuite, Beige Dark Red. Recycl\u00e9 \u00e0 90 %, class\u00e9 au feu A2. Surface flexible en briques pour l&#039;h\u00f4tellerie de luxe et le commerce de d\u00e9tail.\" \/>\n<meta name=\"robots\" content=\"index, follow, max-snippet:-1, max-image-preview:large, max-video-preview:-1\" \/>\n<link rel=\"canonical\" href=\"https:\/\/xstone.group\/fr\/product\/rolbri10039-roll-brick-10031-dark-red\/\" \/>\n<meta property=\"og:locale\" content=\"fr_FR\" \/>\n<meta property=\"og:type\" content=\"article\" \/>\n<meta property=\"og:title\" content=\"[ROL] Placage min\u00e9ral en rouleau [BRI] Brique [10039] Beige rouge fonc\u00e9\" \/>\n<meta property=\"og:description\" content=\"Panneau mural en pierre effet brique de terre cuite, Beige Dark Red. Recycl\u00e9 \u00e0 90 %, class\u00e9 au feu A2. Surface flexible en briques pour l&#039;h\u00f4tellerie de luxe et le commerce de d\u00e9tail.\" \/>\n<meta property=\"og:url\" content=\"https:\/\/xstone.group\/fr\/product\/rolbri10039-roll-brick-10031-dark-red\/\" \/>\n<meta property=\"og:site_name\" content=\"XSTONE\" \/>\n<meta property=\"article:publisher\" content=\"https:\/\/www.facebook.com\/Xstonesurfaces1\/\" \/>\n<meta property=\"og:image\" content=\"https:\/\/xstone.group\/wp-content\/uploads\/2026\/04\/XSTONE_Mineral-Veneer_0451.webp\" \/>\n\t<meta property=\"og:image:width\" content=\"1920\" \/>\n\t<meta property=\"og:image:height\" content=\"1080\" \/>\n\t<meta property=\"og:image:type\" content=\"image\/webp\" \/>\n<meta name=\"twitter:card\" content=\"summary_large_image\" \/>\n<meta name=\"twitter:label1\" content=\"Dur\u00e9e de lecture estim\u00e9e\" \/>\n\t<meta name=\"twitter:data1\" content=\"2 minutes\" \/>\n<script type=\"application\/ld+json\" class=\"yoast-schema-graph\">{\"@context\":\"https:\\\/\\\/schema.org\",\"@graph\":[{\"@type\":\"WebPage\",\"@id\":\"https:\\\/\\\/xstone.group\\\/fr\\\/product\\\/rolbri10039-roll-brick-10031-dark-red\\\/\",\"url\":\"https:\\\/\\\/xstone.group\\\/fr\\\/product\\\/rolbri10039-roll-brick-10031-dark-red\\\/\",\"name\":\"Placage min\u00e9ral en rouleau | Brique | Beige rouge fonc\u00e9\",\"isPartOf\":{\"@id\":\"https:\\\/\\\/xstone.group\\\/fr\\\/#website\"},\"primaryImageOfPage\":{\"@id\":\"https:\\\/\\\/xstone.group\\\/fr\\\/product\\\/rolbri10039-roll-brick-10031-dark-red\\\/#primaryimage\"},\"image\":{\"@id\":\"https:\\\/\\\/xstone.group\\\/fr\\\/product\\\/rolbri10039-roll-brick-10031-dark-red\\\/#primaryimage\"},\"thumbnailUrl\":\"https:\\\/\\\/xstone.group\\\/wp-content\\\/uploads\\\/2026\\\/04\\\/XSTONE_Mineral-Veneer_0451.webp\",\"datePublished\":\"2026-04-13T20:41:42+00:00\",\"description\":\"Panneau mural en pierre effet brique de terre cuite, Beige Dark Red. Recycl\u00e9 \u00e0 90 %, class\u00e9 au feu A2. Surface flexible en briques pour l'h\u00f4tellerie de luxe et le commerce de d\u00e9tail.\",\"breadcrumb\":{\"@id\":\"https:\\\/\\\/xstone.group\\\/fr\\\/product\\\/rolbri10039-roll-brick-10031-dark-red\\\/#breadcrumb\"},\"inLanguage\":\"fr-FR\",\"potentialAction\":[{\"@type\":\"ReadAction\",\"target\":[\"https:\\\/\\\/xstone.group\\\/fr\\\/product\\\/rolbri10039-roll-brick-10031-dark-red\\\/\"]}]},{\"@type\":\"ImageObject\",\"inLanguage\":\"fr-FR\",\"@id\":\"https:\\\/\\\/xstone.group\\\/fr\\\/product\\\/rolbri10039-roll-brick-10031-dark-red\\\/#primaryimage\",\"url\":\"https:\\\/\\\/xstone.group\\\/wp-content\\\/uploads\\\/2026\\\/04\\\/XSTONE_Mineral-Veneer_0451.webp\",\"contentUrl\":\"https:\\\/\\\/xstone.group\\\/wp-content\\\/uploads\\\/2026\\\/04\\\/XSTONE_Mineral-Veneer_0451.webp\",\"width\":1920,\"height\":1080,\"caption\":\"Panneau mural flexible en pierre, effet brique de terre cuite\"},{\"@type\":\"BreadcrumbList\",\"@id\":\"https:\\\/\\\/xstone.group\\\/fr\\\/product\\\/rolbri10039-roll-brick-10031-dark-red\\\/#breadcrumb\",\"itemListElement\":[{\"@type\":\"ListItem\",\"position\":1,\"name\":\"Home\",\"item\":\"https:\\\/\\\/xstone.group\\\/fr\\\/\"},{\"@type\":\"ListItem\",\"position\":2,\"name\":\"Produits\",\"item\":\"https:\\\/\\\/xstone.group\\\/fr\\\/shop\\\/\"},{\"@type\":\"ListItem\",\"position\":3,\"name\":\"[ROL] Placage min\u00e9ral en rouleau [BRI] Brique [10039] Beige rouge fonc\u00e9\"}]},{\"@type\":\"WebSite\",\"@id\":\"https:\\\/\\\/xstone.group\\\/fr\\\/#website\",\"url\":\"https:\\\/\\\/xstone.group\\\/fr\\\/\",\"name\":\"XSTONE\",\"description\":\"Une beaut\u00e9 min\u00e9rale authentique et illimit\u00e9e, lib\u00e9r\u00e9e de la pesanteur\",\"publisher\":{\"@id\":\"https:\\\/\\\/xstone.group\\\/fr\\\/#organization\"},\"potentialAction\":[{\"@type\":\"SearchAction\",\"target\":{\"@type\":\"EntryPoint\",\"urlTemplate\":\"https:\\\/\\\/xstone.group\\\/fr\\\/?s={search_term_string}\"},\"query-input\":{\"@type\":\"PropertyValueSpecification\",\"valueRequired\":true,\"valueName\":\"search_term_string\"}}],\"inLanguage\":\"fr-FR\"},{\"@type\":\"Organization\",\"@id\":\"https:\\\/\\\/xstone.group\\\/fr\\\/#organization\",\"name\":\"XSTONE\",\"url\":\"https:\\\/\\\/xstone.group\\\/fr\\\/\",\"logo\":{\"@type\":\"ImageObject\",\"inLanguage\":\"fr-FR\",\"@id\":\"https:\\\/\\\/xstone.group\\\/fr\\\/#\\\/schema\\\/logo\\\/image\\\/\",\"url\":\"https:\\\/\\\/xstone.group\\\/wp-content\\\/uploads\\\/2025\\\/10\\\/cropped-XStone-Surfaces-Logo-white.webp\",\"contentUrl\":\"https:\\\/\\\/xstone.group\\\/wp-content\\\/uploads\\\/2025\\\/10\\\/cropped-XStone-Surfaces-Logo-white.webp\",\"width\":226,\"height\":75,\"caption\":\"XSTONE\"},\"image\":{\"@id\":\"https:\\\/\\\/xstone.group\\\/fr\\\/#\\\/schema\\\/logo\\\/image\\\/\"},\"sameAs\":[\"https:\\\/\\\/www.facebook.com\\\/Xstonesurfaces1\\\/\",\"https:\\\/\\\/www.linkedin.com\\\/company\\\/concrete-on-roll-xstone\\\/\",\"https:\\\/\\\/www.youtube.com\\\/@xstoneteam3953\\\/videos\",\"https:\\\/\\\/www.instagram.com\\\/xstone.surfacesuk\\\/\"],\"description\":\"XSTONE\u00ae fournit des surfaces min\u00e9rales innovantes, flexibles et durables pour architecture, ameublement et design. Explorez nos solutions premium.\",\"email\":\"info@xstone.group\",\"legalName\":\"XSTONE SRL\",\"foundingDate\":\"2007-01-01\",\"vatID\":\"RO53094294\",\"numberOfEmployees\":{\"@type\":\"QuantitativeValue\",\"minValue\":\"1\",\"maxValue\":\"10\"}}]}<\/script>\n<!-- \/ Yoast SEO Premium plugin. -->","yoast_head_json":{"title":"Placage min\u00e9ral en rouleau | Brique | Beige rouge fonc\u00e9","description":"Panneau mural en pierre effet brique de terre cuite, Beige Dark Red. Recycl\u00e9 \u00e0 90 %, class\u00e9 au feu A2. Surface flexible en briques pour l'h\u00f4tellerie de luxe et le commerce de d\u00e9tail.","robots":{"index":"index","follow":"follow","max-snippet":"max-snippet:-1","max-image-preview":"max-image-preview:large","max-video-preview":"max-video-preview:-1"},"canonical":"https:\/\/xstone.group\/fr\/product\/rolbri10039-roll-brick-10031-dark-red\/","og_locale":"fr_FR","og_type":"article","og_title":"[ROL] Placage min\u00e9ral en rouleau [BRI] Brique [10039] Beige rouge fonc\u00e9","og_description":"Panneau mural en pierre effet brique de terre cuite, Beige Dark Red. Recycl\u00e9 \u00e0 90 %, class\u00e9 au feu A2. Surface flexible en briques pour l'h\u00f4tellerie de luxe et le commerce de d\u00e9tail.","og_url":"https:\/\/xstone.group\/fr\/product\/rolbri10039-roll-brick-10031-dark-red\/","og_site_name":"XSTONE","article_publisher":"https:\/\/www.facebook.com\/Xstonesurfaces1\/","og_image":[{"width":1920,"height":1080,"url":"https:\/\/xstone.group\/wp-content\/uploads\/2026\/04\/XSTONE_Mineral-Veneer_0451.webp","type":"image\/webp"}],"twitter_card":"summary_large_image","twitter_misc":{"Dur\u00e9e de lecture estim\u00e9e":"2 minutes"},"schema":{"@context":"https:\/\/schema.org","@graph":[{"@type":"WebPage","@id":"https:\/\/xstone.group\/fr\/product\/rolbri10039-roll-brick-10031-dark-red\/","url":"https:\/\/xstone.group\/fr\/product\/rolbri10039-roll-brick-10031-dark-red\/","name":"Placage min\u00e9ral en rouleau | Brique | Beige rouge fonc\u00e9","isPartOf":{"@id":"https:\/\/xstone.group\/fr\/#website"},"primaryImageOfPage":{"@id":"https:\/\/xstone.group\/fr\/product\/rolbri10039-roll-brick-10031-dark-red\/#primaryimage"},"image":{"@id":"https:\/\/xstone.group\/fr\/product\/rolbri10039-roll-brick-10031-dark-red\/#primaryimage"},"thumbnailUrl":"https:\/\/xstone.group\/wp-content\/uploads\/2026\/04\/XSTONE_Mineral-Veneer_0451.webp","datePublished":"2026-04-13T20:41:42+00:00","description":"Panneau mural en pierre effet brique de terre cuite, Beige Dark Red. Recycl\u00e9 \u00e0 90 %, class\u00e9 au feu A2. Surface flexible en briques pour l'h\u00f4tellerie de luxe et le commerce de d\u00e9tail.","breadcrumb":{"@id":"https:\/\/xstone.group\/fr\/product\/rolbri10039-roll-brick-10031-dark-red\/#breadcrumb"},"inLanguage":"fr-FR","potentialAction":[{"@type":"ReadAction","target":["https:\/\/xstone.group\/fr\/product\/rolbri10039-roll-brick-10031-dark-red\/"]}]},{"@type":"ImageObject","inLanguage":"fr-FR","@id":"https:\/\/xstone.group\/fr\/product\/rolbri10039-roll-brick-10031-dark-red\/#primaryimage","url":"https:\/\/xstone.group\/wp-content\/uploads\/2026\/04\/XSTONE_Mineral-Veneer_0451.webp","contentUrl":"https:\/\/xstone.group\/wp-content\/uploads\/2026\/04\/XSTONE_Mineral-Veneer_0451.webp","width":1920,"height":1080,"caption":"Panneau mural flexible en pierre, effet brique de terre cuite"},{"@type":"BreadcrumbList","@id":"https:\/\/xstone.group\/fr\/product\/rolbri10039-roll-brick-10031-dark-red\/#breadcrumb","itemListElement":[{"@type":"ListItem","position":1,"name":"Home","item":"https:\/\/xstone.group\/fr\/"},{"@type":"ListItem","position":2,"name":"Produits","item":"https:\/\/xstone.group\/fr\/shop\/"},{"@type":"ListItem","position":3,"name":"[ROL] Placage min\u00e9ral en rouleau [BRI] Brique [10039] Beige rouge fonc\u00e9"}]},{"@type":"WebSite","@id":"https:\/\/xstone.group\/fr\/#website","url":"https:\/\/xstone.group\/fr\/","name":"XSTONE","description":"Une beaut\u00e9 min\u00e9rale authentique et illimit\u00e9e, lib\u00e9r\u00e9e de la pesanteur","publisher":{"@id":"https:\/\/xstone.group\/fr\/#organization"},"potentialAction":[{"@type":"SearchAction","target":{"@type":"EntryPoint","urlTemplate":"https:\/\/xstone.group\/fr\/?s={search_term_string}"},"query-input":{"@type":"PropertyValueSpecification","valueRequired":true,"valueName":"search_term_string"}}],"inLanguage":"fr-FR"},{"@type":"Organization","@id":"https:\/\/xstone.group\/fr\/#organization","name":"XSTONE","url":"https:\/\/xstone.group\/fr\/","logo":{"@type":"ImageObject","inLanguage":"fr-FR","@id":"https:\/\/xstone.group\/fr\/#\/schema\/logo\/image\/","url":"https:\/\/xstone.group\/wp-content\/uploads\/2025\/10\/cropped-XStone-Surfaces-Logo-white.webp","contentUrl":"https:\/\/xstone.group\/wp-content\/uploads\/2025\/10\/cropped-XStone-Surfaces-Logo-white.webp","width":226,"height":75,"caption":"XSTONE"},"image":{"@id":"https:\/\/xstone.group\/fr\/#\/schema\/logo\/image\/"},"sameAs":["https:\/\/www.facebook.com\/Xstonesurfaces1\/","https:\/\/www.linkedin.com\/company\/concrete-on-roll-xstone\/","https:\/\/www.youtube.com\/@xstoneteam3953\/videos","https:\/\/www.instagram.com\/xstone.surfacesuk\/"],"description":"XSTONE\u00ae fournit des surfaces min\u00e9rales innovantes, flexibles et durables pour architecture, ameublement et design. Explorez nos solutions premium.","email":"info@xstone.group","legalName":"XSTONE SRL","foundingDate":"2007-01-01","vatID":"RO53094294","numberOfEmployees":{"@type":"QuantitativeValue","minValue":"1","maxValue":"10"}}]}},"spectra_custom_meta":{"_last_translation_edit_mode":["translation-editor"],"_product_attributes":["a:8:{s:7:\"backing\";a:6:{s:4:\"name\";s:7:\"Backing\";s:5:\"value\";s:14:\"Fibre de verre\";s:8:\"position\";i:0;s:10:\"is_visible\";i:1;s:12:\"is_variation\";i:0;s:11:\"is_taxonomy\";i:0;}s:7:\"texture\";a:6:{s:4:\"name\";s:7:\"Texture\";s:5:\"value\";s:6:\"Brique\";s:8:\"position\";i:1;s:10:\"is_visible\";i:1;s:12:\"is_variation\";i:0;s:11:\"is_taxonomy\";i:0;}s:5:\"color\";a:6:{s:4:\"name\";s:5:\"Color\";s:5:\"value\";s:18:\"Beige rouge fonc\u00e9\";s:8:\"position\";i:2;s:10:\"is_visible\";i:1;s:12:\"is_variation\";i:0;s:11:\"is_taxonomy\";i:0;}s:4:\"size\";a:6:{s:4:\"name\";s:4:\"Size\";s:5:\"value\";s:49:\"1200 x 800 mm ; dimensions sur mesure sur demande\";s:8:\"position\";i:3;s:10:\"is_visible\";i:1;s:12:\"is_variation\";i:0;s:11:\"is_taxonomy\";i:0;}s:9:\"thickness\";a:6:{s:4:\"name\";s:9:\"Thickness\";s:5:\"value\";s:10:\"2 - 2,5 mm\";s:8:\"position\";i:5;s:10:\"is_visible\";i:1;s:12:\"is_variation\";i:0;s:11:\"is_taxonomy\";i:0;}s:6:\"finish\";a:6:{s:4:\"name\";s:6:\"Finish\";s:5:\"value\";s:3:\"Mat\";s:8:\"position\";i:6;s:10:\"is_visible\";i:1;s:12:\"is_variation\";i:0;s:11:\"is_taxonomy\";i:0;}s:11:\"composition\";a:6:{s:4:\"name\";s:11:\"Composition\";s:5:\"value\";s:75:\"90% de poudre de pierre marbri\u00e8re recycl\u00e9e + Copolym\u00e8re + Fibre de verre\";s:8:\"position\";i:7;s:10:\"is_visible\";i:1;s:12:\"is_variation\";i:0;s:11:\"is_taxonomy\";i:0;}s:11:\"fire-rating\";a:6:{s:4:\"name\";s:11:\"Fire rating\";s:5:\"value\";s:8:\"A2-s1-d0\";s:8:\"position\";i:8;s:10:\"is_visible\";i:1;s:12:\"is_variation\";i:0;s:11:\"is_taxonomy\";i:0;}}"],"attr_label_translations":["a:1:{s:2:\"fr\";a:8:{s:7:\"backing\";s:7:\"Soutien\";s:7:\"texture\";s:7:\"Texture\";s:5:\"color\";s:7:\"Couleur\";s:4:\"size\";s:6:\"Taille\";s:9:\"thickness\";s:10:\"\u00c9paisseur\";s:6:\"finish\";s:8:\"Finition\";s:11:\"composition\";s:11:\"Composition\";s:11:\"fire-rating\";s:17:\"Classement au feu\";}}"],"_wcml_average_rating":[null],"_wcml_review_count":[null],"_wcml_rating_count":[null],"_yoast_wpseo_primary_product_cat":["332"],"_backorders":["no"],"_download_limit":["-1"],"_download_expiry":["-1"],"_downloadable":["no"],"_manage_stock":["no"],"_sku":["ROLBRI10039"],"_stock_status":["instock"],"_sold_individually":["no"],"_tax_class":[""],"_tax_status":["taxable"],"_virtual":["no"],"total_sales":["0"],"_wpml_media_duplicate":["1"],"_wpml_media_featured":["1"],"stick-header-meta":["default"],"site-sidebar-layout":["default"],"theme-transparent-header-meta":["default"],"ast-site-content-layout":["default"],"site-content-style":["default"],"site-sidebar-style":["default"],"_yoast_wpseo_title":["Placage min\u00e9ral en rouleau | Brique | Beige rouge fonc\u00e9"],"_yoast_wpseo_metadesc":["Panneau mural en pierre effet brique de terre cuite, Beige Dark Red. Recycl\u00e9 \u00e0 90 %, class\u00e9 au feu A2. Surface flexible en briques pour l'h\u00f4tellerie de luxe et le commerce de d\u00e9tail."],"_yoast_wpseo_focuskw":["Panneau mural flexible en pierre, effet brique de terre cuite"],"_upsell_ids":["a:3:{i:0;N;i:1;N;i:2;N;}"],"_wpt_field_wpt-16200":["[elementor-template id=\"16197\"]"],"_thumbnail_id":["18599"],"_wpml_word_count":["317"],"two_optimized_date":["1776463564"],"woolentor_views_count_product":["6"],"_uag_css_file_name":["uag-css-22728.css"],"_uag_js_file_name":["uag-js-22728.js"],"tp_widgets":["a:2:{s:7:\"widgets\";a:6:{i:0;s:18:\"plus-list-skeleton\";i:1;s:22:\"plus-listing-load-more\";i:2;s:18:\"plus-listing-metro\";i:3;s:18:\"tp-product-listout\";i:4;s:17:\"tp-single-style_1\";i:5;s:19:\"tp-woo-single-image\";}s:9:\"update_at\";s:10:\"1776541402\";}"],"_elementor_edit_mode":["builder"],"_selectproduct_layout":["18065"],"_elementor_page_assets":["a:0:{}"],"_elementor_css":["a:7:{s:4:\"time\";i:1776626820;s:5:\"fonts\";a:0:{}s:5:\"icons\";a:0:{}s:20:\"dynamic_elements_ids\";a:0:{}s:6:\"status\";s:5:\"empty\";i:0;s:0:\"\";s:3:\"css\";s:0:\"\";}"],"_wc_rating_count":[""],"_wc_review_count":[""],"_wc_average_rating":[0]},"uagb_featured_image_src":{"full":["https:\/\/xstone.group\/wp-content\/uploads\/2026\/04\/XSTONE_Mineral-Veneer_0451.webp",1920,1080,false],"thumbnail":["https:\/\/xstone.group\/wp-content\/uploads\/2026\/04\/XSTONE_Mineral-Veneer_0451-150x150.webp",150,150,true],"medium":["https:\/\/xstone.group\/wp-content\/uploads\/2026\/04\/XSTONE_Mineral-Veneer_0451-300x169.webp",300,169,true],"medium_large":["https:\/\/xstone.group\/wp-content\/uploads\/2026\/04\/XSTONE_Mineral-Veneer_0451-768x432.webp",768,432,true],"large":["https:\/\/xstone.group\/wp-content\/uploads\/2026\/04\/XSTONE_Mineral-Veneer_0451-1024x576.webp",1024,576,true],"1536x1536":["https:\/\/xstone.group\/wp-content\/uploads\/2026\/04\/XSTONE_Mineral-Veneer_0451-1536x864.webp",1536,864,true],"2048x2048":["https:\/\/xstone.group\/wp-content\/uploads\/2026\/04\/XSTONE_Mineral-Veneer_0451.webp",1920,1080,false],"tp-image-grid":["https:\/\/xstone.group\/wp-content\/uploads\/2026\/04\/XSTONE_Mineral-Veneer_0451-700x700.webp",700,700,true],"tenweb_optimizer_mobile":["https:\/\/xstone.group\/wp-content\/uploads\/2026\/04\/XSTONE_Mineral-Veneer_0451-600x338.webp",600,338,true],"tenweb_optimizer_tablet":["https:\/\/xstone.group\/wp-content\/uploads\/2026\/04\/XSTONE_Mineral-Veneer_0451-768x432.webp",768,432,true],"woocommerce_thumbnail":["https:\/\/xstone.group\/wp-content\/uploads\/2026\/04\/XSTONE_Mineral-Veneer_0451-300x300.webp",300,300,true],"woocommerce_single":["https:\/\/xstone.group\/wp-content\/uploads\/2026\/04\/XSTONE_Mineral-Veneer_0451-600x338.webp",600,338,true],"woocommerce_gallery_thumbnail":["https:\/\/xstone.group\/wp-content\/uploads\/2026\/04\/XSTONE_Mineral-Veneer_0451-100x100.webp",100,100,true]},"uagb_author_info":{"display_name":"laurent.gomez@xstone.group","author_link":"https:\/\/xstone.group\/fr\/author\/"},"uagb_comment_info":0,"uagb_excerpt":"Certains murs ne se contentent pas de d\u00e9finir un espace, ils en racontent l&rsquo;histoire. Le placage min\u00e9ral en rouleau XSTONE en texture Brick et Beige Dark Red est un panneau mural en pierre flexible \u00e0 effet brique de terre cuite qui apporte l&rsquo;\u00e2me de la ma\u00e7onnerie artisanale dans les int\u00e9rieurs contemporains, sans aucune de ses\u2026","_links":{"self":[{"href":"https:\/\/xstone.group\/fr\/wp-json\/wp\/v2\/product\/22728","targetHints":{"allow":["GET"]}}],"collection":[{"href":"https:\/\/xstone.group\/fr\/wp-json\/wp\/v2\/product"}],"about":[{"href":"https:\/\/xstone.group\/fr\/wp-json\/wp\/v2\/types\/product"}],"replies":[{"embeddable":true,"href":"https:\/\/xstone.group\/fr\/wp-json\/wp\/v2\/comments?post=22728"}],"wp:featuredmedia":[{"embeddable":true,"href":"https:\/\/xstone.group\/fr\/wp-json\/wp\/v2\/media\/18599"}],"wp:attachment":[{"href":"https:\/\/xstone.group\/fr\/wp-json\/wp\/v2\/media?parent=22728"}],"wp:term":[{"taxonomy":"product_brand","embeddable":true,"href":"https:\/\/xstone.group\/fr\/wp-json\/wp\/v2\/product_brand?post=22728"},{"taxonomy":"product_cat","embeddable":true,"href":"https:\/\/xstone.group\/fr\/wp-json\/wp\/v2\/product_cat?post=22728"},{"taxonomy":"product_tag","embeddable":true,"href":"https:\/\/xstone.group\/fr\/wp-json\/wp\/v2\/product_tag?post=22728"}],"curies":[{"name":"wp","href":"https:\/\/api.w.org\/{rel}","templated":true}]}}