{"id":23544,"date":"2026-01-21T12:50:19","date_gmt":"2026-01-21T12:50:19","guid":{"rendered":"https:\/\/xstone.group\/product\/10046-titane\/"},"modified":"2026-01-21T12:50:19","modified_gmt":"2026-01-21T12:50:19","slug":"10046-titanium","status":"publish","type":"product","link":"https:\/\/xstone.group\/fr\/product\/10046-titanium\/","title":{"rendered":"10046 | Titane"},"content":{"rendered":"<p>Cette couleur est un ton min\u00e9ral bleu-gris calme et brumeux, avec des mouvements verticaux doux et de d\u00e9licates taches plus fonc\u00e9es, \u00e9voquant la sensation d&rsquo;une pierre doucement fa\u00e7onn\u00e9e par la pluie et le vent au fil du temps, apportant un sentiment de s\u00e9r\u00e9nit\u00e9, de clart\u00e9 architecturale et d&rsquo;\u00e9l\u00e9gance contemporaine \u00e0 n&rsquo;importe quel espace.<\/p>\n","protected":false},"excerpt":{"rendered":"<p>Cette couleur est un ton min\u00e9ral bleu-gris calme et brumeux, avec des mouvements verticaux doux et de d\u00e9licates taches plus fonc\u00e9es, \u00e9voquant la sensation d&rsquo;une pierre doucement fa\u00e7onn\u00e9e par la pluie et le vent au fil du temps, apportant un sentiment de s\u00e9r\u00e9nit\u00e9, de clart\u00e9 architecturale et d&rsquo;\u00e9l\u00e9gance contemporaine \u00e0 n&rsquo;importe quel espace.<\/p>\n","protected":false},"featured_media":17298,"comment_status":"open","ping_status":"closed","template":"","meta":{"_acf_changed":false,"_uag_custom_page_level_css":"","site-sidebar-layout":"default","site-content-layout":"","ast-site-content-layout":"default","site-content-style":"default","site-sidebar-style":"default","ast-global-header-display":"","ast-banner-title-visibility":"","ast-main-header-display":"","ast-hfb-above-header-display":"","ast-hfb-below-header-display":"","ast-hfb-mobile-header-display":"","site-post-title":"","ast-breadcrumbs-content":"","ast-featured-img":"","footer-sml-layout":"","theme-transparent-header-meta":"default","adv-header-id-meta":"","stick-header-meta":"default","header-above-stick-meta":"","header-main-stick-meta":"","header-below-stick-meta":"","astra-migrate-meta-layouts":"default","ast-page-background-enabled":"default","ast-page-background-meta":{"desktop":{"background-color":"var(--ast-global-color-4)","background-image":"","background-repeat":"repeat","background-position":"center center","background-size":"auto","background-attachment":"scroll","background-type":"","background-media":"","overlay-type":"","overlay-color":"","overlay-opacity":"","overlay-gradient":""},"tablet":{"background-color":"","background-image":"","background-repeat":"repeat","background-position":"center center","background-size":"auto","background-attachment":"scroll","background-type":"","background-media":"","overlay-type":"","overlay-color":"","overlay-opacity":"","overlay-gradient":""},"mobile":{"background-color":"","background-image":"","background-repeat":"repeat","background-position":"center center","background-size":"auto","background-attachment":"scroll","background-type":"","background-media":"","overlay-type":"","overlay-color":"","overlay-opacity":"","overlay-gradient":""}},"ast-content-background-meta":{"desktop":{"background-color":"var(--ast-global-color-5)","background-image":"","background-repeat":"repeat","background-position":"center center","background-size":"auto","background-attachment":"scroll","background-type":"","background-media":"","overlay-type":"","overlay-color":"","overlay-opacity":"","overlay-gradient":""},"tablet":{"background-color":"var(--ast-global-color-5)","background-image":"","background-repeat":"repeat","background-position":"center center","background-size":"auto","background-attachment":"scroll","background-type":"","background-media":"","overlay-type":"","overlay-color":"","overlay-opacity":"","overlay-gradient":""},"mobile":{"background-color":"var(--ast-global-color-5)","background-image":"","background-repeat":"repeat","background-position":"center center","background-size":"auto","background-attachment":"scroll","background-type":"","background-media":"","overlay-type":"","overlay-color":"","overlay-opacity":"","overlay-gradient":""}}},"product_brand":[],"product_cat":[2320,2322,2321],"product_tag":[6321,6319,2174,6320,6327,6325],"class_list":{"0":"post-23544","1":"product","2":"type-product","3":"status-publish","4":"has-post-thumbnail","6":"product_cat-color","7":"product_cat-grey","8":"product_cat-polychromatic","9":"product_tag-concrete-look","10":"product_tag-blue-grey-stone","11":"product_tag-comp-color-17296","12":"product_tag-modern-wall-finish","13":"product_tag-minimalist-material","14":"product_tag-cool-neutral-surface","15":"desktop-align-left","16":"tablet-align-left","17":"mobile-align-left","19":"first","20":"instock","21":"shipping-taxable","22":"product-type-simple"},"acf":[],"yoast_head":"<!-- This site is optimized with the Yoast SEO Premium plugin v27.4 (Yoast SEO v27.4) - https:\/\/yoast.com\/product\/yoast-seo-premium-wordpress\/ -->\n<title>10046 | Titane - XSTONE<\/title>\n<meta name=\"description\" content=\"Surface min\u00e9rale gris bleu avec une texture verticale subtile et une profondeur mouchet\u00e9e, offrant une finition sereine, moderne et architecturale inspir\u00e9e des pierres.\" \/>\n<meta name=\"robots\" content=\"index, follow, max-snippet:-1, max-image-preview:large, max-video-preview:-1\" \/>\n<link rel=\"canonical\" href=\"https:\/\/xstone.group\/fr\/product\/10046-titanium\/\" \/>\n<meta property=\"og:locale\" content=\"fr_FR\" \/>\n<meta property=\"og:type\" content=\"article\" \/>\n<meta property=\"og:title\" content=\"10046 | Titane\" \/>\n<meta property=\"og:description\" content=\"Surface min\u00e9rale gris bleu avec une texture verticale subtile et une profondeur mouchet\u00e9e, offrant une finition sereine, moderne et architecturale inspir\u00e9e des pierres.\" \/>\n<meta property=\"og:url\" content=\"https:\/\/xstone.group\/fr\/product\/10046-titanium\/\" \/>\n<meta property=\"og:site_name\" content=\"XSTONE\" \/>\n<meta property=\"article:publisher\" content=\"https:\/\/www.facebook.com\/Xstonesurfaces1\/\" \/>\n<meta property=\"og:image\" content=\"https:\/\/xstone.group\/wp-content\/uploads\/2026\/01\/XStone-Color-10046-scaled.webp\" \/>\n\t<meta property=\"og:image:width\" content=\"2560\" \/>\n\t<meta property=\"og:image:height\" content=\"2560\" \/>\n\t<meta property=\"og:image:type\" content=\"image\/webp\" \/>\n<meta name=\"twitter:card\" content=\"summary_large_image\" \/>\n<script type=\"application\/ld+json\" class=\"yoast-schema-graph\">{\"@context\":\"https:\\\/\\\/schema.org\",\"@graph\":[{\"@type\":\"WebPage\",\"@id\":\"https:\\\/\\\/xstone.group\\\/fr\\\/product\\\/10046-titanium\\\/\",\"url\":\"https:\\\/\\\/xstone.group\\\/fr\\\/product\\\/10046-titanium\\\/\",\"name\":\"10046 | Titane - XSTONE\",\"isPartOf\":{\"@id\":\"https:\\\/\\\/xstone.group\\\/fr\\\/#website\"},\"primaryImageOfPage\":{\"@id\":\"https:\\\/\\\/xstone.group\\\/fr\\\/product\\\/10046-titanium\\\/#primaryimage\"},\"image\":{\"@id\":\"https:\\\/\\\/xstone.group\\\/fr\\\/product\\\/10046-titanium\\\/#primaryimage\"},\"thumbnailUrl\":\"https:\\\/\\\/xstone.group\\\/wp-content\\\/uploads\\\/2026\\\/01\\\/XStone-Color-10046-scaled.webp\",\"datePublished\":\"2026-01-21T12:50:19+00:00\",\"description\":\"Surface min\u00e9rale gris bleu avec une texture verticale subtile et une profondeur mouchet\u00e9e, offrant une finition sereine, moderne et architecturale inspir\u00e9e des pierres.\",\"breadcrumb\":{\"@id\":\"https:\\\/\\\/xstone.group\\\/fr\\\/product\\\/10046-titanium\\\/#breadcrumb\"},\"inLanguage\":\"fr-FR\",\"potentialAction\":[{\"@type\":\"ReadAction\",\"target\":[\"https:\\\/\\\/xstone.group\\\/fr\\\/product\\\/10046-titanium\\\/\"]}]},{\"@type\":\"ImageObject\",\"inLanguage\":\"fr-FR\",\"@id\":\"https:\\\/\\\/xstone.group\\\/fr\\\/product\\\/10046-titanium\\\/#primaryimage\",\"url\":\"https:\\\/\\\/xstone.group\\\/wp-content\\\/uploads\\\/2026\\\/01\\\/XStone-Color-10046-scaled.webp\",\"contentUrl\":\"https:\\\/\\\/xstone.group\\\/wp-content\\\/uploads\\\/2026\\\/01\\\/XStone-Color-10046-scaled.webp\",\"width\":2560,\"height\":2560,\"caption\":\"XStone - Couleur -Titanium\"},{\"@type\":\"BreadcrumbList\",\"@id\":\"https:\\\/\\\/xstone.group\\\/fr\\\/product\\\/10046-titanium\\\/#breadcrumb\",\"itemListElement\":[{\"@type\":\"ListItem\",\"position\":1,\"name\":\"Home\",\"item\":\"https:\\\/\\\/xstone.group\\\/fr\\\/\"},{\"@type\":\"ListItem\",\"position\":2,\"name\":\"Produits\",\"item\":\"https:\\\/\\\/xstone.group\\\/fr\\\/shop\\\/\"},{\"@type\":\"ListItem\",\"position\":3,\"name\":\"10046 | Titane\"}]},{\"@type\":\"WebSite\",\"@id\":\"https:\\\/\\\/xstone.group\\\/fr\\\/#website\",\"url\":\"https:\\\/\\\/xstone.group\\\/fr\\\/\",\"name\":\"XSTONE\",\"description\":\"Une beaut\u00e9 min\u00e9rale authentique et illimit\u00e9e, lib\u00e9r\u00e9e de la pesanteur\",\"publisher\":{\"@id\":\"https:\\\/\\\/xstone.group\\\/fr\\\/#organization\"},\"potentialAction\":[{\"@type\":\"SearchAction\",\"target\":{\"@type\":\"EntryPoint\",\"urlTemplate\":\"https:\\\/\\\/xstone.group\\\/fr\\\/?s={search_term_string}\"},\"query-input\":{\"@type\":\"PropertyValueSpecification\",\"valueRequired\":true,\"valueName\":\"search_term_string\"}}],\"inLanguage\":\"fr-FR\"},{\"@type\":\"Organization\",\"@id\":\"https:\\\/\\\/xstone.group\\\/fr\\\/#organization\",\"name\":\"XSTONE\",\"url\":\"https:\\\/\\\/xstone.group\\\/fr\\\/\",\"logo\":{\"@type\":\"ImageObject\",\"inLanguage\":\"fr-FR\",\"@id\":\"https:\\\/\\\/xstone.group\\\/fr\\\/#\\\/schema\\\/logo\\\/image\\\/\",\"url\":\"https:\\\/\\\/xstone.group\\\/wp-content\\\/uploads\\\/2025\\\/10\\\/cropped-XStone-Surfaces-Logo-white.webp\",\"contentUrl\":\"https:\\\/\\\/xstone.group\\\/wp-content\\\/uploads\\\/2025\\\/10\\\/cropped-XStone-Surfaces-Logo-white.webp\",\"width\":226,\"height\":75,\"caption\":\"XSTONE\"},\"image\":{\"@id\":\"https:\\\/\\\/xstone.group\\\/fr\\\/#\\\/schema\\\/logo\\\/image\\\/\"},\"sameAs\":[\"https:\\\/\\\/www.facebook.com\\\/Xstonesurfaces1\\\/\",\"https:\\\/\\\/www.linkedin.com\\\/company\\\/concrete-on-roll-xstone\\\/\",\"https:\\\/\\\/www.youtube.com\\\/@xstoneteam3953\\\/videos\",\"https:\\\/\\\/www.instagram.com\\\/xstone.surfacesuk\\\/\"],\"description\":\"XSTONE\u00ae fournit des surfaces min\u00e9rales innovantes, flexibles et durables pour architecture, ameublement et design. Explorez nos solutions premium.\",\"email\":\"info@xstone.group\",\"legalName\":\"XSTONE SRL\",\"foundingDate\":\"2007-01-01\",\"vatID\":\"RO53094294\",\"numberOfEmployees\":{\"@type\":\"QuantitativeValue\",\"minValue\":\"1\",\"maxValue\":\"10\"}}]}<\/script>\n<!-- \/ Yoast SEO Premium plugin. -->","yoast_head_json":{"title":"10046 | Titane - XSTONE","description":"Surface min\u00e9rale gris bleu avec une texture verticale subtile et une profondeur mouchet\u00e9e, offrant une finition sereine, moderne et architecturale inspir\u00e9e des pierres.","robots":{"index":"index","follow":"follow","max-snippet":"max-snippet:-1","max-image-preview":"max-image-preview:large","max-video-preview":"max-video-preview:-1"},"canonical":"https:\/\/xstone.group\/fr\/product\/10046-titanium\/","og_locale":"fr_FR","og_type":"article","og_title":"10046 | Titane","og_description":"Surface min\u00e9rale gris bleu avec une texture verticale subtile et une profondeur mouchet\u00e9e, offrant une finition sereine, moderne et architecturale inspir\u00e9e des pierres.","og_url":"https:\/\/xstone.group\/fr\/product\/10046-titanium\/","og_site_name":"XSTONE","article_publisher":"https:\/\/www.facebook.com\/Xstonesurfaces1\/","og_image":[{"width":2560,"height":2560,"url":"https:\/\/xstone.group\/wp-content\/uploads\/2026\/01\/XStone-Color-10046-scaled.webp","type":"image\/webp"}],"twitter_card":"summary_large_image","schema":{"@context":"https:\/\/schema.org","@graph":[{"@type":"WebPage","@id":"https:\/\/xstone.group\/fr\/product\/10046-titanium\/","url":"https:\/\/xstone.group\/fr\/product\/10046-titanium\/","name":"10046 | Titane - XSTONE","isPartOf":{"@id":"https:\/\/xstone.group\/fr\/#website"},"primaryImageOfPage":{"@id":"https:\/\/xstone.group\/fr\/product\/10046-titanium\/#primaryimage"},"image":{"@id":"https:\/\/xstone.group\/fr\/product\/10046-titanium\/#primaryimage"},"thumbnailUrl":"https:\/\/xstone.group\/wp-content\/uploads\/2026\/01\/XStone-Color-10046-scaled.webp","datePublished":"2026-01-21T12:50:19+00:00","description":"Surface min\u00e9rale gris bleu avec une texture verticale subtile et une profondeur mouchet\u00e9e, offrant une finition sereine, moderne et architecturale inspir\u00e9e des pierres.","breadcrumb":{"@id":"https:\/\/xstone.group\/fr\/product\/10046-titanium\/#breadcrumb"},"inLanguage":"fr-FR","potentialAction":[{"@type":"ReadAction","target":["https:\/\/xstone.group\/fr\/product\/10046-titanium\/"]}]},{"@type":"ImageObject","inLanguage":"fr-FR","@id":"https:\/\/xstone.group\/fr\/product\/10046-titanium\/#primaryimage","url":"https:\/\/xstone.group\/wp-content\/uploads\/2026\/01\/XStone-Color-10046-scaled.webp","contentUrl":"https:\/\/xstone.group\/wp-content\/uploads\/2026\/01\/XStone-Color-10046-scaled.webp","width":2560,"height":2560,"caption":"XStone - Couleur -Titanium"},{"@type":"BreadcrumbList","@id":"https:\/\/xstone.group\/fr\/product\/10046-titanium\/#breadcrumb","itemListElement":[{"@type":"ListItem","position":1,"name":"Home","item":"https:\/\/xstone.group\/fr\/"},{"@type":"ListItem","position":2,"name":"Produits","item":"https:\/\/xstone.group\/fr\/shop\/"},{"@type":"ListItem","position":3,"name":"10046 | Titane"}]},{"@type":"WebSite","@id":"https:\/\/xstone.group\/fr\/#website","url":"https:\/\/xstone.group\/fr\/","name":"XSTONE","description":"Une beaut\u00e9 min\u00e9rale authentique et illimit\u00e9e, lib\u00e9r\u00e9e de la pesanteur","publisher":{"@id":"https:\/\/xstone.group\/fr\/#organization"},"potentialAction":[{"@type":"SearchAction","target":{"@type":"EntryPoint","urlTemplate":"https:\/\/xstone.group\/fr\/?s={search_term_string}"},"query-input":{"@type":"PropertyValueSpecification","valueRequired":true,"valueName":"search_term_string"}}],"inLanguage":"fr-FR"},{"@type":"Organization","@id":"https:\/\/xstone.group\/fr\/#organization","name":"XSTONE","url":"https:\/\/xstone.group\/fr\/","logo":{"@type":"ImageObject","inLanguage":"fr-FR","@id":"https:\/\/xstone.group\/fr\/#\/schema\/logo\/image\/","url":"https:\/\/xstone.group\/wp-content\/uploads\/2025\/10\/cropped-XStone-Surfaces-Logo-white.webp","contentUrl":"https:\/\/xstone.group\/wp-content\/uploads\/2025\/10\/cropped-XStone-Surfaces-Logo-white.webp","width":226,"height":75,"caption":"XSTONE"},"image":{"@id":"https:\/\/xstone.group\/fr\/#\/schema\/logo\/image\/"},"sameAs":["https:\/\/www.facebook.com\/Xstonesurfaces1\/","https:\/\/www.linkedin.com\/company\/concrete-on-roll-xstone\/","https:\/\/www.youtube.com\/@xstoneteam3953\/videos","https:\/\/www.instagram.com\/xstone.surfacesuk\/"],"description":"XSTONE\u00ae fournit des surfaces min\u00e9rales innovantes, flexibles et durables pour architecture, ameublement et design. Explorez nos solutions premium.","email":"info@xstone.group","legalName":"XSTONE SRL","foundingDate":"2007-01-01","vatID":"RO53094294","numberOfEmployees":{"@type":"QuantitativeValue","minValue":"1","maxValue":"10"}}]}},"spectra_custom_meta":{"_last_translation_edit_mode":["translation-editor"],"_wcml_average_rating":[null],"_wcml_review_count":[null],"_wcml_rating_count":[null],"_yoast_wpseo_primary_product_cat":["318"],"_backorders":["no"],"_download_limit":["-1"],"_download_expiry":["-1"],"_downloadable":["no"],"_manage_stock":["no"],"_sku":["10046"],"_stock_status":["instock"],"_sold_individually":["no"],"_tax_class":[""],"_tax_status":["taxable"],"_virtual":["no"],"total_sales":["0"],"_wpml_media_duplicate":["1"],"_wpml_media_featured":["1"],"stick-header-meta":["default"],"site-sidebar-layout":["default"],"theme-transparent-header-meta":["default"],"ast-site-content-layout":["default"],"site-content-style":["default"],"site-sidebar-style":["default"],"_yoast_wpseo_metadesc":["Surface min\u00e9rale gris bleu avec une texture verticale subtile et une profondeur mouchet\u00e9e, offrant une finition sereine, moderne et architecturale inspir\u00e9e des pierres."],"_yoast_wpseo_focuskw":["surface min\u00e9rale gris bleu"],"_thumbnail_id":["17298"],"_product_image_gallery":[""],"_product_attributes":["a:3:{s:7:\"pa_tone\";a:6:{s:4:\"name\";s:7:\"pa_tone\";s:5:\"value\";s:0:\"\";s:8:\"position\";i:0;s:10:\"is_visible\";i:1;s:12:\"is_variation\";i:0;s:11:\"is_taxonomy\";i:1;}s:13:\"pa_color-code\";a:6:{s:4:\"name\";s:13:\"pa_color-code\";s:5:\"value\";s:0:\"\";s:8:\"position\";i:1;s:10:\"is_visible\";i:1;s:12:\"is_variation\";i:0;s:11:\"is_taxonomy\";i:1;}s:9:\"pa_finish\";a:6:{s:4:\"name\";s:9:\"pa_finish\";s:5:\"value\";s:0:\"\";s:8:\"position\";i:2;s:10:\"is_visible\";i:1;s:12:\"is_variation\";i:0;s:11:\"is_taxonomy\";i:1;}}"],"_wpml_word_count":["62"],"two_optimized_date":["1776577280"],"woolentor_views_count_product":["8"],"_uag_css_file_name":["uag-css-23544.css"],"_uag_js_file_name":["uag-js-23544.js"],"tp_widgets":["a:2:{s:7:\"widgets\";a:6:{i:0;s:18:\"plus-list-skeleton\";i:1;s:22:\"plus-listing-load-more\";i:2;s:18:\"plus-listing-metro\";i:3;s:18:\"tp-product-listout\";i:4;s:17:\"tp-single-style_1\";i:5;s:19:\"tp-woo-single-image\";}s:9:\"update_at\";s:10:\"1776541402\";}"],"_elementor_edit_mode":["builder"],"_selectproduct_layout":["16271"],"_elementor_page_assets":["a:0:{}"],"_elementor_css":["a:7:{s:4:\"time\";i:1776620494;s:5:\"fonts\";a:0:{}s:5:\"icons\";a:0:{}s:20:\"dynamic_elements_ids\";a:0:{}s:6:\"status\";s:5:\"empty\";i:0;s:0:\"\";s:3:\"css\";s:0:\"\";}"],"_wc_rating_count":[""],"_wc_review_count":[""],"_wc_average_rating":[0]},"uagb_featured_image_src":{"full":["https:\/\/xstone.group\/wp-content\/uploads\/2026\/01\/XStone-Color-10046-scaled.webp",2560,2560,false],"thumbnail":["https:\/\/xstone.group\/wp-content\/uploads\/2026\/01\/XStone-Color-10046-150x150.webp",150,150,true],"medium":["https:\/\/xstone.group\/wp-content\/uploads\/2026\/01\/XStone-Color-10046-300x300.webp",300,300,true],"medium_large":["https:\/\/xstone.group\/wp-content\/uploads\/2026\/01\/XStone-Color-10046-768x768.webp",768,768,true],"large":["https:\/\/xstone.group\/wp-content\/uploads\/2026\/01\/XStone-Color-10046-1024x1024.webp",1024,1024,true],"1536x1536":["https:\/\/xstone.group\/wp-content\/uploads\/2026\/01\/XStone-Color-10046-1536x1536.webp",1536,1536,true],"2048x2048":["https:\/\/xstone.group\/wp-content\/uploads\/2026\/01\/XStone-Color-10046-2048x2048.webp",2048,2048,true],"tp-image-grid":["https:\/\/xstone.group\/wp-content\/uploads\/2026\/01\/XStone-Color-10046-700x700.webp",700,700,true],"tenweb_optimizer_mobile":["https:\/\/xstone.group\/wp-content\/uploads\/2026\/01\/XStone-Color-10046-600x600.webp",600,600,true],"tenweb_optimizer_tablet":["https:\/\/xstone.group\/wp-content\/uploads\/2026\/01\/XStone-Color-10046-768x768.webp",768,768,true],"woocommerce_thumbnail":["https:\/\/xstone.group\/wp-content\/uploads\/2026\/01\/XStone-Color-10046-300x300.webp",300,300,true],"woocommerce_single":["https:\/\/xstone.group\/wp-content\/uploads\/2026\/01\/XStone-Color-10046-600x600.webp",600,600,true],"woocommerce_gallery_thumbnail":["https:\/\/xstone.group\/wp-content\/uploads\/2026\/01\/XStone-Color-10046-100x100.webp",100,100,true]},"uagb_author_info":{"display_name":"laurent.gomez@xstone.group","author_link":"https:\/\/xstone.group\/fr\/author\/"},"uagb_comment_info":0,"uagb_excerpt":"Cette couleur est un ton min\u00e9ral bleu-gris calme et brumeux, avec des mouvements verticaux doux et de d\u00e9licates taches plus fonc\u00e9es, \u00e9voquant la sensation d&rsquo;une pierre doucement fa\u00e7onn\u00e9e par la pluie et le vent au fil du temps, apportant un sentiment de s\u00e9r\u00e9nit\u00e9, de clart\u00e9 architecturale et d&rsquo;\u00e9l\u00e9gance contemporaine \u00e0 n&rsquo;importe quel espace.","_links":{"self":[{"href":"https:\/\/xstone.group\/fr\/wp-json\/wp\/v2\/product\/23544","targetHints":{"allow":["GET"]}}],"collection":[{"href":"https:\/\/xstone.group\/fr\/wp-json\/wp\/v2\/product"}],"about":[{"href":"https:\/\/xstone.group\/fr\/wp-json\/wp\/v2\/types\/product"}],"replies":[{"embeddable":true,"href":"https:\/\/xstone.group\/fr\/wp-json\/wp\/v2\/comments?post=23544"}],"wp:featuredmedia":[{"embeddable":true,"href":"https:\/\/xstone.group\/fr\/wp-json\/wp\/v2\/media\/17298"}],"wp:attachment":[{"href":"https:\/\/xstone.group\/fr\/wp-json\/wp\/v2\/media?parent=23544"}],"wp:term":[{"taxonomy":"product_brand","embeddable":true,"href":"https:\/\/xstone.group\/fr\/wp-json\/wp\/v2\/product_brand?post=23544"},{"taxonomy":"product_cat","embeddable":true,"href":"https:\/\/xstone.group\/fr\/wp-json\/wp\/v2\/product_cat?post=23544"},{"taxonomy":"product_tag","embeddable":true,"href":"https:\/\/xstone.group\/fr\/wp-json\/wp\/v2\/product_tag?post=23544"}],"curies":[{"name":"wp","href":"https:\/\/api.w.org\/{rel}","templated":true}]}}