{"id":24368,"date":"2026-01-19T14:53:22","date_gmt":"2026-01-19T14:53:22","guid":{"rendered":"https:\/\/xstone.group\/product\/10018-gris-beige-moyen\/"},"modified":"2026-01-19T14:53:22","modified_gmt":"2026-01-19T14:53:22","slug":"10018-grey-middle-beige","status":"publish","type":"product","link":"https:\/\/xstone.group\/fr\/product\/10018-grey-middle-beige\/","title":{"rendered":"10018 | Gris beige moyen"},"content":{"rendered":"<p>Cette couleur ressemble \u00e0 de la terre compact\u00e9e r\u00e9chauff\u00e9e par le soleil &#8211; un brun argileux riche et discret avec un grain min\u00e9ral doux et une profondeur subtile qui lui conf\u00e8re une pr\u00e9sence ancr\u00e9e et authentique. Elle apporte un sentiment de stabilit\u00e9, de confort et de force tranquille \u00e0 un espace, cr\u00e9ant des int\u00e9rieurs qui semblent enracin\u00e9s dans la nature, intemporels dans leur caract\u00e8re et sophistiqu\u00e9s sans effort. <\/p>\n","protected":false},"excerpt":{"rendered":"<p>Cette couleur ressemble \u00e0 de la terre compact\u00e9e r\u00e9chauff\u00e9e par le soleil &#8211; un brun argileux riche et discret avec un grain min\u00e9ral doux et une profondeur subtile qui lui conf\u00e8re une pr\u00e9sence ancr\u00e9e et authentique. Elle apporte un sentiment de stabilit\u00e9, de confort et de force tranquille \u00e0 un espace, cr\u00e9ant des int\u00e9rieurs qui [&hellip;]<\/p>\n","protected":false},"featured_media":16967,"comment_status":"open","ping_status":"closed","template":"","meta":{"_acf_changed":false,"_uag_custom_page_level_css":"","site-sidebar-layout":"default","site-content-layout":"","ast-site-content-layout":"default","site-content-style":"default","site-sidebar-style":"default","ast-global-header-display":"","ast-banner-title-visibility":"","ast-main-header-display":"","ast-hfb-above-header-display":"","ast-hfb-below-header-display":"","ast-hfb-mobile-header-display":"","site-post-title":"","ast-breadcrumbs-content":"","ast-featured-img":"","footer-sml-layout":"","theme-transparent-header-meta":"default","adv-header-id-meta":"","stick-header-meta":"default","header-above-stick-meta":"","header-main-stick-meta":"","header-below-stick-meta":"","astra-migrate-meta-layouts":"default","ast-page-background-enabled":"default","ast-page-background-meta":{"desktop":{"background-color":"var(--ast-global-color-4)","background-image":"","background-repeat":"repeat","background-position":"center center","background-size":"auto","background-attachment":"scroll","background-type":"","background-media":"","overlay-type":"","overlay-color":"","overlay-opacity":"","overlay-gradient":""},"tablet":{"background-color":"","background-image":"","background-repeat":"repeat","background-position":"center center","background-size":"auto","background-attachment":"scroll","background-type":"","background-media":"","overlay-type":"","overlay-color":"","overlay-opacity":"","overlay-gradient":""},"mobile":{"background-color":"","background-image":"","background-repeat":"repeat","background-position":"center center","background-size":"auto","background-attachment":"scroll","background-type":"","background-media":"","overlay-type":"","overlay-color":"","overlay-opacity":"","overlay-gradient":""}},"ast-content-background-meta":{"desktop":{"background-color":"var(--ast-global-color-5)","background-image":"","background-repeat":"repeat","background-position":"center center","background-size":"auto","background-attachment":"scroll","background-type":"","background-media":"","overlay-type":"","overlay-color":"","overlay-opacity":"","overlay-gradient":""},"tablet":{"background-color":"var(--ast-global-color-5)","background-image":"","background-repeat":"repeat","background-position":"center center","background-size":"auto","background-attachment":"scroll","background-type":"","background-media":"","overlay-type":"","overlay-color":"","overlay-opacity":"","overlay-gradient":""},"mobile":{"background-color":"var(--ast-global-color-5)","background-image":"","background-repeat":"repeat","background-position":"center center","background-size":"auto","background-attachment":"scroll","background-type":"","background-media":"","overlay-type":"","overlay-color":"","overlay-opacity":"","overlay-gradient":""}}},"product_brand":[],"product_cat":[2320,5462,4380],"product_tag":[7682,7688,5457,7684,7686],"class_list":{"0":"post-24368","1":"product","2":"type-product","3":"status-publish","4":"has-post-thumbnail","6":"product_cat-color","7":"product_cat-brown","8":"product_cat-tone-on-tone","9":"product_tag-clay-brown","10":"product_tag-comp-color-16965","11":"product_tag-organic-color","12":"product_tag-earth-tone-surface","13":"product_tag-warm-brown-texture","14":"desktop-align-left","15":"tablet-align-left","16":"mobile-align-left","18":"first","19":"instock","20":"shipping-taxable","21":"product-type-simple"},"acf":[],"yoast_head":"<!-- This site is optimized with the Yoast SEO Premium plugin v27.4 (Yoast SEO v27.4) - https:\/\/yoast.com\/product\/yoast-seo-premium-wordpress\/ -->\n<title>10018 | Gris beige moyen - XSTONE<\/title>\n<meta name=\"description\" content=\"Un ton min\u00e9ral brun argileux chaud avec une texture subtile, id\u00e9al pour cr\u00e9er des atmosph\u00e8res architecturales et de d\u00e9coration int\u00e9rieure naturelles et \u00e9l\u00e9gantes.\" \/>\n<meta name=\"robots\" content=\"index, follow, max-snippet:-1, max-image-preview:large, max-video-preview:-1\" \/>\n<link rel=\"canonical\" href=\"https:\/\/xstone.group\/fr\/product\/10018-grey-middle-beige\/\" \/>\n<meta property=\"og:locale\" content=\"fr_FR\" \/>\n<meta property=\"og:type\" content=\"article\" \/>\n<meta property=\"og:title\" content=\"10018 | Gris beige moyen\" \/>\n<meta property=\"og:description\" content=\"Un ton min\u00e9ral brun argileux chaud avec une texture subtile, id\u00e9al pour cr\u00e9er des atmosph\u00e8res architecturales et de d\u00e9coration int\u00e9rieure naturelles et \u00e9l\u00e9gantes.\" \/>\n<meta property=\"og:url\" content=\"https:\/\/xstone.group\/fr\/product\/10018-grey-middle-beige\/\" \/>\n<meta property=\"og:site_name\" content=\"XSTONE\" \/>\n<meta property=\"article:publisher\" content=\"https:\/\/www.facebook.com\/Xstonesurfaces1\/\" \/>\n<meta property=\"og:image\" content=\"https:\/\/xstone.group\/wp-content\/uploads\/2026\/01\/XStone-Color-10018-scaled.webp\" \/>\n\t<meta property=\"og:image:width\" content=\"2560\" \/>\n\t<meta property=\"og:image:height\" content=\"1683\" \/>\n\t<meta property=\"og:image:type\" content=\"image\/webp\" \/>\n<meta name=\"twitter:card\" content=\"summary_large_image\" \/>\n<script type=\"application\/ld+json\" class=\"yoast-schema-graph\">{\"@context\":\"https:\\\/\\\/schema.org\",\"@graph\":[{\"@type\":\"WebPage\",\"@id\":\"https:\\\/\\\/xstone.group\\\/fr\\\/product\\\/10018-grey-middle-beige\\\/\",\"url\":\"https:\\\/\\\/xstone.group\\\/fr\\\/product\\\/10018-grey-middle-beige\\\/\",\"name\":\"10018 | Gris beige moyen - XSTONE\",\"isPartOf\":{\"@id\":\"https:\\\/\\\/xstone.group\\\/fr\\\/#website\"},\"primaryImageOfPage\":{\"@id\":\"https:\\\/\\\/xstone.group\\\/fr\\\/product\\\/10018-grey-middle-beige\\\/#primaryimage\"},\"image\":{\"@id\":\"https:\\\/\\\/xstone.group\\\/fr\\\/product\\\/10018-grey-middle-beige\\\/#primaryimage\"},\"thumbnailUrl\":\"https:\\\/\\\/xstone.group\\\/wp-content\\\/uploads\\\/2026\\\/01\\\/XStone-Color-10018-scaled.webp\",\"datePublished\":\"2026-01-19T14:53:22+00:00\",\"description\":\"Un ton min\u00e9ral brun argileux chaud avec une texture subtile, id\u00e9al pour cr\u00e9er des atmosph\u00e8res architecturales et de d\u00e9coration int\u00e9rieure naturelles et \u00e9l\u00e9gantes.\",\"breadcrumb\":{\"@id\":\"https:\\\/\\\/xstone.group\\\/fr\\\/product\\\/10018-grey-middle-beige\\\/#breadcrumb\"},\"inLanguage\":\"fr-FR\",\"potentialAction\":[{\"@type\":\"ReadAction\",\"target\":[\"https:\\\/\\\/xstone.group\\\/fr\\\/product\\\/10018-grey-middle-beige\\\/\"]}]},{\"@type\":\"ImageObject\",\"inLanguage\":\"fr-FR\",\"@id\":\"https:\\\/\\\/xstone.group\\\/fr\\\/product\\\/10018-grey-middle-beige\\\/#primaryimage\",\"url\":\"https:\\\/\\\/xstone.group\\\/wp-content\\\/uploads\\\/2026\\\/01\\\/XStone-Color-10018-scaled.webp\",\"contentUrl\":\"https:\\\/\\\/xstone.group\\\/wp-content\\\/uploads\\\/2026\\\/01\\\/XStone-Color-10018-scaled.webp\",\"width\":2560,\"height\":1683,\"caption\":\"XStone - Couleur - Gris moyen beige\"},{\"@type\":\"BreadcrumbList\",\"@id\":\"https:\\\/\\\/xstone.group\\\/fr\\\/product\\\/10018-grey-middle-beige\\\/#breadcrumb\",\"itemListElement\":[{\"@type\":\"ListItem\",\"position\":1,\"name\":\"Home\",\"item\":\"https:\\\/\\\/xstone.group\\\/fr\\\/\"},{\"@type\":\"ListItem\",\"position\":2,\"name\":\"Produits\",\"item\":\"https:\\\/\\\/xstone.group\\\/fr\\\/shop\\\/\"},{\"@type\":\"ListItem\",\"position\":3,\"name\":\"10018 | Gris beige moyen\"}]},{\"@type\":\"WebSite\",\"@id\":\"https:\\\/\\\/xstone.group\\\/fr\\\/#website\",\"url\":\"https:\\\/\\\/xstone.group\\\/fr\\\/\",\"name\":\"XSTONE\",\"description\":\"Une beaut\u00e9 min\u00e9rale authentique et illimit\u00e9e, lib\u00e9r\u00e9e de la pesanteur\",\"publisher\":{\"@id\":\"https:\\\/\\\/xstone.group\\\/fr\\\/#organization\"},\"potentialAction\":[{\"@type\":\"SearchAction\",\"target\":{\"@type\":\"EntryPoint\",\"urlTemplate\":\"https:\\\/\\\/xstone.group\\\/fr\\\/?s={search_term_string}\"},\"query-input\":{\"@type\":\"PropertyValueSpecification\",\"valueRequired\":true,\"valueName\":\"search_term_string\"}}],\"inLanguage\":\"fr-FR\"},{\"@type\":\"Organization\",\"@id\":\"https:\\\/\\\/xstone.group\\\/fr\\\/#organization\",\"name\":\"XSTONE\",\"url\":\"https:\\\/\\\/xstone.group\\\/fr\\\/\",\"logo\":{\"@type\":\"ImageObject\",\"inLanguage\":\"fr-FR\",\"@id\":\"https:\\\/\\\/xstone.group\\\/fr\\\/#\\\/schema\\\/logo\\\/image\\\/\",\"url\":\"https:\\\/\\\/xstone.group\\\/wp-content\\\/uploads\\\/2025\\\/10\\\/cropped-XStone-Surfaces-Logo-white.webp\",\"contentUrl\":\"https:\\\/\\\/xstone.group\\\/wp-content\\\/uploads\\\/2025\\\/10\\\/cropped-XStone-Surfaces-Logo-white.webp\",\"width\":226,\"height\":75,\"caption\":\"XSTONE\"},\"image\":{\"@id\":\"https:\\\/\\\/xstone.group\\\/fr\\\/#\\\/schema\\\/logo\\\/image\\\/\"},\"sameAs\":[\"https:\\\/\\\/www.facebook.com\\\/Xstonesurfaces1\\\/\",\"https:\\\/\\\/www.linkedin.com\\\/company\\\/concrete-on-roll-xstone\\\/\",\"https:\\\/\\\/www.youtube.com\\\/@xstoneteam3953\\\/videos\",\"https:\\\/\\\/www.instagram.com\\\/xstone.surfacesuk\\\/\"],\"description\":\"XSTONE\u00ae fournit des surfaces min\u00e9rales innovantes, flexibles et durables pour architecture, ameublement et design. Explorez nos solutions premium.\",\"email\":\"info@xstone.group\",\"legalName\":\"XSTONE SRL\",\"foundingDate\":\"2007-01-01\",\"vatID\":\"RO53094294\",\"numberOfEmployees\":{\"@type\":\"QuantitativeValue\",\"minValue\":\"1\",\"maxValue\":\"10\"}}]}<\/script>\n<!-- \/ Yoast SEO Premium plugin. -->","yoast_head_json":{"title":"10018 | Gris beige moyen - XSTONE","description":"Un ton min\u00e9ral brun argileux chaud avec une texture subtile, id\u00e9al pour cr\u00e9er des atmosph\u00e8res architecturales et de d\u00e9coration int\u00e9rieure naturelles et \u00e9l\u00e9gantes.","robots":{"index":"index","follow":"follow","max-snippet":"max-snippet:-1","max-image-preview":"max-image-preview:large","max-video-preview":"max-video-preview:-1"},"canonical":"https:\/\/xstone.group\/fr\/product\/10018-grey-middle-beige\/","og_locale":"fr_FR","og_type":"article","og_title":"10018 | Gris beige moyen","og_description":"Un ton min\u00e9ral brun argileux chaud avec une texture subtile, id\u00e9al pour cr\u00e9er des atmosph\u00e8res architecturales et de d\u00e9coration int\u00e9rieure naturelles et \u00e9l\u00e9gantes.","og_url":"https:\/\/xstone.group\/fr\/product\/10018-grey-middle-beige\/","og_site_name":"XSTONE","article_publisher":"https:\/\/www.facebook.com\/Xstonesurfaces1\/","og_image":[{"width":2560,"height":1683,"url":"https:\/\/xstone.group\/wp-content\/uploads\/2026\/01\/XStone-Color-10018-scaled.webp","type":"image\/webp"}],"twitter_card":"summary_large_image","schema":{"@context":"https:\/\/schema.org","@graph":[{"@type":"WebPage","@id":"https:\/\/xstone.group\/fr\/product\/10018-grey-middle-beige\/","url":"https:\/\/xstone.group\/fr\/product\/10018-grey-middle-beige\/","name":"10018 | Gris beige moyen - XSTONE","isPartOf":{"@id":"https:\/\/xstone.group\/fr\/#website"},"primaryImageOfPage":{"@id":"https:\/\/xstone.group\/fr\/product\/10018-grey-middle-beige\/#primaryimage"},"image":{"@id":"https:\/\/xstone.group\/fr\/product\/10018-grey-middle-beige\/#primaryimage"},"thumbnailUrl":"https:\/\/xstone.group\/wp-content\/uploads\/2026\/01\/XStone-Color-10018-scaled.webp","datePublished":"2026-01-19T14:53:22+00:00","description":"Un ton min\u00e9ral brun argileux chaud avec une texture subtile, id\u00e9al pour cr\u00e9er des atmosph\u00e8res architecturales et de d\u00e9coration int\u00e9rieure naturelles et \u00e9l\u00e9gantes.","breadcrumb":{"@id":"https:\/\/xstone.group\/fr\/product\/10018-grey-middle-beige\/#breadcrumb"},"inLanguage":"fr-FR","potentialAction":[{"@type":"ReadAction","target":["https:\/\/xstone.group\/fr\/product\/10018-grey-middle-beige\/"]}]},{"@type":"ImageObject","inLanguage":"fr-FR","@id":"https:\/\/xstone.group\/fr\/product\/10018-grey-middle-beige\/#primaryimage","url":"https:\/\/xstone.group\/wp-content\/uploads\/2026\/01\/XStone-Color-10018-scaled.webp","contentUrl":"https:\/\/xstone.group\/wp-content\/uploads\/2026\/01\/XStone-Color-10018-scaled.webp","width":2560,"height":1683,"caption":"XStone - Couleur - Gris moyen beige"},{"@type":"BreadcrumbList","@id":"https:\/\/xstone.group\/fr\/product\/10018-grey-middle-beige\/#breadcrumb","itemListElement":[{"@type":"ListItem","position":1,"name":"Home","item":"https:\/\/xstone.group\/fr\/"},{"@type":"ListItem","position":2,"name":"Produits","item":"https:\/\/xstone.group\/fr\/shop\/"},{"@type":"ListItem","position":3,"name":"10018 | Gris beige moyen"}]},{"@type":"WebSite","@id":"https:\/\/xstone.group\/fr\/#website","url":"https:\/\/xstone.group\/fr\/","name":"XSTONE","description":"Une beaut\u00e9 min\u00e9rale authentique et illimit\u00e9e, lib\u00e9r\u00e9e de la pesanteur","publisher":{"@id":"https:\/\/xstone.group\/fr\/#organization"},"potentialAction":[{"@type":"SearchAction","target":{"@type":"EntryPoint","urlTemplate":"https:\/\/xstone.group\/fr\/?s={search_term_string}"},"query-input":{"@type":"PropertyValueSpecification","valueRequired":true,"valueName":"search_term_string"}}],"inLanguage":"fr-FR"},{"@type":"Organization","@id":"https:\/\/xstone.group\/fr\/#organization","name":"XSTONE","url":"https:\/\/xstone.group\/fr\/","logo":{"@type":"ImageObject","inLanguage":"fr-FR","@id":"https:\/\/xstone.group\/fr\/#\/schema\/logo\/image\/","url":"https:\/\/xstone.group\/wp-content\/uploads\/2025\/10\/cropped-XStone-Surfaces-Logo-white.webp","contentUrl":"https:\/\/xstone.group\/wp-content\/uploads\/2025\/10\/cropped-XStone-Surfaces-Logo-white.webp","width":226,"height":75,"caption":"XSTONE"},"image":{"@id":"https:\/\/xstone.group\/fr\/#\/schema\/logo\/image\/"},"sameAs":["https:\/\/www.facebook.com\/Xstonesurfaces1\/","https:\/\/www.linkedin.com\/company\/concrete-on-roll-xstone\/","https:\/\/www.youtube.com\/@xstoneteam3953\/videos","https:\/\/www.instagram.com\/xstone.surfacesuk\/"],"description":"XSTONE\u00ae fournit des surfaces min\u00e9rales innovantes, flexibles et durables pour architecture, ameublement et design. Explorez nos solutions premium.","email":"info@xstone.group","legalName":"XSTONE SRL","foundingDate":"2007-01-01","vatID":"RO53094294","numberOfEmployees":{"@type":"QuantitativeValue","minValue":"1","maxValue":"10"}}]}},"spectra_custom_meta":{"_last_translation_edit_mode":["translation-editor"],"_wcml_average_rating":[null],"_wcml_review_count":[null],"_wcml_rating_count":[null],"_yoast_wpseo_primary_product_cat":["405"],"_backorders":["no"],"_download_limit":["-1"],"_download_expiry":["-1"],"_downloadable":["no"],"_manage_stock":["no"],"_sku":["10018"],"_stock_status":["instock"],"_sold_individually":["no"],"_tax_class":[""],"_tax_status":["taxable"],"_virtual":["no"],"total_sales":["0"],"_wpml_media_duplicate":["1"],"_wpml_media_featured":["1"],"stick-header-meta":["default"],"site-sidebar-layout":["default"],"theme-transparent-header-meta":["default"],"ast-site-content-layout":["default"],"site-content-style":["default"],"site-sidebar-style":["default"],"_yoast_wpseo_metadesc":["Un ton min\u00e9ral brun argileux chaud avec une texture subtile, id\u00e9al pour cr\u00e9er des atmosph\u00e8res architecturales et de d\u00e9coration int\u00e9rieure naturelles et \u00e9l\u00e9gantes."],"_yoast_wpseo_focuskw":["argile chaude surface min\u00e9rale brune"],"_thumbnail_id":["16967"],"_product_image_gallery":[""],"_product_attributes":["a:3:{s:7:\"pa_tone\";a:6:{s:4:\"name\";s:7:\"pa_tone\";s:5:\"value\";s:0:\"\";s:8:\"position\";i:0;s:10:\"is_visible\";i:1;s:12:\"is_variation\";i:0;s:11:\"is_taxonomy\";i:1;}s:13:\"pa_color-code\";a:6:{s:4:\"name\";s:13:\"pa_color-code\";s:5:\"value\";s:0:\"\";s:8:\"position\";i:1;s:10:\"is_visible\";i:1;s:12:\"is_variation\";i:0;s:11:\"is_taxonomy\";i:1;}s:9:\"pa_finish\";a:6:{s:4:\"name\";s:9:\"pa_finish\";s:5:\"value\";s:0:\"\";s:8:\"position\";i:2;s:10:\"is_visible\";i:1;s:12:\"is_variation\";i:0;s:11:\"is_taxonomy\";i:1;}}"],"_wpml_word_count":["77"],"two_optimized_date":["1776567580"],"woolentor_views_count_product":["12"],"_uag_css_file_name":["uag-css-24368.css"],"_uag_js_file_name":["uag-js-24368.js"],"tp_widgets":["a:2:{s:7:\"widgets\";a:6:{i:0;s:18:\"plus-list-skeleton\";i:1;s:22:\"plus-listing-load-more\";i:2;s:18:\"plus-listing-metro\";i:3;s:18:\"tp-product-listout\";i:4;s:17:\"tp-single-style_1\";i:5;s:19:\"tp-woo-single-image\";}s:9:\"update_at\";s:10:\"1776541402\";}"],"_elementor_edit_mode":["builder"],"_selectproduct_layout":["16271"],"_wc_rating_count":[""],"_wc_review_count":[""],"_wc_average_rating":[0]},"uagb_featured_image_src":{"full":["https:\/\/xstone.group\/wp-content\/uploads\/2026\/01\/XStone-Color-10018-scaled.webp",2560,1683,false],"thumbnail":["https:\/\/xstone.group\/wp-content\/uploads\/2026\/01\/XStone-Color-10018-150x150.webp",150,150,true],"medium":["https:\/\/xstone.group\/wp-content\/uploads\/2026\/01\/XStone-Color-10018-300x197.webp",300,197,true],"medium_large":["https:\/\/xstone.group\/wp-content\/uploads\/2026\/01\/XStone-Color-10018-768x505.webp",768,505,true],"large":["https:\/\/xstone.group\/wp-content\/uploads\/2026\/01\/XStone-Color-10018-1024x673.webp",1024,673,true],"1536x1536":["https:\/\/xstone.group\/wp-content\/uploads\/2026\/01\/XStone-Color-10018-1536x1010.webp",1536,1010,true],"2048x2048":["https:\/\/xstone.group\/wp-content\/uploads\/2026\/01\/XStone-Color-10018-2048x1347.webp",2048,1347,true],"tp-image-grid":["https:\/\/xstone.group\/wp-content\/uploads\/2026\/01\/XStone-Color-10018-700x700.webp",700,700,true],"tenweb_optimizer_mobile":["https:\/\/xstone.group\/wp-content\/uploads\/2026\/01\/XStone-Color-10018-600x395.webp",600,395,true],"tenweb_optimizer_tablet":["https:\/\/xstone.group\/wp-content\/uploads\/2026\/01\/XStone-Color-10018-768x505.webp",768,505,true],"woocommerce_thumbnail":["https:\/\/xstone.group\/wp-content\/uploads\/2026\/01\/XStone-Color-10018-300x300.webp",300,300,true],"woocommerce_single":["https:\/\/xstone.group\/wp-content\/uploads\/2026\/01\/XStone-Color-10018-600x395.webp",600,395,true],"woocommerce_gallery_thumbnail":["https:\/\/xstone.group\/wp-content\/uploads\/2026\/01\/XStone-Color-10018-100x100.webp",100,100,true]},"uagb_author_info":{"display_name":"laurent.gomez@xstone.group","author_link":"https:\/\/xstone.group\/fr\/author\/"},"uagb_comment_info":0,"uagb_excerpt":"Cette couleur ressemble \u00e0 de la terre compact\u00e9e r\u00e9chauff\u00e9e par le soleil &#8211; un brun argileux riche et discret avec un grain min\u00e9ral doux et une profondeur subtile qui lui conf\u00e8re une pr\u00e9sence ancr\u00e9e et authentique. Elle apporte un sentiment de stabilit\u00e9, de confort et de force tranquille \u00e0 un espace, cr\u00e9ant des int\u00e9rieurs qui\u2026","_links":{"self":[{"href":"https:\/\/xstone.group\/fr\/wp-json\/wp\/v2\/product\/24368","targetHints":{"allow":["GET"]}}],"collection":[{"href":"https:\/\/xstone.group\/fr\/wp-json\/wp\/v2\/product"}],"about":[{"href":"https:\/\/xstone.group\/fr\/wp-json\/wp\/v2\/types\/product"}],"replies":[{"embeddable":true,"href":"https:\/\/xstone.group\/fr\/wp-json\/wp\/v2\/comments?post=24368"}],"wp:featuredmedia":[{"embeddable":true,"href":"https:\/\/xstone.group\/fr\/wp-json\/wp\/v2\/media\/16967"}],"wp:attachment":[{"href":"https:\/\/xstone.group\/fr\/wp-json\/wp\/v2\/media?parent=24368"}],"wp:term":[{"taxonomy":"product_brand","embeddable":true,"href":"https:\/\/xstone.group\/fr\/wp-json\/wp\/v2\/product_brand?post=24368"},{"taxonomy":"product_cat","embeddable":true,"href":"https:\/\/xstone.group\/fr\/wp-json\/wp\/v2\/product_cat?post=24368"},{"taxonomy":"product_tag","embeddable":true,"href":"https:\/\/xstone.group\/fr\/wp-json\/wp\/v2\/product_tag?post=24368"}],"curies":[{"name":"wp","href":"https:\/\/api.w.org\/{rel}","templated":true}]}}