{"id":24449,"date":"2026-01-20T14:26:49","date_gmt":"2026-01-20T14:26:49","guid":{"rendered":"https:\/\/xstone.group\/product\/10029-olive-jaune-clair\/"},"modified":"2026-01-20T14:26:49","modified_gmt":"2026-01-20T14:26:49","slug":"10029-olive-light-yellow","status":"publish","type":"product","link":"https:\/\/xstone.group\/fr\/product\/10029-olive-light-yellow\/","title":{"rendered":"10029 | Olive jaune clair"},"content":{"rendered":"<p>Cette couleur ressemble \u00e0 du calcaire dor\u00e9 d\u00e9licatement bross\u00e9 par la lumi\u00e8re du soleil. C&rsquo;est un beige chaud et lumineux avec des veines min\u00e9rales douces et des mouchetures naturelles d\u00e9licates qui lui donnent de la profondeur, de la texture et une \u00e9l\u00e9gance tranquille. Elle apporte une sensation de chaleur, de lumi\u00e8re et d&rsquo;harmonie naturelle \u00e0 un espace, cr\u00e9ant des int\u00e9rieurs ouverts, sereins et d&rsquo;un raffinement intemporel, o\u00f9 le mat\u00e9riau lui-m\u00eame fait partie de l&rsquo;atmosph\u00e8re. <\/p>\n","protected":false},"excerpt":{"rendered":"<p>Cette couleur ressemble \u00e0 du calcaire dor\u00e9 d\u00e9licatement bross\u00e9 par la lumi\u00e8re du soleil. C&rsquo;est un beige chaud et lumineux avec des veines min\u00e9rales douces et des mouchetures naturelles d\u00e9licates qui lui donnent de la profondeur, de la texture et une \u00e9l\u00e9gance tranquille. Elle apporte une sensation de chaleur, de lumi\u00e8re et d&rsquo;harmonie naturelle \u00e0 [&hellip;]<\/p>\n","protected":false},"featured_media":16996,"comment_status":"open","ping_status":"closed","template":"","meta":{"_acf_changed":false,"_uag_custom_page_level_css":"","site-sidebar-layout":"default","site-content-layout":"","ast-site-content-layout":"default","site-content-style":"default","site-sidebar-style":"default","ast-global-header-display":"","ast-banner-title-visibility":"","ast-main-header-display":"","ast-hfb-above-header-display":"","ast-hfb-below-header-display":"","ast-hfb-mobile-header-display":"","site-post-title":"","ast-breadcrumbs-content":"","ast-featured-img":"","footer-sml-layout":"","theme-transparent-header-meta":"default","adv-header-id-meta":"","stick-header-meta":"default","header-above-stick-meta":"","header-main-stick-meta":"","header-below-stick-meta":"","astra-migrate-meta-layouts":"default","ast-page-background-enabled":"default","ast-page-background-meta":{"desktop":{"background-color":"var(--ast-global-color-4)","background-image":"","background-repeat":"repeat","background-position":"center center","background-size":"auto","background-attachment":"scroll","background-type":"","background-media":"","overlay-type":"","overlay-color":"","overlay-opacity":"","overlay-gradient":""},"tablet":{"background-color":"","background-image":"","background-repeat":"repeat","background-position":"center center","background-size":"auto","background-attachment":"scroll","background-type":"","background-media":"","overlay-type":"","overlay-color":"","overlay-opacity":"","overlay-gradient":""},"mobile":{"background-color":"","background-image":"","background-repeat":"repeat","background-position":"center center","background-size":"auto","background-attachment":"scroll","background-type":"","background-media":"","overlay-type":"","overlay-color":"","overlay-opacity":"","overlay-gradient":""}},"ast-content-background-meta":{"desktop":{"background-color":"var(--ast-global-color-5)","background-image":"","background-repeat":"repeat","background-position":"center center","background-size":"auto","background-attachment":"scroll","background-type":"","background-media":"","overlay-type":"","overlay-color":"","overlay-opacity":"","overlay-gradient":""},"tablet":{"background-color":"var(--ast-global-color-5)","background-image":"","background-repeat":"repeat","background-position":"center center","background-size":"auto","background-attachment":"scroll","background-type":"","background-media":"","overlay-type":"","overlay-color":"","overlay-opacity":"","overlay-gradient":""},"mobile":{"background-color":"var(--ast-global-color-5)","background-image":"","background-repeat":"repeat","background-position":"center center","background-size":"auto","background-attachment":"scroll","background-type":"","background-media":"","overlay-type":"","overlay-color":"","overlay-opacity":"","overlay-gradient":""}}},"product_brand":[],"product_cat":[2320,4380,4536],"product_tag":[7924,7928,7926],"class_list":{"0":"post-24449","1":"product","2":"type-product","3":"status-publish","4":"has-post-thumbnail","6":"product_cat-color","7":"product_cat-tone-on-tone","8":"product_cat-green","9":"product_tag-golden-beige","10":"product_tag-comp-color-16994","11":"product_tag-limestone-beige-surface","12":"desktop-align-left","13":"tablet-align-left","14":"mobile-align-left","16":"first","17":"instock","18":"shipping-taxable","19":"product-type-simple"},"acf":[],"yoast_head":"<!-- This site is optimized with the Yoast SEO Premium plugin v27.4 (Yoast SEO v27.4) - https:\/\/yoast.com\/product\/yoast-seo-premium-wordpress\/ -->\n<title>10029 | Olive jaune clair - XSTONE<\/title>\n<meta name=\"description\" content=\"Un beige calcaire chaud et dor\u00e9 avec une texture min\u00e9rale subtile, id\u00e9al pour cr\u00e9er des espaces architecturaux et int\u00e9rieurs lumineux, naturels et \u00e9l\u00e9gants.\" \/>\n<meta name=\"robots\" content=\"index, follow, max-snippet:-1, max-image-preview:large, max-video-preview:-1\" \/>\n<link rel=\"canonical\" href=\"https:\/\/xstone.group\/fr\/product\/10029-olive-light-yellow\/\" \/>\n<meta property=\"og:locale\" content=\"fr_FR\" \/>\n<meta property=\"og:type\" content=\"article\" \/>\n<meta property=\"og:title\" content=\"10029 | Olive jaune clair\" \/>\n<meta property=\"og:description\" content=\"Un beige calcaire chaud et dor\u00e9 avec une texture min\u00e9rale subtile, id\u00e9al pour cr\u00e9er des espaces architecturaux et int\u00e9rieurs lumineux, naturels et \u00e9l\u00e9gants.\" \/>\n<meta property=\"og:url\" content=\"https:\/\/xstone.group\/fr\/product\/10029-olive-light-yellow\/\" \/>\n<meta property=\"og:site_name\" content=\"XSTONE\" \/>\n<meta property=\"article:publisher\" content=\"https:\/\/www.facebook.com\/Xstonesurfaces1\/\" \/>\n<meta property=\"og:image\" content=\"https:\/\/xstone.group\/wp-content\/uploads\/2026\/01\/XStone-Color-10029-scaled.webp\" \/>\n\t<meta property=\"og:image:width\" content=\"2560\" \/>\n\t<meta property=\"og:image:height\" content=\"1706\" \/>\n\t<meta property=\"og:image:type\" content=\"image\/webp\" \/>\n<meta name=\"twitter:card\" content=\"summary_large_image\" \/>\n<script type=\"application\/ld+json\" class=\"yoast-schema-graph\">{\"@context\":\"https:\\\/\\\/schema.org\",\"@graph\":[{\"@type\":\"WebPage\",\"@id\":\"https:\\\/\\\/xstone.group\\\/fr\\\/product\\\/10029-olive-light-yellow\\\/\",\"url\":\"https:\\\/\\\/xstone.group\\\/fr\\\/product\\\/10029-olive-light-yellow\\\/\",\"name\":\"10029 | Olive jaune clair - XSTONE\",\"isPartOf\":{\"@id\":\"https:\\\/\\\/xstone.group\\\/fr\\\/#website\"},\"primaryImageOfPage\":{\"@id\":\"https:\\\/\\\/xstone.group\\\/fr\\\/product\\\/10029-olive-light-yellow\\\/#primaryimage\"},\"image\":{\"@id\":\"https:\\\/\\\/xstone.group\\\/fr\\\/product\\\/10029-olive-light-yellow\\\/#primaryimage\"},\"thumbnailUrl\":\"https:\\\/\\\/xstone.group\\\/wp-content\\\/uploads\\\/2026\\\/01\\\/XStone-Color-10029-scaled.webp\",\"datePublished\":\"2026-01-20T14:26:49+00:00\",\"description\":\"Un beige calcaire chaud et dor\u00e9 avec une texture min\u00e9rale subtile, id\u00e9al pour cr\u00e9er des espaces architecturaux et int\u00e9rieurs lumineux, naturels et \u00e9l\u00e9gants.\",\"breadcrumb\":{\"@id\":\"https:\\\/\\\/xstone.group\\\/fr\\\/product\\\/10029-olive-light-yellow\\\/#breadcrumb\"},\"inLanguage\":\"fr-FR\",\"potentialAction\":[{\"@type\":\"ReadAction\",\"target\":[\"https:\\\/\\\/xstone.group\\\/fr\\\/product\\\/10029-olive-light-yellow\\\/\"]}]},{\"@type\":\"ImageObject\",\"inLanguage\":\"fr-FR\",\"@id\":\"https:\\\/\\\/xstone.group\\\/fr\\\/product\\\/10029-olive-light-yellow\\\/#primaryimage\",\"url\":\"https:\\\/\\\/xstone.group\\\/wp-content\\\/uploads\\\/2026\\\/01\\\/XStone-Color-10029-scaled.webp\",\"contentUrl\":\"https:\\\/\\\/xstone.group\\\/wp-content\\\/uploads\\\/2026\\\/01\\\/XStone-Color-10029-scaled.webp\",\"width\":2560,\"height\":1706,\"caption\":\"XStone - Couleur - Jaune clair olive\"},{\"@type\":\"BreadcrumbList\",\"@id\":\"https:\\\/\\\/xstone.group\\\/fr\\\/product\\\/10029-olive-light-yellow\\\/#breadcrumb\",\"itemListElement\":[{\"@type\":\"ListItem\",\"position\":1,\"name\":\"Home\",\"item\":\"https:\\\/\\\/xstone.group\\\/fr\\\/\"},{\"@type\":\"ListItem\",\"position\":2,\"name\":\"Produits\",\"item\":\"https:\\\/\\\/xstone.group\\\/fr\\\/shop\\\/\"},{\"@type\":\"ListItem\",\"position\":3,\"name\":\"10029 | Olive jaune clair\"}]},{\"@type\":\"WebSite\",\"@id\":\"https:\\\/\\\/xstone.group\\\/fr\\\/#website\",\"url\":\"https:\\\/\\\/xstone.group\\\/fr\\\/\",\"name\":\"XSTONE\",\"description\":\"Une beaut\u00e9 min\u00e9rale authentique et illimit\u00e9e, lib\u00e9r\u00e9e de la pesanteur\",\"publisher\":{\"@id\":\"https:\\\/\\\/xstone.group\\\/fr\\\/#organization\"},\"potentialAction\":[{\"@type\":\"SearchAction\",\"target\":{\"@type\":\"EntryPoint\",\"urlTemplate\":\"https:\\\/\\\/xstone.group\\\/fr\\\/?s={search_term_string}\"},\"query-input\":{\"@type\":\"PropertyValueSpecification\",\"valueRequired\":true,\"valueName\":\"search_term_string\"}}],\"inLanguage\":\"fr-FR\"},{\"@type\":\"Organization\",\"@id\":\"https:\\\/\\\/xstone.group\\\/fr\\\/#organization\",\"name\":\"XSTONE\",\"url\":\"https:\\\/\\\/xstone.group\\\/fr\\\/\",\"logo\":{\"@type\":\"ImageObject\",\"inLanguage\":\"fr-FR\",\"@id\":\"https:\\\/\\\/xstone.group\\\/fr\\\/#\\\/schema\\\/logo\\\/image\\\/\",\"url\":\"https:\\\/\\\/xstone.group\\\/wp-content\\\/uploads\\\/2025\\\/10\\\/cropped-XStone-Surfaces-Logo-white.webp\",\"contentUrl\":\"https:\\\/\\\/xstone.group\\\/wp-content\\\/uploads\\\/2025\\\/10\\\/cropped-XStone-Surfaces-Logo-white.webp\",\"width\":226,\"height\":75,\"caption\":\"XSTONE\"},\"image\":{\"@id\":\"https:\\\/\\\/xstone.group\\\/fr\\\/#\\\/schema\\\/logo\\\/image\\\/\"},\"sameAs\":[\"https:\\\/\\\/www.facebook.com\\\/Xstonesurfaces1\\\/\",\"https:\\\/\\\/www.linkedin.com\\\/company\\\/concrete-on-roll-xstone\\\/\",\"https:\\\/\\\/www.youtube.com\\\/@xstoneteam3953\\\/videos\",\"https:\\\/\\\/www.instagram.com\\\/xstone.surfacesuk\\\/\"],\"description\":\"XSTONE\u00ae fournit des surfaces min\u00e9rales innovantes, flexibles et durables pour architecture, ameublement et design. Explorez nos solutions premium.\",\"email\":\"info@xstone.group\",\"legalName\":\"XSTONE SRL\",\"foundingDate\":\"2007-01-01\",\"vatID\":\"RO53094294\",\"numberOfEmployees\":{\"@type\":\"QuantitativeValue\",\"minValue\":\"1\",\"maxValue\":\"10\"}}]}<\/script>\n<!-- \/ Yoast SEO Premium plugin. -->","yoast_head_json":{"title":"10029 | Olive jaune clair - XSTONE","description":"Un beige calcaire chaud et dor\u00e9 avec une texture min\u00e9rale subtile, id\u00e9al pour cr\u00e9er des espaces architecturaux et int\u00e9rieurs lumineux, naturels et \u00e9l\u00e9gants.","robots":{"index":"index","follow":"follow","max-snippet":"max-snippet:-1","max-image-preview":"max-image-preview:large","max-video-preview":"max-video-preview:-1"},"canonical":"https:\/\/xstone.group\/fr\/product\/10029-olive-light-yellow\/","og_locale":"fr_FR","og_type":"article","og_title":"10029 | Olive jaune clair","og_description":"Un beige calcaire chaud et dor\u00e9 avec une texture min\u00e9rale subtile, id\u00e9al pour cr\u00e9er des espaces architecturaux et int\u00e9rieurs lumineux, naturels et \u00e9l\u00e9gants.","og_url":"https:\/\/xstone.group\/fr\/product\/10029-olive-light-yellow\/","og_site_name":"XSTONE","article_publisher":"https:\/\/www.facebook.com\/Xstonesurfaces1\/","og_image":[{"width":2560,"height":1706,"url":"https:\/\/xstone.group\/wp-content\/uploads\/2026\/01\/XStone-Color-10029-scaled.webp","type":"image\/webp"}],"twitter_card":"summary_large_image","schema":{"@context":"https:\/\/schema.org","@graph":[{"@type":"WebPage","@id":"https:\/\/xstone.group\/fr\/product\/10029-olive-light-yellow\/","url":"https:\/\/xstone.group\/fr\/product\/10029-olive-light-yellow\/","name":"10029 | Olive jaune clair - XSTONE","isPartOf":{"@id":"https:\/\/xstone.group\/fr\/#website"},"primaryImageOfPage":{"@id":"https:\/\/xstone.group\/fr\/product\/10029-olive-light-yellow\/#primaryimage"},"image":{"@id":"https:\/\/xstone.group\/fr\/product\/10029-olive-light-yellow\/#primaryimage"},"thumbnailUrl":"https:\/\/xstone.group\/wp-content\/uploads\/2026\/01\/XStone-Color-10029-scaled.webp","datePublished":"2026-01-20T14:26:49+00:00","description":"Un beige calcaire chaud et dor\u00e9 avec une texture min\u00e9rale subtile, id\u00e9al pour cr\u00e9er des espaces architecturaux et int\u00e9rieurs lumineux, naturels et \u00e9l\u00e9gants.","breadcrumb":{"@id":"https:\/\/xstone.group\/fr\/product\/10029-olive-light-yellow\/#breadcrumb"},"inLanguage":"fr-FR","potentialAction":[{"@type":"ReadAction","target":["https:\/\/xstone.group\/fr\/product\/10029-olive-light-yellow\/"]}]},{"@type":"ImageObject","inLanguage":"fr-FR","@id":"https:\/\/xstone.group\/fr\/product\/10029-olive-light-yellow\/#primaryimage","url":"https:\/\/xstone.group\/wp-content\/uploads\/2026\/01\/XStone-Color-10029-scaled.webp","contentUrl":"https:\/\/xstone.group\/wp-content\/uploads\/2026\/01\/XStone-Color-10029-scaled.webp","width":2560,"height":1706,"caption":"XStone - Couleur - Jaune clair olive"},{"@type":"BreadcrumbList","@id":"https:\/\/xstone.group\/fr\/product\/10029-olive-light-yellow\/#breadcrumb","itemListElement":[{"@type":"ListItem","position":1,"name":"Home","item":"https:\/\/xstone.group\/fr\/"},{"@type":"ListItem","position":2,"name":"Produits","item":"https:\/\/xstone.group\/fr\/shop\/"},{"@type":"ListItem","position":3,"name":"10029 | Olive jaune clair"}]},{"@type":"WebSite","@id":"https:\/\/xstone.group\/fr\/#website","url":"https:\/\/xstone.group\/fr\/","name":"XSTONE","description":"Une beaut\u00e9 min\u00e9rale authentique et illimit\u00e9e, lib\u00e9r\u00e9e de la pesanteur","publisher":{"@id":"https:\/\/xstone.group\/fr\/#organization"},"potentialAction":[{"@type":"SearchAction","target":{"@type":"EntryPoint","urlTemplate":"https:\/\/xstone.group\/fr\/?s={search_term_string}"},"query-input":{"@type":"PropertyValueSpecification","valueRequired":true,"valueName":"search_term_string"}}],"inLanguage":"fr-FR"},{"@type":"Organization","@id":"https:\/\/xstone.group\/fr\/#organization","name":"XSTONE","url":"https:\/\/xstone.group\/fr\/","logo":{"@type":"ImageObject","inLanguage":"fr-FR","@id":"https:\/\/xstone.group\/fr\/#\/schema\/logo\/image\/","url":"https:\/\/xstone.group\/wp-content\/uploads\/2025\/10\/cropped-XStone-Surfaces-Logo-white.webp","contentUrl":"https:\/\/xstone.group\/wp-content\/uploads\/2025\/10\/cropped-XStone-Surfaces-Logo-white.webp","width":226,"height":75,"caption":"XSTONE"},"image":{"@id":"https:\/\/xstone.group\/fr\/#\/schema\/logo\/image\/"},"sameAs":["https:\/\/www.facebook.com\/Xstonesurfaces1\/","https:\/\/www.linkedin.com\/company\/concrete-on-roll-xstone\/","https:\/\/www.youtube.com\/@xstoneteam3953\/videos","https:\/\/www.instagram.com\/xstone.surfacesuk\/"],"description":"XSTONE\u00ae fournit des surfaces min\u00e9rales innovantes, flexibles et durables pour architecture, ameublement et design. Explorez nos solutions premium.","email":"info@xstone.group","legalName":"XSTONE SRL","foundingDate":"2007-01-01","vatID":"RO53094294","numberOfEmployees":{"@type":"QuantitativeValue","minValue":"1","maxValue":"10"}}]}},"spectra_custom_meta":{"_last_translation_edit_mode":["translation-editor"],"_wcml_average_rating":[null],"_wcml_review_count":[null],"_wcml_rating_count":[null],"_yoast_wpseo_primary_product_cat":["318"],"_backorders":["no"],"_download_limit":["-1"],"_download_expiry":["-1"],"_downloadable":["no"],"_manage_stock":["no"],"_sku":["10029"],"_stock_status":["instock"],"_sold_individually":["no"],"_tax_class":[""],"_tax_status":["taxable"],"_virtual":["no"],"total_sales":["0"],"_wpml_media_duplicate":["1"],"_wpml_media_featured":["1"],"stick-header-meta":["default"],"site-sidebar-layout":["default"],"theme-transparent-header-meta":["default"],"ast-site-content-layout":["default"],"site-content-style":["default"],"site-sidebar-style":["default"],"_yoast_wpseo_metadesc":["Un beige calcaire chaud et dor\u00e9 avec une texture min\u00e9rale subtile, id\u00e9al pour cr\u00e9er des espaces architecturaux et int\u00e9rieurs lumineux, naturels et \u00e9l\u00e9gants."],"_yoast_wpseo_focuskw":["calcaire dor\u00e9 surface beige"],"_thumbnail_id":["16996"],"_product_image_gallery":[""],"_product_attributes":["a:3:{s:7:\"pa_tone\";a:6:{s:4:\"name\";s:7:\"pa_tone\";s:5:\"value\";s:0:\"\";s:8:\"position\";i:0;s:10:\"is_visible\";i:1;s:12:\"is_variation\";i:0;s:11:\"is_taxonomy\";i:1;}s:13:\"pa_color-code\";a:6:{s:4:\"name\";s:13:\"pa_color-code\";s:5:\"value\";s:0:\"\";s:8:\"position\";i:1;s:10:\"is_visible\";i:1;s:12:\"is_variation\";i:0;s:11:\"is_taxonomy\";i:1;}s:9:\"pa_finish\";a:6:{s:4:\"name\";s:9:\"pa_finish\";s:5:\"value\";s:0:\"\";s:8:\"position\";i:2;s:10:\"is_visible\";i:1;s:12:\"is_variation\";i:0;s:11:\"is_taxonomy\";i:1;}}"],"_wpml_word_count":["88"],"two_optimized_date":["1776569831"],"woolentor_views_count_product":["9"],"_uag_css_file_name":["uag-css-24449.css"],"_uag_js_file_name":["uag-js-24449.js"],"tp_widgets":["a:2:{s:7:\"widgets\";a:6:{i:0;s:18:\"plus-list-skeleton\";i:1;s:22:\"plus-listing-load-more\";i:2;s:18:\"plus-listing-metro\";i:3;s:18:\"tp-product-listout\";i:4;s:17:\"tp-single-style_1\";i:5;s:19:\"tp-woo-single-image\";}s:9:\"update_at\";s:10:\"1776541402\";}"],"_elementor_edit_mode":["builder"],"_selectproduct_layout":["16271"],"_wc_rating_count":[""],"_wc_review_count":[""],"_wc_average_rating":[0]},"uagb_featured_image_src":{"full":["https:\/\/xstone.group\/wp-content\/uploads\/2026\/01\/XStone-Color-10029-scaled.webp",2560,1706,false],"thumbnail":["https:\/\/xstone.group\/wp-content\/uploads\/2026\/01\/XStone-Color-10029-150x150.webp",150,150,true],"medium":["https:\/\/xstone.group\/wp-content\/uploads\/2026\/01\/XStone-Color-10029-300x200.webp",300,200,true],"medium_large":["https:\/\/xstone.group\/wp-content\/uploads\/2026\/01\/XStone-Color-10029-768x512.webp",768,512,true],"large":["https:\/\/xstone.group\/wp-content\/uploads\/2026\/01\/XStone-Color-10029-1024x683.webp",1024,683,true],"1536x1536":["https:\/\/xstone.group\/wp-content\/uploads\/2026\/01\/XStone-Color-10029-1536x1024.webp",1536,1024,true],"2048x2048":["https:\/\/xstone.group\/wp-content\/uploads\/2026\/01\/XStone-Color-10029-2048x1365.webp",2048,1365,true],"tp-image-grid":["https:\/\/xstone.group\/wp-content\/uploads\/2026\/01\/XStone-Color-10029-700x700.webp",700,700,true],"tenweb_optimizer_mobile":["https:\/\/xstone.group\/wp-content\/uploads\/2026\/01\/XStone-Color-10029-600x400.webp",600,400,true],"tenweb_optimizer_tablet":["https:\/\/xstone.group\/wp-content\/uploads\/2026\/01\/XStone-Color-10029-768x512.webp",768,512,true],"woocommerce_thumbnail":["https:\/\/xstone.group\/wp-content\/uploads\/2026\/01\/XStone-Color-10029-300x300.webp",300,300,true],"woocommerce_single":["https:\/\/xstone.group\/wp-content\/uploads\/2026\/01\/XStone-Color-10029-600x400.webp",600,400,true],"woocommerce_gallery_thumbnail":["https:\/\/xstone.group\/wp-content\/uploads\/2026\/01\/XStone-Color-10029-100x100.webp",100,100,true]},"uagb_author_info":{"display_name":"laurent.gomez@xstone.group","author_link":"https:\/\/xstone.group\/fr\/author\/"},"uagb_comment_info":0,"uagb_excerpt":"Cette couleur ressemble \u00e0 du calcaire dor\u00e9 d\u00e9licatement bross\u00e9 par la lumi\u00e8re du soleil. C&rsquo;est un beige chaud et lumineux avec des veines min\u00e9rales douces et des mouchetures naturelles d\u00e9licates qui lui donnent de la profondeur, de la texture et une \u00e9l\u00e9gance tranquille. Elle apporte une sensation de chaleur, de lumi\u00e8re et d&rsquo;harmonie naturelle \u00e0\u2026","_links":{"self":[{"href":"https:\/\/xstone.group\/fr\/wp-json\/wp\/v2\/product\/24449","targetHints":{"allow":["GET"]}}],"collection":[{"href":"https:\/\/xstone.group\/fr\/wp-json\/wp\/v2\/product"}],"about":[{"href":"https:\/\/xstone.group\/fr\/wp-json\/wp\/v2\/types\/product"}],"replies":[{"embeddable":true,"href":"https:\/\/xstone.group\/fr\/wp-json\/wp\/v2\/comments?post=24449"}],"wp:featuredmedia":[{"embeddable":true,"href":"https:\/\/xstone.group\/fr\/wp-json\/wp\/v2\/media\/16996"}],"wp:attachment":[{"href":"https:\/\/xstone.group\/fr\/wp-json\/wp\/v2\/media?parent=24449"}],"wp:term":[{"taxonomy":"product_brand","embeddable":true,"href":"https:\/\/xstone.group\/fr\/wp-json\/wp\/v2\/product_brand?post=24449"},{"taxonomy":"product_cat","embeddable":true,"href":"https:\/\/xstone.group\/fr\/wp-json\/wp\/v2\/product_cat?post=24449"},{"taxonomy":"product_tag","embeddable":true,"href":"https:\/\/xstone.group\/fr\/wp-json\/wp\/v2\/product_tag?post=24449"}],"curies":[{"name":"wp","href":"https:\/\/api.w.org\/{rel}","templated":true}]}}