{"id":25267,"date":"2025-11-29T19:37:47","date_gmt":"2025-11-29T19:37:47","guid":{"rendered":"https:\/\/xstone.group\/product\/cte-etics\/"},"modified":"2025-11-29T19:37:47","modified_gmt":"2025-11-29T19:37:47","slug":"etc-etics","status":"publish","type":"product","link":"https:\/\/xstone.group\/fr\/product\/etc-etics\/","title":{"rendered":"CTE | ETICS"},"content":{"rendered":"<p data-start=\"343\" data-end=\"779\">Les syst\u00e8mes ETICS (External Thermal Insulation Composite Systems), \u00e9galement connus sous le nom d&rsquo;EIFS, combin\u00e9s \u00e0 une isolation en polystyr\u00e8ne expans\u00e9 (EPS) et \u00e0 une <strong data-start=\"556\" data-end=\"593\">finition en stratifi\u00e9 min\u00e9ral XSTONE<\/strong>, constituent une solution avanc\u00e9e pour les enveloppes de b\u00e2timents \u00e0 haute performance. Ce syst\u00e8me allie l&rsquo;efficacit\u00e9 thermique, la durabilit\u00e9 et une conception architecturale de qualit\u00e9 sup\u00e9rieure gr\u00e2ce \u00e0 de v\u00e9ritables surfaces min\u00e9rales. <\/p>\n<p data-start=\"781\" data-end=\"1659\">Les principaux avantages sont les suivants :<br data-start=\"804\" data-end=\"807\">&#8211; Excellente isolation thermique : Les panneaux en EPS r\u00e9duisent consid\u00e9rablement les pertes de chaleur et am\u00e9liorent l&rsquo;efficacit\u00e9 \u00e9nerg\u00e9tique.<br data-start=\"911\" data-end=\"914\">&#8211; Syst\u00e8me l\u00e9ger : Faible charge structurelle, id\u00e9al pour les nouvelles constructions et les projets de r\u00e9novation.<br data-start=\"1013\" data-end=\"1016\">&#8211; Meilleure performance au feu : Les configurations de syst\u00e8mes comprenant le stratifi\u00e9 min\u00e9ral XSTONE peuvent atteindre des classifications allant jusqu&rsquo;\u00e0 A2-s1,d0.<br data-start=\"1144\" data-end=\"1147\">&#8211; R\u00e9sistance sup\u00e9rieure aux intemp\u00e9ries et aux UV : Le stratifi\u00e9 min\u00e9ral XSTONE offre une r\u00e9sistance \u00e0 long terme aux UV, \u00e0 l&rsquo;humidit\u00e9 et aux conditions climatiques ext\u00e9rieures.<br data-start=\"1289\" data-end=\"1292\">&#8211; Finition esth\u00e9tique haut de gamme : Textures min\u00e9rales r\u00e9elles (pierre, b\u00e9ton, brique, effets de bois) avec une grande souplesse de conception.<br data-start=\"1410\" data-end=\"1413\">&#8211; Rentabilit\u00e9 : Temps d&rsquo;installation optimis\u00e9 et contraintes structurelles r\u00e9duites par rapport aux fa\u00e7ades traditionnelles en pierre.<br data-start=\"1533\" data-end=\"1536\">&#8211; Contribution acoustique : Am\u00e9lioration des performances acoustiques de la fa\u00e7ade en combinaison avec des couches renforc\u00e9es et une finition min\u00e9rale.<\/p>\n","protected":false},"excerpt":{"rendered":"<p>Les syst\u00e8mes ETICS (External Thermal Insulation Composite Systems), \u00e9galement connus sous le nom d&rsquo;EIFS, combin\u00e9s \u00e0 une isolation en polystyr\u00e8ne expans\u00e9 (EPS) et \u00e0 une finition en stratifi\u00e9 min\u00e9ral XSTONE, constituent une solution avanc\u00e9e pour les enveloppes de b\u00e2timents \u00e0 haute performance. Ce syst\u00e8me allie l&rsquo;efficacit\u00e9 thermique, la durabilit\u00e9 et une conception architecturale de qualit\u00e9 [&hellip;]<\/p>\n","protected":false},"featured_media":15469,"comment_status":"open","ping_status":"closed","template":"","meta":{"_acf_changed":false,"_uag_custom_page_level_css":"","site-sidebar-layout":"default","site-content-layout":"","ast-site-content-layout":"default","site-content-style":"default","site-sidebar-style":"default","ast-global-header-display":"","ast-banner-title-visibility":"","ast-main-header-display":"","ast-hfb-above-header-display":"","ast-hfb-below-header-display":"","ast-hfb-mobile-header-display":"","site-post-title":"","ast-breadcrumbs-content":"","ast-featured-img":"","footer-sml-layout":"","theme-transparent-header-meta":"default","adv-header-id-meta":"","stick-header-meta":"default","header-above-stick-meta":"","header-main-stick-meta":"","header-below-stick-meta":"","astra-migrate-meta-layouts":"default","ast-page-background-enabled":"default","ast-page-background-meta":{"desktop":{"background-color":"var(--ast-global-color-4)","background-image":"","background-repeat":"repeat","background-position":"center center","background-size":"auto","background-attachment":"scroll","background-type":"","background-media":"","overlay-type":"","overlay-color":"","overlay-opacity":"","overlay-gradient":""},"tablet":{"background-color":"","background-image":"","background-repeat":"repeat","background-position":"center center","background-size":"auto","background-attachment":"scroll","background-type":"","background-media":"","overlay-type":"","overlay-color":"","overlay-opacity":"","overlay-gradient":""},"mobile":{"background-color":"","background-image":"","background-repeat":"repeat","background-position":"center center","background-size":"auto","background-attachment":"scroll","background-type":"","background-media":"","overlay-type":"","overlay-color":"","overlay-opacity":"","overlay-gradient":""}},"ast-content-background-meta":{"desktop":{"background-color":"var(--ast-global-color-5)","background-image":"","background-repeat":"repeat","background-position":"center center","background-size":"auto","background-attachment":"scroll","background-type":"","background-media":"","overlay-type":"","overlay-color":"","overlay-opacity":"","overlay-gradient":""},"tablet":{"background-color":"var(--ast-global-color-5)","background-image":"","background-repeat":"repeat","background-position":"center center","background-size":"auto","background-attachment":"scroll","background-type":"","background-media":"","overlay-type":"","overlay-color":"","overlay-opacity":"","overlay-gradient":""},"mobile":{"background-color":"var(--ast-global-color-5)","background-image":"","background-repeat":"repeat","background-position":"center center","background-size":"auto","background-attachment":"scroll","background-type":"","background-media":"","overlay-type":"","overlay-color":"","overlay-opacity":"","overlay-gradient":""}}},"product_brand":[],"product_cat":[8733],"product_tag":[9168,9175,9178,9170,9161,9172,9167,9169,9163,9173,9171,1862,9177,9165,9164,9179,9174,9166,9176,9162,6575],"class_list":{"0":"post-25267","1":"product","2":"type-product","3":"status-publish","4":"has-post-thumbnail","6":"product_cat-backing","7":"product_tag-a2-s1-d0","8":"product_tag-architectural-facade-design","9":"product_tag-high-performance-facade","10":"product_tag-sustainable-facade","11":"product_tag-etics-facade","12":"product_tag-leed-facade","13":"product_tag-lightweight-facade","14":"product_tag-fire-resistant-facade","15":"product_tag-eps-insulation","16":"product_tag-low-voc-materials","17":"product_tag-breeam-materials","18":"product_tag-flexible-stone-veneer","19":"product_tag-mineral-surface-cladding","20":"product_tag-exterior-cladding","21":"product_tag-mineral-laminate","22":"product_tag-comp-backing-15493","23":"product_tag-thermal-insulation-system","24":"product_tag-facade-system","25":"product_tag-exterior-wall-system","26":"product_tag-eifs-system","27":"product_tag-xstone","28":"desktop-align-left","29":"tablet-align-left","30":"mobile-align-left","32":"first","33":"instock","34":"shipping-taxable","35":"product-type-simple"},"acf":[],"yoast_head":"<!-- This site is optimized with the Yoast SEO Premium plugin v27.4 (Yoast SEO v27.4) - https:\/\/yoast.com\/product\/yoast-seo-premium-wordpress\/ -->\n<title>CTE | ETICS - XSTONE<\/title>\n<meta name=\"description\" content=\"Fa\u00e7ade ETICS haute performance avec isolation EPS et stratifi\u00e9 min\u00e9ral XSTONE. Solution de conception durable, l\u00e9g\u00e8re et durable, class\u00e9e B-s1,d0.\" \/>\n<meta name=\"robots\" content=\"index, follow, max-snippet:-1, max-image-preview:large, max-video-preview:-1\" \/>\n<link rel=\"canonical\" href=\"https:\/\/xstone.group\/fr\/product\/etc-etics\/\" \/>\n<meta property=\"og:locale\" content=\"fr_FR\" \/>\n<meta property=\"og:type\" content=\"article\" \/>\n<meta property=\"og:title\" content=\"CTE | ETICS\" \/>\n<meta property=\"og:description\" content=\"Fa\u00e7ade ETICS haute performance avec isolation EPS et stratifi\u00e9 min\u00e9ral XSTONE. Solution de conception durable, l\u00e9g\u00e8re et durable, class\u00e9e B-s1,d0.\" \/>\n<meta property=\"og:url\" content=\"https:\/\/xstone.group\/fr\/product\/etc-etics\/\" \/>\n<meta property=\"og:site_name\" content=\"XSTONE\" \/>\n<meta property=\"article:publisher\" content=\"https:\/\/www.facebook.com\/Xstonesurfaces1\/\" \/>\n<meta property=\"og:image\" content=\"https:\/\/xstone.group\/wp-content\/uploads\/2025\/11\/ETICS.webp\" \/>\n\t<meta property=\"og:image:width\" content=\"1512\" \/>\n\t<meta property=\"og:image:height\" content=\"1512\" \/>\n\t<meta property=\"og:image:type\" content=\"image\/webp\" \/>\n<meta name=\"twitter:card\" content=\"summary_large_image\" \/>\n<meta name=\"twitter:label1\" content=\"Dur\u00e9e de lecture estim\u00e9e\" \/>\n\t<meta name=\"twitter:data1\" content=\"1 minute\" \/>\n<script type=\"application\/ld+json\" class=\"yoast-schema-graph\">{\"@context\":\"https:\\\/\\\/schema.org\",\"@graph\":[{\"@type\":\"WebPage\",\"@id\":\"https:\\\/\\\/xstone.group\\\/fr\\\/product\\\/etc-etics\\\/\",\"url\":\"https:\\\/\\\/xstone.group\\\/fr\\\/product\\\/etc-etics\\\/\",\"name\":\"CTE | ETICS - XSTONE\",\"isPartOf\":{\"@id\":\"https:\\\/\\\/xstone.group\\\/fr\\\/#website\"},\"primaryImageOfPage\":{\"@id\":\"https:\\\/\\\/xstone.group\\\/fr\\\/product\\\/etc-etics\\\/#primaryimage\"},\"image\":{\"@id\":\"https:\\\/\\\/xstone.group\\\/fr\\\/product\\\/etc-etics\\\/#primaryimage\"},\"thumbnailUrl\":\"https:\\\/\\\/xstone.group\\\/wp-content\\\/uploads\\\/2025\\\/11\\\/ETICS.webp\",\"datePublished\":\"2025-11-29T19:37:47+00:00\",\"description\":\"Fa\u00e7ade ETICS haute performance avec isolation EPS et stratifi\u00e9 min\u00e9ral XSTONE. Solution de conception durable, l\u00e9g\u00e8re et durable, class\u00e9e B-s1,d0.\",\"breadcrumb\":{\"@id\":\"https:\\\/\\\/xstone.group\\\/fr\\\/product\\\/etc-etics\\\/#breadcrumb\"},\"inLanguage\":\"fr-FR\",\"potentialAction\":[{\"@type\":\"ReadAction\",\"target\":[\"https:\\\/\\\/xstone.group\\\/fr\\\/product\\\/etc-etics\\\/\"]}]},{\"@type\":\"ImageObject\",\"inLanguage\":\"fr-FR\",\"@id\":\"https:\\\/\\\/xstone.group\\\/fr\\\/product\\\/etc-etics\\\/#primaryimage\",\"url\":\"https:\\\/\\\/xstone.group\\\/wp-content\\\/uploads\\\/2025\\\/11\\\/ETICS.webp\",\"contentUrl\":\"https:\\\/\\\/xstone.group\\\/wp-content\\\/uploads\\\/2025\\\/11\\\/ETICS.webp\",\"width\":1512,\"height\":1512},{\"@type\":\"BreadcrumbList\",\"@id\":\"https:\\\/\\\/xstone.group\\\/fr\\\/product\\\/etc-etics\\\/#breadcrumb\",\"itemListElement\":[{\"@type\":\"ListItem\",\"position\":1,\"name\":\"Home\",\"item\":\"https:\\\/\\\/xstone.group\\\/fr\\\/\"},{\"@type\":\"ListItem\",\"position\":2,\"name\":\"Produits\",\"item\":\"https:\\\/\\\/xstone.group\\\/fr\\\/shop\\\/\"},{\"@type\":\"ListItem\",\"position\":3,\"name\":\"CTE | ETICS\"}]},{\"@type\":\"WebSite\",\"@id\":\"https:\\\/\\\/xstone.group\\\/fr\\\/#website\",\"url\":\"https:\\\/\\\/xstone.group\\\/fr\\\/\",\"name\":\"XSTONE\",\"description\":\"Une beaut\u00e9 min\u00e9rale authentique et illimit\u00e9e, lib\u00e9r\u00e9e de la pesanteur\",\"publisher\":{\"@id\":\"https:\\\/\\\/xstone.group\\\/fr\\\/#organization\"},\"potentialAction\":[{\"@type\":\"SearchAction\",\"target\":{\"@type\":\"EntryPoint\",\"urlTemplate\":\"https:\\\/\\\/xstone.group\\\/fr\\\/?s={search_term_string}\"},\"query-input\":{\"@type\":\"PropertyValueSpecification\",\"valueRequired\":true,\"valueName\":\"search_term_string\"}}],\"inLanguage\":\"fr-FR\"},{\"@type\":\"Organization\",\"@id\":\"https:\\\/\\\/xstone.group\\\/fr\\\/#organization\",\"name\":\"XSTONE\",\"url\":\"https:\\\/\\\/xstone.group\\\/fr\\\/\",\"logo\":{\"@type\":\"ImageObject\",\"inLanguage\":\"fr-FR\",\"@id\":\"https:\\\/\\\/xstone.group\\\/fr\\\/#\\\/schema\\\/logo\\\/image\\\/\",\"url\":\"https:\\\/\\\/xstone.group\\\/wp-content\\\/uploads\\\/2025\\\/10\\\/cropped-XStone-Surfaces-Logo-white.webp\",\"contentUrl\":\"https:\\\/\\\/xstone.group\\\/wp-content\\\/uploads\\\/2025\\\/10\\\/cropped-XStone-Surfaces-Logo-white.webp\",\"width\":226,\"height\":75,\"caption\":\"XSTONE\"},\"image\":{\"@id\":\"https:\\\/\\\/xstone.group\\\/fr\\\/#\\\/schema\\\/logo\\\/image\\\/\"},\"sameAs\":[\"https:\\\/\\\/www.facebook.com\\\/Xstonesurfaces1\\\/\",\"https:\\\/\\\/www.linkedin.com\\\/company\\\/concrete-on-roll-xstone\\\/\",\"https:\\\/\\\/www.youtube.com\\\/@xstoneteam3953\\\/videos\",\"https:\\\/\\\/www.instagram.com\\\/xstone.surfacesuk\\\/\"],\"description\":\"XSTONE\u00ae fournit des surfaces min\u00e9rales innovantes, flexibles et durables pour architecture, ameublement et design. Explorez nos solutions premium.\",\"email\":\"info@xstone.group\",\"legalName\":\"XSTONE SRL\",\"foundingDate\":\"2007-01-01\",\"vatID\":\"RO53094294\",\"numberOfEmployees\":{\"@type\":\"QuantitativeValue\",\"minValue\":\"1\",\"maxValue\":\"10\"}}]}<\/script>\n<!-- \/ Yoast SEO Premium plugin. -->","yoast_head_json":{"title":"CTE | ETICS - XSTONE","description":"Fa\u00e7ade ETICS haute performance avec isolation EPS et stratifi\u00e9 min\u00e9ral XSTONE. Solution de conception durable, l\u00e9g\u00e8re et durable, class\u00e9e B-s1,d0.","robots":{"index":"index","follow":"follow","max-snippet":"max-snippet:-1","max-image-preview":"max-image-preview:large","max-video-preview":"max-video-preview:-1"},"canonical":"https:\/\/xstone.group\/fr\/product\/etc-etics\/","og_locale":"fr_FR","og_type":"article","og_title":"CTE | ETICS","og_description":"Fa\u00e7ade ETICS haute performance avec isolation EPS et stratifi\u00e9 min\u00e9ral XSTONE. Solution de conception durable, l\u00e9g\u00e8re et durable, class\u00e9e B-s1,d0.","og_url":"https:\/\/xstone.group\/fr\/product\/etc-etics\/","og_site_name":"XSTONE","article_publisher":"https:\/\/www.facebook.com\/Xstonesurfaces1\/","og_image":[{"width":1512,"height":1512,"url":"https:\/\/xstone.group\/wp-content\/uploads\/2025\/11\/ETICS.webp","type":"image\/webp"}],"twitter_card":"summary_large_image","twitter_misc":{"Dur\u00e9e de lecture estim\u00e9e":"1 minute"},"schema":{"@context":"https:\/\/schema.org","@graph":[{"@type":"WebPage","@id":"https:\/\/xstone.group\/fr\/product\/etc-etics\/","url":"https:\/\/xstone.group\/fr\/product\/etc-etics\/","name":"CTE | ETICS - XSTONE","isPartOf":{"@id":"https:\/\/xstone.group\/fr\/#website"},"primaryImageOfPage":{"@id":"https:\/\/xstone.group\/fr\/product\/etc-etics\/#primaryimage"},"image":{"@id":"https:\/\/xstone.group\/fr\/product\/etc-etics\/#primaryimage"},"thumbnailUrl":"https:\/\/xstone.group\/wp-content\/uploads\/2025\/11\/ETICS.webp","datePublished":"2025-11-29T19:37:47+00:00","description":"Fa\u00e7ade ETICS haute performance avec isolation EPS et stratifi\u00e9 min\u00e9ral XSTONE. Solution de conception durable, l\u00e9g\u00e8re et durable, class\u00e9e B-s1,d0.","breadcrumb":{"@id":"https:\/\/xstone.group\/fr\/product\/etc-etics\/#breadcrumb"},"inLanguage":"fr-FR","potentialAction":[{"@type":"ReadAction","target":["https:\/\/xstone.group\/fr\/product\/etc-etics\/"]}]},{"@type":"ImageObject","inLanguage":"fr-FR","@id":"https:\/\/xstone.group\/fr\/product\/etc-etics\/#primaryimage","url":"https:\/\/xstone.group\/wp-content\/uploads\/2025\/11\/ETICS.webp","contentUrl":"https:\/\/xstone.group\/wp-content\/uploads\/2025\/11\/ETICS.webp","width":1512,"height":1512},{"@type":"BreadcrumbList","@id":"https:\/\/xstone.group\/fr\/product\/etc-etics\/#breadcrumb","itemListElement":[{"@type":"ListItem","position":1,"name":"Home","item":"https:\/\/xstone.group\/fr\/"},{"@type":"ListItem","position":2,"name":"Produits","item":"https:\/\/xstone.group\/fr\/shop\/"},{"@type":"ListItem","position":3,"name":"CTE | ETICS"}]},{"@type":"WebSite","@id":"https:\/\/xstone.group\/fr\/#website","url":"https:\/\/xstone.group\/fr\/","name":"XSTONE","description":"Une beaut\u00e9 min\u00e9rale authentique et illimit\u00e9e, lib\u00e9r\u00e9e de la pesanteur","publisher":{"@id":"https:\/\/xstone.group\/fr\/#organization"},"potentialAction":[{"@type":"SearchAction","target":{"@type":"EntryPoint","urlTemplate":"https:\/\/xstone.group\/fr\/?s={search_term_string}"},"query-input":{"@type":"PropertyValueSpecification","valueRequired":true,"valueName":"search_term_string"}}],"inLanguage":"fr-FR"},{"@type":"Organization","@id":"https:\/\/xstone.group\/fr\/#organization","name":"XSTONE","url":"https:\/\/xstone.group\/fr\/","logo":{"@type":"ImageObject","inLanguage":"fr-FR","@id":"https:\/\/xstone.group\/fr\/#\/schema\/logo\/image\/","url":"https:\/\/xstone.group\/wp-content\/uploads\/2025\/10\/cropped-XStone-Surfaces-Logo-white.webp","contentUrl":"https:\/\/xstone.group\/wp-content\/uploads\/2025\/10\/cropped-XStone-Surfaces-Logo-white.webp","width":226,"height":75,"caption":"XSTONE"},"image":{"@id":"https:\/\/xstone.group\/fr\/#\/schema\/logo\/image\/"},"sameAs":["https:\/\/www.facebook.com\/Xstonesurfaces1\/","https:\/\/www.linkedin.com\/company\/concrete-on-roll-xstone\/","https:\/\/www.youtube.com\/@xstoneteam3953\/videos","https:\/\/www.instagram.com\/xstone.surfacesuk\/"],"description":"XSTONE\u00ae fournit des surfaces min\u00e9rales innovantes, flexibles et durables pour architecture, ameublement et design. Explorez nos solutions premium.","email":"info@xstone.group","legalName":"XSTONE SRL","foundingDate":"2007-01-01","vatID":"RO53094294","numberOfEmployees":{"@type":"QuantitativeValue","minValue":"1","maxValue":"10"}}]}},"spectra_custom_meta":{"_last_translation_edit_mode":["translation-editor"],"_product_attributes":["a:5:{s:11:\"composition\";a:6:{s:4:\"name\";s:11:\"Composition\";s:5:\"value\";s:258:\"Substrat structurel (b\u00e9ton\/ma\u00e7onnerie) + mortier adh\u00e9sif + panneaux isolants EPS + couche de base cimentaire + treillis en fibre de verre + couche de base de finition + stratifi\u00e9 min\u00e9ral XSTONE (placage min\u00e9ral flexible avec support en fibre de verre).\";s:8:\"position\";i:0;s:10:\"is_visible\";i:1;s:12:\"is_variation\";i:0;s:11:\"is_taxonomy\";i:0;}s:8:\"features\";a:6:{s:4:\"name\";s:8:\"Features\";s:5:\"value\";s:365:\"Haute performance d'isolation thermique\nSyst\u00e8me de fa\u00e7ade ultra-l\u00e9ger\nSurface min\u00e9rale r\u00e9elle (pierre, b\u00e9ton, etc.)\nCouche de finition flexible et adaptable\nHaute r\u00e9sistance aux UV et aux intemp\u00e9ries\nR\u00e9sistance aux fissures (syst\u00e8me de treillis renforc\u00e9)\nInstallation rapide (application de type stratifi\u00e9)\nComposition durable et \u00e0 faible teneur en COV\";s:8:\"position\";i:1;s:10:\"is_visible\";i:1;s:12:\"is_variation\";i:0;s:11:\"is_taxonomy\";i:0;}s:4:\"size\";a:6:{s:4:\"name\";s:4:\"Size\";s:5:\"value\";s:150:\"Stratifi\u00e9 XSTONE : Feuilles de 3000 \u00d7 1000 mm (format de rouleau standard)\nPanneaux EPS : typiquement 1000 \u00d7 500 mm (selon le fournisseur\/syst\u00e8me)\";s:8:\"position\";i:2;s:10:\"is_visible\";i:1;s:12:\"is_variation\";i:0;s:11:\"is_taxonomy\";i:0;}s:9:\"thickness\";a:6:{s:4:\"name\";s:9:\"Thickness\";s:5:\"value\";s:200:\"Isolation EPS : g\u00e9n\u00e9ralement 20-200 mm (en fonction du projet)\nStratifi\u00e9 min\u00e9ral XSTONE : environ 2-2,5 mm\n\u00c9paisseur totale du syst\u00e8me : variable en fonction de la sp\u00e9cification de l'isolation \";s:8:\"position\";i:3;s:10:\"is_visible\";i:1;s:12:\"is_variation\";i:0;s:11:\"is_taxonomy\";i:0;}s:11:\"fire-rating\";a:6:{s:4:\"name\";s:11:\"Fire Rating\";s:5:\"value\";s:95:\"Jusqu'\u00e0 B-s1,d0 (avec le stratifi\u00e9 min\u00e9ral XSTONE et une configuration de syst\u00e8me conforme)\";s:8:\"position\";i:4;s:10:\"is_visible\";i:1;s:12:\"is_variation\";i:0;s:11:\"is_taxonomy\";i:0;}}"],"attr_label_translations":["a:1:{s:2:\"fr\";a:5:{s:11:\"composition\";s:11:\"Composition\";s:8:\"features\";s:17:\"Caract\u00e9ristiques\";s:4:\"size\";s:6:\"Taille\";s:9:\"thickness\";s:10:\"\u00c9paisseur\";s:11:\"fire-rating\";s:17:\"Classement au feu\";}}"],"_wcml_average_rating":[null],"_wcml_review_count":[null],"_wcml_rating_count":[null],"_yoast_wpseo_primary_product_cat":["331"],"_backorders":["no"],"_download_limit":["-1"],"_download_expiry":["-1"],"_downloadable":["no"],"_manage_stock":["no"],"_sku":["ETC"],"_stock_status":["instock"],"_sold_individually":["no"],"_tax_class":[""],"_tax_status":["taxable"],"_virtual":["no"],"total_sales":["0"],"_wpml_media_duplicate":["1"],"_wpml_media_featured":["1"],"stick-header-meta":["default"],"site-sidebar-layout":["default"],"theme-transparent-header-meta":["default"],"ast-site-content-layout":["default"],"site-content-style":["default"],"site-sidebar-style":["default"],"_yoast_wpseo_metadesc":["Fa\u00e7ade ETICS haute performance avec isolation EPS et stratifi\u00e9 min\u00e9ral XSTONE. Solution de conception durable, l\u00e9g\u00e8re et durable, class\u00e9e B-s1,d0."],"_yoast_wpseo_focuskw":["Syst\u00e8mes composites d'isolation thermique par l'ext\u00e9rieur"],"_thumbnail_id":["15469"],"_product_image_gallery":[""],"_wpml_word_count":["275"],"two_optimized_date":["1776574488"],"woolentor_views_count_product":["7"],"_uag_css_file_name":["uag-css-25267.css"],"_uag_js_file_name":["uag-js-25267.js"],"tp_widgets":["a:2:{s:7:\"widgets\";a:6:{i:0;s:18:\"plus-list-skeleton\";i:1;s:22:\"plus-listing-load-more\";i:2;s:18:\"plus-listing-metro\";i:3;s:18:\"tp-product-listout\";i:4;s:17:\"tp-single-style_1\";i:5;s:19:\"tp-woo-single-image\";}s:9:\"update_at\";s:10:\"1776541402\";}"],"_elementor_edit_mode":["builder"],"_selectproduct_layout":["18897"],"_elementor_page_assets":["a:0:{}"],"_elementor_css":["a:7:{s:4:\"time\";i:1776634332;s:5:\"fonts\";a:0:{}s:5:\"icons\";a:0:{}s:20:\"dynamic_elements_ids\";a:0:{}s:6:\"status\";s:5:\"empty\";i:0;s:0:\"\";s:3:\"css\";s:0:\"\";}"],"_wc_rating_count":[""],"_wc_review_count":[""],"_wc_average_rating":[0]},"uagb_featured_image_src":{"full":["https:\/\/xstone.group\/wp-content\/uploads\/2025\/11\/ETICS.webp",1512,1512,false],"thumbnail":["https:\/\/xstone.group\/wp-content\/uploads\/2025\/11\/ETICS-150x150.webp",150,150,true],"medium":["https:\/\/xstone.group\/wp-content\/uploads\/2025\/11\/ETICS-300x300.webp",300,300,true],"medium_large":["https:\/\/xstone.group\/wp-content\/uploads\/2025\/11\/ETICS-768x768.webp",768,768,true],"large":["https:\/\/xstone.group\/wp-content\/uploads\/2025\/11\/ETICS-1024x1024.webp",1024,1024,true],"1536x1536":["https:\/\/xstone.group\/wp-content\/uploads\/2025\/11\/ETICS.webp",1512,1512,false],"2048x2048":["https:\/\/xstone.group\/wp-content\/uploads\/2025\/11\/ETICS.webp",1512,1512,false],"tp-image-grid":["https:\/\/xstone.group\/wp-content\/uploads\/2025\/11\/ETICS.webp",700,700,false],"tenweb_optimizer_mobile":["https:\/\/xstone.group\/wp-content\/uploads\/2025\/11\/ETICS-600x600.webp",600,600,true],"tenweb_optimizer_tablet":["https:\/\/xstone.group\/wp-content\/uploads\/2025\/11\/ETICS-768x768.webp",768,768,true],"woocommerce_thumbnail":["https:\/\/xstone.group\/wp-content\/uploads\/2025\/11\/ETICS-300x300.webp",300,300,true],"woocommerce_single":["https:\/\/xstone.group\/wp-content\/uploads\/2025\/11\/ETICS-600x600.webp",600,600,true],"woocommerce_gallery_thumbnail":["https:\/\/xstone.group\/wp-content\/uploads\/2025\/11\/ETICS-100x100.webp",100,100,true]},"uagb_author_info":{"display_name":"laurent.gomez@xstone.group","author_link":"https:\/\/xstone.group\/fr\/author\/"},"uagb_comment_info":0,"uagb_excerpt":"Les syst\u00e8mes ETICS (External Thermal Insulation Composite Systems), \u00e9galement connus sous le nom d&rsquo;EIFS, combin\u00e9s \u00e0 une isolation en polystyr\u00e8ne expans\u00e9 (EPS) et \u00e0 une finition en stratifi\u00e9 min\u00e9ral XSTONE, constituent une solution avanc\u00e9e pour les enveloppes de b\u00e2timents \u00e0 haute performance. Ce syst\u00e8me allie l&rsquo;efficacit\u00e9 thermique, la durabilit\u00e9 et une conception architecturale de qualit\u00e9\u2026","_links":{"self":[{"href":"https:\/\/xstone.group\/fr\/wp-json\/wp\/v2\/product\/25267","targetHints":{"allow":["GET"]}}],"collection":[{"href":"https:\/\/xstone.group\/fr\/wp-json\/wp\/v2\/product"}],"about":[{"href":"https:\/\/xstone.group\/fr\/wp-json\/wp\/v2\/types\/product"}],"replies":[{"embeddable":true,"href":"https:\/\/xstone.group\/fr\/wp-json\/wp\/v2\/comments?post=25267"}],"wp:featuredmedia":[{"embeddable":true,"href":"https:\/\/xstone.group\/fr\/wp-json\/wp\/v2\/media\/15469"}],"wp:attachment":[{"href":"https:\/\/xstone.group\/fr\/wp-json\/wp\/v2\/media?parent=25267"}],"wp:term":[{"taxonomy":"product_brand","embeddable":true,"href":"https:\/\/xstone.group\/fr\/wp-json\/wp\/v2\/product_brand?post=25267"},{"taxonomy":"product_cat","embeddable":true,"href":"https:\/\/xstone.group\/fr\/wp-json\/wp\/v2\/product_cat?post=25267"},{"taxonomy":"product_tag","embeddable":true,"href":"https:\/\/xstone.group\/fr\/wp-json\/wp\/v2\/product_tag?post=25267"}],"curies":[{"name":"wp","href":"https:\/\/api.w.org\/{rel}","templated":true}]}}