{"id":25435,"date":"2025-11-29T19:42:37","date_gmt":"2025-11-29T19:42:37","guid":{"rendered":"https:\/\/xstone.group\/product\/vas-veroboard-allstar-a2\/"},"modified":"2025-11-29T19:42:37","modified_gmt":"2025-11-29T19:42:37","slug":"vas-veroboard-allstar-a2","status":"publish","type":"product","link":"https:\/\/xstone.group\/fr\/product\/vas-veroboard-allstar-a2\/","title":{"rendered":"VAS | Veroboard Allstar A2"},"content":{"rendered":"<p>Veroboard\u00ae AllStar est un panneau support l\u00e9ger class\u00e9 A2-s1,d0 con\u00e7u pour des applications int\u00e9rieures et ext\u00e9rieures, alliant faible poids, incombustibilit\u00e9, r\u00e9sistance m\u00e9canique et stabilit\u00e9 dimensionnelle. Sa fonction premi\u00e8re est de servir de support polyvalent capable de supporter une large gamme de syst\u00e8mes de finition sans ajouter de charge morte inutile \u00e0 la structure. <\/p>\n<p data-start=\"498\" data-end=\"958\">Associ\u00e9 au stratifi\u00e9 min\u00e9ral XSTONE, le panneau devient un syst\u00e8me composite haute performance o\u00f9 Veroboard assure l&rsquo;int\u00e9grit\u00e9 structurelle, la stabilit\u00e9 et la facilit\u00e9 d&rsquo;installation, tandis que le stratifi\u00e9 min\u00e9ral XSTONE conf\u00e8re \u00e0 la surface finale un aspect de pierre authentique, une texture min\u00e9rale et une r\u00e9sistance de surface am\u00e9lior\u00e9e. Cette int\u00e9gration permet de reproduire les mat\u00e9riaux min\u00e9raux naturels dans une solution l\u00e9g\u00e8re, flexible et techniquement efficace. <\/p>\n<p data-start=\"960\" data-end=\"1321\">Le syst\u00e8me offre une manipulation facile, une flexibilit\u00e9 pour les surfaces courbes, une excellente r\u00e9sistance aux fissures et aux chocs, et une d\u00e9formation thermique et hygrom\u00e9trique extr\u00eamement faible, garantissant des joints pr\u00e9cis et des finitions sans faille. Il est particuli\u00e8rement adapt\u00e9 aux fa\u00e7ades, aux projets de r\u00e9novation, aux zones humides, aux constructions en bois et aux applications composites n\u00e9cessitant des finitions min\u00e9rales de qualit\u00e9 sup\u00e9rieure. <\/p>\n","protected":false},"excerpt":{"rendered":"<p>Veroboard\u00ae AllStar est un panneau support l\u00e9ger class\u00e9 A2-s1,d0 con\u00e7u pour des applications int\u00e9rieures et ext\u00e9rieures, alliant faible poids, incombustibilit\u00e9, r\u00e9sistance m\u00e9canique et stabilit\u00e9 dimensionnelle. Sa fonction premi\u00e8re est de servir de support polyvalent capable de supporter une large gamme de syst\u00e8mes de finition sans ajouter de charge morte inutile \u00e0 la structure. Associ\u00e9 au [&hellip;]<\/p>\n","protected":false},"featured_media":15479,"comment_status":"open","ping_status":"closed","template":"","meta":{"_acf_changed":false,"_uag_custom_page_level_css":"","site-sidebar-layout":"default","site-content-layout":"","ast-site-content-layout":"default","site-content-style":"default","site-sidebar-style":"default","ast-global-header-display":"","ast-banner-title-visibility":"","ast-main-header-display":"","ast-hfb-above-header-display":"","ast-hfb-below-header-display":"","ast-hfb-mobile-header-display":"","site-post-title":"","ast-breadcrumbs-content":"","ast-featured-img":"","footer-sml-layout":"","theme-transparent-header-meta":"default","adv-header-id-meta":"","stick-header-meta":"default","header-above-stick-meta":"","header-main-stick-meta":"","header-below-stick-meta":"","astra-migrate-meta-layouts":"default","ast-page-background-enabled":"default","ast-page-background-meta":{"desktop":{"background-color":"var(--ast-global-color-4)","background-image":"","background-repeat":"repeat","background-position":"center center","background-size":"auto","background-attachment":"scroll","background-type":"","background-media":"","overlay-type":"","overlay-color":"","overlay-opacity":"","overlay-gradient":""},"tablet":{"background-color":"","background-image":"","background-repeat":"repeat","background-position":"center center","background-size":"auto","background-attachment":"scroll","background-type":"","background-media":"","overlay-type":"","overlay-color":"","overlay-opacity":"","overlay-gradient":""},"mobile":{"background-color":"","background-image":"","background-repeat":"repeat","background-position":"center center","background-size":"auto","background-attachment":"scroll","background-type":"","background-media":"","overlay-type":"","overlay-color":"","overlay-opacity":"","overlay-gradient":""}},"ast-content-background-meta":{"desktop":{"background-color":"var(--ast-global-color-5)","background-image":"","background-repeat":"repeat","background-position":"center center","background-size":"auto","background-attachment":"scroll","background-type":"","background-media":"","overlay-type":"","overlay-color":"","overlay-opacity":"","overlay-gradient":""},"tablet":{"background-color":"var(--ast-global-color-5)","background-image":"","background-repeat":"repeat","background-position":"center center","background-size":"auto","background-attachment":"scroll","background-type":"","background-media":"","overlay-type":"","overlay-color":"","overlay-opacity":"","overlay-gradient":""},"mobile":{"background-color":"var(--ast-global-color-5)","background-image":"","background-repeat":"repeat","background-position":"center center","background-size":"auto","background-attachment":"scroll","background-type":"","background-media":"","overlay-type":"","overlay-color":"","overlay-opacity":"","overlay-gradient":""}}},"product_brand":[],"product_cat":[8733],"product_tag":[9301,9307,9300,9297,9308,9302,9298,9296,9309,9295,7602,9305,9306,9310,9303,6620,9304,9299],"class_list":{"0":"post-25435","1":"product","2":"type-product","3":"status-publish","4":"has-post-thumbnail","6":"product_cat-backing","7":"product_tag-sustainable-construction","8":"product_tag-low-voc-material","9":"product_tag-composite-building-material","10":"product_tag-non-combustible-material","11":"product_tag-eco-friendly-building-material","12":"product_tag-recycled-glass-core","13":"product_tag-architectural-panel","14":"product_tag-a2-fire-rated-board","15":"product_tag-advanced-construction-panel","16":"product_tag-lightweight-panel","17":"product_tag-interior-wall-panel","18":"product_tag-impact-resistant-board","19":"product_tag-crack-resistant-panel","20":"product_tag-design-surface-solution","21":"product_tag-high-performance-substrate","22":"product_tag-comp-backing-15498","23":"product_tag-stone-effect-surface","24":"product_tag-facade-cladding-system","25":"desktop-align-left","26":"tablet-align-left","27":"mobile-align-left","29":"first","30":"instock","31":"shipping-taxable","32":"product-type-simple"},"acf":[],"yoast_head":"<!-- This site is optimized with the Yoast SEO Premium plugin v27.4 (Yoast SEO v27.4) - https:\/\/yoast.com\/product\/yoast-seo-premium-wordpress\/ -->\n<title>VAS | Veroboard Allstar A2 - XSTONE<\/title>\n<meta name=\"description\" content=\"Veroboard\u00ae AllStar est un panneau de support l\u00e9ger class\u00e9 A2, con\u00e7u pour une utilisation int\u00e9rieure et ext\u00e9rieure. Son noyau est constitu\u00e9 de granul\u00e9s de verre expans\u00e9\" \/>\n<meta name=\"robots\" content=\"index, follow, max-snippet:-1, max-image-preview:large, max-video-preview:-1\" \/>\n<link rel=\"canonical\" href=\"https:\/\/xstone.group\/fr\/product\/vas-veroboard-allstar-a2\/\" \/>\n<meta property=\"og:locale\" content=\"fr_FR\" \/>\n<meta property=\"og:type\" content=\"article\" \/>\n<meta property=\"og:title\" content=\"VAS | Veroboard Allstar A2\" \/>\n<meta property=\"og:description\" content=\"Veroboard\u00ae AllStar est un panneau de support l\u00e9ger class\u00e9 A2, con\u00e7u pour une utilisation int\u00e9rieure et ext\u00e9rieure. Son noyau est constitu\u00e9 de granul\u00e9s de verre expans\u00e9\" \/>\n<meta property=\"og:url\" content=\"https:\/\/xstone.group\/fr\/product\/vas-veroboard-allstar-a2\/\" \/>\n<meta property=\"og:site_name\" content=\"XSTONE\" \/>\n<meta property=\"article:publisher\" content=\"https:\/\/www.facebook.com\/Xstonesurfaces1\/\" \/>\n<meta property=\"og:image\" content=\"https:\/\/xstone.group\/wp-content\/uploads\/2025\/11\/Veroboard-Allstar-A2-scaled.webp\" \/>\n\t<meta property=\"og:image:width\" content=\"2560\" \/>\n\t<meta property=\"og:image:height\" content=\"2560\" \/>\n\t<meta property=\"og:image:type\" content=\"image\/webp\" \/>\n<meta name=\"twitter:card\" content=\"summary_large_image\" \/>\n<meta name=\"twitter:label1\" content=\"Dur\u00e9e de lecture estim\u00e9e\" \/>\n\t<meta name=\"twitter:data1\" content=\"1 minute\" \/>\n<script type=\"application\/ld+json\" class=\"yoast-schema-graph\">{\"@context\":\"https:\\\/\\\/schema.org\",\"@graph\":[{\"@type\":\"WebPage\",\"@id\":\"https:\\\/\\\/xstone.group\\\/fr\\\/product\\\/vas-veroboard-allstar-a2\\\/\",\"url\":\"https:\\\/\\\/xstone.group\\\/fr\\\/product\\\/vas-veroboard-allstar-a2\\\/\",\"name\":\"VAS | Veroboard Allstar A2 - XSTONE\",\"isPartOf\":{\"@id\":\"https:\\\/\\\/xstone.group\\\/fr\\\/#website\"},\"primaryImageOfPage\":{\"@id\":\"https:\\\/\\\/xstone.group\\\/fr\\\/product\\\/vas-veroboard-allstar-a2\\\/#primaryimage\"},\"image\":{\"@id\":\"https:\\\/\\\/xstone.group\\\/fr\\\/product\\\/vas-veroboard-allstar-a2\\\/#primaryimage\"},\"thumbnailUrl\":\"https:\\\/\\\/xstone.group\\\/wp-content\\\/uploads\\\/2025\\\/11\\\/Veroboard-Allstar-A2-scaled.webp\",\"datePublished\":\"2025-11-29T19:42:37+00:00\",\"description\":\"Veroboard\u00ae AllStar est un panneau de support l\u00e9ger class\u00e9 A2, con\u00e7u pour une utilisation int\u00e9rieure et ext\u00e9rieure. Son noyau est constitu\u00e9 de granul\u00e9s de verre expans\u00e9\",\"breadcrumb\":{\"@id\":\"https:\\\/\\\/xstone.group\\\/fr\\\/product\\\/vas-veroboard-allstar-a2\\\/#breadcrumb\"},\"inLanguage\":\"fr-FR\",\"potentialAction\":[{\"@type\":\"ReadAction\",\"target\":[\"https:\\\/\\\/xstone.group\\\/fr\\\/product\\\/vas-veroboard-allstar-a2\\\/\"]}]},{\"@type\":\"ImageObject\",\"inLanguage\":\"fr-FR\",\"@id\":\"https:\\\/\\\/xstone.group\\\/fr\\\/product\\\/vas-veroboard-allstar-a2\\\/#primaryimage\",\"url\":\"https:\\\/\\\/xstone.group\\\/wp-content\\\/uploads\\\/2025\\\/11\\\/Veroboard-Allstar-A2-scaled.webp\",\"contentUrl\":\"https:\\\/\\\/xstone.group\\\/wp-content\\\/uploads\\\/2025\\\/11\\\/Veroboard-Allstar-A2-scaled.webp\",\"width\":2560,\"height\":2560},{\"@type\":\"BreadcrumbList\",\"@id\":\"https:\\\/\\\/xstone.group\\\/fr\\\/product\\\/vas-veroboard-allstar-a2\\\/#breadcrumb\",\"itemListElement\":[{\"@type\":\"ListItem\",\"position\":1,\"name\":\"Home\",\"item\":\"https:\\\/\\\/xstone.group\\\/fr\\\/\"},{\"@type\":\"ListItem\",\"position\":2,\"name\":\"Produits\",\"item\":\"https:\\\/\\\/xstone.group\\\/fr\\\/shop\\\/\"},{\"@type\":\"ListItem\",\"position\":3,\"name\":\"VAS | Veroboard Allstar A2\"}]},{\"@type\":\"WebSite\",\"@id\":\"https:\\\/\\\/xstone.group\\\/fr\\\/#website\",\"url\":\"https:\\\/\\\/xstone.group\\\/fr\\\/\",\"name\":\"XSTONE\",\"description\":\"Une beaut\u00e9 min\u00e9rale authentique et illimit\u00e9e, lib\u00e9r\u00e9e de la pesanteur\",\"publisher\":{\"@id\":\"https:\\\/\\\/xstone.group\\\/fr\\\/#organization\"},\"potentialAction\":[{\"@type\":\"SearchAction\",\"target\":{\"@type\":\"EntryPoint\",\"urlTemplate\":\"https:\\\/\\\/xstone.group\\\/fr\\\/?s={search_term_string}\"},\"query-input\":{\"@type\":\"PropertyValueSpecification\",\"valueRequired\":true,\"valueName\":\"search_term_string\"}}],\"inLanguage\":\"fr-FR\"},{\"@type\":\"Organization\",\"@id\":\"https:\\\/\\\/xstone.group\\\/fr\\\/#organization\",\"name\":\"XSTONE\",\"url\":\"https:\\\/\\\/xstone.group\\\/fr\\\/\",\"logo\":{\"@type\":\"ImageObject\",\"inLanguage\":\"fr-FR\",\"@id\":\"https:\\\/\\\/xstone.group\\\/fr\\\/#\\\/schema\\\/logo\\\/image\\\/\",\"url\":\"https:\\\/\\\/xstone.group\\\/wp-content\\\/uploads\\\/2025\\\/10\\\/cropped-XStone-Surfaces-Logo-white.webp\",\"contentUrl\":\"https:\\\/\\\/xstone.group\\\/wp-content\\\/uploads\\\/2025\\\/10\\\/cropped-XStone-Surfaces-Logo-white.webp\",\"width\":226,\"height\":75,\"caption\":\"XSTONE\"},\"image\":{\"@id\":\"https:\\\/\\\/xstone.group\\\/fr\\\/#\\\/schema\\\/logo\\\/image\\\/\"},\"sameAs\":[\"https:\\\/\\\/www.facebook.com\\\/Xstonesurfaces1\\\/\",\"https:\\\/\\\/www.linkedin.com\\\/company\\\/concrete-on-roll-xstone\\\/\",\"https:\\\/\\\/www.youtube.com\\\/@xstoneteam3953\\\/videos\",\"https:\\\/\\\/www.instagram.com\\\/xstone.surfacesuk\\\/\"],\"description\":\"XSTONE\u00ae fournit des surfaces min\u00e9rales innovantes, flexibles et durables pour architecture, ameublement et design. Explorez nos solutions premium.\",\"email\":\"info@xstone.group\",\"legalName\":\"XSTONE SRL\",\"foundingDate\":\"2007-01-01\",\"vatID\":\"RO53094294\",\"numberOfEmployees\":{\"@type\":\"QuantitativeValue\",\"minValue\":\"1\",\"maxValue\":\"10\"}}]}<\/script>\n<!-- \/ Yoast SEO Premium plugin. -->","yoast_head_json":{"title":"VAS | Veroboard Allstar A2 - XSTONE","description":"Veroboard\u00ae AllStar est un panneau de support l\u00e9ger class\u00e9 A2, con\u00e7u pour une utilisation int\u00e9rieure et ext\u00e9rieure. Son noyau est constitu\u00e9 de granul\u00e9s de verre expans\u00e9","robots":{"index":"index","follow":"follow","max-snippet":"max-snippet:-1","max-image-preview":"max-image-preview:large","max-video-preview":"max-video-preview:-1"},"canonical":"https:\/\/xstone.group\/fr\/product\/vas-veroboard-allstar-a2\/","og_locale":"fr_FR","og_type":"article","og_title":"VAS | Veroboard Allstar A2","og_description":"Veroboard\u00ae AllStar est un panneau de support l\u00e9ger class\u00e9 A2, con\u00e7u pour une utilisation int\u00e9rieure et ext\u00e9rieure. Son noyau est constitu\u00e9 de granul\u00e9s de verre expans\u00e9","og_url":"https:\/\/xstone.group\/fr\/product\/vas-veroboard-allstar-a2\/","og_site_name":"XSTONE","article_publisher":"https:\/\/www.facebook.com\/Xstonesurfaces1\/","og_image":[{"width":2560,"height":2560,"url":"https:\/\/xstone.group\/wp-content\/uploads\/2025\/11\/Veroboard-Allstar-A2-scaled.webp","type":"image\/webp"}],"twitter_card":"summary_large_image","twitter_misc":{"Dur\u00e9e de lecture estim\u00e9e":"1 minute"},"schema":{"@context":"https:\/\/schema.org","@graph":[{"@type":"WebPage","@id":"https:\/\/xstone.group\/fr\/product\/vas-veroboard-allstar-a2\/","url":"https:\/\/xstone.group\/fr\/product\/vas-veroboard-allstar-a2\/","name":"VAS | Veroboard Allstar A2 - XSTONE","isPartOf":{"@id":"https:\/\/xstone.group\/fr\/#website"},"primaryImageOfPage":{"@id":"https:\/\/xstone.group\/fr\/product\/vas-veroboard-allstar-a2\/#primaryimage"},"image":{"@id":"https:\/\/xstone.group\/fr\/product\/vas-veroboard-allstar-a2\/#primaryimage"},"thumbnailUrl":"https:\/\/xstone.group\/wp-content\/uploads\/2025\/11\/Veroboard-Allstar-A2-scaled.webp","datePublished":"2025-11-29T19:42:37+00:00","description":"Veroboard\u00ae AllStar est un panneau de support l\u00e9ger class\u00e9 A2, con\u00e7u pour une utilisation int\u00e9rieure et ext\u00e9rieure. Son noyau est constitu\u00e9 de granul\u00e9s de verre expans\u00e9","breadcrumb":{"@id":"https:\/\/xstone.group\/fr\/product\/vas-veroboard-allstar-a2\/#breadcrumb"},"inLanguage":"fr-FR","potentialAction":[{"@type":"ReadAction","target":["https:\/\/xstone.group\/fr\/product\/vas-veroboard-allstar-a2\/"]}]},{"@type":"ImageObject","inLanguage":"fr-FR","@id":"https:\/\/xstone.group\/fr\/product\/vas-veroboard-allstar-a2\/#primaryimage","url":"https:\/\/xstone.group\/wp-content\/uploads\/2025\/11\/Veroboard-Allstar-A2-scaled.webp","contentUrl":"https:\/\/xstone.group\/wp-content\/uploads\/2025\/11\/Veroboard-Allstar-A2-scaled.webp","width":2560,"height":2560},{"@type":"BreadcrumbList","@id":"https:\/\/xstone.group\/fr\/product\/vas-veroboard-allstar-a2\/#breadcrumb","itemListElement":[{"@type":"ListItem","position":1,"name":"Home","item":"https:\/\/xstone.group\/fr\/"},{"@type":"ListItem","position":2,"name":"Produits","item":"https:\/\/xstone.group\/fr\/shop\/"},{"@type":"ListItem","position":3,"name":"VAS | Veroboard Allstar A2"}]},{"@type":"WebSite","@id":"https:\/\/xstone.group\/fr\/#website","url":"https:\/\/xstone.group\/fr\/","name":"XSTONE","description":"Une beaut\u00e9 min\u00e9rale authentique et illimit\u00e9e, lib\u00e9r\u00e9e de la pesanteur","publisher":{"@id":"https:\/\/xstone.group\/fr\/#organization"},"potentialAction":[{"@type":"SearchAction","target":{"@type":"EntryPoint","urlTemplate":"https:\/\/xstone.group\/fr\/?s={search_term_string}"},"query-input":{"@type":"PropertyValueSpecification","valueRequired":true,"valueName":"search_term_string"}}],"inLanguage":"fr-FR"},{"@type":"Organization","@id":"https:\/\/xstone.group\/fr\/#organization","name":"XSTONE","url":"https:\/\/xstone.group\/fr\/","logo":{"@type":"ImageObject","inLanguage":"fr-FR","@id":"https:\/\/xstone.group\/fr\/#\/schema\/logo\/image\/","url":"https:\/\/xstone.group\/wp-content\/uploads\/2025\/10\/cropped-XStone-Surfaces-Logo-white.webp","contentUrl":"https:\/\/xstone.group\/wp-content\/uploads\/2025\/10\/cropped-XStone-Surfaces-Logo-white.webp","width":226,"height":75,"caption":"XSTONE"},"image":{"@id":"https:\/\/xstone.group\/fr\/#\/schema\/logo\/image\/"},"sameAs":["https:\/\/www.facebook.com\/Xstonesurfaces1\/","https:\/\/www.linkedin.com\/company\/concrete-on-roll-xstone\/","https:\/\/www.youtube.com\/@xstoneteam3953\/videos","https:\/\/www.instagram.com\/xstone.surfacesuk\/"],"description":"XSTONE\u00ae fournit des surfaces min\u00e9rales innovantes, flexibles et durables pour architecture, ameublement et design. Explorez nos solutions premium.","email":"info@xstone.group","legalName":"XSTONE SRL","foundingDate":"2007-01-01","vatID":"RO53094294","numberOfEmployees":{"@type":"QuantitativeValue","minValue":"1","maxValue":"10"}}]}},"spectra_custom_meta":{"_last_translation_edit_mode":["translation-editor"],"_product_attributes":["a:5:{s:8:\"features\";a:6:{s:4:\"name\";s:8:\"Features\";s:5:\"value\";s:218:\"L\u00e9ger et facile \u00e0 manipuler. R\u00e9sistance m\u00e9canique et r\u00e9sistance aux chocs \u00e9lev\u00e9es. Excellente r\u00e9sistance \u00e0 la fissuration et stabilit\u00e9 dimensionnelle. Convient aux applications int\u00e9rieures et ext\u00e9rieures   \";s:8:\"position\";i:0;s:10:\"is_visible\";i:1;s:12:\"is_variation\";i:0;s:11:\"is_taxonomy\";i:0;}s:4:\"size\";a:6:{s:4:\"name\";s:4:\"Size\";s:5:\"value\";s:89:\"1200 \u00d7 800 mm, 2400 \u00d7 1200 mm, 2600 \u00d7 1250 mm ; dimensions personnalis\u00e9es sur demande\";s:8:\"position\";i:1;s:10:\"is_visible\";i:1;s:12:\"is_variation\";i:0;s:11:\"is_taxonomy\";i:0;}s:9:\"thickness\";a:6:{s:4:\"name\";s:9:\"Thickness\";s:5:\"value\";s:27:\"8 mm, 10 mm, 12 mm et 20 mm\";s:8:\"position\";i:2;s:10:\"is_visible\";i:1;s:12:\"is_variation\";i:0;s:11:\"is_taxonomy\";i:0;}s:11:\"fire-rating\";a:6:{s:4:\"name\";s:11:\"Fire rating\";s:5:\"value\";s:8:\"A2-s1,d0\";s:8:\"position\";i:3;s:10:\"is_visible\";i:1;s:12:\"is_variation\";i:0;s:11:\"is_taxonomy\";i:0;}s:11:\"composition\";a:6:{s:4:\"name\";s:11:\"Composition\";s:5:\"value\";s:145:\"Noyau en granul\u00e9s de verre recycl\u00e9 expans\u00e9 + liants r\u00e9actifs ou \u00e0 base de r\u00e9sine organique + treillis en fibre de verre sur les deux faces.\";s:8:\"position\";i:4;s:10:\"is_visible\";i:1;s:12:\"is_variation\";i:0;s:11:\"is_taxonomy\";i:0;}}"],"attr_label_translations":["a:1:{s:2:\"fr\";a:5:{s:8:\"features\";s:17:\"Caract\u00e9ristiques\";s:4:\"size\";s:6:\"Taille\";s:9:\"thickness\";s:10:\"\u00c9paisseur\";s:11:\"fire-rating\";s:17:\"Classement au feu\";s:11:\"composition\";s:11:\"Composition\";}}"],"_wcml_average_rating":[null],"_wcml_review_count":[null],"_wcml_rating_count":[null],"_yoast_wpseo_primary_product_cat":["331"],"_backorders":["no"],"_download_limit":["-1"],"_download_expiry":["-1"],"_downloadable":["no"],"_manage_stock":["no"],"_sku":["VAS"],"_stock_status":["instock"],"_sold_individually":["no"],"_tax_class":[""],"_tax_status":["taxable"],"_virtual":["no"],"total_sales":["0"],"_wpml_media_duplicate":["1"],"_wpml_media_featured":["1"],"stick-header-meta":["default"],"site-sidebar-layout":["default"],"theme-transparent-header-meta":["default"],"ast-site-content-layout":["default"],"site-content-style":["default"],"site-sidebar-style":["default"],"_yoast_wpseo_metadesc":["Veroboard\u00ae AllStar est un panneau de support l\u00e9ger class\u00e9 A2, con\u00e7u pour une utilisation int\u00e9rieure et ext\u00e9rieure. Son noyau est constitu\u00e9 de granul\u00e9s de verre expans\u00e9"],"_yoast_wpseo_focuskw":["panneau ignifug\u00e9 int\u00e9rieur ext\u00e9rieur"],"_thumbnail_id":["15479"],"_wpml_word_count":["243"],"_elementor_edit_mode":["builder"],"_selectproduct_layout":["18862"],"woolentor_views_count_product":["6"],"_uag_css_file_name":["uag-css-25435.css"],"_uag_js_file_name":["uag-js-25435.js"],"tp_widgets":["a:2:{s:7:\"widgets\";a:6:{i:0;s:18:\"plus-list-skeleton\";i:1;s:22:\"plus-listing-load-more\";i:2;s:18:\"plus-listing-metro\";i:3;s:18:\"tp-product-listout\";i:4;s:17:\"tp-single-style_1\";i:5;s:19:\"tp-woo-single-image\";}s:9:\"update_at\";s:10:\"1776541402\";}"],"_elementor_page_assets":["a:0:{}"],"_elementor_css":["a:7:{s:4:\"time\";i:1776836106;s:5:\"fonts\";a:0:{}s:5:\"icons\";a:0:{}s:20:\"dynamic_elements_ids\";a:0:{}s:6:\"status\";s:5:\"empty\";i:0;s:0:\"\";s:3:\"css\";s:0:\"\";}"],"_wc_rating_count":[""],"_wc_review_count":[""],"_wc_average_rating":[0]},"uagb_featured_image_src":{"full":["https:\/\/xstone.group\/wp-content\/uploads\/2025\/11\/Veroboard-Allstar-A2-scaled.webp",2560,2560,false],"thumbnail":["https:\/\/xstone.group\/wp-content\/uploads\/2025\/11\/Veroboard-Allstar-A2-150x150.webp",150,150,true],"medium":["https:\/\/xstone.group\/wp-content\/uploads\/2025\/11\/Veroboard-Allstar-A2-300x300.webp",300,300,true],"medium_large":["https:\/\/xstone.group\/wp-content\/uploads\/2025\/11\/Veroboard-Allstar-A2-768x768.webp",768,768,true],"large":["https:\/\/xstone.group\/wp-content\/uploads\/2025\/11\/Veroboard-Allstar-A2-1024x1024.webp",1024,1024,true],"1536x1536":["https:\/\/xstone.group\/wp-content\/uploads\/2025\/11\/Veroboard-Allstar-A2-1536x1536.webp",1536,1536,true],"2048x2048":["https:\/\/xstone.group\/wp-content\/uploads\/2025\/11\/Veroboard-Allstar-A2-2048x2048.webp",2048,2048,true],"tp-image-grid":["https:\/\/xstone.group\/wp-content\/uploads\/2025\/11\/Veroboard-Allstar-A2-scaled.webp",700,700,false],"tenweb_optimizer_mobile":["https:\/\/xstone.group\/wp-content\/uploads\/2025\/11\/Veroboard-Allstar-A2-600x600.webp",600,600,true],"tenweb_optimizer_tablet":["https:\/\/xstone.group\/wp-content\/uploads\/2025\/11\/Veroboard-Allstar-A2-768x768.webp",768,768,true],"woocommerce_thumbnail":["https:\/\/xstone.group\/wp-content\/uploads\/2025\/11\/Veroboard-Allstar-A2-300x300.webp",300,300,true],"woocommerce_single":["https:\/\/xstone.group\/wp-content\/uploads\/2025\/11\/Veroboard-Allstar-A2-600x600.webp",600,600,true],"woocommerce_gallery_thumbnail":["https:\/\/xstone.group\/wp-content\/uploads\/2025\/11\/Veroboard-Allstar-A2-100x100.webp",100,100,true]},"uagb_author_info":{"display_name":"laurent.gomez@xstone.group","author_link":"https:\/\/xstone.group\/fr\/author\/"},"uagb_comment_info":0,"uagb_excerpt":"Veroboard\u00ae AllStar est un panneau support l\u00e9ger class\u00e9 A2-s1,d0 con\u00e7u pour des applications int\u00e9rieures et ext\u00e9rieures, alliant faible poids, incombustibilit\u00e9, r\u00e9sistance m\u00e9canique et stabilit\u00e9 dimensionnelle. Sa fonction premi\u00e8re est de servir de support polyvalent capable de supporter une large gamme de syst\u00e8mes de finition sans ajouter de charge morte inutile \u00e0 la structure. Associ\u00e9 au\u2026","_links":{"self":[{"href":"https:\/\/xstone.group\/fr\/wp-json\/wp\/v2\/product\/25435","targetHints":{"allow":["GET"]}}],"collection":[{"href":"https:\/\/xstone.group\/fr\/wp-json\/wp\/v2\/product"}],"about":[{"href":"https:\/\/xstone.group\/fr\/wp-json\/wp\/v2\/types\/product"}],"replies":[{"embeddable":true,"href":"https:\/\/xstone.group\/fr\/wp-json\/wp\/v2\/comments?post=25435"}],"wp:featuredmedia":[{"embeddable":true,"href":"https:\/\/xstone.group\/fr\/wp-json\/wp\/v2\/media\/15479"}],"wp:attachment":[{"href":"https:\/\/xstone.group\/fr\/wp-json\/wp\/v2\/media?parent=25435"}],"wp:term":[{"taxonomy":"product_brand","embeddable":true,"href":"https:\/\/xstone.group\/fr\/wp-json\/wp\/v2\/product_brand?post=25435"},{"taxonomy":"product_cat","embeddable":true,"href":"https:\/\/xstone.group\/fr\/wp-json\/wp\/v2\/product_cat?post=25435"},{"taxonomy":"product_tag","embeddable":true,"href":"https:\/\/xstone.group\/fr\/wp-json\/wp\/v2\/product_tag?post=25435"}],"curies":[{"name":"wp","href":"https:\/\/api.w.org\/{rel}","templated":true}]}}