{"id":25511,"date":"2025-11-29T19:44:32","date_gmt":"2025-11-29T19:44:32","guid":{"rendered":"https:\/\/xstone.group\/product\/apt-pet-acoustique\/"},"modified":"2025-11-29T19:44:32","modified_gmt":"2025-11-29T19:44:32","slug":"apt-acoustic-pet","status":"publish","type":"product","link":"https:\/\/xstone.group\/fr\/product\/apt-acoustic-pet\/","title":{"rendered":"APT | PET acoustique"},"content":{"rendered":"<p data-start=\"180\" data-end=\"444\">Les panneaux acoustiques en PET racontent une histoire simple mais puissante : l&rsquo;histoire d&rsquo;une transformation.<br data-start=\"262\" data-end=\"265\">Ce qui \u00e9tait autrefois du plastique mis au rebut devient un mat\u00e9riau utile, beau et performant, capable de rendre les espaces plus calmes, plus humains et plus agr\u00e9ables \u00e0 vivre et \u00e0 travailler.<\/p>\n<p data-start=\"446\" data-end=\"844\">Le processus commence par la collecte de bouteilles en plastique usag\u00e9es, qui sont tri\u00e9es, nettoy\u00e9es et transform\u00e9es en fines fibres de polyester. Ces fibres sont ensuite superpos\u00e9es, compact\u00e9es et stabilis\u00e9es thermiquement pour former une structure feutr\u00e9e \u00e0 la fois dense et poreuse. Cette structure unique permet au panneau de capter l&rsquo;\u00e9nergie sonore, de la dissiper et de r\u00e9duire consid\u00e9rablement la r\u00e9verb\u00e9ration et le bruit ambiant.  <\/p>\n<p data-start=\"846\" data-end=\"1194\">Le r\u00e9sultat est un mat\u00e9riau \u00e0 la fois l\u00e9ger et durable, doux au toucher et techniquement puissant. Il absorbe les sons sans \u00e9touffer un espace, cr\u00e9e du confort sans confinement et am\u00e9liore la qualit\u00e9 acoustique sans s&rsquo;imposer visuellement. Il agit comme un r\u00e9gulateur de calme, apaisant les environnements tout en pr\u00e9servant leur int\u00e9grit\u00e9 architecturale.  <\/p>\n<p data-start=\"1196\" data-end=\"1475\">Au-del\u00e0 des performances acoustiques, le PET a une signification plus large. Il refl\u00e8te une nouvelle fa\u00e7on de penser les mat\u00e9riaux : circulaire, responsable et intelligente. Un mat\u00e9riau qui ne se contente pas de r\u00e9soudre un probl\u00e8me technique, mais qui contribue \u00e0 une vision plus durable de la conception et de la construction.  <\/p>\n<p data-start=\"1477\" data-end=\"1699\" data-is-last-node=\"\" data-is-only-node=\"\">Les panneaux acoustiques PET sont donc plus que des solutions acoustiques.<br data-start=\"1540\" data-end=\"1543\">Ce sont des surfaces qui transforment le bruit en calme, le chaos en clart\u00e9 et les espaces ordinaires en lieux o\u00f9 l&rsquo;on respire mieux, o\u00f9 l&rsquo;on pense mieux et o\u00f9 l&rsquo;on travaille mieux.<\/p>\n","protected":false},"excerpt":{"rendered":"<p>Les panneaux acoustiques en PET racontent une histoire simple mais puissante : l&rsquo;histoire d&rsquo;une transformation.Ce qui \u00e9tait autrefois du plastique mis au rebut devient un mat\u00e9riau utile, beau et performant, capable de rendre les espaces plus calmes, plus humains et plus agr\u00e9ables \u00e0 vivre et \u00e0 travailler. Le processus commence par la collecte de bouteilles [&hellip;]<\/p>\n","protected":false},"featured_media":15483,"comment_status":"open","ping_status":"closed","template":"","meta":{"_acf_changed":false,"_uag_custom_page_level_css":"","site-sidebar-layout":"default","site-content-layout":"","ast-site-content-layout":"default","site-content-style":"default","site-sidebar-style":"default","ast-global-header-display":"","ast-banner-title-visibility":"","ast-main-header-display":"","ast-hfb-above-header-display":"","ast-hfb-below-header-display":"","ast-hfb-mobile-header-display":"","site-post-title":"","ast-breadcrumbs-content":"","ast-featured-img":"","footer-sml-layout":"","theme-transparent-header-meta":"default","adv-header-id-meta":"","stick-header-meta":"default","header-above-stick-meta":"","header-main-stick-meta":"","header-below-stick-meta":"","astra-migrate-meta-layouts":"default","ast-page-background-enabled":"default","ast-page-background-meta":{"desktop":{"background-color":"var(--ast-global-color-4)","background-image":"","background-repeat":"repeat","background-position":"center center","background-size":"auto","background-attachment":"scroll","background-type":"","background-media":"","overlay-type":"","overlay-color":"","overlay-opacity":"","overlay-gradient":""},"tablet":{"background-color":"","background-image":"","background-repeat":"repeat","background-position":"center center","background-size":"auto","background-attachment":"scroll","background-type":"","background-media":"","overlay-type":"","overlay-color":"","overlay-opacity":"","overlay-gradient":""},"mobile":{"background-color":"","background-image":"","background-repeat":"repeat","background-position":"center center","background-size":"auto","background-attachment":"scroll","background-type":"","background-media":"","overlay-type":"","overlay-color":"","overlay-opacity":"","overlay-gradient":""}},"ast-content-background-meta":{"desktop":{"background-color":"var(--ast-global-color-5)","background-image":"","background-repeat":"repeat","background-position":"center center","background-size":"auto","background-attachment":"scroll","background-type":"","background-media":"","overlay-type":"","overlay-color":"","overlay-opacity":"","overlay-gradient":""},"tablet":{"background-color":"var(--ast-global-color-5)","background-image":"","background-repeat":"repeat","background-position":"center center","background-size":"auto","background-attachment":"scroll","background-type":"","background-media":"","overlay-type":"","overlay-color":"","overlay-opacity":"","overlay-gradient":""},"mobile":{"background-color":"var(--ast-global-color-5)","background-image":"","background-repeat":"repeat","background-position":"center center","background-size":"auto","background-attachment":"scroll","background-type":"","background-media":"","overlay-type":"","overlay-color":"","overlay-opacity":"","overlay-gradient":""}}},"product_brand":[],"product_cat":[8733],"product_tag":[9390,9392,9402,9400,9406,9386,9396,9388,9384,9398,9383,9394,9404,3440,9408],"class_list":{"0":"post-25511","1":"product","2":"type-product","3":"status-publish","4":"has-post-thumbnail","6":"product_cat-backing","7":"product_tag-office-acoustics","8":"product_tag-open-office-acoustics","9":"product_tag-biophilic-acoustic-design","10":"product_tag-acoustic-comfort","11":"product_tag-architectural-acoustics","12":"product_tag-sound-absorbing-panels","13":"product_tag-decorative-acoustic-panels","14":"product_tag-sustainable-acoustic-panels","15":"product_tag-recycled-pet-acoustic-panels","16":"product_tag-lightweight-acoustic-panels","17":"product_tag-pet-acoustic-panels","18":"product_tag-acoustic-panels-for-schools","19":"product_tag-recycled-plastic-panels","20":"product_tag-comp-backing-15500","21":"product_tag-acoustic-wall-surfaces","22":"desktop-align-left","23":"tablet-align-left","24":"mobile-align-left","26":"first","27":"instock","28":"shipping-taxable","29":"product-type-simple"},"acf":[],"yoast_head":"<!-- This site is optimized with the Yoast SEO Premium plugin v27.4 (Yoast SEO v27.4) - https:\/\/yoast.com\/product\/yoast-seo-premium-wordpress\/ -->\n<title>APT | PET acoustique - XSTONE<\/title>\n<meta name=\"description\" content=\"Panneaux acoustiques PET haute performance fabriqu\u00e9s \u00e0 partir de plastique recycl\u00e9. Un contr\u00f4le acoustique \u00e9l\u00e9gant, l\u00e9ger et durable pour les int\u00e9rieurs modernes.\" \/>\n<meta name=\"robots\" content=\"index, follow, max-snippet:-1, max-image-preview:large, max-video-preview:-1\" \/>\n<link rel=\"canonical\" href=\"https:\/\/xstone.group\/fr\/product\/apt-acoustic-pet\/\" \/>\n<meta property=\"og:locale\" content=\"fr_FR\" \/>\n<meta property=\"og:type\" content=\"article\" \/>\n<meta property=\"og:title\" content=\"APT | PET acoustique\" \/>\n<meta property=\"og:description\" content=\"Panneaux acoustiques PET haute performance fabriqu\u00e9s \u00e0 partir de plastique recycl\u00e9. Un contr\u00f4le acoustique \u00e9l\u00e9gant, l\u00e9ger et durable pour les int\u00e9rieurs modernes.\" \/>\n<meta property=\"og:url\" content=\"https:\/\/xstone.group\/fr\/product\/apt-acoustic-pet\/\" \/>\n<meta property=\"og:site_name\" content=\"XSTONE\" \/>\n<meta property=\"article:publisher\" content=\"https:\/\/www.facebook.com\/Xstonesurfaces1\/\" \/>\n<meta property=\"og:image\" content=\"https:\/\/xstone.group\/wp-content\/uploads\/2025\/11\/Acoustic-PET-scaled.webp\" \/>\n\t<meta property=\"og:image:width\" content=\"2560\" \/>\n\t<meta property=\"og:image:height\" content=\"2560\" \/>\n\t<meta property=\"og:image:type\" content=\"image\/webp\" \/>\n<meta name=\"twitter:card\" content=\"summary_large_image\" \/>\n<meta name=\"twitter:label1\" content=\"Dur\u00e9e de lecture estim\u00e9e\" \/>\n\t<meta name=\"twitter:data1\" content=\"1 minute\" \/>\n<script type=\"application\/ld+json\" class=\"yoast-schema-graph\">{\"@context\":\"https:\\\/\\\/schema.org\",\"@graph\":[{\"@type\":\"WebPage\",\"@id\":\"https:\\\/\\\/xstone.group\\\/fr\\\/product\\\/apt-acoustic-pet\\\/\",\"url\":\"https:\\\/\\\/xstone.group\\\/fr\\\/product\\\/apt-acoustic-pet\\\/\",\"name\":\"APT | PET acoustique - XSTONE\",\"isPartOf\":{\"@id\":\"https:\\\/\\\/xstone.group\\\/fr\\\/#website\"},\"primaryImageOfPage\":{\"@id\":\"https:\\\/\\\/xstone.group\\\/fr\\\/product\\\/apt-acoustic-pet\\\/#primaryimage\"},\"image\":{\"@id\":\"https:\\\/\\\/xstone.group\\\/fr\\\/product\\\/apt-acoustic-pet\\\/#primaryimage\"},\"thumbnailUrl\":\"https:\\\/\\\/xstone.group\\\/wp-content\\\/uploads\\\/2025\\\/11\\\/Acoustic-PET-scaled.webp\",\"datePublished\":\"2025-11-29T19:44:32+00:00\",\"description\":\"Panneaux acoustiques PET haute performance fabriqu\u00e9s \u00e0 partir de plastique recycl\u00e9. Un contr\u00f4le acoustique \u00e9l\u00e9gant, l\u00e9ger et durable pour les int\u00e9rieurs modernes.\",\"breadcrumb\":{\"@id\":\"https:\\\/\\\/xstone.group\\\/fr\\\/product\\\/apt-acoustic-pet\\\/#breadcrumb\"},\"inLanguage\":\"fr-FR\",\"potentialAction\":[{\"@type\":\"ReadAction\",\"target\":[\"https:\\\/\\\/xstone.group\\\/fr\\\/product\\\/apt-acoustic-pet\\\/\"]}]},{\"@type\":\"ImageObject\",\"inLanguage\":\"fr-FR\",\"@id\":\"https:\\\/\\\/xstone.group\\\/fr\\\/product\\\/apt-acoustic-pet\\\/#primaryimage\",\"url\":\"https:\\\/\\\/xstone.group\\\/wp-content\\\/uploads\\\/2025\\\/11\\\/Acoustic-PET-scaled.webp\",\"contentUrl\":\"https:\\\/\\\/xstone.group\\\/wp-content\\\/uploads\\\/2025\\\/11\\\/Acoustic-PET-scaled.webp\",\"width\":2560,\"height\":2560},{\"@type\":\"BreadcrumbList\",\"@id\":\"https:\\\/\\\/xstone.group\\\/fr\\\/product\\\/apt-acoustic-pet\\\/#breadcrumb\",\"itemListElement\":[{\"@type\":\"ListItem\",\"position\":1,\"name\":\"Home\",\"item\":\"https:\\\/\\\/xstone.group\\\/fr\\\/\"},{\"@type\":\"ListItem\",\"position\":2,\"name\":\"Produits\",\"item\":\"https:\\\/\\\/xstone.group\\\/fr\\\/shop\\\/\"},{\"@type\":\"ListItem\",\"position\":3,\"name\":\"APT | PET acoustique\"}]},{\"@type\":\"WebSite\",\"@id\":\"https:\\\/\\\/xstone.group\\\/fr\\\/#website\",\"url\":\"https:\\\/\\\/xstone.group\\\/fr\\\/\",\"name\":\"XSTONE\",\"description\":\"Une beaut\u00e9 min\u00e9rale authentique et illimit\u00e9e, lib\u00e9r\u00e9e de la pesanteur\",\"publisher\":{\"@id\":\"https:\\\/\\\/xstone.group\\\/fr\\\/#organization\"},\"potentialAction\":[{\"@type\":\"SearchAction\",\"target\":{\"@type\":\"EntryPoint\",\"urlTemplate\":\"https:\\\/\\\/xstone.group\\\/fr\\\/?s={search_term_string}\"},\"query-input\":{\"@type\":\"PropertyValueSpecification\",\"valueRequired\":true,\"valueName\":\"search_term_string\"}}],\"inLanguage\":\"fr-FR\"},{\"@type\":\"Organization\",\"@id\":\"https:\\\/\\\/xstone.group\\\/fr\\\/#organization\",\"name\":\"XSTONE\",\"url\":\"https:\\\/\\\/xstone.group\\\/fr\\\/\",\"logo\":{\"@type\":\"ImageObject\",\"inLanguage\":\"fr-FR\",\"@id\":\"https:\\\/\\\/xstone.group\\\/fr\\\/#\\\/schema\\\/logo\\\/image\\\/\",\"url\":\"https:\\\/\\\/xstone.group\\\/wp-content\\\/uploads\\\/2025\\\/10\\\/cropped-XStone-Surfaces-Logo-white.webp\",\"contentUrl\":\"https:\\\/\\\/xstone.group\\\/wp-content\\\/uploads\\\/2025\\\/10\\\/cropped-XStone-Surfaces-Logo-white.webp\",\"width\":226,\"height\":75,\"caption\":\"XSTONE\"},\"image\":{\"@id\":\"https:\\\/\\\/xstone.group\\\/fr\\\/#\\\/schema\\\/logo\\\/image\\\/\"},\"sameAs\":[\"https:\\\/\\\/www.facebook.com\\\/Xstonesurfaces1\\\/\",\"https:\\\/\\\/www.linkedin.com\\\/company\\\/concrete-on-roll-xstone\\\/\",\"https:\\\/\\\/www.youtube.com\\\/@xstoneteam3953\\\/videos\",\"https:\\\/\\\/www.instagram.com\\\/xstone.surfacesuk\\\/\"],\"description\":\"XSTONE\u00ae fournit des surfaces min\u00e9rales innovantes, flexibles et durables pour architecture, ameublement et design. Explorez nos solutions premium.\",\"email\":\"info@xstone.group\",\"legalName\":\"XSTONE SRL\",\"foundingDate\":\"2007-01-01\",\"vatID\":\"RO53094294\",\"numberOfEmployees\":{\"@type\":\"QuantitativeValue\",\"minValue\":\"1\",\"maxValue\":\"10\"}}]}<\/script>\n<!-- \/ Yoast SEO Premium plugin. -->","yoast_head_json":{"title":"APT | PET acoustique - XSTONE","description":"Panneaux acoustiques PET haute performance fabriqu\u00e9s \u00e0 partir de plastique recycl\u00e9. Un contr\u00f4le acoustique \u00e9l\u00e9gant, l\u00e9ger et durable pour les int\u00e9rieurs modernes.","robots":{"index":"index","follow":"follow","max-snippet":"max-snippet:-1","max-image-preview":"max-image-preview:large","max-video-preview":"max-video-preview:-1"},"canonical":"https:\/\/xstone.group\/fr\/product\/apt-acoustic-pet\/","og_locale":"fr_FR","og_type":"article","og_title":"APT | PET acoustique","og_description":"Panneaux acoustiques PET haute performance fabriqu\u00e9s \u00e0 partir de plastique recycl\u00e9. Un contr\u00f4le acoustique \u00e9l\u00e9gant, l\u00e9ger et durable pour les int\u00e9rieurs modernes.","og_url":"https:\/\/xstone.group\/fr\/product\/apt-acoustic-pet\/","og_site_name":"XSTONE","article_publisher":"https:\/\/www.facebook.com\/Xstonesurfaces1\/","og_image":[{"width":2560,"height":2560,"url":"https:\/\/xstone.group\/wp-content\/uploads\/2025\/11\/Acoustic-PET-scaled.webp","type":"image\/webp"}],"twitter_card":"summary_large_image","twitter_misc":{"Dur\u00e9e de lecture estim\u00e9e":"1 minute"},"schema":{"@context":"https:\/\/schema.org","@graph":[{"@type":"WebPage","@id":"https:\/\/xstone.group\/fr\/product\/apt-acoustic-pet\/","url":"https:\/\/xstone.group\/fr\/product\/apt-acoustic-pet\/","name":"APT | PET acoustique - XSTONE","isPartOf":{"@id":"https:\/\/xstone.group\/fr\/#website"},"primaryImageOfPage":{"@id":"https:\/\/xstone.group\/fr\/product\/apt-acoustic-pet\/#primaryimage"},"image":{"@id":"https:\/\/xstone.group\/fr\/product\/apt-acoustic-pet\/#primaryimage"},"thumbnailUrl":"https:\/\/xstone.group\/wp-content\/uploads\/2025\/11\/Acoustic-PET-scaled.webp","datePublished":"2025-11-29T19:44:32+00:00","description":"Panneaux acoustiques PET haute performance fabriqu\u00e9s \u00e0 partir de plastique recycl\u00e9. Un contr\u00f4le acoustique \u00e9l\u00e9gant, l\u00e9ger et durable pour les int\u00e9rieurs modernes.","breadcrumb":{"@id":"https:\/\/xstone.group\/fr\/product\/apt-acoustic-pet\/#breadcrumb"},"inLanguage":"fr-FR","potentialAction":[{"@type":"ReadAction","target":["https:\/\/xstone.group\/fr\/product\/apt-acoustic-pet\/"]}]},{"@type":"ImageObject","inLanguage":"fr-FR","@id":"https:\/\/xstone.group\/fr\/product\/apt-acoustic-pet\/#primaryimage","url":"https:\/\/xstone.group\/wp-content\/uploads\/2025\/11\/Acoustic-PET-scaled.webp","contentUrl":"https:\/\/xstone.group\/wp-content\/uploads\/2025\/11\/Acoustic-PET-scaled.webp","width":2560,"height":2560},{"@type":"BreadcrumbList","@id":"https:\/\/xstone.group\/fr\/product\/apt-acoustic-pet\/#breadcrumb","itemListElement":[{"@type":"ListItem","position":1,"name":"Home","item":"https:\/\/xstone.group\/fr\/"},{"@type":"ListItem","position":2,"name":"Produits","item":"https:\/\/xstone.group\/fr\/shop\/"},{"@type":"ListItem","position":3,"name":"APT | PET acoustique"}]},{"@type":"WebSite","@id":"https:\/\/xstone.group\/fr\/#website","url":"https:\/\/xstone.group\/fr\/","name":"XSTONE","description":"Une beaut\u00e9 min\u00e9rale authentique et illimit\u00e9e, lib\u00e9r\u00e9e de la pesanteur","publisher":{"@id":"https:\/\/xstone.group\/fr\/#organization"},"potentialAction":[{"@type":"SearchAction","target":{"@type":"EntryPoint","urlTemplate":"https:\/\/xstone.group\/fr\/?s={search_term_string}"},"query-input":{"@type":"PropertyValueSpecification","valueRequired":true,"valueName":"search_term_string"}}],"inLanguage":"fr-FR"},{"@type":"Organization","@id":"https:\/\/xstone.group\/fr\/#organization","name":"XSTONE","url":"https:\/\/xstone.group\/fr\/","logo":{"@type":"ImageObject","inLanguage":"fr-FR","@id":"https:\/\/xstone.group\/fr\/#\/schema\/logo\/image\/","url":"https:\/\/xstone.group\/wp-content\/uploads\/2025\/10\/cropped-XStone-Surfaces-Logo-white.webp","contentUrl":"https:\/\/xstone.group\/wp-content\/uploads\/2025\/10\/cropped-XStone-Surfaces-Logo-white.webp","width":226,"height":75,"caption":"XSTONE"},"image":{"@id":"https:\/\/xstone.group\/fr\/#\/schema\/logo\/image\/"},"sameAs":["https:\/\/www.facebook.com\/Xstonesurfaces1\/","https:\/\/www.linkedin.com\/company\/concrete-on-roll-xstone\/","https:\/\/www.youtube.com\/@xstoneteam3953\/videos","https:\/\/www.instagram.com\/xstone.surfacesuk\/"],"description":"XSTONE\u00ae fournit des surfaces min\u00e9rales innovantes, flexibles et durables pour architecture, ameublement et design. Explorez nos solutions premium.","email":"info@xstone.group","legalName":"XSTONE SRL","foundingDate":"2007-01-01","vatID":"RO53094294","numberOfEmployees":{"@type":"QuantitativeValue","minValue":"1","maxValue":"10"}}]}},"spectra_custom_meta":{"_last_translation_edit_mode":["translation-editor"],"_product_attributes":["a:7:{s:11:\"composition\";a:6:{s:4:\"name\";s:11:\"Composition\";s:5:\"value\";s:77:\"100 % de fibres de polyester recycl\u00e9es sans liants ni retardateurs chimiques\";s:8:\"position\";i:0;s:10:\"is_visible\";i:1;s:12:\"is_variation\";i:0;s:11:\"is_taxonomy\";i:0;}s:8:\"features\";a:6:{s:4:\"name\";s:8:\"Features\";s:5:\"value\";s:117:\"L\u00e9ger, facile \u00e0 installer, non toxique, non allerg\u00e8ne et non irritant, \u00e9tanch\u00e9it\u00e9 et stabilit\u00e9 dimensionnelle.\";s:8:\"position\";i:1;s:10:\"is_visible\";i:1;s:12:\"is_variation\";i:0;s:11:\"is_taxonomy\";i:0;}s:6:\"colors\";a:6:{s:4:\"name\";s:6:\"Colors\";s:5:\"value\";s:22:\"Plus de 20 disponibles\";s:8:\"position\";i:2;s:10:\"is_visible\";i:1;s:12:\"is_variation\";i:0;s:11:\"is_taxonomy\";i:0;}s:4:\"size\";a:6:{s:4:\"name\";s:4:\"Size\";s:5:\"value\";s:29:\"2440 x 1220 mm ; 800 x 600 mm\";s:8:\"position\";i:3;s:10:\"is_visible\";i:1;s:12:\"is_variation\";i:0;s:11:\"is_taxonomy\";i:0;}s:9:\"thickness\";a:6:{s:4:\"name\";s:9:\"Thickness\";s:5:\"value\";s:28:\"9 mm ; 12 mm ; 18 mm ; 24 mm\";s:8:\"position\";i:4;s:10:\"is_visible\";i:1;s:12:\"is_variation\";i:0;s:11:\"is_taxonomy\";i:0;}s:11:\"fire-rating\";a:6:{s:4:\"name\";s:11:\"Fire rating\";s:5:\"value\";s:7:\"B-s1-d0\";s:8:\"position\";i:5;s:10:\"is_visible\";i:1;s:12:\"is_variation\";i:0;s:11:\"is_taxonomy\";i:0;}s:16:\"sound-absorption\";a:6:{s:4:\"name\";s:16:\"Sound absorption\";s:5:\"value\";s:44:\"EN ISO 354:2003 Coefficient = 0,5. Classe D \";s:8:\"position\";i:6;s:10:\"is_visible\";i:1;s:12:\"is_variation\";i:0;s:11:\"is_taxonomy\";i:0;}}"],"attr_label_translations":["a:1:{s:2:\"fr\";a:7:{s:11:\"composition\";s:11:\"Composition\";s:8:\"features\";s:17:\"Caract\u00e9ristiques\";s:6:\"colors\";s:8:\"Couleurs\";s:4:\"size\";s:6:\"Taille\";s:9:\"thickness\";s:10:\"\u00c9paisseur\";s:11:\"fire-rating\";s:17:\"Classement au feu\";s:16:\"sound-absorption\";s:21:\"Absorption acoustique\";}}"],"_wcml_average_rating":[null],"_wcml_review_count":[null],"_wcml_rating_count":[null],"_yoast_wpseo_primary_product_cat":["331"],"_backorders":["no"],"_download_limit":["-1"],"_download_expiry":["-1"],"_downloadable":["no"],"_manage_stock":["no"],"_sku":["APT"],"_stock_status":["instock"],"_sold_individually":["no"],"_tax_class":[""],"_tax_status":["taxable"],"_virtual":["no"],"total_sales":["0"],"_wpml_media_duplicate":["1"],"_wpml_media_featured":["1"],"stick-header-meta":["default"],"site-sidebar-layout":["default"],"theme-transparent-header-meta":["default"],"ast-site-content-layout":["default"],"site-content-style":["default"],"site-sidebar-style":["default"],"_yoast_wpseo_metadesc":["Panneaux acoustiques PET haute performance fabriqu\u00e9s \u00e0 partir de plastique recycl\u00e9. Un contr\u00f4le acoustique \u00e9l\u00e9gant, l\u00e9ger et durable pour les int\u00e9rieurs modernes."],"_yoast_wpseo_focuskw":["panneaux acoustiques en PET recycl\u00e9"],"_thumbnail_id":["15483"],"_wpml_word_count":["297"],"two_optimized_date":["1776521085"],"woolentor_views_count_product":["13"],"_uag_css_file_name":["uag-css-25511.css"],"_uag_js_file_name":["uag-js-25511.js"],"tp_widgets":["a:2:{s:7:\"widgets\";a:6:{i:0;s:18:\"plus-list-skeleton\";i:1;s:22:\"plus-listing-load-more\";i:2;s:18:\"plus-listing-metro\";i:3;s:18:\"tp-product-listout\";i:4;s:17:\"tp-single-style_1\";i:5;s:19:\"tp-woo-single-image\";}s:9:\"update_at\";s:10:\"1776541402\";}"],"_elementor_edit_mode":["builder"],"_selectproduct_layout":["16398"],"_wc_rating_count":[""],"_wc_review_count":[""],"_wc_average_rating":[0]},"uagb_featured_image_src":{"full":["https:\/\/xstone.group\/wp-content\/uploads\/2025\/11\/Acoustic-PET-scaled.webp",2560,2560,false],"thumbnail":["https:\/\/xstone.group\/wp-content\/uploads\/2025\/11\/Acoustic-PET-150x150.webp",150,150,true],"medium":["https:\/\/xstone.group\/wp-content\/uploads\/2025\/11\/Acoustic-PET-300x300.webp",300,300,true],"medium_large":["https:\/\/xstone.group\/wp-content\/uploads\/2025\/11\/Acoustic-PET-768x768.webp",768,768,true],"large":["https:\/\/xstone.group\/wp-content\/uploads\/2025\/11\/Acoustic-PET-1024x1024.webp",1024,1024,true],"1536x1536":["https:\/\/xstone.group\/wp-content\/uploads\/2025\/11\/Acoustic-PET-1536x1536.webp",1536,1536,true],"2048x2048":["https:\/\/xstone.group\/wp-content\/uploads\/2025\/11\/Acoustic-PET-2048x2048.webp",2048,2048,true],"tp-image-grid":["https:\/\/xstone.group\/wp-content\/uploads\/2025\/11\/Acoustic-PET-scaled.webp",700,700,false],"tenweb_optimizer_mobile":["https:\/\/xstone.group\/wp-content\/uploads\/2025\/11\/Acoustic-PET-600x600.webp",600,600,true],"tenweb_optimizer_tablet":["https:\/\/xstone.group\/wp-content\/uploads\/2025\/11\/Acoustic-PET-768x768.webp",768,768,true],"woocommerce_thumbnail":["https:\/\/xstone.group\/wp-content\/uploads\/2025\/11\/Acoustic-PET-300x300.webp",300,300,true],"woocommerce_single":["https:\/\/xstone.group\/wp-content\/uploads\/2025\/11\/Acoustic-PET-600x600.webp",600,600,true],"woocommerce_gallery_thumbnail":["https:\/\/xstone.group\/wp-content\/uploads\/2025\/11\/Acoustic-PET-100x100.webp",100,100,true]},"uagb_author_info":{"display_name":"laurent.gomez@xstone.group","author_link":"https:\/\/xstone.group\/fr\/author\/"},"uagb_comment_info":0,"uagb_excerpt":"Les panneaux acoustiques en PET racontent une histoire simple mais puissante : l&rsquo;histoire d&rsquo;une transformation.Ce qui \u00e9tait autrefois du plastique mis au rebut devient un mat\u00e9riau utile, beau et performant, capable de rendre les espaces plus calmes, plus humains et plus agr\u00e9ables \u00e0 vivre et \u00e0 travailler. Le processus commence par la collecte de bouteilles\u2026","_links":{"self":[{"href":"https:\/\/xstone.group\/fr\/wp-json\/wp\/v2\/product\/25511","targetHints":{"allow":["GET"]}}],"collection":[{"href":"https:\/\/xstone.group\/fr\/wp-json\/wp\/v2\/product"}],"about":[{"href":"https:\/\/xstone.group\/fr\/wp-json\/wp\/v2\/types\/product"}],"replies":[{"embeddable":true,"href":"https:\/\/xstone.group\/fr\/wp-json\/wp\/v2\/comments?post=25511"}],"wp:featuredmedia":[{"embeddable":true,"href":"https:\/\/xstone.group\/fr\/wp-json\/wp\/v2\/media\/15483"}],"wp:attachment":[{"href":"https:\/\/xstone.group\/fr\/wp-json\/wp\/v2\/media?parent=25511"}],"wp:term":[{"taxonomy":"product_brand","embeddable":true,"href":"https:\/\/xstone.group\/fr\/wp-json\/wp\/v2\/product_brand?post=25511"},{"taxonomy":"product_cat","embeddable":true,"href":"https:\/\/xstone.group\/fr\/wp-json\/wp\/v2\/product_cat?post=25511"},{"taxonomy":"product_tag","embeddable":true,"href":"https:\/\/xstone.group\/fr\/wp-json\/wp\/v2\/product_tag?post=25511"}],"curies":[{"name":"wp","href":"https:\/\/api.w.org\/{rel}","templated":true}]}}