{"id":26007,"date":"2025-12-03T13:29:08","date_gmt":"2025-12-03T13:29:08","guid":{"rendered":"https:\/\/xstone.group\/product\/ecu-floor-ecuran-trc-travertine-classic-01087-beige-de-paris\/"},"modified":"2025-12-03T13:29:08","modified_gmt":"2025-12-03T13:29:08","slug":"ecutrc01087-floor-ecuran-travertine-classic-beige-de-paris","status":"publish","type":"product","link":"https:\/\/xstone.group\/fr\/product\/ecutrc01087-floor-ecuran-travertine-classic-beige-de-paris\/","title":{"rendered":"[ECU] Floor Ecuran [TRC] Travertine Classic [01087] Beige de Paris"},"content":{"rendered":"<p class=\"font-claude-response-body break-words whitespace-normal leading-[1.7]\">L\u00e0 o\u00f9 la chaleur de la pierre ancienne rencontre l&rsquo;innovation des mat\u00e9riaux de demain &#8211; c&rsquo;est le travertin XSTONE Ecuran Classic en Beige de Paris.<\/p>\n<p class=\"font-claude-response-body break-words whitespace-normal leading-[1.7]\">Au c\u0153ur de ce syst\u00e8me se trouve Ecuran, un composite biosourc\u00e9 con\u00e7u \u00e0 partir d&rsquo;huiles d\u00e9riv\u00e9es de plantes et de min\u00e9raux naturels, enti\u00e8rement d\u00e9pourvu de PVC, de plastifiants et de solvants. Coll\u00e9 \u00e0 une surface de placage min\u00e9ral XSTONE authentique &#8211; 90% de poudre de pierre naturelle &#8211; ce syst\u00e8me de rev\u00eatement de sol r\u00e9silient offre la profondeur et le caract\u00e8re authentiques du travertin sans le poids, la fragilit\u00e9 ou l&rsquo;impact sur l&rsquo;environnement de la pierre extraite. <\/p>\n<p class=\"font-claude-response-body break-words whitespace-normal leading-[1.7]\">La texture Travertine Classic donne vie \u00e0 toutes les nuances du travertin naturel : des pores subtils, des micro-cavit\u00e9s et un relief fin et irr\u00e9gulier qui capte la lumi\u00e8re de mani\u00e8re discr\u00e8te et changeante. En dessous, on trouve le coloris Beige de Paris &#8211; un beige min\u00e9ral doux et cr\u00e9meux avec des nuances chaudes et terreuses, \u00e9voquant les fa\u00e7ades en pierre calcaire \u00e9clair\u00e9es par le soleil de l&rsquo;architecture haussmannienne. Le r\u00e9sultat est une surface qui semble intemporelle, ancr\u00e9e et raffin\u00e9e sans effort.  <\/p>\n<p class=\"font-claude-response-body break-words whitespace-normal leading-[1.7]\">Cette solution de rev\u00eatement de sol en pierre biosourc\u00e9e est con\u00e7ue pour les environnements \u00e0 hautes performances &#8211; h\u00f4tellerie, commerces de luxe, r\u00e9sidences haut de gamme &#8211; o\u00f9 l&rsquo;int\u00e9grit\u00e9 du design doit coexister avec la durabilit\u00e9, le confort acoustique et les r\u00e9f\u00e9rences en mati\u00e8re de d\u00e9veloppement durable. Certifi\u00e9 Bfl-s1 pour la s\u00e9curit\u00e9 incendie et soutenu par les certifications Ange Bleu, Cradle to Cradle et GREENGUARD, c&rsquo;est le choix id\u00e9al pour les projets BREEAM et LEED qui refusent de faire des compromis sur l&rsquo;esth\u00e9tique. <\/p>\n","protected":false},"excerpt":{"rendered":"<p>L\u00e0 o\u00f9 la chaleur de la pierre ancienne rencontre l&rsquo;innovation des mat\u00e9riaux de demain &#8211; c&rsquo;est le travertin XSTONE Ecuran Classic en Beige de Paris. Au c\u0153ur de ce syst\u00e8me se trouve Ecuran, un composite biosourc\u00e9 con\u00e7u \u00e0 partir d&rsquo;huiles d\u00e9riv\u00e9es de plantes et de min\u00e9raux naturels, enti\u00e8rement d\u00e9pourvu de PVC, de plastifiants et de [&hellip;]<\/p>\n","protected":false},"featured_media":18268,"comment_status":"open","ping_status":"closed","template":"","meta":{"_acf_changed":false,"_uag_custom_page_level_css":"","site-sidebar-layout":"default","site-content-layout":"","ast-site-content-layout":"default","site-content-style":"default","site-sidebar-style":"default","ast-global-header-display":"","ast-banner-title-visibility":"","ast-main-header-display":"","ast-hfb-above-header-display":"","ast-hfb-below-header-display":"","ast-hfb-mobile-header-display":"","site-post-title":"","ast-breadcrumbs-content":"","ast-featured-img":"","footer-sml-layout":"","theme-transparent-header-meta":"default","adv-header-id-meta":"","stick-header-meta":"default","header-above-stick-meta":"","header-main-stick-meta":"","header-below-stick-meta":"","astra-migrate-meta-layouts":"default","ast-page-background-enabled":"default","ast-page-background-meta":{"desktop":{"background-color":"var(--ast-global-color-4)","background-image":"","background-repeat":"repeat","background-position":"center center","background-size":"auto","background-attachment":"scroll","background-type":"","background-media":"","overlay-type":"","overlay-color":"","overlay-opacity":"","overlay-gradient":""},"tablet":{"background-color":"","background-image":"","background-repeat":"repeat","background-position":"center center","background-size":"auto","background-attachment":"scroll","background-type":"","background-media":"","overlay-type":"","overlay-color":"","overlay-opacity":"","overlay-gradient":""},"mobile":{"background-color":"","background-image":"","background-repeat":"repeat","background-position":"center center","background-size":"auto","background-attachment":"scroll","background-type":"","background-media":"","overlay-type":"","overlay-color":"","overlay-opacity":"","overlay-gradient":""}},"ast-content-background-meta":{"desktop":{"background-color":"var(--ast-global-color-5)","background-image":"","background-repeat":"repeat","background-position":"center center","background-size":"auto","background-attachment":"scroll","background-type":"","background-media":"","overlay-type":"","overlay-color":"","overlay-opacity":"","overlay-gradient":""},"tablet":{"background-color":"var(--ast-global-color-5)","background-image":"","background-repeat":"repeat","background-position":"center center","background-size":"auto","background-attachment":"scroll","background-type":"","background-media":"","overlay-type":"","overlay-color":"","overlay-opacity":"","overlay-gradient":""},"mobile":{"background-color":"var(--ast-global-color-5)","background-image":"","background-repeat":"repeat","background-position":"center center","background-size":"auto","background-attachment":"scroll","background-type":"","background-media":"","overlay-type":"","overlay-color":"","overlay-opacity":"","overlay-gradient":""}}},"product_brand":[],"product_cat":[1561,1548,1555,1546,1552],"product_tag":[9564,9573,2620,9570,3888,9574,9562,9572,9568,9566,3823,2123],"class_list":{"0":"post-26007","1":"product","2":"type-product","3":"status-publish","4":"has-post-thumbnail","6":"product_cat-office","7":"product_cat-retail-design","8":"product_cat-bathroom","9":"product_cat-signature","10":"product_cat-floor","11":"product_tag-travertine-floor-tile","12":"product_tag-beige-travertine-tile","13":"product_tag-comp-color-17740","14":"product_tag-mineral-stone-veneer","15":"product_tag-leed-certified-flooring","16":"product_tag-eco-friendly-luxury-flooring","17":"product_tag-bio-based-stone-flooring","18":"product_tag-sustainable-interior-flooring","19":"product_tag-pvc-free-flooring","20":"product_tag-luxury-resilient-flooring","21":"product_tag-comp-backing-15492","22":"product_tag-comp-texture-15445","23":"desktop-align-left","24":"tablet-align-left","25":"mobile-align-left","27":"first","28":"instock","29":"shipping-taxable","30":"product-type-simple"},"acf":[],"yoast_head":"<!-- This site is optimized with the Yoast SEO Premium plugin v27.4 (Yoast SEO v27.4) - https:\/\/yoast.com\/product\/yoast-seo-premium-wordpress\/ -->\n<title>Floor Ecuran | Travertine Classic | Beige de Paris<\/title>\n<meta name=\"description\" content=\"Rev\u00eatement de sol biosourc\u00e9 Ecuran avec texture Travertine Classic en Beige de Paris. Surface min\u00e9rale certifi\u00e9e sans PVC pour l&#039;h\u00f4tellerie de luxe et le commerce de d\u00e9tail.\" \/>\n<meta name=\"robots\" content=\"index, follow, max-snippet:-1, max-image-preview:large, max-video-preview:-1\" \/>\n<link rel=\"canonical\" href=\"https:\/\/xstone.group\/fr\/product\/ecutrc01087-floor-ecuran-travertine-classic-beige-de-paris\/\" \/>\n<meta property=\"og:locale\" content=\"fr_FR\" \/>\n<meta property=\"og:type\" content=\"article\" \/>\n<meta property=\"og:title\" content=\"[ECU] Floor Ecuran [TRC] Travertine Classic [01087] Beige de Paris\" \/>\n<meta property=\"og:description\" content=\"Rev\u00eatement de sol biosourc\u00e9 Ecuran avec texture Travertine Classic en Beige de Paris. Surface min\u00e9rale certifi\u00e9e sans PVC pour l&#039;h\u00f4tellerie de luxe et le commerce de d\u00e9tail.\" \/>\n<meta property=\"og:url\" content=\"https:\/\/xstone.group\/fr\/product\/ecutrc01087-floor-ecuran-travertine-classic-beige-de-paris\/\" \/>\n<meta property=\"og:site_name\" content=\"XSTONE\" \/>\n<meta property=\"article:publisher\" content=\"https:\/\/www.facebook.com\/Xstonesurfaces1\/\" \/>\n<meta property=\"og:image\" content=\"https:\/\/xstone.group\/wp-content\/uploads\/2025\/12\/XSTONE_Mineral-Veneer_1419.webp\" \/>\n\t<meta property=\"og:image:width\" content=\"1920\" \/>\n\t<meta property=\"og:image:height\" content=\"1080\" \/>\n\t<meta property=\"og:image:type\" content=\"image\/webp\" \/>\n<meta name=\"twitter:card\" content=\"summary_large_image\" \/>\n<meta name=\"twitter:label1\" content=\"Dur\u00e9e de lecture estim\u00e9e\" \/>\n\t<meta name=\"twitter:data1\" content=\"2 minutes\" \/>\n<script type=\"application\/ld+json\" class=\"yoast-schema-graph\">{\"@context\":\"https:\\\/\\\/schema.org\",\"@graph\":[{\"@type\":\"WebPage\",\"@id\":\"https:\\\/\\\/xstone.group\\\/fr\\\/product\\\/ecutrc01087-floor-ecuran-travertine-classic-beige-de-paris\\\/\",\"url\":\"https:\\\/\\\/xstone.group\\\/fr\\\/product\\\/ecutrc01087-floor-ecuran-travertine-classic-beige-de-paris\\\/\",\"name\":\"Floor Ecuran | Travertine Classic | Beige de Paris\",\"isPartOf\":{\"@id\":\"https:\\\/\\\/xstone.group\\\/fr\\\/#website\"},\"primaryImageOfPage\":{\"@id\":\"https:\\\/\\\/xstone.group\\\/fr\\\/product\\\/ecutrc01087-floor-ecuran-travertine-classic-beige-de-paris\\\/#primaryimage\"},\"image\":{\"@id\":\"https:\\\/\\\/xstone.group\\\/fr\\\/product\\\/ecutrc01087-floor-ecuran-travertine-classic-beige-de-paris\\\/#primaryimage\"},\"thumbnailUrl\":\"https:\\\/\\\/xstone.group\\\/wp-content\\\/uploads\\\/2025\\\/12\\\/XSTONE_Mineral-Veneer_1419.webp\",\"datePublished\":\"2025-12-03T13:29:08+00:00\",\"description\":\"Rev\u00eatement de sol biosourc\u00e9 Ecuran avec texture Travertine Classic en Beige de Paris. Surface min\u00e9rale certifi\u00e9e sans PVC pour l'h\u00f4tellerie de luxe et le commerce de d\u00e9tail.\",\"breadcrumb\":{\"@id\":\"https:\\\/\\\/xstone.group\\\/fr\\\/product\\\/ecutrc01087-floor-ecuran-travertine-classic-beige-de-paris\\\/#breadcrumb\"},\"inLanguage\":\"fr-FR\",\"potentialAction\":[{\"@type\":\"ReadAction\",\"target\":[\"https:\\\/\\\/xstone.group\\\/fr\\\/product\\\/ecutrc01087-floor-ecuran-travertine-classic-beige-de-paris\\\/\"]}]},{\"@type\":\"ImageObject\",\"inLanguage\":\"fr-FR\",\"@id\":\"https:\\\/\\\/xstone.group\\\/fr\\\/product\\\/ecutrc01087-floor-ecuran-travertine-classic-beige-de-paris\\\/#primaryimage\",\"url\":\"https:\\\/\\\/xstone.group\\\/wp-content\\\/uploads\\\/2025\\\/12\\\/XSTONE_Mineral-Veneer_1419.webp\",\"contentUrl\":\"https:\\\/\\\/xstone.group\\\/wp-content\\\/uploads\\\/2025\\\/12\\\/XSTONE_Mineral-Veneer_1419.webp\",\"width\":1920,\"height\":1080,\"caption\":\"rev\u00eatement de sol en pierre biosourc\u00e9e\"},{\"@type\":\"BreadcrumbList\",\"@id\":\"https:\\\/\\\/xstone.group\\\/fr\\\/product\\\/ecutrc01087-floor-ecuran-travertine-classic-beige-de-paris\\\/#breadcrumb\",\"itemListElement\":[{\"@type\":\"ListItem\",\"position\":1,\"name\":\"Home\",\"item\":\"https:\\\/\\\/xstone.group\\\/fr\\\/\"},{\"@type\":\"ListItem\",\"position\":2,\"name\":\"Produits\",\"item\":\"https:\\\/\\\/xstone.group\\\/fr\\\/shop\\\/\"},{\"@type\":\"ListItem\",\"position\":3,\"name\":\"[ECU] Floor Ecuran [TRC] Travertine Classic [01087] Beige de Paris\"}]},{\"@type\":\"WebSite\",\"@id\":\"https:\\\/\\\/xstone.group\\\/fr\\\/#website\",\"url\":\"https:\\\/\\\/xstone.group\\\/fr\\\/\",\"name\":\"XSTONE\",\"description\":\"Une beaut\u00e9 min\u00e9rale authentique et illimit\u00e9e, lib\u00e9r\u00e9e de la pesanteur\",\"publisher\":{\"@id\":\"https:\\\/\\\/xstone.group\\\/fr\\\/#organization\"},\"potentialAction\":[{\"@type\":\"SearchAction\",\"target\":{\"@type\":\"EntryPoint\",\"urlTemplate\":\"https:\\\/\\\/xstone.group\\\/fr\\\/?s={search_term_string}\"},\"query-input\":{\"@type\":\"PropertyValueSpecification\",\"valueRequired\":true,\"valueName\":\"search_term_string\"}}],\"inLanguage\":\"fr-FR\"},{\"@type\":\"Organization\",\"@id\":\"https:\\\/\\\/xstone.group\\\/fr\\\/#organization\",\"name\":\"XSTONE\",\"url\":\"https:\\\/\\\/xstone.group\\\/fr\\\/\",\"logo\":{\"@type\":\"ImageObject\",\"inLanguage\":\"fr-FR\",\"@id\":\"https:\\\/\\\/xstone.group\\\/fr\\\/#\\\/schema\\\/logo\\\/image\\\/\",\"url\":\"https:\\\/\\\/xstone.group\\\/wp-content\\\/uploads\\\/2025\\\/10\\\/cropped-XStone-Surfaces-Logo-white.webp\",\"contentUrl\":\"https:\\\/\\\/xstone.group\\\/wp-content\\\/uploads\\\/2025\\\/10\\\/cropped-XStone-Surfaces-Logo-white.webp\",\"width\":226,\"height\":75,\"caption\":\"XSTONE\"},\"image\":{\"@id\":\"https:\\\/\\\/xstone.group\\\/fr\\\/#\\\/schema\\\/logo\\\/image\\\/\"},\"sameAs\":[\"https:\\\/\\\/www.facebook.com\\\/Xstonesurfaces1\\\/\",\"https:\\\/\\\/www.linkedin.com\\\/company\\\/concrete-on-roll-xstone\\\/\",\"https:\\\/\\\/www.youtube.com\\\/@xstoneteam3953\\\/videos\",\"https:\\\/\\\/www.instagram.com\\\/xstone.surfacesuk\\\/\"],\"description\":\"XSTONE\u00ae fournit des surfaces min\u00e9rales innovantes, flexibles et durables pour architecture, ameublement et design. Explorez nos solutions premium.\",\"email\":\"info@xstone.group\",\"legalName\":\"XSTONE SRL\",\"foundingDate\":\"2007-01-01\",\"vatID\":\"RO53094294\",\"numberOfEmployees\":{\"@type\":\"QuantitativeValue\",\"minValue\":\"1\",\"maxValue\":\"10\"}}]}<\/script>\n<!-- \/ Yoast SEO Premium plugin. -->","yoast_head_json":{"title":"Floor Ecuran | Travertine Classic | Beige de Paris","description":"Rev\u00eatement de sol biosourc\u00e9 Ecuran avec texture Travertine Classic en Beige de Paris. Surface min\u00e9rale certifi\u00e9e sans PVC pour l'h\u00f4tellerie de luxe et le commerce de d\u00e9tail.","robots":{"index":"index","follow":"follow","max-snippet":"max-snippet:-1","max-image-preview":"max-image-preview:large","max-video-preview":"max-video-preview:-1"},"canonical":"https:\/\/xstone.group\/fr\/product\/ecutrc01087-floor-ecuran-travertine-classic-beige-de-paris\/","og_locale":"fr_FR","og_type":"article","og_title":"[ECU] Floor Ecuran [TRC] Travertine Classic [01087] Beige de Paris","og_description":"Rev\u00eatement de sol biosourc\u00e9 Ecuran avec texture Travertine Classic en Beige de Paris. Surface min\u00e9rale certifi\u00e9e sans PVC pour l'h\u00f4tellerie de luxe et le commerce de d\u00e9tail.","og_url":"https:\/\/xstone.group\/fr\/product\/ecutrc01087-floor-ecuran-travertine-classic-beige-de-paris\/","og_site_name":"XSTONE","article_publisher":"https:\/\/www.facebook.com\/Xstonesurfaces1\/","og_image":[{"width":1920,"height":1080,"url":"https:\/\/xstone.group\/wp-content\/uploads\/2025\/12\/XSTONE_Mineral-Veneer_1419.webp","type":"image\/webp"}],"twitter_card":"summary_large_image","twitter_misc":{"Dur\u00e9e de lecture estim\u00e9e":"2 minutes"},"schema":{"@context":"https:\/\/schema.org","@graph":[{"@type":"WebPage","@id":"https:\/\/xstone.group\/fr\/product\/ecutrc01087-floor-ecuran-travertine-classic-beige-de-paris\/","url":"https:\/\/xstone.group\/fr\/product\/ecutrc01087-floor-ecuran-travertine-classic-beige-de-paris\/","name":"Floor Ecuran | Travertine Classic | Beige de Paris","isPartOf":{"@id":"https:\/\/xstone.group\/fr\/#website"},"primaryImageOfPage":{"@id":"https:\/\/xstone.group\/fr\/product\/ecutrc01087-floor-ecuran-travertine-classic-beige-de-paris\/#primaryimage"},"image":{"@id":"https:\/\/xstone.group\/fr\/product\/ecutrc01087-floor-ecuran-travertine-classic-beige-de-paris\/#primaryimage"},"thumbnailUrl":"https:\/\/xstone.group\/wp-content\/uploads\/2025\/12\/XSTONE_Mineral-Veneer_1419.webp","datePublished":"2025-12-03T13:29:08+00:00","description":"Rev\u00eatement de sol biosourc\u00e9 Ecuran avec texture Travertine Classic en Beige de Paris. Surface min\u00e9rale certifi\u00e9e sans PVC pour l'h\u00f4tellerie de luxe et le commerce de d\u00e9tail.","breadcrumb":{"@id":"https:\/\/xstone.group\/fr\/product\/ecutrc01087-floor-ecuran-travertine-classic-beige-de-paris\/#breadcrumb"},"inLanguage":"fr-FR","potentialAction":[{"@type":"ReadAction","target":["https:\/\/xstone.group\/fr\/product\/ecutrc01087-floor-ecuran-travertine-classic-beige-de-paris\/"]}]},{"@type":"ImageObject","inLanguage":"fr-FR","@id":"https:\/\/xstone.group\/fr\/product\/ecutrc01087-floor-ecuran-travertine-classic-beige-de-paris\/#primaryimage","url":"https:\/\/xstone.group\/wp-content\/uploads\/2025\/12\/XSTONE_Mineral-Veneer_1419.webp","contentUrl":"https:\/\/xstone.group\/wp-content\/uploads\/2025\/12\/XSTONE_Mineral-Veneer_1419.webp","width":1920,"height":1080,"caption":"rev\u00eatement de sol en pierre biosourc\u00e9e"},{"@type":"BreadcrumbList","@id":"https:\/\/xstone.group\/fr\/product\/ecutrc01087-floor-ecuran-travertine-classic-beige-de-paris\/#breadcrumb","itemListElement":[{"@type":"ListItem","position":1,"name":"Home","item":"https:\/\/xstone.group\/fr\/"},{"@type":"ListItem","position":2,"name":"Produits","item":"https:\/\/xstone.group\/fr\/shop\/"},{"@type":"ListItem","position":3,"name":"[ECU] Floor Ecuran [TRC] Travertine Classic [01087] Beige de Paris"}]},{"@type":"WebSite","@id":"https:\/\/xstone.group\/fr\/#website","url":"https:\/\/xstone.group\/fr\/","name":"XSTONE","description":"Une beaut\u00e9 min\u00e9rale authentique et illimit\u00e9e, lib\u00e9r\u00e9e de la pesanteur","publisher":{"@id":"https:\/\/xstone.group\/fr\/#organization"},"potentialAction":[{"@type":"SearchAction","target":{"@type":"EntryPoint","urlTemplate":"https:\/\/xstone.group\/fr\/?s={search_term_string}"},"query-input":{"@type":"PropertyValueSpecification","valueRequired":true,"valueName":"search_term_string"}}],"inLanguage":"fr-FR"},{"@type":"Organization","@id":"https:\/\/xstone.group\/fr\/#organization","name":"XSTONE","url":"https:\/\/xstone.group\/fr\/","logo":{"@type":"ImageObject","inLanguage":"fr-FR","@id":"https:\/\/xstone.group\/fr\/#\/schema\/logo\/image\/","url":"https:\/\/xstone.group\/wp-content\/uploads\/2025\/10\/cropped-XStone-Surfaces-Logo-white.webp","contentUrl":"https:\/\/xstone.group\/wp-content\/uploads\/2025\/10\/cropped-XStone-Surfaces-Logo-white.webp","width":226,"height":75,"caption":"XSTONE"},"image":{"@id":"https:\/\/xstone.group\/fr\/#\/schema\/logo\/image\/"},"sameAs":["https:\/\/www.facebook.com\/Xstonesurfaces1\/","https:\/\/www.linkedin.com\/company\/concrete-on-roll-xstone\/","https:\/\/www.youtube.com\/@xstoneteam3953\/videos","https:\/\/www.instagram.com\/xstone.surfacesuk\/"],"description":"XSTONE\u00ae fournit des surfaces min\u00e9rales innovantes, flexibles et durables pour architecture, ameublement et design. Explorez nos solutions premium.","email":"info@xstone.group","legalName":"XSTONE SRL","foundingDate":"2007-01-01","vatID":"RO53094294","numberOfEmployees":{"@type":"QuantitativeValue","minValue":"1","maxValue":"10"}}]}},"spectra_custom_meta":{"_last_translation_edit_mode":["translation-editor"],"_product_attributes":["a:8:{s:7:\"backing\";a:6:{s:4:\"name\";s:7:\"Backing\";s:5:\"value\";s:6:\"Ecuran\";s:8:\"position\";i:0;s:10:\"is_visible\";i:1;s:12:\"is_variation\";i:0;s:11:\"is_taxonomy\";i:0;}s:7:\"texture\";a:6:{s:4:\"name\";s:7:\"Texture\";s:5:\"value\";s:18:\"Travertine Classic\";s:8:\"position\";i:1;s:10:\"is_visible\";i:1;s:12:\"is_variation\";i:0;s:11:\"is_taxonomy\";i:0;}s:5:\"color\";a:6:{s:4:\"name\";s:5:\"Color\";s:5:\"value\";s:14:\"Beige de Paris\";s:8:\"position\";i:2;s:10:\"is_visible\";i:1;s:12:\"is_variation\";i:0;s:11:\"is_taxonomy\";i:0;}s:4:\"size\";a:6:{s:4:\"name\";s:4:\"Size\";s:5:\"value\";s:74:\"1200 x 800 mm ; 3000 x 1000 mm ; autres dimensions disponibles sur demande\";s:8:\"position\";i:3;s:10:\"is_visible\";i:1;s:12:\"is_variation\";i:0;s:11:\"is_taxonomy\";i:0;}s:9:\"thickness\";a:6:{s:4:\"name\";s:9:\"Thickness\";s:5:\"value\";s:12:\"2,5 mm, 5 mm\";s:8:\"position\";i:4;s:10:\"is_visible\";i:1;s:12:\"is_variation\";i:0;s:11:\"is_taxonomy\";i:0;}s:6:\"finish\";a:6:{s:4:\"name\";s:6:\"Finish\";s:5:\"value\";s:3:\"Mat\";s:8:\"position\";i:5;s:10:\"is_visible\";i:1;s:12:\"is_variation\";i:0;s:11:\"is_taxonomy\";i:0;}s:11:\"composition\";a:6:{s:4:\"name\";s:11:\"Composition\";s:5:\"value\";s:247:\"Couche sup\u00e9rieure en PU trafic intense + Couleur acrylique ou impression UV + Placage min\u00e9ral d\u00e9coratif 1 mm (90% de poudre de pierre) + Couche de base : mat\u00e9riau composite haute performance ecuran 4 mm + Support : Syst\u00e8me FleeceTEC int\u00e9gr\u00e9\";s:8:\"position\";i:6;s:10:\"is_visible\";i:1;s:12:\"is_variation\";i:0;s:11:\"is_taxonomy\";i:0;}s:11:\"fire-rating\";a:6:{s:4:\"name\";s:11:\"Fire Rating\";s:5:\"value\";s:6:\"Bfl-s1\";s:8:\"position\";i:7;s:10:\"is_visible\";i:1;s:12:\"is_variation\";i:0;s:11:\"is_taxonomy\";i:0;}}"],"attr_label_translations":["a:1:{s:2:\"fr\";a:8:{s:7:\"backing\";s:7:\"Soutien\";s:7:\"texture\";s:7:\"Texture\";s:5:\"color\";s:7:\"Couleur\";s:4:\"size\";s:6:\"Taille\";s:9:\"thickness\";s:10:\"\u00c9paisseur\";s:6:\"finish\";s:8:\"Finition\";s:11:\"composition\";s:11:\"Composition\";s:11:\"fire-rating\";s:17:\"Classement au feu\";}}"],"_wcml_average_rating":[null],"_wcml_review_count":[null],"_wcml_rating_count":[null],"_yoast_wpseo_primary_product_cat":["332"],"_backorders":["no"],"_download_limit":["-1"],"_download_expiry":["-1"],"_downloadable":["no"],"_manage_stock":["no"],"_sku":["ECUTRC0187"],"_stock_status":["instock"],"_sold_individually":["no"],"_tax_class":[""],"_tax_status":["taxable"],"_virtual":["no"],"total_sales":["0"],"_wpml_media_duplicate":["1"],"_wpml_media_featured":["1"],"stick-header-meta":["default"],"site-sidebar-layout":["default"],"theme-transparent-header-meta":["default"],"ast-site-content-layout":["default"],"site-content-style":["default"],"site-sidebar-style":["default"],"_yoast_wpseo_title":["Floor Ecuran | Travertine Classic | Beige de Paris"],"_yoast_wpseo_metadesc":["Rev\u00eatement de sol biosourc\u00e9 Ecuran avec texture Travertine Classic en Beige de Paris. Surface min\u00e9rale certifi\u00e9e sans PVC pour l'h\u00f4tellerie de luxe et le commerce de d\u00e9tail."],"_yoast_wpseo_focuskw":["rev\u00eatement de sol en pierre biosourc\u00e9e"],"_upsell_ids":["a:3:{i:0;i:21492;i:1;i:25199;i:2;i:25099;}"],"_thumbnail_id":["18268"],"_wpml_word_count":["300"],"two_optimized_date":["1776547506"],"woolentor_views_count_product":["10"],"_uag_css_file_name":["uag-css-26007.css"],"_uag_js_file_name":["uag-js-26007.js"],"tp_widgets":["a:2:{s:7:\"widgets\";a:6:{i:0;s:18:\"plus-list-skeleton\";i:1;s:22:\"plus-listing-load-more\";i:2;s:18:\"plus-listing-metro\";i:3;s:18:\"tp-product-listout\";i:4;s:17:\"tp-single-style_1\";i:5;s:19:\"tp-woo-single-image\";}s:9:\"update_at\";s:10:\"1776541402\";}"],"_elementor_edit_mode":["builder"],"_selectproduct_layout":["18245"],"_wc_rating_count":[""],"_wc_review_count":[""],"_wc_average_rating":[0]},"uagb_featured_image_src":{"full":["https:\/\/xstone.group\/wp-content\/uploads\/2025\/12\/XSTONE_Mineral-Veneer_1419.webp",1920,1080,false],"thumbnail":["https:\/\/xstone.group\/wp-content\/uploads\/2025\/12\/XSTONE_Mineral-Veneer_1419-150x150.webp",150,150,true],"medium":["https:\/\/xstone.group\/wp-content\/uploads\/2025\/12\/XSTONE_Mineral-Veneer_1419-300x169.webp",300,169,true],"medium_large":["https:\/\/xstone.group\/wp-content\/uploads\/2025\/12\/XSTONE_Mineral-Veneer_1419-768x432.webp",768,432,true],"large":["https:\/\/xstone.group\/wp-content\/uploads\/2025\/12\/XSTONE_Mineral-Veneer_1419-1024x576.webp",1024,576,true],"1536x1536":["https:\/\/xstone.group\/wp-content\/uploads\/2025\/12\/XSTONE_Mineral-Veneer_1419-1536x864.webp",1536,864,true],"2048x2048":["https:\/\/xstone.group\/wp-content\/uploads\/2025\/12\/XSTONE_Mineral-Veneer_1419.webp",1920,1080,false],"tp-image-grid":["https:\/\/xstone.group\/wp-content\/uploads\/2025\/12\/XSTONE_Mineral-Veneer_1419-700x700.webp",700,700,true],"tenweb_optimizer_mobile":["https:\/\/xstone.group\/wp-content\/uploads\/2025\/12\/XSTONE_Mineral-Veneer_1419-600x338.webp",600,338,true],"tenweb_optimizer_tablet":["https:\/\/xstone.group\/wp-content\/uploads\/2025\/12\/XSTONE_Mineral-Veneer_1419-768x432.webp",768,432,true],"woocommerce_thumbnail":["https:\/\/xstone.group\/wp-content\/uploads\/2025\/12\/XSTONE_Mineral-Veneer_1419-300x300.webp",300,300,true],"woocommerce_single":["https:\/\/xstone.group\/wp-content\/uploads\/2025\/12\/XSTONE_Mineral-Veneer_1419-600x338.webp",600,338,true],"woocommerce_gallery_thumbnail":["https:\/\/xstone.group\/wp-content\/uploads\/2025\/12\/XSTONE_Mineral-Veneer_1419-100x100.webp",100,100,true]},"uagb_author_info":{"display_name":"laurent.gomez@xstone.group","author_link":"https:\/\/xstone.group\/fr\/author\/"},"uagb_comment_info":0,"uagb_excerpt":"L\u00e0 o\u00f9 la chaleur de la pierre ancienne rencontre l&rsquo;innovation des mat\u00e9riaux de demain &#8211; c&rsquo;est le travertin XSTONE Ecuran Classic en Beige de Paris. Au c\u0153ur de ce syst\u00e8me se trouve Ecuran, un composite biosourc\u00e9 con\u00e7u \u00e0 partir d&rsquo;huiles d\u00e9riv\u00e9es de plantes et de min\u00e9raux naturels, enti\u00e8rement d\u00e9pourvu de PVC, de plastifiants et de\u2026","_links":{"self":[{"href":"https:\/\/xstone.group\/fr\/wp-json\/wp\/v2\/product\/26007","targetHints":{"allow":["GET"]}}],"collection":[{"href":"https:\/\/xstone.group\/fr\/wp-json\/wp\/v2\/product"}],"about":[{"href":"https:\/\/xstone.group\/fr\/wp-json\/wp\/v2\/types\/product"}],"replies":[{"embeddable":true,"href":"https:\/\/xstone.group\/fr\/wp-json\/wp\/v2\/comments?post=26007"}],"wp:featuredmedia":[{"embeddable":true,"href":"https:\/\/xstone.group\/fr\/wp-json\/wp\/v2\/media\/18268"}],"wp:attachment":[{"href":"https:\/\/xstone.group\/fr\/wp-json\/wp\/v2\/media?parent=26007"}],"wp:term":[{"taxonomy":"product_brand","embeddable":true,"href":"https:\/\/xstone.group\/fr\/wp-json\/wp\/v2\/product_brand?post=26007"},{"taxonomy":"product_cat","embeddable":true,"href":"https:\/\/xstone.group\/fr\/wp-json\/wp\/v2\/product_cat?post=26007"},{"taxonomy":"product_tag","embeddable":true,"href":"https:\/\/xstone.group\/fr\/wp-json\/wp\/v2\/product_tag?post=26007"}],"curies":[{"name":"wp","href":"https:\/\/api.w.org\/{rel}","templated":true}]}}