{"id":20349,"date":"2026-04-14T14:41:25","date_gmt":"2026-04-14T14:41:25","guid":{"rendered":"https:\/\/xstone.group\/product\/rol-impiallacciatura-minerale-laminata-smo-liscia-10005-grigio-medio\/"},"modified":"2026-04-14T14:41:25","modified_gmt":"2026-04-14T14:41:25","slug":"rolsmo10005-roll-smoth-concrete-middle-grey","status":"publish","type":"product","link":"https:\/\/xstone.group\/it\/product\/rolsmo10005-roll-smoth-concrete-middle-grey\/","title":{"rendered":"[ROL] Impiallacciatura minerale laminata [SMO] Liscia [10005] Grigio medio"},"content":{"rendered":"<p data-start=\"332\" data-end=\"542\">Eleva le tue superfici architettoniche con la nostra impiallacciatura minerale flessibile ultrasottile, che combina la versatilit\u00e0 del formato in rotolo con la raffinata semplicit\u00e0 di una texture liscia e di una contemporanea tonalit\u00e0 grigio medio.<\/p>\n<p data-start=\"544\" data-end=\"912\">Questa soluzione <strong data-start=\"549\" data-end=\"600\">flessibile di impiallacciatura minerale in rotolo grigio medio liscio<\/strong> offre l&#8217;aspetto autentico delle superfici minerali, consentendo al contempo un&#8217;applicazione senza soluzione di continuit\u00e0 su pareti, mobili e geometrie complesse. Leggero, resistente e facile da installare, apre una nuova libert\u00e0 creativa per i designer e gli architetti che cercano finiture di alto livello senza i tradizionali vincoli dei materiali. <\/p>\n<p data-start=\"914\" data-end=\"1083\">Progettata per ambienti residenziali e commerciali, questa superficie garantisce elevate prestazioni in spazi esigenti, mantenendo un&#8217;estetica sofisticata e moderna.<\/p>\n<p>&nbsp;<\/p>\n<p>&nbsp;<\/p>\n<p>&nbsp;<\/p>\n<p>&nbsp;<\/p>\n<hr class=\"border-border-200 border-t-0.5 my-3 mx-1.5\">\n","protected":false},"excerpt":{"rendered":"<p>Eleva le tue superfici architettoniche con la nostra impiallacciatura minerale flessibile ultrasottile, che combina la versatilit\u00e0 del formato in rotolo con la raffinata semplicit\u00e0 di una texture liscia e di una contemporanea tonalit\u00e0 grigio medio. Questa soluzione flessibile di impiallacciatura minerale in rotolo grigio medio liscio offre l&#8217;aspetto autentico delle superfici minerali, consentendo al contempo [&hellip;]<\/p>\n","protected":false},"featured_media":20370,"comment_status":"open","ping_status":"closed","template":"","meta":{"_acf_changed":false,"_uag_custom_page_level_css":"","site-sidebar-layout":"default","site-content-layout":"","ast-site-content-layout":"default","site-content-style":"default","site-sidebar-style":"default","ast-global-header-display":"","ast-banner-title-visibility":"","ast-main-header-display":"","ast-hfb-above-header-display":"","ast-hfb-below-header-display":"","ast-hfb-mobile-header-display":"","site-post-title":"","ast-breadcrumbs-content":"","ast-featured-img":"","footer-sml-layout":"","theme-transparent-header-meta":"default","adv-header-id-meta":"","stick-header-meta":"default","header-above-stick-meta":"","header-main-stick-meta":"","header-below-stick-meta":"","astra-migrate-meta-layouts":"default","ast-page-background-enabled":"default","ast-page-background-meta":{"desktop":{"background-color":"var(--ast-global-color-4)","background-image":"","background-repeat":"repeat","background-position":"center center","background-size":"auto","background-attachment":"scroll","background-type":"","background-media":"","overlay-type":"","overlay-color":"","overlay-opacity":"","overlay-gradient":""},"tablet":{"background-color":"","background-image":"","background-repeat":"repeat","background-position":"center center","background-size":"auto","background-attachment":"scroll","background-type":"","background-media":"","overlay-type":"","overlay-color":"","overlay-opacity":"","overlay-gradient":""},"mobile":{"background-color":"","background-image":"","background-repeat":"repeat","background-position":"center center","background-size":"auto","background-attachment":"scroll","background-type":"","background-media":"","overlay-type":"","overlay-color":"","overlay-opacity":"","overlay-gradient":""}},"ast-content-background-meta":{"desktop":{"background-color":"var(--ast-global-color-5)","background-image":"","background-repeat":"repeat","background-position":"center center","background-size":"auto","background-attachment":"scroll","background-type":"","background-media":"","overlay-type":"","overlay-color":"","overlay-opacity":"","overlay-gradient":""},"tablet":{"background-color":"var(--ast-global-color-5)","background-image":"","background-repeat":"repeat","background-position":"center center","background-size":"auto","background-attachment":"scroll","background-type":"","background-media":"","overlay-type":"","overlay-color":"","overlay-opacity":"","overlay-gradient":""},"mobile":{"background-color":"var(--ast-global-color-5)","background-image":"","background-repeat":"repeat","background-position":"center center","background-size":"auto","background-attachment":"scroll","background-type":"","background-media":"","overlay-type":"","overlay-color":"","overlay-opacity":"","overlay-gradient":""}}},"product_brand":[],"product_cat":[1672,1669,1668,1674,1666,1670,1675,1671,1676],"product_tag":[1825,1815,1821,1823,1827,1831,1829,1819,1833,1677,1749],"class_list":{"0":"post-20349","1":"product","2":"type-product","3":"status-publish","4":"has-post-thumbnail","6":"product_cat-bathroom","7":"product_cat-retail-design","8":"product_cat-wall-design","9":"product_cat-facade","10":"product_cat-signature","11":"product_cat-furniture","12":"product_cat-panel","13":"product_cat-floor","14":"product_cat-office","15":"product_tag-lightweight-stone-alternative","16":"product_tag-comp-color-15393","17":"product_tag-architectural-surface-design","18":"product_tag-modern-grey-wall-finish","19":"product_tag-interior-design-materials","20":"product_tag-decorative-concrete-veneer","21":"product_tag-seamless-wall-covering","22":"product_tag-ultra-thin-wall-covering","23":"product_tag-premium-surface-solutions","24":"product_tag-comp-backing-15503","25":"product_tag-comp-texture-16911","26":"desktop-align-left","27":"tablet-align-left","28":"mobile-align-left","30":"first","31":"instock","32":"shipping-taxable","33":"product-type-simple"},"acf":[],"yoast_head":"<!-- This site is optimized with the Yoast SEO Premium plugin v27.4 (Yoast SEO v27.4) - https:\/\/yoast.com\/product\/yoast-seo-premium-wordpress\/ -->\n<title>Rotolo impiallacciato minerale | liscio | grigio medio<\/title>\n<meta name=\"description\" content=\"Rotolo di impiallacciatura minerale flessibile con texture liscia e colore grigio medio. Ultrasottile, resistente e ideale per pareti, mobili e interni di pregio.\" \/>\n<meta name=\"robots\" content=\"index, follow, max-snippet:-1, max-image-preview:large, max-video-preview:-1\" \/>\n<link rel=\"canonical\" href=\"https:\/\/xstone.group\/it\/product\/rolsmo10005-roll-smoth-concrete-middle-grey\/\" \/>\n<meta property=\"og:locale\" content=\"it_IT\" \/>\n<meta property=\"og:type\" content=\"article\" \/>\n<meta property=\"og:title\" content=\"[ROL] Impiallacciatura minerale laminata [SMO] Liscia [10005] Grigio medio\" \/>\n<meta property=\"og:description\" content=\"Rotolo di impiallacciatura minerale flessibile con texture liscia e colore grigio medio. Ultrasottile, resistente e ideale per pareti, mobili e interni di pregio.\" \/>\n<meta property=\"og:url\" content=\"https:\/\/xstone.group\/it\/product\/rolsmo10005-roll-smoth-concrete-middle-grey\/\" \/>\n<meta property=\"og:site_name\" content=\"XSTONE\" \/>\n<meta property=\"article:publisher\" content=\"https:\/\/www.facebook.com\/Xstonesurfaces1\/\" \/>\n<meta property=\"og:image\" content=\"https:\/\/xstone.group\/wp-content\/uploads\/2026\/04\/XSTONE_Mineral-Veneer_0518.webp\" \/>\n\t<meta property=\"og:image:width\" content=\"864\" \/>\n\t<meta property=\"og:image:height\" content=\"1080\" \/>\n\t<meta property=\"og:image:type\" content=\"image\/webp\" \/>\n<meta name=\"twitter:card\" content=\"summary_large_image\" \/>\n<meta name=\"twitter:label1\" content=\"Tempo di lettura stimato\" \/>\n\t<meta name=\"twitter:data1\" content=\"1 minuto\" \/>\n<script type=\"application\/ld+json\" class=\"yoast-schema-graph\">{\"@context\":\"https:\\\/\\\/schema.org\",\"@graph\":[{\"@type\":\"WebPage\",\"@id\":\"https:\\\/\\\/xstone.group\\\/it\\\/product\\\/rolsmo10005-roll-smoth-concrete-middle-grey\\\/\",\"url\":\"https:\\\/\\\/xstone.group\\\/it\\\/product\\\/rolsmo10005-roll-smoth-concrete-middle-grey\\\/\",\"name\":\"Rotolo impiallacciato minerale | liscio | grigio medio\",\"isPartOf\":{\"@id\":\"https:\\\/\\\/xstone.group\\\/it\\\/#website\"},\"primaryImageOfPage\":{\"@id\":\"https:\\\/\\\/xstone.group\\\/it\\\/product\\\/rolsmo10005-roll-smoth-concrete-middle-grey\\\/#primaryimage\"},\"image\":{\"@id\":\"https:\\\/\\\/xstone.group\\\/it\\\/product\\\/rolsmo10005-roll-smoth-concrete-middle-grey\\\/#primaryimage\"},\"thumbnailUrl\":\"https:\\\/\\\/xstone.group\\\/wp-content\\\/uploads\\\/2026\\\/04\\\/XSTONE_Mineral-Veneer_0518.webp\",\"datePublished\":\"2026-04-14T14:41:25+00:00\",\"description\":\"Rotolo di impiallacciatura minerale flessibile con texture liscia e colore grigio medio. Ultrasottile, resistente e ideale per pareti, mobili e interni di pregio.\",\"breadcrumb\":{\"@id\":\"https:\\\/\\\/xstone.group\\\/it\\\/product\\\/rolsmo10005-roll-smoth-concrete-middle-grey\\\/#breadcrumb\"},\"inLanguage\":\"it-IT\",\"potentialAction\":[{\"@type\":\"ReadAction\",\"target\":[\"https:\\\/\\\/xstone.group\\\/it\\\/product\\\/rolsmo10005-roll-smoth-concrete-middle-grey\\\/\"]}]},{\"@type\":\"ImageObject\",\"inLanguage\":\"it-IT\",\"@id\":\"https:\\\/\\\/xstone.group\\\/it\\\/product\\\/rolsmo10005-roll-smoth-concrete-middle-grey\\\/#primaryimage\",\"url\":\"https:\\\/\\\/xstone.group\\\/wp-content\\\/uploads\\\/2026\\\/04\\\/XSTONE_Mineral-Veneer_0518.webp\",\"contentUrl\":\"https:\\\/\\\/xstone.group\\\/wp-content\\\/uploads\\\/2026\\\/04\\\/XSTONE_Mineral-Veneer_0518.webp\",\"width\":864,\"height\":1080,\"caption\":\"flexible mineral veneer roll smooth middle grey\"},{\"@type\":\"BreadcrumbList\",\"@id\":\"https:\\\/\\\/xstone.group\\\/it\\\/product\\\/rolsmo10005-roll-smoth-concrete-middle-grey\\\/#breadcrumb\",\"itemListElement\":[{\"@type\":\"ListItem\",\"position\":1,\"name\":\"Home\",\"item\":\"https:\\\/\\\/xstone.group\\\/it\\\/\"},{\"@type\":\"ListItem\",\"position\":2,\"name\":\"Prodotti\",\"item\":\"https:\\\/\\\/xstone.group\\\/it\\\/shop\\\/\"},{\"@type\":\"ListItem\",\"position\":3,\"name\":\"[ROL] Impiallacciatura minerale laminata [SMO] Liscia [10005] Grigio medio\"}]},{\"@type\":\"WebSite\",\"@id\":\"https:\\\/\\\/xstone.group\\\/it\\\/#website\",\"url\":\"https:\\\/\\\/xstone.group\\\/it\\\/\",\"name\":\"XSTONE\",\"description\":\"Bellezza minerale autentica e illimitata, svincolata dalla gravit\u00e0\",\"potentialAction\":[{\"@type\":\"SearchAction\",\"target\":{\"@type\":\"EntryPoint\",\"urlTemplate\":\"https:\\\/\\\/xstone.group\\\/it\\\/?s={search_term_string}\"},\"query-input\":{\"@type\":\"PropertyValueSpecification\",\"valueRequired\":true,\"valueName\":\"search_term_string\"}}],\"inLanguage\":\"it-IT\"}]}<\/script>\n<!-- \/ Yoast SEO Premium plugin. -->","yoast_head_json":{"title":"Rotolo impiallacciato minerale | liscio | grigio medio","description":"Rotolo di impiallacciatura minerale flessibile con texture liscia e colore grigio medio. Ultrasottile, resistente e ideale per pareti, mobili e interni di pregio.","robots":{"index":"index","follow":"follow","max-snippet":"max-snippet:-1","max-image-preview":"max-image-preview:large","max-video-preview":"max-video-preview:-1"},"canonical":"https:\/\/xstone.group\/it\/product\/rolsmo10005-roll-smoth-concrete-middle-grey\/","og_locale":"it_IT","og_type":"article","og_title":"[ROL] Impiallacciatura minerale laminata [SMO] Liscia [10005] Grigio medio","og_description":"Rotolo di impiallacciatura minerale flessibile con texture liscia e colore grigio medio. Ultrasottile, resistente e ideale per pareti, mobili e interni di pregio.","og_url":"https:\/\/xstone.group\/it\/product\/rolsmo10005-roll-smoth-concrete-middle-grey\/","og_site_name":"XSTONE","article_publisher":"https:\/\/www.facebook.com\/Xstonesurfaces1\/","og_image":[{"width":864,"height":1080,"url":"https:\/\/xstone.group\/wp-content\/uploads\/2026\/04\/XSTONE_Mineral-Veneer_0518.webp","type":"image\/webp"}],"twitter_card":"summary_large_image","twitter_misc":{"Tempo di lettura stimato":"1 minuto"},"schema":{"@context":"https:\/\/schema.org","@graph":[{"@type":"WebPage","@id":"https:\/\/xstone.group\/it\/product\/rolsmo10005-roll-smoth-concrete-middle-grey\/","url":"https:\/\/xstone.group\/it\/product\/rolsmo10005-roll-smoth-concrete-middle-grey\/","name":"Rotolo impiallacciato minerale | liscio | grigio medio","isPartOf":{"@id":"https:\/\/xstone.group\/it\/#website"},"primaryImageOfPage":{"@id":"https:\/\/xstone.group\/it\/product\/rolsmo10005-roll-smoth-concrete-middle-grey\/#primaryimage"},"image":{"@id":"https:\/\/xstone.group\/it\/product\/rolsmo10005-roll-smoth-concrete-middle-grey\/#primaryimage"},"thumbnailUrl":"https:\/\/xstone.group\/wp-content\/uploads\/2026\/04\/XSTONE_Mineral-Veneer_0518.webp","datePublished":"2026-04-14T14:41:25+00:00","description":"Rotolo di impiallacciatura minerale flessibile con texture liscia e colore grigio medio. Ultrasottile, resistente e ideale per pareti, mobili e interni di pregio.","breadcrumb":{"@id":"https:\/\/xstone.group\/it\/product\/rolsmo10005-roll-smoth-concrete-middle-grey\/#breadcrumb"},"inLanguage":"it-IT","potentialAction":[{"@type":"ReadAction","target":["https:\/\/xstone.group\/it\/product\/rolsmo10005-roll-smoth-concrete-middle-grey\/"]}]},{"@type":"ImageObject","inLanguage":"it-IT","@id":"https:\/\/xstone.group\/it\/product\/rolsmo10005-roll-smoth-concrete-middle-grey\/#primaryimage","url":"https:\/\/xstone.group\/wp-content\/uploads\/2026\/04\/XSTONE_Mineral-Veneer_0518.webp","contentUrl":"https:\/\/xstone.group\/wp-content\/uploads\/2026\/04\/XSTONE_Mineral-Veneer_0518.webp","width":864,"height":1080,"caption":"flexible mineral veneer roll smooth middle grey"},{"@type":"BreadcrumbList","@id":"https:\/\/xstone.group\/it\/product\/rolsmo10005-roll-smoth-concrete-middle-grey\/#breadcrumb","itemListElement":[{"@type":"ListItem","position":1,"name":"Home","item":"https:\/\/xstone.group\/it\/"},{"@type":"ListItem","position":2,"name":"Prodotti","item":"https:\/\/xstone.group\/it\/shop\/"},{"@type":"ListItem","position":3,"name":"[ROL] Impiallacciatura minerale laminata [SMO] Liscia [10005] Grigio medio"}]},{"@type":"WebSite","@id":"https:\/\/xstone.group\/it\/#website","url":"https:\/\/xstone.group\/it\/","name":"XSTONE","description":"Bellezza minerale autentica e illimitata, svincolata dalla gravit\u00e0","potentialAction":[{"@type":"SearchAction","target":{"@type":"EntryPoint","urlTemplate":"https:\/\/xstone.group\/it\/?s={search_term_string}"},"query-input":{"@type":"PropertyValueSpecification","valueRequired":true,"valueName":"search_term_string"}}],"inLanguage":"it-IT"}]}},"spectra_custom_meta":{"_last_translation_edit_mode":["translation-editor"],"_product_attributes":["a:8:{s:7:\"backing\";a:6:{s:4:\"name\";s:7:\"Backing\";s:5:\"value\";s:14:\"Fibra di vetro\";s:8:\"position\";i:0;s:10:\"is_visible\";i:1;s:12:\"is_variation\";i:0;s:11:\"is_taxonomy\";i:0;}s:7:\"texture\";a:6:{s:4:\"name\";s:7:\"Texture\";s:5:\"value\";s:19:\"Calcestruzzo liscio\";s:8:\"position\";i:1;s:10:\"is_visible\";i:1;s:12:\"is_variation\";i:0;s:11:\"is_taxonomy\";i:0;}s:5:\"color\";a:6:{s:4:\"name\";s:5:\"Color\";s:5:\"value\";s:12:\"Grigio medio\";s:8:\"position\";i:2;s:10:\"is_visible\";i:1;s:12:\"is_variation\";i:0;s:11:\"is_taxonomy\";i:0;}s:4:\"size\";a:6:{s:4:\"name\";s:4:\"Size\";s:5:\"value\";s:54:\"3000 x 1000 mm; dimensioni personalizzate su richiesta\";s:8:\"position\";i:3;s:10:\"is_visible\";i:1;s:12:\"is_variation\";i:0;s:11:\"is_taxonomy\";i:0;}s:9:\"thickness\";a:6:{s:4:\"name\";s:9:\"Thickness\";s:5:\"value\";s:10:\"2 - 2,5 mm\";s:8:\"position\";i:4;s:10:\"is_visible\";i:1;s:12:\"is_variation\";i:0;s:11:\"is_taxonomy\";i:0;}s:6:\"finish\";a:6:{s:4:\"name\";s:6:\"Finish\";s:5:\"value\";s:4:\"Matt\";s:8:\"position\";i:5;s:10:\"is_visible\";i:1;s:12:\"is_variation\";i:0;s:11:\"is_taxonomy\";i:0;}s:11:\"composition\";a:6:{s:4:\"name\";s:11:\"Composition\";s:5:\"value\";s:60:\"90% polvere di marmo riciclata + copolimero + fibra di vetro\";s:8:\"position\";i:6;s:10:\"is_visible\";i:1;s:12:\"is_variation\";i:0;s:11:\"is_taxonomy\";i:0;}s:11:\"fire-rating\";a:6:{s:4:\"name\";s:11:\"Fire rating\";s:5:\"value\";s:8:\"A2-s1-d0\";s:8:\"position\";i:7;s:10:\"is_visible\";i:1;s:12:\"is_variation\";i:0;s:11:\"is_taxonomy\";i:0;}}"],"attr_label_translations":["a:1:{s:2:\"it\";a:8:{s:7:\"backing\";s:7:\"Backing\";s:7:\"texture\";s:7:\"Texture\";s:5:\"color\";s:6:\"Colore\";s:4:\"size\";s:10:\"Dimensioni\";s:9:\"thickness\";s:8:\"Spessore\";s:6:\"finish\";s:8:\"Finitura\";s:11:\"composition\";s:12:\"Composizione\";s:11:\"fire-rating\";s:27:\"Classificazione antincendio\";}}"],"_wcml_average_rating":[null],"_wcml_review_count":[null],"_wcml_rating_count":[null],"_yoast_wpseo_primary_product_cat":["332"],"_backorders":["no"],"_download_limit":["-1"],"_download_expiry":["-1"],"_downloadable":["no"],"_manage_stock":["no"],"_sku":["ROLSMO10005"],"_stock_status":["instock"],"_sold_individually":["no"],"_tax_class":[""],"_tax_status":["taxable"],"_virtual":["no"],"total_sales":["0"],"_wpml_media_duplicate":["1"],"_wpml_media_featured":["1"],"stick-header-meta":["default"],"site-sidebar-layout":["default"],"theme-transparent-header-meta":["default"],"ast-site-content-layout":["default"],"site-content-style":["default"],"site-sidebar-style":["default"],"_yoast_wpseo_title":["Rotolo impiallacciato minerale | liscio | grigio medio"],"_yoast_wpseo_metadesc":["Rotolo di impiallacciatura minerale flessibile con texture liscia e colore grigio medio. Ultrasottile, resistente e ideale per pareti, mobili e interni di pregio."],"_yoast_wpseo_focuskw":["rotolo di impiallacciatura minerale flessibile liscia grigio medio"],"_upsell_ids":["a:3:{i:0;N;i:1;N;i:2;N;}"],"_wpt_field_wpt-16200":["[elementor-template id=\"16197\"]"],"_product_image_gallery":["20353,20354,20355,20356,20357,20358,20359,20360,20361,20362,20352,20292,20363,20365,20366,20367,20368,20369"],"_thumbnail_id":["20370"],"_wpml_word_count":["164"],"two_optimized_date":["1776461105"],"woolentor_views_count_product":["34"],"_uag_css_file_name":["uag-css-20349.css"],"_uag_js_file_name":["uag-js-20349.js"],"tp_widgets":["a:2:{s:7:\"widgets\";a:6:{i:0;s:18:\"plus-list-skeleton\";i:1;s:22:\"plus-listing-load-more\";i:2;s:18:\"plus-listing-metro\";i:3;s:18:\"tp-product-listout\";i:4;s:17:\"tp-single-style_1\";i:5;s:19:\"tp-woo-single-image\";}s:9:\"update_at\";s:10:\"1777019468\";}"],"_elementor_edit_mode":["builder"],"_selectproduct_layout":["18065"],"_elementor_page_assets":["a:0:{}"],"_elementor_css":["a:7:{s:4:\"time\";i:1778435345;s:5:\"fonts\";a:0:{}s:5:\"icons\";a:0:{}s:20:\"dynamic_elements_ids\";a:0:{}s:6:\"status\";s:5:\"empty\";i:0;s:0:\"\";s:3:\"css\";s:0:\"\";}"],"_wc_rating_count":[""],"_wc_review_count":[""],"_wc_average_rating":[0]},"uagb_featured_image_src":{"full":["https:\/\/xstone.group\/wp-content\/uploads\/2026\/04\/XSTONE_Mineral-Veneer_0518.webp",864,1080,false],"thumbnail":["https:\/\/xstone.group\/wp-content\/uploads\/2026\/04\/XSTONE_Mineral-Veneer_0518-150x150.webp",150,150,true],"medium":["https:\/\/xstone.group\/wp-content\/uploads\/2026\/04\/XSTONE_Mineral-Veneer_0518-240x300.webp",240,300,true],"medium_large":["https:\/\/xstone.group\/wp-content\/uploads\/2026\/04\/XSTONE_Mineral-Veneer_0518-768x960.webp",768,960,true],"large":["https:\/\/xstone.group\/wp-content\/uploads\/2026\/04\/XSTONE_Mineral-Veneer_0518-819x1024.webp",819,1024,true],"1536x1536":["https:\/\/xstone.group\/wp-content\/uploads\/2026\/04\/XSTONE_Mineral-Veneer_0518.webp",864,1080,false],"2048x2048":["https:\/\/xstone.group\/wp-content\/uploads\/2026\/04\/XSTONE_Mineral-Veneer_0518.webp",864,1080,false],"tp-image-grid":["https:\/\/xstone.group\/wp-content\/uploads\/2026\/04\/XSTONE_Mineral-Veneer_0518-700x700.webp",700,700,true],"tenweb_optimizer_mobile":["https:\/\/xstone.group\/wp-content\/uploads\/2026\/04\/XSTONE_Mineral-Veneer_0518-480x600.webp",480,600,true],"tenweb_optimizer_tablet":["https:\/\/xstone.group\/wp-content\/uploads\/2026\/04\/XSTONE_Mineral-Veneer_0518-768x960.webp",768,960,true],"woocommerce_thumbnail":["https:\/\/xstone.group\/wp-content\/uploads\/2026\/04\/XSTONE_Mineral-Veneer_0518-300x300.webp",300,300,true],"woocommerce_single":["https:\/\/xstone.group\/wp-content\/uploads\/2026\/04\/XSTONE_Mineral-Veneer_0518-600x750.webp",600,750,true],"woocommerce_gallery_thumbnail":["https:\/\/xstone.group\/wp-content\/uploads\/2026\/04\/XSTONE_Mineral-Veneer_0518-100x100.webp",100,100,true]},"uagb_author_info":{"display_name":"laurent.gomez@xstone.group","author_link":"https:\/\/xstone.group\/it\/author\/"},"uagb_comment_info":0,"uagb_excerpt":"Eleva le tue superfici architettoniche con la nostra impiallacciatura minerale flessibile ultrasottile, che combina la versatilit\u00e0 del formato in rotolo con la raffinata semplicit\u00e0 di una texture liscia e di una contemporanea tonalit\u00e0 grigio medio. Questa soluzione flessibile di impiallacciatura minerale in rotolo grigio medio liscio offre l&#8217;aspetto autentico delle superfici minerali, consentendo al contempo&hellip;","_links":{"self":[{"href":"https:\/\/xstone.group\/it\/wp-json\/wp\/v2\/product\/20349","targetHints":{"allow":["GET"]}}],"collection":[{"href":"https:\/\/xstone.group\/it\/wp-json\/wp\/v2\/product"}],"about":[{"href":"https:\/\/xstone.group\/it\/wp-json\/wp\/v2\/types\/product"}],"replies":[{"embeddable":true,"href":"https:\/\/xstone.group\/it\/wp-json\/wp\/v2\/comments?post=20349"}],"wp:featuredmedia":[{"embeddable":true,"href":"https:\/\/xstone.group\/it\/wp-json\/wp\/v2\/media\/20370"}],"wp:attachment":[{"href":"https:\/\/xstone.group\/it\/wp-json\/wp\/v2\/media?parent=20349"}],"wp:term":[{"taxonomy":"product_brand","embeddable":true,"href":"https:\/\/xstone.group\/it\/wp-json\/wp\/v2\/product_brand?post=20349"},{"taxonomy":"product_cat","embeddable":true,"href":"https:\/\/xstone.group\/it\/wp-json\/wp\/v2\/product_cat?post=20349"},{"taxonomy":"product_tag","embeddable":true,"href":"https:\/\/xstone.group\/it\/wp-json\/wp\/v2\/product_tag?post=20349"}],"curies":[{"name":"wp","href":"https:\/\/api.w.org\/{rel}","templated":true}]}}