{"id":22269,"date":"2026-04-13T13:36:31","date_gmt":"2026-04-13T13:36:31","guid":{"rendered":"https:\/\/xstone.group\/product\/ecuran-smo-liscio-10048-nero\/"},"modified":"2026-04-13T13:36:31","modified_gmt":"2026-04-13T13:36:31","slug":"ecusmo10048-floor-ecuran-smooth-concrete-black","status":"publish","type":"product","link":"https:\/\/xstone.group\/it\/product\/ecusmo10048-floor-ecuran-smooth-concrete-black\/","title":{"rendered":"[Ecuran [SMO] Liscio [10048] Nero"},"content":{"rendered":"<p class=\"font-claude-response-body break-words whitespace-normal leading-[1.7]\">I pavimenti neri non si limitano a dare un tocco di classe a una stanza. La comandano. <\/p>\n<p class=\"font-claude-response-body break-words whitespace-normal leading-[1.7]\">XSTONE Ecuran Smooth Black \u00e8 un pavimento minerale nero a base biologica che conferisce un&#8217;assoluta convinzione di design a ogni spazio che abita. La texture Smooth crea una superficie minerale ininterrotta &#8211; una grana uniforme e vellutata di tranquilla perfezione &#8211; che nel profondo marrone antracite diventa qualcosa che va oltre il colore. Una superficie che assorbe la luce e rivela sottili rilievi come la pietra modellata dal fuoco e dal tempo. Fondata. Potente. Tranquillamente sofisticato.     <\/p>\n<p class=\"font-claude-response-body break-words whitespace-normal leading-[1.7]\">Questo \u00e8 il piano per gli spazi che si fanno notare non appena si entra. La suite di un hotel di lusso dove l&#8217;oscurit\u00e0 crea intimit\u00e0. L&#8217;interno di un negozio di alta gamma in cui il nero valorizza ogni oggetto esposto sopra di esso. La residenza architettonica in cui il pavimento \u00e8 la decisione di design pi\u00f9 audace della stanza &#8211; e la pi\u00f9 ponderata. La texture liscia conferisce all&#8217;oscurit\u00e0 moderazione e continuit\u00e0; ci\u00f2 che potrebbe sopraffare si inserisce nello spazio con profondit\u00e0 e forza.    <\/p>\n<p class=\"font-claude-response-body break-words whitespace-normal leading-[1.7]\">Sotto la superficie, l&#8217;anima in bio-composito Ecuran garantisce prestazioni senza compromessi: senza PVC, senza solventi, formulata con oli vegetali e minerali naturali di gesso. Elastica sotto i piedi. Acusticamente confortevole. Costruito per usi commerciali e residenziali di alto livello. Certificato Bfl-s1 per la sicurezza antincendio, compatibile con il riscaldamento a pavimento e le aree umide, approvato da Blue Angel, Cradle to Cradle e GREENGUARD.    <\/p>\n<p class=\"font-claude-response-body break-words whitespace-normal leading-[1.7]\">Per coloro che sanno che i pavimenti pi\u00f9 scuri proiettano le ombre pi\u00f9 lunghe dell&#8217;eleganza.<\/p>\n","protected":false},"excerpt":{"rendered":"<p>I pavimenti neri non si limitano a dare un tocco di classe a una stanza. La comandano. XSTONE Ecuran Smooth Black \u00e8 un pavimento minerale nero a base biologica che conferisce un&#8217;assoluta convinzione di design a ogni spazio che abita. La texture Smooth crea una superficie minerale ininterrotta &#8211; una grana uniforme e vellutata di [&hellip;]<\/p>\n","protected":false},"featured_media":22275,"comment_status":"open","ping_status":"closed","template":"","meta":{"_acf_changed":false,"_uag_custom_page_level_css":"","site-sidebar-layout":"default","site-content-layout":"","ast-site-content-layout":"default","site-content-style":"default","site-sidebar-style":"default","ast-global-header-display":"","ast-banner-title-visibility":"","ast-main-header-display":"","ast-hfb-above-header-display":"","ast-hfb-below-header-display":"","ast-hfb-mobile-header-display":"","site-post-title":"","ast-breadcrumbs-content":"","ast-featured-img":"","footer-sml-layout":"","theme-transparent-header-meta":"default","adv-header-id-meta":"","stick-header-meta":"default","header-above-stick-meta":"","header-main-stick-meta":"","header-below-stick-meta":"","astra-migrate-meta-layouts":"default","ast-page-background-enabled":"default","ast-page-background-meta":{"desktop":{"background-color":"var(--ast-global-color-4)","background-image":"","background-repeat":"repeat","background-position":"center center","background-size":"auto","background-attachment":"scroll","background-type":"","background-media":"","overlay-type":"","overlay-color":"","overlay-opacity":"","overlay-gradient":""},"tablet":{"background-color":"","background-image":"","background-repeat":"repeat","background-position":"center center","background-size":"auto","background-attachment":"scroll","background-type":"","background-media":"","overlay-type":"","overlay-color":"","overlay-opacity":"","overlay-gradient":""},"mobile":{"background-color":"","background-image":"","background-repeat":"repeat","background-position":"center center","background-size":"auto","background-attachment":"scroll","background-type":"","background-media":"","overlay-type":"","overlay-color":"","overlay-opacity":"","overlay-gradient":""}},"ast-content-background-meta":{"desktop":{"background-color":"var(--ast-global-color-5)","background-image":"","background-repeat":"repeat","background-position":"center center","background-size":"auto","background-attachment":"scroll","background-type":"","background-media":"","overlay-type":"","overlay-color":"","overlay-opacity":"","overlay-gradient":""},"tablet":{"background-color":"var(--ast-global-color-5)","background-image":"","background-repeat":"repeat","background-position":"center center","background-size":"auto","background-attachment":"scroll","background-type":"","background-media":"","overlay-type":"","overlay-color":"","overlay-opacity":"","overlay-gradient":""},"mobile":{"background-color":"var(--ast-global-color-5)","background-image":"","background-repeat":"repeat","background-position":"center center","background-size":"auto","background-attachment":"scroll","background-type":"","background-media":"","overlay-type":"","overlay-color":"","overlay-opacity":"","overlay-gradient":""}}},"product_brand":[],"product_cat":[1672,1669,1666,1671,1676],"product_tag":[2092,4052,4050,4056,4044,4042,4048,4046,4043,3776,1749,4054],"class_list":{"0":"post-22269","1":"product","2":"type-product","3":"status-publish","4":"has-post-thumbnail","6":"product_cat-bathroom","7":"product_cat-retail-design","8":"product_cat-signature","9":"product_cat-floor","10":"product_cat-office","11":"product_tag-comp-color-17303","12":"product_tag-sustainable-black-floor-panel","13":"product_tag-premium-dark-interior-flooring","14":"product_tag-flexible-stone-effect-black-floor","15":"product_tag-smooth-black-stone-effect-floor","16":"product_tag-bio-based-black-mineral-flooring","17":"product_tag-black-hotel-lobby-flooring","18":"product_tag-pvc-free-dark-flooring","19":"product_tag-black-luxury-floor-tile","20":"product_tag-comp-backing-15492","21":"product_tag-comp-texture-16911","22":"product_tag-dramatic-luxury-floor-design","23":"desktop-align-left","24":"tablet-align-left","25":"mobile-align-left","27":"first","28":"instock","29":"shipping-taxable","30":"product-type-simple"},"acf":[],"yoast_head":"<!-- This site is optimized with the Yoast SEO Premium plugin v27.4 (Yoast SEO v27.4) - https:\/\/yoast.com\/product\/yoast-seo-premium-wordpress\/ -->\n<title>Pavimento Ecuran | Liscio | Nero<\/title>\n<meta name=\"description\" content=\"Pavimento in cemento nero, texture liscia. Ecuran senza PVC, con classificazione antincendio Bfl-s1. Pavimento scuro di lusso per hotel di lusso, negozi e interni architettonici.\" \/>\n<meta name=\"robots\" content=\"index, follow, max-snippet:-1, max-image-preview:large, max-video-preview:-1\" \/>\n<link rel=\"canonical\" href=\"https:\/\/xstone.group\/it\/product\/ecusmo10048-floor-ecuran-smooth-concrete-black\/\" \/>\n<meta property=\"og:locale\" content=\"it_IT\" \/>\n<meta property=\"og:type\" content=\"article\" \/>\n<meta property=\"og:title\" content=\"[Ecuran [SMO] Liscio [10048] Nero\" \/>\n<meta property=\"og:description\" content=\"Pavimento in cemento nero, texture liscia. Ecuran senza PVC, con classificazione antincendio Bfl-s1. Pavimento scuro di lusso per hotel di lusso, negozi e interni architettonici.\" \/>\n<meta property=\"og:url\" content=\"https:\/\/xstone.group\/it\/product\/ecusmo10048-floor-ecuran-smooth-concrete-black\/\" \/>\n<meta property=\"og:site_name\" content=\"XSTONE\" \/>\n<meta property=\"article:publisher\" content=\"https:\/\/www.facebook.com\/Xstonesurfaces1\/\" \/>\n<meta property=\"og:image\" content=\"https:\/\/xstone.group\/wp-content\/uploads\/2026\/04\/XSTONE_Mineral-Veneer_0009.webp\" \/>\n\t<meta property=\"og:image:width\" content=\"1920\" \/>\n\t<meta property=\"og:image:height\" content=\"1080\" \/>\n\t<meta property=\"og:image:type\" content=\"image\/webp\" \/>\n<meta name=\"twitter:card\" content=\"summary_large_image\" \/>\n<meta name=\"twitter:label1\" content=\"Tempo di lettura stimato\" \/>\n\t<meta name=\"twitter:data1\" content=\"1 minuto\" \/>\n<script type=\"application\/ld+json\" class=\"yoast-schema-graph\">{\"@context\":\"https:\\\/\\\/schema.org\",\"@graph\":[{\"@type\":\"WebPage\",\"@id\":\"https:\\\/\\\/xstone.group\\\/it\\\/product\\\/ecusmo10048-floor-ecuran-smooth-concrete-black\\\/\",\"url\":\"https:\\\/\\\/xstone.group\\\/it\\\/product\\\/ecusmo10048-floor-ecuran-smooth-concrete-black\\\/\",\"name\":\"Pavimento Ecuran | Liscio | Nero\",\"isPartOf\":{\"@id\":\"https:\\\/\\\/xstone.group\\\/it\\\/#website\"},\"primaryImageOfPage\":{\"@id\":\"https:\\\/\\\/xstone.group\\\/it\\\/product\\\/ecusmo10048-floor-ecuran-smooth-concrete-black\\\/#primaryimage\"},\"image\":{\"@id\":\"https:\\\/\\\/xstone.group\\\/it\\\/product\\\/ecusmo10048-floor-ecuran-smooth-concrete-black\\\/#primaryimage\"},\"thumbnailUrl\":\"https:\\\/\\\/xstone.group\\\/wp-content\\\/uploads\\\/2026\\\/04\\\/XSTONE_Mineral-Veneer_0009.webp\",\"datePublished\":\"2026-04-13T13:36:31+00:00\",\"description\":\"Pavimento in cemento nero, texture liscia. Ecuran senza PVC, con classificazione antincendio Bfl-s1. Pavimento scuro di lusso per hotel di lusso, negozi e interni architettonici.\",\"breadcrumb\":{\"@id\":\"https:\\\/\\\/xstone.group\\\/it\\\/product\\\/ecusmo10048-floor-ecuran-smooth-concrete-black\\\/#breadcrumb\"},\"inLanguage\":\"it-IT\",\"potentialAction\":[{\"@type\":\"ReadAction\",\"target\":[\"https:\\\/\\\/xstone.group\\\/it\\\/product\\\/ecusmo10048-floor-ecuran-smooth-concrete-black\\\/\"]}]},{\"@type\":\"ImageObject\",\"inLanguage\":\"it-IT\",\"@id\":\"https:\\\/\\\/xstone.group\\\/it\\\/product\\\/ecusmo10048-floor-ecuran-smooth-concrete-black\\\/#primaryimage\",\"url\":\"https:\\\/\\\/xstone.group\\\/wp-content\\\/uploads\\\/2026\\\/04\\\/XSTONE_Mineral-Veneer_0009.webp\",\"contentUrl\":\"https:\\\/\\\/xstone.group\\\/wp-content\\\/uploads\\\/2026\\\/04\\\/XSTONE_Mineral-Veneer_0009.webp\",\"width\":1920,\"height\":1080,\"caption\":\"Floor smooth concrete black\"},{\"@type\":\"BreadcrumbList\",\"@id\":\"https:\\\/\\\/xstone.group\\\/it\\\/product\\\/ecusmo10048-floor-ecuran-smooth-concrete-black\\\/#breadcrumb\",\"itemListElement\":[{\"@type\":\"ListItem\",\"position\":1,\"name\":\"Home\",\"item\":\"https:\\\/\\\/xstone.group\\\/it\\\/\"},{\"@type\":\"ListItem\",\"position\":2,\"name\":\"Prodotti\",\"item\":\"https:\\\/\\\/xstone.group\\\/it\\\/shop\\\/\"},{\"@type\":\"ListItem\",\"position\":3,\"name\":\"[Ecuran [SMO] Liscio [10048] Nero\"}]},{\"@type\":\"WebSite\",\"@id\":\"https:\\\/\\\/xstone.group\\\/it\\\/#website\",\"url\":\"https:\\\/\\\/xstone.group\\\/it\\\/\",\"name\":\"XSTONE\",\"description\":\"Bellezza minerale autentica e illimitata, svincolata dalla gravit\u00e0\",\"potentialAction\":[{\"@type\":\"SearchAction\",\"target\":{\"@type\":\"EntryPoint\",\"urlTemplate\":\"https:\\\/\\\/xstone.group\\\/it\\\/?s={search_term_string}\"},\"query-input\":{\"@type\":\"PropertyValueSpecification\",\"valueRequired\":true,\"valueName\":\"search_term_string\"}}],\"inLanguage\":\"it-IT\"}]}<\/script>\n<!-- \/ Yoast SEO Premium plugin. -->","yoast_head_json":{"title":"Pavimento Ecuran | Liscio | Nero","description":"Pavimento in cemento nero, texture liscia. Ecuran senza PVC, con classificazione antincendio Bfl-s1. Pavimento scuro di lusso per hotel di lusso, negozi e interni architettonici.","robots":{"index":"index","follow":"follow","max-snippet":"max-snippet:-1","max-image-preview":"max-image-preview:large","max-video-preview":"max-video-preview:-1"},"canonical":"https:\/\/xstone.group\/it\/product\/ecusmo10048-floor-ecuran-smooth-concrete-black\/","og_locale":"it_IT","og_type":"article","og_title":"[Ecuran [SMO] Liscio [10048] Nero","og_description":"Pavimento in cemento nero, texture liscia. Ecuran senza PVC, con classificazione antincendio Bfl-s1. Pavimento scuro di lusso per hotel di lusso, negozi e interni architettonici.","og_url":"https:\/\/xstone.group\/it\/product\/ecusmo10048-floor-ecuran-smooth-concrete-black\/","og_site_name":"XSTONE","article_publisher":"https:\/\/www.facebook.com\/Xstonesurfaces1\/","og_image":[{"width":1920,"height":1080,"url":"https:\/\/xstone.group\/wp-content\/uploads\/2026\/04\/XSTONE_Mineral-Veneer_0009.webp","type":"image\/webp"}],"twitter_card":"summary_large_image","twitter_misc":{"Tempo di lettura stimato":"1 minuto"},"schema":{"@context":"https:\/\/schema.org","@graph":[{"@type":"WebPage","@id":"https:\/\/xstone.group\/it\/product\/ecusmo10048-floor-ecuran-smooth-concrete-black\/","url":"https:\/\/xstone.group\/it\/product\/ecusmo10048-floor-ecuran-smooth-concrete-black\/","name":"Pavimento Ecuran | Liscio | Nero","isPartOf":{"@id":"https:\/\/xstone.group\/it\/#website"},"primaryImageOfPage":{"@id":"https:\/\/xstone.group\/it\/product\/ecusmo10048-floor-ecuran-smooth-concrete-black\/#primaryimage"},"image":{"@id":"https:\/\/xstone.group\/it\/product\/ecusmo10048-floor-ecuran-smooth-concrete-black\/#primaryimage"},"thumbnailUrl":"https:\/\/xstone.group\/wp-content\/uploads\/2026\/04\/XSTONE_Mineral-Veneer_0009.webp","datePublished":"2026-04-13T13:36:31+00:00","description":"Pavimento in cemento nero, texture liscia. Ecuran senza PVC, con classificazione antincendio Bfl-s1. Pavimento scuro di lusso per hotel di lusso, negozi e interni architettonici.","breadcrumb":{"@id":"https:\/\/xstone.group\/it\/product\/ecusmo10048-floor-ecuran-smooth-concrete-black\/#breadcrumb"},"inLanguage":"it-IT","potentialAction":[{"@type":"ReadAction","target":["https:\/\/xstone.group\/it\/product\/ecusmo10048-floor-ecuran-smooth-concrete-black\/"]}]},{"@type":"ImageObject","inLanguage":"it-IT","@id":"https:\/\/xstone.group\/it\/product\/ecusmo10048-floor-ecuran-smooth-concrete-black\/#primaryimage","url":"https:\/\/xstone.group\/wp-content\/uploads\/2026\/04\/XSTONE_Mineral-Veneer_0009.webp","contentUrl":"https:\/\/xstone.group\/wp-content\/uploads\/2026\/04\/XSTONE_Mineral-Veneer_0009.webp","width":1920,"height":1080,"caption":"Floor smooth concrete black"},{"@type":"BreadcrumbList","@id":"https:\/\/xstone.group\/it\/product\/ecusmo10048-floor-ecuran-smooth-concrete-black\/#breadcrumb","itemListElement":[{"@type":"ListItem","position":1,"name":"Home","item":"https:\/\/xstone.group\/it\/"},{"@type":"ListItem","position":2,"name":"Prodotti","item":"https:\/\/xstone.group\/it\/shop\/"},{"@type":"ListItem","position":3,"name":"[Ecuran [SMO] Liscio [10048] Nero"}]},{"@type":"WebSite","@id":"https:\/\/xstone.group\/it\/#website","url":"https:\/\/xstone.group\/it\/","name":"XSTONE","description":"Bellezza minerale autentica e illimitata, svincolata dalla gravit\u00e0","potentialAction":[{"@type":"SearchAction","target":{"@type":"EntryPoint","urlTemplate":"https:\/\/xstone.group\/it\/?s={search_term_string}"},"query-input":{"@type":"PropertyValueSpecification","valueRequired":true,"valueName":"search_term_string"}}],"inLanguage":"it-IT"}]}},"spectra_custom_meta":{"_last_translation_edit_mode":["translation-editor"],"_product_attributes":["a:8:{s:7:\"backing\";a:6:{s:4:\"name\";s:7:\"Backing\";s:5:\"value\";s:6:\"Ecuran\";s:8:\"position\";i:0;s:10:\"is_visible\";i:1;s:12:\"is_variation\";i:0;s:11:\"is_taxonomy\";i:0;}s:7:\"texture\";a:6:{s:4:\"name\";s:7:\"Texture\";s:5:\"value\";s:19:\"Calcestruzzo liscio\";s:8:\"position\";i:1;s:10:\"is_visible\";i:1;s:12:\"is_variation\";i:0;s:11:\"is_taxonomy\";i:0;}s:5:\"color\";a:6:{s:4:\"name\";s:5:\"Color\";s:5:\"value\";s:4:\"Nero\";s:8:\"position\";i:2;s:10:\"is_visible\";i:1;s:12:\"is_variation\";i:0;s:11:\"is_taxonomy\";i:0;}s:4:\"size\";a:6:{s:4:\"name\";s:4:\"Size\";s:5:\"value\";s:73:\"1200 x 800 mm; 3000 x 1000 mm; Altre dimensioni disponibili su richiesta.\";s:8:\"position\";i:3;s:10:\"is_visible\";i:1;s:12:\"is_variation\";i:0;s:11:\"is_taxonomy\";i:0;}s:9:\"thickness\";a:6:{s:4:\"name\";s:9:\"Thickness\";s:5:\"value\";s:12:\"2,5 mm, 5 mm\";s:8:\"position\";i:4;s:10:\"is_visible\";i:1;s:12:\"is_variation\";i:0;s:11:\"is_taxonomy\";i:0;}s:6:\"finish\";a:6:{s:4:\"name\";s:6:\"Finish\";s:5:\"value\";s:4:\"Matt\";s:8:\"position\";i:5;s:10:\"is_visible\";i:1;s:12:\"is_variation\";i:0;s:11:\"is_taxonomy\";i:0;}s:11:\"composition\";a:6:{s:4:\"name\";s:11:\"Composition\";s:5:\"value\";s:251:\"Strato superiore in PU a traffico intenso + Colore acrilico o stampa UV + Rivestimento minerale decorativo da 1 mm (90% polvere di pietra) + Strato di base: materiale composito ad alte prestazioni ecuran da 4 mm + Supporto: Sistema FleeceTEC integrato\";s:8:\"position\";i:6;s:10:\"is_visible\";i:1;s:12:\"is_variation\";i:0;s:11:\"is_taxonomy\";i:0;}s:11:\"fire-rating\";a:6:{s:4:\"name\";s:11:\"Fire Rating\";s:5:\"value\";s:6:\"Bfl-s1\";s:8:\"position\";i:7;s:10:\"is_visible\";i:1;s:12:\"is_variation\";i:0;s:11:\"is_taxonomy\";i:0;}}"],"attr_label_translations":["a:1:{s:2:\"it\";a:8:{s:7:\"backing\";s:7:\"Backing\";s:7:\"texture\";s:7:\"Texture\";s:5:\"color\";s:6:\"Colore\";s:4:\"size\";s:10:\"Dimensioni\";s:9:\"thickness\";s:8:\"Spessore\";s:6:\"finish\";s:8:\"Finitura\";s:11:\"composition\";s:12:\"Composizione\";s:11:\"fire-rating\";s:27:\"Classificazione antincendio\";}}"],"_wcml_average_rating":[null],"_wcml_review_count":[null],"_wcml_rating_count":[null],"_yoast_wpseo_primary_product_cat":["332"],"_backorders":["no"],"_download_limit":["-1"],"_download_expiry":["-1"],"_downloadable":["no"],"_manage_stock":["no"],"_sku":["ECUSMO10048"],"_stock_status":["instock"],"_sold_individually":["no"],"_tax_class":[""],"_tax_status":["taxable"],"_virtual":["no"],"total_sales":["0"],"_wpml_media_duplicate":["1"],"_wpml_media_featured":["1"],"stick-header-meta":["default"],"site-sidebar-layout":["default"],"theme-transparent-header-meta":["default"],"ast-site-content-layout":["default"],"site-content-style":["default"],"site-sidebar-style":["default"],"_yoast_wpseo_title":["Pavimento Ecuran | Liscio | Nero"],"_yoast_wpseo_metadesc":["Pavimento in cemento nero, texture liscia. Ecuran senza PVC, con classificazione antincendio Bfl-s1. Pavimento scuro di lusso per hotel di lusso, negozi e interni architettonici."],"_yoast_wpseo_focuskw":["Pavimento in cemento liscio nero"],"_upsell_ids":["a:3:{i:0;N;i:1;N;i:2;N;}"],"_thumbnail_id":["22275"],"_wpml_word_count":["280"],"two_optimized_date":["1776456475"],"woolentor_views_count_product":["17"],"_uag_css_file_name":["uag-css-22269.css"],"_uag_js_file_name":["uag-js-22269.js"],"tp_widgets":["a:2:{s:7:\"widgets\";a:6:{i:0;s:18:\"plus-list-skeleton\";i:1;s:22:\"plus-listing-load-more\";i:2;s:18:\"plus-listing-metro\";i:3;s:18:\"tp-product-listout\";i:4;s:17:\"tp-single-style_1\";i:5;s:19:\"tp-woo-single-image\";}s:9:\"update_at\";s:10:\"1776541402\";}"],"_elementor_edit_mode":["builder"],"_selectproduct_layout":["18245"],"_wc_rating_count":[""],"_wc_review_count":[""],"_wc_average_rating":[0]},"uagb_featured_image_src":{"full":["https:\/\/xstone.group\/wp-content\/uploads\/2026\/04\/XSTONE_Mineral-Veneer_0009.webp",1920,1080,false],"thumbnail":["https:\/\/xstone.group\/wp-content\/uploads\/2026\/04\/XSTONE_Mineral-Veneer_0009-150x150.webp",150,150,true],"medium":["https:\/\/xstone.group\/wp-content\/uploads\/2026\/04\/XSTONE_Mineral-Veneer_0009-300x169.webp",300,169,true],"medium_large":["https:\/\/xstone.group\/wp-content\/uploads\/2026\/04\/XSTONE_Mineral-Veneer_0009-768x432.webp",768,432,true],"large":["https:\/\/xstone.group\/wp-content\/uploads\/2026\/04\/XSTONE_Mineral-Veneer_0009-1024x576.webp",1024,576,true],"1536x1536":["https:\/\/xstone.group\/wp-content\/uploads\/2026\/04\/XSTONE_Mineral-Veneer_0009-1536x864.webp",1536,864,true],"2048x2048":["https:\/\/xstone.group\/wp-content\/uploads\/2026\/04\/XSTONE_Mineral-Veneer_0009.webp",1920,1080,false],"tp-image-grid":["https:\/\/xstone.group\/wp-content\/uploads\/2026\/04\/XSTONE_Mineral-Veneer_0009-700x700.webp",700,700,true],"tenweb_optimizer_mobile":["https:\/\/xstone.group\/wp-content\/uploads\/2026\/04\/XSTONE_Mineral-Veneer_0009-600x338.webp",600,338,true],"tenweb_optimizer_tablet":["https:\/\/xstone.group\/wp-content\/uploads\/2026\/04\/XSTONE_Mineral-Veneer_0009-768x432.webp",768,432,true],"woocommerce_thumbnail":["https:\/\/xstone.group\/wp-content\/uploads\/2026\/04\/XSTONE_Mineral-Veneer_0009-300x300.webp",300,300,true],"woocommerce_single":["https:\/\/xstone.group\/wp-content\/uploads\/2026\/04\/XSTONE_Mineral-Veneer_0009-600x338.webp",600,338,true],"woocommerce_gallery_thumbnail":["https:\/\/xstone.group\/wp-content\/uploads\/2026\/04\/XSTONE_Mineral-Veneer_0009-100x100.webp",100,100,true]},"uagb_author_info":{"display_name":"laurent.gomez@xstone.group","author_link":"https:\/\/xstone.group\/it\/author\/"},"uagb_comment_info":0,"uagb_excerpt":"I pavimenti neri non si limitano a dare un tocco di classe a una stanza. La comandano. XSTONE Ecuran Smooth Black \u00e8 un pavimento minerale nero a base biologica che conferisce un&#8217;assoluta convinzione di design a ogni spazio che abita. La texture Smooth crea una superficie minerale ininterrotta &#8211; una grana uniforme e vellutata di&hellip;","_links":{"self":[{"href":"https:\/\/xstone.group\/it\/wp-json\/wp\/v2\/product\/22269","targetHints":{"allow":["GET"]}}],"collection":[{"href":"https:\/\/xstone.group\/it\/wp-json\/wp\/v2\/product"}],"about":[{"href":"https:\/\/xstone.group\/it\/wp-json\/wp\/v2\/types\/product"}],"replies":[{"embeddable":true,"href":"https:\/\/xstone.group\/it\/wp-json\/wp\/v2\/comments?post=22269"}],"wp:featuredmedia":[{"embeddable":true,"href":"https:\/\/xstone.group\/it\/wp-json\/wp\/v2\/media\/22275"}],"wp:attachment":[{"href":"https:\/\/xstone.group\/it\/wp-json\/wp\/v2\/media?parent=22269"}],"wp:term":[{"taxonomy":"product_brand","embeddable":true,"href":"https:\/\/xstone.group\/it\/wp-json\/wp\/v2\/product_brand?post=22269"},{"taxonomy":"product_cat","embeddable":true,"href":"https:\/\/xstone.group\/it\/wp-json\/wp\/v2\/product_cat?post=22269"},{"taxonomy":"product_tag","embeddable":true,"href":"https:\/\/xstone.group\/it\/wp-json\/wp\/v2\/product_tag?post=22269"}],"curies":[{"name":"wp","href":"https:\/\/api.w.org\/{rel}","templated":true}]}}