{"id":22992,"date":"2026-04-14T08:09:58","date_gmt":"2026-04-14T08:09:58","guid":{"rendered":"https:\/\/xstone.group\/product\/rol-roll-mineral-veneer-man-mandala-01084-grigio-ciottolo-medio\/"},"modified":"2026-04-14T08:09:58","modified_gmt":"2026-04-14T08:09:58","slug":"rolman01084-roll-mandala-middle-pebble-grey","status":"publish","type":"product","link":"https:\/\/xstone.group\/it\/product\/rolman01084-roll-mandala-middle-pebble-grey\/","title":{"rendered":"[ROL] Roll Mineral Veneer [MAN] Mandala [01084] Grigio ciottolo medio"},"content":{"rendered":"<p class=\"font-claude-response-body break-words whitespace-normal leading-[1.7]\">Alcune superfici trattengono l&#8217;immobilit\u00e0. Questa la irradia. <\/p>\n<p class=\"font-claude-response-body break-words whitespace-normal leading-[1.7]\">XSTONE Roll Mineral Veneer nella texture Mandala e Middle Pebble Grey \u00e8 un pannello da parete minerale a mandala scolpito che eleva la parete da superficie a meditazione. La texture Mandala si dispiega con una tranquilla cerimonia: arabeschi fluenti e motivi simmetrici che emergono delicatamente dal materiale, evocando secoli di artigianato ornamentale tradotto nel linguaggio dell&#8217;architettura contemporanea. Ogni motivo sembra scolpito con intenzione, ogni curva risolta con un equilibrio che porta una calma autentica nella stanza &#8211; la geometria meditativa del design sacro, resa tangibile e reale.  <\/p>\n<p class=\"font-claude-response-body break-words whitespace-normal leading-[1.7]\">Nel colore Middle Pebble Grey &#8211; un beige freddo raffinato ed equilibrato con delicate screziature naturali e sottili variazioni tonali, solido e luminoso come la pietra forgiata dal tempo &#8211; il Mandala rivela la sua espressione pi\u00f9 serena. L&#8217;ornamento \u00e8 presente, ma non \u00e8 mai rumoroso. Il grigio lo sostiene con un&#8217;autorit\u00e0 tranquilla che lascia che ogni dettaglio in rilievo parli da solo, cambiando con la luce durante il giorno in una conversazione continua e senza fretta tra superficie e spazio.  <\/p>\n<p class=\"font-claude-response-body break-words whitespace-normal leading-[1.7]\">Con un peso di 2 kg\/m\u00b2 in formato rotolo flessibile, questo pannello si installa su pareti piane, superfici curve e elementi architettonici con la stessa facilit\u00e0: nessuna polvere, nessun carico strutturale, nessun compromesso sull&#8217;eleganza del risultato. Realizzato con il 90% di polvere di marmo riciclata e supporto in copolimero e fibra di vetro. Certificato A2-s1-d0 per la sicurezza antincendio in Europa. Progettato per progetti BREEAM e LEED.   <\/p>\n<p class=\"font-claude-response-body break-words whitespace-normal leading-[1.7]\">Per ambienti spa e benessere di lusso, pareti di hotel boutique, interni residenziali di alto livello e spazi spirituali o contemplativi in cui design e significato occupano la stessa parete.<\/p>\n<p>&nbsp;<\/p>\n<p>&nbsp;<\/p>\n<p>&nbsp;<\/p>\n<p>&nbsp;<\/p>\n<hr class=\"border-border-200 border-t-0.5 my-3 mx-1.5\">\n","protected":false},"excerpt":{"rendered":"<p>Alcune superfici trattengono l&#8217;immobilit\u00e0. Questa la irradia. XSTONE Roll Mineral Veneer nella texture Mandala e Middle Pebble Grey \u00e8 un pannello da parete minerale a mandala scolpito che eleva la parete da superficie a meditazione. La texture Mandala si dispiega con una tranquilla cerimonia: arabeschi fluenti e motivi simmetrici che emergono delicatamente dal materiale, evocando [&hellip;]<\/p>\n","protected":false},"featured_media":23021,"comment_status":"open","ping_status":"closed","template":"","meta":{"_acf_changed":false,"_uag_custom_page_level_css":"","site-sidebar-layout":"default","site-content-layout":"","ast-site-content-layout":"default","site-content-style":"default","site-sidebar-style":"default","ast-global-header-display":"","ast-banner-title-visibility":"","ast-main-header-display":"","ast-hfb-above-header-display":"","ast-hfb-below-header-display":"","ast-hfb-mobile-header-display":"","site-post-title":"","ast-breadcrumbs-content":"","ast-featured-img":"","footer-sml-layout":"","theme-transparent-header-meta":"default","adv-header-id-meta":"","stick-header-meta":"default","header-above-stick-meta":"","header-main-stick-meta":"","header-below-stick-meta":"","astra-migrate-meta-layouts":"default","ast-page-background-enabled":"default","ast-page-background-meta":{"desktop":{"background-color":"var(--ast-global-color-4)","background-image":"","background-repeat":"repeat","background-position":"center center","background-size":"auto","background-attachment":"scroll","background-type":"","background-media":"","overlay-type":"","overlay-color":"","overlay-opacity":"","overlay-gradient":""},"tablet":{"background-color":"","background-image":"","background-repeat":"repeat","background-position":"center center","background-size":"auto","background-attachment":"scroll","background-type":"","background-media":"","overlay-type":"","overlay-color":"","overlay-opacity":"","overlay-gradient":""},"mobile":{"background-color":"","background-image":"","background-repeat":"repeat","background-position":"center center","background-size":"auto","background-attachment":"scroll","background-type":"","background-media":"","overlay-type":"","overlay-color":"","overlay-opacity":"","overlay-gradient":""}},"ast-content-background-meta":{"desktop":{"background-color":"var(--ast-global-color-5)","background-image":"","background-repeat":"repeat","background-position":"center center","background-size":"auto","background-attachment":"scroll","background-type":"","background-media":"","overlay-type":"","overlay-color":"","overlay-opacity":"","overlay-gradient":""},"tablet":{"background-color":"var(--ast-global-color-5)","background-image":"","background-repeat":"repeat","background-position":"center center","background-size":"auto","background-attachment":"scroll","background-type":"","background-media":"","overlay-type":"","overlay-color":"","overlay-opacity":"","overlay-gradient":""},"mobile":{"background-color":"var(--ast-global-color-5)","background-image":"","background-repeat":"repeat","background-position":"center center","background-size":"auto","background-attachment":"scroll","background-type":"","background-media":"","overlay-type":"","overlay-color":"","overlay-opacity":"","overlay-gradient":""}}},"product_brand":[],"product_cat":[1669,1668,1674,1666,1670,1675,1676],"product_tag":[2242,5220,5218,5215,5217,5214,5221,5224,5222,5216,5219,1677,5212],"class_list":{"0":"post-22992","1":"product","2":"type-product","3":"status-publish","4":"has-post-thumbnail","6":"product_cat-retail-design","7":"product_cat-wall-design","8":"product_cat-facade","9":"product_cat-signature","10":"product_cat-furniture","11":"product_cat-panel","12":"product_cat-office","13":"product_tag-comp-color-17747","14":"product_tag-wellness-interior-wall-design","15":"product_tag-flexible-stone-roll-mandala","16":"product_tag-mandala-wall-texture-stone-veneer","17":"product_tag-arabesque-wall-panel-interior","18":"product_tag-sculpted-mandala-mineral-wall-panel","19":"product_tag-pebble-grey-decorative-wall-panel","20":"product_tag-hotel-feature-wall-stone-veneer","21":"product_tag-a2-fire-rated-ornamental-wall","22":"product_tag-ornamental-stone-wall-cladding","23":"product_tag-luxury-spa-wall-surface","24":"product_tag-comp-backing-15503","25":"product_tag-comp-texture-16896","26":"desktop-align-left","27":"tablet-align-left","28":"mobile-align-left","30":"first","31":"instock","32":"shipping-taxable","33":"product-type-simple"},"acf":[],"yoast_head":"<!-- This site is optimized with the Yoast SEO Premium plugin v27.4 (Yoast SEO v27.4) - https:\/\/yoast.com\/product\/yoast-seo-premium-wordpress\/ -->\n<title>Roll Mineral Veneer | Mandala | Pebble Grey medio<\/title>\n<meta name=\"description\" content=\"Flessibile effetto ruggine striato. 90% minerale riciclato, classificazione antincendio A2. Un&#039;audace texture geologica per hotel di lusso e design di pareti decorative.\" \/>\n<meta name=\"robots\" content=\"index, follow, max-snippet:-1, max-image-preview:large, max-video-preview:-1\" \/>\n<link rel=\"canonical\" href=\"https:\/\/xstone.group\/it\/product\/rolman01084-roll-mandala-middle-pebble-grey\/\" \/>\n<meta property=\"og:locale\" content=\"it_IT\" \/>\n<meta property=\"og:type\" content=\"article\" \/>\n<meta property=\"og:title\" content=\"[ROL] Roll Mineral Veneer [MAN] Mandala [01084] Grigio ciottolo medio\" \/>\n<meta property=\"og:description\" content=\"Flessibile effetto ruggine striato. 90% minerale riciclato, classificazione antincendio A2. Un&#039;audace texture geologica per hotel di lusso e design di pareti decorative.\" \/>\n<meta property=\"og:url\" content=\"https:\/\/xstone.group\/it\/product\/rolman01084-roll-mandala-middle-pebble-grey\/\" \/>\n<meta property=\"og:site_name\" content=\"XSTONE\" \/>\n<meta property=\"article:publisher\" content=\"https:\/\/www.facebook.com\/Xstonesurfaces1\/\" \/>\n<meta property=\"og:image\" content=\"https:\/\/xstone.group\/wp-content\/uploads\/2026\/04\/1022-XSTONE-Concrete-grey-mandala_006.webp\" \/>\n\t<meta property=\"og:image:width\" content=\"1440\" \/>\n\t<meta property=\"og:image:height\" content=\"1920\" \/>\n\t<meta property=\"og:image:type\" content=\"image\/webp\" \/>\n<meta name=\"twitter:card\" content=\"summary_large_image\" \/>\n<meta name=\"twitter:label1\" content=\"Tempo di lettura stimato\" \/>\n\t<meta name=\"twitter:data1\" content=\"1 minuto\" \/>\n<script type=\"application\/ld+json\" class=\"yoast-schema-graph\">{\"@context\":\"https:\\\/\\\/schema.org\",\"@graph\":[{\"@type\":\"WebPage\",\"@id\":\"https:\\\/\\\/xstone.group\\\/it\\\/product\\\/rolman01084-roll-mandala-middle-pebble-grey\\\/\",\"url\":\"https:\\\/\\\/xstone.group\\\/it\\\/product\\\/rolman01084-roll-mandala-middle-pebble-grey\\\/\",\"name\":\"Roll Mineral Veneer | Mandala | Pebble Grey medio\",\"isPartOf\":{\"@id\":\"https:\\\/\\\/xstone.group\\\/it\\\/#website\"},\"primaryImageOfPage\":{\"@id\":\"https:\\\/\\\/xstone.group\\\/it\\\/product\\\/rolman01084-roll-mandala-middle-pebble-grey\\\/#primaryimage\"},\"image\":{\"@id\":\"https:\\\/\\\/xstone.group\\\/it\\\/product\\\/rolman01084-roll-mandala-middle-pebble-grey\\\/#primaryimage\"},\"thumbnailUrl\":\"https:\\\/\\\/xstone.group\\\/wp-content\\\/uploads\\\/2026\\\/04\\\/1022-XSTONE-Concrete-grey-mandala_006.webp\",\"datePublished\":\"2026-04-14T08:09:58+00:00\",\"description\":\"Flessibile effetto ruggine striato. 90% minerale riciclato, classificazione antincendio A2. Un'audace texture geologica per hotel di lusso e design di pareti decorative.\",\"breadcrumb\":{\"@id\":\"https:\\\/\\\/xstone.group\\\/it\\\/product\\\/rolman01084-roll-mandala-middle-pebble-grey\\\/#breadcrumb\"},\"inLanguage\":\"it-IT\",\"potentialAction\":[{\"@type\":\"ReadAction\",\"target\":[\"https:\\\/\\\/xstone.group\\\/it\\\/product\\\/rolman01084-roll-mandala-middle-pebble-grey\\\/\"]}]},{\"@type\":\"ImageObject\",\"inLanguage\":\"it-IT\",\"@id\":\"https:\\\/\\\/xstone.group\\\/it\\\/product\\\/rolman01084-roll-mandala-middle-pebble-grey\\\/#primaryimage\",\"url\":\"https:\\\/\\\/xstone.group\\\/wp-content\\\/uploads\\\/2026\\\/04\\\/1022-XSTONE-Concrete-grey-mandala_006.webp\",\"contentUrl\":\"https:\\\/\\\/xstone.group\\\/wp-content\\\/uploads\\\/2026\\\/04\\\/1022-XSTONE-Concrete-grey-mandala_006.webp\",\"width\":1440,\"height\":1920,\"caption\":\"sculpted mandala mineral veneer\"},{\"@type\":\"BreadcrumbList\",\"@id\":\"https:\\\/\\\/xstone.group\\\/it\\\/product\\\/rolman01084-roll-mandala-middle-pebble-grey\\\/#breadcrumb\",\"itemListElement\":[{\"@type\":\"ListItem\",\"position\":1,\"name\":\"Home\",\"item\":\"https:\\\/\\\/xstone.group\\\/it\\\/\"},{\"@type\":\"ListItem\",\"position\":2,\"name\":\"Prodotti\",\"item\":\"https:\\\/\\\/xstone.group\\\/it\\\/shop\\\/\"},{\"@type\":\"ListItem\",\"position\":3,\"name\":\"[ROL] Roll Mineral Veneer [MAN] Mandala [01084] Grigio ciottolo medio\"}]},{\"@type\":\"WebSite\",\"@id\":\"https:\\\/\\\/xstone.group\\\/it\\\/#website\",\"url\":\"https:\\\/\\\/xstone.group\\\/it\\\/\",\"name\":\"XSTONE\",\"description\":\"Bellezza minerale autentica e illimitata, svincolata dalla gravit\u00e0\",\"potentialAction\":[{\"@type\":\"SearchAction\",\"target\":{\"@type\":\"EntryPoint\",\"urlTemplate\":\"https:\\\/\\\/xstone.group\\\/it\\\/?s={search_term_string}\"},\"query-input\":{\"@type\":\"PropertyValueSpecification\",\"valueRequired\":true,\"valueName\":\"search_term_string\"}}],\"inLanguage\":\"it-IT\"}]}<\/script>\n<!-- \/ Yoast SEO Premium plugin. -->","yoast_head_json":{"title":"Roll Mineral Veneer | Mandala | Pebble Grey medio","description":"Flessibile effetto ruggine striato. 90% minerale riciclato, classificazione antincendio A2. Un'audace texture geologica per hotel di lusso e design di pareti decorative.","robots":{"index":"index","follow":"follow","max-snippet":"max-snippet:-1","max-image-preview":"max-image-preview:large","max-video-preview":"max-video-preview:-1"},"canonical":"https:\/\/xstone.group\/it\/product\/rolman01084-roll-mandala-middle-pebble-grey\/","og_locale":"it_IT","og_type":"article","og_title":"[ROL] Roll Mineral Veneer [MAN] Mandala [01084] Grigio ciottolo medio","og_description":"Flessibile effetto ruggine striato. 90% minerale riciclato, classificazione antincendio A2. Un'audace texture geologica per hotel di lusso e design di pareti decorative.","og_url":"https:\/\/xstone.group\/it\/product\/rolman01084-roll-mandala-middle-pebble-grey\/","og_site_name":"XSTONE","article_publisher":"https:\/\/www.facebook.com\/Xstonesurfaces1\/","og_image":[{"width":1440,"height":1920,"url":"https:\/\/xstone.group\/wp-content\/uploads\/2026\/04\/1022-XSTONE-Concrete-grey-mandala_006.webp","type":"image\/webp"}],"twitter_card":"summary_large_image","twitter_misc":{"Tempo di lettura stimato":"1 minuto"},"schema":{"@context":"https:\/\/schema.org","@graph":[{"@type":"WebPage","@id":"https:\/\/xstone.group\/it\/product\/rolman01084-roll-mandala-middle-pebble-grey\/","url":"https:\/\/xstone.group\/it\/product\/rolman01084-roll-mandala-middle-pebble-grey\/","name":"Roll Mineral Veneer | Mandala | Pebble Grey medio","isPartOf":{"@id":"https:\/\/xstone.group\/it\/#website"},"primaryImageOfPage":{"@id":"https:\/\/xstone.group\/it\/product\/rolman01084-roll-mandala-middle-pebble-grey\/#primaryimage"},"image":{"@id":"https:\/\/xstone.group\/it\/product\/rolman01084-roll-mandala-middle-pebble-grey\/#primaryimage"},"thumbnailUrl":"https:\/\/xstone.group\/wp-content\/uploads\/2026\/04\/1022-XSTONE-Concrete-grey-mandala_006.webp","datePublished":"2026-04-14T08:09:58+00:00","description":"Flessibile effetto ruggine striato. 90% minerale riciclato, classificazione antincendio A2. Un'audace texture geologica per hotel di lusso e design di pareti decorative.","breadcrumb":{"@id":"https:\/\/xstone.group\/it\/product\/rolman01084-roll-mandala-middle-pebble-grey\/#breadcrumb"},"inLanguage":"it-IT","potentialAction":[{"@type":"ReadAction","target":["https:\/\/xstone.group\/it\/product\/rolman01084-roll-mandala-middle-pebble-grey\/"]}]},{"@type":"ImageObject","inLanguage":"it-IT","@id":"https:\/\/xstone.group\/it\/product\/rolman01084-roll-mandala-middle-pebble-grey\/#primaryimage","url":"https:\/\/xstone.group\/wp-content\/uploads\/2026\/04\/1022-XSTONE-Concrete-grey-mandala_006.webp","contentUrl":"https:\/\/xstone.group\/wp-content\/uploads\/2026\/04\/1022-XSTONE-Concrete-grey-mandala_006.webp","width":1440,"height":1920,"caption":"sculpted mandala mineral veneer"},{"@type":"BreadcrumbList","@id":"https:\/\/xstone.group\/it\/product\/rolman01084-roll-mandala-middle-pebble-grey\/#breadcrumb","itemListElement":[{"@type":"ListItem","position":1,"name":"Home","item":"https:\/\/xstone.group\/it\/"},{"@type":"ListItem","position":2,"name":"Prodotti","item":"https:\/\/xstone.group\/it\/shop\/"},{"@type":"ListItem","position":3,"name":"[ROL] Roll Mineral Veneer [MAN] Mandala [01084] Grigio ciottolo medio"}]},{"@type":"WebSite","@id":"https:\/\/xstone.group\/it\/#website","url":"https:\/\/xstone.group\/it\/","name":"XSTONE","description":"Bellezza minerale autentica e illimitata, svincolata dalla gravit\u00e0","potentialAction":[{"@type":"SearchAction","target":{"@type":"EntryPoint","urlTemplate":"https:\/\/xstone.group\/it\/?s={search_term_string}"},"query-input":{"@type":"PropertyValueSpecification","valueRequired":true,"valueName":"search_term_string"}}],"inLanguage":"it-IT"}]}},"spectra_custom_meta":{"_last_translation_edit_mode":["translation-editor"],"_product_attributes":["a:8:{s:7:\"backing\";a:6:{s:4:\"name\";s:7:\"Backing\";s:5:\"value\";s:14:\"Fibra di vetro\";s:8:\"position\";i:0;s:10:\"is_visible\";i:1;s:12:\"is_variation\";i:0;s:11:\"is_taxonomy\";i:0;}s:7:\"texture\";a:6:{s:4:\"name\";s:7:\"Texture\";s:5:\"value\";s:7:\"Mandala\";s:8:\"position\";i:1;s:10:\"is_visible\";i:1;s:12:\"is_variation\";i:0;s:11:\"is_taxonomy\";i:0;}s:5:\"color\";a:6:{s:4:\"name\";s:5:\"Color\";s:5:\"value\";s:21:\"Grigio ciottolo medio\";s:8:\"position\";i:2;s:10:\"is_visible\";i:1;s:12:\"is_variation\";i:0;s:11:\"is_taxonomy\";i:0;}s:4:\"size\";a:6:{s:4:\"name\";s:4:\"Size\";s:5:\"value\";s:54:\"3000 x 1000 mm; dimensioni personalizzate su richiesta\";s:8:\"position\";i:3;s:10:\"is_visible\";i:1;s:12:\"is_variation\";i:0;s:11:\"is_taxonomy\";i:0;}s:9:\"thickness\";a:6:{s:4:\"name\";s:9:\"Thickness\";s:5:\"value\";s:10:\"2 - 2,5 mm\";s:8:\"position\";i:4;s:10:\"is_visible\";i:1;s:12:\"is_variation\";i:0;s:11:\"is_taxonomy\";i:0;}s:6:\"finish\";a:6:{s:4:\"name\";s:6:\"Finish\";s:5:\"value\";s:4:\"Matt\";s:8:\"position\";i:5;s:10:\"is_visible\";i:1;s:12:\"is_variation\";i:0;s:11:\"is_taxonomy\";i:0;}s:11:\"composition\";a:6:{s:4:\"name\";s:11:\"Composition\";s:5:\"value\";s:60:\"90% polvere di marmo riciclata + copolimero + fibra di vetro\";s:8:\"position\";i:6;s:10:\"is_visible\";i:1;s:12:\"is_variation\";i:0;s:11:\"is_taxonomy\";i:0;}s:11:\"fire-rating\";a:6:{s:4:\"name\";s:11:\"Fire rating\";s:5:\"value\";s:8:\"A2-s1-d0\";s:8:\"position\";i:7;s:10:\"is_visible\";i:1;s:12:\"is_variation\";i:0;s:11:\"is_taxonomy\";i:0;}}"],"attr_label_translations":["a:1:{s:2:\"it\";a:8:{s:7:\"backing\";s:7:\"Backing\";s:7:\"texture\";s:7:\"Texture\";s:5:\"color\";s:6:\"Colore\";s:4:\"size\";s:10:\"Dimensioni\";s:9:\"thickness\";s:8:\"Spessore\";s:6:\"finish\";s:8:\"Finitura\";s:11:\"composition\";s:12:\"Composizione\";s:11:\"fire-rating\";s:27:\"Classificazione antincendio\";}}"],"_wcml_average_rating":[null],"_wcml_review_count":[null],"_wcml_rating_count":[null],"_yoast_wpseo_primary_product_cat":["332"],"_backorders":["no"],"_download_limit":["-1"],"_download_expiry":["-1"],"_downloadable":["no"],"_manage_stock":["no"],"_sku":["ROLMAN01084"],"_stock_status":["instock"],"_sold_individually":["no"],"_tax_class":[""],"_tax_status":["taxable"],"_virtual":["no"],"total_sales":["0"],"_wpml_media_duplicate":["1"],"_wpml_media_featured":["1"],"stick-header-meta":["default"],"site-sidebar-layout":["default"],"theme-transparent-header-meta":["default"],"ast-site-content-layout":["default"],"site-content-style":["default"],"site-sidebar-style":["default"],"_yoast_wpseo_title":["Roll Mineral Veneer | Mandala | Pebble Grey medio"],"_yoast_wpseo_metadesc":["Flessibile effetto ruggine striato. 90% minerale riciclato, classificazione antincendio A2. Un'audace texture geologica per hotel di lusso e design di pareti decorative."],"_yoast_wpseo_focuskw":["impiallacciatura minerale mandala scolpito"],"_upsell_ids":["a:3:{i:0;i:21506;i:1;N;i:2;N;}"],"_wpt_field_wpt-16200":["[elementor-template id=\"16197\"]"],"_product_image_gallery":["23013,23014,23015,23016,23017,23018,23019,23020,23003"],"_thumbnail_id":["23021"],"_wpml_word_count":["321"],"two_optimized_date":["1776461014"],"woolentor_views_count_product":["7"],"_uag_css_file_name":["uag-css-22992.css"],"_uag_js_file_name":["uag-js-22992.js"],"tp_widgets":["a:2:{s:7:\"widgets\";a:6:{i:0;s:18:\"plus-list-skeleton\";i:1;s:22:\"plus-listing-load-more\";i:2;s:18:\"plus-listing-metro\";i:3;s:18:\"tp-product-listout\";i:4;s:17:\"tp-single-style_1\";i:5;s:19:\"tp-woo-single-image\";}s:9:\"update_at\";s:10:\"1776541402\";}"],"_elementor_edit_mode":["builder"],"_selectproduct_layout":["18065"],"_wc_rating_count":[""],"_wc_review_count":[""],"_wc_average_rating":[0]},"uagb_featured_image_src":{"full":["https:\/\/xstone.group\/wp-content\/uploads\/2026\/04\/1022-XSTONE-Concrete-grey-mandala_006.webp",1440,1920,false],"thumbnail":["https:\/\/xstone.group\/wp-content\/uploads\/2026\/04\/1022-XSTONE-Concrete-grey-mandala_006-150x150.webp",150,150,true],"medium":["https:\/\/xstone.group\/wp-content\/uploads\/2026\/04\/1022-XSTONE-Concrete-grey-mandala_006-225x300.webp",225,300,true],"medium_large":["https:\/\/xstone.group\/wp-content\/uploads\/2026\/04\/1022-XSTONE-Concrete-grey-mandala_006-768x1024.webp",768,1024,true],"large":["https:\/\/xstone.group\/wp-content\/uploads\/2026\/04\/1022-XSTONE-Concrete-grey-mandala_006-768x1024.webp",768,1024,true],"1536x1536":["https:\/\/xstone.group\/wp-content\/uploads\/2026\/04\/1022-XSTONE-Concrete-grey-mandala_006-1152x1536.webp",1152,1536,true],"2048x2048":["https:\/\/xstone.group\/wp-content\/uploads\/2026\/04\/1022-XSTONE-Concrete-grey-mandala_006.webp",1440,1920,false],"tp-image-grid":["https:\/\/xstone.group\/wp-content\/uploads\/2026\/04\/1022-XSTONE-Concrete-grey-mandala_006-700x700.webp",700,700,true],"tenweb_optimizer_mobile":["https:\/\/xstone.group\/wp-content\/uploads\/2026\/04\/1022-XSTONE-Concrete-grey-mandala_006-450x600.webp",450,600,true],"tenweb_optimizer_tablet":["https:\/\/xstone.group\/wp-content\/uploads\/2026\/04\/1022-XSTONE-Concrete-grey-mandala_006-768x1024.webp",768,1024,true],"woocommerce_thumbnail":["https:\/\/xstone.group\/wp-content\/uploads\/2026\/04\/1022-XSTONE-Concrete-grey-mandala_006-300x300.webp",300,300,true],"woocommerce_single":["https:\/\/xstone.group\/wp-content\/uploads\/2026\/04\/1022-XSTONE-Concrete-grey-mandala_006-600x800.webp",600,800,true],"woocommerce_gallery_thumbnail":["https:\/\/xstone.group\/wp-content\/uploads\/2026\/04\/1022-XSTONE-Concrete-grey-mandala_006-100x100.webp",100,100,true]},"uagb_author_info":{"display_name":"laurent.gomez@xstone.group","author_link":"https:\/\/xstone.group\/it\/author\/"},"uagb_comment_info":0,"uagb_excerpt":"Alcune superfici trattengono l&#8217;immobilit\u00e0. Questa la irradia. XSTONE Roll Mineral Veneer nella texture Mandala e Middle Pebble Grey \u00e8 un pannello da parete minerale a mandala scolpito che eleva la parete da superficie a meditazione. La texture Mandala si dispiega con una tranquilla cerimonia: arabeschi fluenti e motivi simmetrici che emergono delicatamente dal materiale, evocando&hellip;","_links":{"self":[{"href":"https:\/\/xstone.group\/it\/wp-json\/wp\/v2\/product\/22992","targetHints":{"allow":["GET"]}}],"collection":[{"href":"https:\/\/xstone.group\/it\/wp-json\/wp\/v2\/product"}],"about":[{"href":"https:\/\/xstone.group\/it\/wp-json\/wp\/v2\/types\/product"}],"replies":[{"embeddable":true,"href":"https:\/\/xstone.group\/it\/wp-json\/wp\/v2\/comments?post=22992"}],"wp:featuredmedia":[{"embeddable":true,"href":"https:\/\/xstone.group\/it\/wp-json\/wp\/v2\/media\/23021"}],"wp:attachment":[{"href":"https:\/\/xstone.group\/it\/wp-json\/wp\/v2\/media?parent=22992"}],"wp:term":[{"taxonomy":"product_brand","embeddable":true,"href":"https:\/\/xstone.group\/it\/wp-json\/wp\/v2\/product_brand?post=22992"},{"taxonomy":"product_cat","embeddable":true,"href":"https:\/\/xstone.group\/it\/wp-json\/wp\/v2\/product_cat?post=22992"},{"taxonomy":"product_tag","embeddable":true,"href":"https:\/\/xstone.group\/it\/wp-json\/wp\/v2\/product_tag?post=22992"}],"curies":[{"name":"wp","href":"https:\/\/api.w.org\/{rel}","templated":true}]}}