{"id":24946,"date":"2025-11-28T16:18:28","date_gmt":"2025-11-28T16:18:28","guid":{"rendered":"https:\/\/xstone.group\/product\/snd-sabbia\/"},"modified":"2025-11-28T16:18:28","modified_gmt":"2025-11-28T16:18:28","slug":"snd-sand","status":"publish","type":"product","link":"https:\/\/xstone.group\/it\/product\/snd-sand\/","title":{"rendered":"SND | Sabbia"},"content":{"rendered":"<p>La sabbia \u00e8 una superficie finemente strutturata, composta da innumerevoli e delicati grani minerali che creano un paesaggio morbido e tattile con una dolce profondit\u00e0 e una naturale irregolarit\u00e0. Il suo rilievo sottile e opaco evoca la calma di un terreno modellato dal vento, portando un senso di calore, serenit\u00e0 e semplicit\u00e0 organica che arricchisce tranquillamente gli spazi architettonici e interni. <\/p>\n","protected":false},"excerpt":{"rendered":"<p>La sabbia \u00e8 una superficie finemente strutturata, composta da innumerevoli e delicati grani minerali che creano un paesaggio morbido e tattile con una dolce profondit\u00e0 e una naturale irregolarit\u00e0. Il suo rilievo sottile e opaco evoca la calma di un terreno modellato dal vento, portando un senso di calore, serenit\u00e0 e semplicit\u00e0 organica che arricchisce [&hellip;]<\/p>\n","protected":false},"featured_media":24949,"comment_status":"open","ping_status":"closed","template":"","meta":{"_acf_changed":false,"_uag_custom_page_level_css":"","site-sidebar-layout":"default","site-content-layout":"","ast-site-content-layout":"default","site-content-style":"default","site-sidebar-style":"default","ast-global-header-display":"","ast-banner-title-visibility":"","ast-main-header-display":"","ast-hfb-above-header-display":"","ast-hfb-below-header-display":"","ast-hfb-mobile-header-display":"","site-post-title":"","ast-breadcrumbs-content":"","ast-featured-img":"","footer-sml-layout":"","theme-transparent-header-meta":"default","adv-header-id-meta":"","stick-header-meta":"default","header-above-stick-meta":"","header-main-stick-meta":"","header-below-stick-meta":"","astra-migrate-meta-layouts":"default","ast-page-background-enabled":"default","ast-page-background-meta":{"desktop":{"background-color":"var(--ast-global-color-4)","background-image":"","background-repeat":"repeat","background-position":"center center","background-size":"auto","background-attachment":"scroll","background-type":"","background-media":"","overlay-type":"","overlay-color":"","overlay-opacity":"","overlay-gradient":""},"tablet":{"background-color":"","background-image":"","background-repeat":"repeat","background-position":"center center","background-size":"auto","background-attachment":"scroll","background-type":"","background-media":"","overlay-type":"","overlay-color":"","overlay-opacity":"","overlay-gradient":""},"mobile":{"background-color":"","background-image":"","background-repeat":"repeat","background-position":"center center","background-size":"auto","background-attachment":"scroll","background-type":"","background-media":"","overlay-type":"","overlay-color":"","overlay-opacity":"","overlay-gradient":""}},"ast-content-background-meta":{"desktop":{"background-color":"var(--ast-global-color-5)","background-image":"","background-repeat":"repeat","background-position":"center center","background-size":"auto","background-attachment":"scroll","background-type":"","background-media":"","overlay-type":"","overlay-color":"","overlay-opacity":"","overlay-gradient":""},"tablet":{"background-color":"var(--ast-global-color-5)","background-image":"","background-repeat":"repeat","background-position":"center center","background-size":"auto","background-attachment":"scroll","background-type":"","background-media":"","overlay-type":"","overlay-color":"","overlay-opacity":"","overlay-gradient":""},"mobile":{"background-color":"var(--ast-global-color-5)","background-image":"","background-repeat":"repeat","background-position":"center center","background-size":"auto","background-attachment":"scroll","background-type":"","background-media":"","overlay-type":"","overlay-color":"","overlay-opacity":"","overlay-gradient":""}}},"product_brand":[],"product_cat":[6140,3658],"product_tag":[8692,8691,8695,8690,8697,8689],"class_list":{"0":"post-24946","1":"product","2":"type-product","3":"status-publish","4":"has-post-thumbnail","6":"product_cat-stone","7":"product_cat-texture","8":"product_tag-organic-wall-design","9":"product_tag-mineral-wall-finish","10":"product_tag-subtle-textured-wall","11":"product_tag-fine-grain-wall-surface","12":"product_tag-comp-texture-15432","13":"product_tag-sand-texture","14":"desktop-align-left","15":"tablet-align-left","16":"mobile-align-left","18":"first","19":"instock","20":"shipping-taxable","21":"product-type-simple"},"acf":[],"yoast_head":"<!-- This site is optimized with the Yoast SEO Premium plugin v27.4 (Yoast SEO v27.4) - https:\/\/yoast.com\/product\/yoast-seo-premium-wordpress\/ -->\n<title>SND | Sabbia - XSTONE<\/title>\n<meta name=\"description\" content=\"Scopri Sand, una texture minerale a grana fine per pareti con una profondit\u00e0 morbida e un rilievo naturale, ideale per un design d&#039;interni calmo, caldo e organico.\" \/>\n<meta name=\"robots\" content=\"index, follow, max-snippet:-1, max-image-preview:large, max-video-preview:-1\" \/>\n<link rel=\"canonical\" href=\"https:\/\/xstone.group\/it\/product\/snd-sand\/\" \/>\n<meta property=\"og:locale\" content=\"it_IT\" \/>\n<meta property=\"og:type\" content=\"article\" \/>\n<meta property=\"og:title\" content=\"SND | Sabbia\" \/>\n<meta property=\"og:description\" content=\"Scopri Sand, una texture minerale a grana fine per pareti con una profondit\u00e0 morbida e un rilievo naturale, ideale per un design d&#039;interni calmo, caldo e organico.\" \/>\n<meta property=\"og:url\" content=\"https:\/\/xstone.group\/it\/product\/snd-sand\/\" \/>\n<meta property=\"og:site_name\" content=\"XSTONE\" \/>\n<meta property=\"article:publisher\" content=\"https:\/\/www.facebook.com\/Xstonesurfaces1\/\" \/>\n<meta property=\"og:image\" content=\"https:\/\/xstone.group\/wp-content\/uploads\/2025\/11\/XStone-Texture-SND.webp\" \/>\n\t<meta property=\"og:image:width\" content=\"1920\" \/>\n\t<meta property=\"og:image:height\" content=\"1920\" \/>\n\t<meta property=\"og:image:type\" content=\"image\/webp\" \/>\n<meta name=\"twitter:card\" content=\"summary_large_image\" \/>\n<script type=\"application\/ld+json\" class=\"yoast-schema-graph\">{\"@context\":\"https:\\\/\\\/schema.org\",\"@graph\":[{\"@type\":\"WebPage\",\"@id\":\"https:\\\/\\\/xstone.group\\\/it\\\/product\\\/snd-sand\\\/\",\"url\":\"https:\\\/\\\/xstone.group\\\/it\\\/product\\\/snd-sand\\\/\",\"name\":\"SND | Sabbia - XSTONE\",\"isPartOf\":{\"@id\":\"https:\\\/\\\/xstone.group\\\/it\\\/#website\"},\"primaryImageOfPage\":{\"@id\":\"https:\\\/\\\/xstone.group\\\/it\\\/product\\\/snd-sand\\\/#primaryimage\"},\"image\":{\"@id\":\"https:\\\/\\\/xstone.group\\\/it\\\/product\\\/snd-sand\\\/#primaryimage\"},\"thumbnailUrl\":\"https:\\\/\\\/xstone.group\\\/wp-content\\\/uploads\\\/2025\\\/11\\\/XStone-Texture-SND.webp\",\"datePublished\":\"2025-11-28T16:18:28+00:00\",\"description\":\"Scopri Sand, una texture minerale a grana fine per pareti con una profondit\u00e0 morbida e un rilievo naturale, ideale per un design d'interni calmo, caldo e organico.\",\"breadcrumb\":{\"@id\":\"https:\\\/\\\/xstone.group\\\/it\\\/product\\\/snd-sand\\\/#breadcrumb\"},\"inLanguage\":\"it-IT\",\"potentialAction\":[{\"@type\":\"ReadAction\",\"target\":[\"https:\\\/\\\/xstone.group\\\/it\\\/product\\\/snd-sand\\\/\"]}]},{\"@type\":\"ImageObject\",\"inLanguage\":\"it-IT\",\"@id\":\"https:\\\/\\\/xstone.group\\\/it\\\/product\\\/snd-sand\\\/#primaryimage\",\"url\":\"https:\\\/\\\/xstone.group\\\/wp-content\\\/uploads\\\/2025\\\/11\\\/XStone-Texture-SND.webp\",\"contentUrl\":\"https:\\\/\\\/xstone.group\\\/wp-content\\\/uploads\\\/2025\\\/11\\\/XStone-Texture-SND.webp\",\"width\":1920,\"height\":1920,\"caption\":\"XStone -Texture - Sand\"},{\"@type\":\"BreadcrumbList\",\"@id\":\"https:\\\/\\\/xstone.group\\\/it\\\/product\\\/snd-sand\\\/#breadcrumb\",\"itemListElement\":[{\"@type\":\"ListItem\",\"position\":1,\"name\":\"Home\",\"item\":\"https:\\\/\\\/xstone.group\\\/it\\\/\"},{\"@type\":\"ListItem\",\"position\":2,\"name\":\"Prodotti\",\"item\":\"https:\\\/\\\/xstone.group\\\/it\\\/shop\\\/\"},{\"@type\":\"ListItem\",\"position\":3,\"name\":\"SND | Sabbia\"}]},{\"@type\":\"WebSite\",\"@id\":\"https:\\\/\\\/xstone.group\\\/it\\\/#website\",\"url\":\"https:\\\/\\\/xstone.group\\\/it\\\/\",\"name\":\"XSTONE\",\"description\":\"Bellezza minerale autentica e illimitata, svincolata dalla gravit\u00e0\",\"potentialAction\":[{\"@type\":\"SearchAction\",\"target\":{\"@type\":\"EntryPoint\",\"urlTemplate\":\"https:\\\/\\\/xstone.group\\\/it\\\/?s={search_term_string}\"},\"query-input\":{\"@type\":\"PropertyValueSpecification\",\"valueRequired\":true,\"valueName\":\"search_term_string\"}}],\"inLanguage\":\"it-IT\"}]}<\/script>\n<!-- \/ Yoast SEO Premium plugin. -->","yoast_head_json":{"title":"SND | Sabbia - XSTONE","description":"Scopri Sand, una texture minerale a grana fine per pareti con una profondit\u00e0 morbida e un rilievo naturale, ideale per un design d'interni calmo, caldo e organico.","robots":{"index":"index","follow":"follow","max-snippet":"max-snippet:-1","max-image-preview":"max-image-preview:large","max-video-preview":"max-video-preview:-1"},"canonical":"https:\/\/xstone.group\/it\/product\/snd-sand\/","og_locale":"it_IT","og_type":"article","og_title":"SND | Sabbia","og_description":"Scopri Sand, una texture minerale a grana fine per pareti con una profondit\u00e0 morbida e un rilievo naturale, ideale per un design d'interni calmo, caldo e organico.","og_url":"https:\/\/xstone.group\/it\/product\/snd-sand\/","og_site_name":"XSTONE","article_publisher":"https:\/\/www.facebook.com\/Xstonesurfaces1\/","og_image":[{"width":1920,"height":1920,"url":"https:\/\/xstone.group\/wp-content\/uploads\/2025\/11\/XStone-Texture-SND.webp","type":"image\/webp"}],"twitter_card":"summary_large_image","schema":{"@context":"https:\/\/schema.org","@graph":[{"@type":"WebPage","@id":"https:\/\/xstone.group\/it\/product\/snd-sand\/","url":"https:\/\/xstone.group\/it\/product\/snd-sand\/","name":"SND | Sabbia - XSTONE","isPartOf":{"@id":"https:\/\/xstone.group\/it\/#website"},"primaryImageOfPage":{"@id":"https:\/\/xstone.group\/it\/product\/snd-sand\/#primaryimage"},"image":{"@id":"https:\/\/xstone.group\/it\/product\/snd-sand\/#primaryimage"},"thumbnailUrl":"https:\/\/xstone.group\/wp-content\/uploads\/2025\/11\/XStone-Texture-SND.webp","datePublished":"2025-11-28T16:18:28+00:00","description":"Scopri Sand, una texture minerale a grana fine per pareti con una profondit\u00e0 morbida e un rilievo naturale, ideale per un design d'interni calmo, caldo e organico.","breadcrumb":{"@id":"https:\/\/xstone.group\/it\/product\/snd-sand\/#breadcrumb"},"inLanguage":"it-IT","potentialAction":[{"@type":"ReadAction","target":["https:\/\/xstone.group\/it\/product\/snd-sand\/"]}]},{"@type":"ImageObject","inLanguage":"it-IT","@id":"https:\/\/xstone.group\/it\/product\/snd-sand\/#primaryimage","url":"https:\/\/xstone.group\/wp-content\/uploads\/2025\/11\/XStone-Texture-SND.webp","contentUrl":"https:\/\/xstone.group\/wp-content\/uploads\/2025\/11\/XStone-Texture-SND.webp","width":1920,"height":1920,"caption":"XStone -Texture - Sand"},{"@type":"BreadcrumbList","@id":"https:\/\/xstone.group\/it\/product\/snd-sand\/#breadcrumb","itemListElement":[{"@type":"ListItem","position":1,"name":"Home","item":"https:\/\/xstone.group\/it\/"},{"@type":"ListItem","position":2,"name":"Prodotti","item":"https:\/\/xstone.group\/it\/shop\/"},{"@type":"ListItem","position":3,"name":"SND | Sabbia"}]},{"@type":"WebSite","@id":"https:\/\/xstone.group\/it\/#website","url":"https:\/\/xstone.group\/it\/","name":"XSTONE","description":"Bellezza minerale autentica e illimitata, svincolata dalla gravit\u00e0","potentialAction":[{"@type":"SearchAction","target":{"@type":"EntryPoint","urlTemplate":"https:\/\/xstone.group\/it\/?s={search_term_string}"},"query-input":{"@type":"PropertyValueSpecification","valueRequired":true,"valueName":"search_term_string"}}],"inLanguage":"it-IT"}]}},"spectra_custom_meta":{"_last_translation_edit_mode":["translation-editor"],"_wcml_average_rating":[null],"_wcml_review_count":[null],"_wcml_rating_count":[null],"_yoast_wpseo_primary_product_cat":[""],"_backorders":["no"],"_download_limit":["-1"],"_download_expiry":["-1"],"_downloadable":["no"],"_manage_stock":["no"],"_sku":["SND"],"_stock_status":["instock"],"_sold_individually":["no"],"_tax_class":[""],"_tax_status":["taxable"],"_virtual":["no"],"total_sales":["0"],"_wpml_media_duplicate":["1"],"_wpml_media_featured":["1"],"stick-header-meta":["default"],"site-sidebar-layout":["default"],"theme-transparent-header-meta":["default"],"ast-site-content-layout":["default"],"site-content-style":["default"],"site-sidebar-style":["default"],"_yoast_wpseo_metadesc":["Scopri Sand, una texture minerale a grana fine per pareti con una profondit\u00e0 morbida e un rilievo naturale, ideale per un design d'interni calmo, caldo e organico."],"_yoast_wpseo_focuskw":["superficie murale strutturata con sabbia"],"_thumbnail_id":["24949"],"_product_attributes":["a:3:{s:12:\"pa_thickness\";a:6:{s:4:\"name\";s:12:\"pa_thickness\";s:5:\"value\";s:0:\"\";s:8:\"position\";i:0;s:10:\"is_visible\";i:1;s:12:\"is_variation\";i:0;s:11:\"is_taxonomy\";i:1;}s:14:\"pa_composition\";a:6:{s:4:\"name\";s:14:\"pa_composition\";s:5:\"value\";s:0:\"\";s:8:\"position\";i:1;s:10:\"is_visible\";i:1;s:12:\"is_variation\";i:0;s:11:\"is_taxonomy\";i:1;}s:14:\"pa_fire-rating\";a:6:{s:4:\"name\";s:14:\"pa_fire-rating\";s:5:\"value\";s:0:\"\";s:8:\"position\";i:2;s:10:\"is_visible\";i:1;s:12:\"is_variation\";i:0;s:11:\"is_taxonomy\";i:1;}}"],"_wpml_word_count":["72"],"two_optimized_date":["1776556151"],"woolentor_views_count_product":["9"],"_uag_css_file_name":["uag-css-24946.css"],"_uag_js_file_name":["uag-js-24946.js"],"tp_widgets":["a:2:{s:7:\"widgets\";a:6:{i:0;s:18:\"plus-list-skeleton\";i:1;s:22:\"plus-listing-load-more\";i:2;s:18:\"plus-listing-metro\";i:3;s:18:\"tp-product-listout\";i:4;s:17:\"tp-single-style_1\";i:5;s:19:\"tp-woo-single-image\";}s:9:\"update_at\";s:10:\"1776541402\";}"],"_elementor_edit_mode":["builder"],"_selectproduct_layout":["16389"],"_elementor_page_assets":["a:0:{}"],"_elementor_css":["a:7:{s:4:\"time\";i:1776626559;s:5:\"fonts\";a:0:{}s:5:\"icons\";a:0:{}s:20:\"dynamic_elements_ids\";a:0:{}s:6:\"status\";s:5:\"empty\";i:0;s:0:\"\";s:3:\"css\";s:0:\"\";}"],"_wc_rating_count":[""],"_wc_review_count":[""],"_wc_average_rating":[0]},"uagb_featured_image_src":{"full":["https:\/\/xstone.group\/wp-content\/uploads\/2025\/11\/XStone-Texture-SND.webp",1920,1920,false],"thumbnail":["https:\/\/xstone.group\/wp-content\/uploads\/2025\/11\/XStone-Texture-SND-150x150.webp",150,150,true],"medium":["https:\/\/xstone.group\/wp-content\/uploads\/2025\/11\/XStone-Texture-SND-300x300.webp",300,300,true],"medium_large":["https:\/\/xstone.group\/wp-content\/uploads\/2025\/11\/XStone-Texture-SND-768x768.webp",768,768,true],"large":["https:\/\/xstone.group\/wp-content\/uploads\/2025\/11\/XStone-Texture-SND-1024x1024.webp",1024,1024,true],"1536x1536":["https:\/\/xstone.group\/wp-content\/uploads\/2025\/11\/XStone-Texture-SND-1536x1536.webp",1536,1536,true],"2048x2048":["https:\/\/xstone.group\/wp-content\/uploads\/2025\/11\/XStone-Texture-SND.webp",1920,1920,false],"tp-image-grid":["https:\/\/xstone.group\/wp-content\/uploads\/2025\/11\/XStone-Texture-SND-700x700.webp",700,700,true],"tenweb_optimizer_mobile":["https:\/\/xstone.group\/wp-content\/uploads\/2025\/11\/XStone-Texture-SND-600x600.webp",600,600,true],"tenweb_optimizer_tablet":["https:\/\/xstone.group\/wp-content\/uploads\/2025\/11\/XStone-Texture-SND-768x768.webp",768,768,true],"woocommerce_thumbnail":["https:\/\/xstone.group\/wp-content\/uploads\/2025\/11\/XStone-Texture-SND-300x300.webp",300,300,true],"woocommerce_single":["https:\/\/xstone.group\/wp-content\/uploads\/2025\/11\/XStone-Texture-SND-600x600.webp",600,600,true],"woocommerce_gallery_thumbnail":["https:\/\/xstone.group\/wp-content\/uploads\/2025\/11\/XStone-Texture-SND-100x100.webp",100,100,true]},"uagb_author_info":{"display_name":"laurent.gomez@xstone.group","author_link":"https:\/\/xstone.group\/it\/author\/"},"uagb_comment_info":0,"uagb_excerpt":"La sabbia \u00e8 una superficie finemente strutturata, composta da innumerevoli e delicati grani minerali che creano un paesaggio morbido e tattile con una dolce profondit\u00e0 e una naturale irregolarit\u00e0. Il suo rilievo sottile e opaco evoca la calma di un terreno modellato dal vento, portando un senso di calore, serenit\u00e0 e semplicit\u00e0 organica che arricchisce&hellip;","_links":{"self":[{"href":"https:\/\/xstone.group\/it\/wp-json\/wp\/v2\/product\/24946","targetHints":{"allow":["GET"]}}],"collection":[{"href":"https:\/\/xstone.group\/it\/wp-json\/wp\/v2\/product"}],"about":[{"href":"https:\/\/xstone.group\/it\/wp-json\/wp\/v2\/types\/product"}],"replies":[{"embeddable":true,"href":"https:\/\/xstone.group\/it\/wp-json\/wp\/v2\/comments?post=24946"}],"wp:featuredmedia":[{"embeddable":true,"href":"https:\/\/xstone.group\/it\/wp-json\/wp\/v2\/media\/24949"}],"wp:attachment":[{"href":"https:\/\/xstone.group\/it\/wp-json\/wp\/v2\/media?parent=24946"}],"wp:term":[{"taxonomy":"product_brand","embeddable":true,"href":"https:\/\/xstone.group\/it\/wp-json\/wp\/v2\/product_brand?post=24946"},{"taxonomy":"product_cat","embeddable":true,"href":"https:\/\/xstone.group\/it\/wp-json\/wp\/v2\/product_cat?post=24946"},{"taxonomy":"product_tag","embeddable":true,"href":"https:\/\/xstone.group\/it\/wp-json\/wp\/v2\/product_tag?post=24946"}],"curies":[{"name":"wp","href":"https:\/\/api.w.org\/{rel}","templated":true}]}}