{"id":25398,"date":"2025-11-29T19:42:37","date_gmt":"2025-11-29T19:42:37","guid":{"rendered":"https:\/\/xstone.group\/product\/vas-veroboard-allstar-a2\/"},"modified":"2025-11-29T19:42:37","modified_gmt":"2025-11-29T19:42:37","slug":"vas-veroboard-allstar-a2","status":"publish","type":"product","link":"https:\/\/xstone.group\/it\/product\/vas-veroboard-allstar-a2\/","title":{"rendered":"VAS | Veroboard Allstar A2"},"content":{"rendered":"<p>Veroboard\u00ae AllStar \u00e8 un pannello portante leggero classificato A2-s1,d0, progettato per applicazioni interne ed esterne, che combina peso ridotto, incombustibilit\u00e0, resistenza meccanica e stabilit\u00e0 dimensionale. La sua funzione principale \u00e8 quella di fungere da substrato versatile in grado di supportare un&#8217;ampia gamma di sistemi di finitura senza aggiungere inutili carichi morti alla struttura. <\/p>\n<p data-start=\"498\" data-end=\"958\">Se combinato con il laminato minerale XSTONE, il pannello diventa un sistema composito ad alte prestazioni in cui Veroboard fornisce integrit\u00e0 strutturale, stabilit\u00e0 e facilit\u00e0 di installazione, mentre il laminato minerale XSTONE offre una superficie finale dall&#8217;aspetto autentico della pietra, una texture minerale e una maggiore resistenza superficiale. Questa integrazione consente di riprodurre i materiali minerali naturali in una soluzione leggera, flessibile e tecnicamente efficiente. <\/p>\n<p data-start=\"960\" data-end=\"1321\">Il sistema offre maneggevolezza, flessibilit\u00e0 per le superfici curve, eccellente resistenza alle crepe e agli urti e bassissima deformazione termica e igrometrica, garantendo giunzioni precise e finiture senza soluzione di continuit\u00e0. \u00c8 particolarmente indicato per facciate, progetti di ristrutturazione, aree umide, costruzioni in legno e applicazioni composite che richiedono finiture minerali di qualit\u00e0. <\/p>\n","protected":false},"excerpt":{"rendered":"<p>Veroboard\u00ae AllStar \u00e8 un pannello portante leggero classificato A2-s1,d0, progettato per applicazioni interne ed esterne, che combina peso ridotto, incombustibilit\u00e0, resistenza meccanica e stabilit\u00e0 dimensionale. La sua funzione principale \u00e8 quella di fungere da substrato versatile in grado di supportare un&#8217;ampia gamma di sistemi di finitura senza aggiungere inutili carichi morti alla struttura. Se combinato [&hellip;]<\/p>\n","protected":false},"featured_media":25404,"comment_status":"open","ping_status":"closed","template":"","meta":{"_acf_changed":false,"_uag_custom_page_level_css":"","site-sidebar-layout":"default","site-content-layout":"","ast-site-content-layout":"default","site-content-style":"default","site-sidebar-style":"default","ast-global-header-display":"","ast-banner-title-visibility":"","ast-main-header-display":"","ast-hfb-above-header-display":"","ast-hfb-below-header-display":"","ast-hfb-mobile-header-display":"","site-post-title":"","ast-breadcrumbs-content":"","ast-featured-img":"","footer-sml-layout":"","theme-transparent-header-meta":"default","adv-header-id-meta":"","stick-header-meta":"default","header-above-stick-meta":"","header-main-stick-meta":"","header-below-stick-meta":"","astra-migrate-meta-layouts":"default","ast-page-background-enabled":"default","ast-page-background-meta":{"desktop":{"background-color":"var(--ast-global-color-4)","background-image":"","background-repeat":"repeat","background-position":"center center","background-size":"auto","background-attachment":"scroll","background-type":"","background-media":"","overlay-type":"","overlay-color":"","overlay-opacity":"","overlay-gradient":""},"tablet":{"background-color":"","background-image":"","background-repeat":"repeat","background-position":"center center","background-size":"auto","background-attachment":"scroll","background-type":"","background-media":"","overlay-type":"","overlay-color":"","overlay-opacity":"","overlay-gradient":""},"mobile":{"background-color":"","background-image":"","background-repeat":"repeat","background-position":"center center","background-size":"auto","background-attachment":"scroll","background-type":"","background-media":"","overlay-type":"","overlay-color":"","overlay-opacity":"","overlay-gradient":""}},"ast-content-background-meta":{"desktop":{"background-color":"var(--ast-global-color-5)","background-image":"","background-repeat":"repeat","background-position":"center center","background-size":"auto","background-attachment":"scroll","background-type":"","background-media":"","overlay-type":"","overlay-color":"","overlay-opacity":"","overlay-gradient":""},"tablet":{"background-color":"var(--ast-global-color-5)","background-image":"","background-repeat":"repeat","background-position":"center center","background-size":"auto","background-attachment":"scroll","background-type":"","background-media":"","overlay-type":"","overlay-color":"","overlay-opacity":"","overlay-gradient":""},"mobile":{"background-color":"var(--ast-global-color-5)","background-image":"","background-repeat":"repeat","background-position":"center center","background-size":"auto","background-attachment":"scroll","background-type":"","background-media":"","overlay-type":"","overlay-color":"","overlay-opacity":"","overlay-gradient":""}}},"product_brand":[],"product_cat":[2379],"product_tag":[9270,9269,9275,9268,9276,9265,9264,9266,9277,9263,7622,9273,9274,9267,9278,9271,9272,6572],"class_list":{"0":"post-25398","1":"product","2":"type-product","3":"status-publish","4":"has-post-thumbnail","6":"product_cat-backing","7":"product_tag-recycled-glass-core","8":"product_tag-sustainable-construction","9":"product_tag-low-voc-material","10":"product_tag-composite-building-material","11":"product_tag-eco-friendly-building-material","12":"product_tag-non-combustible-material","13":"product_tag-a2-fire-rated-board","14":"product_tag-architectural-panel","15":"product_tag-advanced-construction-panel","16":"product_tag-lightweight-panel","17":"product_tag-interior-wall-panel","18":"product_tag-impact-resistant-board","19":"product_tag-crack-resistant-panel","20":"product_tag-facade-cladding-system","21":"product_tag-design-surface-solution","22":"product_tag-high-performance-substrate","23":"product_tag-stone-effect-surface","24":"product_tag-comp-backing-15498","25":"desktop-align-left","26":"tablet-align-left","27":"mobile-align-left","29":"first","30":"instock","31":"shipping-taxable","32":"product-type-simple"},"acf":[],"yoast_head":"<!-- This site is optimized with the Yoast SEO Premium plugin v27.4 (Yoast SEO v27.4) - https:\/\/yoast.com\/product\/yoast-seo-premium-wordpress\/ -->\n<title>VAS | Veroboard Allstar A2 - XSTONE<\/title>\n<meta name=\"description\" content=\"Veroboard\u00ae AllStar \u00e8 un pannello portante leggero di classe A2 progettato per l&#039;uso in interni e in esterni. Il suo nucleo \u00e8 costituito da granulato di vetro espanso\" \/>\n<meta name=\"robots\" content=\"index, follow, max-snippet:-1, max-image-preview:large, max-video-preview:-1\" \/>\n<link rel=\"canonical\" href=\"https:\/\/xstone.group\/it\/product\/vas-veroboard-allstar-a2\/\" \/>\n<meta property=\"og:locale\" content=\"it_IT\" \/>\n<meta property=\"og:type\" content=\"article\" \/>\n<meta property=\"og:title\" content=\"VAS | Veroboard Allstar A2\" \/>\n<meta property=\"og:description\" content=\"Veroboard\u00ae AllStar \u00e8 un pannello portante leggero di classe A2 progettato per l&#039;uso in interni e in esterni. Il suo nucleo \u00e8 costituito da granulato di vetro espanso\" \/>\n<meta property=\"og:url\" content=\"https:\/\/xstone.group\/it\/product\/vas-veroboard-allstar-a2\/\" \/>\n<meta property=\"og:site_name\" content=\"XSTONE\" \/>\n<meta property=\"article:publisher\" content=\"https:\/\/www.facebook.com\/Xstonesurfaces1\/\" \/>\n<meta property=\"og:image\" content=\"https:\/\/xstone.group\/wp-content\/uploads\/2025\/11\/Veroboard-Allstar-A2-scaled.webp\" \/>\n\t<meta property=\"og:image:width\" content=\"2560\" \/>\n\t<meta property=\"og:image:height\" content=\"2560\" \/>\n\t<meta property=\"og:image:type\" content=\"image\/webp\" \/>\n<meta name=\"twitter:card\" content=\"summary_large_image\" \/>\n<meta name=\"twitter:label1\" content=\"Tempo di lettura stimato\" \/>\n\t<meta name=\"twitter:data1\" content=\"1 minuto\" \/>\n<script type=\"application\/ld+json\" class=\"yoast-schema-graph\">{\"@context\":\"https:\\\/\\\/schema.org\",\"@graph\":[{\"@type\":\"WebPage\",\"@id\":\"https:\\\/\\\/xstone.group\\\/it\\\/product\\\/vas-veroboard-allstar-a2\\\/\",\"url\":\"https:\\\/\\\/xstone.group\\\/it\\\/product\\\/vas-veroboard-allstar-a2\\\/\",\"name\":\"VAS | Veroboard Allstar A2 - XSTONE\",\"isPartOf\":{\"@id\":\"https:\\\/\\\/xstone.group\\\/it\\\/#website\"},\"primaryImageOfPage\":{\"@id\":\"https:\\\/\\\/xstone.group\\\/it\\\/product\\\/vas-veroboard-allstar-a2\\\/#primaryimage\"},\"image\":{\"@id\":\"https:\\\/\\\/xstone.group\\\/it\\\/product\\\/vas-veroboard-allstar-a2\\\/#primaryimage\"},\"thumbnailUrl\":\"https:\\\/\\\/xstone.group\\\/wp-content\\\/uploads\\\/2025\\\/11\\\/Veroboard-Allstar-A2-scaled.webp\",\"datePublished\":\"2025-11-29T19:42:37+00:00\",\"description\":\"Veroboard\u00ae AllStar \u00e8 un pannello portante leggero di classe A2 progettato per l'uso in interni e in esterni. Il suo nucleo \u00e8 costituito da granulato di vetro espanso\",\"breadcrumb\":{\"@id\":\"https:\\\/\\\/xstone.group\\\/it\\\/product\\\/vas-veroboard-allstar-a2\\\/#breadcrumb\"},\"inLanguage\":\"it-IT\",\"potentialAction\":[{\"@type\":\"ReadAction\",\"target\":[\"https:\\\/\\\/xstone.group\\\/it\\\/product\\\/vas-veroboard-allstar-a2\\\/\"]}]},{\"@type\":\"ImageObject\",\"inLanguage\":\"it-IT\",\"@id\":\"https:\\\/\\\/xstone.group\\\/it\\\/product\\\/vas-veroboard-allstar-a2\\\/#primaryimage\",\"url\":\"https:\\\/\\\/xstone.group\\\/wp-content\\\/uploads\\\/2025\\\/11\\\/Veroboard-Allstar-A2-scaled.webp\",\"contentUrl\":\"https:\\\/\\\/xstone.group\\\/wp-content\\\/uploads\\\/2025\\\/11\\\/Veroboard-Allstar-A2-scaled.webp\",\"width\":2560,\"height\":2560},{\"@type\":\"BreadcrumbList\",\"@id\":\"https:\\\/\\\/xstone.group\\\/it\\\/product\\\/vas-veroboard-allstar-a2\\\/#breadcrumb\",\"itemListElement\":[{\"@type\":\"ListItem\",\"position\":1,\"name\":\"Home\",\"item\":\"https:\\\/\\\/xstone.group\\\/it\\\/\"},{\"@type\":\"ListItem\",\"position\":2,\"name\":\"Prodotti\",\"item\":\"https:\\\/\\\/xstone.group\\\/it\\\/shop\\\/\"},{\"@type\":\"ListItem\",\"position\":3,\"name\":\"VAS | Veroboard Allstar A2\"}]},{\"@type\":\"WebSite\",\"@id\":\"https:\\\/\\\/xstone.group\\\/it\\\/#website\",\"url\":\"https:\\\/\\\/xstone.group\\\/it\\\/\",\"name\":\"XSTONE\",\"description\":\"Bellezza minerale autentica e illimitata, svincolata dalla gravit\u00e0\",\"potentialAction\":[{\"@type\":\"SearchAction\",\"target\":{\"@type\":\"EntryPoint\",\"urlTemplate\":\"https:\\\/\\\/xstone.group\\\/it\\\/?s={search_term_string}\"},\"query-input\":{\"@type\":\"PropertyValueSpecification\",\"valueRequired\":true,\"valueName\":\"search_term_string\"}}],\"inLanguage\":\"it-IT\"}]}<\/script>\n<!-- \/ Yoast SEO Premium plugin. -->","yoast_head_json":{"title":"VAS | Veroboard Allstar A2 - XSTONE","description":"Veroboard\u00ae AllStar \u00e8 un pannello portante leggero di classe A2 progettato per l'uso in interni e in esterni. Il suo nucleo \u00e8 costituito da granulato di vetro espanso","robots":{"index":"index","follow":"follow","max-snippet":"max-snippet:-1","max-image-preview":"max-image-preview:large","max-video-preview":"max-video-preview:-1"},"canonical":"https:\/\/xstone.group\/it\/product\/vas-veroboard-allstar-a2\/","og_locale":"it_IT","og_type":"article","og_title":"VAS | Veroboard Allstar A2","og_description":"Veroboard\u00ae AllStar \u00e8 un pannello portante leggero di classe A2 progettato per l'uso in interni e in esterni. Il suo nucleo \u00e8 costituito da granulato di vetro espanso","og_url":"https:\/\/xstone.group\/it\/product\/vas-veroboard-allstar-a2\/","og_site_name":"XSTONE","article_publisher":"https:\/\/www.facebook.com\/Xstonesurfaces1\/","og_image":[{"width":2560,"height":2560,"url":"https:\/\/xstone.group\/wp-content\/uploads\/2025\/11\/Veroboard-Allstar-A2-scaled.webp","type":"image\/webp"}],"twitter_card":"summary_large_image","twitter_misc":{"Tempo di lettura stimato":"1 minuto"},"schema":{"@context":"https:\/\/schema.org","@graph":[{"@type":"WebPage","@id":"https:\/\/xstone.group\/it\/product\/vas-veroboard-allstar-a2\/","url":"https:\/\/xstone.group\/it\/product\/vas-veroboard-allstar-a2\/","name":"VAS | Veroboard Allstar A2 - XSTONE","isPartOf":{"@id":"https:\/\/xstone.group\/it\/#website"},"primaryImageOfPage":{"@id":"https:\/\/xstone.group\/it\/product\/vas-veroboard-allstar-a2\/#primaryimage"},"image":{"@id":"https:\/\/xstone.group\/it\/product\/vas-veroboard-allstar-a2\/#primaryimage"},"thumbnailUrl":"https:\/\/xstone.group\/wp-content\/uploads\/2025\/11\/Veroboard-Allstar-A2-scaled.webp","datePublished":"2025-11-29T19:42:37+00:00","description":"Veroboard\u00ae AllStar \u00e8 un pannello portante leggero di classe A2 progettato per l'uso in interni e in esterni. Il suo nucleo \u00e8 costituito da granulato di vetro espanso","breadcrumb":{"@id":"https:\/\/xstone.group\/it\/product\/vas-veroboard-allstar-a2\/#breadcrumb"},"inLanguage":"it-IT","potentialAction":[{"@type":"ReadAction","target":["https:\/\/xstone.group\/it\/product\/vas-veroboard-allstar-a2\/"]}]},{"@type":"ImageObject","inLanguage":"it-IT","@id":"https:\/\/xstone.group\/it\/product\/vas-veroboard-allstar-a2\/#primaryimage","url":"https:\/\/xstone.group\/wp-content\/uploads\/2025\/11\/Veroboard-Allstar-A2-scaled.webp","contentUrl":"https:\/\/xstone.group\/wp-content\/uploads\/2025\/11\/Veroboard-Allstar-A2-scaled.webp","width":2560,"height":2560},{"@type":"BreadcrumbList","@id":"https:\/\/xstone.group\/it\/product\/vas-veroboard-allstar-a2\/#breadcrumb","itemListElement":[{"@type":"ListItem","position":1,"name":"Home","item":"https:\/\/xstone.group\/it\/"},{"@type":"ListItem","position":2,"name":"Prodotti","item":"https:\/\/xstone.group\/it\/shop\/"},{"@type":"ListItem","position":3,"name":"VAS | Veroboard Allstar A2"}]},{"@type":"WebSite","@id":"https:\/\/xstone.group\/it\/#website","url":"https:\/\/xstone.group\/it\/","name":"XSTONE","description":"Bellezza minerale autentica e illimitata, svincolata dalla gravit\u00e0","potentialAction":[{"@type":"SearchAction","target":{"@type":"EntryPoint","urlTemplate":"https:\/\/xstone.group\/it\/?s={search_term_string}"},"query-input":{"@type":"PropertyValueSpecification","valueRequired":true,"valueName":"search_term_string"}}],"inLanguage":"it-IT"}]}},"spectra_custom_meta":{"_last_translation_edit_mode":["translation-editor"],"_product_attributes":["a:5:{s:8:\"features\";a:6:{s:4:\"name\";s:8:\"Features\";s:5:\"value\";s:179:\"Leggero e facile da maneggiare. Elevata resistenza meccanica e agli urti. Eccellente resistenza alle crepe e stabilit\u00e0 dimensionale. Adatto per applicazioni interne ed esterne   \";s:8:\"position\";i:0;s:10:\"is_visible\";i:1;s:12:\"is_variation\";i:0;s:11:\"is_taxonomy\";i:0;}s:4:\"size\";a:6:{s:4:\"name\";s:4:\"Size\";s:5:\"value\";s:89:\"1200 \u00d7 800 mm, 2400 \u00d7 1200 mm, 2600 \u00d7 1250 mm; dimensioni personalizzate su richiesta.\";s:8:\"position\";i:1;s:10:\"is_visible\";i:1;s:12:\"is_variation\";i:0;s:11:\"is_taxonomy\";i:0;}s:9:\"thickness\";a:6:{s:4:\"name\";s:9:\"Thickness\";s:5:\"value\";s:26:\"8 mm, 10 mm, 12 mm e 20 mm\";s:8:\"position\";i:2;s:10:\"is_visible\";i:1;s:12:\"is_variation\";i:0;s:11:\"is_taxonomy\";i:0;}s:11:\"fire-rating\";a:6:{s:4:\"name\";s:11:\"Fire rating\";s:5:\"value\";s:8:\"A2-s1,d0\";s:8:\"position\";i:3;s:10:\"is_visible\";i:1;s:12:\"is_variation\";i:0;s:11:\"is_taxonomy\";i:0;}s:11:\"composition\";a:6:{s:4:\"name\";s:11:\"Composition\";s:5:\"value\";s:137:\"Anima in granulato di vetro riciclato espanso + leganti reattivi o a base di resina organica + rete in fibra di vetro su entrambi i lati.\";s:8:\"position\";i:4;s:10:\"is_visible\";i:1;s:12:\"is_variation\";i:0;s:11:\"is_taxonomy\";i:0;}}"],"attr_label_translations":["a:1:{s:2:\"it\";a:5:{s:8:\"features\";s:15:\"Caratteristiche\";s:4:\"size\";s:10:\"Dimensioni\";s:9:\"thickness\";s:8:\"Spessore\";s:11:\"fire-rating\";s:27:\"Classificazione antincendio\";s:11:\"composition\";s:12:\"Composizione\";}}"],"_wcml_average_rating":[null],"_wcml_review_count":[null],"_wcml_rating_count":[null],"_yoast_wpseo_primary_product_cat":["331"],"_backorders":["no"],"_download_limit":["-1"],"_download_expiry":["-1"],"_downloadable":["no"],"_manage_stock":["no"],"_sku":["VAS"],"_stock_status":["instock"],"_sold_individually":["no"],"_tax_class":[""],"_tax_status":["taxable"],"_virtual":["no"],"total_sales":["0"],"_wpml_media_duplicate":["1"],"_wpml_media_featured":["1"],"stick-header-meta":["default"],"site-sidebar-layout":["default"],"theme-transparent-header-meta":["default"],"ast-site-content-layout":["default"],"site-content-style":["default"],"site-sidebar-style":["default"],"_yoast_wpseo_metadesc":["Veroboard\u00ae AllStar \u00e8 un pannello portante leggero di classe A2 progettato per l'uso in interni e in esterni. Il suo nucleo \u00e8 costituito da granulato di vetro espanso"],"_yoast_wpseo_focuskw":["pannello ignifugo interno esterno"],"_thumbnail_id":["25404"],"_wpml_word_count":["232"],"_elementor_edit_mode":["builder"],"_selectproduct_layout":["18862"],"woolentor_views_count_product":["5"],"_uag_css_file_name":["uag-css-25398.css"],"_uag_js_file_name":["uag-js-25398.js"],"tp_widgets":["a:2:{s:7:\"widgets\";a:6:{i:0;s:18:\"plus-list-skeleton\";i:1;s:22:\"plus-listing-load-more\";i:2;s:18:\"plus-listing-metro\";i:3;s:18:\"tp-product-listout\";i:4;s:17:\"tp-single-style_1\";i:5;s:19:\"tp-woo-single-image\";}s:9:\"update_at\";s:10:\"1776541402\";}"],"_wc_rating_count":[""],"_wc_review_count":[""],"_wc_average_rating":[0]},"uagb_featured_image_src":{"full":["https:\/\/xstone.group\/wp-content\/uploads\/2025\/11\/Veroboard-Allstar-A2-scaled.webp",2560,2560,false],"thumbnail":["https:\/\/xstone.group\/wp-content\/uploads\/2025\/11\/Veroboard-Allstar-A2-150x150.webp",150,150,true],"medium":["https:\/\/xstone.group\/wp-content\/uploads\/2025\/11\/Veroboard-Allstar-A2-300x300.webp",300,300,true],"medium_large":["https:\/\/xstone.group\/wp-content\/uploads\/2025\/11\/Veroboard-Allstar-A2-768x768.webp",768,768,true],"large":["https:\/\/xstone.group\/wp-content\/uploads\/2025\/11\/Veroboard-Allstar-A2-1024x1024.webp",1024,1024,true],"1536x1536":["https:\/\/xstone.group\/wp-content\/uploads\/2025\/11\/Veroboard-Allstar-A2-1536x1536.webp",1536,1536,true],"2048x2048":["https:\/\/xstone.group\/wp-content\/uploads\/2025\/11\/Veroboard-Allstar-A2-2048x2048.webp",2048,2048,true],"tp-image-grid":["https:\/\/xstone.group\/wp-content\/uploads\/2025\/11\/Veroboard-Allstar-A2-scaled.webp",700,700,false],"tenweb_optimizer_mobile":["https:\/\/xstone.group\/wp-content\/uploads\/2025\/11\/Veroboard-Allstar-A2-600x600.webp",600,600,true],"tenweb_optimizer_tablet":["https:\/\/xstone.group\/wp-content\/uploads\/2025\/11\/Veroboard-Allstar-A2-768x768.webp",768,768,true],"woocommerce_thumbnail":["https:\/\/xstone.group\/wp-content\/uploads\/2025\/11\/Veroboard-Allstar-A2-300x300.webp",300,300,true],"woocommerce_single":["https:\/\/xstone.group\/wp-content\/uploads\/2025\/11\/Veroboard-Allstar-A2-600x600.webp",600,600,true],"woocommerce_gallery_thumbnail":["https:\/\/xstone.group\/wp-content\/uploads\/2025\/11\/Veroboard-Allstar-A2-100x100.webp",100,100,true]},"uagb_author_info":{"display_name":"laurent.gomez@xstone.group","author_link":"https:\/\/xstone.group\/it\/author\/"},"uagb_comment_info":0,"uagb_excerpt":"Veroboard\u00ae AllStar \u00e8 un pannello portante leggero classificato A2-s1,d0, progettato per applicazioni interne ed esterne, che combina peso ridotto, incombustibilit\u00e0, resistenza meccanica e stabilit\u00e0 dimensionale. La sua funzione principale \u00e8 quella di fungere da substrato versatile in grado di supportare un&#8217;ampia gamma di sistemi di finitura senza aggiungere inutili carichi morti alla struttura. Se combinato&hellip;","_links":{"self":[{"href":"https:\/\/xstone.group\/it\/wp-json\/wp\/v2\/product\/25398","targetHints":{"allow":["GET"]}}],"collection":[{"href":"https:\/\/xstone.group\/it\/wp-json\/wp\/v2\/product"}],"about":[{"href":"https:\/\/xstone.group\/it\/wp-json\/wp\/v2\/types\/product"}],"replies":[{"embeddable":true,"href":"https:\/\/xstone.group\/it\/wp-json\/wp\/v2\/comments?post=25398"}],"wp:featuredmedia":[{"embeddable":true,"href":"https:\/\/xstone.group\/it\/wp-json\/wp\/v2\/media\/25404"}],"wp:attachment":[{"href":"https:\/\/xstone.group\/it\/wp-json\/wp\/v2\/media?parent=25398"}],"wp:term":[{"taxonomy":"product_brand","embeddable":true,"href":"https:\/\/xstone.group\/it\/wp-json\/wp\/v2\/product_brand?post=25398"},{"taxonomy":"product_cat","embeddable":true,"href":"https:\/\/xstone.group\/it\/wp-json\/wp\/v2\/product_cat?post=25398"},{"taxonomy":"product_tag","embeddable":true,"href":"https:\/\/xstone.group\/it\/wp-json\/wp\/v2\/product_tag?post=25398"}],"curies":[{"name":"wp","href":"https:\/\/api.w.org\/{rel}","templated":true}]}}