{"id":25466,"date":"2025-11-29T19:44:32","date_gmt":"2025-11-29T19:44:32","guid":{"rendered":"https:\/\/xstone.group\/product\/apt-pet-acustico\/"},"modified":"2025-11-29T19:44:32","modified_gmt":"2025-11-29T19:44:32","slug":"apt-acoustic-pet","status":"publish","type":"product","link":"https:\/\/xstone.group\/it\/product\/apt-acoustic-pet\/","title":{"rendered":"APT | PET acustico"},"content":{"rendered":"<p data-start=\"180\" data-end=\"444\">I pannelli acustici in PET raccontano una storia semplice ma potente: la storia della trasformazione.<br data-start=\"262\" data-end=\"265\">Quella che una volta era plastica di scarto diventa un materiale utile, bello e performante, capace di rendere gli spazi pi\u00f9 tranquilli, pi\u00f9 umani e pi\u00f9 confortevoli da vivere e lavorare.<\/p>\n<p data-start=\"446\" data-end=\"844\">Il processo inizia con la raccolta delle bottiglie di plastica usate, che vengono selezionate, pulite e trasformate in sottili fibre di poliestere. Queste fibre vengono poi stratificate, compattate e stabilizzate termicamente per formare una struttura simile al feltro, densa e porosa allo stesso tempo. Questa struttura unica permette al pannello di catturare l&#8217;energia sonora, dissiparla e ridurre in modo significativo il riverbero e il rumore ambientale.  <\/p>\n<p data-start=\"846\" data-end=\"1194\">Il risultato \u00e8 un materiale leggero ma resistente, morbido al tatto ma tecnicamente potente. Assorbe il suono senza soffocare lo spazio, crea comfort senza confinare e migliora la qualit\u00e0 acustica senza imporsi visivamente. Agisce come un regolatore della quiete, calmando gli ambienti e preservandone l&#8217;integrit\u00e0 architettonica.  <\/p>\n<p data-start=\"1196\" data-end=\"1475\">Al di l\u00e0 delle prestazioni acustiche, il PET ha un significato pi\u00f9 ampio. Riflette un nuovo modo di pensare ai materiali: circolare, responsabile e intelligente. Un materiale che non si limita a risolvere un problema tecnico, ma contribuisce a una visione pi\u00f9 sostenibile del design e della costruzione.  <\/p>\n<p data-start=\"1477\" data-end=\"1699\" data-is-last-node=\"\" data-is-only-node=\"\">I pannelli acustici PET sono quindi pi\u00f9 che soluzioni acustiche.<br data-start=\"1540\" data-end=\"1543\">Sono superfici che trasformano il rumore in calma, il caos in chiarezza e gli spazi ordinari in luoghi dove le persone respirano meglio, pensano meglio e lavorano meglio.<\/p>\n","protected":false},"excerpt":{"rendered":"<p>I pannelli acustici in PET raccontano una storia semplice ma potente: la storia della trasformazione.Quella che una volta era plastica di scarto diventa un materiale utile, bello e performante, capace di rendere gli spazi pi\u00f9 tranquilli, pi\u00f9 umani e pi\u00f9 confortevoli da vivere e lavorare. Il processo inizia con la raccolta delle bottiglie di plastica [&hellip;]<\/p>\n","protected":false},"featured_media":25487,"comment_status":"open","ping_status":"closed","template":"","meta":{"_acf_changed":false,"_uag_custom_page_level_css":"","site-sidebar-layout":"default","site-content-layout":"","ast-site-content-layout":"default","site-content-style":"default","site-sidebar-style":"default","ast-global-header-display":"","ast-banner-title-visibility":"","ast-main-header-display":"","ast-hfb-above-header-display":"","ast-hfb-below-header-display":"","ast-hfb-mobile-header-display":"","site-post-title":"","ast-breadcrumbs-content":"","ast-featured-img":"","footer-sml-layout":"","theme-transparent-header-meta":"default","adv-header-id-meta":"","stick-header-meta":"default","header-above-stick-meta":"","header-main-stick-meta":"","header-below-stick-meta":"","astra-migrate-meta-layouts":"default","ast-page-background-enabled":"default","ast-page-background-meta":{"desktop":{"background-color":"var(--ast-global-color-4)","background-image":"","background-repeat":"repeat","background-position":"center center","background-size":"auto","background-attachment":"scroll","background-type":"","background-media":"","overlay-type":"","overlay-color":"","overlay-opacity":"","overlay-gradient":""},"tablet":{"background-color":"","background-image":"","background-repeat":"repeat","background-position":"center center","background-size":"auto","background-attachment":"scroll","background-type":"","background-media":"","overlay-type":"","overlay-color":"","overlay-opacity":"","overlay-gradient":""},"mobile":{"background-color":"","background-image":"","background-repeat":"repeat","background-position":"center center","background-size":"auto","background-attachment":"scroll","background-type":"","background-media":"","overlay-type":"","overlay-color":"","overlay-opacity":"","overlay-gradient":""}},"ast-content-background-meta":{"desktop":{"background-color":"var(--ast-global-color-5)","background-image":"","background-repeat":"repeat","background-position":"center center","background-size":"auto","background-attachment":"scroll","background-type":"","background-media":"","overlay-type":"","overlay-color":"","overlay-opacity":"","overlay-gradient":""},"tablet":{"background-color":"var(--ast-global-color-5)","background-image":"","background-repeat":"repeat","background-position":"center center","background-size":"auto","background-attachment":"scroll","background-type":"","background-media":"","overlay-type":"","overlay-color":"","overlay-opacity":"","overlay-gradient":""},"mobile":{"background-color":"var(--ast-global-color-5)","background-image":"","background-repeat":"repeat","background-position":"center center","background-size":"auto","background-attachment":"scroll","background-type":"","background-media":"","overlay-type":"","overlay-color":"","overlay-opacity":"","overlay-gradient":""}}},"product_brand":[],"product_cat":[2379],"product_tag":[9349,9334,9332,9343,9345,9339,9328,9341,9327,9336,9331,9329,9347,9351,3392],"class_list":{"0":"post-25466","1":"product","2":"type-product","3":"status-publish","4":"has-post-thumbnail","6":"product_cat-backing","7":"product_tag-architectural-acoustics","8":"product_tag-open-office-acoustics","9":"product_tag-office-acoustics","10":"product_tag-acoustic-comfort","11":"product_tag-biophilic-acoustic-design","12":"product_tag-decorative-acoustic-panels","13":"product_tag-recycled-pet-acoustic-panels","14":"product_tag-lightweight-acoustic-panels","15":"product_tag-pet-acoustic-panels","16":"product_tag-acoustic-panels-for-schools","17":"product_tag-sustainable-acoustic-panels","18":"product_tag-sound-absorbing-panels","19":"product_tag-recycled-plastic-panels","20":"product_tag-acoustic-wall-surfaces","21":"product_tag-comp-backing-15500","22":"desktop-align-left","23":"tablet-align-left","24":"mobile-align-left","26":"first","27":"instock","28":"shipping-taxable","29":"product-type-simple"},"acf":[],"yoast_head":"<!-- This site is optimized with the Yoast SEO Premium plugin v27.4 (Yoast SEO v27.4) - https:\/\/yoast.com\/product\/yoast-seo-premium-wordpress\/ -->\n<title>APT | PET acustico - XSTONE<\/title>\n<meta name=\"description\" content=\"Pannelli acustici in PET ad alte prestazioni realizzati con plastica riciclata. Un controllo acustico elegante, leggero e sostenibile per gli interni moderni.\" \/>\n<meta name=\"robots\" content=\"index, follow, max-snippet:-1, max-image-preview:large, max-video-preview:-1\" \/>\n<link rel=\"canonical\" href=\"https:\/\/xstone.group\/it\/product\/apt-acoustic-pet\/\" \/>\n<meta property=\"og:locale\" content=\"it_IT\" \/>\n<meta property=\"og:type\" content=\"article\" \/>\n<meta property=\"og:title\" content=\"APT | PET acustico\" \/>\n<meta property=\"og:description\" content=\"Pannelli acustici in PET ad alte prestazioni realizzati con plastica riciclata. Un controllo acustico elegante, leggero e sostenibile per gli interni moderni.\" \/>\n<meta property=\"og:url\" content=\"https:\/\/xstone.group\/it\/product\/apt-acoustic-pet\/\" \/>\n<meta property=\"og:site_name\" content=\"XSTONE\" \/>\n<meta property=\"article:publisher\" content=\"https:\/\/www.facebook.com\/Xstonesurfaces1\/\" \/>\n<meta property=\"og:image\" content=\"https:\/\/xstone.group\/wp-content\/uploads\/2025\/11\/Acoustic-PET-scaled.webp\" \/>\n\t<meta property=\"og:image:width\" content=\"2560\" \/>\n\t<meta property=\"og:image:height\" content=\"2560\" \/>\n\t<meta property=\"og:image:type\" content=\"image\/webp\" \/>\n<meta name=\"twitter:card\" content=\"summary_large_image\" \/>\n<meta name=\"twitter:label1\" content=\"Tempo di lettura stimato\" \/>\n\t<meta name=\"twitter:data1\" content=\"1 minuto\" \/>\n<script type=\"application\/ld+json\" class=\"yoast-schema-graph\">{\"@context\":\"https:\\\/\\\/schema.org\",\"@graph\":[{\"@type\":\"WebPage\",\"@id\":\"https:\\\/\\\/xstone.group\\\/it\\\/product\\\/apt-acoustic-pet\\\/\",\"url\":\"https:\\\/\\\/xstone.group\\\/it\\\/product\\\/apt-acoustic-pet\\\/\",\"name\":\"APT | PET acustico - XSTONE\",\"isPartOf\":{\"@id\":\"https:\\\/\\\/xstone.group\\\/it\\\/#website\"},\"primaryImageOfPage\":{\"@id\":\"https:\\\/\\\/xstone.group\\\/it\\\/product\\\/apt-acoustic-pet\\\/#primaryimage\"},\"image\":{\"@id\":\"https:\\\/\\\/xstone.group\\\/it\\\/product\\\/apt-acoustic-pet\\\/#primaryimage\"},\"thumbnailUrl\":\"https:\\\/\\\/xstone.group\\\/wp-content\\\/uploads\\\/2025\\\/11\\\/Acoustic-PET-scaled.webp\",\"datePublished\":\"2025-11-29T19:44:32+00:00\",\"description\":\"Pannelli acustici in PET ad alte prestazioni realizzati con plastica riciclata. Un controllo acustico elegante, leggero e sostenibile per gli interni moderni.\",\"breadcrumb\":{\"@id\":\"https:\\\/\\\/xstone.group\\\/it\\\/product\\\/apt-acoustic-pet\\\/#breadcrumb\"},\"inLanguage\":\"it-IT\",\"potentialAction\":[{\"@type\":\"ReadAction\",\"target\":[\"https:\\\/\\\/xstone.group\\\/it\\\/product\\\/apt-acoustic-pet\\\/\"]}]},{\"@type\":\"ImageObject\",\"inLanguage\":\"it-IT\",\"@id\":\"https:\\\/\\\/xstone.group\\\/it\\\/product\\\/apt-acoustic-pet\\\/#primaryimage\",\"url\":\"https:\\\/\\\/xstone.group\\\/wp-content\\\/uploads\\\/2025\\\/11\\\/Acoustic-PET-scaled.webp\",\"contentUrl\":\"https:\\\/\\\/xstone.group\\\/wp-content\\\/uploads\\\/2025\\\/11\\\/Acoustic-PET-scaled.webp\",\"width\":2560,\"height\":2560},{\"@type\":\"BreadcrumbList\",\"@id\":\"https:\\\/\\\/xstone.group\\\/it\\\/product\\\/apt-acoustic-pet\\\/#breadcrumb\",\"itemListElement\":[{\"@type\":\"ListItem\",\"position\":1,\"name\":\"Home\",\"item\":\"https:\\\/\\\/xstone.group\\\/it\\\/\"},{\"@type\":\"ListItem\",\"position\":2,\"name\":\"Prodotti\",\"item\":\"https:\\\/\\\/xstone.group\\\/it\\\/shop\\\/\"},{\"@type\":\"ListItem\",\"position\":3,\"name\":\"APT | PET acustico\"}]},{\"@type\":\"WebSite\",\"@id\":\"https:\\\/\\\/xstone.group\\\/it\\\/#website\",\"url\":\"https:\\\/\\\/xstone.group\\\/it\\\/\",\"name\":\"XSTONE\",\"description\":\"Bellezza minerale autentica e illimitata, svincolata dalla gravit\u00e0\",\"potentialAction\":[{\"@type\":\"SearchAction\",\"target\":{\"@type\":\"EntryPoint\",\"urlTemplate\":\"https:\\\/\\\/xstone.group\\\/it\\\/?s={search_term_string}\"},\"query-input\":{\"@type\":\"PropertyValueSpecification\",\"valueRequired\":true,\"valueName\":\"search_term_string\"}}],\"inLanguage\":\"it-IT\"}]}<\/script>\n<!-- \/ Yoast SEO Premium plugin. -->","yoast_head_json":{"title":"APT | PET acustico - XSTONE","description":"Pannelli acustici in PET ad alte prestazioni realizzati con plastica riciclata. Un controllo acustico elegante, leggero e sostenibile per gli interni moderni.","robots":{"index":"index","follow":"follow","max-snippet":"max-snippet:-1","max-image-preview":"max-image-preview:large","max-video-preview":"max-video-preview:-1"},"canonical":"https:\/\/xstone.group\/it\/product\/apt-acoustic-pet\/","og_locale":"it_IT","og_type":"article","og_title":"APT | PET acustico","og_description":"Pannelli acustici in PET ad alte prestazioni realizzati con plastica riciclata. Un controllo acustico elegante, leggero e sostenibile per gli interni moderni.","og_url":"https:\/\/xstone.group\/it\/product\/apt-acoustic-pet\/","og_site_name":"XSTONE","article_publisher":"https:\/\/www.facebook.com\/Xstonesurfaces1\/","og_image":[{"width":2560,"height":2560,"url":"https:\/\/xstone.group\/wp-content\/uploads\/2025\/11\/Acoustic-PET-scaled.webp","type":"image\/webp"}],"twitter_card":"summary_large_image","twitter_misc":{"Tempo di lettura stimato":"1 minuto"},"schema":{"@context":"https:\/\/schema.org","@graph":[{"@type":"WebPage","@id":"https:\/\/xstone.group\/it\/product\/apt-acoustic-pet\/","url":"https:\/\/xstone.group\/it\/product\/apt-acoustic-pet\/","name":"APT | PET acustico - XSTONE","isPartOf":{"@id":"https:\/\/xstone.group\/it\/#website"},"primaryImageOfPage":{"@id":"https:\/\/xstone.group\/it\/product\/apt-acoustic-pet\/#primaryimage"},"image":{"@id":"https:\/\/xstone.group\/it\/product\/apt-acoustic-pet\/#primaryimage"},"thumbnailUrl":"https:\/\/xstone.group\/wp-content\/uploads\/2025\/11\/Acoustic-PET-scaled.webp","datePublished":"2025-11-29T19:44:32+00:00","description":"Pannelli acustici in PET ad alte prestazioni realizzati con plastica riciclata. Un controllo acustico elegante, leggero e sostenibile per gli interni moderni.","breadcrumb":{"@id":"https:\/\/xstone.group\/it\/product\/apt-acoustic-pet\/#breadcrumb"},"inLanguage":"it-IT","potentialAction":[{"@type":"ReadAction","target":["https:\/\/xstone.group\/it\/product\/apt-acoustic-pet\/"]}]},{"@type":"ImageObject","inLanguage":"it-IT","@id":"https:\/\/xstone.group\/it\/product\/apt-acoustic-pet\/#primaryimage","url":"https:\/\/xstone.group\/wp-content\/uploads\/2025\/11\/Acoustic-PET-scaled.webp","contentUrl":"https:\/\/xstone.group\/wp-content\/uploads\/2025\/11\/Acoustic-PET-scaled.webp","width":2560,"height":2560},{"@type":"BreadcrumbList","@id":"https:\/\/xstone.group\/it\/product\/apt-acoustic-pet\/#breadcrumb","itemListElement":[{"@type":"ListItem","position":1,"name":"Home","item":"https:\/\/xstone.group\/it\/"},{"@type":"ListItem","position":2,"name":"Prodotti","item":"https:\/\/xstone.group\/it\/shop\/"},{"@type":"ListItem","position":3,"name":"APT | PET acustico"}]},{"@type":"WebSite","@id":"https:\/\/xstone.group\/it\/#website","url":"https:\/\/xstone.group\/it\/","name":"XSTONE","description":"Bellezza minerale autentica e illimitata, svincolata dalla gravit\u00e0","potentialAction":[{"@type":"SearchAction","target":{"@type":"EntryPoint","urlTemplate":"https:\/\/xstone.group\/it\/?s={search_term_string}"},"query-input":{"@type":"PropertyValueSpecification","valueRequired":true,"valueName":"search_term_string"}}],"inLanguage":"it-IT"}]}},"spectra_custom_meta":{"_last_translation_edit_mode":["translation-editor"],"_product_attributes":["a:7:{s:11:\"composition\";a:6:{s:4:\"name\";s:11:\"Composition\";s:5:\"value\";s:69:\"100% fibra di poliestere riciclata senza leganti o ritardanti chimici\";s:8:\"position\";i:0;s:10:\"is_visible\";i:1;s:12:\"is_variation\";i:0;s:11:\"is_taxonomy\";i:0;}s:8:\"features\";a:6:{s:4:\"name\";s:8:\"Features\";s:5:\"value\";s:102:\"Leggero, facile da installare, atossico, anallergico e non irritante, tenuta e stabilit\u00e0 dimensionale\";s:8:\"position\";i:1;s:10:\"is_visible\";i:1;s:12:\"is_variation\";i:0;s:11:\"is_taxonomy\";i:0;}s:6:\"colors\";a:6:{s:4:\"name\";s:6:\"Colors\";s:5:\"value\";s:22:\"Pi\u00f9 di 20 disponibili\";s:8:\"position\";i:2;s:10:\"is_visible\";i:1;s:12:\"is_variation\";i:0;s:11:\"is_taxonomy\";i:0;}s:4:\"size\";a:6:{s:4:\"name\";s:4:\"Size\";s:5:\"value\";s:28:\"2440 x 1220 mm; 800 x 600 mm\";s:8:\"position\";i:3;s:10:\"is_visible\";i:1;s:12:\"is_variation\";i:0;s:11:\"is_taxonomy\";i:0;}s:9:\"thickness\";a:6:{s:4:\"name\";s:9:\"Thickness\";s:5:\"value\";s:25:\"9 mm; 12 mm; 18 mm; 24 mm\";s:8:\"position\";i:4;s:10:\"is_visible\";i:1;s:12:\"is_variation\";i:0;s:11:\"is_taxonomy\";i:0;}s:11:\"fire-rating\";a:6:{s:4:\"name\";s:11:\"Fire rating\";s:5:\"value\";s:7:\"B-s1-d0\";s:8:\"position\";i:5;s:10:\"is_visible\";i:1;s:12:\"is_variation\";i:0;s:11:\"is_taxonomy\";i:0;}s:16:\"sound-absorption\";a:6:{s:4:\"name\";s:16:\"Sound absorption\";s:5:\"value\";s:45:\"EN ISO 354:2003 Coeeficiente = 0,5. Classe D \";s:8:\"position\";i:6;s:10:\"is_visible\";i:1;s:12:\"is_variation\";i:0;s:11:\"is_taxonomy\";i:0;}}"],"attr_label_translations":["a:1:{s:2:\"it\";a:7:{s:11:\"composition\";s:12:\"Composizione\";s:8:\"features\";s:15:\"Caratteristiche\";s:6:\"colors\";s:6:\"Colori\";s:4:\"size\";s:10:\"Dimensioni\";s:9:\"thickness\";s:8:\"Spessore\";s:11:\"fire-rating\";s:27:\"Classificazione antincendio\";s:16:\"sound-absorption\";s:22:\"Assorbimento del suono\";}}"],"_wcml_average_rating":[null],"_wcml_review_count":[null],"_wcml_rating_count":[null],"_yoast_wpseo_primary_product_cat":["331"],"_backorders":["no"],"_download_limit":["-1"],"_download_expiry":["-1"],"_downloadable":["no"],"_manage_stock":["no"],"_sku":["APT"],"_stock_status":["instock"],"_sold_individually":["no"],"_tax_class":[""],"_tax_status":["taxable"],"_virtual":["no"],"total_sales":["0"],"_wpml_media_duplicate":["1"],"_wpml_media_featured":["1"],"stick-header-meta":["default"],"site-sidebar-layout":["default"],"theme-transparent-header-meta":["default"],"ast-site-content-layout":["default"],"site-content-style":["default"],"site-sidebar-style":["default"],"_yoast_wpseo_metadesc":["Pannelli acustici in PET ad alte prestazioni realizzati con plastica riciclata. Un controllo acustico elegante, leggero e sostenibile per gli interni moderni."],"_yoast_wpseo_focuskw":["pannelli acustici in PET riciclato"],"_product_image_gallery":["25469,25479,25480,25481,25482,25483,25484,25485,25486"],"_thumbnail_id":["25487"],"_wpml_word_count":["280"],"two_optimized_date":["1776502072"],"woolentor_views_count_product":["7"],"_uag_css_file_name":["uag-css-25466.css"],"_uag_js_file_name":["uag-js-25466.js"],"tp_widgets":["a:2:{s:7:\"widgets\";a:6:{i:0;s:18:\"plus-list-skeleton\";i:1;s:22:\"plus-listing-load-more\";i:2;s:18:\"plus-listing-metro\";i:3;s:18:\"tp-product-listout\";i:4;s:17:\"tp-single-style_1\";i:5;s:19:\"tp-woo-single-image\";}s:9:\"update_at\";s:10:\"1776541402\";}"],"_elementor_edit_mode":["builder"],"_selectproduct_layout":["16398"],"_elementor_page_assets":["a:0:{}"],"_elementor_css":["a:7:{s:4:\"time\";i:1776713622;s:5:\"fonts\";a:0:{}s:5:\"icons\";a:0:{}s:20:\"dynamic_elements_ids\";a:0:{}s:6:\"status\";s:5:\"empty\";i:0;s:0:\"\";s:3:\"css\";s:0:\"\";}"],"_wc_rating_count":[""],"_wc_review_count":[""],"_wc_average_rating":[0]},"uagb_featured_image_src":{"full":["https:\/\/xstone.group\/wp-content\/uploads\/2025\/11\/Acoustic-PET-scaled.webp",2560,2560,false],"thumbnail":["https:\/\/xstone.group\/wp-content\/uploads\/2025\/11\/Acoustic-PET-150x150.webp",150,150,true],"medium":["https:\/\/xstone.group\/wp-content\/uploads\/2025\/11\/Acoustic-PET-300x300.webp",300,300,true],"medium_large":["https:\/\/xstone.group\/wp-content\/uploads\/2025\/11\/Acoustic-PET-768x768.webp",768,768,true],"large":["https:\/\/xstone.group\/wp-content\/uploads\/2025\/11\/Acoustic-PET-1024x1024.webp",1024,1024,true],"1536x1536":["https:\/\/xstone.group\/wp-content\/uploads\/2025\/11\/Acoustic-PET-1536x1536.webp",1536,1536,true],"2048x2048":["https:\/\/xstone.group\/wp-content\/uploads\/2025\/11\/Acoustic-PET-2048x2048.webp",2048,2048,true],"tp-image-grid":["https:\/\/xstone.group\/wp-content\/uploads\/2025\/11\/Acoustic-PET-scaled.webp",700,700,false],"tenweb_optimizer_mobile":["https:\/\/xstone.group\/wp-content\/uploads\/2025\/11\/Acoustic-PET-600x600.webp",600,600,true],"tenweb_optimizer_tablet":["https:\/\/xstone.group\/wp-content\/uploads\/2025\/11\/Acoustic-PET-768x768.webp",768,768,true],"woocommerce_thumbnail":["https:\/\/xstone.group\/wp-content\/uploads\/2025\/11\/Acoustic-PET-300x300.webp",300,300,true],"woocommerce_single":["https:\/\/xstone.group\/wp-content\/uploads\/2025\/11\/Acoustic-PET-600x600.webp",600,600,true],"woocommerce_gallery_thumbnail":["https:\/\/xstone.group\/wp-content\/uploads\/2025\/11\/Acoustic-PET-100x100.webp",100,100,true]},"uagb_author_info":{"display_name":"laurent.gomez@xstone.group","author_link":"https:\/\/xstone.group\/it\/author\/"},"uagb_comment_info":0,"uagb_excerpt":"I pannelli acustici in PET raccontano una storia semplice ma potente: la storia della trasformazione.Quella che una volta era plastica di scarto diventa un materiale utile, bello e performante, capace di rendere gli spazi pi\u00f9 tranquilli, pi\u00f9 umani e pi\u00f9 confortevoli da vivere e lavorare. Il processo inizia con la raccolta delle bottiglie di plastica&hellip;","_links":{"self":[{"href":"https:\/\/xstone.group\/it\/wp-json\/wp\/v2\/product\/25466","targetHints":{"allow":["GET"]}}],"collection":[{"href":"https:\/\/xstone.group\/it\/wp-json\/wp\/v2\/product"}],"about":[{"href":"https:\/\/xstone.group\/it\/wp-json\/wp\/v2\/types\/product"}],"replies":[{"embeddable":true,"href":"https:\/\/xstone.group\/it\/wp-json\/wp\/v2\/comments?post=25466"}],"wp:featuredmedia":[{"embeddable":true,"href":"https:\/\/xstone.group\/it\/wp-json\/wp\/v2\/media\/25487"}],"wp:attachment":[{"href":"https:\/\/xstone.group\/it\/wp-json\/wp\/v2\/media?parent=25466"}],"wp:term":[{"taxonomy":"product_brand","embeddable":true,"href":"https:\/\/xstone.group\/it\/wp-json\/wp\/v2\/product_brand?post=25466"},{"taxonomy":"product_cat","embeddable":true,"href":"https:\/\/xstone.group\/it\/wp-json\/wp\/v2\/product_cat?post=25466"},{"taxonomy":"product_tag","embeddable":true,"href":"https:\/\/xstone.group\/it\/wp-json\/wp\/v2\/product_tag?post=25466"}],"curies":[{"name":"wp","href":"https:\/\/api.w.org\/{rel}","templated":true}]}}