{"id":20453,"date":"2026-04-14T14:57:26","date_gmt":"2026-04-14T14:57:26","guid":{"rendered":"https:\/\/xstone.group\/product\/rol-furnir-mineral-cu-role-smo-neted-10041-ciment-gri-inchis\/"},"modified":"2026-04-14T14:57:26","modified_gmt":"2026-04-14T14:57:26","slug":"rolsmo10041-roll-smooth-concrete-cement-dark-grey","status":"publish","type":"product","link":"https:\/\/xstone.group\/ro\/product\/rolsmo10041-roll-smooth-concrete-cement-dark-grey\/","title":{"rendered":"[ROL] Furnir mineral cu role [SMO] Neted [10041] Ciment gri \u00eenchis"},"content":{"rendered":"<p data-start=\"189\" data-end=\"461\">Defini\u021bi spa\u021bii \u00eendr\u0103zne\u021be, contemporane, cu o estetic\u0103 mineral\u0103 profund\u0103 prin aceast\u0103 solu\u021bie avansat\u0103 de suprafa\u021b\u0103. Combin\u00e2nd un format flexibil al rolei, o textur\u0103 neted\u0103 rafinat\u0103 \u0219i un ton intens de gri \u00eenchis de ciment, acest produs ofer\u0103 un impact arhitectural cu adaptabilitate maxim\u0103. <\/p>\n<p data-start=\"463\" data-end=\"785\">Aceast\u0103 <strong data-start=\"468\" data-end=\"524\">rol\u0103 de furnir mineral flexibil ciment neted gri \u00eenchis<\/strong> este conceput\u0103 pentru a reproduce elegan\u021ba brut\u0103 a betonului, dep\u0103\u0219ind \u00een acela\u0219i timp limit\u0103rile sale tradi\u021bionale. Ultra-sub\u021bire \u0219i u\u0219or, permite aplicarea f\u0103r\u0103 sudur\u0103 pe pere\u021bi, mobilier \u0219i suprafe\u021be curbate, deschiz\u00e2nd noi posibilit\u0103\u021bi pentru designul interior modern. <\/p>\n<p data-start=\"787\" data-end=\"962\">Proiectat pentru performan\u021b\u0103 \u0219i durabilitate, acesta este ideal pentru medii reziden\u021biale, de v\u00e2nzare cu am\u0103nuntul \u0219i de ospitalitate de \u00eenalt\u0103 calitate, unde at\u00e2t precizia designului, c\u00e2t \u0219i eficien\u021ba sunt esen\u021biale.<\/p>\n<p>&nbsp;<\/p>\n<p>&nbsp;<\/p>\n<p>&nbsp;<\/p>\n<p>&nbsp;<\/p>\n<p>&nbsp;<\/p>\n<p>&nbsp;<\/p>\n<hr class=\"border-border-200 border-t-0.5 my-3 mx-1.5\">\n","protected":false},"excerpt":{"rendered":"<p>Defini\u021bi spa\u021bii \u00eendr\u0103zne\u021be, contemporane, cu o estetic\u0103 mineral\u0103 profund\u0103 prin aceast\u0103 solu\u021bie avansat\u0103 de suprafa\u021b\u0103. Combin\u00e2nd un format flexibil al rolei, o textur\u0103 neted\u0103 rafinat\u0103 \u0219i un ton intens de gri \u00eenchis de ciment, acest produs ofer\u0103 un impact arhitectural cu adaptabilitate maxim\u0103. Aceast\u0103 rol\u0103 de furnir mineral flexibil ciment neted gri \u00eenchis este conceput\u0103 [&hellip;]<\/p>\n","protected":false},"featured_media":20455,"comment_status":"open","ping_status":"closed","template":"","meta":{"_acf_changed":false,"_uag_custom_page_level_css":"","site-sidebar-layout":"default","site-content-layout":"","ast-site-content-layout":"default","site-content-style":"default","site-sidebar-style":"default","ast-global-header-display":"","ast-banner-title-visibility":"","ast-main-header-display":"","ast-hfb-above-header-display":"","ast-hfb-below-header-display":"","ast-hfb-mobile-header-display":"","site-post-title":"","ast-breadcrumbs-content":"","ast-featured-img":"","footer-sml-layout":"","theme-transparent-header-meta":"default","adv-header-id-meta":"","stick-header-meta":"default","header-above-stick-meta":"","header-main-stick-meta":"","header-below-stick-meta":"","astra-migrate-meta-layouts":"default","ast-page-background-enabled":"default","ast-page-background-meta":{"desktop":{"background-color":"var(--ast-global-color-4)","background-image":"","background-repeat":"repeat","background-position":"center center","background-size":"auto","background-attachment":"scroll","background-type":"","background-media":"","overlay-type":"","overlay-color":"","overlay-opacity":"","overlay-gradient":""},"tablet":{"background-color":"","background-image":"","background-repeat":"repeat","background-position":"center center","background-size":"auto","background-attachment":"scroll","background-type":"","background-media":"","overlay-type":"","overlay-color":"","overlay-opacity":"","overlay-gradient":""},"mobile":{"background-color":"","background-image":"","background-repeat":"repeat","background-position":"center center","background-size":"auto","background-attachment":"scroll","background-type":"","background-media":"","overlay-type":"","overlay-color":"","overlay-opacity":"","overlay-gradient":""}},"ast-content-background-meta":{"desktop":{"background-color":"var(--ast-global-color-5)","background-image":"","background-repeat":"repeat","background-position":"center center","background-size":"auto","background-attachment":"scroll","background-type":"","background-media":"","overlay-type":"","overlay-color":"","overlay-opacity":"","overlay-gradient":""},"tablet":{"background-color":"var(--ast-global-color-5)","background-image":"","background-repeat":"repeat","background-position":"center center","background-size":"auto","background-attachment":"scroll","background-type":"","background-media":"","overlay-type":"","overlay-color":"","overlay-opacity":"","overlay-gradient":""},"mobile":{"background-color":"var(--ast-global-color-5)","background-image":"","background-repeat":"repeat","background-position":"center center","background-size":"auto","background-attachment":"scroll","background-type":"","background-media":"","overlay-type":"","overlay-color":"","overlay-opacity":"","overlay-gradient":""}}},"product_brand":[],"product_cat":[1598,1604,1591,1590,1596,1600,1594,1602,1588],"product_tag":[1975,1972,1606,1983,1979,1973,1981,1977,1702],"class_list":{"0":"post-20453","1":"product","2":"type-product","3":"status-publish","4":"has-post-thumbnail","6":"product_cat-bathroom","7":"product_cat-office","8":"product_cat-retail-design","9":"product_cat-wall-design","10":"product_cat-floor","11":"product_cat-facade","12":"product_cat-furniture","13":"product_cat-panel","14":"product_cat-signature","15":"product_tag-dark-grey-wall-covering","16":"product_tag-comp-color-17203","17":"product_tag-comp-backing-15503","18":"product_tag-premium-wall-finish","19":"product_tag-modern-concrete-finish","20":"product_tag-flexible-concrete-veneer","21":"product_tag-industrial-design-material","22":"product_tag-ultra-thin-surface-material","23":"product_tag-comp-texture-16911","24":"desktop-align-left","25":"tablet-align-left","26":"mobile-align-left","28":"first","29":"instock","30":"shipping-taxable","31":"product-type-simple"},"acf":[],"yoast_head":"<!-- This site is optimized with the Yoast SEO Premium plugin v27.4 (Yoast SEO v27.4) - https:\/\/yoast.com\/product\/yoast-seo-premium-wordpress\/ -->\n<title>Rol\u0103 furnir mineral | Neted | Ciment gri \u00eenchis<\/title>\n<meta name=\"description\" content=\"Rol\u0103 de furnir mineral flexibil cu textur\u0103 neted\u0103 \u00een culoarea gri \u00eenchis ciment. Ultra-sub\u021bire, durabil\u0103 \u0219i ideal\u0103 pentru pere\u021bi, mobilier \u0219i interioare moderne.\" \/>\n<meta name=\"robots\" content=\"index, follow, max-snippet:-1, max-image-preview:large, max-video-preview:-1\" \/>\n<link rel=\"canonical\" href=\"https:\/\/xstone.group\/ro\/product\/rolsmo10041-roll-smooth-concrete-cement-dark-grey\/\" \/>\n<meta property=\"og:locale\" content=\"ro_RO\" \/>\n<meta property=\"og:type\" content=\"article\" \/>\n<meta property=\"og:title\" content=\"[ROL] Furnir mineral cu role [SMO] Neted [10041] Ciment gri \u00eenchis\" \/>\n<meta property=\"og:description\" content=\"Rol\u0103 de furnir mineral flexibil cu textur\u0103 neted\u0103 \u00een culoarea gri \u00eenchis ciment. Ultra-sub\u021bire, durabil\u0103 \u0219i ideal\u0103 pentru pere\u021bi, mobilier \u0219i interioare moderne.\" \/>\n<meta property=\"og:url\" content=\"https:\/\/xstone.group\/ro\/product\/rolsmo10041-roll-smooth-concrete-cement-dark-grey\/\" \/>\n<meta property=\"og:site_name\" content=\"XSTONE\" \/>\n<meta property=\"article:publisher\" content=\"https:\/\/www.facebook.com\/Xstonesurfaces1\/\" \/>\n<meta property=\"og:image\" content=\"https:\/\/xstone.group\/wp-content\/uploads\/2026\/04\/XSTONE_Mineral-Veneer_0436.webp\" \/>\n\t<meta property=\"og:image:width\" content=\"1920\" \/>\n\t<meta property=\"og:image:height\" content=\"1080\" \/>\n\t<meta property=\"og:image:type\" content=\"image\/webp\" \/>\n<meta name=\"twitter:card\" content=\"summary_large_image\" \/>\n<meta name=\"twitter:label1\" content=\"Timp estimat pentru citire\" \/>\n\t<meta name=\"twitter:data1\" content=\"1 minut\" \/>\n<script type=\"application\/ld+json\" class=\"yoast-schema-graph\">{\"@context\":\"https:\\\/\\\/schema.org\",\"@graph\":[{\"@type\":\"WebPage\",\"@id\":\"https:\\\/\\\/xstone.group\\\/ro\\\/product\\\/rolsmo10041-roll-smooth-concrete-cement-dark-grey\\\/\",\"url\":\"https:\\\/\\\/xstone.group\\\/ro\\\/product\\\/rolsmo10041-roll-smooth-concrete-cement-dark-grey\\\/\",\"name\":\"Rol\u0103 furnir mineral | Neted | Ciment gri \u00eenchis\",\"isPartOf\":{\"@id\":\"https:\\\/\\\/xstone.group\\\/ro\\\/#website\"},\"primaryImageOfPage\":{\"@id\":\"https:\\\/\\\/xstone.group\\\/ro\\\/product\\\/rolsmo10041-roll-smooth-concrete-cement-dark-grey\\\/#primaryimage\"},\"image\":{\"@id\":\"https:\\\/\\\/xstone.group\\\/ro\\\/product\\\/rolsmo10041-roll-smooth-concrete-cement-dark-grey\\\/#primaryimage\"},\"thumbnailUrl\":\"https:\\\/\\\/xstone.group\\\/wp-content\\\/uploads\\\/2026\\\/04\\\/XSTONE_Mineral-Veneer_0436.webp\",\"datePublished\":\"2026-04-14T14:57:26+00:00\",\"description\":\"Rol\u0103 de furnir mineral flexibil cu textur\u0103 neted\u0103 \u00een culoarea gri \u00eenchis ciment. Ultra-sub\u021bire, durabil\u0103 \u0219i ideal\u0103 pentru pere\u021bi, mobilier \u0219i interioare moderne.\",\"breadcrumb\":{\"@id\":\"https:\\\/\\\/xstone.group\\\/ro\\\/product\\\/rolsmo10041-roll-smooth-concrete-cement-dark-grey\\\/#breadcrumb\"},\"inLanguage\":\"ro-RO\",\"potentialAction\":[{\"@type\":\"ReadAction\",\"target\":[\"https:\\\/\\\/xstone.group\\\/ro\\\/product\\\/rolsmo10041-roll-smooth-concrete-cement-dark-grey\\\/\"]}]},{\"@type\":\"ImageObject\",\"inLanguage\":\"ro-RO\",\"@id\":\"https:\\\/\\\/xstone.group\\\/ro\\\/product\\\/rolsmo10041-roll-smooth-concrete-cement-dark-grey\\\/#primaryimage\",\"url\":\"https:\\\/\\\/xstone.group\\\/wp-content\\\/uploads\\\/2026\\\/04\\\/XSTONE_Mineral-Veneer_0436.webp\",\"contentUrl\":\"https:\\\/\\\/xstone.group\\\/wp-content\\\/uploads\\\/2026\\\/04\\\/XSTONE_Mineral-Veneer_0436.webp\",\"width\":1920,\"height\":1080,\"caption\":\"flexible mineral veneer roll smooth cement dark grey\"},{\"@type\":\"BreadcrumbList\",\"@id\":\"https:\\\/\\\/xstone.group\\\/ro\\\/product\\\/rolsmo10041-roll-smooth-concrete-cement-dark-grey\\\/#breadcrumb\",\"itemListElement\":[{\"@type\":\"ListItem\",\"position\":1,\"name\":\"Home\",\"item\":\"https:\\\/\\\/xstone.group\\\/ro\\\/\"},{\"@type\":\"ListItem\",\"position\":2,\"name\":\"Produse\",\"item\":\"https:\\\/\\\/xstone.group\\\/ro\\\/shop\\\/\"},{\"@type\":\"ListItem\",\"position\":3,\"name\":\"[ROL] Furnir mineral cu role [SMO] Neted [10041] Ciment gri \u00eenchis\"}]},{\"@type\":\"WebSite\",\"@id\":\"https:\\\/\\\/xstone.group\\\/ro\\\/#website\",\"url\":\"https:\\\/\\\/xstone.group\\\/ro\\\/\",\"name\":\"XSTONE\",\"description\":\"Frumuse\u021be mineral\u0103 autentic\u0103 \u0219i nelimitat\u0103, nelegat\u0103 de gravita\u021bie\",\"potentialAction\":[{\"@type\":\"SearchAction\",\"target\":{\"@type\":\"EntryPoint\",\"urlTemplate\":\"https:\\\/\\\/xstone.group\\\/ro\\\/?s={search_term_string}\"},\"query-input\":{\"@type\":\"PropertyValueSpecification\",\"valueRequired\":true,\"valueName\":\"search_term_string\"}}],\"inLanguage\":\"ro-RO\"}]}<\/script>\n<!-- \/ Yoast SEO Premium plugin. -->","yoast_head_json":{"title":"Rol\u0103 furnir mineral | Neted | Ciment gri \u00eenchis","description":"Rol\u0103 de furnir mineral flexibil cu textur\u0103 neted\u0103 \u00een culoarea gri \u00eenchis ciment. Ultra-sub\u021bire, durabil\u0103 \u0219i ideal\u0103 pentru pere\u021bi, mobilier \u0219i interioare moderne.","robots":{"index":"index","follow":"follow","max-snippet":"max-snippet:-1","max-image-preview":"max-image-preview:large","max-video-preview":"max-video-preview:-1"},"canonical":"https:\/\/xstone.group\/ro\/product\/rolsmo10041-roll-smooth-concrete-cement-dark-grey\/","og_locale":"ro_RO","og_type":"article","og_title":"[ROL] Furnir mineral cu role [SMO] Neted [10041] Ciment gri \u00eenchis","og_description":"Rol\u0103 de furnir mineral flexibil cu textur\u0103 neted\u0103 \u00een culoarea gri \u00eenchis ciment. Ultra-sub\u021bire, durabil\u0103 \u0219i ideal\u0103 pentru pere\u021bi, mobilier \u0219i interioare moderne.","og_url":"https:\/\/xstone.group\/ro\/product\/rolsmo10041-roll-smooth-concrete-cement-dark-grey\/","og_site_name":"XSTONE","article_publisher":"https:\/\/www.facebook.com\/Xstonesurfaces1\/","og_image":[{"width":1920,"height":1080,"url":"https:\/\/xstone.group\/wp-content\/uploads\/2026\/04\/XSTONE_Mineral-Veneer_0436.webp","type":"image\/webp"}],"twitter_card":"summary_large_image","twitter_misc":{"Timp estimat pentru citire":"1 minut"},"schema":{"@context":"https:\/\/schema.org","@graph":[{"@type":"WebPage","@id":"https:\/\/xstone.group\/ro\/product\/rolsmo10041-roll-smooth-concrete-cement-dark-grey\/","url":"https:\/\/xstone.group\/ro\/product\/rolsmo10041-roll-smooth-concrete-cement-dark-grey\/","name":"Rol\u0103 furnir mineral | Neted | Ciment gri \u00eenchis","isPartOf":{"@id":"https:\/\/xstone.group\/ro\/#website"},"primaryImageOfPage":{"@id":"https:\/\/xstone.group\/ro\/product\/rolsmo10041-roll-smooth-concrete-cement-dark-grey\/#primaryimage"},"image":{"@id":"https:\/\/xstone.group\/ro\/product\/rolsmo10041-roll-smooth-concrete-cement-dark-grey\/#primaryimage"},"thumbnailUrl":"https:\/\/xstone.group\/wp-content\/uploads\/2026\/04\/XSTONE_Mineral-Veneer_0436.webp","datePublished":"2026-04-14T14:57:26+00:00","description":"Rol\u0103 de furnir mineral flexibil cu textur\u0103 neted\u0103 \u00een culoarea gri \u00eenchis ciment. Ultra-sub\u021bire, durabil\u0103 \u0219i ideal\u0103 pentru pere\u021bi, mobilier \u0219i interioare moderne.","breadcrumb":{"@id":"https:\/\/xstone.group\/ro\/product\/rolsmo10041-roll-smooth-concrete-cement-dark-grey\/#breadcrumb"},"inLanguage":"ro-RO","potentialAction":[{"@type":"ReadAction","target":["https:\/\/xstone.group\/ro\/product\/rolsmo10041-roll-smooth-concrete-cement-dark-grey\/"]}]},{"@type":"ImageObject","inLanguage":"ro-RO","@id":"https:\/\/xstone.group\/ro\/product\/rolsmo10041-roll-smooth-concrete-cement-dark-grey\/#primaryimage","url":"https:\/\/xstone.group\/wp-content\/uploads\/2026\/04\/XSTONE_Mineral-Veneer_0436.webp","contentUrl":"https:\/\/xstone.group\/wp-content\/uploads\/2026\/04\/XSTONE_Mineral-Veneer_0436.webp","width":1920,"height":1080,"caption":"flexible mineral veneer roll smooth cement dark grey"},{"@type":"BreadcrumbList","@id":"https:\/\/xstone.group\/ro\/product\/rolsmo10041-roll-smooth-concrete-cement-dark-grey\/#breadcrumb","itemListElement":[{"@type":"ListItem","position":1,"name":"Home","item":"https:\/\/xstone.group\/ro\/"},{"@type":"ListItem","position":2,"name":"Produse","item":"https:\/\/xstone.group\/ro\/shop\/"},{"@type":"ListItem","position":3,"name":"[ROL] Furnir mineral cu role [SMO] Neted [10041] Ciment gri \u00eenchis"}]},{"@type":"WebSite","@id":"https:\/\/xstone.group\/ro\/#website","url":"https:\/\/xstone.group\/ro\/","name":"XSTONE","description":"Frumuse\u021be mineral\u0103 autentic\u0103 \u0219i nelimitat\u0103, nelegat\u0103 de gravita\u021bie","potentialAction":[{"@type":"SearchAction","target":{"@type":"EntryPoint","urlTemplate":"https:\/\/xstone.group\/ro\/?s={search_term_string}"},"query-input":{"@type":"PropertyValueSpecification","valueRequired":true,"valueName":"search_term_string"}}],"inLanguage":"ro-RO"}]}},"spectra_custom_meta":{"_last_translation_edit_mode":["translation-editor"],"_product_attributes":["a:8:{s:7:\"backing\";a:6:{s:4:\"name\";s:7:\"Backing\";s:5:\"value\";s:17:\"Fibr\u0103 de sticl\u0103\";s:8:\"position\";i:0;s:10:\"is_visible\";i:1;s:12:\"is_variation\";i:0;s:11:\"is_taxonomy\";i:0;}s:7:\"texture\";a:6:{s:4:\"name\";s:7:\"Texture\";s:5:\"value\";s:11:\"Beton neted\";s:8:\"position\";i:1;s:10:\"is_visible\";i:1;s:12:\"is_variation\";i:0;s:11:\"is_taxonomy\";i:0;}s:5:\"color\";a:6:{s:4:\"name\";s:5:\"Color\";s:5:\"value\";s:18:\"Ciment gri \u00eenchis\";s:8:\"position\";i:2;s:10:\"is_visible\";i:1;s:12:\"is_variation\";i:0;s:11:\"is_taxonomy\";i:0;}s:4:\"size\";a:6:{s:4:\"name\";s:4:\"Size\";s:5:\"value\";s:50:\"3000 x 1000 mm; Dimensiuni personalizate la cerere\";s:8:\"position\";i:3;s:10:\"is_visible\";i:1;s:12:\"is_variation\";i:0;s:11:\"is_taxonomy\";i:0;}s:9:\"thickness\";a:6:{s:4:\"name\";s:9:\"Thickness\";s:5:\"value\";s:10:\"2 - 2,5 mm\";s:8:\"position\";i:4;s:10:\"is_visible\";i:1;s:12:\"is_variation\";i:0;s:11:\"is_taxonomy\";i:0;}s:6:\"finish\";a:6:{s:4:\"name\";s:6:\"Finish\";s:5:\"value\";s:4:\"Matt\";s:8:\"position\";i:5;s:10:\"is_visible\";i:1;s:12:\"is_variation\";i:0;s:11:\"is_taxonomy\";i:0;}s:11:\"composition\";a:6:{s:4:\"name\";s:11:\"Composition\";s:5:\"value\";s:77:\"90% pulbere de piatr\u0103 de marmur\u0103 reciclat\u0103 + copolimer + fibr\u0103 de sticl\u0103\";s:8:\"position\";i:6;s:10:\"is_visible\";i:1;s:12:\"is_variation\";i:0;s:11:\"is_taxonomy\";i:0;}s:11:\"fire-rating\";a:6:{s:4:\"name\";s:11:\"Fire rating\";s:5:\"value\";s:8:\"A2-s1-d0\";s:8:\"position\";i:7;s:10:\"is_visible\";i:1;s:12:\"is_variation\";i:0;s:11:\"is_taxonomy\";i:0;}}"],"attr_label_translations":["a:1:{s:2:\"ro\";a:8:{s:7:\"backing\";s:7:\"Sprijin\";s:7:\"texture\";s:7:\"Textura\";s:5:\"color\";s:7:\"Culoare\";s:4:\"size\";s:7:\"M\u0103rime\";s:9:\"thickness\";s:7:\"Grosime\";s:6:\"finish\";s:6:\"Finish\";s:11:\"composition\";s:11:\"Compozi\u021bie\";s:11:\"fire-rating\";s:18:\"Clasificare la foc\";}}"],"_wcml_average_rating":[null],"_wcml_review_count":[null],"_wcml_rating_count":[null],"_yoast_wpseo_primary_product_cat":["332"],"_backorders":["no"],"_download_limit":["-1"],"_download_expiry":["-1"],"_downloadable":["no"],"_manage_stock":["no"],"_sku":["ROLSMO10041"],"_stock_status":["instock"],"_sold_individually":["no"],"_tax_class":[""],"_tax_status":["taxable"],"_virtual":["no"],"total_sales":["0"],"_wpml_media_duplicate":["1"],"_wpml_media_featured":["1"],"stick-header-meta":["default"],"site-sidebar-layout":["default"],"theme-transparent-header-meta":["default"],"ast-site-content-layout":["default"],"site-content-style":["default"],"site-sidebar-style":["default"],"_yoast_wpseo_title":["Rol\u0103 furnir mineral | Neted | Ciment gri \u00eenchis"],"_yoast_wpseo_metadesc":["Rol\u0103 de furnir mineral flexibil cu textur\u0103 neted\u0103 \u00een culoarea gri \u00eenchis ciment. Ultra-sub\u021bire, durabil\u0103 \u0219i ideal\u0103 pentru pere\u021bi, mobilier \u0219i interioare moderne."],"_yoast_wpseo_focuskw":["furnir mineral flexibil rola ciment neted gri \u00eenchis"],"_upsell_ids":["a:3:{i:0;N;i:1;N;i:2;N;}"],"_wpt_field_wpt-16200":["[elementor-template id=\"16197\"]"],"_product_image_gallery":["20460,20461,20462,20463"],"_thumbnail_id":["20455"],"_wpml_word_count":["173"],"two_optimized_date":["1776456179"],"woolentor_views_count_product":["31"],"_uag_css_file_name":["uag-css-20453.css"],"_uag_js_file_name":["uag-js-20453.js"],"tp_widgets":["a:2:{s:7:\"widgets\";a:6:{i:0;s:18:\"plus-list-skeleton\";i:1;s:22:\"plus-listing-load-more\";i:2;s:18:\"plus-listing-metro\";i:3;s:18:\"tp-product-listout\";i:4;s:17:\"tp-single-style_1\";i:5;s:19:\"tp-woo-single-image\";}s:9:\"update_at\";s:10:\"1777019468\";}"],"_elementor_edit_mode":["builder"],"_selectproduct_layout":["18065"],"_elementor_page_assets":["a:0:{}"],"_elementor_css":["a:7:{s:4:\"time\";i:1778478750;s:5:\"fonts\";a:0:{}s:5:\"icons\";a:0:{}s:20:\"dynamic_elements_ids\";a:0:{}s:6:\"status\";s:5:\"empty\";i:0;s:0:\"\";s:3:\"css\";s:0:\"\";}"],"_wc_rating_count":[""],"_wc_review_count":[""],"_wc_average_rating":[0]},"uagb_featured_image_src":{"full":["https:\/\/xstone.group\/wp-content\/uploads\/2026\/04\/XSTONE_Mineral-Veneer_0436.webp",1920,1080,false],"thumbnail":["https:\/\/xstone.group\/wp-content\/uploads\/2026\/04\/XSTONE_Mineral-Veneer_0436-150x150.webp",150,150,true],"medium":["https:\/\/xstone.group\/wp-content\/uploads\/2026\/04\/XSTONE_Mineral-Veneer_0436-300x169.webp",300,169,true],"medium_large":["https:\/\/xstone.group\/wp-content\/uploads\/2026\/04\/XSTONE_Mineral-Veneer_0436-768x432.webp",768,432,true],"large":["https:\/\/xstone.group\/wp-content\/uploads\/2026\/04\/XSTONE_Mineral-Veneer_0436-1024x576.webp",1024,576,true],"1536x1536":["https:\/\/xstone.group\/wp-content\/uploads\/2026\/04\/XSTONE_Mineral-Veneer_0436-1536x864.webp",1536,864,true],"2048x2048":["https:\/\/xstone.group\/wp-content\/uploads\/2026\/04\/XSTONE_Mineral-Veneer_0436.webp",1920,1080,false],"tp-image-grid":["https:\/\/xstone.group\/wp-content\/uploads\/2026\/04\/XSTONE_Mineral-Veneer_0436-700x700.webp",700,700,true],"tenweb_optimizer_mobile":["https:\/\/xstone.group\/wp-content\/uploads\/2026\/04\/XSTONE_Mineral-Veneer_0436-600x338.webp",600,338,true],"tenweb_optimizer_tablet":["https:\/\/xstone.group\/wp-content\/uploads\/2026\/04\/XSTONE_Mineral-Veneer_0436-768x432.webp",768,432,true],"woocommerce_thumbnail":["https:\/\/xstone.group\/wp-content\/uploads\/2026\/04\/XSTONE_Mineral-Veneer_0436-300x300.webp",300,300,true],"woocommerce_single":["https:\/\/xstone.group\/wp-content\/uploads\/2026\/04\/XSTONE_Mineral-Veneer_0436-600x338.webp",600,338,true],"woocommerce_gallery_thumbnail":["https:\/\/xstone.group\/wp-content\/uploads\/2026\/04\/XSTONE_Mineral-Veneer_0436-100x100.webp",100,100,true]},"uagb_author_info":{"display_name":"laurent.gomez@xstone.group","author_link":"https:\/\/xstone.group\/ro\/author\/"},"uagb_comment_info":0,"uagb_excerpt":"Defini\u021bi spa\u021bii \u00eendr\u0103zne\u021be, contemporane, cu o estetic\u0103 mineral\u0103 profund\u0103 prin aceast\u0103 solu\u021bie avansat\u0103 de suprafa\u021b\u0103. Combin\u00e2nd un format flexibil al rolei, o textur\u0103 neted\u0103 rafinat\u0103 \u0219i un ton intens de gri \u00eenchis de ciment, acest produs ofer\u0103 un impact arhitectural cu adaptabilitate maxim\u0103. Aceast\u0103 rol\u0103 de furnir mineral flexibil ciment neted gri \u00eenchis este conceput\u0103&hellip;","_links":{"self":[{"href":"https:\/\/xstone.group\/ro\/wp-json\/wp\/v2\/product\/20453","targetHints":{"allow":["GET"]}}],"collection":[{"href":"https:\/\/xstone.group\/ro\/wp-json\/wp\/v2\/product"}],"about":[{"href":"https:\/\/xstone.group\/ro\/wp-json\/wp\/v2\/types\/product"}],"replies":[{"embeddable":true,"href":"https:\/\/xstone.group\/ro\/wp-json\/wp\/v2\/comments?post=20453"}],"wp:featuredmedia":[{"embeddable":true,"href":"https:\/\/xstone.group\/ro\/wp-json\/wp\/v2\/media\/20455"}],"wp:attachment":[{"href":"https:\/\/xstone.group\/ro\/wp-json\/wp\/v2\/media?parent=20453"}],"wp:term":[{"taxonomy":"product_brand","embeddable":true,"href":"https:\/\/xstone.group\/ro\/wp-json\/wp\/v2\/product_brand?post=20453"},{"taxonomy":"product_cat","embeddable":true,"href":"https:\/\/xstone.group\/ro\/wp-json\/wp\/v2\/product_cat?post=20453"},{"taxonomy":"product_tag","embeddable":true,"href":"https:\/\/xstone.group\/ro\/wp-json\/wp\/v2\/product_tag?post=20453"}],"curies":[{"name":"wp","href":"https:\/\/api.w.org\/{rel}","templated":true}]}}