{"id":20473,"date":"2026-04-14T15:03:30","date_gmt":"2026-04-14T15:03:30","guid":{"rendered":"https:\/\/xstone.group\/product\/rol-furnir-mineral-cu-role-smo-neted-10055-alb-pur\/"},"modified":"2026-04-14T15:03:30","modified_gmt":"2026-04-14T15:03:30","slug":"rolsmo10055-roll-smooth-concrete-white","status":"publish","type":"product","link":"https:\/\/xstone.group\/ro\/product\/rolsmo10055-roll-smooth-concrete-white\/","title":{"rendered":"[ROL] Furnir mineral cu role [SMO] Neted [10055] Alb pur"},"content":{"rendered":"<p data-start=\"214\" data-end=\"489\">Realiza\u021bi o estetic\u0103 curat\u0103 \u0219i atemporal\u0103 cu aceast\u0103 suprafa\u021b\u0103 mineral\u0103 ultra-rafinat\u0103, care combin\u0103 flexibilitatea unui format de rol\u0103 cu o textur\u0103 perfect neted\u0103 \u0219i un finisaj alb pur. Conceput\u0103 pentru arhitectura contemporan\u0103, pune \u00een valoare lumina, spa\u021biul \u0219i minimalismul cu precizie. <\/p>\n<p data-start=\"491\" data-end=\"813\">Aceast\u0103 <strong data-start=\"496\" data-end=\"546\">rol\u0103 de furnir mineral flexibil alb pur neted<\/strong> ofer\u0103 elegan\u021ba materialelor minerale, permi\u021b\u00e2nd \u00een acela\u0219i timp aplicarea f\u0103r\u0103 sudur\u0103 pe pere\u021bi, mobilier \u0219i suprafe\u021be complexe. Structura sa ultra-sub\u021bire \u0219i u\u0219oar\u0103 simplific\u0103 instalarea, oferind \u00een acela\u0219i timp un finisaj continuu de \u00eenalt\u0103 calitate, f\u0103r\u0103 constr\u00e2ngeri vizibile. <\/p>\n<p data-start=\"815\" data-end=\"999\">Ideal\u0103 pentru mediile reziden\u021biale, de retail \u0219i de ospitalitate, aceast\u0103 solu\u021bie reune\u0219te performan\u021ba, durabilitatea \u0219i un aspect modern pentru proiectele \u00een care puritatea \u0219i detaliile conteaz\u0103.<\/p>\n<p>&nbsp;<\/p>\n<p>&nbsp;<\/p>\n<p>&nbsp;<\/p>\n<p>&nbsp;<\/p>\n<p>&nbsp;<\/p>\n<p>&nbsp;<\/p>\n<p>&nbsp;<\/p>\n<hr class=\"border-border-200 border-t-0.5 my-3 mx-1.5\">\n","protected":false},"excerpt":{"rendered":"<p>Realiza\u021bi o estetic\u0103 curat\u0103 \u0219i atemporal\u0103 cu aceast\u0103 suprafa\u021b\u0103 mineral\u0103 ultra-rafinat\u0103, care combin\u0103 flexibilitatea unui format de rol\u0103 cu o textur\u0103 perfect neted\u0103 \u0219i un finisaj alb pur. Conceput\u0103 pentru arhitectura contemporan\u0103, pune \u00een valoare lumina, spa\u021biul \u0219i minimalismul cu precizie. Aceast\u0103 rol\u0103 de furnir mineral flexibil alb pur neted ofer\u0103 elegan\u021ba materialelor minerale, permi\u021b\u00e2nd [&hellip;]<\/p>\n","protected":false},"featured_media":20475,"comment_status":"open","ping_status":"closed","template":"","meta":{"_acf_changed":false,"_uag_custom_page_level_css":"","site-sidebar-layout":"default","site-content-layout":"","ast-site-content-layout":"default","site-content-style":"default","site-sidebar-style":"default","ast-global-header-display":"","ast-banner-title-visibility":"","ast-main-header-display":"","ast-hfb-above-header-display":"","ast-hfb-below-header-display":"","ast-hfb-mobile-header-display":"","site-post-title":"","ast-breadcrumbs-content":"","ast-featured-img":"","footer-sml-layout":"","theme-transparent-header-meta":"default","adv-header-id-meta":"","stick-header-meta":"default","header-above-stick-meta":"","header-main-stick-meta":"","header-below-stick-meta":"","astra-migrate-meta-layouts":"default","ast-page-background-enabled":"default","ast-page-background-meta":{"desktop":{"background-color":"var(--ast-global-color-4)","background-image":"","background-repeat":"repeat","background-position":"center center","background-size":"auto","background-attachment":"scroll","background-type":"","background-media":"","overlay-type":"","overlay-color":"","overlay-opacity":"","overlay-gradient":""},"tablet":{"background-color":"","background-image":"","background-repeat":"repeat","background-position":"center center","background-size":"auto","background-attachment":"scroll","background-type":"","background-media":"","overlay-type":"","overlay-color":"","overlay-opacity":"","overlay-gradient":""},"mobile":{"background-color":"","background-image":"","background-repeat":"repeat","background-position":"center center","background-size":"auto","background-attachment":"scroll","background-type":"","background-media":"","overlay-type":"","overlay-color":"","overlay-opacity":"","overlay-gradient":""}},"ast-content-background-meta":{"desktop":{"background-color":"var(--ast-global-color-5)","background-image":"","background-repeat":"repeat","background-position":"center center","background-size":"auto","background-attachment":"scroll","background-type":"","background-media":"","overlay-type":"","overlay-color":"","overlay-opacity":"","overlay-gradient":""},"tablet":{"background-color":"var(--ast-global-color-5)","background-image":"","background-repeat":"repeat","background-position":"center center","background-size":"auto","background-attachment":"scroll","background-type":"","background-media":"","overlay-type":"","overlay-color":"","overlay-opacity":"","overlay-gradient":""},"mobile":{"background-color":"var(--ast-global-color-5)","background-image":"","background-repeat":"repeat","background-position":"center center","background-size":"auto","background-attachment":"scroll","background-type":"","background-media":"","overlay-type":"","overlay-color":"","overlay-opacity":"","overlay-gradient":""}}},"product_brand":[],"product_cat":[1598,1604,1591,1590,1596,1600,1594,1602,1588],"product_tag":[1606,2026,2020,2024,2016,2022,2018,2028,1702],"class_list":{"0":"post-20473","1":"product","2":"type-product","3":"status-publish","4":"has-post-thumbnail","6":"product_cat-bathroom","7":"product_cat-office","8":"product_cat-retail-design","9":"product_cat-wall-design","10":"product_cat-floor","11":"product_cat-facade","12":"product_cat-furniture","13":"product_cat-panel","14":"product_cat-signature","15":"product_tag-comp-backing-15503","16":"product_tag-minimal-design-wall","17":"product_tag-seamless-interior-finish","18":"product_tag-architectural-surface-material","19":"product_tag-white-wall-panel","20":"product_tag-lightweight-wall-solution","21":"product_tag-modern-white-surface","22":"product_tag-premium-decorative-surface","23":"product_tag-comp-texture-16911","24":"desktop-align-left","25":"tablet-align-left","26":"mobile-align-left","28":"first","29":"instock","30":"shipping-taxable","31":"product-type-simple"},"acf":[],"yoast_head":"<!-- This site is optimized with the Yoast SEO Premium plugin v27.4 (Yoast SEO v27.4) - https:\/\/yoast.com\/product\/yoast-seo-premium-wordpress\/ -->\n<title>Rol\u0103 furnir mineral | Neted\u0103 | Alb pur<\/title>\n<meta name=\"description\" content=\"Rol\u0103 de furnir mineral flexibil cu textur\u0103 neted\u0103 \u00een alb pur. Ultra-sub\u021bire, u\u0219or \u0219i ideal pentru pere\u021bi, mobilier \u0219i interioare moderne.\" \/>\n<meta name=\"robots\" content=\"index, follow, max-snippet:-1, max-image-preview:large, max-video-preview:-1\" \/>\n<link rel=\"canonical\" href=\"https:\/\/xstone.group\/ro\/product\/rolsmo10055-roll-smooth-concrete-white\/\" \/>\n<meta property=\"og:locale\" content=\"ro_RO\" \/>\n<meta property=\"og:type\" content=\"article\" \/>\n<meta property=\"og:title\" content=\"[ROL] Furnir mineral cu role [SMO] Neted [10055] Alb pur\" \/>\n<meta property=\"og:description\" content=\"Rol\u0103 de furnir mineral flexibil cu textur\u0103 neted\u0103 \u00een alb pur. Ultra-sub\u021bire, u\u0219or \u0219i ideal pentru pere\u021bi, mobilier \u0219i interioare moderne.\" \/>\n<meta property=\"og:url\" content=\"https:\/\/xstone.group\/ro\/product\/rolsmo10055-roll-smooth-concrete-white\/\" \/>\n<meta property=\"og:site_name\" content=\"XSTONE\" \/>\n<meta property=\"article:publisher\" content=\"https:\/\/www.facebook.com\/Xstonesurfaces1\/\" \/>\n<meta property=\"og:image\" content=\"https:\/\/xstone.group\/wp-content\/uploads\/2026\/04\/XSTONE_Mineral-Veneer_0488.webp\" \/>\n\t<meta property=\"og:image:width\" content=\"1619\" \/>\n\t<meta property=\"og:image:height\" content=\"1080\" \/>\n\t<meta property=\"og:image:type\" content=\"image\/webp\" \/>\n<meta name=\"twitter:card\" content=\"summary_large_image\" \/>\n<meta name=\"twitter:label1\" content=\"Timp estimat pentru citire\" \/>\n\t<meta name=\"twitter:data1\" content=\"1 minut\" \/>\n<script type=\"application\/ld+json\" class=\"yoast-schema-graph\">{\"@context\":\"https:\\\/\\\/schema.org\",\"@graph\":[{\"@type\":\"WebPage\",\"@id\":\"https:\\\/\\\/xstone.group\\\/ro\\\/product\\\/rolsmo10055-roll-smooth-concrete-white\\\/\",\"url\":\"https:\\\/\\\/xstone.group\\\/ro\\\/product\\\/rolsmo10055-roll-smooth-concrete-white\\\/\",\"name\":\"Rol\u0103 furnir mineral | Neted\u0103 | Alb pur\",\"isPartOf\":{\"@id\":\"https:\\\/\\\/xstone.group\\\/ro\\\/#website\"},\"primaryImageOfPage\":{\"@id\":\"https:\\\/\\\/xstone.group\\\/ro\\\/product\\\/rolsmo10055-roll-smooth-concrete-white\\\/#primaryimage\"},\"image\":{\"@id\":\"https:\\\/\\\/xstone.group\\\/ro\\\/product\\\/rolsmo10055-roll-smooth-concrete-white\\\/#primaryimage\"},\"thumbnailUrl\":\"https:\\\/\\\/xstone.group\\\/wp-content\\\/uploads\\\/2026\\\/04\\\/XSTONE_Mineral-Veneer_0488.webp\",\"datePublished\":\"2026-04-14T15:03:30+00:00\",\"description\":\"Rol\u0103 de furnir mineral flexibil cu textur\u0103 neted\u0103 \u00een alb pur. Ultra-sub\u021bire, u\u0219or \u0219i ideal pentru pere\u021bi, mobilier \u0219i interioare moderne.\",\"breadcrumb\":{\"@id\":\"https:\\\/\\\/xstone.group\\\/ro\\\/product\\\/rolsmo10055-roll-smooth-concrete-white\\\/#breadcrumb\"},\"inLanguage\":\"ro-RO\",\"potentialAction\":[{\"@type\":\"ReadAction\",\"target\":[\"https:\\\/\\\/xstone.group\\\/ro\\\/product\\\/rolsmo10055-roll-smooth-concrete-white\\\/\"]}]},{\"@type\":\"ImageObject\",\"inLanguage\":\"ro-RO\",\"@id\":\"https:\\\/\\\/xstone.group\\\/ro\\\/product\\\/rolsmo10055-roll-smooth-concrete-white\\\/#primaryimage\",\"url\":\"https:\\\/\\\/xstone.group\\\/wp-content\\\/uploads\\\/2026\\\/04\\\/XSTONE_Mineral-Veneer_0488.webp\",\"contentUrl\":\"https:\\\/\\\/xstone.group\\\/wp-content\\\/uploads\\\/2026\\\/04\\\/XSTONE_Mineral-Veneer_0488.webp\",\"width\":1619,\"height\":1080,\"caption\":\"flexible mineral veneer roll smooth pure white\"},{\"@type\":\"BreadcrumbList\",\"@id\":\"https:\\\/\\\/xstone.group\\\/ro\\\/product\\\/rolsmo10055-roll-smooth-concrete-white\\\/#breadcrumb\",\"itemListElement\":[{\"@type\":\"ListItem\",\"position\":1,\"name\":\"Home\",\"item\":\"https:\\\/\\\/xstone.group\\\/ro\\\/\"},{\"@type\":\"ListItem\",\"position\":2,\"name\":\"Produse\",\"item\":\"https:\\\/\\\/xstone.group\\\/ro\\\/shop\\\/\"},{\"@type\":\"ListItem\",\"position\":3,\"name\":\"[ROL] Furnir mineral cu role [SMO] Neted [10055] Alb pur\"}]},{\"@type\":\"WebSite\",\"@id\":\"https:\\\/\\\/xstone.group\\\/ro\\\/#website\",\"url\":\"https:\\\/\\\/xstone.group\\\/ro\\\/\",\"name\":\"XSTONE\",\"description\":\"Frumuse\u021be mineral\u0103 autentic\u0103 \u0219i nelimitat\u0103, nelegat\u0103 de gravita\u021bie\",\"potentialAction\":[{\"@type\":\"SearchAction\",\"target\":{\"@type\":\"EntryPoint\",\"urlTemplate\":\"https:\\\/\\\/xstone.group\\\/ro\\\/?s={search_term_string}\"},\"query-input\":{\"@type\":\"PropertyValueSpecification\",\"valueRequired\":true,\"valueName\":\"search_term_string\"}}],\"inLanguage\":\"ro-RO\"}]}<\/script>\n<!-- \/ Yoast SEO Premium plugin. -->","yoast_head_json":{"title":"Rol\u0103 furnir mineral | Neted\u0103 | Alb pur","description":"Rol\u0103 de furnir mineral flexibil cu textur\u0103 neted\u0103 \u00een alb pur. Ultra-sub\u021bire, u\u0219or \u0219i ideal pentru pere\u021bi, mobilier \u0219i interioare moderne.","robots":{"index":"index","follow":"follow","max-snippet":"max-snippet:-1","max-image-preview":"max-image-preview:large","max-video-preview":"max-video-preview:-1"},"canonical":"https:\/\/xstone.group\/ro\/product\/rolsmo10055-roll-smooth-concrete-white\/","og_locale":"ro_RO","og_type":"article","og_title":"[ROL] Furnir mineral cu role [SMO] Neted [10055] Alb pur","og_description":"Rol\u0103 de furnir mineral flexibil cu textur\u0103 neted\u0103 \u00een alb pur. Ultra-sub\u021bire, u\u0219or \u0219i ideal pentru pere\u021bi, mobilier \u0219i interioare moderne.","og_url":"https:\/\/xstone.group\/ro\/product\/rolsmo10055-roll-smooth-concrete-white\/","og_site_name":"XSTONE","article_publisher":"https:\/\/www.facebook.com\/Xstonesurfaces1\/","og_image":[{"width":1619,"height":1080,"url":"https:\/\/xstone.group\/wp-content\/uploads\/2026\/04\/XSTONE_Mineral-Veneer_0488.webp","type":"image\/webp"}],"twitter_card":"summary_large_image","twitter_misc":{"Timp estimat pentru citire":"1 minut"},"schema":{"@context":"https:\/\/schema.org","@graph":[{"@type":"WebPage","@id":"https:\/\/xstone.group\/ro\/product\/rolsmo10055-roll-smooth-concrete-white\/","url":"https:\/\/xstone.group\/ro\/product\/rolsmo10055-roll-smooth-concrete-white\/","name":"Rol\u0103 furnir mineral | Neted\u0103 | Alb pur","isPartOf":{"@id":"https:\/\/xstone.group\/ro\/#website"},"primaryImageOfPage":{"@id":"https:\/\/xstone.group\/ro\/product\/rolsmo10055-roll-smooth-concrete-white\/#primaryimage"},"image":{"@id":"https:\/\/xstone.group\/ro\/product\/rolsmo10055-roll-smooth-concrete-white\/#primaryimage"},"thumbnailUrl":"https:\/\/xstone.group\/wp-content\/uploads\/2026\/04\/XSTONE_Mineral-Veneer_0488.webp","datePublished":"2026-04-14T15:03:30+00:00","description":"Rol\u0103 de furnir mineral flexibil cu textur\u0103 neted\u0103 \u00een alb pur. Ultra-sub\u021bire, u\u0219or \u0219i ideal pentru pere\u021bi, mobilier \u0219i interioare moderne.","breadcrumb":{"@id":"https:\/\/xstone.group\/ro\/product\/rolsmo10055-roll-smooth-concrete-white\/#breadcrumb"},"inLanguage":"ro-RO","potentialAction":[{"@type":"ReadAction","target":["https:\/\/xstone.group\/ro\/product\/rolsmo10055-roll-smooth-concrete-white\/"]}]},{"@type":"ImageObject","inLanguage":"ro-RO","@id":"https:\/\/xstone.group\/ro\/product\/rolsmo10055-roll-smooth-concrete-white\/#primaryimage","url":"https:\/\/xstone.group\/wp-content\/uploads\/2026\/04\/XSTONE_Mineral-Veneer_0488.webp","contentUrl":"https:\/\/xstone.group\/wp-content\/uploads\/2026\/04\/XSTONE_Mineral-Veneer_0488.webp","width":1619,"height":1080,"caption":"flexible mineral veneer roll smooth pure white"},{"@type":"BreadcrumbList","@id":"https:\/\/xstone.group\/ro\/product\/rolsmo10055-roll-smooth-concrete-white\/#breadcrumb","itemListElement":[{"@type":"ListItem","position":1,"name":"Home","item":"https:\/\/xstone.group\/ro\/"},{"@type":"ListItem","position":2,"name":"Produse","item":"https:\/\/xstone.group\/ro\/shop\/"},{"@type":"ListItem","position":3,"name":"[ROL] Furnir mineral cu role [SMO] Neted [10055] Alb pur"}]},{"@type":"WebSite","@id":"https:\/\/xstone.group\/ro\/#website","url":"https:\/\/xstone.group\/ro\/","name":"XSTONE","description":"Frumuse\u021be mineral\u0103 autentic\u0103 \u0219i nelimitat\u0103, nelegat\u0103 de gravita\u021bie","potentialAction":[{"@type":"SearchAction","target":{"@type":"EntryPoint","urlTemplate":"https:\/\/xstone.group\/ro\/?s={search_term_string}"},"query-input":{"@type":"PropertyValueSpecification","valueRequired":true,"valueName":"search_term_string"}}],"inLanguage":"ro-RO"}]}},"spectra_custom_meta":{"_last_translation_edit_mode":["translation-editor"],"_product_attributes":["a:8:{s:7:\"backing\";a:6:{s:4:\"name\";s:7:\"Backing\";s:5:\"value\";s:17:\"Fibr\u0103 de sticl\u0103\";s:8:\"position\";i:0;s:10:\"is_visible\";i:1;s:12:\"is_variation\";i:0;s:11:\"is_taxonomy\";i:0;}s:7:\"texture\";a:6:{s:4:\"name\";s:7:\"Texture\";s:5:\"value\";s:11:\"Beton neted\";s:8:\"position\";i:1;s:10:\"is_visible\";i:1;s:12:\"is_variation\";i:0;s:11:\"is_taxonomy\";i:0;}s:5:\"color\";a:6:{s:4:\"name\";s:5:\"Color\";s:5:\"value\";s:7:\"Alb pur\";s:8:\"position\";i:2;s:10:\"is_visible\";i:1;s:12:\"is_variation\";i:0;s:11:\"is_taxonomy\";i:0;}s:4:\"size\";a:6:{s:4:\"name\";s:4:\"Size\";s:5:\"value\";s:50:\"3000 x 1000 mm; Dimensiuni personalizate la cerere\";s:8:\"position\";i:3;s:10:\"is_visible\";i:1;s:12:\"is_variation\";i:0;s:11:\"is_taxonomy\";i:0;}s:9:\"thickness\";a:6:{s:4:\"name\";s:9:\"Thickness\";s:5:\"value\";s:10:\"2 - 2,5 mm\";s:8:\"position\";i:4;s:10:\"is_visible\";i:1;s:12:\"is_variation\";i:0;s:11:\"is_taxonomy\";i:0;}s:6:\"finish\";a:6:{s:4:\"name\";s:6:\"Finish\";s:5:\"value\";s:4:\"Matt\";s:8:\"position\";i:5;s:10:\"is_visible\";i:1;s:12:\"is_variation\";i:0;s:11:\"is_taxonomy\";i:0;}s:11:\"composition\";a:6:{s:4:\"name\";s:11:\"Composition\";s:5:\"value\";s:77:\"90% pulbere de piatr\u0103 de marmur\u0103 reciclat\u0103 + copolimer + fibr\u0103 de sticl\u0103\";s:8:\"position\";i:6;s:10:\"is_visible\";i:1;s:12:\"is_variation\";i:0;s:11:\"is_taxonomy\";i:0;}s:11:\"fire-rating\";a:6:{s:4:\"name\";s:11:\"Fire rating\";s:5:\"value\";s:8:\"A2-s1-d0\";s:8:\"position\";i:7;s:10:\"is_visible\";i:1;s:12:\"is_variation\";i:0;s:11:\"is_taxonomy\";i:0;}}"],"attr_label_translations":["a:1:{s:2:\"ro\";a:8:{s:7:\"backing\";s:7:\"Sprijin\";s:7:\"texture\";s:7:\"Textura\";s:5:\"color\";s:7:\"Culoare\";s:4:\"size\";s:7:\"M\u0103rime\";s:9:\"thickness\";s:7:\"Grosime\";s:6:\"finish\";s:6:\"Finish\";s:11:\"composition\";s:11:\"Compozi\u021bie\";s:11:\"fire-rating\";s:18:\"Clasificare la foc\";}}"],"_wcml_average_rating":[null],"_wcml_review_count":[null],"_wcml_rating_count":[null],"_yoast_wpseo_primary_product_cat":["332"],"_backorders":["no"],"_download_limit":["-1"],"_download_expiry":["-1"],"_downloadable":["no"],"_manage_stock":["no"],"_sku":["ROLSMO10055"],"_stock_status":["instock"],"_sold_individually":["no"],"_tax_class":[""],"_tax_status":["taxable"],"_virtual":["no"],"total_sales":["0"],"_wpml_media_duplicate":["1"],"_wpml_media_featured":["1"],"stick-header-meta":["default"],"site-sidebar-layout":["default"],"theme-transparent-header-meta":["default"],"ast-site-content-layout":["default"],"site-content-style":["default"],"site-sidebar-style":["default"],"_yoast_wpseo_title":["Rol\u0103 furnir mineral | Neted\u0103 | Alb pur"],"_yoast_wpseo_metadesc":["Rol\u0103 de furnir mineral flexibil cu textur\u0103 neted\u0103 \u00een alb pur. Ultra-sub\u021bire, u\u0219or \u0219i ideal pentru pere\u021bi, mobilier \u0219i interioare moderne."],"_yoast_wpseo_focuskw":["rulou de furnir mineral flexibil neted alb pur"],"_upsell_ids":["a:3:{i:0;N;i:1;N;i:2;N;}"],"_wpt_field_wpt-16200":["[elementor-template id=\"16197\"]"],"_product_image_gallery":[""],"_thumbnail_id":["20475"],"_wpml_word_count":["168"],"two_optimized_date":["1776559076"],"woolentor_views_count_product":["10"],"_uag_css_file_name":["uag-css-20473.css"],"_uag_js_file_name":["uag-js-20473.js"],"tp_widgets":["a:2:{s:7:\"widgets\";a:6:{i:0;s:18:\"plus-list-skeleton\";i:1;s:22:\"plus-listing-load-more\";i:2;s:18:\"plus-listing-metro\";i:3;s:18:\"tp-product-listout\";i:4;s:17:\"tp-single-style_1\";i:5;s:19:\"tp-woo-single-image\";}s:9:\"update_at\";s:10:\"1776541402\";}"],"_elementor_edit_mode":["builder"],"_selectproduct_layout":["18065"],"_elementor_page_assets":["a:0:{}"],"_elementor_css":["a:7:{s:4:\"time\";i:1776709036;s:5:\"fonts\";a:0:{}s:5:\"icons\";a:0:{}s:20:\"dynamic_elements_ids\";a:0:{}s:6:\"status\";s:5:\"empty\";i:0;s:0:\"\";s:3:\"css\";s:0:\"\";}"],"_wc_rating_count":[""],"_wc_review_count":[""],"_wc_average_rating":[0]},"uagb_featured_image_src":{"full":["https:\/\/xstone.group\/wp-content\/uploads\/2026\/04\/XSTONE_Mineral-Veneer_0488.webp",1619,1080,false],"thumbnail":["https:\/\/xstone.group\/wp-content\/uploads\/2026\/04\/XSTONE_Mineral-Veneer_0488-150x150.webp",150,150,true],"medium":["https:\/\/xstone.group\/wp-content\/uploads\/2026\/04\/XSTONE_Mineral-Veneer_0488-300x200.webp",300,200,true],"medium_large":["https:\/\/xstone.group\/wp-content\/uploads\/2026\/04\/XSTONE_Mineral-Veneer_0488-768x512.webp",768,512,true],"large":["https:\/\/xstone.group\/wp-content\/uploads\/2026\/04\/XSTONE_Mineral-Veneer_0488-1024x683.webp",1024,683,true],"1536x1536":["https:\/\/xstone.group\/wp-content\/uploads\/2026\/04\/XSTONE_Mineral-Veneer_0488-1536x1025.webp",1536,1025,true],"2048x2048":["https:\/\/xstone.group\/wp-content\/uploads\/2026\/04\/XSTONE_Mineral-Veneer_0488.webp",1619,1080,false],"tp-image-grid":["https:\/\/xstone.group\/wp-content\/uploads\/2026\/04\/XSTONE_Mineral-Veneer_0488-700x700.webp",700,700,true],"tenweb_optimizer_mobile":["https:\/\/xstone.group\/wp-content\/uploads\/2026\/04\/XSTONE_Mineral-Veneer_0488-600x400.webp",600,400,true],"tenweb_optimizer_tablet":["https:\/\/xstone.group\/wp-content\/uploads\/2026\/04\/XSTONE_Mineral-Veneer_0488-768x512.webp",768,512,true],"woocommerce_thumbnail":["https:\/\/xstone.group\/wp-content\/uploads\/2026\/04\/XSTONE_Mineral-Veneer_0488-300x300.webp",300,300,true],"woocommerce_single":["https:\/\/xstone.group\/wp-content\/uploads\/2026\/04\/XSTONE_Mineral-Veneer_0488-600x400.webp",600,400,true],"woocommerce_gallery_thumbnail":["https:\/\/xstone.group\/wp-content\/uploads\/2026\/04\/XSTONE_Mineral-Veneer_0488-100x100.webp",100,100,true]},"uagb_author_info":{"display_name":"laurent.gomez@xstone.group","author_link":"https:\/\/xstone.group\/ro\/author\/"},"uagb_comment_info":0,"uagb_excerpt":"Realiza\u021bi o estetic\u0103 curat\u0103 \u0219i atemporal\u0103 cu aceast\u0103 suprafa\u021b\u0103 mineral\u0103 ultra-rafinat\u0103, care combin\u0103 flexibilitatea unui format de rol\u0103 cu o textur\u0103 perfect neted\u0103 \u0219i un finisaj alb pur. Conceput\u0103 pentru arhitectura contemporan\u0103, pune \u00een valoare lumina, spa\u021biul \u0219i minimalismul cu precizie. Aceast\u0103 rol\u0103 de furnir mineral flexibil alb pur neted ofer\u0103 elegan\u021ba materialelor minerale, permi\u021b\u00e2nd&hellip;","_links":{"self":[{"href":"https:\/\/xstone.group\/ro\/wp-json\/wp\/v2\/product\/20473","targetHints":{"allow":["GET"]}}],"collection":[{"href":"https:\/\/xstone.group\/ro\/wp-json\/wp\/v2\/product"}],"about":[{"href":"https:\/\/xstone.group\/ro\/wp-json\/wp\/v2\/types\/product"}],"replies":[{"embeddable":true,"href":"https:\/\/xstone.group\/ro\/wp-json\/wp\/v2\/comments?post=20473"}],"wp:featuredmedia":[{"embeddable":true,"href":"https:\/\/xstone.group\/ro\/wp-json\/wp\/v2\/media\/20475"}],"wp:attachment":[{"href":"https:\/\/xstone.group\/ro\/wp-json\/wp\/v2\/media?parent=20473"}],"wp:term":[{"taxonomy":"product_brand","embeddable":true,"href":"https:\/\/xstone.group\/ro\/wp-json\/wp\/v2\/product_brand?post=20473"},{"taxonomy":"product_cat","embeddable":true,"href":"https:\/\/xstone.group\/ro\/wp-json\/wp\/v2\/product_cat?post=20473"},{"taxonomy":"product_tag","embeddable":true,"href":"https:\/\/xstone.group\/ro\/wp-json\/wp\/v2\/product_tag?post=20473"}],"curies":[{"name":"wp","href":"https:\/\/api.w.org\/{rel}","templated":true}]}}