{"id":20560,"date":"2026-04-15T11:01:23","date_gmt":"2026-04-15T11:01:23","guid":{"rendered":"https:\/\/xstone.group\/product\/rol-rola-furnir-mineral-tsh-gunoi-10004-gri-deschis\/"},"modified":"2026-04-15T11:01:23","modified_gmt":"2026-04-15T11:01:23","slug":"roltsh10004-roll-trash-light-grey","status":"publish","type":"product","link":"https:\/\/xstone.group\/ro\/product\/roltsh10004-roll-trash-light-grey\/","title":{"rendered":"[ROL] Rol\u0103 furnir mineral [TSH] Gunoi [10004] Gri deschis"},"content":{"rendered":"<p data-start=\"214\" data-end=\"274\">Rupe\u021bi conven\u021biile. Crea\u021bi contraste. Proiecta\u021bi cu inten\u021bie. Aceast\u0103 suprafa\u021b\u0103 nu este despre perfec\u021biune. Este vorba despre expresie. Brut\u0103. Texturat\u0103. Imprevizibil\u0103.       <\/p>\n<p data-start=\"371\" data-end=\"600\">Acest <strong data-start=\"376\" data-end=\"425\">furnir mineral flexibil de culoare gri deschis<\/strong> introduce o estetic\u0103 disruptiv\u0103 \u00een spa\u021biile arhitecturale. Inspirat de efectele minerale neregulate \u0219i fragmentate, acesta aduce profunzime \u0219i mi\u0219care acolo unde suprafe\u021bele plate nu reu\u0219esc. Tonul gri deschis \u00eendulce\u0219te compozi\u021bia. Echilibreaz\u0103 complexitatea vizual\u0103. Face suprafa\u021ba versatil\u0103. U\u0219or de integrat. Puternic\u0103, dar controlat\u0103. Fiecare detaliu pare organic. Spontane. Aproape accidental. \u0218i totu\u0219i complet proiectat.          <\/p>\n<p data-start=\"845\" data-end=\"987\">Formatul ultra-sub\u021bire schimb\u0103 totul. Aplica\u021bi-l pe pere\u021bi. Mobilier. Geometrii complexe. F\u0103r\u0103 constr\u00e2ngeri grele. F\u0103r\u0103 limit\u0103ri structurale. U\u0219oare. Flexibile. Eficient\u0103. Se adapteaz\u0103 la viziunea dvs. Nu invers. Formatul rolei permite continuitate. Suprafe\u021be mari. Mai pu\u021bine \u00eembin\u0103ri. Un impact vizual f\u0103r\u0103 cusur.              <\/p>\n<p data-start=\"1164\" data-end=\"1280\">Perfect pentru interioarele \u00eendr\u0103zne\u021be. Concepte de v\u00e2nzare cu am\u0103nuntul. Spa\u021bii de lucru creative. Proiecte de ospitalitate. Oriunde conteaz\u0103 identitatea. Instalarea este simpl\u0103. Rapid\u0103. Controlat\u0103. Ca \u0219i cum ai lucra cu o piele de design mai degrab\u0103 dec\u00e2t cu un material rigid.        <\/p>\n<p data-start=\"1389\" data-end=\"1453\">Durabilitatea \u00eent\u00e2lne\u0219te creativitatea. Performan\u021ba \u00eent\u00e2lne\u0219te libertatea de design. Acesta nu este un finisaj standard. Este o declara\u021bie. Un material care sfideaz\u0103 a\u0219tept\u0103rile. Folosi\u021bi-l pentru a crea contrast. Pentru a sparge uniformitatea. Pentru a introduce ritm \u00een spa\u021biu. Cu aceast\u0103 suprafa\u021b\u0103, nu decora\u021bi. Tu define\u0219ti.         <\/p>\n<p>&nbsp;<\/p>\n<p>&nbsp;<\/p>\n<p>&nbsp;<\/p>\n<p>&nbsp;<\/p>\n<p>&nbsp;<\/p>\n<p>&nbsp;<\/p>\n<p>&nbsp;<\/p>\n<hr class=\"border-border-200 border-t-0.5 my-3 mx-1.5\">\n","protected":false},"excerpt":{"rendered":"<p>Rupe\u021bi conven\u021biile. Crea\u021bi contraste. Proiecta\u021bi cu inten\u021bie. Aceast\u0103 suprafa\u021b\u0103 nu este despre perfec\u021biune. Este vorba despre expresie. Brut\u0103. Texturat\u0103. Imprevizibil\u0103. Acest furnir mineral flexibil de culoare gri deschis introduce o estetic\u0103 disruptiv\u0103 \u00een spa\u021biile arhitecturale. Inspirat de efectele minerale neregulate \u0219i fragmentate, acesta aduce profunzime \u0219i mi\u0219care acolo unde suprafe\u021bele plate nu reu\u0219esc. Tonul gri [&hellip;]<\/p>\n","protected":false},"featured_media":20572,"comment_status":"open","ping_status":"closed","template":"","meta":{"_acf_changed":false,"_uag_custom_page_level_css":"","site-sidebar-layout":"default","site-content-layout":"","ast-site-content-layout":"default","site-content-style":"default","site-sidebar-style":"default","ast-global-header-display":"","ast-banner-title-visibility":"","ast-main-header-display":"","ast-hfb-above-header-display":"","ast-hfb-below-header-display":"","ast-hfb-mobile-header-display":"","site-post-title":"","ast-breadcrumbs-content":"","ast-featured-img":"","footer-sml-layout":"","theme-transparent-header-meta":"default","adv-header-id-meta":"","stick-header-meta":"default","header-above-stick-meta":"","header-main-stick-meta":"","header-below-stick-meta":"","astra-migrate-meta-layouts":"default","ast-page-background-enabled":"default","ast-page-background-meta":{"desktop":{"background-color":"var(--ast-global-color-4)","background-image":"","background-repeat":"repeat","background-position":"center center","background-size":"auto","background-attachment":"scroll","background-type":"","background-media":"","overlay-type":"","overlay-color":"","overlay-opacity":"","overlay-gradient":""},"tablet":{"background-color":"","background-image":"","background-repeat":"repeat","background-position":"center center","background-size":"auto","background-attachment":"scroll","background-type":"","background-media":"","overlay-type":"","overlay-color":"","overlay-opacity":"","overlay-gradient":""},"mobile":{"background-color":"","background-image":"","background-repeat":"repeat","background-position":"center center","background-size":"auto","background-attachment":"scroll","background-type":"","background-media":"","overlay-type":"","overlay-color":"","overlay-opacity":"","overlay-gradient":""}},"ast-content-background-meta":{"desktop":{"background-color":"var(--ast-global-color-5)","background-image":"","background-repeat":"repeat","background-position":"center center","background-size":"auto","background-attachment":"scroll","background-type":"","background-media":"","overlay-type":"","overlay-color":"","overlay-opacity":"","overlay-gradient":""},"tablet":{"background-color":"var(--ast-global-color-5)","background-image":"","background-repeat":"repeat","background-position":"center center","background-size":"auto","background-attachment":"scroll","background-type":"","background-media":"","overlay-type":"","overlay-color":"","overlay-opacity":"","overlay-gradient":""},"mobile":{"background-color":"var(--ast-global-color-5)","background-image":"","background-repeat":"repeat","background-position":"center center","background-size":"auto","background-attachment":"scroll","background-type":"","background-media":"","overlay-type":"","overlay-color":"","overlay-opacity":"","overlay-gradient":""}}},"product_brand":[],"product_cat":[1604,1591,1590,1600,1594,1602,1588],"product_tag":[2172,1700,1606,2170,2165,2169,2168,2171,2167,2161],"class_list":{"0":"post-20560","1":"product","2":"type-product","3":"status-publish","4":"has-post-thumbnail","6":"product_cat-office","7":"product_cat-retail-design","8":"product_cat-wall-design","9":"product_cat-facade","10":"product_cat-furniture","11":"product_cat-panel","12":"product_cat-signature","13":"product_tag-trash-concrete","14":"product_tag-comp-color-15392","15":"product_tag-comp-backing-15503","16":"product_tag-seamless-surface-design","17":"product_tag-light-grey-wall-finish","18":"product_tag-creative-interior-material","19":"product_tag-architectural-texture-panel","20":"product_tag-modern-decorative-wall","21":"product_tag-abstract-wall-surface","22":"product_tag-comp-texture-16881","23":"desktop-align-left","24":"tablet-align-left","25":"mobile-align-left","27":"first","28":"instock","29":"shipping-taxable","30":"product-type-simple"},"acf":[],"yoast_head":"<!-- This site is optimized with the Yoast SEO Premium plugin v27.4 (Yoast SEO v27.4) - https:\/\/yoast.com\/product\/yoast-seo-premium-wordpress\/ -->\n<title>Rol\u0103 furnir mineral | Gunoi | Gri deschis<\/title>\n<meta name=\"description\" content=\"Rol\u0103 de furnir mineral flexibil cu finisaj texturat din beton trash \u00een gri deschis. Ultra-sub\u021bire, u\u0219oar\u0103, ideal\u0103 pentru pere\u021bi \u0219i interioare creative.\" \/>\n<meta name=\"robots\" content=\"index, follow, max-snippet:-1, max-image-preview:large, max-video-preview:-1\" \/>\n<link rel=\"canonical\" href=\"https:\/\/xstone.group\/ro\/product\/roltsh10004-roll-trash-light-grey\/\" \/>\n<meta property=\"og:locale\" content=\"ro_RO\" \/>\n<meta property=\"og:type\" content=\"article\" \/>\n<meta property=\"og:title\" content=\"[ROL] Rol\u0103 furnir mineral [TSH] Gunoi [10004] Gri deschis\" \/>\n<meta property=\"og:description\" content=\"Rol\u0103 de furnir mineral flexibil cu finisaj texturat din beton trash \u00een gri deschis. Ultra-sub\u021bire, u\u0219oar\u0103, ideal\u0103 pentru pere\u021bi \u0219i interioare creative.\" \/>\n<meta property=\"og:url\" content=\"https:\/\/xstone.group\/ro\/product\/roltsh10004-roll-trash-light-grey\/\" \/>\n<meta property=\"og:site_name\" content=\"XSTONE\" \/>\n<meta property=\"article:publisher\" content=\"https:\/\/www.facebook.com\/Xstonesurfaces1\/\" \/>\n<meta property=\"og:image\" content=\"https:\/\/xstone.group\/wp-content\/uploads\/2026\/04\/XSTONE_Mineral-Veneer_0046.webp\" \/>\n\t<meta property=\"og:image:width\" content=\"1920\" \/>\n\t<meta property=\"og:image:height\" content=\"1080\" \/>\n\t<meta property=\"og:image:type\" content=\"image\/webp\" \/>\n<meta name=\"twitter:card\" content=\"summary_large_image\" \/>\n<meta name=\"twitter:label1\" content=\"Timp estimat pentru citire\" \/>\n\t<meta name=\"twitter:data1\" content=\"1 minut\" \/>\n<script type=\"application\/ld+json\" class=\"yoast-schema-graph\">{\"@context\":\"https:\\\/\\\/schema.org\",\"@graph\":[{\"@type\":\"WebPage\",\"@id\":\"https:\\\/\\\/xstone.group\\\/ro\\\/product\\\/roltsh10004-roll-trash-light-grey\\\/\",\"url\":\"https:\\\/\\\/xstone.group\\\/ro\\\/product\\\/roltsh10004-roll-trash-light-grey\\\/\",\"name\":\"Rol\u0103 furnir mineral | Gunoi | Gri deschis\",\"isPartOf\":{\"@id\":\"https:\\\/\\\/xstone.group\\\/ro\\\/#website\"},\"primaryImageOfPage\":{\"@id\":\"https:\\\/\\\/xstone.group\\\/ro\\\/product\\\/roltsh10004-roll-trash-light-grey\\\/#primaryimage\"},\"image\":{\"@id\":\"https:\\\/\\\/xstone.group\\\/ro\\\/product\\\/roltsh10004-roll-trash-light-grey\\\/#primaryimage\"},\"thumbnailUrl\":\"https:\\\/\\\/xstone.group\\\/wp-content\\\/uploads\\\/2026\\\/04\\\/XSTONE_Mineral-Veneer_0046.webp\",\"datePublished\":\"2026-04-15T11:01:23+00:00\",\"description\":\"Rol\u0103 de furnir mineral flexibil cu finisaj texturat din beton trash \u00een gri deschis. Ultra-sub\u021bire, u\u0219oar\u0103, ideal\u0103 pentru pere\u021bi \u0219i interioare creative.\",\"breadcrumb\":{\"@id\":\"https:\\\/\\\/xstone.group\\\/ro\\\/product\\\/roltsh10004-roll-trash-light-grey\\\/#breadcrumb\"},\"inLanguage\":\"ro-RO\",\"potentialAction\":[{\"@type\":\"ReadAction\",\"target\":[\"https:\\\/\\\/xstone.group\\\/ro\\\/product\\\/roltsh10004-roll-trash-light-grey\\\/\"]}]},{\"@type\":\"ImageObject\",\"inLanguage\":\"ro-RO\",\"@id\":\"https:\\\/\\\/xstone.group\\\/ro\\\/product\\\/roltsh10004-roll-trash-light-grey\\\/#primaryimage\",\"url\":\"https:\\\/\\\/xstone.group\\\/wp-content\\\/uploads\\\/2026\\\/04\\\/XSTONE_Mineral-Veneer_0046.webp\",\"contentUrl\":\"https:\\\/\\\/xstone.group\\\/wp-content\\\/uploads\\\/2026\\\/04\\\/XSTONE_Mineral-Veneer_0046.webp\",\"width\":1920,\"height\":1080,\"caption\":\"flexible mineral veneer trash concrete light grey\"},{\"@type\":\"BreadcrumbList\",\"@id\":\"https:\\\/\\\/xstone.group\\\/ro\\\/product\\\/roltsh10004-roll-trash-light-grey\\\/#breadcrumb\",\"itemListElement\":[{\"@type\":\"ListItem\",\"position\":1,\"name\":\"Home\",\"item\":\"https:\\\/\\\/xstone.group\\\/ro\\\/\"},{\"@type\":\"ListItem\",\"position\":2,\"name\":\"Produse\",\"item\":\"https:\\\/\\\/xstone.group\\\/ro\\\/shop\\\/\"},{\"@type\":\"ListItem\",\"position\":3,\"name\":\"[ROL] Rol\u0103 furnir mineral [TSH] Gunoi [10004] Gri deschis\"}]},{\"@type\":\"WebSite\",\"@id\":\"https:\\\/\\\/xstone.group\\\/ro\\\/#website\",\"url\":\"https:\\\/\\\/xstone.group\\\/ro\\\/\",\"name\":\"XSTONE\",\"description\":\"Frumuse\u021be mineral\u0103 autentic\u0103 \u0219i nelimitat\u0103, nelegat\u0103 de gravita\u021bie\",\"potentialAction\":[{\"@type\":\"SearchAction\",\"target\":{\"@type\":\"EntryPoint\",\"urlTemplate\":\"https:\\\/\\\/xstone.group\\\/ro\\\/?s={search_term_string}\"},\"query-input\":{\"@type\":\"PropertyValueSpecification\",\"valueRequired\":true,\"valueName\":\"search_term_string\"}}],\"inLanguage\":\"ro-RO\"}]}<\/script>\n<!-- \/ Yoast SEO Premium plugin. -->","yoast_head_json":{"title":"Rol\u0103 furnir mineral | Gunoi | Gri deschis","description":"Rol\u0103 de furnir mineral flexibil cu finisaj texturat din beton trash \u00een gri deschis. Ultra-sub\u021bire, u\u0219oar\u0103, ideal\u0103 pentru pere\u021bi \u0219i interioare creative.","robots":{"index":"index","follow":"follow","max-snippet":"max-snippet:-1","max-image-preview":"max-image-preview:large","max-video-preview":"max-video-preview:-1"},"canonical":"https:\/\/xstone.group\/ro\/product\/roltsh10004-roll-trash-light-grey\/","og_locale":"ro_RO","og_type":"article","og_title":"[ROL] Rol\u0103 furnir mineral [TSH] Gunoi [10004] Gri deschis","og_description":"Rol\u0103 de furnir mineral flexibil cu finisaj texturat din beton trash \u00een gri deschis. Ultra-sub\u021bire, u\u0219oar\u0103, ideal\u0103 pentru pere\u021bi \u0219i interioare creative.","og_url":"https:\/\/xstone.group\/ro\/product\/roltsh10004-roll-trash-light-grey\/","og_site_name":"XSTONE","article_publisher":"https:\/\/www.facebook.com\/Xstonesurfaces1\/","og_image":[{"width":1920,"height":1080,"url":"https:\/\/xstone.group\/wp-content\/uploads\/2026\/04\/XSTONE_Mineral-Veneer_0046.webp","type":"image\/webp"}],"twitter_card":"summary_large_image","twitter_misc":{"Timp estimat pentru citire":"1 minut"},"schema":{"@context":"https:\/\/schema.org","@graph":[{"@type":"WebPage","@id":"https:\/\/xstone.group\/ro\/product\/roltsh10004-roll-trash-light-grey\/","url":"https:\/\/xstone.group\/ro\/product\/roltsh10004-roll-trash-light-grey\/","name":"Rol\u0103 furnir mineral | Gunoi | Gri deschis","isPartOf":{"@id":"https:\/\/xstone.group\/ro\/#website"},"primaryImageOfPage":{"@id":"https:\/\/xstone.group\/ro\/product\/roltsh10004-roll-trash-light-grey\/#primaryimage"},"image":{"@id":"https:\/\/xstone.group\/ro\/product\/roltsh10004-roll-trash-light-grey\/#primaryimage"},"thumbnailUrl":"https:\/\/xstone.group\/wp-content\/uploads\/2026\/04\/XSTONE_Mineral-Veneer_0046.webp","datePublished":"2026-04-15T11:01:23+00:00","description":"Rol\u0103 de furnir mineral flexibil cu finisaj texturat din beton trash \u00een gri deschis. Ultra-sub\u021bire, u\u0219oar\u0103, ideal\u0103 pentru pere\u021bi \u0219i interioare creative.","breadcrumb":{"@id":"https:\/\/xstone.group\/ro\/product\/roltsh10004-roll-trash-light-grey\/#breadcrumb"},"inLanguage":"ro-RO","potentialAction":[{"@type":"ReadAction","target":["https:\/\/xstone.group\/ro\/product\/roltsh10004-roll-trash-light-grey\/"]}]},{"@type":"ImageObject","inLanguage":"ro-RO","@id":"https:\/\/xstone.group\/ro\/product\/roltsh10004-roll-trash-light-grey\/#primaryimage","url":"https:\/\/xstone.group\/wp-content\/uploads\/2026\/04\/XSTONE_Mineral-Veneer_0046.webp","contentUrl":"https:\/\/xstone.group\/wp-content\/uploads\/2026\/04\/XSTONE_Mineral-Veneer_0046.webp","width":1920,"height":1080,"caption":"flexible mineral veneer trash concrete light grey"},{"@type":"BreadcrumbList","@id":"https:\/\/xstone.group\/ro\/product\/roltsh10004-roll-trash-light-grey\/#breadcrumb","itemListElement":[{"@type":"ListItem","position":1,"name":"Home","item":"https:\/\/xstone.group\/ro\/"},{"@type":"ListItem","position":2,"name":"Produse","item":"https:\/\/xstone.group\/ro\/shop\/"},{"@type":"ListItem","position":3,"name":"[ROL] Rol\u0103 furnir mineral [TSH] Gunoi [10004] Gri deschis"}]},{"@type":"WebSite","@id":"https:\/\/xstone.group\/ro\/#website","url":"https:\/\/xstone.group\/ro\/","name":"XSTONE","description":"Frumuse\u021be mineral\u0103 autentic\u0103 \u0219i nelimitat\u0103, nelegat\u0103 de gravita\u021bie","potentialAction":[{"@type":"SearchAction","target":{"@type":"EntryPoint","urlTemplate":"https:\/\/xstone.group\/ro\/?s={search_term_string}"},"query-input":{"@type":"PropertyValueSpecification","valueRequired":true,"valueName":"search_term_string"}}],"inLanguage":"ro-RO"}]}},"spectra_custom_meta":{"_last_translation_edit_mode":["translation-editor"],"_product_attributes":["a:8:{s:7:\"backing\";a:6:{s:4:\"name\";s:7:\"Backing\";s:5:\"value\";s:17:\"Fibr\u0103 de sticl\u0103\";s:8:\"position\";i:0;s:10:\"is_visible\";i:1;s:12:\"is_variation\";i:0;s:11:\"is_taxonomy\";i:0;}s:7:\"texture\";a:6:{s:4:\"name\";s:7:\"Texture\";s:5:\"value\";s:14:\"Beton de gunoi\";s:8:\"position\";i:1;s:10:\"is_visible\";i:1;s:12:\"is_variation\";i:0;s:11:\"is_taxonomy\";i:0;}s:5:\"color\";a:6:{s:4:\"name\";s:5:\"Color\";s:5:\"value\";s:11:\"Gri deschis\";s:8:\"position\";i:2;s:10:\"is_visible\";i:1;s:12:\"is_variation\";i:0;s:11:\"is_taxonomy\";i:0;}s:4:\"size\";a:6:{s:4:\"name\";s:4:\"Size\";s:5:\"value\";s:50:\"3000 x 1000 mm; Dimensiuni personalizate la cerere\";s:8:\"position\";i:3;s:10:\"is_visible\";i:1;s:12:\"is_variation\";i:0;s:11:\"is_taxonomy\";i:0;}s:9:\"thickness\";a:6:{s:4:\"name\";s:9:\"Thickness\";s:5:\"value\";s:10:\"2 - 2,5 mm\";s:8:\"position\";i:4;s:10:\"is_visible\";i:1;s:12:\"is_variation\";i:0;s:11:\"is_taxonomy\";i:0;}s:6:\"finish\";a:6:{s:4:\"name\";s:6:\"Finish\";s:5:\"value\";s:4:\"Matt\";s:8:\"position\";i:5;s:10:\"is_visible\";i:1;s:12:\"is_variation\";i:0;s:11:\"is_taxonomy\";i:0;}s:11:\"composition\";a:6:{s:4:\"name\";s:11:\"Composition\";s:5:\"value\";s:77:\"90% pulbere de piatr\u0103 de marmur\u0103 reciclat\u0103 + copolimer + fibr\u0103 de sticl\u0103\";s:8:\"position\";i:6;s:10:\"is_visible\";i:1;s:12:\"is_variation\";i:0;s:11:\"is_taxonomy\";i:0;}s:11:\"fire-rating\";a:6:{s:4:\"name\";s:11:\"Fire rating\";s:5:\"value\";s:8:\"A2-s1-d0\";s:8:\"position\";i:7;s:10:\"is_visible\";i:1;s:12:\"is_variation\";i:0;s:11:\"is_taxonomy\";i:0;}}"],"attr_label_translations":["a:1:{s:2:\"ro\";a:8:{s:7:\"backing\";s:7:\"Sprijin\";s:7:\"texture\";s:7:\"Textura\";s:5:\"color\";s:7:\"Culoare\";s:4:\"size\";s:7:\"M\u0103rime\";s:9:\"thickness\";s:7:\"Grosime\";s:6:\"finish\";s:6:\"Finish\";s:11:\"composition\";s:11:\"Compozi\u021bie\";s:11:\"fire-rating\";s:18:\"Clasificare la foc\";}}"],"_wcml_average_rating":[null],"_wcml_review_count":[null],"_wcml_rating_count":[null],"_yoast_wpseo_primary_product_cat":["332"],"_backorders":["no"],"_download_limit":["-1"],"_download_expiry":["-1"],"_downloadable":["no"],"_manage_stock":["no"],"_sku":["ROLTSH10004"],"_stock_status":["instock"],"_sold_individually":["no"],"_tax_class":[""],"_tax_status":["taxable"],"_virtual":["no"],"total_sales":["0"],"_wpml_media_duplicate":["1"],"_wpml_media_featured":["1"],"stick-header-meta":["default"],"site-sidebar-layout":["default"],"theme-transparent-header-meta":["default"],"ast-site-content-layout":["default"],"site-content-style":["default"],"site-sidebar-style":["default"],"_yoast_wpseo_title":["Rol\u0103 furnir mineral | Gunoi | Gri deschis"],"_yoast_wpseo_metadesc":["Rol\u0103 de furnir mineral flexibil cu finisaj texturat din beton trash \u00een gri deschis. Ultra-sub\u021bire, u\u0219oar\u0103, ideal\u0103 pentru pere\u021bi \u0219i interioare creative."],"_yoast_wpseo_focuskw":["furnir mineral flexibil trash beton gri deschis"],"_upsell_ids":["a:3:{i:0;N;i:1;N;i:2;N;}"],"_wpt_field_wpt-16200":["[elementor-template id=\"16197\"]"],"_product_image_gallery":[""],"_thumbnail_id":["20572"],"_wpml_word_count":["306"],"two_optimized_date":["1776565206"],"woolentor_views_count_product":["7"],"_uag_css_file_name":["uag-css-20560.css"],"_uag_js_file_name":["uag-js-20560.js"],"tp_widgets":["a:2:{s:7:\"widgets\";a:6:{i:0;s:18:\"plus-list-skeleton\";i:1;s:22:\"plus-listing-load-more\";i:2;s:18:\"plus-listing-metro\";i:3;s:18:\"tp-product-listout\";i:4;s:17:\"tp-single-style_1\";i:5;s:19:\"tp-woo-single-image\";}s:9:\"update_at\";s:10:\"1776541402\";}"],"_elementor_edit_mode":["builder"],"_selectproduct_layout":["18065"],"_elementor_page_assets":["a:0:{}"],"_elementor_css":["a:7:{s:4:\"time\";i:1776634736;s:5:\"fonts\";a:0:{}s:5:\"icons\";a:0:{}s:20:\"dynamic_elements_ids\";a:0:{}s:6:\"status\";s:5:\"empty\";i:0;s:0:\"\";s:3:\"css\";s:0:\"\";}"],"_wc_rating_count":[""],"_wc_review_count":[""],"_wc_average_rating":[0]},"uagb_featured_image_src":{"full":["https:\/\/xstone.group\/wp-content\/uploads\/2026\/04\/XSTONE_Mineral-Veneer_0046.webp",1920,1080,false],"thumbnail":["https:\/\/xstone.group\/wp-content\/uploads\/2026\/04\/XSTONE_Mineral-Veneer_0046-150x150.webp",150,150,true],"medium":["https:\/\/xstone.group\/wp-content\/uploads\/2026\/04\/XSTONE_Mineral-Veneer_0046-300x169.webp",300,169,true],"medium_large":["https:\/\/xstone.group\/wp-content\/uploads\/2026\/04\/XSTONE_Mineral-Veneer_0046-768x432.webp",768,432,true],"large":["https:\/\/xstone.group\/wp-content\/uploads\/2026\/04\/XSTONE_Mineral-Veneer_0046-1024x576.webp",1024,576,true],"1536x1536":["https:\/\/xstone.group\/wp-content\/uploads\/2026\/04\/XSTONE_Mineral-Veneer_0046-1536x864.webp",1536,864,true],"2048x2048":["https:\/\/xstone.group\/wp-content\/uploads\/2026\/04\/XSTONE_Mineral-Veneer_0046.webp",1920,1080,false],"tp-image-grid":["https:\/\/xstone.group\/wp-content\/uploads\/2026\/04\/XSTONE_Mineral-Veneer_0046-700x700.webp",700,700,true],"tenweb_optimizer_mobile":["https:\/\/xstone.group\/wp-content\/uploads\/2026\/04\/XSTONE_Mineral-Veneer_0046-600x338.webp",600,338,true],"tenweb_optimizer_tablet":["https:\/\/xstone.group\/wp-content\/uploads\/2026\/04\/XSTONE_Mineral-Veneer_0046-768x432.webp",768,432,true],"woocommerce_thumbnail":["https:\/\/xstone.group\/wp-content\/uploads\/2026\/04\/XSTONE_Mineral-Veneer_0046-300x300.webp",300,300,true],"woocommerce_single":["https:\/\/xstone.group\/wp-content\/uploads\/2026\/04\/XSTONE_Mineral-Veneer_0046-600x338.webp",600,338,true],"woocommerce_gallery_thumbnail":["https:\/\/xstone.group\/wp-content\/uploads\/2026\/04\/XSTONE_Mineral-Veneer_0046-100x100.webp",100,100,true]},"uagb_author_info":{"display_name":"laurent.gomez@xstone.group","author_link":"https:\/\/xstone.group\/ro\/author\/"},"uagb_comment_info":0,"uagb_excerpt":"Rupe\u021bi conven\u021biile. Crea\u021bi contraste. Proiecta\u021bi cu inten\u021bie. Aceast\u0103 suprafa\u021b\u0103 nu este despre perfec\u021biune. Este vorba despre expresie. Brut\u0103. Texturat\u0103. Imprevizibil\u0103. Acest furnir mineral flexibil de culoare gri deschis introduce o estetic\u0103 disruptiv\u0103 \u00een spa\u021biile arhitecturale. Inspirat de efectele minerale neregulate \u0219i fragmentate, acesta aduce profunzime \u0219i mi\u0219care acolo unde suprafe\u021bele plate nu reu\u0219esc. Tonul gri&hellip;","_links":{"self":[{"href":"https:\/\/xstone.group\/ro\/wp-json\/wp\/v2\/product\/20560","targetHints":{"allow":["GET"]}}],"collection":[{"href":"https:\/\/xstone.group\/ro\/wp-json\/wp\/v2\/product"}],"about":[{"href":"https:\/\/xstone.group\/ro\/wp-json\/wp\/v2\/types\/product"}],"replies":[{"embeddable":true,"href":"https:\/\/xstone.group\/ro\/wp-json\/wp\/v2\/comments?post=20560"}],"wp:featuredmedia":[{"embeddable":true,"href":"https:\/\/xstone.group\/ro\/wp-json\/wp\/v2\/media\/20572"}],"wp:attachment":[{"href":"https:\/\/xstone.group\/ro\/wp-json\/wp\/v2\/media?parent=20560"}],"wp:term":[{"taxonomy":"product_brand","embeddable":true,"href":"https:\/\/xstone.group\/ro\/wp-json\/wp\/v2\/product_brand?post=20560"},{"taxonomy":"product_cat","embeddable":true,"href":"https:\/\/xstone.group\/ro\/wp-json\/wp\/v2\/product_cat?post=20560"},{"taxonomy":"product_tag","embeddable":true,"href":"https:\/\/xstone.group\/ro\/wp-json\/wp\/v2\/product_tag?post=20560"}],"curies":[{"name":"wp","href":"https:\/\/api.w.org\/{rel}","templated":true}]}}