{"id":21466,"date":"2026-02-11T10:26:09","date_gmt":"2026-02-11T10:26:09","guid":{"rendered":"https:\/\/xstone.group\/product\/10058-beige-de-lecce\/"},"modified":"2026-02-11T10:26:09","modified_gmt":"2026-02-11T10:26:09","slug":"10058-beige-de-lecce","status":"publish","type":"product","link":"https:\/\/xstone.group\/ro\/product\/10058-beige-de-lecce\/","title":{"rendered":"10058 | Beige de Lecce"},"content":{"rendered":"<p>Beige de Lecce eman\u0103 o elegan\u021b\u0103 cald\u0103, natural\u0103, care evoc\u0103 piatra luminat\u0103 de soare \u0219i peisajele mediteraneene atemporale. Tonurile sale moi, p\u0103m\u00e2ntii, creeaz\u0103 un sentiment de calm \u0219i rafinament, f\u0103c\u00e2nd ca orice spa\u021biu s\u0103 se simt\u0103 primitor, ancorat \u0219i rafinat. Petele subtile \u0219i varia\u021biile bl\u00e2nde ale nuan\u021bei \u00eei confer\u0103 un caracter viu, organic, transform\u00e2nd fiecare suprafa\u021b\u0103 \u00eentr-o p\u00e2nz\u0103 a frumuse\u021bii naturale \u0219i a luxului discret. Aceast\u0103 culoare inspir\u0103 senin\u0103tate, reflect\u00e2nd \u00een acela\u0219i timp autenticitatea materialelor naturale, fiind perfect\u0103 pentru interioarele \u0219i designurile care caut\u0103 at\u00e2t c\u0103ldur\u0103, c\u00e2t \u0219i distinc\u021bie.   <\/p>\n","protected":false},"excerpt":{"rendered":"<p>Beige de Lecce eman\u0103 o elegan\u021b\u0103 cald\u0103, natural\u0103, care evoc\u0103 piatra luminat\u0103 de soare \u0219i peisajele mediteraneene atemporale. Tonurile sale moi, p\u0103m\u00e2ntii, creeaz\u0103 un sentiment de calm \u0219i rafinament, f\u0103c\u00e2nd ca orice spa\u021biu s\u0103 se simt\u0103 primitor, ancorat \u0219i rafinat. Petele subtile \u0219i varia\u021biile bl\u00e2nde ale nuan\u021bei \u00eei confer\u0103 un caracter viu, organic, transform\u00e2nd fiecare [&hellip;]<\/p>\n","protected":false},"featured_media":21469,"comment_status":"open","ping_status":"closed","template":"","meta":{"_acf_changed":false,"_uag_custom_page_level_css":"","site-sidebar-layout":"default","site-content-layout":"","ast-site-content-layout":"default","site-content-style":"default","site-sidebar-style":"default","ast-global-header-display":"","ast-banner-title-visibility":"","ast-main-header-display":"","ast-hfb-above-header-display":"","ast-hfb-below-header-display":"","ast-hfb-mobile-header-display":"","site-post-title":"","ast-breadcrumbs-content":"","ast-featured-img":"","footer-sml-layout":"","theme-transparent-header-meta":"default","adv-header-id-meta":"","stick-header-meta":"default","header-above-stick-meta":"","header-main-stick-meta":"","header-below-stick-meta":"","astra-migrate-meta-layouts":"default","ast-page-background-enabled":"default","ast-page-background-meta":{"desktop":{"background-color":"var(--ast-global-color-4)","background-image":"","background-repeat":"repeat","background-position":"center center","background-size":"auto","background-attachment":"scroll","background-type":"","background-media":"","overlay-type":"","overlay-color":"","overlay-opacity":"","overlay-gradient":""},"tablet":{"background-color":"","background-image":"","background-repeat":"repeat","background-position":"center center","background-size":"auto","background-attachment":"scroll","background-type":"","background-media":"","overlay-type":"","overlay-color":"","overlay-opacity":"","overlay-gradient":""},"mobile":{"background-color":"","background-image":"","background-repeat":"repeat","background-position":"center center","background-size":"auto","background-attachment":"scroll","background-type":"","background-media":"","overlay-type":"","overlay-color":"","overlay-opacity":"","overlay-gradient":""}},"ast-content-background-meta":{"desktop":{"background-color":"var(--ast-global-color-5)","background-image":"","background-repeat":"repeat","background-position":"center center","background-size":"auto","background-attachment":"scroll","background-type":"","background-media":"","overlay-type":"","overlay-color":"","overlay-opacity":"","overlay-gradient":""},"tablet":{"background-color":"var(--ast-global-color-5)","background-image":"","background-repeat":"repeat","background-position":"center center","background-size":"auto","background-attachment":"scroll","background-type":"","background-media":"","overlay-type":"","overlay-color":"","overlay-opacity":"","overlay-gradient":""},"mobile":{"background-color":"var(--ast-global-color-5)","background-image":"","background-repeat":"repeat","background-position":"center center","background-size":"auto","background-attachment":"scroll","background-type":"","background-media":"","overlay-type":"","overlay-color":"","overlay-opacity":"","overlay-gradient":""}}},"product_brand":[],"product_cat":[2389,2412],"product_tag":[2413,2414,2437,2419,2427,2415,2435,2429,2421,2433,2431,2425,2423],"class_list":{"0":"post-21466","1":"product","2":"type-product","3":"status-publish","4":"has-post-thumbnail","6":"product_cat-color","7":"product_cat-red","8":"product_tag-beige-de-lecce","9":"product_tag-natural-beige","10":"product_tag-comp-color-17733","11":"product_tag-mediterranean-style-tiles","12":"product_tag-interior-design","13":"product_tag-warm-floor-tiles","14":"product_tag-eco-friendly-tiles","15":"product_tag-luxury-flooring","16":"product_tag-elegant-flooring","17":"product_tag-durable-tiles","18":"product_tag-home-renovation","19":"product_tag-stone-look-tile","20":"product_tag-speckled-tile","21":"desktop-align-left","22":"tablet-align-left","23":"mobile-align-left","25":"first","26":"instock","27":"shipping-taxable","28":"product-type-simple"},"acf":[],"yoast_head":"<!-- This site is optimized with the Yoast SEO Premium plugin v27.4 (Yoast SEO v27.4) - https:\/\/yoast.com\/product\/yoast-seo-premium-wordpress\/ -->\n<title>10058 | Beige de Lecce - XSTONE<\/title>\n<meta name=\"description\" content=\"Descoperi\u021bi Beige de Lecce, o plac\u0103 natural\u0103 bej cald\u0103 \u0219i elegant\u0103, cu pete subtile, perfect\u0103 pentru a crea interioare senine, sofisticate, cu farmec atemporal.\" \/>\n<meta name=\"robots\" content=\"index, follow, max-snippet:-1, max-image-preview:large, max-video-preview:-1\" \/>\n<link rel=\"canonical\" href=\"https:\/\/xstone.group\/ro\/product\/10058-beige-de-lecce\/\" \/>\n<meta property=\"og:locale\" content=\"ro_RO\" \/>\n<meta property=\"og:type\" content=\"article\" \/>\n<meta property=\"og:title\" content=\"10058 | Beige de Lecce\" \/>\n<meta property=\"og:description\" content=\"Descoperi\u021bi Beige de Lecce, o plac\u0103 natural\u0103 bej cald\u0103 \u0219i elegant\u0103, cu pete subtile, perfect\u0103 pentru a crea interioare senine, sofisticate, cu farmec atemporal.\" \/>\n<meta property=\"og:url\" content=\"https:\/\/xstone.group\/ro\/product\/10058-beige-de-lecce\/\" \/>\n<meta property=\"og:site_name\" content=\"XSTONE\" \/>\n<meta property=\"article:publisher\" content=\"https:\/\/www.facebook.com\/Xstonesurfaces1\/\" \/>\n<meta property=\"og:image\" content=\"https:\/\/xstone.group\/wp-content\/uploads\/2026\/02\/Xstone-Color-10058-scaled.webp\" \/>\n\t<meta property=\"og:image:width\" content=\"2560\" \/>\n\t<meta property=\"og:image:height\" content=\"2560\" \/>\n\t<meta property=\"og:image:type\" content=\"image\/webp\" \/>\n<meta name=\"twitter:card\" content=\"summary_large_image\" \/>\n<meta name=\"twitter:label1\" content=\"Timp estimat pentru citire\" \/>\n\t<meta name=\"twitter:data1\" content=\"1 minut\" \/>\n<script type=\"application\/ld+json\" class=\"yoast-schema-graph\">{\"@context\":\"https:\\\/\\\/schema.org\",\"@graph\":[{\"@type\":\"WebPage\",\"@id\":\"https:\\\/\\\/xstone.group\\\/ro\\\/product\\\/10058-beige-de-lecce\\\/\",\"url\":\"https:\\\/\\\/xstone.group\\\/ro\\\/product\\\/10058-beige-de-lecce\\\/\",\"name\":\"10058 | Beige de Lecce - XSTONE\",\"isPartOf\":{\"@id\":\"https:\\\/\\\/xstone.group\\\/ro\\\/#website\"},\"primaryImageOfPage\":{\"@id\":\"https:\\\/\\\/xstone.group\\\/ro\\\/product\\\/10058-beige-de-lecce\\\/#primaryimage\"},\"image\":{\"@id\":\"https:\\\/\\\/xstone.group\\\/ro\\\/product\\\/10058-beige-de-lecce\\\/#primaryimage\"},\"thumbnailUrl\":\"https:\\\/\\\/xstone.group\\\/wp-content\\\/uploads\\\/2026\\\/02\\\/Xstone-Color-10058-scaled.webp\",\"datePublished\":\"2026-02-11T10:26:09+00:00\",\"description\":\"Descoperi\u021bi Beige de Lecce, o plac\u0103 natural\u0103 bej cald\u0103 \u0219i elegant\u0103, cu pete subtile, perfect\u0103 pentru a crea interioare senine, sofisticate, cu farmec atemporal.\",\"breadcrumb\":{\"@id\":\"https:\\\/\\\/xstone.group\\\/ro\\\/product\\\/10058-beige-de-lecce\\\/#breadcrumb\"},\"inLanguage\":\"ro-RO\",\"potentialAction\":[{\"@type\":\"ReadAction\",\"target\":[\"https:\\\/\\\/xstone.group\\\/ro\\\/product\\\/10058-beige-de-lecce\\\/\"]}]},{\"@type\":\"ImageObject\",\"inLanguage\":\"ro-RO\",\"@id\":\"https:\\\/\\\/xstone.group\\\/ro\\\/product\\\/10058-beige-de-lecce\\\/#primaryimage\",\"url\":\"https:\\\/\\\/xstone.group\\\/wp-content\\\/uploads\\\/2026\\\/02\\\/Xstone-Color-10058-scaled.webp\",\"contentUrl\":\"https:\\\/\\\/xstone.group\\\/wp-content\\\/uploads\\\/2026\\\/02\\\/Xstone-Color-10058-scaled.webp\",\"width\":2560,\"height\":2560,\"caption\":\"Xstone-Color-Beige de Lecce\"},{\"@type\":\"BreadcrumbList\",\"@id\":\"https:\\\/\\\/xstone.group\\\/ro\\\/product\\\/10058-beige-de-lecce\\\/#breadcrumb\",\"itemListElement\":[{\"@type\":\"ListItem\",\"position\":1,\"name\":\"Home\",\"item\":\"https:\\\/\\\/xstone.group\\\/ro\\\/\"},{\"@type\":\"ListItem\",\"position\":2,\"name\":\"Produse\",\"item\":\"https:\\\/\\\/xstone.group\\\/ro\\\/shop\\\/\"},{\"@type\":\"ListItem\",\"position\":3,\"name\":\"10058 | Beige de Lecce\"}]},{\"@type\":\"WebSite\",\"@id\":\"https:\\\/\\\/xstone.group\\\/ro\\\/#website\",\"url\":\"https:\\\/\\\/xstone.group\\\/ro\\\/\",\"name\":\"XSTONE\",\"description\":\"Frumuse\u021be mineral\u0103 autentic\u0103 \u0219i nelimitat\u0103, nelegat\u0103 de gravita\u021bie\",\"potentialAction\":[{\"@type\":\"SearchAction\",\"target\":{\"@type\":\"EntryPoint\",\"urlTemplate\":\"https:\\\/\\\/xstone.group\\\/ro\\\/?s={search_term_string}\"},\"query-input\":{\"@type\":\"PropertyValueSpecification\",\"valueRequired\":true,\"valueName\":\"search_term_string\"}}],\"inLanguage\":\"ro-RO\"}]}<\/script>\n<!-- \/ Yoast SEO Premium plugin. -->","yoast_head_json":{"title":"10058 | Beige de Lecce - XSTONE","description":"Descoperi\u021bi Beige de Lecce, o plac\u0103 natural\u0103 bej cald\u0103 \u0219i elegant\u0103, cu pete subtile, perfect\u0103 pentru a crea interioare senine, sofisticate, cu farmec atemporal.","robots":{"index":"index","follow":"follow","max-snippet":"max-snippet:-1","max-image-preview":"max-image-preview:large","max-video-preview":"max-video-preview:-1"},"canonical":"https:\/\/xstone.group\/ro\/product\/10058-beige-de-lecce\/","og_locale":"ro_RO","og_type":"article","og_title":"10058 | Beige de Lecce","og_description":"Descoperi\u021bi Beige de Lecce, o plac\u0103 natural\u0103 bej cald\u0103 \u0219i elegant\u0103, cu pete subtile, perfect\u0103 pentru a crea interioare senine, sofisticate, cu farmec atemporal.","og_url":"https:\/\/xstone.group\/ro\/product\/10058-beige-de-lecce\/","og_site_name":"XSTONE","article_publisher":"https:\/\/www.facebook.com\/Xstonesurfaces1\/","og_image":[{"width":2560,"height":2560,"url":"https:\/\/xstone.group\/wp-content\/uploads\/2026\/02\/Xstone-Color-10058-scaled.webp","type":"image\/webp"}],"twitter_card":"summary_large_image","twitter_misc":{"Timp estimat pentru citire":"1 minut"},"schema":{"@context":"https:\/\/schema.org","@graph":[{"@type":"WebPage","@id":"https:\/\/xstone.group\/ro\/product\/10058-beige-de-lecce\/","url":"https:\/\/xstone.group\/ro\/product\/10058-beige-de-lecce\/","name":"10058 | Beige de Lecce - XSTONE","isPartOf":{"@id":"https:\/\/xstone.group\/ro\/#website"},"primaryImageOfPage":{"@id":"https:\/\/xstone.group\/ro\/product\/10058-beige-de-lecce\/#primaryimage"},"image":{"@id":"https:\/\/xstone.group\/ro\/product\/10058-beige-de-lecce\/#primaryimage"},"thumbnailUrl":"https:\/\/xstone.group\/wp-content\/uploads\/2026\/02\/Xstone-Color-10058-scaled.webp","datePublished":"2026-02-11T10:26:09+00:00","description":"Descoperi\u021bi Beige de Lecce, o plac\u0103 natural\u0103 bej cald\u0103 \u0219i elegant\u0103, cu pete subtile, perfect\u0103 pentru a crea interioare senine, sofisticate, cu farmec atemporal.","breadcrumb":{"@id":"https:\/\/xstone.group\/ro\/product\/10058-beige-de-lecce\/#breadcrumb"},"inLanguage":"ro-RO","potentialAction":[{"@type":"ReadAction","target":["https:\/\/xstone.group\/ro\/product\/10058-beige-de-lecce\/"]}]},{"@type":"ImageObject","inLanguage":"ro-RO","@id":"https:\/\/xstone.group\/ro\/product\/10058-beige-de-lecce\/#primaryimage","url":"https:\/\/xstone.group\/wp-content\/uploads\/2026\/02\/Xstone-Color-10058-scaled.webp","contentUrl":"https:\/\/xstone.group\/wp-content\/uploads\/2026\/02\/Xstone-Color-10058-scaled.webp","width":2560,"height":2560,"caption":"Xstone-Color-Beige de Lecce"},{"@type":"BreadcrumbList","@id":"https:\/\/xstone.group\/ro\/product\/10058-beige-de-lecce\/#breadcrumb","itemListElement":[{"@type":"ListItem","position":1,"name":"Home","item":"https:\/\/xstone.group\/ro\/"},{"@type":"ListItem","position":2,"name":"Produse","item":"https:\/\/xstone.group\/ro\/shop\/"},{"@type":"ListItem","position":3,"name":"10058 | Beige de Lecce"}]},{"@type":"WebSite","@id":"https:\/\/xstone.group\/ro\/#website","url":"https:\/\/xstone.group\/ro\/","name":"XSTONE","description":"Frumuse\u021be mineral\u0103 autentic\u0103 \u0219i nelimitat\u0103, nelegat\u0103 de gravita\u021bie","potentialAction":[{"@type":"SearchAction","target":{"@type":"EntryPoint","urlTemplate":"https:\/\/xstone.group\/ro\/?s={search_term_string}"},"query-input":{"@type":"PropertyValueSpecification","valueRequired":true,"valueName":"search_term_string"}}],"inLanguage":"ro-RO"}]}},"spectra_custom_meta":{"_last_translation_edit_mode":["translation-editor"],"_wcml_average_rating":[null],"_wcml_review_count":[null],"_wcml_rating_count":[null],"_yoast_wpseo_primary_product_cat":["318"],"_backorders":["no"],"_download_limit":["-1"],"_download_expiry":["-1"],"_downloadable":["no"],"_manage_stock":["no"],"_sku":["10058"],"_stock_status":["instock"],"_sold_individually":["no"],"_tax_class":[""],"_tax_status":["taxable"],"_virtual":["no"],"total_sales":["0"],"_wpml_media_duplicate":["1"],"_wpml_media_featured":["1"],"stick-header-meta":["default"],"site-sidebar-layout":["default"],"theme-transparent-header-meta":["default"],"ast-site-content-layout":["default"],"site-content-style":["default"],"site-sidebar-style":["default"],"_yoast_wpseo_metadesc":["Descoperi\u021bi Beige de Lecce, o plac\u0103 natural\u0103 bej cald\u0103 \u0219i elegant\u0103, cu pete subtile, perfect\u0103 pentru a crea interioare senine, sofisticate, cu farmec atemporal."],"_yoast_wpseo_focuskw":["Pl\u0103ci de pardoseal\u0103 Beige de Lecce"],"_product_image_gallery":[""],"_thumbnail_id":["21469"],"_product_attributes":["a:3:{s:7:\"pa_tone\";a:6:{s:4:\"name\";s:7:\"pa_tone\";s:5:\"value\";s:0:\"\";s:8:\"position\";i:0;s:10:\"is_visible\";i:1;s:12:\"is_variation\";i:0;s:11:\"is_taxonomy\";i:1;}s:13:\"pa_color-code\";a:6:{s:4:\"name\";s:13:\"pa_color-code\";s:5:\"value\";s:0:\"\";s:8:\"position\";i:1;s:10:\"is_visible\";i:1;s:12:\"is_variation\";i:0;s:11:\"is_taxonomy\";i:1;}s:9:\"pa_finish\";a:6:{s:4:\"name\";s:9:\"pa_finish\";s:5:\"value\";s:0:\"\";s:8:\"position\";i:2;s:10:\"is_visible\";i:1;s:12:\"is_variation\";i:0;s:11:\"is_taxonomy\";i:1;}}"],"_wpml_word_count":["120"],"two_optimized_date":["1776555847"],"woolentor_views_count_product":["40"],"_uag_css_file_name":["uag-css-21466.css"],"_uag_js_file_name":["uag-js-21466.js"],"tp_widgets":["a:2:{s:7:\"widgets\";a:6:{i:0;s:18:\"plus-list-skeleton\";i:1;s:22:\"plus-listing-load-more\";i:2;s:18:\"plus-listing-metro\";i:3;s:18:\"tp-product-listout\";i:4;s:17:\"tp-single-style_1\";i:5;s:19:\"tp-woo-single-image\";}s:9:\"update_at\";s:10:\"1777019468\";}"],"_elementor_edit_mode":["builder"],"_selectproduct_layout":["16271"],"_wc_rating_count":[""],"_wc_review_count":[""],"_wc_average_rating":[0]},"uagb_featured_image_src":{"full":["https:\/\/xstone.group\/wp-content\/uploads\/2026\/02\/Xstone-Color-10058-scaled.webp",2560,2560,false],"thumbnail":["https:\/\/xstone.group\/wp-content\/uploads\/2026\/02\/Xstone-Color-10058-150x150.webp",150,150,true],"medium":["https:\/\/xstone.group\/wp-content\/uploads\/2026\/02\/Xstone-Color-10058-300x300.webp",300,300,true],"medium_large":["https:\/\/xstone.group\/wp-content\/uploads\/2026\/02\/Xstone-Color-10058-768x768.webp",768,768,true],"large":["https:\/\/xstone.group\/wp-content\/uploads\/2026\/02\/Xstone-Color-10058-1024x1024.webp",1024,1024,true],"1536x1536":["https:\/\/xstone.group\/wp-content\/uploads\/2026\/02\/Xstone-Color-10058-1536x1536.webp",1536,1536,true],"2048x2048":["https:\/\/xstone.group\/wp-content\/uploads\/2026\/02\/Xstone-Color-10058-2048x2048.webp",2048,2048,true],"tp-image-grid":["https:\/\/xstone.group\/wp-content\/uploads\/2026\/02\/Xstone-Color-10058-700x700.webp",700,700,true],"tenweb_optimizer_mobile":["https:\/\/xstone.group\/wp-content\/uploads\/2026\/02\/Xstone-Color-10058-600x600.webp",600,600,true],"tenweb_optimizer_tablet":["https:\/\/xstone.group\/wp-content\/uploads\/2026\/02\/Xstone-Color-10058-768x768.webp",768,768,true],"woocommerce_thumbnail":["https:\/\/xstone.group\/wp-content\/uploads\/2026\/02\/Xstone-Color-10058-300x300.webp",300,300,true],"woocommerce_single":["https:\/\/xstone.group\/wp-content\/uploads\/2026\/02\/Xstone-Color-10058-600x600.webp",600,600,true],"woocommerce_gallery_thumbnail":["https:\/\/xstone.group\/wp-content\/uploads\/2026\/02\/Xstone-Color-10058-100x100.webp",100,100,true]},"uagb_author_info":{"display_name":"laurent.gomez@xstone.group","author_link":"https:\/\/xstone.group\/ro\/author\/"},"uagb_comment_info":0,"uagb_excerpt":"Beige de Lecce eman\u0103 o elegan\u021b\u0103 cald\u0103, natural\u0103, care evoc\u0103 piatra luminat\u0103 de soare \u0219i peisajele mediteraneene atemporale. Tonurile sale moi, p\u0103m\u00e2ntii, creeaz\u0103 un sentiment de calm \u0219i rafinament, f\u0103c\u00e2nd ca orice spa\u021biu s\u0103 se simt\u0103 primitor, ancorat \u0219i rafinat. Petele subtile \u0219i varia\u021biile bl\u00e2nde ale nuan\u021bei \u00eei confer\u0103 un caracter viu, organic, transform\u00e2nd fiecare&hellip;","_links":{"self":[{"href":"https:\/\/xstone.group\/ro\/wp-json\/wp\/v2\/product\/21466","targetHints":{"allow":["GET"]}}],"collection":[{"href":"https:\/\/xstone.group\/ro\/wp-json\/wp\/v2\/product"}],"about":[{"href":"https:\/\/xstone.group\/ro\/wp-json\/wp\/v2\/types\/product"}],"replies":[{"embeddable":true,"href":"https:\/\/xstone.group\/ro\/wp-json\/wp\/v2\/comments?post=21466"}],"wp:featuredmedia":[{"embeddable":true,"href":"https:\/\/xstone.group\/ro\/wp-json\/wp\/v2\/media\/21469"}],"wp:attachment":[{"href":"https:\/\/xstone.group\/ro\/wp-json\/wp\/v2\/media?parent=21466"}],"wp:term":[{"taxonomy":"product_brand","embeddable":true,"href":"https:\/\/xstone.group\/ro\/wp-json\/wp\/v2\/product_brand?post=21466"},{"taxonomy":"product_cat","embeddable":true,"href":"https:\/\/xstone.group\/ro\/wp-json\/wp\/v2\/product_cat?post=21466"},{"taxonomy":"product_tag","embeddable":true,"href":"https:\/\/xstone.group\/ro\/wp-json\/wp\/v2\/product_tag?post=21466"}],"curies":[{"name":"wp","href":"https:\/\/api.w.org\/{rel}","templated":true}]}}