{"id":21739,"date":"2026-04-10T21:35:59","date_gmt":"2026-04-10T21:35:59","guid":{"rendered":"https:\/\/xstone.group\/product\/10027-cupru-ruginit\/"},"modified":"2026-04-10T21:35:59","modified_gmt":"2026-04-10T21:35:59","slug":"10027-rusted-copper","status":"publish","type":"product","link":"https:\/\/xstone.group\/ro\/product\/10027-rusted-copper\/","title":{"rendered":"10027 | Cupru ruginit"},"content":{"rendered":"<p>Un dans hipnotizant de cupru oxidat \u0219i patin\u0103 mineral\u0103, \u00een care verdele verzui profund se transform\u0103 \u00een turcoaz electric, ancorat de nuan\u021be calde de chihlimbar \u0219i sien\u0103 crud\u0103 la marginea suprafe\u021bei. Acesta este timpul f\u0103cut vizibil &#8211; rezultatul uluitor al metalului care se pred\u0103 naturii, strat cu strat, produc\u00e2nd o palet\u0103 vie care trece de la jad la malachit, de la bronz la aur \u00eemb\u0103tr\u00e2nit. Fiecare fisur\u0103, fiecare floare de culoare spune o poveste a transform\u0103rii, f\u0103c\u00e2nd din aceast\u0103 suprafa\u021b\u0103 nu doar un finisaj, ci o m\u0103rturie a frumuse\u021bii sublime a entropiei.  <\/p>\n","protected":false},"excerpt":{"rendered":"<p>Un dans hipnotizant de cupru oxidat \u0219i patin\u0103 mineral\u0103, \u00een care verdele verzui profund se transform\u0103 \u00een turcoaz electric, ancorat de nuan\u021be calde de chihlimbar \u0219i sien\u0103 crud\u0103 la marginea suprafe\u021bei. Acesta este timpul f\u0103cut vizibil &#8211; rezultatul uluitor al metalului care se pred\u0103 naturii, strat cu strat, produc\u00e2nd o palet\u0103 vie care trece de [&hellip;]<\/p>\n","protected":false},"featured_media":21761,"comment_status":"open","ping_status":"closed","template":"","meta":{"_acf_changed":false,"_uag_custom_page_level_css":"","site-sidebar-layout":"default","site-content-layout":"","ast-site-content-layout":"default","site-content-style":"default","site-sidebar-style":"default","ast-global-header-display":"","ast-banner-title-visibility":"","ast-main-header-display":"","ast-hfb-above-header-display":"","ast-hfb-below-header-display":"","ast-hfb-mobile-header-display":"","site-post-title":"","ast-breadcrumbs-content":"","ast-featured-img":"","footer-sml-layout":"","theme-transparent-header-meta":"default","adv-header-id-meta":"","stick-header-meta":"default","header-above-stick-meta":"","header-main-stick-meta":"","header-below-stick-meta":"","astra-migrate-meta-layouts":"default","ast-page-background-enabled":"default","ast-page-background-meta":{"desktop":{"background-color":"var(--ast-global-color-4)","background-image":"","background-repeat":"repeat","background-position":"center center","background-size":"auto","background-attachment":"scroll","background-type":"","background-media":"","overlay-type":"","overlay-color":"","overlay-opacity":"","overlay-gradient":""},"tablet":{"background-color":"","background-image":"","background-repeat":"repeat","background-position":"center center","background-size":"auto","background-attachment":"scroll","background-type":"","background-media":"","overlay-type":"","overlay-color":"","overlay-opacity":"","overlay-gradient":""},"mobile":{"background-color":"","background-image":"","background-repeat":"repeat","background-position":"center center","background-size":"auto","background-attachment":"scroll","background-type":"","background-media":"","overlay-type":"","overlay-color":"","overlay-opacity":"","overlay-gradient":""}},"ast-content-background-meta":{"desktop":{"background-color":"var(--ast-global-color-5)","background-image":"","background-repeat":"repeat","background-position":"center center","background-size":"auto","background-attachment":"scroll","background-type":"","background-media":"","overlay-type":"","overlay-color":"","overlay-opacity":"","overlay-gradient":""},"tablet":{"background-color":"var(--ast-global-color-5)","background-image":"","background-repeat":"repeat","background-position":"center center","background-size":"auto","background-attachment":"scroll","background-type":"","background-media":"","overlay-type":"","overlay-color":"","overlay-opacity":"","overlay-gradient":""},"mobile":{"background-color":"var(--ast-global-color-5)","background-image":"","background-repeat":"repeat","background-position":"center center","background-size":"auto","background-attachment":"scroll","background-type":"","background-media":"","overlay-type":"","overlay-color":"","overlay-opacity":"","overlay-gradient":""}}},"product_brand":[],"product_cat":[3083,2389,3084],"product_tag":[3108,3086,3105,3101,3091,3103,3093,3089,2293,3087,3097,3085,3095,3099],"class_list":{"0":"post-21739","1":"product","2":"type-product","3":"status-publish","4":"has-post-thumbnail","6":"product_cat-blue","7":"product_cat-color","8":"product_cat-orange","9":"product_tag-comp-color-18335","10":"product_tag-rusted-copper","11":"product_tag-patinated-metal-effect","12":"product_tag-copper-finish-wall-tile","13":"product_tag-oxidized-copper-veneer","14":"product_tag-natural-stone-veneer","15":"product_tag-ultra-thin-stone-panel","16":"product_tag-verdigris-stone-panel","17":"product_tag-decorative-wall-panel","18":"product_tag-copper-patina","19":"product_tag-turquoise-patina-wall","20":"product_tag-architectural-stone-veneer","21":"product_tag-mineral-stone-cladding","22":"product_tag-luxury-interior-cladding","23":"desktop-align-left","24":"tablet-align-left","25":"mobile-align-left","27":"first","28":"instock","29":"shipping-taxable","30":"product-type-simple"},"acf":[],"yoast_head":"<!-- This site is optimized with the Yoast SEO Premium plugin v27.4 (Yoast SEO v27.4) - https:\/\/yoast.com\/product\/yoast-seo-premium-wordpress\/ -->\n<title>10027 | Cupru ruginit - XSTONE<\/title>\n<meta name=\"description\" content=\"Descoperi\u021bi XSTONE Rusted Copper care capteaz\u0103 frumuse\u021bea brut\u0103 a patinei de cupru oxidat, cu tonuri profunde de verdea\u021b\u0103, turcoaz \u0219i chihlimbar pentru interioare de lux \u0219i plac\u0103ri arhitecturale.\" \/>\n<meta name=\"robots\" content=\"index, follow, max-snippet:-1, max-image-preview:large, max-video-preview:-1\" \/>\n<link rel=\"canonical\" href=\"https:\/\/xstone.group\/ro\/product\/10027-rusted-copper\/\" \/>\n<meta property=\"og:locale\" content=\"ro_RO\" \/>\n<meta property=\"og:type\" content=\"article\" \/>\n<meta property=\"og:title\" content=\"10027 | Cupru ruginit\" \/>\n<meta property=\"og:description\" content=\"Descoperi\u021bi XSTONE Rusted Copper care capteaz\u0103 frumuse\u021bea brut\u0103 a patinei de cupru oxidat, cu tonuri profunde de verdea\u021b\u0103, turcoaz \u0219i chihlimbar pentru interioare de lux \u0219i plac\u0103ri arhitecturale.\" \/>\n<meta property=\"og:url\" content=\"https:\/\/xstone.group\/ro\/product\/10027-rusted-copper\/\" \/>\n<meta property=\"og:site_name\" content=\"XSTONE\" \/>\n<meta property=\"article:publisher\" content=\"https:\/\/www.facebook.com\/Xstonesurfaces1\/\" \/>\n<meta property=\"og:image\" content=\"https:\/\/xstone.group\/wp-content\/uploads\/2026\/04\/XSTONE-Color-10027-Rusted-Copper.webp\" \/>\n\t<meta property=\"og:image:width\" content=\"1920\" \/>\n\t<meta property=\"og:image:height\" content=\"1440\" \/>\n\t<meta property=\"og:image:type\" content=\"image\/webp\" \/>\n<meta name=\"twitter:card\" content=\"summary_large_image\" \/>\n<meta name=\"twitter:label1\" content=\"Timp estimat pentru citire\" \/>\n\t<meta name=\"twitter:data1\" content=\"1 minut\" \/>\n<script type=\"application\/ld+json\" class=\"yoast-schema-graph\">{\"@context\":\"https:\\\/\\\/schema.org\",\"@graph\":[{\"@type\":\"WebPage\",\"@id\":\"https:\\\/\\\/xstone.group\\\/ro\\\/product\\\/10027-rusted-copper\\\/\",\"url\":\"https:\\\/\\\/xstone.group\\\/ro\\\/product\\\/10027-rusted-copper\\\/\",\"name\":\"10027 | Cupru ruginit - XSTONE\",\"isPartOf\":{\"@id\":\"https:\\\/\\\/xstone.group\\\/ro\\\/#website\"},\"primaryImageOfPage\":{\"@id\":\"https:\\\/\\\/xstone.group\\\/ro\\\/product\\\/10027-rusted-copper\\\/#primaryimage\"},\"image\":{\"@id\":\"https:\\\/\\\/xstone.group\\\/ro\\\/product\\\/10027-rusted-copper\\\/#primaryimage\"},\"thumbnailUrl\":\"https:\\\/\\\/xstone.group\\\/wp-content\\\/uploads\\\/2026\\\/04\\\/XSTONE-Color-10027-Rusted-Copper.webp\",\"datePublished\":\"2026-04-10T21:35:59+00:00\",\"description\":\"Descoperi\u021bi XSTONE Rusted Copper care capteaz\u0103 frumuse\u021bea brut\u0103 a patinei de cupru oxidat, cu tonuri profunde de verdea\u021b\u0103, turcoaz \u0219i chihlimbar pentru interioare de lux \u0219i plac\u0103ri arhitecturale.\",\"breadcrumb\":{\"@id\":\"https:\\\/\\\/xstone.group\\\/ro\\\/product\\\/10027-rusted-copper\\\/#breadcrumb\"},\"inLanguage\":\"ro-RO\",\"potentialAction\":[{\"@type\":\"ReadAction\",\"target\":[\"https:\\\/\\\/xstone.group\\\/ro\\\/product\\\/10027-rusted-copper\\\/\"]}]},{\"@type\":\"ImageObject\",\"inLanguage\":\"ro-RO\",\"@id\":\"https:\\\/\\\/xstone.group\\\/ro\\\/product\\\/10027-rusted-copper\\\/#primaryimage\",\"url\":\"https:\\\/\\\/xstone.group\\\/wp-content\\\/uploads\\\/2026\\\/04\\\/XSTONE-Color-10027-Rusted-Copper.webp\",\"contentUrl\":\"https:\\\/\\\/xstone.group\\\/wp-content\\\/uploads\\\/2026\\\/04\\\/XSTONE-Color-10027-Rusted-Copper.webp\",\"width\":1920,\"height\":1440,\"caption\":\"cupru ruginit\"},{\"@type\":\"BreadcrumbList\",\"@id\":\"https:\\\/\\\/xstone.group\\\/ro\\\/product\\\/10027-rusted-copper\\\/#breadcrumb\",\"itemListElement\":[{\"@type\":\"ListItem\",\"position\":1,\"name\":\"Home\",\"item\":\"https:\\\/\\\/xstone.group\\\/ro\\\/\"},{\"@type\":\"ListItem\",\"position\":2,\"name\":\"Produse\",\"item\":\"https:\\\/\\\/xstone.group\\\/ro\\\/shop\\\/\"},{\"@type\":\"ListItem\",\"position\":3,\"name\":\"10027 | Cupru ruginit\"}]},{\"@type\":\"WebSite\",\"@id\":\"https:\\\/\\\/xstone.group\\\/ro\\\/#website\",\"url\":\"https:\\\/\\\/xstone.group\\\/ro\\\/\",\"name\":\"XSTONE\",\"description\":\"Frumuse\u021be mineral\u0103 autentic\u0103 \u0219i nelimitat\u0103, nelegat\u0103 de gravita\u021bie\",\"potentialAction\":[{\"@type\":\"SearchAction\",\"target\":{\"@type\":\"EntryPoint\",\"urlTemplate\":\"https:\\\/\\\/xstone.group\\\/ro\\\/?s={search_term_string}\"},\"query-input\":{\"@type\":\"PropertyValueSpecification\",\"valueRequired\":true,\"valueName\":\"search_term_string\"}}],\"inLanguage\":\"ro-RO\"}]}<\/script>\n<!-- \/ Yoast SEO Premium plugin. -->","yoast_head_json":{"title":"10027 | Cupru ruginit - XSTONE","description":"Descoperi\u021bi XSTONE Rusted Copper care capteaz\u0103 frumuse\u021bea brut\u0103 a patinei de cupru oxidat, cu tonuri profunde de verdea\u021b\u0103, turcoaz \u0219i chihlimbar pentru interioare de lux \u0219i plac\u0103ri arhitecturale.","robots":{"index":"index","follow":"follow","max-snippet":"max-snippet:-1","max-image-preview":"max-image-preview:large","max-video-preview":"max-video-preview:-1"},"canonical":"https:\/\/xstone.group\/ro\/product\/10027-rusted-copper\/","og_locale":"ro_RO","og_type":"article","og_title":"10027 | Cupru ruginit","og_description":"Descoperi\u021bi XSTONE Rusted Copper care capteaz\u0103 frumuse\u021bea brut\u0103 a patinei de cupru oxidat, cu tonuri profunde de verdea\u021b\u0103, turcoaz \u0219i chihlimbar pentru interioare de lux \u0219i plac\u0103ri arhitecturale.","og_url":"https:\/\/xstone.group\/ro\/product\/10027-rusted-copper\/","og_site_name":"XSTONE","article_publisher":"https:\/\/www.facebook.com\/Xstonesurfaces1\/","og_image":[{"width":1920,"height":1440,"url":"https:\/\/xstone.group\/wp-content\/uploads\/2026\/04\/XSTONE-Color-10027-Rusted-Copper.webp","type":"image\/webp"}],"twitter_card":"summary_large_image","twitter_misc":{"Timp estimat pentru citire":"1 minut"},"schema":{"@context":"https:\/\/schema.org","@graph":[{"@type":"WebPage","@id":"https:\/\/xstone.group\/ro\/product\/10027-rusted-copper\/","url":"https:\/\/xstone.group\/ro\/product\/10027-rusted-copper\/","name":"10027 | Cupru ruginit - XSTONE","isPartOf":{"@id":"https:\/\/xstone.group\/ro\/#website"},"primaryImageOfPage":{"@id":"https:\/\/xstone.group\/ro\/product\/10027-rusted-copper\/#primaryimage"},"image":{"@id":"https:\/\/xstone.group\/ro\/product\/10027-rusted-copper\/#primaryimage"},"thumbnailUrl":"https:\/\/xstone.group\/wp-content\/uploads\/2026\/04\/XSTONE-Color-10027-Rusted-Copper.webp","datePublished":"2026-04-10T21:35:59+00:00","description":"Descoperi\u021bi XSTONE Rusted Copper care capteaz\u0103 frumuse\u021bea brut\u0103 a patinei de cupru oxidat, cu tonuri profunde de verdea\u021b\u0103, turcoaz \u0219i chihlimbar pentru interioare de lux \u0219i plac\u0103ri arhitecturale.","breadcrumb":{"@id":"https:\/\/xstone.group\/ro\/product\/10027-rusted-copper\/#breadcrumb"},"inLanguage":"ro-RO","potentialAction":[{"@type":"ReadAction","target":["https:\/\/xstone.group\/ro\/product\/10027-rusted-copper\/"]}]},{"@type":"ImageObject","inLanguage":"ro-RO","@id":"https:\/\/xstone.group\/ro\/product\/10027-rusted-copper\/#primaryimage","url":"https:\/\/xstone.group\/wp-content\/uploads\/2026\/04\/XSTONE-Color-10027-Rusted-Copper.webp","contentUrl":"https:\/\/xstone.group\/wp-content\/uploads\/2026\/04\/XSTONE-Color-10027-Rusted-Copper.webp","width":1920,"height":1440,"caption":"cupru ruginit"},{"@type":"BreadcrumbList","@id":"https:\/\/xstone.group\/ro\/product\/10027-rusted-copper\/#breadcrumb","itemListElement":[{"@type":"ListItem","position":1,"name":"Home","item":"https:\/\/xstone.group\/ro\/"},{"@type":"ListItem","position":2,"name":"Produse","item":"https:\/\/xstone.group\/ro\/shop\/"},{"@type":"ListItem","position":3,"name":"10027 | Cupru ruginit"}]},{"@type":"WebSite","@id":"https:\/\/xstone.group\/ro\/#website","url":"https:\/\/xstone.group\/ro\/","name":"XSTONE","description":"Frumuse\u021be mineral\u0103 autentic\u0103 \u0219i nelimitat\u0103, nelegat\u0103 de gravita\u021bie","potentialAction":[{"@type":"SearchAction","target":{"@type":"EntryPoint","urlTemplate":"https:\/\/xstone.group\/ro\/?s={search_term_string}"},"query-input":{"@type":"PropertyValueSpecification","valueRequired":true,"valueName":"search_term_string"}}],"inLanguage":"ro-RO"}]}},"spectra_custom_meta":{"_last_translation_edit_mode":["translation-editor"],"_wcml_average_rating":[null],"_wcml_review_count":[null],"_wcml_rating_count":[null],"_yoast_wpseo_primary_product_cat":["318"],"_backorders":["no"],"_download_limit":["-1"],"_download_expiry":["-1"],"_downloadable":["no"],"_manage_stock":["no"],"_sku":["10027"],"_stock_status":["instock"],"_sold_individually":["no"],"_tax_class":[""],"_tax_status":["taxable"],"_virtual":["no"],"total_sales":["0"],"_wpml_media_duplicate":["1"],"_wpml_media_featured":["1"],"stick-header-meta":["default"],"site-sidebar-layout":["default"],"theme-transparent-header-meta":["default"],"ast-site-content-layout":["default"],"site-content-style":["default"],"site-sidebar-style":["default"],"_yoast_wpseo_metadesc":["Descoperi\u021bi XSTONE Rusted Copper care capteaz\u0103 frumuse\u021bea brut\u0103 a patinei de cupru oxidat, cu tonuri profunde de verdea\u021b\u0103, turcoaz \u0219i chihlimbar pentru interioare de lux \u0219i plac\u0103ri arhitecturale."],"_yoast_wpseo_focuskw":["cupru ruginit"],"_product_image_gallery":[""],"_thumbnail_id":["21761"],"_product_attributes":["a:2:{s:7:\"pa_tone\";a:6:{s:4:\"name\";s:7:\"pa_tone\";s:5:\"value\";s:0:\"\";s:8:\"position\";i:0;s:10:\"is_visible\";i:1;s:12:\"is_variation\";i:0;s:11:\"is_taxonomy\";i:1;}s:9:\"pa_finish\";a:6:{s:4:\"name\";s:9:\"pa_finish\";s:5:\"value\";s:0:\"\";s:8:\"position\";i:1;s:10:\"is_visible\";i:1;s:12:\"is_variation\";i:0;s:11:\"is_taxonomy\";i:1;}}"],"_wpml_word_count":["103"],"two_optimized_date":["1776569319"],"woolentor_views_count_product":["10"],"_uag_css_file_name":["uag-css-21739.css"],"_uag_js_file_name":["uag-js-21739.js"],"tp_widgets":["a:2:{s:7:\"widgets\";a:6:{i:0;s:18:\"plus-list-skeleton\";i:1;s:22:\"plus-listing-load-more\";i:2;s:18:\"plus-listing-metro\";i:3;s:18:\"tp-product-listout\";i:4;s:17:\"tp-single-style_1\";i:5;s:19:\"tp-woo-single-image\";}s:9:\"update_at\";s:10:\"1776541402\";}"],"_elementor_edit_mode":["builder"],"_selectproduct_layout":["16271"],"_wc_rating_count":[""],"_wc_review_count":[""],"_wc_average_rating":[0]},"uagb_featured_image_src":{"full":["https:\/\/xstone.group\/wp-content\/uploads\/2026\/04\/XSTONE-Color-10027-Rusted-Copper.webp",1920,1440,false],"thumbnail":["https:\/\/xstone.group\/wp-content\/uploads\/2026\/04\/XSTONE-Color-10027-Rusted-Copper-150x150.webp",150,150,true],"medium":["https:\/\/xstone.group\/wp-content\/uploads\/2026\/04\/XSTONE-Color-10027-Rusted-Copper-300x225.webp",300,225,true],"medium_large":["https:\/\/xstone.group\/wp-content\/uploads\/2026\/04\/XSTONE-Color-10027-Rusted-Copper-768x576.webp",768,576,true],"large":["https:\/\/xstone.group\/wp-content\/uploads\/2026\/04\/XSTONE-Color-10027-Rusted-Copper-1024x768.webp",1024,768,true],"1536x1536":["https:\/\/xstone.group\/wp-content\/uploads\/2026\/04\/XSTONE-Color-10027-Rusted-Copper-1536x1152.webp",1536,1152,true],"2048x2048":["https:\/\/xstone.group\/wp-content\/uploads\/2026\/04\/XSTONE-Color-10027-Rusted-Copper.webp",1920,1440,false],"tp-image-grid":["https:\/\/xstone.group\/wp-content\/uploads\/2026\/04\/XSTONE-Color-10027-Rusted-Copper-700x700.webp",700,700,true],"tenweb_optimizer_mobile":["https:\/\/xstone.group\/wp-content\/uploads\/2026\/04\/XSTONE-Color-10027-Rusted-Copper-600x450.webp",600,450,true],"tenweb_optimizer_tablet":["https:\/\/xstone.group\/wp-content\/uploads\/2026\/04\/XSTONE-Color-10027-Rusted-Copper-768x576.webp",768,576,true],"woocommerce_thumbnail":["https:\/\/xstone.group\/wp-content\/uploads\/2026\/04\/XSTONE-Color-10027-Rusted-Copper-300x300.webp",300,300,true],"woocommerce_single":["https:\/\/xstone.group\/wp-content\/uploads\/2026\/04\/XSTONE-Color-10027-Rusted-Copper-600x450.webp",600,450,true],"woocommerce_gallery_thumbnail":["https:\/\/xstone.group\/wp-content\/uploads\/2026\/04\/XSTONE-Color-10027-Rusted-Copper-100x100.webp",100,100,true]},"uagb_author_info":{"display_name":"laurent.gomez@xstone.group","author_link":"https:\/\/xstone.group\/ro\/author\/"},"uagb_comment_info":0,"uagb_excerpt":"Un dans hipnotizant de cupru oxidat \u0219i patin\u0103 mineral\u0103, \u00een care verdele verzui profund se transform\u0103 \u00een turcoaz electric, ancorat de nuan\u021be calde de chihlimbar \u0219i sien\u0103 crud\u0103 la marginea suprafe\u021bei. Acesta este timpul f\u0103cut vizibil &#8211; rezultatul uluitor al metalului care se pred\u0103 naturii, strat cu strat, produc\u00e2nd o palet\u0103 vie care trece de&hellip;","_links":{"self":[{"href":"https:\/\/xstone.group\/ro\/wp-json\/wp\/v2\/product\/21739","targetHints":{"allow":["GET"]}}],"collection":[{"href":"https:\/\/xstone.group\/ro\/wp-json\/wp\/v2\/product"}],"about":[{"href":"https:\/\/xstone.group\/ro\/wp-json\/wp\/v2\/types\/product"}],"replies":[{"embeddable":true,"href":"https:\/\/xstone.group\/ro\/wp-json\/wp\/v2\/comments?post=21739"}],"wp:featuredmedia":[{"embeddable":true,"href":"https:\/\/xstone.group\/ro\/wp-json\/wp\/v2\/media\/21761"}],"wp:attachment":[{"href":"https:\/\/xstone.group\/ro\/wp-json\/wp\/v2\/media?parent=21739"}],"wp:term":[{"taxonomy":"product_brand","embeddable":true,"href":"https:\/\/xstone.group\/ro\/wp-json\/wp\/v2\/product_brand?post=21739"},{"taxonomy":"product_cat","embeddable":true,"href":"https:\/\/xstone.group\/ro\/wp-json\/wp\/v2\/product_cat?post=21739"},{"taxonomy":"product_tag","embeddable":true,"href":"https:\/\/xstone.group\/ro\/wp-json\/wp\/v2\/product_tag?post=21739"}],"curies":[{"name":"wp","href":"https:\/\/api.w.org\/{rel}","templated":true}]}}