{"id":22076,"date":"2026-04-13T08:08:11","date_gmt":"2026-04-13T08:08:11","guid":{"rendered":"https:\/\/xstone.group\/product\/hri-inalta-crestere\/"},"modified":"2026-04-13T08:08:11","modified_gmt":"2026-04-13T08:08:11","slug":"hri-high-rise","status":"publish","type":"product","link":"https:\/\/xstone.group\/ro\/product\/hri-high-rise\/","title":{"rendered":"HRI | \u00cenalt\u0103 cre\u0219tere"},"content":{"rendered":"<p>High Rise este o textur\u0103 de putere brut\u0103, elementar\u0103 &#8211; crestele ad\u00e2nc striate curg pe suprafa\u021b\u0103 ca memoria sedimentar\u0103 a for\u021belor geologice antice, fiecare canelur\u0103 fiind sculptat\u0103 cu o neregularitate organic\u0103 care vorbe\u0219te despre timp, presiune \u0219i transformare. Relieful este \u00eendr\u0103zne\u021b, dar rafinat, evoc\u00e2nd st\u00e2ncile erodate, straturile de piatr\u0103 erodate \u0219i scara monumental\u0103 a arhitecturii brutaliste distilate \u00eentr-o suprafa\u021b\u0103 ultra-sub\u021bire, u\u0219or de atins. Tactil \u0219i impun\u0103tor, High Rise aduce drama lumii naturale \u00een interior &#8211; transform\u00e2nd orice perete \u00eentr-un peisaj.  <\/p>\n","protected":false},"excerpt":{"rendered":"<p>High Rise este o textur\u0103 de putere brut\u0103, elementar\u0103 &#8211; crestele ad\u00e2nc striate curg pe suprafa\u021b\u0103 ca memoria sedimentar\u0103 a for\u021belor geologice antice, fiecare canelur\u0103 fiind sculptat\u0103 cu o neregularitate organic\u0103 care vorbe\u0219te despre timp, presiune \u0219i transformare. Relieful este \u00eendr\u0103zne\u021b, dar rafinat, evoc\u00e2nd st\u00e2ncile erodate, straturile de piatr\u0103 erodate \u0219i scara monumental\u0103 a arhitecturii [&hellip;]<\/p>\n","protected":false},"featured_media":22079,"comment_status":"open","ping_status":"closed","template":"","meta":{"_acf_changed":false,"_uag_custom_page_level_css":"","site-sidebar-layout":"default","site-content-layout":"","ast-site-content-layout":"default","site-content-style":"default","site-sidebar-style":"default","ast-global-header-display":"","ast-banner-title-visibility":"","ast-main-header-display":"","ast-hfb-above-header-display":"","ast-hfb-below-header-display":"","ast-hfb-mobile-header-display":"","site-post-title":"","ast-breadcrumbs-content":"","ast-featured-img":"","footer-sml-layout":"","theme-transparent-header-meta":"default","adv-header-id-meta":"","stick-header-meta":"default","header-above-stick-meta":"","header-main-stick-meta":"","header-below-stick-meta":"","astra-migrate-meta-layouts":"default","ast-page-background-enabled":"default","ast-page-background-meta":{"desktop":{"background-color":"var(--ast-global-color-4)","background-image":"","background-repeat":"repeat","background-position":"center center","background-size":"auto","background-attachment":"scroll","background-type":"","background-media":"","overlay-type":"","overlay-color":"","overlay-opacity":"","overlay-gradient":""},"tablet":{"background-color":"","background-image":"","background-repeat":"repeat","background-position":"center center","background-size":"auto","background-attachment":"scroll","background-type":"","background-media":"","overlay-type":"","overlay-color":"","overlay-opacity":"","overlay-gradient":""},"mobile":{"background-color":"","background-image":"","background-repeat":"repeat","background-position":"center center","background-size":"auto","background-attachment":"scroll","background-type":"","background-media":"","overlay-type":"","overlay-color":"","overlay-opacity":"","overlay-gradient":""}},"ast-content-background-meta":{"desktop":{"background-color":"var(--ast-global-color-5)","background-image":"","background-repeat":"repeat","background-position":"center center","background-size":"auto","background-attachment":"scroll","background-type":"","background-media":"","overlay-type":"","overlay-color":"","overlay-opacity":"","overlay-gradient":""},"tablet":{"background-color":"var(--ast-global-color-5)","background-image":"","background-repeat":"repeat","background-position":"center center","background-size":"auto","background-attachment":"scroll","background-type":"","background-media":"","overlay-type":"","overlay-color":"","overlay-opacity":"","overlay-gradient":""},"mobile":{"background-color":"var(--ast-global-color-5)","background-image":"","background-repeat":"repeat","background-position":"center center","background-size":"auto","background-attachment":"scroll","background-type":"","background-media":"","overlay-type":"","overlay-color":"","overlay-opacity":"","overlay-gradient":""}}},"product_brand":[],"product_cat":[3592,3589],"product_tag":[2062,3618,3611,3612,3598,3609,3614,3617,3604,3602,3620,3606,3600],"class_list":{"0":"post-22076","1":"product","2":"type-product","3":"status-publish","4":"has-post-thumbnail","6":"product_cat-concrete","7":"product_cat-texture","8":"product_tag-luxury-wall-covering","9":"product_tag-stone-finish-interior","10":"product_tag-decorative-stone-veneer","11":"product_tag-feature-wall-material","12":"product_tag-stone-veneer-panel","13":"product_tag-stone-effect-wall-panel","14":"product_tag-designer-wall-panel","15":"product_tag-thin-stone-panel","16":"product_tag-interior-stone-cladding","17":"product_tag-striated-stone-surface","18":"product_tag-comp-texture-18436","19":"product_tag-architectural-wall-texture","20":"product_tag-linear-texture-wall-cladding","21":"desktop-align-left","22":"tablet-align-left","23":"mobile-align-left","25":"first","26":"instock","27":"shipping-taxable","28":"product-type-simple"},"acf":[],"yoast_head":"<!-- This site is optimized with the Yoast SEO Premium plugin v27.4 (Yoast SEO v27.4) - https:\/\/yoast.com\/product\/yoast-seo-premium-wordpress\/ -->\n<title>HRI | \u00cenalt\u0103 cre\u0219tere - XSTONE<\/title>\n<meta name=\"description\" content=\"High Rise este un furnir de piatr\u0103 mineral\u0103 striat\u0103 inspirat de straturile geologice \u0219i de arhitectura brutalist\u0103, gata s\u0103 transforme orice suprafa\u021b\u0103 \u00eentr-o declara\u021bie arhitectural\u0103 \u00eendr\u0103znea\u021b\u0103.\" \/>\n<meta name=\"robots\" content=\"index, follow, max-snippet:-1, max-image-preview:large, max-video-preview:-1\" \/>\n<link rel=\"canonical\" href=\"https:\/\/xstone.group\/ro\/product\/hri-high-rise\/\" \/>\n<meta property=\"og:locale\" content=\"ro_RO\" \/>\n<meta property=\"og:type\" content=\"article\" \/>\n<meta property=\"og:title\" content=\"HRI | \u00cenalt\u0103 cre\u0219tere\" \/>\n<meta property=\"og:description\" content=\"High Rise este un furnir de piatr\u0103 mineral\u0103 striat\u0103 inspirat de straturile geologice \u0219i de arhitectura brutalist\u0103, gata s\u0103 transforme orice suprafa\u021b\u0103 \u00eentr-o declara\u021bie arhitectural\u0103 \u00eendr\u0103znea\u021b\u0103.\" \/>\n<meta property=\"og:url\" content=\"https:\/\/xstone.group\/ro\/product\/hri-high-rise\/\" \/>\n<meta property=\"og:site_name\" content=\"XSTONE\" \/>\n<meta property=\"article:publisher\" content=\"https:\/\/www.facebook.com\/Xstonesurfaces1\/\" \/>\n<meta property=\"og:image\" content=\"https:\/\/xstone.group\/wp-content\/uploads\/2026\/04\/XSTONE-HRI-High-rise.webp\" \/>\n\t<meta property=\"og:image:width\" content=\"1920\" \/>\n\t<meta property=\"og:image:height\" content=\"1920\" \/>\n\t<meta property=\"og:image:type\" content=\"image\/webp\" \/>\n<meta name=\"twitter:card\" content=\"summary_large_image\" \/>\n<script type=\"application\/ld+json\" class=\"yoast-schema-graph\">{\"@context\":\"https:\\\/\\\/schema.org\",\"@graph\":[{\"@type\":\"WebPage\",\"@id\":\"https:\\\/\\\/xstone.group\\\/ro\\\/product\\\/hri-high-rise\\\/\",\"url\":\"https:\\\/\\\/xstone.group\\\/ro\\\/product\\\/hri-high-rise\\\/\",\"name\":\"HRI | \u00cenalt\u0103 cre\u0219tere - XSTONE\",\"isPartOf\":{\"@id\":\"https:\\\/\\\/xstone.group\\\/ro\\\/#website\"},\"primaryImageOfPage\":{\"@id\":\"https:\\\/\\\/xstone.group\\\/ro\\\/product\\\/hri-high-rise\\\/#primaryimage\"},\"image\":{\"@id\":\"https:\\\/\\\/xstone.group\\\/ro\\\/product\\\/hri-high-rise\\\/#primaryimage\"},\"thumbnailUrl\":\"https:\\\/\\\/xstone.group\\\/wp-content\\\/uploads\\\/2026\\\/04\\\/XSTONE-HRI-High-rise.webp\",\"datePublished\":\"2026-04-13T08:08:11+00:00\",\"description\":\"High Rise este un furnir de piatr\u0103 mineral\u0103 striat\u0103 inspirat de straturile geologice \u0219i de arhitectura brutalist\u0103, gata s\u0103 transforme orice suprafa\u021b\u0103 \u00eentr-o declara\u021bie arhitectural\u0103 \u00eendr\u0103znea\u021b\u0103.\",\"breadcrumb\":{\"@id\":\"https:\\\/\\\/xstone.group\\\/ro\\\/product\\\/hri-high-rise\\\/#breadcrumb\"},\"inLanguage\":\"ro-RO\",\"potentialAction\":[{\"@type\":\"ReadAction\",\"target\":[\"https:\\\/\\\/xstone.group\\\/ro\\\/product\\\/hri-high-rise\\\/\"]}]},{\"@type\":\"ImageObject\",\"inLanguage\":\"ro-RO\",\"@id\":\"https:\\\/\\\/xstone.group\\\/ro\\\/product\\\/hri-high-rise\\\/#primaryimage\",\"url\":\"https:\\\/\\\/xstone.group\\\/wp-content\\\/uploads\\\/2026\\\/04\\\/XSTONE-HRI-High-rise.webp\",\"contentUrl\":\"https:\\\/\\\/xstone.group\\\/wp-content\\\/uploads\\\/2026\\\/04\\\/XSTONE-HRI-High-rise.webp\",\"width\":1920,\"height\":1920,\"caption\":\"linear concrete texture\"},{\"@type\":\"BreadcrumbList\",\"@id\":\"https:\\\/\\\/xstone.group\\\/ro\\\/product\\\/hri-high-rise\\\/#breadcrumb\",\"itemListElement\":[{\"@type\":\"ListItem\",\"position\":1,\"name\":\"Home\",\"item\":\"https:\\\/\\\/xstone.group\\\/ro\\\/\"},{\"@type\":\"ListItem\",\"position\":2,\"name\":\"Produse\",\"item\":\"https:\\\/\\\/xstone.group\\\/ro\\\/shop\\\/\"},{\"@type\":\"ListItem\",\"position\":3,\"name\":\"HRI | \u00cenalt\u0103 cre\u0219tere\"}]},{\"@type\":\"WebSite\",\"@id\":\"https:\\\/\\\/xstone.group\\\/ro\\\/#website\",\"url\":\"https:\\\/\\\/xstone.group\\\/ro\\\/\",\"name\":\"XSTONE\",\"description\":\"Frumuse\u021be mineral\u0103 autentic\u0103 \u0219i nelimitat\u0103, nelegat\u0103 de gravita\u021bie\",\"potentialAction\":[{\"@type\":\"SearchAction\",\"target\":{\"@type\":\"EntryPoint\",\"urlTemplate\":\"https:\\\/\\\/xstone.group\\\/ro\\\/?s={search_term_string}\"},\"query-input\":{\"@type\":\"PropertyValueSpecification\",\"valueRequired\":true,\"valueName\":\"search_term_string\"}}],\"inLanguage\":\"ro-RO\"}]}<\/script>\n<!-- \/ Yoast SEO Premium plugin. -->","yoast_head_json":{"title":"HRI | \u00cenalt\u0103 cre\u0219tere - XSTONE","description":"High Rise este un furnir de piatr\u0103 mineral\u0103 striat\u0103 inspirat de straturile geologice \u0219i de arhitectura brutalist\u0103, gata s\u0103 transforme orice suprafa\u021b\u0103 \u00eentr-o declara\u021bie arhitectural\u0103 \u00eendr\u0103znea\u021b\u0103.","robots":{"index":"index","follow":"follow","max-snippet":"max-snippet:-1","max-image-preview":"max-image-preview:large","max-video-preview":"max-video-preview:-1"},"canonical":"https:\/\/xstone.group\/ro\/product\/hri-high-rise\/","og_locale":"ro_RO","og_type":"article","og_title":"HRI | \u00cenalt\u0103 cre\u0219tere","og_description":"High Rise este un furnir de piatr\u0103 mineral\u0103 striat\u0103 inspirat de straturile geologice \u0219i de arhitectura brutalist\u0103, gata s\u0103 transforme orice suprafa\u021b\u0103 \u00eentr-o declara\u021bie arhitectural\u0103 \u00eendr\u0103znea\u021b\u0103.","og_url":"https:\/\/xstone.group\/ro\/product\/hri-high-rise\/","og_site_name":"XSTONE","article_publisher":"https:\/\/www.facebook.com\/Xstonesurfaces1\/","og_image":[{"width":1920,"height":1920,"url":"https:\/\/xstone.group\/wp-content\/uploads\/2026\/04\/XSTONE-HRI-High-rise.webp","type":"image\/webp"}],"twitter_card":"summary_large_image","schema":{"@context":"https:\/\/schema.org","@graph":[{"@type":"WebPage","@id":"https:\/\/xstone.group\/ro\/product\/hri-high-rise\/","url":"https:\/\/xstone.group\/ro\/product\/hri-high-rise\/","name":"HRI | \u00cenalt\u0103 cre\u0219tere - XSTONE","isPartOf":{"@id":"https:\/\/xstone.group\/ro\/#website"},"primaryImageOfPage":{"@id":"https:\/\/xstone.group\/ro\/product\/hri-high-rise\/#primaryimage"},"image":{"@id":"https:\/\/xstone.group\/ro\/product\/hri-high-rise\/#primaryimage"},"thumbnailUrl":"https:\/\/xstone.group\/wp-content\/uploads\/2026\/04\/XSTONE-HRI-High-rise.webp","datePublished":"2026-04-13T08:08:11+00:00","description":"High Rise este un furnir de piatr\u0103 mineral\u0103 striat\u0103 inspirat de straturile geologice \u0219i de arhitectura brutalist\u0103, gata s\u0103 transforme orice suprafa\u021b\u0103 \u00eentr-o declara\u021bie arhitectural\u0103 \u00eendr\u0103znea\u021b\u0103.","breadcrumb":{"@id":"https:\/\/xstone.group\/ro\/product\/hri-high-rise\/#breadcrumb"},"inLanguage":"ro-RO","potentialAction":[{"@type":"ReadAction","target":["https:\/\/xstone.group\/ro\/product\/hri-high-rise\/"]}]},{"@type":"ImageObject","inLanguage":"ro-RO","@id":"https:\/\/xstone.group\/ro\/product\/hri-high-rise\/#primaryimage","url":"https:\/\/xstone.group\/wp-content\/uploads\/2026\/04\/XSTONE-HRI-High-rise.webp","contentUrl":"https:\/\/xstone.group\/wp-content\/uploads\/2026\/04\/XSTONE-HRI-High-rise.webp","width":1920,"height":1920,"caption":"linear concrete texture"},{"@type":"BreadcrumbList","@id":"https:\/\/xstone.group\/ro\/product\/hri-high-rise\/#breadcrumb","itemListElement":[{"@type":"ListItem","position":1,"name":"Home","item":"https:\/\/xstone.group\/ro\/"},{"@type":"ListItem","position":2,"name":"Produse","item":"https:\/\/xstone.group\/ro\/shop\/"},{"@type":"ListItem","position":3,"name":"HRI | \u00cenalt\u0103 cre\u0219tere"}]},{"@type":"WebSite","@id":"https:\/\/xstone.group\/ro\/#website","url":"https:\/\/xstone.group\/ro\/","name":"XSTONE","description":"Frumuse\u021be mineral\u0103 autentic\u0103 \u0219i nelimitat\u0103, nelegat\u0103 de gravita\u021bie","potentialAction":[{"@type":"SearchAction","target":{"@type":"EntryPoint","urlTemplate":"https:\/\/xstone.group\/ro\/?s={search_term_string}"},"query-input":{"@type":"PropertyValueSpecification","valueRequired":true,"valueName":"search_term_string"}}],"inLanguage":"ro-RO"}]}},"spectra_custom_meta":{"_last_translation_edit_mode":["translation-editor"],"_wcml_average_rating":[null],"_wcml_review_count":[null],"_wcml_rating_count":[null],"_yoast_wpseo_primary_product_cat":["317"],"_backorders":["no"],"_download_limit":["-1"],"_download_expiry":["-1"],"_downloadable":["no"],"_manage_stock":["no"],"_sku":["HRI"],"_stock_status":["instock"],"_sold_individually":["no"],"_tax_class":[""],"_tax_status":["taxable"],"_virtual":["no"],"total_sales":["0"],"_wpml_media_duplicate":["1"],"_wpml_media_featured":["1"],"stick-header-meta":["default"],"site-sidebar-layout":["default"],"theme-transparent-header-meta":["default"],"ast-site-content-layout":["default"],"site-content-style":["default"],"site-sidebar-style":["default"],"_yoast_wpseo_metadesc":["High Rise este un furnir de piatr\u0103 mineral\u0103 striat\u0103 inspirat de straturile geologice \u0219i de arhitectura brutalist\u0103, gata s\u0103 transforme orice suprafa\u021b\u0103 \u00eentr-o declara\u021bie arhitectural\u0103 \u00eendr\u0103znea\u021b\u0103."],"_yoast_wpseo_focuskw":["textura liniar\u0103 a betonului"],"_product_image_gallery":[""],"_thumbnail_id":["22079"],"_product_attributes":["a:3:{s:12:\"pa_thickness\";a:6:{s:4:\"name\";s:12:\"pa_thickness\";s:5:\"value\";s:0:\"\";s:8:\"position\";i:0;s:10:\"is_visible\";i:1;s:12:\"is_variation\";i:0;s:11:\"is_taxonomy\";i:1;}s:14:\"pa_composition\";a:6:{s:4:\"name\";s:14:\"pa_composition\";s:5:\"value\";s:0:\"\";s:8:\"position\";i:1;s:10:\"is_visible\";i:1;s:12:\"is_variation\";i:0;s:11:\"is_taxonomy\";i:1;}s:14:\"pa_fire-rating\";a:6:{s:4:\"name\";s:14:\"pa_fire-rating\";s:5:\"value\";s:0:\"\";s:8:\"position\";i:2;s:10:\"is_visible\";i:1;s:12:\"is_variation\";i:0;s:11:\"is_taxonomy\";i:1;}}"],"_wpml_word_count":["109"],"two_optimized_date":["1776495224"],"woolentor_views_count_product":["13"],"_uag_css_file_name":["uag-css-22076.css"],"_uag_js_file_name":["uag-js-22076.js"],"tp_widgets":["a:2:{s:7:\"widgets\";a:6:{i:0;s:18:\"plus-list-skeleton\";i:1;s:22:\"plus-listing-load-more\";i:2;s:18:\"plus-listing-metro\";i:3;s:18:\"tp-product-listout\";i:4;s:17:\"tp-single-style_1\";i:5;s:19:\"tp-woo-single-image\";}s:9:\"update_at\";s:10:\"1776541402\";}"],"_elementor_edit_mode":["builder"],"_selectproduct_layout":["16389"],"_wc_rating_count":[""],"_wc_review_count":[""],"_wc_average_rating":[0]},"uagb_featured_image_src":{"full":["https:\/\/xstone.group\/wp-content\/uploads\/2026\/04\/XSTONE-HRI-High-rise.webp",1920,1920,false],"thumbnail":["https:\/\/xstone.group\/wp-content\/uploads\/2026\/04\/XSTONE-HRI-High-rise-150x150.webp",150,150,true],"medium":["https:\/\/xstone.group\/wp-content\/uploads\/2026\/04\/XSTONE-HRI-High-rise-300x300.webp",300,300,true],"medium_large":["https:\/\/xstone.group\/wp-content\/uploads\/2026\/04\/XSTONE-HRI-High-rise-768x768.webp",768,768,true],"large":["https:\/\/xstone.group\/wp-content\/uploads\/2026\/04\/XSTONE-HRI-High-rise-1024x1024.webp",1024,1024,true],"1536x1536":["https:\/\/xstone.group\/wp-content\/uploads\/2026\/04\/XSTONE-HRI-High-rise-1536x1536.webp",1536,1536,true],"2048x2048":["https:\/\/xstone.group\/wp-content\/uploads\/2026\/04\/XSTONE-HRI-High-rise.webp",1920,1920,false],"tp-image-grid":["https:\/\/xstone.group\/wp-content\/uploads\/2026\/04\/XSTONE-HRI-High-rise-700x700.webp",700,700,true],"tenweb_optimizer_mobile":["https:\/\/xstone.group\/wp-content\/uploads\/2026\/04\/XSTONE-HRI-High-rise-600x600.webp",600,600,true],"tenweb_optimizer_tablet":["https:\/\/xstone.group\/wp-content\/uploads\/2026\/04\/XSTONE-HRI-High-rise-768x768.webp",768,768,true],"woocommerce_thumbnail":["https:\/\/xstone.group\/wp-content\/uploads\/2026\/04\/XSTONE-HRI-High-rise-300x300.webp",300,300,true],"woocommerce_single":["https:\/\/xstone.group\/wp-content\/uploads\/2026\/04\/XSTONE-HRI-High-rise-600x600.webp",600,600,true],"woocommerce_gallery_thumbnail":["https:\/\/xstone.group\/wp-content\/uploads\/2026\/04\/XSTONE-HRI-High-rise-100x100.webp",100,100,true]},"uagb_author_info":{"display_name":"laurent.gomez@xstone.group","author_link":"https:\/\/xstone.group\/ro\/author\/"},"uagb_comment_info":0,"uagb_excerpt":"High Rise este o textur\u0103 de putere brut\u0103, elementar\u0103 &#8211; crestele ad\u00e2nc striate curg pe suprafa\u021b\u0103 ca memoria sedimentar\u0103 a for\u021belor geologice antice, fiecare canelur\u0103 fiind sculptat\u0103 cu o neregularitate organic\u0103 care vorbe\u0219te despre timp, presiune \u0219i transformare. Relieful este \u00eendr\u0103zne\u021b, dar rafinat, evoc\u00e2nd st\u00e2ncile erodate, straturile de piatr\u0103 erodate \u0219i scara monumental\u0103 a arhitecturii&hellip;","_links":{"self":[{"href":"https:\/\/xstone.group\/ro\/wp-json\/wp\/v2\/product\/22076","targetHints":{"allow":["GET"]}}],"collection":[{"href":"https:\/\/xstone.group\/ro\/wp-json\/wp\/v2\/product"}],"about":[{"href":"https:\/\/xstone.group\/ro\/wp-json\/wp\/v2\/types\/product"}],"replies":[{"embeddable":true,"href":"https:\/\/xstone.group\/ro\/wp-json\/wp\/v2\/comments?post=22076"}],"wp:featuredmedia":[{"embeddable":true,"href":"https:\/\/xstone.group\/ro\/wp-json\/wp\/v2\/media\/22079"}],"wp:attachment":[{"href":"https:\/\/xstone.group\/ro\/wp-json\/wp\/v2\/media?parent=22076"}],"wp:term":[{"taxonomy":"product_brand","embeddable":true,"href":"https:\/\/xstone.group\/ro\/wp-json\/wp\/v2\/product_brand?post=22076"},{"taxonomy":"product_cat","embeddable":true,"href":"https:\/\/xstone.group\/ro\/wp-json\/wp\/v2\/product_cat?post=22076"},{"taxonomy":"product_tag","embeddable":true,"href":"https:\/\/xstone.group\/ro\/wp-json\/wp\/v2\/product_tag?post=22076"}],"curies":[{"name":"wp","href":"https:\/\/api.w.org\/{rel}","templated":true}]}}