{"id":22467,"date":"2026-01-19T11:36:24","date_gmt":"2026-01-19T11:36:24","guid":{"rendered":"https:\/\/xstone.group\/product\/10015-piatra-gri-deschis\/"},"modified":"2026-01-19T11:36:24","modified_gmt":"2026-01-19T11:36:24","slug":"10015-stone-light-grey","status":"publish","type":"product","link":"https:\/\/xstone.group\/ro\/product\/10015-stone-light-grey\/","title":{"rendered":"10015 | Piatr\u0103 gri deschis"},"content":{"rendered":"<p>Aceast\u0103 culoare seam\u0103n\u0103 cu calcarul \u00eenc\u0103lzit de soare \u0219i pr\u0103fuit de timp &#8211; un bej moale, nisipos, cu varia\u021bii minerale delicate \u0219i pete subtile care \u00eei confer\u0103 profunzime, autenticitate \u0219i caracter lini\u0219tit. Ea poart\u0103 c\u0103ldura p\u0103m\u00e2ntului natural \u0219i calmul pietrei, cre\u00e2nd spa\u021bii care se simt \u00eemp\u0103m\u00e2ntenite, luminoase \u0219i rafinate f\u0103r\u0103 efort, ca \u0219i cum suprafa\u021ba \u00eens\u0103\u0219i ar respira lumin\u0103 \u00een arhitectur\u0103. <\/p>\n","protected":false},"excerpt":{"rendered":"<p>Aceast\u0103 culoare seam\u0103n\u0103 cu calcarul \u00eenc\u0103lzit de soare \u0219i pr\u0103fuit de timp &#8211; un bej moale, nisipos, cu varia\u021bii minerale delicate \u0219i pete subtile care \u00eei confer\u0103 profunzime, autenticitate \u0219i caracter lini\u0219tit. Ea poart\u0103 c\u0103ldura p\u0103m\u00e2ntului natural \u0219i calmul pietrei, cre\u00e2nd spa\u021bii care se simt \u00eemp\u0103m\u00e2ntenite, luminoase \u0219i rafinate f\u0103r\u0103 efort, ca \u0219i cum suprafa\u021ba [&hellip;]<\/p>\n","protected":false},"featured_media":22469,"comment_status":"open","ping_status":"closed","template":"","meta":{"_acf_changed":false,"_uag_custom_page_level_css":"","site-sidebar-layout":"default","site-content-layout":"","ast-site-content-layout":"default","site-content-style":"default","site-sidebar-style":"default","ast-global-header-display":"","ast-banner-title-visibility":"","ast-main-header-display":"","ast-hfb-above-header-display":"","ast-hfb-below-header-display":"","ast-hfb-mobile-header-display":"","site-post-title":"","ast-breadcrumbs-content":"","ast-featured-img":"","footer-sml-layout":"","theme-transparent-header-meta":"default","adv-header-id-meta":"","stick-header-meta":"default","header-above-stick-meta":"","header-main-stick-meta":"","header-below-stick-meta":"","astra-migrate-meta-layouts":"default","ast-page-background-enabled":"default","ast-page-background-meta":{"desktop":{"background-color":"var(--ast-global-color-4)","background-image":"","background-repeat":"repeat","background-position":"center center","background-size":"auto","background-attachment":"scroll","background-type":"","background-media":"","overlay-type":"","overlay-color":"","overlay-opacity":"","overlay-gradient":""},"tablet":{"background-color":"","background-image":"","background-repeat":"repeat","background-position":"center center","background-size":"auto","background-attachment":"scroll","background-type":"","background-media":"","overlay-type":"","overlay-color":"","overlay-opacity":"","overlay-gradient":""},"mobile":{"background-color":"","background-image":"","background-repeat":"repeat","background-position":"center center","background-size":"auto","background-attachment":"scroll","background-type":"","background-media":"","overlay-type":"","overlay-color":"","overlay-opacity":"","overlay-gradient":""}},"ast-content-background-meta":{"desktop":{"background-color":"var(--ast-global-color-5)","background-image":"","background-repeat":"repeat","background-position":"center center","background-size":"auto","background-attachment":"scroll","background-type":"","background-media":"","overlay-type":"","overlay-color":"","overlay-opacity":"","overlay-gradient":""},"tablet":{"background-color":"var(--ast-global-color-5)","background-image":"","background-repeat":"repeat","background-position":"center center","background-size":"auto","background-attachment":"scroll","background-type":"","background-media":"","overlay-type":"","overlay-color":"","overlay-opacity":"","overlay-gradient":""},"mobile":{"background-color":"var(--ast-global-color-5)","background-image":"","background-repeat":"repeat","background-position":"center center","background-size":"auto","background-attachment":"scroll","background-type":"","background-media":"","overlay-type":"","overlay-color":"","overlay-opacity":"","overlay-gradient":""}}},"product_brand":[],"product_cat":[2389,2392,4402],"product_tag":[4410,4422,4424,4418,4414,4420,4412,4416],"class_list":{"0":"post-22467","1":"product","2":"type-product","3":"status-publish","4":"has-post-thumbnail","6":"product_cat-color","7":"product_cat-grey","8":"product_cat-tone-on-tone","9":"product_tag-limestone-beige","10":"product_tag-comp-color-16954","11":"product_tag-architectural-cream","12":"product_tag-soft-neutral-color","13":"product_tag-interior-finish","14":"product_tag-commercial-interior","15":"product_tag-warm-beige-surface","16":"product_tag-textured-surface","17":"desktop-align-left","18":"tablet-align-left","19":"mobile-align-left","21":"first","22":"instock","23":"shipping-taxable","24":"product-type-simple"},"acf":[],"yoast_head":"<!-- This site is optimized with the Yoast SEO Premium plugin v27.4 (Yoast SEO v27.4) - https:\/\/yoast.com\/product\/yoast-seo-premium-wordpress\/ -->\n<title>10015 | Piatr\u0103 gri deschis - XSTONE<\/title>\n<meta name=\"description\" content=\"Un bej cald, inspirat de calcar, cu textur\u0103 mineral\u0103 subtil\u0103, perfect pentru a crea interioare calme, naturale \u0219i elegante \u00een spa\u021bii reziden\u021biale \u0219i comerciale\" \/>\n<meta name=\"robots\" content=\"index, follow, max-snippet:-1, max-image-preview:large, max-video-preview:-1\" \/>\n<link rel=\"canonical\" href=\"https:\/\/xstone.group\/ro\/product\/10015-stone-light-grey\/\" \/>\n<meta property=\"og:locale\" content=\"ro_RO\" \/>\n<meta property=\"og:type\" content=\"article\" \/>\n<meta property=\"og:title\" content=\"10015 | Piatr\u0103 gri deschis\" \/>\n<meta property=\"og:description\" content=\"Un bej cald, inspirat de calcar, cu textur\u0103 mineral\u0103 subtil\u0103, perfect pentru a crea interioare calme, naturale \u0219i elegante \u00een spa\u021bii reziden\u021biale \u0219i comerciale\" \/>\n<meta property=\"og:url\" content=\"https:\/\/xstone.group\/ro\/product\/10015-stone-light-grey\/\" \/>\n<meta property=\"og:site_name\" content=\"XSTONE\" \/>\n<meta property=\"article:publisher\" content=\"https:\/\/www.facebook.com\/Xstonesurfaces1\/\" \/>\n<meta property=\"og:image\" content=\"https:\/\/xstone.group\/wp-content\/uploads\/2026\/01\/XStone-Color-10015-scaled.webp\" \/>\n\t<meta property=\"og:image:width\" content=\"2560\" \/>\n\t<meta property=\"og:image:height\" content=\"1706\" \/>\n\t<meta property=\"og:image:type\" content=\"image\/webp\" \/>\n<meta name=\"twitter:card\" content=\"summary_large_image\" \/>\n<script type=\"application\/ld+json\" class=\"yoast-schema-graph\">{\"@context\":\"https:\\\/\\\/schema.org\",\"@graph\":[{\"@type\":\"WebPage\",\"@id\":\"https:\\\/\\\/xstone.group\\\/ro\\\/product\\\/10015-stone-light-grey\\\/\",\"url\":\"https:\\\/\\\/xstone.group\\\/ro\\\/product\\\/10015-stone-light-grey\\\/\",\"name\":\"10015 | Piatr\u0103 gri deschis - XSTONE\",\"isPartOf\":{\"@id\":\"https:\\\/\\\/xstone.group\\\/ro\\\/#website\"},\"primaryImageOfPage\":{\"@id\":\"https:\\\/\\\/xstone.group\\\/ro\\\/product\\\/10015-stone-light-grey\\\/#primaryimage\"},\"image\":{\"@id\":\"https:\\\/\\\/xstone.group\\\/ro\\\/product\\\/10015-stone-light-grey\\\/#primaryimage\"},\"thumbnailUrl\":\"https:\\\/\\\/xstone.group\\\/wp-content\\\/uploads\\\/2026\\\/01\\\/XStone-Color-10015-scaled.webp\",\"datePublished\":\"2026-01-19T11:36:24+00:00\",\"description\":\"Un bej cald, inspirat de calcar, cu textur\u0103 mineral\u0103 subtil\u0103, perfect pentru a crea interioare calme, naturale \u0219i elegante \u00een spa\u021bii reziden\u021biale \u0219i comerciale\",\"breadcrumb\":{\"@id\":\"https:\\\/\\\/xstone.group\\\/ro\\\/product\\\/10015-stone-light-grey\\\/#breadcrumb\"},\"inLanguage\":\"ro-RO\",\"potentialAction\":[{\"@type\":\"ReadAction\",\"target\":[\"https:\\\/\\\/xstone.group\\\/ro\\\/product\\\/10015-stone-light-grey\\\/\"]}]},{\"@type\":\"ImageObject\",\"inLanguage\":\"ro-RO\",\"@id\":\"https:\\\/\\\/xstone.group\\\/ro\\\/product\\\/10015-stone-light-grey\\\/#primaryimage\",\"url\":\"https:\\\/\\\/xstone.group\\\/wp-content\\\/uploads\\\/2026\\\/01\\\/XStone-Color-10015-scaled.webp\",\"contentUrl\":\"https:\\\/\\\/xstone.group\\\/wp-content\\\/uploads\\\/2026\\\/01\\\/XStone-Color-10015-scaled.webp\",\"width\":2560,\"height\":1706,\"caption\":\"XStone - Color - Stone light grey\"},{\"@type\":\"BreadcrumbList\",\"@id\":\"https:\\\/\\\/xstone.group\\\/ro\\\/product\\\/10015-stone-light-grey\\\/#breadcrumb\",\"itemListElement\":[{\"@type\":\"ListItem\",\"position\":1,\"name\":\"Home\",\"item\":\"https:\\\/\\\/xstone.group\\\/ro\\\/\"},{\"@type\":\"ListItem\",\"position\":2,\"name\":\"Produse\",\"item\":\"https:\\\/\\\/xstone.group\\\/ro\\\/shop\\\/\"},{\"@type\":\"ListItem\",\"position\":3,\"name\":\"10015 | Piatr\u0103 gri deschis\"}]},{\"@type\":\"WebSite\",\"@id\":\"https:\\\/\\\/xstone.group\\\/ro\\\/#website\",\"url\":\"https:\\\/\\\/xstone.group\\\/ro\\\/\",\"name\":\"XSTONE\",\"description\":\"Frumuse\u021be mineral\u0103 autentic\u0103 \u0219i nelimitat\u0103, nelegat\u0103 de gravita\u021bie\",\"potentialAction\":[{\"@type\":\"SearchAction\",\"target\":{\"@type\":\"EntryPoint\",\"urlTemplate\":\"https:\\\/\\\/xstone.group\\\/ro\\\/?s={search_term_string}\"},\"query-input\":{\"@type\":\"PropertyValueSpecification\",\"valueRequired\":true,\"valueName\":\"search_term_string\"}}],\"inLanguage\":\"ro-RO\"}]}<\/script>\n<!-- \/ Yoast SEO Premium plugin. -->","yoast_head_json":{"title":"10015 | Piatr\u0103 gri deschis - XSTONE","description":"Un bej cald, inspirat de calcar, cu textur\u0103 mineral\u0103 subtil\u0103, perfect pentru a crea interioare calme, naturale \u0219i elegante \u00een spa\u021bii reziden\u021biale \u0219i comerciale","robots":{"index":"index","follow":"follow","max-snippet":"max-snippet:-1","max-image-preview":"max-image-preview:large","max-video-preview":"max-video-preview:-1"},"canonical":"https:\/\/xstone.group\/ro\/product\/10015-stone-light-grey\/","og_locale":"ro_RO","og_type":"article","og_title":"10015 | Piatr\u0103 gri deschis","og_description":"Un bej cald, inspirat de calcar, cu textur\u0103 mineral\u0103 subtil\u0103, perfect pentru a crea interioare calme, naturale \u0219i elegante \u00een spa\u021bii reziden\u021biale \u0219i comerciale","og_url":"https:\/\/xstone.group\/ro\/product\/10015-stone-light-grey\/","og_site_name":"XSTONE","article_publisher":"https:\/\/www.facebook.com\/Xstonesurfaces1\/","og_image":[{"width":2560,"height":1706,"url":"https:\/\/xstone.group\/wp-content\/uploads\/2026\/01\/XStone-Color-10015-scaled.webp","type":"image\/webp"}],"twitter_card":"summary_large_image","schema":{"@context":"https:\/\/schema.org","@graph":[{"@type":"WebPage","@id":"https:\/\/xstone.group\/ro\/product\/10015-stone-light-grey\/","url":"https:\/\/xstone.group\/ro\/product\/10015-stone-light-grey\/","name":"10015 | Piatr\u0103 gri deschis - XSTONE","isPartOf":{"@id":"https:\/\/xstone.group\/ro\/#website"},"primaryImageOfPage":{"@id":"https:\/\/xstone.group\/ro\/product\/10015-stone-light-grey\/#primaryimage"},"image":{"@id":"https:\/\/xstone.group\/ro\/product\/10015-stone-light-grey\/#primaryimage"},"thumbnailUrl":"https:\/\/xstone.group\/wp-content\/uploads\/2026\/01\/XStone-Color-10015-scaled.webp","datePublished":"2026-01-19T11:36:24+00:00","description":"Un bej cald, inspirat de calcar, cu textur\u0103 mineral\u0103 subtil\u0103, perfect pentru a crea interioare calme, naturale \u0219i elegante \u00een spa\u021bii reziden\u021biale \u0219i comerciale","breadcrumb":{"@id":"https:\/\/xstone.group\/ro\/product\/10015-stone-light-grey\/#breadcrumb"},"inLanguage":"ro-RO","potentialAction":[{"@type":"ReadAction","target":["https:\/\/xstone.group\/ro\/product\/10015-stone-light-grey\/"]}]},{"@type":"ImageObject","inLanguage":"ro-RO","@id":"https:\/\/xstone.group\/ro\/product\/10015-stone-light-grey\/#primaryimage","url":"https:\/\/xstone.group\/wp-content\/uploads\/2026\/01\/XStone-Color-10015-scaled.webp","contentUrl":"https:\/\/xstone.group\/wp-content\/uploads\/2026\/01\/XStone-Color-10015-scaled.webp","width":2560,"height":1706,"caption":"XStone - Color - Stone light grey"},{"@type":"BreadcrumbList","@id":"https:\/\/xstone.group\/ro\/product\/10015-stone-light-grey\/#breadcrumb","itemListElement":[{"@type":"ListItem","position":1,"name":"Home","item":"https:\/\/xstone.group\/ro\/"},{"@type":"ListItem","position":2,"name":"Produse","item":"https:\/\/xstone.group\/ro\/shop\/"},{"@type":"ListItem","position":3,"name":"10015 | Piatr\u0103 gri deschis"}]},{"@type":"WebSite","@id":"https:\/\/xstone.group\/ro\/#website","url":"https:\/\/xstone.group\/ro\/","name":"XSTONE","description":"Frumuse\u021be mineral\u0103 autentic\u0103 \u0219i nelimitat\u0103, nelegat\u0103 de gravita\u021bie","potentialAction":[{"@type":"SearchAction","target":{"@type":"EntryPoint","urlTemplate":"https:\/\/xstone.group\/ro\/?s={search_term_string}"},"query-input":{"@type":"PropertyValueSpecification","valueRequired":true,"valueName":"search_term_string"}}],"inLanguage":"ro-RO"}]}},"spectra_custom_meta":{"_last_translation_edit_mode":["translation-editor"],"_wcml_average_rating":[null],"_wcml_review_count":[null],"_wcml_rating_count":[null],"_yoast_wpseo_primary_product_cat":["318"],"_backorders":["no"],"_download_limit":["-1"],"_download_expiry":["-1"],"_downloadable":["no"],"_manage_stock":["no"],"_sku":["10015"],"_stock_status":["instock"],"_sold_individually":["no"],"_tax_class":[""],"_tax_status":["taxable"],"_virtual":["no"],"total_sales":["0"],"_wpml_media_duplicate":["1"],"_wpml_media_featured":["1"],"stick-header-meta":["default"],"site-sidebar-layout":["default"],"theme-transparent-header-meta":["default"],"ast-site-content-layout":["default"],"site-content-style":["default"],"site-sidebar-style":["default"],"_yoast_wpseo_metadesc":["Un bej cald, inspirat de calcar, cu textur\u0103 mineral\u0103 subtil\u0103, perfect pentru a crea interioare calme, naturale \u0219i elegante \u00een spa\u021bii reziden\u021biale \u0219i comerciale"],"_yoast_wpseo_focuskw":["suprafa\u021b\u0103 cald\u0103 bej calcaros"],"_product_image_gallery":[""],"_thumbnail_id":["22469"],"_product_attributes":["a:3:{s:7:\"pa_tone\";a:6:{s:4:\"name\";s:7:\"pa_tone\";s:5:\"value\";s:0:\"\";s:8:\"position\";i:0;s:10:\"is_visible\";i:1;s:12:\"is_variation\";i:0;s:11:\"is_taxonomy\";i:1;}s:13:\"pa_color-code\";a:6:{s:4:\"name\";s:13:\"pa_color-code\";s:5:\"value\";s:0:\"\";s:8:\"position\";i:1;s:10:\"is_visible\";i:1;s:12:\"is_variation\";i:0;s:11:\"is_taxonomy\";i:1;}s:9:\"pa_finish\";a:6:{s:4:\"name\";s:9:\"pa_finish\";s:5:\"value\";s:0:\"\";s:8:\"position\";i:2;s:10:\"is_visible\";i:1;s:12:\"is_variation\";i:0;s:11:\"is_taxonomy\";i:1;}}"],"_wpml_word_count":["78"],"two_optimized_date":["1776562192"],"woolentor_views_count_product":["9"],"_uag_css_file_name":["uag-css-22467.css"],"_uag_js_file_name":["uag-js-22467.js"],"tp_widgets":["a:2:{s:7:\"widgets\";a:6:{i:0;s:18:\"plus-list-skeleton\";i:1;s:22:\"plus-listing-load-more\";i:2;s:18:\"plus-listing-metro\";i:3;s:18:\"tp-product-listout\";i:4;s:17:\"tp-single-style_1\";i:5;s:19:\"tp-woo-single-image\";}s:9:\"update_at\";s:10:\"1776541402\";}"],"_elementor_edit_mode":["builder"],"_selectproduct_layout":["16271"],"_wc_rating_count":[""],"_wc_review_count":[""],"_wc_average_rating":[0]},"uagb_featured_image_src":{"full":["https:\/\/xstone.group\/wp-content\/uploads\/2026\/01\/XStone-Color-10015-scaled.webp",2560,1706,false],"thumbnail":["https:\/\/xstone.group\/wp-content\/uploads\/2026\/01\/XStone-Color-10015-150x150.webp",150,150,true],"medium":["https:\/\/xstone.group\/wp-content\/uploads\/2026\/01\/XStone-Color-10015-300x200.webp",300,200,true],"medium_large":["https:\/\/xstone.group\/wp-content\/uploads\/2026\/01\/XStone-Color-10015-768x512.webp",768,512,true],"large":["https:\/\/xstone.group\/wp-content\/uploads\/2026\/01\/XStone-Color-10015-1024x683.webp",1024,683,true],"1536x1536":["https:\/\/xstone.group\/wp-content\/uploads\/2026\/01\/XStone-Color-10015-1536x1024.webp",1536,1024,true],"2048x2048":["https:\/\/xstone.group\/wp-content\/uploads\/2026\/01\/XStone-Color-10015-2048x1365.webp",2048,1365,true],"tp-image-grid":["https:\/\/xstone.group\/wp-content\/uploads\/2026\/01\/XStone-Color-10015-700x700.webp",700,700,true],"tenweb_optimizer_mobile":["https:\/\/xstone.group\/wp-content\/uploads\/2026\/01\/XStone-Color-10015-600x400.webp",600,400,true],"tenweb_optimizer_tablet":["https:\/\/xstone.group\/wp-content\/uploads\/2026\/01\/XStone-Color-10015-768x512.webp",768,512,true],"woocommerce_thumbnail":["https:\/\/xstone.group\/wp-content\/uploads\/2026\/01\/XStone-Color-10015-300x300.webp",300,300,true],"woocommerce_single":["https:\/\/xstone.group\/wp-content\/uploads\/2026\/01\/XStone-Color-10015-600x400.webp",600,400,true],"woocommerce_gallery_thumbnail":["https:\/\/xstone.group\/wp-content\/uploads\/2026\/01\/XStone-Color-10015-100x100.webp",100,100,true]},"uagb_author_info":{"display_name":"laurent.gomez@xstone.group","author_link":"https:\/\/xstone.group\/ro\/author\/"},"uagb_comment_info":0,"uagb_excerpt":"Aceast\u0103 culoare seam\u0103n\u0103 cu calcarul \u00eenc\u0103lzit de soare \u0219i pr\u0103fuit de timp &#8211; un bej moale, nisipos, cu varia\u021bii minerale delicate \u0219i pete subtile care \u00eei confer\u0103 profunzime, autenticitate \u0219i caracter lini\u0219tit. Ea poart\u0103 c\u0103ldura p\u0103m\u00e2ntului natural \u0219i calmul pietrei, cre\u00e2nd spa\u021bii care se simt \u00eemp\u0103m\u00e2ntenite, luminoase \u0219i rafinate f\u0103r\u0103 efort, ca \u0219i cum suprafa\u021ba&hellip;","_links":{"self":[{"href":"https:\/\/xstone.group\/ro\/wp-json\/wp\/v2\/product\/22467","targetHints":{"allow":["GET"]}}],"collection":[{"href":"https:\/\/xstone.group\/ro\/wp-json\/wp\/v2\/product"}],"about":[{"href":"https:\/\/xstone.group\/ro\/wp-json\/wp\/v2\/types\/product"}],"replies":[{"embeddable":true,"href":"https:\/\/xstone.group\/ro\/wp-json\/wp\/v2\/comments?post=22467"}],"wp:featuredmedia":[{"embeddable":true,"href":"https:\/\/xstone.group\/ro\/wp-json\/wp\/v2\/media\/22469"}],"wp:attachment":[{"href":"https:\/\/xstone.group\/ro\/wp-json\/wp\/v2\/media?parent=22467"}],"wp:term":[{"taxonomy":"product_brand","embeddable":true,"href":"https:\/\/xstone.group\/ro\/wp-json\/wp\/v2\/product_brand?post=22467"},{"taxonomy":"product_cat","embeddable":true,"href":"https:\/\/xstone.group\/ro\/wp-json\/wp\/v2\/product_cat?post=22467"},{"taxonomy":"product_tag","embeddable":true,"href":"https:\/\/xstone.group\/ro\/wp-json\/wp\/v2\/product_tag?post=22467"}],"curies":[{"name":"wp","href":"https:\/\/api.w.org\/{rel}","templated":true}]}}