{"id":23338,"date":"2026-01-21T12:09:29","date_gmt":"2026-01-21T12:09:29","guid":{"rendered":"https:\/\/xstone.group\/product\/10044-terrazzo\/"},"modified":"2026-01-21T12:09:29","modified_gmt":"2026-01-21T12:09:29","slug":"10044-terrazzo","status":"publish","type":"product","link":"https:\/\/xstone.group\/ro\/product\/10044-terrazzo\/","title":{"rendered":"10044 | Terrazzo"},"content":{"rendered":"<p>Aceast\u0103 culoare este o interac\u021biune vibrant\u0103 de alburi minerale clare, griuri argintii moi \u0219i fragmente ad\u00e2nci de c\u0103rbune \u00eempr\u0103\u0219tiate pe suprafa\u021b\u0103 ca o constela\u021bie de piatr\u0103, cre\u00e2nd o textur\u0103 dinamic\u0103, dar echilibrat\u0103, care pare brut\u0103, arhitectural\u0103 \u0219i modern\u0103 cu \u00eencredere, cu o energie subtil\u0103 care aduce profunzime \u0219i caracter oric\u0103rui spa\u021biu.<\/p>\n","protected":false},"excerpt":{"rendered":"<p>Aceast\u0103 culoare este o interac\u021biune vibrant\u0103 de alburi minerale clare, griuri argintii moi \u0219i fragmente ad\u00e2nci de c\u0103rbune \u00eempr\u0103\u0219tiate pe suprafa\u021b\u0103 ca o constela\u021bie de piatr\u0103, cre\u00e2nd o textur\u0103 dinamic\u0103, dar echilibrat\u0103, care pare brut\u0103, arhitectural\u0103 \u0219i modern\u0103 cu \u00eencredere, cu o energie subtil\u0103 care aduce profunzime \u0219i caracter oric\u0103rui spa\u021biu.<\/p>\n","protected":false},"featured_media":23341,"comment_status":"open","ping_status":"closed","template":"","meta":{"_acf_changed":false,"_uag_custom_page_level_css":"","site-sidebar-layout":"default","site-content-layout":"","ast-site-content-layout":"default","site-content-style":"default","site-sidebar-style":"default","ast-global-header-display":"","ast-banner-title-visibility":"","ast-main-header-display":"","ast-hfb-above-header-display":"","ast-hfb-below-header-display":"","ast-hfb-mobile-header-display":"","site-post-title":"","ast-breadcrumbs-content":"","ast-featured-img":"","footer-sml-layout":"","theme-transparent-header-meta":"default","adv-header-id-meta":"","stick-header-meta":"default","header-above-stick-meta":"","header-main-stick-meta":"","header-below-stick-meta":"","astra-migrate-meta-layouts":"default","ast-page-background-enabled":"default","ast-page-background-meta":{"desktop":{"background-color":"var(--ast-global-color-4)","background-image":"","background-repeat":"repeat","background-position":"center center","background-size":"auto","background-attachment":"scroll","background-type":"","background-media":"","overlay-type":"","overlay-color":"","overlay-opacity":"","overlay-gradient":""},"tablet":{"background-color":"","background-image":"","background-repeat":"repeat","background-position":"center center","background-size":"auto","background-attachment":"scroll","background-type":"","background-media":"","overlay-type":"","overlay-color":"","overlay-opacity":"","overlay-gradient":""},"mobile":{"background-color":"","background-image":"","background-repeat":"repeat","background-position":"center center","background-size":"auto","background-attachment":"scroll","background-type":"","background-media":"","overlay-type":"","overlay-color":"","overlay-opacity":"","overlay-gradient":""}},"ast-content-background-meta":{"desktop":{"background-color":"var(--ast-global-color-5)","background-image":"","background-repeat":"repeat","background-position":"center center","background-size":"auto","background-attachment":"scroll","background-type":"","background-media":"","overlay-type":"","overlay-color":"","overlay-opacity":"","overlay-gradient":""},"tablet":{"background-color":"var(--ast-global-color-5)","background-image":"","background-repeat":"repeat","background-position":"center center","background-size":"auto","background-attachment":"scroll","background-type":"","background-media":"","overlay-type":"","overlay-color":"","overlay-opacity":"","overlay-gradient":""},"mobile":{"background-color":"var(--ast-global-color-5)","background-image":"","background-repeat":"repeat","background-position":"center center","background-size":"auto","background-attachment":"scroll","background-type":"","background-media":"","overlay-type":"","overlay-color":"","overlay-opacity":"","overlay-gradient":""}}},"product_brand":[],"product_cat":[2389,2392,2391],"product_tag":[5865,5871,5867,5869,5863,5864],"class_list":{"0":"post-23338","1":"product","2":"type-product","3":"status-publish","4":"has-post-thumbnail","6":"product_cat-color","7":"product_cat-grey","8":"product_cat-polychromatic","9":"product_tag-granite-look","10":"product_tag-comp-color-17214","11":"product_tag-modern-interior-material","12":"product_tag-natural-stone-pattern","13":"product_tag-speckled-stone","14":"product_tag-grey-stone-texture","15":"desktop-align-left","16":"tablet-align-left","17":"mobile-align-left","19":"first","20":"instock","21":"shipping-taxable","22":"product-type-simple"},"acf":[],"yoast_head":"<!-- This site is optimized with the Yoast SEO Premium plugin v27.4 (Yoast SEO v27.4) - https:\/\/yoast.com\/product\/yoast-seo-premium-wordpress\/ -->\n<title>10044 | Terrazzo - XSTONE<\/title>\n<meta name=\"description\" content=\"Suprafa\u021b\u0103 de piatr\u0103 gri p\u0103tat\u0103 cu fragmente minerale albe, argintii \u0219i c\u0103rbune, oferind un finisaj modern, arhitectural \u0219i inspirat de piatra natural\u0103\" \/>\n<meta name=\"robots\" content=\"index, follow, max-snippet:-1, max-image-preview:large, max-video-preview:-1\" \/>\n<link rel=\"canonical\" href=\"https:\/\/xstone.group\/ro\/product\/10044-terrazzo\/\" \/>\n<meta property=\"og:locale\" content=\"ro_RO\" \/>\n<meta property=\"og:type\" content=\"article\" \/>\n<meta property=\"og:title\" content=\"10044 | Terrazzo\" \/>\n<meta property=\"og:description\" content=\"Suprafa\u021b\u0103 de piatr\u0103 gri p\u0103tat\u0103 cu fragmente minerale albe, argintii \u0219i c\u0103rbune, oferind un finisaj modern, arhitectural \u0219i inspirat de piatra natural\u0103\" \/>\n<meta property=\"og:url\" content=\"https:\/\/xstone.group\/ro\/product\/10044-terrazzo\/\" \/>\n<meta property=\"og:site_name\" content=\"XSTONE\" \/>\n<meta property=\"article:publisher\" content=\"https:\/\/www.facebook.com\/Xstonesurfaces1\/\" \/>\n<meta property=\"og:image\" content=\"https:\/\/xstone.group\/wp-content\/uploads\/2026\/01\/XStone-Color-10044.webp\" \/>\n\t<meta property=\"og:image:width\" content=\"1838\" \/>\n\t<meta property=\"og:image:height\" content=\"1838\" \/>\n\t<meta property=\"og:image:type\" content=\"image\/webp\" \/>\n<meta name=\"twitter:card\" content=\"summary_large_image\" \/>\n<script type=\"application\/ld+json\" class=\"yoast-schema-graph\">{\"@context\":\"https:\\\/\\\/schema.org\",\"@graph\":[{\"@type\":\"WebPage\",\"@id\":\"https:\\\/\\\/xstone.group\\\/ro\\\/product\\\/10044-terrazzo\\\/\",\"url\":\"https:\\\/\\\/xstone.group\\\/ro\\\/product\\\/10044-terrazzo\\\/\",\"name\":\"10044 | Terrazzo - XSTONE\",\"isPartOf\":{\"@id\":\"https:\\\/\\\/xstone.group\\\/ro\\\/#website\"},\"primaryImageOfPage\":{\"@id\":\"https:\\\/\\\/xstone.group\\\/ro\\\/product\\\/10044-terrazzo\\\/#primaryimage\"},\"image\":{\"@id\":\"https:\\\/\\\/xstone.group\\\/ro\\\/product\\\/10044-terrazzo\\\/#primaryimage\"},\"thumbnailUrl\":\"https:\\\/\\\/xstone.group\\\/wp-content\\\/uploads\\\/2026\\\/01\\\/XStone-Color-10044.webp\",\"datePublished\":\"2026-01-21T12:09:29+00:00\",\"description\":\"Suprafa\u021b\u0103 de piatr\u0103 gri p\u0103tat\u0103 cu fragmente minerale albe, argintii \u0219i c\u0103rbune, oferind un finisaj modern, arhitectural \u0219i inspirat de piatra natural\u0103\",\"breadcrumb\":{\"@id\":\"https:\\\/\\\/xstone.group\\\/ro\\\/product\\\/10044-terrazzo\\\/#breadcrumb\"},\"inLanguage\":\"ro-RO\",\"potentialAction\":[{\"@type\":\"ReadAction\",\"target\":[\"https:\\\/\\\/xstone.group\\\/ro\\\/product\\\/10044-terrazzo\\\/\"]}]},{\"@type\":\"ImageObject\",\"inLanguage\":\"ro-RO\",\"@id\":\"https:\\\/\\\/xstone.group\\\/ro\\\/product\\\/10044-terrazzo\\\/#primaryimage\",\"url\":\"https:\\\/\\\/xstone.group\\\/wp-content\\\/uploads\\\/2026\\\/01\\\/XStone-Color-10044.webp\",\"contentUrl\":\"https:\\\/\\\/xstone.group\\\/wp-content\\\/uploads\\\/2026\\\/01\\\/XStone-Color-10044.webp\",\"width\":1838,\"height\":1838,\"caption\":\"XStone - Color -Terrazzo\"},{\"@type\":\"BreadcrumbList\",\"@id\":\"https:\\\/\\\/xstone.group\\\/ro\\\/product\\\/10044-terrazzo\\\/#breadcrumb\",\"itemListElement\":[{\"@type\":\"ListItem\",\"position\":1,\"name\":\"Home\",\"item\":\"https:\\\/\\\/xstone.group\\\/ro\\\/\"},{\"@type\":\"ListItem\",\"position\":2,\"name\":\"Produse\",\"item\":\"https:\\\/\\\/xstone.group\\\/ro\\\/shop\\\/\"},{\"@type\":\"ListItem\",\"position\":3,\"name\":\"10044 | Terrazzo\"}]},{\"@type\":\"WebSite\",\"@id\":\"https:\\\/\\\/xstone.group\\\/ro\\\/#website\",\"url\":\"https:\\\/\\\/xstone.group\\\/ro\\\/\",\"name\":\"XSTONE\",\"description\":\"Frumuse\u021be mineral\u0103 autentic\u0103 \u0219i nelimitat\u0103, nelegat\u0103 de gravita\u021bie\",\"potentialAction\":[{\"@type\":\"SearchAction\",\"target\":{\"@type\":\"EntryPoint\",\"urlTemplate\":\"https:\\\/\\\/xstone.group\\\/ro\\\/?s={search_term_string}\"},\"query-input\":{\"@type\":\"PropertyValueSpecification\",\"valueRequired\":true,\"valueName\":\"search_term_string\"}}],\"inLanguage\":\"ro-RO\"}]}<\/script>\n<!-- \/ Yoast SEO Premium plugin. -->","yoast_head_json":{"title":"10044 | Terrazzo - XSTONE","description":"Suprafa\u021b\u0103 de piatr\u0103 gri p\u0103tat\u0103 cu fragmente minerale albe, argintii \u0219i c\u0103rbune, oferind un finisaj modern, arhitectural \u0219i inspirat de piatra natural\u0103","robots":{"index":"index","follow":"follow","max-snippet":"max-snippet:-1","max-image-preview":"max-image-preview:large","max-video-preview":"max-video-preview:-1"},"canonical":"https:\/\/xstone.group\/ro\/product\/10044-terrazzo\/","og_locale":"ro_RO","og_type":"article","og_title":"10044 | Terrazzo","og_description":"Suprafa\u021b\u0103 de piatr\u0103 gri p\u0103tat\u0103 cu fragmente minerale albe, argintii \u0219i c\u0103rbune, oferind un finisaj modern, arhitectural \u0219i inspirat de piatra natural\u0103","og_url":"https:\/\/xstone.group\/ro\/product\/10044-terrazzo\/","og_site_name":"XSTONE","article_publisher":"https:\/\/www.facebook.com\/Xstonesurfaces1\/","og_image":[{"width":1838,"height":1838,"url":"https:\/\/xstone.group\/wp-content\/uploads\/2026\/01\/XStone-Color-10044.webp","type":"image\/webp"}],"twitter_card":"summary_large_image","schema":{"@context":"https:\/\/schema.org","@graph":[{"@type":"WebPage","@id":"https:\/\/xstone.group\/ro\/product\/10044-terrazzo\/","url":"https:\/\/xstone.group\/ro\/product\/10044-terrazzo\/","name":"10044 | Terrazzo - XSTONE","isPartOf":{"@id":"https:\/\/xstone.group\/ro\/#website"},"primaryImageOfPage":{"@id":"https:\/\/xstone.group\/ro\/product\/10044-terrazzo\/#primaryimage"},"image":{"@id":"https:\/\/xstone.group\/ro\/product\/10044-terrazzo\/#primaryimage"},"thumbnailUrl":"https:\/\/xstone.group\/wp-content\/uploads\/2026\/01\/XStone-Color-10044.webp","datePublished":"2026-01-21T12:09:29+00:00","description":"Suprafa\u021b\u0103 de piatr\u0103 gri p\u0103tat\u0103 cu fragmente minerale albe, argintii \u0219i c\u0103rbune, oferind un finisaj modern, arhitectural \u0219i inspirat de piatra natural\u0103","breadcrumb":{"@id":"https:\/\/xstone.group\/ro\/product\/10044-terrazzo\/#breadcrumb"},"inLanguage":"ro-RO","potentialAction":[{"@type":"ReadAction","target":["https:\/\/xstone.group\/ro\/product\/10044-terrazzo\/"]}]},{"@type":"ImageObject","inLanguage":"ro-RO","@id":"https:\/\/xstone.group\/ro\/product\/10044-terrazzo\/#primaryimage","url":"https:\/\/xstone.group\/wp-content\/uploads\/2026\/01\/XStone-Color-10044.webp","contentUrl":"https:\/\/xstone.group\/wp-content\/uploads\/2026\/01\/XStone-Color-10044.webp","width":1838,"height":1838,"caption":"XStone - Color -Terrazzo"},{"@type":"BreadcrumbList","@id":"https:\/\/xstone.group\/ro\/product\/10044-terrazzo\/#breadcrumb","itemListElement":[{"@type":"ListItem","position":1,"name":"Home","item":"https:\/\/xstone.group\/ro\/"},{"@type":"ListItem","position":2,"name":"Produse","item":"https:\/\/xstone.group\/ro\/shop\/"},{"@type":"ListItem","position":3,"name":"10044 | Terrazzo"}]},{"@type":"WebSite","@id":"https:\/\/xstone.group\/ro\/#website","url":"https:\/\/xstone.group\/ro\/","name":"XSTONE","description":"Frumuse\u021be mineral\u0103 autentic\u0103 \u0219i nelimitat\u0103, nelegat\u0103 de gravita\u021bie","potentialAction":[{"@type":"SearchAction","target":{"@type":"EntryPoint","urlTemplate":"https:\/\/xstone.group\/ro\/?s={search_term_string}"},"query-input":{"@type":"PropertyValueSpecification","valueRequired":true,"valueName":"search_term_string"}}],"inLanguage":"ro-RO"}]}},"spectra_custom_meta":{"_last_translation_edit_mode":["translation-editor"],"_wcml_average_rating":[null],"_wcml_review_count":[null],"_wcml_rating_count":[null],"_yoast_wpseo_primary_product_cat":["318"],"_backorders":["no"],"_download_limit":["-1"],"_download_expiry":["-1"],"_downloadable":["no"],"_manage_stock":["no"],"_sku":["10044"],"_stock_status":["instock"],"_sold_individually":["no"],"_tax_class":[""],"_tax_status":["taxable"],"_virtual":["no"],"total_sales":["0"],"_wpml_media_duplicate":["1"],"_wpml_media_featured":["1"],"stick-header-meta":["default"],"site-sidebar-layout":["default"],"theme-transparent-header-meta":["default"],"ast-site-content-layout":["default"],"site-content-style":["default"],"site-sidebar-style":["default"],"_yoast_wpseo_metadesc":["Suprafa\u021b\u0103 de piatr\u0103 gri p\u0103tat\u0103 cu fragmente minerale albe, argintii \u0219i c\u0103rbune, oferind un finisaj modern, arhitectural \u0219i inspirat de piatra natural\u0103"],"_yoast_wpseo_focuskw":["suprafa\u021b\u0103 de piatr\u0103 gri cu pete"],"_product_image_gallery":[""],"_thumbnail_id":["23341"],"_product_attributes":["a:3:{s:7:\"pa_tone\";a:6:{s:4:\"name\";s:7:\"pa_tone\";s:5:\"value\";s:0:\"\";s:8:\"position\";i:0;s:10:\"is_visible\";i:1;s:12:\"is_variation\";i:0;s:11:\"is_taxonomy\";i:1;}s:13:\"pa_color-code\";a:6:{s:4:\"name\";s:13:\"pa_color-code\";s:5:\"value\";s:0:\"\";s:8:\"position\";i:1;s:10:\"is_visible\";i:1;s:12:\"is_variation\";i:0;s:11:\"is_taxonomy\";i:1;}s:9:\"pa_finish\";a:6:{s:4:\"name\";s:9:\"pa_finish\";s:5:\"value\";s:0:\"\";s:8:\"position\";i:2;s:10:\"is_visible\";i:1;s:12:\"is_variation\";i:0;s:11:\"is_taxonomy\";i:1;}}"],"_wpml_word_count":["66"],"two_optimized_date":["1776588325"],"woolentor_views_count_product":["9"],"_uag_css_file_name":["uag-css-23338.css"],"_uag_js_file_name":["uag-js-23338.js"],"tp_widgets":["a:2:{s:7:\"widgets\";a:6:{i:0;s:18:\"plus-list-skeleton\";i:1;s:22:\"plus-listing-load-more\";i:2;s:18:\"plus-listing-metro\";i:3;s:18:\"tp-product-listout\";i:4;s:17:\"tp-single-style_1\";i:5;s:19:\"tp-woo-single-image\";}s:9:\"update_at\";s:10:\"1776541402\";}"],"_elementor_edit_mode":["builder"],"_selectproduct_layout":["16271"],"_wc_rating_count":[""],"_wc_review_count":[""],"_wc_average_rating":[0]},"uagb_featured_image_src":{"full":["https:\/\/xstone.group\/wp-content\/uploads\/2026\/01\/XStone-Color-10044.webp",1838,1838,false],"thumbnail":["https:\/\/xstone.group\/wp-content\/uploads\/2026\/01\/XStone-Color-10044-150x150.webp",150,150,true],"medium":["https:\/\/xstone.group\/wp-content\/uploads\/2026\/01\/XStone-Color-10044-300x300.webp",300,300,true],"medium_large":["https:\/\/xstone.group\/wp-content\/uploads\/2026\/01\/XStone-Color-10044-768x768.webp",768,768,true],"large":["https:\/\/xstone.group\/wp-content\/uploads\/2026\/01\/XStone-Color-10044-1024x1024.webp",1024,1024,true],"1536x1536":["https:\/\/xstone.group\/wp-content\/uploads\/2026\/01\/XStone-Color-10044-1536x1536.webp",1536,1536,true],"2048x2048":["https:\/\/xstone.group\/wp-content\/uploads\/2026\/01\/XStone-Color-10044.webp",1838,1838,false],"tp-image-grid":["https:\/\/xstone.group\/wp-content\/uploads\/2026\/01\/XStone-Color-10044-700x700.webp",700,700,true],"tenweb_optimizer_mobile":["https:\/\/xstone.group\/wp-content\/uploads\/2026\/01\/XStone-Color-10044-600x600.webp",600,600,true],"tenweb_optimizer_tablet":["https:\/\/xstone.group\/wp-content\/uploads\/2026\/01\/XStone-Color-10044-768x768.webp",768,768,true],"woocommerce_thumbnail":["https:\/\/xstone.group\/wp-content\/uploads\/2026\/01\/XStone-Color-10044-300x300.webp",300,300,true],"woocommerce_single":["https:\/\/xstone.group\/wp-content\/uploads\/2026\/01\/XStone-Color-10044-600x600.webp",600,600,true],"woocommerce_gallery_thumbnail":["https:\/\/xstone.group\/wp-content\/uploads\/2026\/01\/XStone-Color-10044-100x100.webp",100,100,true]},"uagb_author_info":{"display_name":"laurent.gomez@xstone.group","author_link":"https:\/\/xstone.group\/ro\/author\/"},"uagb_comment_info":0,"uagb_excerpt":"Aceast\u0103 culoare este o interac\u021biune vibrant\u0103 de alburi minerale clare, griuri argintii moi \u0219i fragmente ad\u00e2nci de c\u0103rbune \u00eempr\u0103\u0219tiate pe suprafa\u021b\u0103 ca o constela\u021bie de piatr\u0103, cre\u00e2nd o textur\u0103 dinamic\u0103, dar echilibrat\u0103, care pare brut\u0103, arhitectural\u0103 \u0219i modern\u0103 cu \u00eencredere, cu o energie subtil\u0103 care aduce profunzime \u0219i caracter oric\u0103rui spa\u021biu.","_links":{"self":[{"href":"https:\/\/xstone.group\/ro\/wp-json\/wp\/v2\/product\/23338","targetHints":{"allow":["GET"]}}],"collection":[{"href":"https:\/\/xstone.group\/ro\/wp-json\/wp\/v2\/product"}],"about":[{"href":"https:\/\/xstone.group\/ro\/wp-json\/wp\/v2\/types\/product"}],"replies":[{"embeddable":true,"href":"https:\/\/xstone.group\/ro\/wp-json\/wp\/v2\/comments?post=23338"}],"wp:featuredmedia":[{"embeddable":true,"href":"https:\/\/xstone.group\/ro\/wp-json\/wp\/v2\/media\/23341"}],"wp:attachment":[{"href":"https:\/\/xstone.group\/ro\/wp-json\/wp\/v2\/media?parent=23338"}],"wp:term":[{"taxonomy":"product_brand","embeddable":true,"href":"https:\/\/xstone.group\/ro\/wp-json\/wp\/v2\/product_brand?post=23338"},{"taxonomy":"product_cat","embeddable":true,"href":"https:\/\/xstone.group\/ro\/wp-json\/wp\/v2\/product_cat?post=23338"},{"taxonomy":"product_tag","embeddable":true,"href":"https:\/\/xstone.group\/ro\/wp-json\/wp\/v2\/product_tag?post=23338"}],"curies":[{"name":"wp","href":"https:\/\/api.w.org\/{rel}","templated":true}]}}