{"id":23424,"date":"2026-01-13T16:14:27","date_gmt":"2026-01-13T16:14:27","guid":{"rendered":"https:\/\/xstone.group\/product\/bri-caramida\/"},"modified":"2026-01-13T16:14:27","modified_gmt":"2026-01-13T16:14:27","slug":"bri-brick","status":"publish","type":"product","link":"https:\/\/xstone.group\/ro\/product\/bri-brick\/","title":{"rendered":"BRI | C\u0103r\u0103mid\u0103"},"content":{"rendered":"<p>C\u0103r\u0103mida evoc\u0103 noble\u021bea unui material modelat de timp \u0219i de m\u00e2na omului: o suprafa\u021b\u0103 ritmic\u0103 marcat\u0103 de neregularit\u0103\u021bi subtile care capteaz\u0103 lumina \u0219i creeaz\u0103 un u\u0219or joc de relief, \u00een care fiecare pies\u0103 pare s\u0103 \u00ee\u0219i spun\u0103 propria poveste. Textura sa transmite soliditate \u0219i autenticitate, dar \u0219i c\u0103ldur\u0103 \u0219i intimitate, ca \u0219i cum ar invita spa\u021biul s\u0103 devin\u0103 mai locuibil, mai uman, mai viu , un echilibru \u00eentre ordine \u0219i imperfec\u021biune care adaug\u0103 caracter f\u0103r\u0103 a domina, transform\u00e2nd orice perete \u00eentr-un fundal cu suflet. <\/p>\n","protected":false},"excerpt":{"rendered":"<p>C\u0103r\u0103mida evoc\u0103 noble\u021bea unui material modelat de timp \u0219i de m\u00e2na omului: o suprafa\u021b\u0103 ritmic\u0103 marcat\u0103 de neregularit\u0103\u021bi subtile care capteaz\u0103 lumina \u0219i creeaz\u0103 un u\u0219or joc de relief, \u00een care fiecare pies\u0103 pare s\u0103 \u00ee\u0219i spun\u0103 propria poveste. Textura sa transmite soliditate \u0219i autenticitate, dar \u0219i c\u0103ldur\u0103 \u0219i intimitate, ca \u0219i cum ar invita [&hellip;]<\/p>\n","protected":false},"featured_media":23428,"comment_status":"open","ping_status":"closed","template":"","meta":{"_acf_changed":false,"_uag_custom_page_level_css":"","site-sidebar-layout":"default","site-content-layout":"","ast-site-content-layout":"default","site-content-style":"default","site-sidebar-style":"default","ast-global-header-display":"","ast-banner-title-visibility":"","ast-main-header-display":"","ast-hfb-above-header-display":"","ast-hfb-below-header-display":"","ast-hfb-mobile-header-display":"","site-post-title":"","ast-breadcrumbs-content":"","ast-featured-img":"","footer-sml-layout":"","theme-transparent-header-meta":"default","adv-header-id-meta":"","stick-header-meta":"default","header-above-stick-meta":"","header-main-stick-meta":"","header-below-stick-meta":"","astra-migrate-meta-layouts":"default","ast-page-background-enabled":"default","ast-page-background-meta":{"desktop":{"background-color":"var(--ast-global-color-4)","background-image":"","background-repeat":"repeat","background-position":"center center","background-size":"auto","background-attachment":"scroll","background-type":"","background-media":"","overlay-type":"","overlay-color":"","overlay-opacity":"","overlay-gradient":""},"tablet":{"background-color":"","background-image":"","background-repeat":"repeat","background-position":"center center","background-size":"auto","background-attachment":"scroll","background-type":"","background-media":"","overlay-type":"","overlay-color":"","overlay-opacity":"","overlay-gradient":""},"mobile":{"background-color":"","background-image":"","background-repeat":"repeat","background-position":"center center","background-size":"auto","background-attachment":"scroll","background-type":"","background-media":"","overlay-type":"","overlay-color":"","overlay-opacity":"","overlay-gradient":""}},"ast-content-background-meta":{"desktop":{"background-color":"var(--ast-global-color-5)","background-image":"","background-repeat":"repeat","background-position":"center center","background-size":"auto","background-attachment":"scroll","background-type":"","background-media":"","overlay-type":"","overlay-color":"","overlay-opacity":"","overlay-gradient":""},"tablet":{"background-color":"var(--ast-global-color-5)","background-image":"","background-repeat":"repeat","background-position":"center center","background-size":"auto","background-attachment":"scroll","background-type":"","background-media":"","overlay-type":"","overlay-color":"","overlay-opacity":"","overlay-gradient":""},"mobile":{"background-color":"var(--ast-global-color-5)","background-image":"","background-repeat":"repeat","background-position":"center center","background-size":"auto","background-attachment":"scroll","background-type":"","background-media":"","overlay-type":"","overlay-color":"","overlay-opacity":"","overlay-gradient":""}}},"product_brand":[],"product_cat":[6004,3589],"product_tag":[6006,6019,6005,6015,6020,6023,6009,6011,4896,6007,6022,6013,6021,6017],"class_list":{"0":"post-23424","1":"product","2":"type-product","3":"status-publish","4":"has-post-thumbnail","6":"product_cat-design","7":"product_cat-texture","8":"product_tag-brick-wall-covering","9":"product_tag-interior-wall-covering","10":"product_tag-brick-texture-wall-covering","11":"product_tag-brick-surface-panel","12":"product_tag-architectural-wall-surface","13":"product_tag-tactile-wall-surface","14":"product_tag-architectural-brick-texture","15":"product_tag-brick-texture","16":"product_tag-comp-texture-16821","17":"product_tag-decorative-brick-texture","18":"product_tag-premium-wall-texture","19":"product_tag-brick-relief-texture","20":"product_tag-modern-brick-texture","21":"product_tag-brick-cladding-texture","22":"desktop-align-left","23":"tablet-align-left","24":"mobile-align-left","26":"first","27":"instock","28":"shipping-taxable","29":"product-type-simple"},"acf":[],"yoast_head":"<!-- This site is optimized with the Yoast SEO Premium plugin v27.4 (Yoast SEO v27.4) - https:\/\/yoast.com\/product\/yoast-seo-premium-wordpress\/ -->\n<title>BRI | C\u0103r\u0103mid\u0103 - XSTONE<\/title>\n<meta name=\"description\" content=\"Descoperi\u021bi Brick, o acoperire de perete cu textur\u0103 rafinat\u0103 de c\u0103r\u0103mid\u0103 pentru design interior \u0219i arhitectur\u0103, care combin\u0103 relieful, ad\u00e2ncimea \u0219i caracterul atemporal al materialului\" \/>\n<meta name=\"robots\" content=\"index, follow, max-snippet:-1, max-image-preview:large, max-video-preview:-1\" \/>\n<link rel=\"canonical\" href=\"https:\/\/xstone.group\/ro\/product\/bri-brick\/\" \/>\n<meta property=\"og:locale\" content=\"ro_RO\" \/>\n<meta property=\"og:type\" content=\"article\" \/>\n<meta property=\"og:title\" content=\"BRI | C\u0103r\u0103mid\u0103\" \/>\n<meta property=\"og:description\" content=\"Descoperi\u021bi Brick, o acoperire de perete cu textur\u0103 rafinat\u0103 de c\u0103r\u0103mid\u0103 pentru design interior \u0219i arhitectur\u0103, care combin\u0103 relieful, ad\u00e2ncimea \u0219i caracterul atemporal al materialului\" \/>\n<meta property=\"og:url\" content=\"https:\/\/xstone.group\/ro\/product\/bri-brick\/\" \/>\n<meta property=\"og:site_name\" content=\"XSTONE\" \/>\n<meta property=\"article:publisher\" content=\"https:\/\/www.facebook.com\/Xstonesurfaces1\/\" \/>\n<meta property=\"og:image\" content=\"https:\/\/xstone.group\/wp-content\/uploads\/2026\/01\/XStone-Texture-BRI.webp\" \/>\n\t<meta property=\"og:image:width\" content=\"2560\" \/>\n\t<meta property=\"og:image:height\" content=\"1920\" \/>\n\t<meta property=\"og:image:type\" content=\"image\/webp\" \/>\n<meta name=\"twitter:card\" content=\"summary_large_image\" \/>\n<script type=\"application\/ld+json\" class=\"yoast-schema-graph\">{\"@context\":\"https:\\\/\\\/schema.org\",\"@graph\":[{\"@type\":\"WebPage\",\"@id\":\"https:\\\/\\\/xstone.group\\\/ro\\\/product\\\/bri-brick\\\/\",\"url\":\"https:\\\/\\\/xstone.group\\\/ro\\\/product\\\/bri-brick\\\/\",\"name\":\"BRI | C\u0103r\u0103mid\u0103 - XSTONE\",\"isPartOf\":{\"@id\":\"https:\\\/\\\/xstone.group\\\/ro\\\/#website\"},\"primaryImageOfPage\":{\"@id\":\"https:\\\/\\\/xstone.group\\\/ro\\\/product\\\/bri-brick\\\/#primaryimage\"},\"image\":{\"@id\":\"https:\\\/\\\/xstone.group\\\/ro\\\/product\\\/bri-brick\\\/#primaryimage\"},\"thumbnailUrl\":\"https:\\\/\\\/xstone.group\\\/wp-content\\\/uploads\\\/2026\\\/01\\\/XStone-Texture-BRI.webp\",\"datePublished\":\"2026-01-13T16:14:27+00:00\",\"description\":\"Descoperi\u021bi Brick, o acoperire de perete cu textur\u0103 rafinat\u0103 de c\u0103r\u0103mid\u0103 pentru design interior \u0219i arhitectur\u0103, care combin\u0103 relieful, ad\u00e2ncimea \u0219i caracterul atemporal al materialului\",\"breadcrumb\":{\"@id\":\"https:\\\/\\\/xstone.group\\\/ro\\\/product\\\/bri-brick\\\/#breadcrumb\"},\"inLanguage\":\"ro-RO\",\"potentialAction\":[{\"@type\":\"ReadAction\",\"target\":[\"https:\\\/\\\/xstone.group\\\/ro\\\/product\\\/bri-brick\\\/\"]}]},{\"@type\":\"ImageObject\",\"inLanguage\":\"ro-RO\",\"@id\":\"https:\\\/\\\/xstone.group\\\/ro\\\/product\\\/bri-brick\\\/#primaryimage\",\"url\":\"https:\\\/\\\/xstone.group\\\/wp-content\\\/uploads\\\/2026\\\/01\\\/XStone-Texture-BRI.webp\",\"contentUrl\":\"https:\\\/\\\/xstone.group\\\/wp-content\\\/uploads\\\/2026\\\/01\\\/XStone-Texture-BRI.webp\",\"width\":2560,\"height\":1920,\"caption\":\"XStone - Texture - Brick\"},{\"@type\":\"BreadcrumbList\",\"@id\":\"https:\\\/\\\/xstone.group\\\/ro\\\/product\\\/bri-brick\\\/#breadcrumb\",\"itemListElement\":[{\"@type\":\"ListItem\",\"position\":1,\"name\":\"Home\",\"item\":\"https:\\\/\\\/xstone.group\\\/ro\\\/\"},{\"@type\":\"ListItem\",\"position\":2,\"name\":\"Produse\",\"item\":\"https:\\\/\\\/xstone.group\\\/ro\\\/shop\\\/\"},{\"@type\":\"ListItem\",\"position\":3,\"name\":\"BRI | C\u0103r\u0103mid\u0103\"}]},{\"@type\":\"WebSite\",\"@id\":\"https:\\\/\\\/xstone.group\\\/ro\\\/#website\",\"url\":\"https:\\\/\\\/xstone.group\\\/ro\\\/\",\"name\":\"XSTONE\",\"description\":\"Frumuse\u021be mineral\u0103 autentic\u0103 \u0219i nelimitat\u0103, nelegat\u0103 de gravita\u021bie\",\"potentialAction\":[{\"@type\":\"SearchAction\",\"target\":{\"@type\":\"EntryPoint\",\"urlTemplate\":\"https:\\\/\\\/xstone.group\\\/ro\\\/?s={search_term_string}\"},\"query-input\":{\"@type\":\"PropertyValueSpecification\",\"valueRequired\":true,\"valueName\":\"search_term_string\"}}],\"inLanguage\":\"ro-RO\"}]}<\/script>\n<!-- \/ Yoast SEO Premium plugin. -->","yoast_head_json":{"title":"BRI | C\u0103r\u0103mid\u0103 - XSTONE","description":"Descoperi\u021bi Brick, o acoperire de perete cu textur\u0103 rafinat\u0103 de c\u0103r\u0103mid\u0103 pentru design interior \u0219i arhitectur\u0103, care combin\u0103 relieful, ad\u00e2ncimea \u0219i caracterul atemporal al materialului","robots":{"index":"index","follow":"follow","max-snippet":"max-snippet:-1","max-image-preview":"max-image-preview:large","max-video-preview":"max-video-preview:-1"},"canonical":"https:\/\/xstone.group\/ro\/product\/bri-brick\/","og_locale":"ro_RO","og_type":"article","og_title":"BRI | C\u0103r\u0103mid\u0103","og_description":"Descoperi\u021bi Brick, o acoperire de perete cu textur\u0103 rafinat\u0103 de c\u0103r\u0103mid\u0103 pentru design interior \u0219i arhitectur\u0103, care combin\u0103 relieful, ad\u00e2ncimea \u0219i caracterul atemporal al materialului","og_url":"https:\/\/xstone.group\/ro\/product\/bri-brick\/","og_site_name":"XSTONE","article_publisher":"https:\/\/www.facebook.com\/Xstonesurfaces1\/","og_image":[{"width":2560,"height":1920,"url":"https:\/\/xstone.group\/wp-content\/uploads\/2026\/01\/XStone-Texture-BRI.webp","type":"image\/webp"}],"twitter_card":"summary_large_image","schema":{"@context":"https:\/\/schema.org","@graph":[{"@type":"WebPage","@id":"https:\/\/xstone.group\/ro\/product\/bri-brick\/","url":"https:\/\/xstone.group\/ro\/product\/bri-brick\/","name":"BRI | C\u0103r\u0103mid\u0103 - XSTONE","isPartOf":{"@id":"https:\/\/xstone.group\/ro\/#website"},"primaryImageOfPage":{"@id":"https:\/\/xstone.group\/ro\/product\/bri-brick\/#primaryimage"},"image":{"@id":"https:\/\/xstone.group\/ro\/product\/bri-brick\/#primaryimage"},"thumbnailUrl":"https:\/\/xstone.group\/wp-content\/uploads\/2026\/01\/XStone-Texture-BRI.webp","datePublished":"2026-01-13T16:14:27+00:00","description":"Descoperi\u021bi Brick, o acoperire de perete cu textur\u0103 rafinat\u0103 de c\u0103r\u0103mid\u0103 pentru design interior \u0219i arhitectur\u0103, care combin\u0103 relieful, ad\u00e2ncimea \u0219i caracterul atemporal al materialului","breadcrumb":{"@id":"https:\/\/xstone.group\/ro\/product\/bri-brick\/#breadcrumb"},"inLanguage":"ro-RO","potentialAction":[{"@type":"ReadAction","target":["https:\/\/xstone.group\/ro\/product\/bri-brick\/"]}]},{"@type":"ImageObject","inLanguage":"ro-RO","@id":"https:\/\/xstone.group\/ro\/product\/bri-brick\/#primaryimage","url":"https:\/\/xstone.group\/wp-content\/uploads\/2026\/01\/XStone-Texture-BRI.webp","contentUrl":"https:\/\/xstone.group\/wp-content\/uploads\/2026\/01\/XStone-Texture-BRI.webp","width":2560,"height":1920,"caption":"XStone - Texture - Brick"},{"@type":"BreadcrumbList","@id":"https:\/\/xstone.group\/ro\/product\/bri-brick\/#breadcrumb","itemListElement":[{"@type":"ListItem","position":1,"name":"Home","item":"https:\/\/xstone.group\/ro\/"},{"@type":"ListItem","position":2,"name":"Produse","item":"https:\/\/xstone.group\/ro\/shop\/"},{"@type":"ListItem","position":3,"name":"BRI | C\u0103r\u0103mid\u0103"}]},{"@type":"WebSite","@id":"https:\/\/xstone.group\/ro\/#website","url":"https:\/\/xstone.group\/ro\/","name":"XSTONE","description":"Frumuse\u021be mineral\u0103 autentic\u0103 \u0219i nelimitat\u0103, nelegat\u0103 de gravita\u021bie","potentialAction":[{"@type":"SearchAction","target":{"@type":"EntryPoint","urlTemplate":"https:\/\/xstone.group\/ro\/?s={search_term_string}"},"query-input":{"@type":"PropertyValueSpecification","valueRequired":true,"valueName":"search_term_string"}}],"inLanguage":"ro-RO"}]}},"spectra_custom_meta":{"_last_translation_edit_mode":["translation-editor"],"_wcml_average_rating":[null],"_wcml_review_count":[null],"_wcml_rating_count":[null],"_yoast_wpseo_primary_product_cat":["317"],"_backorders":["no"],"_download_limit":["-1"],"_download_expiry":["-1"],"_downloadable":["no"],"_manage_stock":["no"],"_sku":["BRI"],"_stock_status":["instock"],"_sold_individually":["no"],"_tax_class":[""],"_tax_status":["taxable"],"_virtual":["no"],"total_sales":["0"],"_wpml_media_duplicate":["1"],"_wpml_media_featured":["1"],"stick-header-meta":["default"],"site-sidebar-layout":["default"],"theme-transparent-header-meta":["default"],"ast-site-content-layout":["default"],"site-content-style":["default"],"site-sidebar-style":["default"],"_yoast_wpseo_metadesc":["Descoperi\u021bi Brick, o acoperire de perete cu textur\u0103 rafinat\u0103 de c\u0103r\u0103mid\u0103 pentru design interior \u0219i arhitectur\u0103, care combin\u0103 relieful, ad\u00e2ncimea \u0219i caracterul atemporal al materialului"],"_yoast_wpseo_focuskw":["c\u0103r\u0103mid\u0103 textura de perete de acoperire"],"_product_image_gallery":[""],"_thumbnail_id":["23428"],"_product_attributes":["a:3:{s:12:\"pa_thickness\";a:6:{s:4:\"name\";s:12:\"pa_thickness\";s:5:\"value\";s:0:\"\";s:8:\"position\";i:0;s:10:\"is_visible\";i:1;s:12:\"is_variation\";i:0;s:11:\"is_taxonomy\";i:1;}s:14:\"pa_composition\";a:6:{s:4:\"name\";s:14:\"pa_composition\";s:5:\"value\";s:0:\"\";s:8:\"position\";i:1;s:10:\"is_visible\";i:1;s:12:\"is_variation\";i:0;s:11:\"is_taxonomy\";i:1;}s:14:\"pa_fire-rating\";a:6:{s:4:\"name\";s:14:\"pa_fire-rating\";s:5:\"value\";s:0:\"\";s:8:\"position\";i:2;s:10:\"is_visible\";i:1;s:12:\"is_variation\";i:0;s:11:\"is_taxonomy\";i:1;}}"],"_wpml_word_count":["98"],"two_optimized_date":["1776476099"],"woolentor_views_count_product":["5"],"_uag_css_file_name":["uag-css-23424.css"],"_uag_js_file_name":["uag-js-23424.js"],"tp_widgets":["a:2:{s:7:\"widgets\";a:6:{i:0;s:18:\"plus-list-skeleton\";i:1;s:22:\"plus-listing-load-more\";i:2;s:18:\"plus-listing-metro\";i:3;s:18:\"tp-product-listout\";i:4;s:17:\"tp-single-style_1\";i:5;s:19:\"tp-woo-single-image\";}s:9:\"update_at\";s:10:\"1776541402\";}"],"_elementor_edit_mode":["builder"],"_selectproduct_layout":["16389"],"_elementor_page_assets":["a:0:{}"],"_elementor_css":["a:7:{s:4:\"time\";i:1776642019;s:5:\"fonts\";a:0:{}s:5:\"icons\";a:0:{}s:20:\"dynamic_elements_ids\";a:0:{}s:6:\"status\";s:5:\"empty\";i:0;s:0:\"\";s:3:\"css\";s:0:\"\";}"],"_wc_rating_count":[""],"_wc_review_count":[""],"_wc_average_rating":[0]},"uagb_featured_image_src":{"full":["https:\/\/xstone.group\/wp-content\/uploads\/2026\/01\/XStone-Texture-BRI.webp",2560,1920,false],"thumbnail":["https:\/\/xstone.group\/wp-content\/uploads\/2026\/01\/XStone-Texture-BRI-150x150.webp",150,150,true],"medium":["https:\/\/xstone.group\/wp-content\/uploads\/2026\/01\/XStone-Texture-BRI-300x225.webp",300,225,true],"medium_large":["https:\/\/xstone.group\/wp-content\/uploads\/2026\/01\/XStone-Texture-BRI-768x576.webp",768,576,true],"large":["https:\/\/xstone.group\/wp-content\/uploads\/2026\/01\/XStone-Texture-BRI-1024x768.webp",1024,768,true],"1536x1536":["https:\/\/xstone.group\/wp-content\/uploads\/2026\/01\/XStone-Texture-BRI-1536x1152.webp",1536,1152,true],"2048x2048":["https:\/\/xstone.group\/wp-content\/uploads\/2026\/01\/XStone-Texture-BRI-2048x1536.webp",2048,1536,true],"tp-image-grid":["https:\/\/xstone.group\/wp-content\/uploads\/2026\/01\/XStone-Texture-BRI-700x700.webp",700,700,true],"tenweb_optimizer_mobile":["https:\/\/xstone.group\/wp-content\/uploads\/2026\/01\/XStone-Texture-BRI-600x450.webp",600,450,true],"tenweb_optimizer_tablet":["https:\/\/xstone.group\/wp-content\/uploads\/2026\/01\/XStone-Texture-BRI-768x576.webp",768,576,true],"woocommerce_thumbnail":["https:\/\/xstone.group\/wp-content\/uploads\/2026\/01\/XStone-Texture-BRI-300x300.webp",300,300,true],"woocommerce_single":["https:\/\/xstone.group\/wp-content\/uploads\/2026\/01\/XStone-Texture-BRI-600x450.webp",600,450,true],"woocommerce_gallery_thumbnail":["https:\/\/xstone.group\/wp-content\/uploads\/2026\/01\/XStone-Texture-BRI-100x100.webp",100,100,true]},"uagb_author_info":{"display_name":"laurent.gomez@xstone.group","author_link":"https:\/\/xstone.group\/ro\/author\/"},"uagb_comment_info":0,"uagb_excerpt":"C\u0103r\u0103mida evoc\u0103 noble\u021bea unui material modelat de timp \u0219i de m\u00e2na omului: o suprafa\u021b\u0103 ritmic\u0103 marcat\u0103 de neregularit\u0103\u021bi subtile care capteaz\u0103 lumina \u0219i creeaz\u0103 un u\u0219or joc de relief, \u00een care fiecare pies\u0103 pare s\u0103 \u00ee\u0219i spun\u0103 propria poveste. Textura sa transmite soliditate \u0219i autenticitate, dar \u0219i c\u0103ldur\u0103 \u0219i intimitate, ca \u0219i cum ar invita&hellip;","_links":{"self":[{"href":"https:\/\/xstone.group\/ro\/wp-json\/wp\/v2\/product\/23424","targetHints":{"allow":["GET"]}}],"collection":[{"href":"https:\/\/xstone.group\/ro\/wp-json\/wp\/v2\/product"}],"about":[{"href":"https:\/\/xstone.group\/ro\/wp-json\/wp\/v2\/types\/product"}],"replies":[{"embeddable":true,"href":"https:\/\/xstone.group\/ro\/wp-json\/wp\/v2\/comments?post=23424"}],"wp:featuredmedia":[{"embeddable":true,"href":"https:\/\/xstone.group\/ro\/wp-json\/wp\/v2\/media\/23428"}],"wp:attachment":[{"href":"https:\/\/xstone.group\/ro\/wp-json\/wp\/v2\/media?parent=23424"}],"wp:term":[{"taxonomy":"product_brand","embeddable":true,"href":"https:\/\/xstone.group\/ro\/wp-json\/wp\/v2\/product_brand?post=23424"},{"taxonomy":"product_cat","embeddable":true,"href":"https:\/\/xstone.group\/ro\/wp-json\/wp\/v2\/product_cat?post=23424"},{"taxonomy":"product_tag","embeddable":true,"href":"https:\/\/xstone.group\/ro\/wp-json\/wp\/v2\/product_tag?post=23424"}],"curies":[{"name":"wp","href":"https:\/\/api.w.org\/{rel}","templated":true}]}}