{"id":23453,"date":"2026-01-14T13:59:06","date_gmt":"2026-01-14T13:59:06","guid":{"rendered":"https:\/\/xstone.group\/product\/fip-scandura-de-foc\/"},"modified":"2026-01-14T13:59:06","modified_gmt":"2026-01-14T13:59:06","slug":"fip-fire-plank","status":"publish","type":"product","link":"https:\/\/xstone.group\/ro\/product\/fip-fire-plank\/","title":{"rendered":"FIP | Sc\u00e2ndur\u0103 de foc"},"content":{"rendered":"<p>Fire Plank este o suprafa\u021b\u0103 liniar\u0103, cu o textur\u0103 profund\u0103, care pare modelat\u0103 de intensitate \u0219i timp, cu stria\u021bii alungite asem\u0103n\u0103toare granulelor \u0219i microreliefuri subtil b\u0103\u0219icate care creeaz\u0103 un puternic sentiment de mi\u0219care \u0219i profunzime. Caracterul s\u0103u brut \u0219i expresiv evoc\u0103 transformarea materialului \u00een condi\u021bii extreme, conferind texturii o prezen\u021b\u0103 \u00eendr\u0103znea\u021b\u0103, aproape elementar\u0103, care aduce c\u0103ldur\u0103, rezisten\u021b\u0103 \u0219i o identitate arhitectural\u0103 izbitoare \u00een orice spa\u021biu. <\/p>\n","protected":false},"excerpt":{"rendered":"<p>Fire Plank este o suprafa\u021b\u0103 liniar\u0103, cu o textur\u0103 profund\u0103, care pare modelat\u0103 de intensitate \u0219i timp, cu stria\u021bii alungite asem\u0103n\u0103toare granulelor \u0219i microreliefuri subtil b\u0103\u0219icate care creeaz\u0103 un puternic sentiment de mi\u0219care \u0219i profunzime. Caracterul s\u0103u brut \u0219i expresiv evoc\u0103 transformarea materialului \u00een condi\u021bii extreme, conferind texturii o prezen\u021b\u0103 \u00eendr\u0103znea\u021b\u0103, aproape elementar\u0103, care aduce [&hellip;]<\/p>\n","protected":false},"featured_media":23456,"comment_status":"open","ping_status":"closed","template":"","meta":{"_acf_changed":false,"_uag_custom_page_level_css":"","site-sidebar-layout":"default","site-content-layout":"","ast-site-content-layout":"default","site-content-style":"default","site-sidebar-style":"default","ast-global-header-display":"","ast-banner-title-visibility":"","ast-main-header-display":"","ast-hfb-above-header-display":"","ast-hfb-below-header-display":"","ast-hfb-mobile-header-display":"","site-post-title":"","ast-breadcrumbs-content":"","ast-featured-img":"","footer-sml-layout":"","theme-transparent-header-meta":"default","adv-header-id-meta":"","stick-header-meta":"default","header-above-stick-meta":"","header-main-stick-meta":"","header-below-stick-meta":"","astra-migrate-meta-layouts":"default","ast-page-background-enabled":"default","ast-page-background-meta":{"desktop":{"background-color":"var(--ast-global-color-4)","background-image":"","background-repeat":"repeat","background-position":"center center","background-size":"auto","background-attachment":"scroll","background-type":"","background-media":"","overlay-type":"","overlay-color":"","overlay-opacity":"","overlay-gradient":""},"tablet":{"background-color":"","background-image":"","background-repeat":"repeat","background-position":"center center","background-size":"auto","background-attachment":"scroll","background-type":"","background-media":"","overlay-type":"","overlay-color":"","overlay-opacity":"","overlay-gradient":""},"mobile":{"background-color":"","background-image":"","background-repeat":"repeat","background-position":"center center","background-size":"auto","background-attachment":"scroll","background-type":"","background-media":"","overlay-type":"","overlay-color":"","overlay-opacity":"","overlay-gradient":""}},"ast-content-background-meta":{"desktop":{"background-color":"var(--ast-global-color-5)","background-image":"","background-repeat":"repeat","background-position":"center center","background-size":"auto","background-attachment":"scroll","background-type":"","background-media":"","overlay-type":"","overlay-color":"","overlay-opacity":"","overlay-gradient":""},"tablet":{"background-color":"var(--ast-global-color-5)","background-image":"","background-repeat":"repeat","background-position":"center center","background-size":"auto","background-attachment":"scroll","background-type":"","background-media":"","overlay-type":"","overlay-color":"","overlay-opacity":"","overlay-gradient":""},"mobile":{"background-color":"var(--ast-global-color-5)","background-image":"","background-repeat":"repeat","background-position":"center center","background-size":"auto","background-attachment":"scroll","background-type":"","background-media":"","overlay-type":"","overlay-color":"","overlay-opacity":"","overlay-gradient":""}}},"product_brand":[],"product_cat":[6102,3589],"product_tag":[6107,6105,2841,6103,6109],"class_list":{"0":"post-23453","1":"product","2":"type-product","3":"status-publish","4":"has-post-thumbnail","6":"product_cat-wood","7":"product_cat-texture","8":"product_tag-expressive-surface-design","9":"product_tag-charred-wood-effect","10":"product_tag-comp-texture-16887","11":"product_tag-fire-plank-texture","12":"product_tag-yakisugi","13":"desktop-align-left","14":"tablet-align-left","15":"mobile-align-left","17":"first","18":"instock","19":"shipping-taxable","20":"product-type-simple"},"acf":[],"yoast_head":"<!-- This site is optimized with the Yoast SEO Premium plugin v27.4 (Yoast SEO v27.4) - https:\/\/yoast.com\/product\/yoast-seo-premium-wordpress\/ -->\n<title>FIP | Sc\u00e2ndur\u0103 de foc - XSTONE<\/title>\n<meta name=\"description\" content=\"Descoperi\u021bi Fire Plank, o suprafa\u021b\u0103 cu textur\u0103 liniar\u0103, cu granula\u021bie expresiv\u0103 \u0219i profunzime arhitectural\u0103, inspirat\u0103 de materialul modelat prin intensitate \u0219i timp.\" \/>\n<meta name=\"robots\" content=\"index, follow, max-snippet:-1, max-image-preview:large, max-video-preview:-1\" \/>\n<link rel=\"canonical\" href=\"https:\/\/xstone.group\/ro\/product\/fip-fire-plank\/\" \/>\n<meta property=\"og:locale\" content=\"ro_RO\" \/>\n<meta property=\"og:type\" content=\"article\" \/>\n<meta property=\"og:title\" content=\"FIP | Sc\u00e2ndur\u0103 de foc\" \/>\n<meta property=\"og:description\" content=\"Descoperi\u021bi Fire Plank, o suprafa\u021b\u0103 cu textur\u0103 liniar\u0103, cu granula\u021bie expresiv\u0103 \u0219i profunzime arhitectural\u0103, inspirat\u0103 de materialul modelat prin intensitate \u0219i timp.\" \/>\n<meta property=\"og:url\" content=\"https:\/\/xstone.group\/ro\/product\/fip-fire-plank\/\" \/>\n<meta property=\"og:site_name\" content=\"XSTONE\" \/>\n<meta property=\"article:publisher\" content=\"https:\/\/www.facebook.com\/Xstonesurfaces1\/\" \/>\n<meta property=\"og:image\" content=\"https:\/\/xstone.group\/wp-content\/uploads\/2026\/01\/XStone-Texture-FIP.webp\" \/>\n\t<meta property=\"og:image:width\" content=\"1920\" \/>\n\t<meta property=\"og:image:height\" content=\"1920\" \/>\n\t<meta property=\"og:image:type\" content=\"image\/webp\" \/>\n<meta name=\"twitter:card\" content=\"summary_large_image\" \/>\n<script type=\"application\/ld+json\" class=\"yoast-schema-graph\">{\"@context\":\"https:\\\/\\\/schema.org\",\"@graph\":[{\"@type\":\"WebPage\",\"@id\":\"https:\\\/\\\/xstone.group\\\/ro\\\/product\\\/fip-fire-plank\\\/\",\"url\":\"https:\\\/\\\/xstone.group\\\/ro\\\/product\\\/fip-fire-plank\\\/\",\"name\":\"FIP | Sc\u00e2ndur\u0103 de foc - XSTONE\",\"isPartOf\":{\"@id\":\"https:\\\/\\\/xstone.group\\\/ro\\\/#website\"},\"primaryImageOfPage\":{\"@id\":\"https:\\\/\\\/xstone.group\\\/ro\\\/product\\\/fip-fire-plank\\\/#primaryimage\"},\"image\":{\"@id\":\"https:\\\/\\\/xstone.group\\\/ro\\\/product\\\/fip-fire-plank\\\/#primaryimage\"},\"thumbnailUrl\":\"https:\\\/\\\/xstone.group\\\/wp-content\\\/uploads\\\/2026\\\/01\\\/XStone-Texture-FIP.webp\",\"datePublished\":\"2026-01-14T13:59:06+00:00\",\"description\":\"Descoperi\u021bi Fire Plank, o suprafa\u021b\u0103 cu textur\u0103 liniar\u0103, cu granula\u021bie expresiv\u0103 \u0219i profunzime arhitectural\u0103, inspirat\u0103 de materialul modelat prin intensitate \u0219i timp.\",\"breadcrumb\":{\"@id\":\"https:\\\/\\\/xstone.group\\\/ro\\\/product\\\/fip-fire-plank\\\/#breadcrumb\"},\"inLanguage\":\"ro-RO\",\"potentialAction\":[{\"@type\":\"ReadAction\",\"target\":[\"https:\\\/\\\/xstone.group\\\/ro\\\/product\\\/fip-fire-plank\\\/\"]}]},{\"@type\":\"ImageObject\",\"inLanguage\":\"ro-RO\",\"@id\":\"https:\\\/\\\/xstone.group\\\/ro\\\/product\\\/fip-fire-plank\\\/#primaryimage\",\"url\":\"https:\\\/\\\/xstone.group\\\/wp-content\\\/uploads\\\/2026\\\/01\\\/XStone-Texture-FIP.webp\",\"contentUrl\":\"https:\\\/\\\/xstone.group\\\/wp-content\\\/uploads\\\/2026\\\/01\\\/XStone-Texture-FIP.webp\",\"width\":1920,\"height\":1920,\"caption\":\"XStone -Texture - Fire Plank\"},{\"@type\":\"BreadcrumbList\",\"@id\":\"https:\\\/\\\/xstone.group\\\/ro\\\/product\\\/fip-fire-plank\\\/#breadcrumb\",\"itemListElement\":[{\"@type\":\"ListItem\",\"position\":1,\"name\":\"Home\",\"item\":\"https:\\\/\\\/xstone.group\\\/ro\\\/\"},{\"@type\":\"ListItem\",\"position\":2,\"name\":\"Produse\",\"item\":\"https:\\\/\\\/xstone.group\\\/ro\\\/shop\\\/\"},{\"@type\":\"ListItem\",\"position\":3,\"name\":\"FIP | Sc\u00e2ndur\u0103 de foc\"}]},{\"@type\":\"WebSite\",\"@id\":\"https:\\\/\\\/xstone.group\\\/ro\\\/#website\",\"url\":\"https:\\\/\\\/xstone.group\\\/ro\\\/\",\"name\":\"XSTONE\",\"description\":\"Frumuse\u021be mineral\u0103 autentic\u0103 \u0219i nelimitat\u0103, nelegat\u0103 de gravita\u021bie\",\"potentialAction\":[{\"@type\":\"SearchAction\",\"target\":{\"@type\":\"EntryPoint\",\"urlTemplate\":\"https:\\\/\\\/xstone.group\\\/ro\\\/?s={search_term_string}\"},\"query-input\":{\"@type\":\"PropertyValueSpecification\",\"valueRequired\":true,\"valueName\":\"search_term_string\"}}],\"inLanguage\":\"ro-RO\"}]}<\/script>\n<!-- \/ Yoast SEO Premium plugin. -->","yoast_head_json":{"title":"FIP | Sc\u00e2ndur\u0103 de foc - XSTONE","description":"Descoperi\u021bi Fire Plank, o suprafa\u021b\u0103 cu textur\u0103 liniar\u0103, cu granula\u021bie expresiv\u0103 \u0219i profunzime arhitectural\u0103, inspirat\u0103 de materialul modelat prin intensitate \u0219i timp.","robots":{"index":"index","follow":"follow","max-snippet":"max-snippet:-1","max-image-preview":"max-image-preview:large","max-video-preview":"max-video-preview:-1"},"canonical":"https:\/\/xstone.group\/ro\/product\/fip-fire-plank\/","og_locale":"ro_RO","og_type":"article","og_title":"FIP | Sc\u00e2ndur\u0103 de foc","og_description":"Descoperi\u021bi Fire Plank, o suprafa\u021b\u0103 cu textur\u0103 liniar\u0103, cu granula\u021bie expresiv\u0103 \u0219i profunzime arhitectural\u0103, inspirat\u0103 de materialul modelat prin intensitate \u0219i timp.","og_url":"https:\/\/xstone.group\/ro\/product\/fip-fire-plank\/","og_site_name":"XSTONE","article_publisher":"https:\/\/www.facebook.com\/Xstonesurfaces1\/","og_image":[{"width":1920,"height":1920,"url":"https:\/\/xstone.group\/wp-content\/uploads\/2026\/01\/XStone-Texture-FIP.webp","type":"image\/webp"}],"twitter_card":"summary_large_image","schema":{"@context":"https:\/\/schema.org","@graph":[{"@type":"WebPage","@id":"https:\/\/xstone.group\/ro\/product\/fip-fire-plank\/","url":"https:\/\/xstone.group\/ro\/product\/fip-fire-plank\/","name":"FIP | Sc\u00e2ndur\u0103 de foc - XSTONE","isPartOf":{"@id":"https:\/\/xstone.group\/ro\/#website"},"primaryImageOfPage":{"@id":"https:\/\/xstone.group\/ro\/product\/fip-fire-plank\/#primaryimage"},"image":{"@id":"https:\/\/xstone.group\/ro\/product\/fip-fire-plank\/#primaryimage"},"thumbnailUrl":"https:\/\/xstone.group\/wp-content\/uploads\/2026\/01\/XStone-Texture-FIP.webp","datePublished":"2026-01-14T13:59:06+00:00","description":"Descoperi\u021bi Fire Plank, o suprafa\u021b\u0103 cu textur\u0103 liniar\u0103, cu granula\u021bie expresiv\u0103 \u0219i profunzime arhitectural\u0103, inspirat\u0103 de materialul modelat prin intensitate \u0219i timp.","breadcrumb":{"@id":"https:\/\/xstone.group\/ro\/product\/fip-fire-plank\/#breadcrumb"},"inLanguage":"ro-RO","potentialAction":[{"@type":"ReadAction","target":["https:\/\/xstone.group\/ro\/product\/fip-fire-plank\/"]}]},{"@type":"ImageObject","inLanguage":"ro-RO","@id":"https:\/\/xstone.group\/ro\/product\/fip-fire-plank\/#primaryimage","url":"https:\/\/xstone.group\/wp-content\/uploads\/2026\/01\/XStone-Texture-FIP.webp","contentUrl":"https:\/\/xstone.group\/wp-content\/uploads\/2026\/01\/XStone-Texture-FIP.webp","width":1920,"height":1920,"caption":"XStone -Texture - Fire Plank"},{"@type":"BreadcrumbList","@id":"https:\/\/xstone.group\/ro\/product\/fip-fire-plank\/#breadcrumb","itemListElement":[{"@type":"ListItem","position":1,"name":"Home","item":"https:\/\/xstone.group\/ro\/"},{"@type":"ListItem","position":2,"name":"Produse","item":"https:\/\/xstone.group\/ro\/shop\/"},{"@type":"ListItem","position":3,"name":"FIP | Sc\u00e2ndur\u0103 de foc"}]},{"@type":"WebSite","@id":"https:\/\/xstone.group\/ro\/#website","url":"https:\/\/xstone.group\/ro\/","name":"XSTONE","description":"Frumuse\u021be mineral\u0103 autentic\u0103 \u0219i nelimitat\u0103, nelegat\u0103 de gravita\u021bie","potentialAction":[{"@type":"SearchAction","target":{"@type":"EntryPoint","urlTemplate":"https:\/\/xstone.group\/ro\/?s={search_term_string}"},"query-input":{"@type":"PropertyValueSpecification","valueRequired":true,"valueName":"search_term_string"}}],"inLanguage":"ro-RO"}]}},"spectra_custom_meta":{"_last_translation_edit_mode":["translation-editor"],"_wcml_average_rating":[null],"_wcml_review_count":[null],"_wcml_rating_count":[null],"_yoast_wpseo_primary_product_cat":["317"],"_backorders":["no"],"_download_limit":["-1"],"_download_expiry":["-1"],"_downloadable":["no"],"_manage_stock":["no"],"_sku":["FIP"],"_stock_status":["instock"],"_sold_individually":["no"],"_tax_class":[""],"_tax_status":["taxable"],"_virtual":["no"],"total_sales":["0"],"_wpml_media_duplicate":["1"],"_wpml_media_featured":["1"],"stick-header-meta":["default"],"site-sidebar-layout":["default"],"theme-transparent-header-meta":["default"],"ast-site-content-layout":["default"],"site-content-style":["default"],"site-sidebar-style":["default"],"_yoast_wpseo_metadesc":["Descoperi\u021bi Fire Plank, o suprafa\u021b\u0103 cu textur\u0103 liniar\u0103, cu granula\u021bie expresiv\u0103 \u0219i profunzime arhitectural\u0103, inspirat\u0103 de materialul modelat prin intensitate \u0219i timp."],"_yoast_wpseo_focuskw":["suprafa\u021b\u0103 texturat\u0103 cu sc\u00e2ndur\u0103 de foc"],"_product_image_gallery":[""],"_thumbnail_id":["23456"],"_product_attributes":["a:3:{s:12:\"pa_thickness\";a:6:{s:4:\"name\";s:12:\"pa_thickness\";s:5:\"value\";s:0:\"\";s:8:\"position\";i:0;s:10:\"is_visible\";i:1;s:12:\"is_variation\";i:0;s:11:\"is_taxonomy\";i:1;}s:14:\"pa_composition\";a:6:{s:4:\"name\";s:14:\"pa_composition\";s:5:\"value\";s:0:\"\";s:8:\"position\";i:1;s:10:\"is_visible\";i:1;s:12:\"is_variation\";i:0;s:11:\"is_taxonomy\";i:1;}s:14:\"pa_fire-rating\";a:6:{s:4:\"name\";s:14:\"pa_fire-rating\";s:5:\"value\";s:0:\"\";s:8:\"position\";i:2;s:10:\"is_visible\";i:1;s:12:\"is_variation\";i:0;s:11:\"is_taxonomy\";i:1;}}"],"_wpml_word_count":["94"],"two_optimized_date":["1776526877"],"woolentor_views_count_product":["9"],"_uag_css_file_name":["uag-css-23453.css"],"_uag_js_file_name":["uag-js-23453.js"],"tp_widgets":["a:2:{s:7:\"widgets\";a:6:{i:0;s:18:\"plus-list-skeleton\";i:1;s:22:\"plus-listing-load-more\";i:2;s:18:\"plus-listing-metro\";i:3;s:18:\"tp-product-listout\";i:4;s:17:\"tp-single-style_1\";i:5;s:19:\"tp-woo-single-image\";}s:9:\"update_at\";s:10:\"1776541402\";}"],"_elementor_edit_mode":["builder"],"_selectproduct_layout":["16389"],"_elementor_page_assets":["a:0:{}"],"_elementor_css":["a:7:{s:4:\"time\";i:1776636125;s:5:\"fonts\";a:0:{}s:5:\"icons\";a:0:{}s:20:\"dynamic_elements_ids\";a:0:{}s:6:\"status\";s:5:\"empty\";i:0;s:0:\"\";s:3:\"css\";s:0:\"\";}"],"_wc_rating_count":[""],"_wc_review_count":[""],"_wc_average_rating":[0]},"uagb_featured_image_src":{"full":["https:\/\/xstone.group\/wp-content\/uploads\/2026\/01\/XStone-Texture-FIP.webp",1920,1920,false],"thumbnail":["https:\/\/xstone.group\/wp-content\/uploads\/2026\/01\/XStone-Texture-FIP-150x150.webp",150,150,true],"medium":["https:\/\/xstone.group\/wp-content\/uploads\/2026\/01\/XStone-Texture-FIP-300x300.webp",300,300,true],"medium_large":["https:\/\/xstone.group\/wp-content\/uploads\/2026\/01\/XStone-Texture-FIP-768x768.webp",768,768,true],"large":["https:\/\/xstone.group\/wp-content\/uploads\/2026\/01\/XStone-Texture-FIP-1024x1024.webp",1024,1024,true],"1536x1536":["https:\/\/xstone.group\/wp-content\/uploads\/2026\/01\/XStone-Texture-FIP-1536x1536.webp",1536,1536,true],"2048x2048":["https:\/\/xstone.group\/wp-content\/uploads\/2026\/01\/XStone-Texture-FIP.webp",1920,1920,false],"tp-image-grid":["https:\/\/xstone.group\/wp-content\/uploads\/2026\/01\/XStone-Texture-FIP-700x700.webp",700,700,true],"tenweb_optimizer_mobile":["https:\/\/xstone.group\/wp-content\/uploads\/2026\/01\/XStone-Texture-FIP-600x600.webp",600,600,true],"tenweb_optimizer_tablet":["https:\/\/xstone.group\/wp-content\/uploads\/2026\/01\/XStone-Texture-FIP-768x768.webp",768,768,true],"woocommerce_thumbnail":["https:\/\/xstone.group\/wp-content\/uploads\/2026\/01\/XStone-Texture-FIP-300x300.webp",300,300,true],"woocommerce_single":["https:\/\/xstone.group\/wp-content\/uploads\/2026\/01\/XStone-Texture-FIP-600x600.webp",600,600,true],"woocommerce_gallery_thumbnail":["https:\/\/xstone.group\/wp-content\/uploads\/2026\/01\/XStone-Texture-FIP-100x100.webp",100,100,true]},"uagb_author_info":{"display_name":"laurent.gomez@xstone.group","author_link":"https:\/\/xstone.group\/ro\/author\/"},"uagb_comment_info":0,"uagb_excerpt":"Fire Plank este o suprafa\u021b\u0103 liniar\u0103, cu o textur\u0103 profund\u0103, care pare modelat\u0103 de intensitate \u0219i timp, cu stria\u021bii alungite asem\u0103n\u0103toare granulelor \u0219i microreliefuri subtil b\u0103\u0219icate care creeaz\u0103 un puternic sentiment de mi\u0219care \u0219i profunzime. Caracterul s\u0103u brut \u0219i expresiv evoc\u0103 transformarea materialului \u00een condi\u021bii extreme, conferind texturii o prezen\u021b\u0103 \u00eendr\u0103znea\u021b\u0103, aproape elementar\u0103, care aduce&hellip;","_links":{"self":[{"href":"https:\/\/xstone.group\/ro\/wp-json\/wp\/v2\/product\/23453","targetHints":{"allow":["GET"]}}],"collection":[{"href":"https:\/\/xstone.group\/ro\/wp-json\/wp\/v2\/product"}],"about":[{"href":"https:\/\/xstone.group\/ro\/wp-json\/wp\/v2\/types\/product"}],"replies":[{"embeddable":true,"href":"https:\/\/xstone.group\/ro\/wp-json\/wp\/v2\/comments?post=23453"}],"wp:featuredmedia":[{"embeddable":true,"href":"https:\/\/xstone.group\/ro\/wp-json\/wp\/v2\/media\/23456"}],"wp:attachment":[{"href":"https:\/\/xstone.group\/ro\/wp-json\/wp\/v2\/media?parent=23453"}],"wp:term":[{"taxonomy":"product_brand","embeddable":true,"href":"https:\/\/xstone.group\/ro\/wp-json\/wp\/v2\/product_brand?post=23453"},{"taxonomy":"product_cat","embeddable":true,"href":"https:\/\/xstone.group\/ro\/wp-json\/wp\/v2\/product_cat?post=23453"},{"taxonomy":"product_tag","embeddable":true,"href":"https:\/\/xstone.group\/ro\/wp-json\/wp\/v2\/product_tag?post=23453"}],"curies":[{"name":"wp","href":"https:\/\/api.w.org\/{rel}","templated":true}]}}