{"id":24074,"date":"2026-01-14T13:51:35","date_gmt":"2026-01-14T13:51:35","guid":{"rendered":"https:\/\/xstone.group\/product\/cls-cizelat\/"},"modified":"2026-01-14T13:51:35","modified_gmt":"2026-01-14T13:51:35","slug":"cls-chiseled","status":"publish","type":"product","link":"https:\/\/xstone.group\/ro\/product\/cls-chiseled\/","title":{"rendered":"CLS | Cizelat"},"content":{"rendered":"<p>Chiseled este o suprafa\u021b\u0103 fin sculptat\u0103, definit\u0103 de stria\u021bii continue, sculptate manual, care traverseaz\u0103 materialul cu o precizie calm\u0103, cre\u00e2nd un sentiment de ritm, direc\u021bie \u0219i mi\u0219care lini\u0219tit\u0103. Fiecare linie pare inten\u021bionat\u0103, dar organic\u0103, evoc\u00e2nd gestul unui me\u0219ter care modeleaz\u0103 piatra cu m\u00e2ini sigure, rezult\u00e2nd o textur\u0103 care este at\u00e2t arhitectural\u0103, c\u00e2t \u0219i poetic\u0103, aduc\u00e2nd structur\u0103, elegan\u021b\u0103 \u0219i un sentiment subtil de curgere \u00een orice spa\u021biu. <\/p>\n","protected":false},"excerpt":{"rendered":"<p>Chiseled este o suprafa\u021b\u0103 fin sculptat\u0103, definit\u0103 de stria\u021bii continue, sculptate manual, care traverseaz\u0103 materialul cu o precizie calm\u0103, cre\u00e2nd un sentiment de ritm, direc\u021bie \u0219i mi\u0219care lini\u0219tit\u0103. Fiecare linie pare inten\u021bionat\u0103, dar organic\u0103, evoc\u00e2nd gestul unui me\u0219ter care modeleaz\u0103 piatra cu m\u00e2ini sigure, rezult\u00e2nd o textur\u0103 care este at\u00e2t arhitectural\u0103, c\u00e2t \u0219i poetic\u0103, aduc\u00e2nd [&hellip;]<\/p>\n","protected":false},"featured_media":24077,"comment_status":"open","ping_status":"closed","template":"","meta":{"_acf_changed":false,"_uag_custom_page_level_css":"","site-sidebar-layout":"default","site-content-layout":"","ast-site-content-layout":"default","site-content-style":"default","site-sidebar-style":"default","ast-global-header-display":"","ast-banner-title-visibility":"","ast-main-header-display":"","ast-hfb-above-header-display":"","ast-hfb-below-header-display":"","ast-hfb-mobile-header-display":"","site-post-title":"","ast-breadcrumbs-content":"","ast-featured-img":"","footer-sml-layout":"","theme-transparent-header-meta":"default","adv-header-id-meta":"","stick-header-meta":"default","header-above-stick-meta":"","header-main-stick-meta":"","header-below-stick-meta":"","astra-migrate-meta-layouts":"default","ast-page-background-enabled":"default","ast-page-background-meta":{"desktop":{"background-color":"var(--ast-global-color-4)","background-image":"","background-repeat":"repeat","background-position":"center center","background-size":"auto","background-attachment":"scroll","background-type":"","background-media":"","overlay-type":"","overlay-color":"","overlay-opacity":"","overlay-gradient":""},"tablet":{"background-color":"","background-image":"","background-repeat":"repeat","background-position":"center center","background-size":"auto","background-attachment":"scroll","background-type":"","background-media":"","overlay-type":"","overlay-color":"","overlay-opacity":"","overlay-gradient":""},"mobile":{"background-color":"","background-image":"","background-repeat":"repeat","background-position":"center center","background-size":"auto","background-attachment":"scroll","background-type":"","background-media":"","overlay-type":"","overlay-color":"","overlay-opacity":"","overlay-gradient":""}},"ast-content-background-meta":{"desktop":{"background-color":"var(--ast-global-color-5)","background-image":"","background-repeat":"repeat","background-position":"center center","background-size":"auto","background-attachment":"scroll","background-type":"","background-media":"","overlay-type":"","overlay-color":"","overlay-opacity":"","overlay-gradient":""},"tablet":{"background-color":"var(--ast-global-color-5)","background-image":"","background-repeat":"repeat","background-position":"center center","background-size":"auto","background-attachment":"scroll","background-type":"","background-media":"","overlay-type":"","overlay-color":"","overlay-opacity":"","overlay-gradient":""},"mobile":{"background-color":"var(--ast-global-color-5)","background-image":"","background-repeat":"repeat","background-position":"center center","background-size":"auto","background-attachment":"scroll","background-type":"","background-media":"","overlay-type":"","overlay-color":"","overlay-opacity":"","overlay-gradient":""}}},"product_brand":[],"product_cat":[6004,3589],"product_tag":[7058,7059,7056,7061,7054,7060],"class_list":{"0":"post-24074","1":"product","2":"type-product","3":"status-publish","4":"has-post-thumbnail","6":"product_cat-design","7":"product_cat-texture","8":"product_tag-decorative-stone-panel","9":"product_tag-modern-mineral-surface","10":"product_tag-sculpted-surface","11":"product_tag-comp-texture-16884","12":"product_tag-chiseled-stone-texture","13":"product_tag-linear-relief-texture","14":"desktop-align-left","15":"tablet-align-left","16":"mobile-align-left","18":"first","19":"instock","20":"shipping-taxable","21":"product-type-simple"},"acf":[],"yoast_head":"<!-- This site is optimized with the Yoast SEO Premium plugin v27.4 (Yoast SEO v27.4) - https:\/\/yoast.com\/product\/yoast-seo-premium-wordpress\/ -->\n<title>CLS | Cizelat - XSTONE<\/title>\n<meta name=\"description\" content=\"Explora\u021bi Chiseled, o textur\u0103 de piatr\u0103 liniar\u0103 rafinat\u0103 cu caneluri sculptate \u0219i ritm arhitectural pentru suprafe\u021be interioare \u0219i exterioare elegante.\" \/>\n<meta name=\"robots\" content=\"index, follow, max-snippet:-1, max-image-preview:large, max-video-preview:-1\" \/>\n<link rel=\"canonical\" href=\"https:\/\/xstone.group\/ro\/product\/cls-chiseled\/\" \/>\n<meta property=\"og:locale\" content=\"ro_RO\" \/>\n<meta property=\"og:type\" content=\"article\" \/>\n<meta property=\"og:title\" content=\"CLS | Cizelat\" \/>\n<meta property=\"og:description\" content=\"Explora\u021bi Chiseled, o textur\u0103 de piatr\u0103 liniar\u0103 rafinat\u0103 cu caneluri sculptate \u0219i ritm arhitectural pentru suprafe\u021be interioare \u0219i exterioare elegante.\" \/>\n<meta property=\"og:url\" content=\"https:\/\/xstone.group\/ro\/product\/cls-chiseled\/\" \/>\n<meta property=\"og:site_name\" content=\"XSTONE\" \/>\n<meta property=\"article:publisher\" content=\"https:\/\/www.facebook.com\/Xstonesurfaces1\/\" \/>\n<meta property=\"og:image\" content=\"https:\/\/xstone.group\/wp-content\/uploads\/2026\/01\/XStone-Texture-CSL.webp\" \/>\n\t<meta property=\"og:image:width\" content=\"1920\" \/>\n\t<meta property=\"og:image:height\" content=\"1920\" \/>\n\t<meta property=\"og:image:type\" content=\"image\/webp\" \/>\n<meta name=\"twitter:card\" content=\"summary_large_image\" \/>\n<script type=\"application\/ld+json\" class=\"yoast-schema-graph\">{\"@context\":\"https:\\\/\\\/schema.org\",\"@graph\":[{\"@type\":\"WebPage\",\"@id\":\"https:\\\/\\\/xstone.group\\\/ro\\\/product\\\/cls-chiseled\\\/\",\"url\":\"https:\\\/\\\/xstone.group\\\/ro\\\/product\\\/cls-chiseled\\\/\",\"name\":\"CLS | Cizelat - XSTONE\",\"isPartOf\":{\"@id\":\"https:\\\/\\\/xstone.group\\\/ro\\\/#website\"},\"primaryImageOfPage\":{\"@id\":\"https:\\\/\\\/xstone.group\\\/ro\\\/product\\\/cls-chiseled\\\/#primaryimage\"},\"image\":{\"@id\":\"https:\\\/\\\/xstone.group\\\/ro\\\/product\\\/cls-chiseled\\\/#primaryimage\"},\"thumbnailUrl\":\"https:\\\/\\\/xstone.group\\\/wp-content\\\/uploads\\\/2026\\\/01\\\/XStone-Texture-CSL.webp\",\"datePublished\":\"2026-01-14T13:51:35+00:00\",\"description\":\"Explora\u021bi Chiseled, o textur\u0103 de piatr\u0103 liniar\u0103 rafinat\u0103 cu caneluri sculptate \u0219i ritm arhitectural pentru suprafe\u021be interioare \u0219i exterioare elegante.\",\"breadcrumb\":{\"@id\":\"https:\\\/\\\/xstone.group\\\/ro\\\/product\\\/cls-chiseled\\\/#breadcrumb\"},\"inLanguage\":\"ro-RO\",\"potentialAction\":[{\"@type\":\"ReadAction\",\"target\":[\"https:\\\/\\\/xstone.group\\\/ro\\\/product\\\/cls-chiseled\\\/\"]}]},{\"@type\":\"ImageObject\",\"inLanguage\":\"ro-RO\",\"@id\":\"https:\\\/\\\/xstone.group\\\/ro\\\/product\\\/cls-chiseled\\\/#primaryimage\",\"url\":\"https:\\\/\\\/xstone.group\\\/wp-content\\\/uploads\\\/2026\\\/01\\\/XStone-Texture-CSL.webp\",\"contentUrl\":\"https:\\\/\\\/xstone.group\\\/wp-content\\\/uploads\\\/2026\\\/01\\\/XStone-Texture-CSL.webp\",\"width\":1920,\"height\":1920,\"caption\":\"XStone -Texture - Chiseled\"},{\"@type\":\"BreadcrumbList\",\"@id\":\"https:\\\/\\\/xstone.group\\\/ro\\\/product\\\/cls-chiseled\\\/#breadcrumb\",\"itemListElement\":[{\"@type\":\"ListItem\",\"position\":1,\"name\":\"Home\",\"item\":\"https:\\\/\\\/xstone.group\\\/ro\\\/\"},{\"@type\":\"ListItem\",\"position\":2,\"name\":\"Produse\",\"item\":\"https:\\\/\\\/xstone.group\\\/ro\\\/shop\\\/\"},{\"@type\":\"ListItem\",\"position\":3,\"name\":\"CLS | Cizelat\"}]},{\"@type\":\"WebSite\",\"@id\":\"https:\\\/\\\/xstone.group\\\/ro\\\/#website\",\"url\":\"https:\\\/\\\/xstone.group\\\/ro\\\/\",\"name\":\"XSTONE\",\"description\":\"Frumuse\u021be mineral\u0103 autentic\u0103 \u0219i nelimitat\u0103, nelegat\u0103 de gravita\u021bie\",\"potentialAction\":[{\"@type\":\"SearchAction\",\"target\":{\"@type\":\"EntryPoint\",\"urlTemplate\":\"https:\\\/\\\/xstone.group\\\/ro\\\/?s={search_term_string}\"},\"query-input\":{\"@type\":\"PropertyValueSpecification\",\"valueRequired\":true,\"valueName\":\"search_term_string\"}}],\"inLanguage\":\"ro-RO\"}]}<\/script>\n<!-- \/ Yoast SEO Premium plugin. -->","yoast_head_json":{"title":"CLS | Cizelat - XSTONE","description":"Explora\u021bi Chiseled, o textur\u0103 de piatr\u0103 liniar\u0103 rafinat\u0103 cu caneluri sculptate \u0219i ritm arhitectural pentru suprafe\u021be interioare \u0219i exterioare elegante.","robots":{"index":"index","follow":"follow","max-snippet":"max-snippet:-1","max-image-preview":"max-image-preview:large","max-video-preview":"max-video-preview:-1"},"canonical":"https:\/\/xstone.group\/ro\/product\/cls-chiseled\/","og_locale":"ro_RO","og_type":"article","og_title":"CLS | Cizelat","og_description":"Explora\u021bi Chiseled, o textur\u0103 de piatr\u0103 liniar\u0103 rafinat\u0103 cu caneluri sculptate \u0219i ritm arhitectural pentru suprafe\u021be interioare \u0219i exterioare elegante.","og_url":"https:\/\/xstone.group\/ro\/product\/cls-chiseled\/","og_site_name":"XSTONE","article_publisher":"https:\/\/www.facebook.com\/Xstonesurfaces1\/","og_image":[{"width":1920,"height":1920,"url":"https:\/\/xstone.group\/wp-content\/uploads\/2026\/01\/XStone-Texture-CSL.webp","type":"image\/webp"}],"twitter_card":"summary_large_image","schema":{"@context":"https:\/\/schema.org","@graph":[{"@type":"WebPage","@id":"https:\/\/xstone.group\/ro\/product\/cls-chiseled\/","url":"https:\/\/xstone.group\/ro\/product\/cls-chiseled\/","name":"CLS | Cizelat - XSTONE","isPartOf":{"@id":"https:\/\/xstone.group\/ro\/#website"},"primaryImageOfPage":{"@id":"https:\/\/xstone.group\/ro\/product\/cls-chiseled\/#primaryimage"},"image":{"@id":"https:\/\/xstone.group\/ro\/product\/cls-chiseled\/#primaryimage"},"thumbnailUrl":"https:\/\/xstone.group\/wp-content\/uploads\/2026\/01\/XStone-Texture-CSL.webp","datePublished":"2026-01-14T13:51:35+00:00","description":"Explora\u021bi Chiseled, o textur\u0103 de piatr\u0103 liniar\u0103 rafinat\u0103 cu caneluri sculptate \u0219i ritm arhitectural pentru suprafe\u021be interioare \u0219i exterioare elegante.","breadcrumb":{"@id":"https:\/\/xstone.group\/ro\/product\/cls-chiseled\/#breadcrumb"},"inLanguage":"ro-RO","potentialAction":[{"@type":"ReadAction","target":["https:\/\/xstone.group\/ro\/product\/cls-chiseled\/"]}]},{"@type":"ImageObject","inLanguage":"ro-RO","@id":"https:\/\/xstone.group\/ro\/product\/cls-chiseled\/#primaryimage","url":"https:\/\/xstone.group\/wp-content\/uploads\/2026\/01\/XStone-Texture-CSL.webp","contentUrl":"https:\/\/xstone.group\/wp-content\/uploads\/2026\/01\/XStone-Texture-CSL.webp","width":1920,"height":1920,"caption":"XStone -Texture - Chiseled"},{"@type":"BreadcrumbList","@id":"https:\/\/xstone.group\/ro\/product\/cls-chiseled\/#breadcrumb","itemListElement":[{"@type":"ListItem","position":1,"name":"Home","item":"https:\/\/xstone.group\/ro\/"},{"@type":"ListItem","position":2,"name":"Produse","item":"https:\/\/xstone.group\/ro\/shop\/"},{"@type":"ListItem","position":3,"name":"CLS | Cizelat"}]},{"@type":"WebSite","@id":"https:\/\/xstone.group\/ro\/#website","url":"https:\/\/xstone.group\/ro\/","name":"XSTONE","description":"Frumuse\u021be mineral\u0103 autentic\u0103 \u0219i nelimitat\u0103, nelegat\u0103 de gravita\u021bie","potentialAction":[{"@type":"SearchAction","target":{"@type":"EntryPoint","urlTemplate":"https:\/\/xstone.group\/ro\/?s={search_term_string}"},"query-input":{"@type":"PropertyValueSpecification","valueRequired":true,"valueName":"search_term_string"}}],"inLanguage":"ro-RO"}]}},"spectra_custom_meta":{"_last_translation_edit_mode":["translation-editor"],"_wcml_average_rating":[null],"_wcml_review_count":[null],"_wcml_rating_count":[null],"_yoast_wpseo_primary_product_cat":["317"],"_backorders":["no"],"_download_limit":["-1"],"_download_expiry":["-1"],"_downloadable":["no"],"_manage_stock":["no"],"_sku":["CLS"],"_stock_status":["instock"],"_sold_individually":["no"],"_tax_class":[""],"_tax_status":["taxable"],"_virtual":["no"],"total_sales":["0"],"_wpml_media_duplicate":["1"],"_wpml_media_featured":["1"],"stick-header-meta":["default"],"site-sidebar-layout":["default"],"theme-transparent-header-meta":["default"],"ast-site-content-layout":["default"],"site-content-style":["default"],"site-sidebar-style":["default"],"_yoast_wpseo_metadesc":["Explora\u021bi Chiseled, o textur\u0103 de piatr\u0103 liniar\u0103 rafinat\u0103 cu caneluri sculptate \u0219i ritm arhitectural pentru suprafe\u021be interioare \u0219i exterioare elegante."],"_yoast_wpseo_focuskw":["textur\u0103 de piatr\u0103 liniar\u0103 cizelat\u0103"],"_product_image_gallery":[""],"_thumbnail_id":["24077"],"_product_attributes":["a:3:{s:12:\"pa_thickness\";a:6:{s:4:\"name\";s:12:\"pa_thickness\";s:5:\"value\";s:0:\"\";s:8:\"position\";i:0;s:10:\"is_visible\";i:1;s:12:\"is_variation\";i:0;s:11:\"is_taxonomy\";i:1;}s:14:\"pa_composition\";a:6:{s:4:\"name\";s:14:\"pa_composition\";s:5:\"value\";s:0:\"\";s:8:\"position\";i:1;s:10:\"is_visible\";i:1;s:12:\"is_variation\";i:0;s:11:\"is_taxonomy\";i:1;}s:14:\"pa_fire-rating\";a:6:{s:4:\"name\";s:14:\"pa_fire-rating\";s:5:\"value\";s:0:\"\";s:8:\"position\";i:2;s:10:\"is_visible\";i:1;s:12:\"is_variation\";i:0;s:11:\"is_taxonomy\";i:1;}}"],"_wpml_word_count":["87"],"two_optimized_date":["1776558379"],"woolentor_views_count_product":["7"],"_uag_css_file_name":["uag-css-24074.css"],"_uag_js_file_name":["uag-js-24074.js"],"tp_widgets":["a:2:{s:7:\"widgets\";a:6:{i:0;s:18:\"plus-list-skeleton\";i:1;s:22:\"plus-listing-load-more\";i:2;s:18:\"plus-listing-metro\";i:3;s:18:\"tp-product-listout\";i:4;s:17:\"tp-single-style_1\";i:5;s:19:\"tp-woo-single-image\";}s:9:\"update_at\";s:10:\"1776541402\";}"],"_elementor_edit_mode":["builder"],"_selectproduct_layout":["16389"],"_elementor_page_assets":["a:0:{}"],"_elementor_css":["a:7:{s:4:\"time\";i:1776623603;s:5:\"fonts\";a:0:{}s:5:\"icons\";a:0:{}s:20:\"dynamic_elements_ids\";a:0:{}s:6:\"status\";s:5:\"empty\";i:0;s:0:\"\";s:3:\"css\";s:0:\"\";}"],"_wc_rating_count":[""],"_wc_review_count":[""],"_wc_average_rating":[0]},"uagb_featured_image_src":{"full":["https:\/\/xstone.group\/wp-content\/uploads\/2026\/01\/XStone-Texture-CSL.webp",1920,1920,false],"thumbnail":["https:\/\/xstone.group\/wp-content\/uploads\/2026\/01\/XStone-Texture-CSL-150x150.webp",150,150,true],"medium":["https:\/\/xstone.group\/wp-content\/uploads\/2026\/01\/XStone-Texture-CSL-300x300.webp",300,300,true],"medium_large":["https:\/\/xstone.group\/wp-content\/uploads\/2026\/01\/XStone-Texture-CSL-768x768.webp",768,768,true],"large":["https:\/\/xstone.group\/wp-content\/uploads\/2026\/01\/XStone-Texture-CSL-1024x1024.webp",1024,1024,true],"1536x1536":["https:\/\/xstone.group\/wp-content\/uploads\/2026\/01\/XStone-Texture-CSL-1536x1536.webp",1536,1536,true],"2048x2048":["https:\/\/xstone.group\/wp-content\/uploads\/2026\/01\/XStone-Texture-CSL.webp",1920,1920,false],"tp-image-grid":["https:\/\/xstone.group\/wp-content\/uploads\/2026\/01\/XStone-Texture-CSL-700x700.webp",700,700,true],"tenweb_optimizer_mobile":["https:\/\/xstone.group\/wp-content\/uploads\/2026\/01\/XStone-Texture-CSL-600x600.webp",600,600,true],"tenweb_optimizer_tablet":["https:\/\/xstone.group\/wp-content\/uploads\/2026\/01\/XStone-Texture-CSL-768x768.webp",768,768,true],"woocommerce_thumbnail":["https:\/\/xstone.group\/wp-content\/uploads\/2026\/01\/XStone-Texture-CSL-300x300.webp",300,300,true],"woocommerce_single":["https:\/\/xstone.group\/wp-content\/uploads\/2026\/01\/XStone-Texture-CSL-600x600.webp",600,600,true],"woocommerce_gallery_thumbnail":["https:\/\/xstone.group\/wp-content\/uploads\/2026\/01\/XStone-Texture-CSL-100x100.webp",100,100,true]},"uagb_author_info":{"display_name":"laurent.gomez@xstone.group","author_link":"https:\/\/xstone.group\/ro\/author\/"},"uagb_comment_info":0,"uagb_excerpt":"Chiseled este o suprafa\u021b\u0103 fin sculptat\u0103, definit\u0103 de stria\u021bii continue, sculptate manual, care traverseaz\u0103 materialul cu o precizie calm\u0103, cre\u00e2nd un sentiment de ritm, direc\u021bie \u0219i mi\u0219care lini\u0219tit\u0103. Fiecare linie pare inten\u021bionat\u0103, dar organic\u0103, evoc\u00e2nd gestul unui me\u0219ter care modeleaz\u0103 piatra cu m\u00e2ini sigure, rezult\u00e2nd o textur\u0103 care este at\u00e2t arhitectural\u0103, c\u00e2t \u0219i poetic\u0103, aduc\u00e2nd&hellip;","_links":{"self":[{"href":"https:\/\/xstone.group\/ro\/wp-json\/wp\/v2\/product\/24074","targetHints":{"allow":["GET"]}}],"collection":[{"href":"https:\/\/xstone.group\/ro\/wp-json\/wp\/v2\/product"}],"about":[{"href":"https:\/\/xstone.group\/ro\/wp-json\/wp\/v2\/types\/product"}],"replies":[{"embeddable":true,"href":"https:\/\/xstone.group\/ro\/wp-json\/wp\/v2\/comments?post=24074"}],"wp:featuredmedia":[{"embeddable":true,"href":"https:\/\/xstone.group\/ro\/wp-json\/wp\/v2\/media\/24077"}],"wp:attachment":[{"href":"https:\/\/xstone.group\/ro\/wp-json\/wp\/v2\/media?parent=24074"}],"wp:term":[{"taxonomy":"product_brand","embeddable":true,"href":"https:\/\/xstone.group\/ro\/wp-json\/wp\/v2\/product_brand?post=24074"},{"taxonomy":"product_cat","embeddable":true,"href":"https:\/\/xstone.group\/ro\/wp-json\/wp\/v2\/product_cat?post=24074"},{"taxonomy":"product_tag","embeddable":true,"href":"https:\/\/xstone.group\/ro\/wp-json\/wp\/v2\/product_tag?post=24074"}],"curies":[{"name":"wp","href":"https:\/\/api.w.org\/{rel}","templated":true}]}}