{"id":24152,"date":"2026-01-14T14:44:54","date_gmt":"2026-01-14T14:44:54","guid":{"rendered":"https:\/\/xstone.group\/product\/man-mandala\/"},"modified":"2026-01-14T14:44:54","modified_gmt":"2026-01-14T14:44:54","slug":"man-mandala","status":"publish","type":"product","link":"https:\/\/xstone.group\/ro\/product\/man-mandala\/","title":{"rendered":"MAN | Mandala"},"content":{"rendered":"<p>Mandala este o suprafa\u021b\u0103 ornamental\u0103 sculptat\u0103 \u00een care arabescurile curg\u0103toare \u0219i motivele simetrice se desf\u0103\u0219oar\u0103 cu o armonie lini\u0219tit\u0103, cre\u00e2nd un sentiment de echilibru, ritm \u0219i frumuse\u021be contemplativ\u0103. Modelele sale \u00een relief se simt sculptate delicat \u00een material, evoc\u00e2nd m\u0103iestria, tradi\u021bia \u0219i un calm meditativ, av\u00e2nd \u00een acela\u0219i timp o prezen\u021b\u0103 arhitectural\u0103 rafinat\u0103 care aduce elegan\u021b\u0103, profunzime \u0219i semnifica\u021bie \u00een orice spa\u021biu. <\/p>\n","protected":false},"excerpt":{"rendered":"<p>Mandala este o suprafa\u021b\u0103 ornamental\u0103 sculptat\u0103 \u00een care arabescurile curg\u0103toare \u0219i motivele simetrice se desf\u0103\u0219oar\u0103 cu o armonie lini\u0219tit\u0103, cre\u00e2nd un sentiment de echilibru, ritm \u0219i frumuse\u021be contemplativ\u0103. Modelele sale \u00een relief se simt sculptate delicat \u00een material, evoc\u00e2nd m\u0103iestria, tradi\u021bia \u0219i un calm meditativ, av\u00e2nd \u00een acela\u0219i timp o prezen\u021b\u0103 arhitectural\u0103 rafinat\u0103 care aduce [&hellip;]<\/p>\n","protected":false},"featured_media":24155,"comment_status":"open","ping_status":"closed","template":"","meta":{"_acf_changed":false,"_uag_custom_page_level_css":"","site-sidebar-layout":"default","site-content-layout":"","ast-site-content-layout":"default","site-content-style":"default","site-sidebar-style":"default","ast-global-header-display":"","ast-banner-title-visibility":"","ast-main-header-display":"","ast-hfb-above-header-display":"","ast-hfb-below-header-display":"","ast-hfb-mobile-header-display":"","site-post-title":"","ast-breadcrumbs-content":"","ast-featured-img":"","footer-sml-layout":"","theme-transparent-header-meta":"default","adv-header-id-meta":"","stick-header-meta":"default","header-above-stick-meta":"","header-main-stick-meta":"","header-below-stick-meta":"","astra-migrate-meta-layouts":"default","ast-page-background-enabled":"default","ast-page-background-meta":{"desktop":{"background-color":"var(--ast-global-color-4)","background-image":"","background-repeat":"repeat","background-position":"center center","background-size":"auto","background-attachment":"scroll","background-type":"","background-media":"","overlay-type":"","overlay-color":"","overlay-opacity":"","overlay-gradient":""},"tablet":{"background-color":"","background-image":"","background-repeat":"repeat","background-position":"center center","background-size":"auto","background-attachment":"scroll","background-type":"","background-media":"","overlay-type":"","overlay-color":"","overlay-opacity":"","overlay-gradient":""},"mobile":{"background-color":"","background-image":"","background-repeat":"repeat","background-position":"center center","background-size":"auto","background-attachment":"scroll","background-type":"","background-media":"","overlay-type":"","overlay-color":"","overlay-opacity":"","overlay-gradient":""}},"ast-content-background-meta":{"desktop":{"background-color":"var(--ast-global-color-5)","background-image":"","background-repeat":"repeat","background-position":"center center","background-size":"auto","background-attachment":"scroll","background-type":"","background-media":"","overlay-type":"","overlay-color":"","overlay-opacity":"","overlay-gradient":""},"tablet":{"background-color":"var(--ast-global-color-5)","background-image":"","background-repeat":"repeat","background-position":"center center","background-size":"auto","background-attachment":"scroll","background-type":"","background-media":"","overlay-type":"","overlay-color":"","overlay-opacity":"","overlay-gradient":""},"mobile":{"background-color":"var(--ast-global-color-5)","background-image":"","background-repeat":"repeat","background-position":"center center","background-size":"auto","background-attachment":"scroll","background-type":"","background-media":"","overlay-type":"","overlay-color":"","overlay-opacity":"","overlay-gradient":""}}},"product_brand":[],"product_cat":[6004,3589],"product_tag":[7222,7219,7218,7220,7224,7217,5168,7216],"class_list":{"0":"post-24152","1":"product","2":"type-product","3":"status-publish","4":"has-post-thumbnail","6":"product_cat-design","7":"product_cat-texture","8":"product_tag-textured-wall-art","9":"product_tag-sculpted-wall-design","10":"product_tag-arabesque-pattern","11":"product_tag-architectural-ornament","12":"product_tag-patterned-wall-relief","13":"product_tag-ornamental-surface","14":"product_tag-comp-texture-16896","15":"product_tag-mandala-wall-texture","16":"desktop-align-left","17":"tablet-align-left","18":"mobile-align-left","20":"first","21":"instock","22":"shipping-taxable","23":"product-type-simple"},"acf":[],"yoast_head":"<!-- This site is optimized with the Yoast SEO Premium plugin v27.4 (Yoast SEO v27.4) - https:\/\/yoast.com\/product\/yoast-seo-premium-wordpress\/ -->\n<title>MAN | Mandala - XSTONE<\/title>\n<meta name=\"description\" content=\"Descoperi\u021bi Mandala, o textur\u0103 decorativ\u0103 de perete cu modele arabesce sculptate \u0219i relief armonios, ideal\u0103 pentru un design interior elegant \u0219i contemplativ.\" \/>\n<meta name=\"robots\" content=\"index, follow, max-snippet:-1, max-image-preview:large, max-video-preview:-1\" \/>\n<link rel=\"canonical\" href=\"https:\/\/xstone.group\/ro\/product\/man-mandala\/\" \/>\n<meta property=\"og:locale\" content=\"ro_RO\" \/>\n<meta property=\"og:type\" content=\"article\" \/>\n<meta property=\"og:title\" content=\"MAN | Mandala\" \/>\n<meta property=\"og:description\" content=\"Descoperi\u021bi Mandala, o textur\u0103 decorativ\u0103 de perete cu modele arabesce sculptate \u0219i relief armonios, ideal\u0103 pentru un design interior elegant \u0219i contemplativ.\" \/>\n<meta property=\"og:url\" content=\"https:\/\/xstone.group\/ro\/product\/man-mandala\/\" \/>\n<meta property=\"og:site_name\" content=\"XSTONE\" \/>\n<meta property=\"article:publisher\" content=\"https:\/\/www.facebook.com\/Xstonesurfaces1\/\" \/>\n<meta property=\"og:image\" content=\"https:\/\/xstone.group\/wp-content\/uploads\/2026\/01\/XSTONE-MAN-Mandala.webp\" \/>\n\t<meta property=\"og:image:width\" content=\"854\" \/>\n\t<meta property=\"og:image:height\" content=\"854\" \/>\n\t<meta property=\"og:image:type\" content=\"image\/webp\" \/>\n<meta name=\"twitter:card\" content=\"summary_large_image\" \/>\n<script type=\"application\/ld+json\" class=\"yoast-schema-graph\">{\"@context\":\"https:\\\/\\\/schema.org\",\"@graph\":[{\"@type\":\"WebPage\",\"@id\":\"https:\\\/\\\/xstone.group\\\/ro\\\/product\\\/man-mandala\\\/\",\"url\":\"https:\\\/\\\/xstone.group\\\/ro\\\/product\\\/man-mandala\\\/\",\"name\":\"MAN | Mandala - XSTONE\",\"isPartOf\":{\"@id\":\"https:\\\/\\\/xstone.group\\\/ro\\\/#website\"},\"primaryImageOfPage\":{\"@id\":\"https:\\\/\\\/xstone.group\\\/ro\\\/product\\\/man-mandala\\\/#primaryimage\"},\"image\":{\"@id\":\"https:\\\/\\\/xstone.group\\\/ro\\\/product\\\/man-mandala\\\/#primaryimage\"},\"thumbnailUrl\":\"https:\\\/\\\/xstone.group\\\/wp-content\\\/uploads\\\/2026\\\/01\\\/XSTONE-MAN-Mandala.webp\",\"datePublished\":\"2026-01-14T14:44:54+00:00\",\"description\":\"Descoperi\u021bi Mandala, o textur\u0103 decorativ\u0103 de perete cu modele arabesce sculptate \u0219i relief armonios, ideal\u0103 pentru un design interior elegant \u0219i contemplativ.\",\"breadcrumb\":{\"@id\":\"https:\\\/\\\/xstone.group\\\/ro\\\/product\\\/man-mandala\\\/#breadcrumb\"},\"inLanguage\":\"ro-RO\",\"potentialAction\":[{\"@type\":\"ReadAction\",\"target\":[\"https:\\\/\\\/xstone.group\\\/ro\\\/product\\\/man-mandala\\\/\"]}]},{\"@type\":\"ImageObject\",\"inLanguage\":\"ro-RO\",\"@id\":\"https:\\\/\\\/xstone.group\\\/ro\\\/product\\\/man-mandala\\\/#primaryimage\",\"url\":\"https:\\\/\\\/xstone.group\\\/wp-content\\\/uploads\\\/2026\\\/01\\\/XSTONE-MAN-Mandala.webp\",\"contentUrl\":\"https:\\\/\\\/xstone.group\\\/wp-content\\\/uploads\\\/2026\\\/01\\\/XSTONE-MAN-Mandala.webp\",\"width\":854,\"height\":854,\"caption\":\"XSTONE - MAN - Mandala\"},{\"@type\":\"BreadcrumbList\",\"@id\":\"https:\\\/\\\/xstone.group\\\/ro\\\/product\\\/man-mandala\\\/#breadcrumb\",\"itemListElement\":[{\"@type\":\"ListItem\",\"position\":1,\"name\":\"Home\",\"item\":\"https:\\\/\\\/xstone.group\\\/ro\\\/\"},{\"@type\":\"ListItem\",\"position\":2,\"name\":\"Produse\",\"item\":\"https:\\\/\\\/xstone.group\\\/ro\\\/shop\\\/\"},{\"@type\":\"ListItem\",\"position\":3,\"name\":\"MAN | Mandala\"}]},{\"@type\":\"WebSite\",\"@id\":\"https:\\\/\\\/xstone.group\\\/ro\\\/#website\",\"url\":\"https:\\\/\\\/xstone.group\\\/ro\\\/\",\"name\":\"XSTONE\",\"description\":\"Frumuse\u021be mineral\u0103 autentic\u0103 \u0219i nelimitat\u0103, nelegat\u0103 de gravita\u021bie\",\"potentialAction\":[{\"@type\":\"SearchAction\",\"target\":{\"@type\":\"EntryPoint\",\"urlTemplate\":\"https:\\\/\\\/xstone.group\\\/ro\\\/?s={search_term_string}\"},\"query-input\":{\"@type\":\"PropertyValueSpecification\",\"valueRequired\":true,\"valueName\":\"search_term_string\"}}],\"inLanguage\":\"ro-RO\"}]}<\/script>\n<!-- \/ Yoast SEO Premium plugin. -->","yoast_head_json":{"title":"MAN | Mandala - XSTONE","description":"Descoperi\u021bi Mandala, o textur\u0103 decorativ\u0103 de perete cu modele arabesce sculptate \u0219i relief armonios, ideal\u0103 pentru un design interior elegant \u0219i contemplativ.","robots":{"index":"index","follow":"follow","max-snippet":"max-snippet:-1","max-image-preview":"max-image-preview:large","max-video-preview":"max-video-preview:-1"},"canonical":"https:\/\/xstone.group\/ro\/product\/man-mandala\/","og_locale":"ro_RO","og_type":"article","og_title":"MAN | Mandala","og_description":"Descoperi\u021bi Mandala, o textur\u0103 decorativ\u0103 de perete cu modele arabesce sculptate \u0219i relief armonios, ideal\u0103 pentru un design interior elegant \u0219i contemplativ.","og_url":"https:\/\/xstone.group\/ro\/product\/man-mandala\/","og_site_name":"XSTONE","article_publisher":"https:\/\/www.facebook.com\/Xstonesurfaces1\/","og_image":[{"width":854,"height":854,"url":"https:\/\/xstone.group\/wp-content\/uploads\/2026\/01\/XSTONE-MAN-Mandala.webp","type":"image\/webp"}],"twitter_card":"summary_large_image","schema":{"@context":"https:\/\/schema.org","@graph":[{"@type":"WebPage","@id":"https:\/\/xstone.group\/ro\/product\/man-mandala\/","url":"https:\/\/xstone.group\/ro\/product\/man-mandala\/","name":"MAN | Mandala - XSTONE","isPartOf":{"@id":"https:\/\/xstone.group\/ro\/#website"},"primaryImageOfPage":{"@id":"https:\/\/xstone.group\/ro\/product\/man-mandala\/#primaryimage"},"image":{"@id":"https:\/\/xstone.group\/ro\/product\/man-mandala\/#primaryimage"},"thumbnailUrl":"https:\/\/xstone.group\/wp-content\/uploads\/2026\/01\/XSTONE-MAN-Mandala.webp","datePublished":"2026-01-14T14:44:54+00:00","description":"Descoperi\u021bi Mandala, o textur\u0103 decorativ\u0103 de perete cu modele arabesce sculptate \u0219i relief armonios, ideal\u0103 pentru un design interior elegant \u0219i contemplativ.","breadcrumb":{"@id":"https:\/\/xstone.group\/ro\/product\/man-mandala\/#breadcrumb"},"inLanguage":"ro-RO","potentialAction":[{"@type":"ReadAction","target":["https:\/\/xstone.group\/ro\/product\/man-mandala\/"]}]},{"@type":"ImageObject","inLanguage":"ro-RO","@id":"https:\/\/xstone.group\/ro\/product\/man-mandala\/#primaryimage","url":"https:\/\/xstone.group\/wp-content\/uploads\/2026\/01\/XSTONE-MAN-Mandala.webp","contentUrl":"https:\/\/xstone.group\/wp-content\/uploads\/2026\/01\/XSTONE-MAN-Mandala.webp","width":854,"height":854,"caption":"XSTONE - MAN - Mandala"},{"@type":"BreadcrumbList","@id":"https:\/\/xstone.group\/ro\/product\/man-mandala\/#breadcrumb","itemListElement":[{"@type":"ListItem","position":1,"name":"Home","item":"https:\/\/xstone.group\/ro\/"},{"@type":"ListItem","position":2,"name":"Produse","item":"https:\/\/xstone.group\/ro\/shop\/"},{"@type":"ListItem","position":3,"name":"MAN | Mandala"}]},{"@type":"WebSite","@id":"https:\/\/xstone.group\/ro\/#website","url":"https:\/\/xstone.group\/ro\/","name":"XSTONE","description":"Frumuse\u021be mineral\u0103 autentic\u0103 \u0219i nelimitat\u0103, nelegat\u0103 de gravita\u021bie","potentialAction":[{"@type":"SearchAction","target":{"@type":"EntryPoint","urlTemplate":"https:\/\/xstone.group\/ro\/?s={search_term_string}"},"query-input":{"@type":"PropertyValueSpecification","valueRequired":true,"valueName":"search_term_string"}}],"inLanguage":"ro-RO"}]}},"spectra_custom_meta":{"_last_translation_edit_mode":["translation-editor"],"_wcml_average_rating":[null],"_wcml_review_count":[null],"_wcml_rating_count":[null],"_yoast_wpseo_primary_product_cat":["317"],"_backorders":["no"],"_download_limit":["-1"],"_download_expiry":["-1"],"_downloadable":["no"],"_manage_stock":["no"],"_sku":["MAN"],"_stock_status":["instock"],"_sold_individually":["no"],"_tax_class":[""],"_tax_status":["taxable"],"_virtual":["no"],"total_sales":["0"],"_wpml_media_duplicate":["1"],"_wpml_media_featured":["1"],"stick-header-meta":["default"],"site-sidebar-layout":["default"],"theme-transparent-header-meta":["default"],"ast-site-content-layout":["default"],"site-content-style":["default"],"site-sidebar-style":["default"],"_yoast_wpseo_metadesc":["Descoperi\u021bi Mandala, o textur\u0103 decorativ\u0103 de perete cu modele arabesce sculptate \u0219i relief armonios, ideal\u0103 pentru un design interior elegant \u0219i contemplativ."],"_yoast_wpseo_focuskw":["mandala ornamentale textura de perete"],"_product_image_gallery":[""],"_thumbnail_id":["24155"],"_product_attributes":["a:3:{s:12:\"pa_thickness\";a:6:{s:4:\"name\";s:12:\"pa_thickness\";s:5:\"value\";s:0:\"\";s:8:\"position\";i:0;s:10:\"is_visible\";i:1;s:12:\"is_variation\";i:0;s:11:\"is_taxonomy\";i:1;}s:14:\"pa_composition\";a:6:{s:4:\"name\";s:14:\"pa_composition\";s:5:\"value\";s:0:\"\";s:8:\"position\";i:1;s:10:\"is_visible\";i:1;s:12:\"is_variation\";i:0;s:11:\"is_taxonomy\";i:1;}s:14:\"pa_fire-rating\";a:6:{s:4:\"name\";s:14:\"pa_fire-rating\";s:5:\"value\";s:0:\"\";s:8:\"position\";i:2;s:10:\"is_visible\";i:1;s:12:\"is_variation\";i:0;s:11:\"is_taxonomy\";i:1;}}"],"_wpml_word_count":["85"],"two_optimized_date":["1776455565"],"woolentor_views_count_product":["5"],"_uag_css_file_name":["uag-css-24152.css"],"_uag_js_file_name":["uag-js-24152.js"],"tp_widgets":["a:2:{s:7:\"widgets\";a:6:{i:0;s:18:\"plus-list-skeleton\";i:1;s:22:\"plus-listing-load-more\";i:2;s:18:\"plus-listing-metro\";i:3;s:18:\"tp-product-listout\";i:4;s:17:\"tp-single-style_1\";i:5;s:19:\"tp-woo-single-image\";}s:9:\"update_at\";s:10:\"1776541402\";}"],"_elementor_edit_mode":["builder"],"_selectproduct_layout":["16389"],"_wc_rating_count":[""],"_wc_review_count":[""],"_wc_average_rating":[0]},"uagb_featured_image_src":{"full":["https:\/\/xstone.group\/wp-content\/uploads\/2026\/01\/XSTONE-MAN-Mandala.webp",854,854,false],"thumbnail":["https:\/\/xstone.group\/wp-content\/uploads\/2026\/01\/XSTONE-MAN-Mandala-150x150.webp",150,150,true],"medium":["https:\/\/xstone.group\/wp-content\/uploads\/2026\/01\/XSTONE-MAN-Mandala-300x300.webp",300,300,true],"medium_large":["https:\/\/xstone.group\/wp-content\/uploads\/2026\/01\/XSTONE-MAN-Mandala-768x768.webp",768,768,true],"large":["https:\/\/xstone.group\/wp-content\/uploads\/2026\/01\/XSTONE-MAN-Mandala.webp",854,854,false],"1536x1536":["https:\/\/xstone.group\/wp-content\/uploads\/2026\/01\/XSTONE-MAN-Mandala.webp",854,854,false],"2048x2048":["https:\/\/xstone.group\/wp-content\/uploads\/2026\/01\/XSTONE-MAN-Mandala.webp",854,854,false],"tp-image-grid":["https:\/\/xstone.group\/wp-content\/uploads\/2026\/01\/XSTONE-MAN-Mandala-700x700.webp",700,700,true],"tenweb_optimizer_mobile":["https:\/\/xstone.group\/wp-content\/uploads\/2026\/01\/XSTONE-MAN-Mandala-600x600.webp",600,600,true],"tenweb_optimizer_tablet":["https:\/\/xstone.group\/wp-content\/uploads\/2026\/01\/XSTONE-MAN-Mandala-768x768.webp",768,768,true],"woocommerce_thumbnail":["https:\/\/xstone.group\/wp-content\/uploads\/2026\/01\/XSTONE-MAN-Mandala-300x300.webp",300,300,true],"woocommerce_single":["https:\/\/xstone.group\/wp-content\/uploads\/2026\/01\/XSTONE-MAN-Mandala-600x600.webp",600,600,true],"woocommerce_gallery_thumbnail":["https:\/\/xstone.group\/wp-content\/uploads\/2026\/01\/XSTONE-MAN-Mandala-100x100.webp",100,100,true]},"uagb_author_info":{"display_name":"laurent.gomez@xstone.group","author_link":"https:\/\/xstone.group\/ro\/author\/"},"uagb_comment_info":0,"uagb_excerpt":"Mandala este o suprafa\u021b\u0103 ornamental\u0103 sculptat\u0103 \u00een care arabescurile curg\u0103toare \u0219i motivele simetrice se desf\u0103\u0219oar\u0103 cu o armonie lini\u0219tit\u0103, cre\u00e2nd un sentiment de echilibru, ritm \u0219i frumuse\u021be contemplativ\u0103. Modelele sale \u00een relief se simt sculptate delicat \u00een material, evoc\u00e2nd m\u0103iestria, tradi\u021bia \u0219i un calm meditativ, av\u00e2nd \u00een acela\u0219i timp o prezen\u021b\u0103 arhitectural\u0103 rafinat\u0103 care aduce&hellip;","_links":{"self":[{"href":"https:\/\/xstone.group\/ro\/wp-json\/wp\/v2\/product\/24152","targetHints":{"allow":["GET"]}}],"collection":[{"href":"https:\/\/xstone.group\/ro\/wp-json\/wp\/v2\/product"}],"about":[{"href":"https:\/\/xstone.group\/ro\/wp-json\/wp\/v2\/types\/product"}],"replies":[{"embeddable":true,"href":"https:\/\/xstone.group\/ro\/wp-json\/wp\/v2\/comments?post=24152"}],"wp:featuredmedia":[{"embeddable":true,"href":"https:\/\/xstone.group\/ro\/wp-json\/wp\/v2\/media\/24155"}],"wp:attachment":[{"href":"https:\/\/xstone.group\/ro\/wp-json\/wp\/v2\/media?parent=24152"}],"wp:term":[{"taxonomy":"product_brand","embeddable":true,"href":"https:\/\/xstone.group\/ro\/wp-json\/wp\/v2\/product_brand?post=24152"},{"taxonomy":"product_cat","embeddable":true,"href":"https:\/\/xstone.group\/ro\/wp-json\/wp\/v2\/product_cat?post=24152"},{"taxonomy":"product_tag","embeddable":true,"href":"https:\/\/xstone.group\/ro\/wp-json\/wp\/v2\/product_tag?post=24152"}],"curies":[{"name":"wp","href":"https:\/\/api.w.org\/{rel}","templated":true}]}}