{"id":24753,"date":"2025-11-28T14:35:53","date_gmt":"2025-11-28T14:35:53","guid":{"rendered":"https:\/\/xstone.group\/product\/10004-gri-deschis\/"},"modified":"2025-11-28T14:35:53","modified_gmt":"2025-11-28T14:35:53","slug":"10004-light-grey","status":"publish","type":"product","link":"https:\/\/xstone.group\/ro\/product\/10004-light-grey\/","title":{"rendered":"10004 | Gri deschis"},"content":{"rendered":"<p>Este un gri deschis foarte moale, aproape l\u0103ptos, care capteaz\u0103 lumina f\u0103r\u0103 a deveni niciodat\u0103 alb. Nuan\u021ba sa este subtil\u0103, nici rece, nici alb\u0103struie, ci u\u0219or temperat\u0103 de o atingere mineral\u0103 care \u00eei confer\u0103 profunzime. Acest gri evoc\u0103 piatra palid\u0103, cea\u021ba luminoas\u0103 sau un cer u\u0219or acoperit la sf\u00e2r\u0219itul dimine\u021bii, cre\u00e2nd un sentiment de calm, neutralitate elegant\u0103 \u0219i lejeritate. Aduce o atmosfer\u0103 lini\u0219titoare, rafinat\u0103 \u0219i discret\u0103, ideal\u0103 ca fundal lini\u0219tit care pune \u00een valoare materialele, formele \u0219i alte culori f\u0103r\u0103 a le domina vreodat\u0103.   <\/p>\n","protected":false},"excerpt":{"rendered":"<p>Este un gri deschis foarte moale, aproape l\u0103ptos, care capteaz\u0103 lumina f\u0103r\u0103 a deveni niciodat\u0103 alb. Nuan\u021ba sa este subtil\u0103, nici rece, nici alb\u0103struie, ci u\u0219or temperat\u0103 de o atingere mineral\u0103 care \u00eei confer\u0103 profunzime. Acest gri evoc\u0103 piatra palid\u0103, cea\u021ba luminoas\u0103 sau un cer u\u0219or acoperit la sf\u00e2r\u0219itul dimine\u021bii, cre\u00e2nd un sentiment de calm, [&hellip;]<\/p>\n","protected":false},"featured_media":24756,"comment_status":"open","ping_status":"closed","template":"","meta":{"_acf_changed":false,"_uag_custom_page_level_css":"","site-sidebar-layout":"default","site-content-layout":"","ast-site-content-layout":"default","site-content-style":"default","site-sidebar-style":"default","ast-global-header-display":"","ast-banner-title-visibility":"","ast-main-header-display":"","ast-hfb-above-header-display":"","ast-hfb-below-header-display":"","ast-hfb-mobile-header-display":"","site-post-title":"","ast-breadcrumbs-content":"","ast-featured-img":"","footer-sml-layout":"","theme-transparent-header-meta":"default","adv-header-id-meta":"","stick-header-meta":"default","header-above-stick-meta":"","header-main-stick-meta":"","header-below-stick-meta":"","astra-migrate-meta-layouts":"default","ast-page-background-enabled":"default","ast-page-background-meta":{"desktop":{"background-color":"var(--ast-global-color-4)","background-image":"","background-repeat":"repeat","background-position":"center center","background-size":"auto","background-attachment":"scroll","background-type":"","background-media":"","overlay-type":"","overlay-color":"","overlay-opacity":"","overlay-gradient":""},"tablet":{"background-color":"","background-image":"","background-repeat":"repeat","background-position":"center center","background-size":"auto","background-attachment":"scroll","background-type":"","background-media":"","overlay-type":"","overlay-color":"","overlay-opacity":"","overlay-gradient":""},"mobile":{"background-color":"","background-image":"","background-repeat":"repeat","background-position":"center center","background-size":"auto","background-attachment":"scroll","background-type":"","background-media":"","overlay-type":"","overlay-color":"","overlay-opacity":"","overlay-gradient":""}},"ast-content-background-meta":{"desktop":{"background-color":"var(--ast-global-color-5)","background-image":"","background-repeat":"repeat","background-position":"center center","background-size":"auto","background-attachment":"scroll","background-type":"","background-media":"","overlay-type":"","overlay-color":"","overlay-opacity":"","overlay-gradient":""},"tablet":{"background-color":"var(--ast-global-color-5)","background-image":"","background-repeat":"repeat","background-position":"center center","background-size":"auto","background-attachment":"scroll","background-type":"","background-media":"","overlay-type":"","overlay-color":"","overlay-opacity":"","overlay-gradient":""},"mobile":{"background-color":"var(--ast-global-color-5)","background-image":"","background-repeat":"repeat","background-position":"center center","background-size":"auto","background-attachment":"scroll","background-type":"","background-media":"","overlay-type":"","overlay-color":"","overlay-opacity":"","overlay-gradient":""}}},"product_brand":[],"product_cat":[2389,2392,4402],"product_tag":[1700,5495,8355,8348,8352,8346,8353,8350,8357,8354,8356,8359],"class_list":{"0":"post-24753","1":"product","2":"type-product","3":"status-publish","4":"has-post-thumbnail","6":"product_cat-color","7":"product_cat-grey","8":"product_cat-tone-on-tone","9":"product_tag-comp-color-15392","10":"product_tag-calming-color","11":"product_tag-minimalist-color","12":"product_tag-soft-light-grey","13":"product_tag-mineral-grey","14":"product_tag-light-mineral-grey","15":"product_tag-neutral-grey","16":"product_tag-pale-grey","17":"product_tag-stone-grey","18":"product_tag-subtle-grey","19":"product_tag-modern-neutral","20":"product_tag-plaster-grey","21":"desktop-align-left","22":"tablet-align-left","23":"mobile-align-left","25":"first","26":"instock","27":"shipping-taxable","28":"product-type-simple"},"acf":[],"yoast_head":"<!-- This site is optimized with the Yoast SEO Premium plugin v27.4 (Yoast SEO v27.4) - https:\/\/yoast.com\/product\/yoast-seo-premium-wordpress\/ -->\n<title>10004 | Gri deschis - XSTONE<\/title>\n<meta name=\"description\" content=\"Un gri deschis, moale, cu un ton mineral subtil care reflect\u0103 u\u0219or lumina, cre\u00e2nd o atmosfer\u0103 calm\u0103, rafinat\u0103 \u0219i elegant\u0103 pentru spa\u021biile moderne, minimaliste.\" \/>\n<meta name=\"robots\" content=\"index, follow, max-snippet:-1, max-image-preview:large, max-video-preview:-1\" \/>\n<link rel=\"canonical\" href=\"https:\/\/xstone.group\/ro\/product\/10004-light-grey\/\" \/>\n<meta property=\"og:locale\" content=\"ro_RO\" \/>\n<meta property=\"og:type\" content=\"article\" \/>\n<meta property=\"og:title\" content=\"10004 | Gri deschis\" \/>\n<meta property=\"og:description\" content=\"Un gri deschis, moale, cu un ton mineral subtil care reflect\u0103 u\u0219or lumina, cre\u00e2nd o atmosfer\u0103 calm\u0103, rafinat\u0103 \u0219i elegant\u0103 pentru spa\u021biile moderne, minimaliste.\" \/>\n<meta property=\"og:url\" content=\"https:\/\/xstone.group\/ro\/product\/10004-light-grey\/\" \/>\n<meta property=\"og:site_name\" content=\"XSTONE\" \/>\n<meta property=\"article:publisher\" content=\"https:\/\/www.facebook.com\/Xstonesurfaces1\/\" \/>\n<meta property=\"og:image\" content=\"https:\/\/xstone.group\/wp-content\/uploads\/2025\/11\/10004-scaled.webp\" \/>\n\t<meta property=\"og:image:width\" content=\"2560\" \/>\n\t<meta property=\"og:image:height\" content=\"1706\" \/>\n\t<meta property=\"og:image:type\" content=\"image\/webp\" \/>\n<meta name=\"twitter:card\" content=\"summary_large_image\" \/>\n<script type=\"application\/ld+json\" class=\"yoast-schema-graph\">{\"@context\":\"https:\\\/\\\/schema.org\",\"@graph\":[{\"@type\":\"WebPage\",\"@id\":\"https:\\\/\\\/xstone.group\\\/ro\\\/product\\\/10004-light-grey\\\/\",\"url\":\"https:\\\/\\\/xstone.group\\\/ro\\\/product\\\/10004-light-grey\\\/\",\"name\":\"10004 | Gri deschis - XSTONE\",\"isPartOf\":{\"@id\":\"https:\\\/\\\/xstone.group\\\/ro\\\/#website\"},\"primaryImageOfPage\":{\"@id\":\"https:\\\/\\\/xstone.group\\\/ro\\\/product\\\/10004-light-grey\\\/#primaryimage\"},\"image\":{\"@id\":\"https:\\\/\\\/xstone.group\\\/ro\\\/product\\\/10004-light-grey\\\/#primaryimage\"},\"thumbnailUrl\":\"https:\\\/\\\/xstone.group\\\/wp-content\\\/uploads\\\/2025\\\/11\\\/10004-scaled.webp\",\"datePublished\":\"2025-11-28T14:35:53+00:00\",\"description\":\"Un gri deschis, moale, cu un ton mineral subtil care reflect\u0103 u\u0219or lumina, cre\u00e2nd o atmosfer\u0103 calm\u0103, rafinat\u0103 \u0219i elegant\u0103 pentru spa\u021biile moderne, minimaliste.\",\"breadcrumb\":{\"@id\":\"https:\\\/\\\/xstone.group\\\/ro\\\/product\\\/10004-light-grey\\\/#breadcrumb\"},\"inLanguage\":\"ro-RO\",\"potentialAction\":[{\"@type\":\"ReadAction\",\"target\":[\"https:\\\/\\\/xstone.group\\\/ro\\\/product\\\/10004-light-grey\\\/\"]}]},{\"@type\":\"ImageObject\",\"inLanguage\":\"ro-RO\",\"@id\":\"https:\\\/\\\/xstone.group\\\/ro\\\/product\\\/10004-light-grey\\\/#primaryimage\",\"url\":\"https:\\\/\\\/xstone.group\\\/wp-content\\\/uploads\\\/2025\\\/11\\\/10004-scaled.webp\",\"contentUrl\":\"https:\\\/\\\/xstone.group\\\/wp-content\\\/uploads\\\/2025\\\/11\\\/10004-scaled.webp\",\"width\":2560,\"height\":1706},{\"@type\":\"BreadcrumbList\",\"@id\":\"https:\\\/\\\/xstone.group\\\/ro\\\/product\\\/10004-light-grey\\\/#breadcrumb\",\"itemListElement\":[{\"@type\":\"ListItem\",\"position\":1,\"name\":\"Home\",\"item\":\"https:\\\/\\\/xstone.group\\\/ro\\\/\"},{\"@type\":\"ListItem\",\"position\":2,\"name\":\"Produse\",\"item\":\"https:\\\/\\\/xstone.group\\\/ro\\\/shop\\\/\"},{\"@type\":\"ListItem\",\"position\":3,\"name\":\"10004 | Gri deschis\"}]},{\"@type\":\"WebSite\",\"@id\":\"https:\\\/\\\/xstone.group\\\/ro\\\/#website\",\"url\":\"https:\\\/\\\/xstone.group\\\/ro\\\/\",\"name\":\"XSTONE\",\"description\":\"Frumuse\u021be mineral\u0103 autentic\u0103 \u0219i nelimitat\u0103, nelegat\u0103 de gravita\u021bie\",\"potentialAction\":[{\"@type\":\"SearchAction\",\"target\":{\"@type\":\"EntryPoint\",\"urlTemplate\":\"https:\\\/\\\/xstone.group\\\/ro\\\/?s={search_term_string}\"},\"query-input\":{\"@type\":\"PropertyValueSpecification\",\"valueRequired\":true,\"valueName\":\"search_term_string\"}}],\"inLanguage\":\"ro-RO\"}]}<\/script>\n<!-- \/ Yoast SEO Premium plugin. -->","yoast_head_json":{"title":"10004 | Gri deschis - XSTONE","description":"Un gri deschis, moale, cu un ton mineral subtil care reflect\u0103 u\u0219or lumina, cre\u00e2nd o atmosfer\u0103 calm\u0103, rafinat\u0103 \u0219i elegant\u0103 pentru spa\u021biile moderne, minimaliste.","robots":{"index":"index","follow":"follow","max-snippet":"max-snippet:-1","max-image-preview":"max-image-preview:large","max-video-preview":"max-video-preview:-1"},"canonical":"https:\/\/xstone.group\/ro\/product\/10004-light-grey\/","og_locale":"ro_RO","og_type":"article","og_title":"10004 | Gri deschis","og_description":"Un gri deschis, moale, cu un ton mineral subtil care reflect\u0103 u\u0219or lumina, cre\u00e2nd o atmosfer\u0103 calm\u0103, rafinat\u0103 \u0219i elegant\u0103 pentru spa\u021biile moderne, minimaliste.","og_url":"https:\/\/xstone.group\/ro\/product\/10004-light-grey\/","og_site_name":"XSTONE","article_publisher":"https:\/\/www.facebook.com\/Xstonesurfaces1\/","og_image":[{"width":2560,"height":1706,"url":"https:\/\/xstone.group\/wp-content\/uploads\/2025\/11\/10004-scaled.webp","type":"image\/webp"}],"twitter_card":"summary_large_image","schema":{"@context":"https:\/\/schema.org","@graph":[{"@type":"WebPage","@id":"https:\/\/xstone.group\/ro\/product\/10004-light-grey\/","url":"https:\/\/xstone.group\/ro\/product\/10004-light-grey\/","name":"10004 | Gri deschis - XSTONE","isPartOf":{"@id":"https:\/\/xstone.group\/ro\/#website"},"primaryImageOfPage":{"@id":"https:\/\/xstone.group\/ro\/product\/10004-light-grey\/#primaryimage"},"image":{"@id":"https:\/\/xstone.group\/ro\/product\/10004-light-grey\/#primaryimage"},"thumbnailUrl":"https:\/\/xstone.group\/wp-content\/uploads\/2025\/11\/10004-scaled.webp","datePublished":"2025-11-28T14:35:53+00:00","description":"Un gri deschis, moale, cu un ton mineral subtil care reflect\u0103 u\u0219or lumina, cre\u00e2nd o atmosfer\u0103 calm\u0103, rafinat\u0103 \u0219i elegant\u0103 pentru spa\u021biile moderne, minimaliste.","breadcrumb":{"@id":"https:\/\/xstone.group\/ro\/product\/10004-light-grey\/#breadcrumb"},"inLanguage":"ro-RO","potentialAction":[{"@type":"ReadAction","target":["https:\/\/xstone.group\/ro\/product\/10004-light-grey\/"]}]},{"@type":"ImageObject","inLanguage":"ro-RO","@id":"https:\/\/xstone.group\/ro\/product\/10004-light-grey\/#primaryimage","url":"https:\/\/xstone.group\/wp-content\/uploads\/2025\/11\/10004-scaled.webp","contentUrl":"https:\/\/xstone.group\/wp-content\/uploads\/2025\/11\/10004-scaled.webp","width":2560,"height":1706},{"@type":"BreadcrumbList","@id":"https:\/\/xstone.group\/ro\/product\/10004-light-grey\/#breadcrumb","itemListElement":[{"@type":"ListItem","position":1,"name":"Home","item":"https:\/\/xstone.group\/ro\/"},{"@type":"ListItem","position":2,"name":"Produse","item":"https:\/\/xstone.group\/ro\/shop\/"},{"@type":"ListItem","position":3,"name":"10004 | Gri deschis"}]},{"@type":"WebSite","@id":"https:\/\/xstone.group\/ro\/#website","url":"https:\/\/xstone.group\/ro\/","name":"XSTONE","description":"Frumuse\u021be mineral\u0103 autentic\u0103 \u0219i nelimitat\u0103, nelegat\u0103 de gravita\u021bie","potentialAction":[{"@type":"SearchAction","target":{"@type":"EntryPoint","urlTemplate":"https:\/\/xstone.group\/ro\/?s={search_term_string}"},"query-input":{"@type":"PropertyValueSpecification","valueRequired":true,"valueName":"search_term_string"}}],"inLanguage":"ro-RO"}]}},"spectra_custom_meta":{"_last_translation_edit_mode":["translation-editor"],"_product_attributes":["a:3:{s:4:\"tone\";a:6:{s:4:\"name\";s:4:\"Tone\";s:5:\"value\";s:3:\"Gri\";s:8:\"position\";i:0;s:10:\"is_visible\";i:1;s:12:\"is_variation\";i:0;s:11:\"is_taxonomy\";i:0;}s:10:\"color-code\";a:6:{s:4:\"name\";s:10:\"Color code\";s:5:\"value\";s:8:\"RAL 7035\";s:8:\"position\";i:1;s:10:\"is_visible\";i:1;s:12:\"is_variation\";i:0;s:11:\"is_taxonomy\";i:0;}s:6:\"finish\";a:6:{s:4:\"name\";s:6:\"Finish\";s:5:\"value\";s:53:\"Natural mat (poate fi lucios \u00een func\u021bie de sigiliu)\";s:8:\"position\";i:2;s:10:\"is_visible\";i:1;s:12:\"is_variation\";i:0;s:11:\"is_taxonomy\";i:0;}}"],"attr_label_translations":["a:1:{s:2:\"ro\";a:3:{s:4:\"tone\";s:4:\"Tone\";s:10:\"color-code\";s:14:\"Cod de culoare\";s:6:\"finish\";s:6:\"Finish\";}}"],"_wcml_average_rating":[null],"_wcml_review_count":[null],"_wcml_rating_count":[null],"_yoast_wpseo_primary_product_cat":["318"],"_backorders":["no"],"_download_limit":["-1"],"_download_expiry":["-1"],"_downloadable":["no"],"_manage_stock":["no"],"_sku":["10004"],"_stock_status":["instock"],"_sold_individually":["no"],"_tax_class":[""],"_tax_status":["taxable"],"_virtual":["no"],"total_sales":["0"],"_wpml_media_duplicate":["1"],"_wpml_media_featured":["1"],"stick-header-meta":["default"],"site-sidebar-layout":["default"],"theme-transparent-header-meta":["default"],"ast-site-content-layout":["default"],"site-content-style":["default"],"site-sidebar-style":["default"],"_yoast_wpseo_metadesc":["Un gri deschis, moale, cu un ton mineral subtil care reflect\u0103 u\u0219or lumina, cre\u00e2nd o atmosfer\u0103 calm\u0103, rafinat\u0103 \u0219i elegant\u0103 pentru spa\u021biile moderne, minimaliste."],"_thumbnail_id":["24756"],"_product_image_gallery":[""],"_wpml_word_count":["102"],"two_optimized_date":["1776540863"],"woolentor_views_count_product":["10"],"_uag_css_file_name":["uag-css-24753.css"],"_uag_js_file_name":["uag-js-24753.js"],"tp_widgets":["a:2:{s:7:\"widgets\";a:6:{i:0;s:18:\"plus-list-skeleton\";i:1;s:22:\"plus-listing-load-more\";i:2;s:18:\"plus-listing-metro\";i:3;s:18:\"tp-product-listout\";i:4;s:17:\"tp-single-style_1\";i:5;s:19:\"tp-woo-single-image\";}s:9:\"update_at\";s:10:\"1776541402\";}"],"_elementor_edit_mode":["builder"],"_selectproduct_layout":["16271"],"_elementor_page_assets":["a:0:{}"],"_elementor_css":["a:7:{s:4:\"time\";i:1776707050;s:5:\"fonts\";a:0:{}s:5:\"icons\";a:0:{}s:20:\"dynamic_elements_ids\";a:0:{}s:6:\"status\";s:5:\"empty\";i:0;s:0:\"\";s:3:\"css\";s:0:\"\";}"],"_wc_rating_count":[""],"_wc_review_count":[""],"_wc_average_rating":[0]},"uagb_featured_image_src":{"full":["https:\/\/xstone.group\/wp-content\/uploads\/2025\/11\/10004-scaled.webp",2560,1706,false],"thumbnail":["https:\/\/xstone.group\/wp-content\/uploads\/2025\/11\/10004-150x150.webp",150,150,true],"medium":["https:\/\/xstone.group\/wp-content\/uploads\/2025\/11\/10004-300x200.webp",300,200,true],"medium_large":["https:\/\/xstone.group\/wp-content\/uploads\/2025\/11\/10004-768x512.webp",768,512,true],"large":["https:\/\/xstone.group\/wp-content\/uploads\/2025\/11\/10004-1024x683.webp",1024,683,true],"1536x1536":["https:\/\/xstone.group\/wp-content\/uploads\/2025\/11\/10004-1536x1024.webp",1536,1024,true],"2048x2048":["https:\/\/xstone.group\/wp-content\/uploads\/2025\/11\/10004-2048x1365.webp",2048,1365,true],"tp-image-grid":["https:\/\/xstone.group\/wp-content\/uploads\/2025\/11\/10004-scaled.webp",700,466,false],"tenweb_optimizer_mobile":["https:\/\/xstone.group\/wp-content\/uploads\/2025\/11\/10004-600x400.webp",600,400,true],"tenweb_optimizer_tablet":["https:\/\/xstone.group\/wp-content\/uploads\/2025\/11\/10004-768x512.webp",768,512,true],"woocommerce_thumbnail":["https:\/\/xstone.group\/wp-content\/uploads\/2025\/11\/10004-300x300.webp",300,300,true],"woocommerce_single":["https:\/\/xstone.group\/wp-content\/uploads\/2025\/11\/10004-600x400.webp",600,400,true],"woocommerce_gallery_thumbnail":["https:\/\/xstone.group\/wp-content\/uploads\/2025\/11\/10004-100x100.webp",100,100,true]},"uagb_author_info":{"display_name":"laurent.gomez@xstone.group","author_link":"https:\/\/xstone.group\/ro\/author\/"},"uagb_comment_info":0,"uagb_excerpt":"Este un gri deschis foarte moale, aproape l\u0103ptos, care capteaz\u0103 lumina f\u0103r\u0103 a deveni niciodat\u0103 alb. Nuan\u021ba sa este subtil\u0103, nici rece, nici alb\u0103struie, ci u\u0219or temperat\u0103 de o atingere mineral\u0103 care \u00eei confer\u0103 profunzime. Acest gri evoc\u0103 piatra palid\u0103, cea\u021ba luminoas\u0103 sau un cer u\u0219or acoperit la sf\u00e2r\u0219itul dimine\u021bii, cre\u00e2nd un sentiment de calm,&hellip;","_links":{"self":[{"href":"https:\/\/xstone.group\/ro\/wp-json\/wp\/v2\/product\/24753","targetHints":{"allow":["GET"]}}],"collection":[{"href":"https:\/\/xstone.group\/ro\/wp-json\/wp\/v2\/product"}],"about":[{"href":"https:\/\/xstone.group\/ro\/wp-json\/wp\/v2\/types\/product"}],"replies":[{"embeddable":true,"href":"https:\/\/xstone.group\/ro\/wp-json\/wp\/v2\/comments?post=24753"}],"wp:featuredmedia":[{"embeddable":true,"href":"https:\/\/xstone.group\/ro\/wp-json\/wp\/v2\/media\/24756"}],"wp:attachment":[{"href":"https:\/\/xstone.group\/ro\/wp-json\/wp\/v2\/media?parent=24753"}],"wp:term":[{"taxonomy":"product_brand","embeddable":true,"href":"https:\/\/xstone.group\/ro\/wp-json\/wp\/v2\/product_brand?post=24753"},{"taxonomy":"product_cat","embeddable":true,"href":"https:\/\/xstone.group\/ro\/wp-json\/wp\/v2\/product_cat?post=24753"},{"taxonomy":"product_tag","embeddable":true,"href":"https:\/\/xstone.group\/ro\/wp-json\/wp\/v2\/product_tag?post=24753"}],"curies":[{"name":"wp","href":"https:\/\/api.w.org\/{rel}","templated":true}]}}