{"id":24798,"date":"2025-11-28T14:38:20","date_gmt":"2025-11-28T14:38:20","guid":{"rendered":"https:\/\/xstone.group\/product\/10006-gri-bej-inchis\/"},"modified":"2025-11-28T14:38:20","modified_gmt":"2025-11-28T14:38:20","slug":"10006","status":"publish","type":"product","link":"https:\/\/xstone.group\/ro\/product\/10006\/","title":{"rendered":"10006 | Gri bej \u00eenchis"},"content":{"rendered":"<p>Aceast\u0103 culoare este un ton mineral cald, p\u0103m\u00e2ntiu, care se simte \u00eemp\u0103m\u00e2ntenit, calm \u0219i atemporal, evoc\u00e2nd argila natural\u0103, piatra ars\u0103 de soare \u0219i elegan\u021ba lini\u0219tit\u0103 a arhitecturii brute. Aceasta aduce un sentiment de stabilitate \u0219i de moliciune \u00een acela\u0219i timp, cre\u00e2nd spa\u021bii care se simt primitoare, organice \u0219i profund conectate la natur\u0103, r\u0103m\u00e2n\u00e2nd \u00een acela\u0219i timp rafinate \u0219i contemporane &#8211; un echilibru perfect \u00eentre autenticitatea natural\u0103 \u0219i designul modern <\/p>\n","protected":false},"excerpt":{"rendered":"<p>Aceast\u0103 culoare este un ton mineral cald, p\u0103m\u00e2ntiu, care se simte \u00eemp\u0103m\u00e2ntenit, calm \u0219i atemporal, evoc\u00e2nd argila natural\u0103, piatra ars\u0103 de soare \u0219i elegan\u021ba lini\u0219tit\u0103 a arhitecturii brute. Aceasta aduce un sentiment de stabilitate \u0219i de moliciune \u00een acela\u0219i timp, cre\u00e2nd spa\u021bii care se simt primitoare, organice \u0219i profund conectate la natur\u0103, r\u0103m\u00e2n\u00e2nd \u00een acela\u0219i [&hellip;]<\/p>\n","protected":false},"featured_media":24800,"comment_status":"open","ping_status":"closed","template":"","meta":{"_acf_changed":false,"_uag_custom_page_level_css":"","site-sidebar-layout":"default","site-content-layout":"","ast-site-content-layout":"default","site-content-style":"default","site-sidebar-style":"default","ast-global-header-display":"","ast-banner-title-visibility":"","ast-main-header-display":"","ast-hfb-above-header-display":"","ast-hfb-below-header-display":"","ast-hfb-mobile-header-display":"","site-post-title":"","ast-breadcrumbs-content":"","ast-featured-img":"","footer-sml-layout":"","theme-transparent-header-meta":"default","adv-header-id-meta":"","stick-header-meta":"default","header-above-stick-meta":"","header-main-stick-meta":"","header-below-stick-meta":"","astra-migrate-meta-layouts":"default","ast-page-background-enabled":"default","ast-page-background-meta":{"desktop":{"background-color":"var(--ast-global-color-4)","background-image":"","background-repeat":"repeat","background-position":"center center","background-size":"auto","background-attachment":"scroll","background-type":"","background-media":"","overlay-type":"","overlay-color":"","overlay-opacity":"","overlay-gradient":""},"tablet":{"background-color":"","background-image":"","background-repeat":"repeat","background-position":"center center","background-size":"auto","background-attachment":"scroll","background-type":"","background-media":"","overlay-type":"","overlay-color":"","overlay-opacity":"","overlay-gradient":""},"mobile":{"background-color":"","background-image":"","background-repeat":"repeat","background-position":"center center","background-size":"auto","background-attachment":"scroll","background-type":"","background-media":"","overlay-type":"","overlay-color":"","overlay-opacity":"","overlay-gradient":""}},"ast-content-background-meta":{"desktop":{"background-color":"var(--ast-global-color-5)","background-image":"","background-repeat":"repeat","background-position":"center center","background-size":"auto","background-attachment":"scroll","background-type":"","background-media":"","overlay-type":"","overlay-color":"","overlay-opacity":"","overlay-gradient":""},"tablet":{"background-color":"var(--ast-global-color-5)","background-image":"","background-repeat":"repeat","background-position":"center center","background-size":"auto","background-attachment":"scroll","background-type":"","background-media":"","overlay-type":"","overlay-color":"","overlay-opacity":"","overlay-gradient":""},"mobile":{"background-color":"var(--ast-global-color-5)","background-image":"","background-repeat":"repeat","background-position":"center center","background-size":"auto","background-attachment":"scroll","background-type":"","background-media":"","overlay-type":"","overlay-color":"","overlay-opacity":"","overlay-gradient":""}}},"product_brand":[],"product_cat":[2389,2584,4402],"product_tag":[8448,8447,8445,4494,8443,3595,7399,6216],"class_list":{"0":"post-24798","1":"product","2":"type-product","3":"status-publish","4":"has-post-thumbnail","6":"product_cat-color","7":"product_cat-yellow","8":"product_cat-tone-on-tone","9":"product_tag-comp-color-15394","10":"product_tag-modern-earthy-decor","11":"product_tag-natural-clay-finish","12":"product_tag-interior-design-material","13":"product_tag-earth-color-surface","14":"product_tag-mineral-wall-panel","15":"product_tag-organic-texture","16":"product_tag-warm-mineral-tone","17":"desktop-align-left","18":"tablet-align-left","19":"mobile-align-left","21":"first","22":"instock","23":"shipping-taxable","24":"product-type-simple"},"acf":[],"yoast_head":"<!-- This site is optimized with the Yoast SEO Premium plugin v27.4 (Yoast SEO v27.4) - https:\/\/yoast.com\/product\/yoast-seo-premium-wordpress\/ -->\n<title>10006 | Gri bej \u00eenchis - XSTONE<\/title>\n<meta name=\"description\" content=\"Descoperi\u021bi o suprafa\u021b\u0103 mineral\u0103 cald\u0103, \u00een tonuri de p\u0103m\u00e2nt, inspirat\u0103 de argila \u0219i piatra natural\u0103, perfect\u0103 pentru a crea designuri interioare \u0219i arhitecturale calme, elegante \u0219i atemporale\" \/>\n<meta name=\"robots\" content=\"index, follow, max-snippet:-1, max-image-preview:large, max-video-preview:-1\" \/>\n<link rel=\"canonical\" href=\"https:\/\/xstone.group\/ro\/product\/10006\/\" \/>\n<meta property=\"og:locale\" content=\"ro_RO\" \/>\n<meta property=\"og:type\" content=\"article\" \/>\n<meta property=\"og:title\" content=\"10006 | Gri bej \u00eenchis\" \/>\n<meta property=\"og:description\" content=\"Descoperi\u021bi o suprafa\u021b\u0103 mineral\u0103 cald\u0103, \u00een tonuri de p\u0103m\u00e2nt, inspirat\u0103 de argila \u0219i piatra natural\u0103, perfect\u0103 pentru a crea designuri interioare \u0219i arhitecturale calme, elegante \u0219i atemporale\" \/>\n<meta property=\"og:url\" content=\"https:\/\/xstone.group\/ro\/product\/10006\/\" \/>\n<meta property=\"og:site_name\" content=\"XSTONE\" \/>\n<meta property=\"article:publisher\" content=\"https:\/\/www.facebook.com\/Xstonesurfaces1\/\" \/>\n<meta property=\"og:image\" content=\"https:\/\/xstone.group\/wp-content\/uploads\/2025\/11\/10006-scaled.webp\" \/>\n\t<meta property=\"og:image:width\" content=\"2560\" \/>\n\t<meta property=\"og:image:height\" content=\"1707\" \/>\n\t<meta property=\"og:image:type\" content=\"image\/webp\" \/>\n<meta name=\"twitter:card\" content=\"summary_large_image\" \/>\n<script type=\"application\/ld+json\" class=\"yoast-schema-graph\">{\"@context\":\"https:\\\/\\\/schema.org\",\"@graph\":[{\"@type\":\"WebPage\",\"@id\":\"https:\\\/\\\/xstone.group\\\/ro\\\/product\\\/10006\\\/\",\"url\":\"https:\\\/\\\/xstone.group\\\/ro\\\/product\\\/10006\\\/\",\"name\":\"10006 | Gri bej \u00eenchis - XSTONE\",\"isPartOf\":{\"@id\":\"https:\\\/\\\/xstone.group\\\/ro\\\/#website\"},\"primaryImageOfPage\":{\"@id\":\"https:\\\/\\\/xstone.group\\\/ro\\\/product\\\/10006\\\/#primaryimage\"},\"image\":{\"@id\":\"https:\\\/\\\/xstone.group\\\/ro\\\/product\\\/10006\\\/#primaryimage\"},\"thumbnailUrl\":\"https:\\\/\\\/xstone.group\\\/wp-content\\\/uploads\\\/2025\\\/11\\\/10006-scaled.webp\",\"datePublished\":\"2025-11-28T14:38:20+00:00\",\"description\":\"Descoperi\u021bi o suprafa\u021b\u0103 mineral\u0103 cald\u0103, \u00een tonuri de p\u0103m\u00e2nt, inspirat\u0103 de argila \u0219i piatra natural\u0103, perfect\u0103 pentru a crea designuri interioare \u0219i arhitecturale calme, elegante \u0219i atemporale\",\"breadcrumb\":{\"@id\":\"https:\\\/\\\/xstone.group\\\/ro\\\/product\\\/10006\\\/#breadcrumb\"},\"inLanguage\":\"ro-RO\",\"potentialAction\":[{\"@type\":\"ReadAction\",\"target\":[\"https:\\\/\\\/xstone.group\\\/ro\\\/product\\\/10006\\\/\"]}]},{\"@type\":\"ImageObject\",\"inLanguage\":\"ro-RO\",\"@id\":\"https:\\\/\\\/xstone.group\\\/ro\\\/product\\\/10006\\\/#primaryimage\",\"url\":\"https:\\\/\\\/xstone.group\\\/wp-content\\\/uploads\\\/2025\\\/11\\\/10006-scaled.webp\",\"contentUrl\":\"https:\\\/\\\/xstone.group\\\/wp-content\\\/uploads\\\/2025\\\/11\\\/10006-scaled.webp\",\"width\":2560,\"height\":1707},{\"@type\":\"BreadcrumbList\",\"@id\":\"https:\\\/\\\/xstone.group\\\/ro\\\/product\\\/10006\\\/#breadcrumb\",\"itemListElement\":[{\"@type\":\"ListItem\",\"position\":1,\"name\":\"Home\",\"item\":\"https:\\\/\\\/xstone.group\\\/ro\\\/\"},{\"@type\":\"ListItem\",\"position\":2,\"name\":\"Produse\",\"item\":\"https:\\\/\\\/xstone.group\\\/ro\\\/shop\\\/\"},{\"@type\":\"ListItem\",\"position\":3,\"name\":\"10006 | Gri bej \u00eenchis\"}]},{\"@type\":\"WebSite\",\"@id\":\"https:\\\/\\\/xstone.group\\\/ro\\\/#website\",\"url\":\"https:\\\/\\\/xstone.group\\\/ro\\\/\",\"name\":\"XSTONE\",\"description\":\"Frumuse\u021be mineral\u0103 autentic\u0103 \u0219i nelimitat\u0103, nelegat\u0103 de gravita\u021bie\",\"potentialAction\":[{\"@type\":\"SearchAction\",\"target\":{\"@type\":\"EntryPoint\",\"urlTemplate\":\"https:\\\/\\\/xstone.group\\\/ro\\\/?s={search_term_string}\"},\"query-input\":{\"@type\":\"PropertyValueSpecification\",\"valueRequired\":true,\"valueName\":\"search_term_string\"}}],\"inLanguage\":\"ro-RO\"}]}<\/script>\n<!-- \/ Yoast SEO Premium plugin. -->","yoast_head_json":{"title":"10006 | Gri bej \u00eenchis - XSTONE","description":"Descoperi\u021bi o suprafa\u021b\u0103 mineral\u0103 cald\u0103, \u00een tonuri de p\u0103m\u00e2nt, inspirat\u0103 de argila \u0219i piatra natural\u0103, perfect\u0103 pentru a crea designuri interioare \u0219i arhitecturale calme, elegante \u0219i atemporale","robots":{"index":"index","follow":"follow","max-snippet":"max-snippet:-1","max-image-preview":"max-image-preview:large","max-video-preview":"max-video-preview:-1"},"canonical":"https:\/\/xstone.group\/ro\/product\/10006\/","og_locale":"ro_RO","og_type":"article","og_title":"10006 | Gri bej \u00eenchis","og_description":"Descoperi\u021bi o suprafa\u021b\u0103 mineral\u0103 cald\u0103, \u00een tonuri de p\u0103m\u00e2nt, inspirat\u0103 de argila \u0219i piatra natural\u0103, perfect\u0103 pentru a crea designuri interioare \u0219i arhitecturale calme, elegante \u0219i atemporale","og_url":"https:\/\/xstone.group\/ro\/product\/10006\/","og_site_name":"XSTONE","article_publisher":"https:\/\/www.facebook.com\/Xstonesurfaces1\/","og_image":[{"width":2560,"height":1707,"url":"https:\/\/xstone.group\/wp-content\/uploads\/2025\/11\/10006-scaled.webp","type":"image\/webp"}],"twitter_card":"summary_large_image","schema":{"@context":"https:\/\/schema.org","@graph":[{"@type":"WebPage","@id":"https:\/\/xstone.group\/ro\/product\/10006\/","url":"https:\/\/xstone.group\/ro\/product\/10006\/","name":"10006 | Gri bej \u00eenchis - XSTONE","isPartOf":{"@id":"https:\/\/xstone.group\/ro\/#website"},"primaryImageOfPage":{"@id":"https:\/\/xstone.group\/ro\/product\/10006\/#primaryimage"},"image":{"@id":"https:\/\/xstone.group\/ro\/product\/10006\/#primaryimage"},"thumbnailUrl":"https:\/\/xstone.group\/wp-content\/uploads\/2025\/11\/10006-scaled.webp","datePublished":"2025-11-28T14:38:20+00:00","description":"Descoperi\u021bi o suprafa\u021b\u0103 mineral\u0103 cald\u0103, \u00een tonuri de p\u0103m\u00e2nt, inspirat\u0103 de argila \u0219i piatra natural\u0103, perfect\u0103 pentru a crea designuri interioare \u0219i arhitecturale calme, elegante \u0219i atemporale","breadcrumb":{"@id":"https:\/\/xstone.group\/ro\/product\/10006\/#breadcrumb"},"inLanguage":"ro-RO","potentialAction":[{"@type":"ReadAction","target":["https:\/\/xstone.group\/ro\/product\/10006\/"]}]},{"@type":"ImageObject","inLanguage":"ro-RO","@id":"https:\/\/xstone.group\/ro\/product\/10006\/#primaryimage","url":"https:\/\/xstone.group\/wp-content\/uploads\/2025\/11\/10006-scaled.webp","contentUrl":"https:\/\/xstone.group\/wp-content\/uploads\/2025\/11\/10006-scaled.webp","width":2560,"height":1707},{"@type":"BreadcrumbList","@id":"https:\/\/xstone.group\/ro\/product\/10006\/#breadcrumb","itemListElement":[{"@type":"ListItem","position":1,"name":"Home","item":"https:\/\/xstone.group\/ro\/"},{"@type":"ListItem","position":2,"name":"Produse","item":"https:\/\/xstone.group\/ro\/shop\/"},{"@type":"ListItem","position":3,"name":"10006 | Gri bej \u00eenchis"}]},{"@type":"WebSite","@id":"https:\/\/xstone.group\/ro\/#website","url":"https:\/\/xstone.group\/ro\/","name":"XSTONE","description":"Frumuse\u021be mineral\u0103 autentic\u0103 \u0219i nelimitat\u0103, nelegat\u0103 de gravita\u021bie","potentialAction":[{"@type":"SearchAction","target":{"@type":"EntryPoint","urlTemplate":"https:\/\/xstone.group\/ro\/?s={search_term_string}"},"query-input":{"@type":"PropertyValueSpecification","valueRequired":true,"valueName":"search_term_string"}}],"inLanguage":"ro-RO"}]}},"spectra_custom_meta":{"_last_translation_edit_mode":["translation-editor"],"_wcml_average_rating":[null],"_wcml_review_count":[null],"_wcml_rating_count":[null],"_yoast_wpseo_primary_product_cat":["318"],"_backorders":["no"],"_download_limit":["-1"],"_download_expiry":["-1"],"_downloadable":["no"],"_manage_stock":["no"],"_sku":["10006-grey-dark-beige"],"_stock_status":["instock"],"_sold_individually":["no"],"_tax_class":[""],"_tax_status":["taxable"],"_virtual":["no"],"total_sales":["0"],"_wpml_media_duplicate":["1"],"_wpml_media_featured":["1"],"stick-header-meta":["default"],"site-sidebar-layout":["default"],"theme-transparent-header-meta":["default"],"ast-site-content-layout":["default"],"site-content-style":["default"],"site-sidebar-style":["default"],"_yoast_wpseo_metadesc":["Descoperi\u021bi o suprafa\u021b\u0103 mineral\u0103 cald\u0103, \u00een tonuri de p\u0103m\u00e2nt, inspirat\u0103 de argila \u0219i piatra natural\u0103, perfect\u0103 pentru a crea designuri interioare \u0219i arhitecturale calme, elegante \u0219i atemporale"],"_yoast_wpseo_focuskw":["suprafa\u021b\u0103 mineral\u0103 cald\u0103 cu tonuri de p\u0103m\u00e2nt"],"_thumbnail_id":["24800"],"_product_image_gallery":[""],"_product_attributes":["a:3:{s:7:\"pa_tone\";a:6:{s:4:\"name\";s:7:\"pa_tone\";s:5:\"value\";s:0:\"\";s:8:\"position\";i:0;s:10:\"is_visible\";i:1;s:12:\"is_variation\";i:0;s:11:\"is_taxonomy\";i:1;}s:13:\"pa_color-code\";a:6:{s:4:\"name\";s:13:\"pa_color-code\";s:5:\"value\";s:0:\"\";s:8:\"position\";i:1;s:10:\"is_visible\";i:1;s:12:\"is_variation\";i:0;s:11:\"is_taxonomy\";i:1;}s:9:\"pa_finish\";a:6:{s:4:\"name\";s:9:\"pa_finish\";s:5:\"value\";s:0:\"\";s:8:\"position\";i:2;s:10:\"is_visible\";i:1;s:12:\"is_variation\";i:0;s:11:\"is_taxonomy\";i:1;}}"],"_wpml_word_count":["88"],"two_optimized_date":["1776570408"],"woolentor_views_count_product":["10"],"_uag_css_file_name":["uag-css-24798.css"],"_uag_js_file_name":["uag-js-24798.js"],"tp_widgets":["a:2:{s:7:\"widgets\";a:6:{i:0;s:18:\"plus-list-skeleton\";i:1;s:22:\"plus-listing-load-more\";i:2;s:18:\"plus-listing-metro\";i:3;s:18:\"tp-product-listout\";i:4;s:17:\"tp-single-style_1\";i:5;s:19:\"tp-woo-single-image\";}s:9:\"update_at\";s:10:\"1776541402\";}"],"_elementor_edit_mode":["builder"],"_selectproduct_layout":["16271"],"_elementor_page_assets":["a:0:{}"],"_elementor_css":["a:7:{s:4:\"time\";i:1776842189;s:5:\"fonts\";a:0:{}s:5:\"icons\";a:0:{}s:20:\"dynamic_elements_ids\";a:0:{}s:6:\"status\";s:5:\"empty\";i:0;s:0:\"\";s:3:\"css\";s:0:\"\";}"],"_wc_rating_count":[""],"_wc_review_count":[""],"_wc_average_rating":[0]},"uagb_featured_image_src":{"full":["https:\/\/xstone.group\/wp-content\/uploads\/2025\/11\/10006-scaled.webp",2560,1707,false],"thumbnail":["https:\/\/xstone.group\/wp-content\/uploads\/2025\/11\/10006-150x150.webp",150,150,true],"medium":["https:\/\/xstone.group\/wp-content\/uploads\/2025\/11\/10006-300x200.webp",300,200,true],"medium_large":["https:\/\/xstone.group\/wp-content\/uploads\/2025\/11\/10006-768x512.webp",768,512,true],"large":["https:\/\/xstone.group\/wp-content\/uploads\/2025\/11\/10006-1024x683.webp",1024,683,true],"1536x1536":["https:\/\/xstone.group\/wp-content\/uploads\/2025\/11\/10006-1536x1024.webp",1536,1024,true],"2048x2048":["https:\/\/xstone.group\/wp-content\/uploads\/2025\/11\/10006-2048x1365.webp",2048,1365,true],"tp-image-grid":["https:\/\/xstone.group\/wp-content\/uploads\/2025\/11\/10006-scaled.webp",700,467,false],"tenweb_optimizer_mobile":["https:\/\/xstone.group\/wp-content\/uploads\/2025\/11\/10006-600x400.webp",600,400,true],"tenweb_optimizer_tablet":["https:\/\/xstone.group\/wp-content\/uploads\/2025\/11\/10006-768x512.webp",768,512,true],"woocommerce_thumbnail":["https:\/\/xstone.group\/wp-content\/uploads\/2025\/11\/10006-300x300.webp",300,300,true],"woocommerce_single":["https:\/\/xstone.group\/wp-content\/uploads\/2025\/11\/10006-600x400.webp",600,400,true],"woocommerce_gallery_thumbnail":["https:\/\/xstone.group\/wp-content\/uploads\/2025\/11\/10006-100x100.webp",100,100,true]},"uagb_author_info":{"display_name":"laurent.gomez@xstone.group","author_link":"https:\/\/xstone.group\/ro\/author\/"},"uagb_comment_info":0,"uagb_excerpt":"Aceast\u0103 culoare este un ton mineral cald, p\u0103m\u00e2ntiu, care se simte \u00eemp\u0103m\u00e2ntenit, calm \u0219i atemporal, evoc\u00e2nd argila natural\u0103, piatra ars\u0103 de soare \u0219i elegan\u021ba lini\u0219tit\u0103 a arhitecturii brute. Aceasta aduce un sentiment de stabilitate \u0219i de moliciune \u00een acela\u0219i timp, cre\u00e2nd spa\u021bii care se simt primitoare, organice \u0219i profund conectate la natur\u0103, r\u0103m\u00e2n\u00e2nd \u00een acela\u0219i&hellip;","_links":{"self":[{"href":"https:\/\/xstone.group\/ro\/wp-json\/wp\/v2\/product\/24798","targetHints":{"allow":["GET"]}}],"collection":[{"href":"https:\/\/xstone.group\/ro\/wp-json\/wp\/v2\/product"}],"about":[{"href":"https:\/\/xstone.group\/ro\/wp-json\/wp\/v2\/types\/product"}],"replies":[{"embeddable":true,"href":"https:\/\/xstone.group\/ro\/wp-json\/wp\/v2\/comments?post=24798"}],"wp:featuredmedia":[{"embeddable":true,"href":"https:\/\/xstone.group\/ro\/wp-json\/wp\/v2\/media\/24800"}],"wp:attachment":[{"href":"https:\/\/xstone.group\/ro\/wp-json\/wp\/v2\/media?parent=24798"}],"wp:term":[{"taxonomy":"product_brand","embeddable":true,"href":"https:\/\/xstone.group\/ro\/wp-json\/wp\/v2\/product_brand?post=24798"},{"taxonomy":"product_cat","embeddable":true,"href":"https:\/\/xstone.group\/ro\/wp-json\/wp\/v2\/product_cat?post=24798"},{"taxonomy":"product_tag","embeddable":true,"href":"https:\/\/xstone.group\/ro\/wp-json\/wp\/v2\/product_tag?post=24798"}],"curies":[{"name":"wp","href":"https:\/\/api.w.org\/{rel}","templated":true}]}}