{"id":25200,"date":"2025-11-29T19:37:02","date_gmt":"2025-11-29T19:37:02","guid":{"rendered":"https:\/\/xstone.group\/product\/ecu-ecuran\/"},"modified":"2025-11-29T19:37:02","modified_gmt":"2025-11-29T19:37:02","slug":"ecu-ecuran","status":"publish","type":"product","link":"https:\/\/xstone.group\/ro\/product\/ecu-ecuran\/","title":{"rendered":"ECU | Ecuran"},"content":{"rendered":"<h4 data-section-id=\"va7zsh\" data-start=\"200\" data-end=\"250\">Solu\u021bie durabil\u0103 pentru pardoseli de \u00eenalt\u0103 performan\u021b\u0103<\/h4>\n<p data-start=\"327\" data-end=\"528\">Pl\u0103cile de pardoseal\u0103 pe baz\u0103 de Ecuran \u00eembun\u0103t\u0103\u021bite cu <strong data-start=\"366\" data-end=\"393\">laminat mineral XSTONE<\/strong> reprezint\u0103 un nou punct de referin\u021b\u0103 \u00een materie de pardoseli reziliente, combin\u00e2nd performan\u021be avansate, estetic\u0103 mineral\u0103 \u0219i responsabilitate fa\u021b\u0103 de mediu.<\/p>\n<p data-start=\"530\" data-end=\"925\">Spre deosebire de vinilul tradi\u021bional sau de pardoselile sintetice, Ecuran este un <strong data-start=\"588\" data-end=\"620\">material compozit pe baz\u0103 biologic\u0103<\/strong> derivat din uleiuri vegetale (cum ar fi uleiul de canola sau de ricin) combinate cu minerale naturale precum creta. Atunci c\u00e2nd este combinat cu <strong data-start=\"746\" data-end=\"781\">suprafa\u021ba laminat\u0103 mineral\u0103 XSTONE<\/strong>, sistemul ofer\u0103 aspectul \u0219i textura autentic\u0103 a pietrei naturale cu flexibilitatea unei solu\u021bii de pardoseal\u0103 u\u0219oar\u0103 \u0219i de \u00eenalt\u0103 performan\u021b\u0103. <\/p>\n<p data-start=\"927\" data-end=\"1156\">Aceast\u0103 construc\u021bie hibrid\u0103 are ca rezultat un produs de pardoseal\u0103 <strong data-start=\"990\" data-end=\"1041\">f\u0103r\u0103 PVC, f\u0103r\u0103 miros \u0219i practic f\u0103r\u0103 emisii<\/strong>, ceea ce \u00eel face deosebit de potrivit pentru mediile reziden\u021biale, comerciale, de ospitalitate \u0219i institu\u021bionale premium.<\/p>\n<p><span><span data-start=\"1158\" data-end=\"1177\"><strong data-start=\"1158\" data-end=\"1177\">Avantaje cheie:<\/strong><\/span><\/span><\/p>\n<ul data-start=\"1178\" data-end=\"1632\">\n<li data-section-id=\"1q2g36l\" data-start=\"1178\" data-end=\"1262\"><span data-start=\"1180\" data-end=\"1262\"><strong data-start=\"1180\" data-end=\"1225\">Estetic\u0103 mineral\u0103 cu textur\u0103 de piatr\u0103 real\u0103<\/strong> prin tehnologia laminatului XSTONE<\/span><\/li>\n<li data-section-id=\"16wd1go\" data-start=\"1263\" data-end=\"1340\"><span data-start=\"1265\" data-end=\"1340\"><strong data-start=\"1265\" data-end=\"1302\">Rezilien\u021b\u0103 mecanic\u0103 excep\u021bional\u0103<\/strong> pentru trafic intens \u0219i utilizare intensiv\u0103<\/span><\/li>\n<li data-section-id=\"1tp3gpt\" data-start=\"1341\" data-end=\"1395\"><span data-start=\"1343\" data-end=\"1395\"><strong data-start=\"1343\" data-end=\"1393\">Rezisten\u021b\u0103 ridicat\u0103 la uzur\u0103, impact \u0219i substan\u021be chimice<\/strong><\/span><\/li>\n<li data-section-id=\"lkodnm\" data-start=\"1396\" data-end=\"1468\"><span data-start=\"1398\" data-end=\"1468\"><strong data-start=\"1398\" data-end=\"1419\">Confort sub picior<\/strong> datorit\u0103 elasticit\u0103\u021bii inerente care reduce oboseala<\/span><\/li>\n<li data-section-id=\"u67pu7\" data-start=\"1469\" data-end=\"1546\"><span data-start=\"1471\" data-end=\"1546\"><strong data-start=\"1471\" data-end=\"1495\">Performan\u021b\u0103 acustic\u0103<\/strong>: absorb\u021bia zgomotului \u0219i o experien\u021b\u0103 de mers pe jos mai silen\u021bioas\u0103<\/span><\/li>\n<li data-section-id=\"1lw3bzn\" data-start=\"1547\" data-end=\"1632\"><span data-start=\"1549\" data-end=\"1632\"><strong data-start=\"1549\" data-end=\"1589\">Alternativ\u0103 u\u0219oar\u0103 \u0219i flexibil\u0103<\/strong> la pardoselile tradi\u021bionale din piatr\u0103 sau ceramic\u0103<\/span><\/li>\n<\/ul>\n<p data-start=\"1634\" data-end=\"1762\">Aceast\u0103 combina\u021bie pozi\u021bioneaz\u0103 Ecuran + XSTONE ca o <strong data-start=\"1682\" data-end=\"1761\">solu\u021bie premium la intersec\u021bia dintre design, performan\u021b\u0103 \u0219i bun\u0103stare<\/strong>.<\/p>\n","protected":false},"excerpt":{"rendered":"<p>Solu\u021bie durabil\u0103 pentru pardoseli de \u00eenalt\u0103 performan\u021b\u0103 Pl\u0103cile de pardoseal\u0103 pe baz\u0103 de Ecuran \u00eembun\u0103t\u0103\u021bite cu laminat mineral XSTONE reprezint\u0103 un nou punct de referin\u021b\u0103 \u00een materie de pardoseli reziliente, combin\u00e2nd performan\u021be avansate, estetic\u0103 mineral\u0103 \u0219i responsabilitate fa\u021b\u0103 de mediu. Spre deosebire de vinilul tradi\u021bional sau de pardoselile sintetice, Ecuran este un material compozit pe [&hellip;]<\/p>\n","protected":false},"featured_media":25204,"comment_status":"open","ping_status":"closed","template":"","meta":{"_acf_changed":false,"_uag_custom_page_level_css":"","site-sidebar-layout":"default","site-content-layout":"","ast-site-content-layout":"default","site-content-style":"default","site-sidebar-style":"default","ast-global-header-display":"","ast-banner-title-visibility":"","ast-main-header-display":"","ast-hfb-above-header-display":"","ast-hfb-below-header-display":"","ast-hfb-mobile-header-display":"","site-post-title":"","ast-breadcrumbs-content":"","ast-featured-img":"","footer-sml-layout":"","theme-transparent-header-meta":"default","adv-header-id-meta":"","stick-header-meta":"default","header-above-stick-meta":"","header-main-stick-meta":"","header-below-stick-meta":"","astra-migrate-meta-layouts":"default","ast-page-background-enabled":"default","ast-page-background-meta":{"desktop":{"background-color":"var(--ast-global-color-4)","background-image":"","background-repeat":"repeat","background-position":"center center","background-size":"auto","background-attachment":"scroll","background-type":"","background-media":"","overlay-type":"","overlay-color":"","overlay-opacity":"","overlay-gradient":""},"tablet":{"background-color":"","background-image":"","background-repeat":"repeat","background-position":"center center","background-size":"auto","background-attachment":"scroll","background-type":"","background-media":"","overlay-type":"","overlay-color":"","overlay-opacity":"","overlay-gradient":""},"mobile":{"background-color":"","background-image":"","background-repeat":"repeat","background-position":"center center","background-size":"auto","background-attachment":"scroll","background-type":"","background-media":"","overlay-type":"","overlay-color":"","overlay-opacity":"","overlay-gradient":""}},"ast-content-background-meta":{"desktop":{"background-color":"var(--ast-global-color-5)","background-image":"","background-repeat":"repeat","background-position":"center center","background-size":"auto","background-attachment":"scroll","background-type":"","background-media":"","overlay-type":"","overlay-color":"","overlay-opacity":"","overlay-gradient":""},"tablet":{"background-color":"var(--ast-global-color-5)","background-image":"","background-repeat":"repeat","background-position":"center center","background-size":"auto","background-attachment":"scroll","background-type":"","background-media":"","overlay-type":"","overlay-color":"","overlay-opacity":"","overlay-gradient":""},"mobile":{"background-color":"var(--ast-global-color-5)","background-image":"","background-repeat":"repeat","background-position":"center center","background-size":"auto","background-attachment":"scroll","background-type":"","background-media":"","overlay-type":"","overlay-color":"","overlay-opacity":"","overlay-gradient":""}}},"product_brand":[],"product_cat":[8761],"product_tag":[3733],"class_list":{"0":"post-25200","1":"product","2":"type-product","3":"status-publish","4":"has-post-thumbnail","6":"product_cat-backing","7":"product_tag-comp-backing-15492","8":"desktop-align-left","9":"tablet-align-left","10":"mobile-align-left","12":"first","13":"instock","14":"shipping-taxable","15":"product-type-simple"},"acf":[],"yoast_head":"<!-- This site is optimized with the Yoast SEO Premium plugin v27.4 (Yoast SEO v27.4) - https:\/\/yoast.com\/product\/yoast-seo-premium-wordpress\/ -->\n<title>ECU | Ecuran - XSTONE<\/title>\n<meta name=\"robots\" content=\"index, follow, max-snippet:-1, max-image-preview:large, max-video-preview:-1\" \/>\n<link rel=\"canonical\" href=\"https:\/\/xstone.group\/ro\/product\/ecu-ecuran\/\" \/>\n<meta property=\"og:locale\" content=\"ro_RO\" \/>\n<meta property=\"og:type\" content=\"article\" \/>\n<meta property=\"og:title\" content=\"ECU | Ecuran\" \/>\n<meta property=\"og:description\" content=\"Solu\u021bie durabil\u0103 pentru pardoseli de \u00eenalt\u0103 performan\u021b\u0103 Pl\u0103cile de pardoseal\u0103 pe baz\u0103 de Ecuran \u00eembun\u0103t\u0103\u021bite cu laminat mineral XSTONE reprezint\u0103 un nou punct de referin\u021b\u0103 \u00een materie de pardoseli reziliente, combin\u00e2nd performan\u021be avansate, estetic\u0103 mineral\u0103 \u0219i responsabilitate fa\u021b\u0103 de mediu. Spre deosebire de vinilul tradi\u021bional sau de pardoselile sintetice, Ecuran este un material compozit pe [&hellip;]\" \/>\n<meta property=\"og:url\" content=\"https:\/\/xstone.group\/ro\/product\/ecu-ecuran\/\" \/>\n<meta property=\"og:site_name\" content=\"XSTONE\" \/>\n<meta property=\"article:publisher\" content=\"https:\/\/www.facebook.com\/Xstonesurfaces1\/\" \/>\n<meta property=\"og:image\" content=\"https:\/\/xstone.group\/wp-content\/uploads\/2025\/11\/Ecuran-scaled.webp\" \/>\n\t<meta property=\"og:image:width\" content=\"2560\" \/>\n\t<meta property=\"og:image:height\" content=\"2560\" \/>\n\t<meta property=\"og:image:type\" content=\"image\/webp\" \/>\n<meta name=\"twitter:card\" content=\"summary_large_image\" \/>\n<meta name=\"twitter:label1\" content=\"Timp estimat pentru citire\" \/>\n\t<meta name=\"twitter:data1\" content=\"1 minut\" \/>\n<script type=\"application\/ld+json\" class=\"yoast-schema-graph\">{\"@context\":\"https:\\\/\\\/schema.org\",\"@graph\":[{\"@type\":\"WebPage\",\"@id\":\"https:\\\/\\\/xstone.group\\\/ro\\\/product\\\/ecu-ecuran\\\/\",\"url\":\"https:\\\/\\\/xstone.group\\\/ro\\\/product\\\/ecu-ecuran\\\/\",\"name\":\"ECU | Ecuran - XSTONE\",\"isPartOf\":{\"@id\":\"https:\\\/\\\/xstone.group\\\/ro\\\/#website\"},\"primaryImageOfPage\":{\"@id\":\"https:\\\/\\\/xstone.group\\\/ro\\\/product\\\/ecu-ecuran\\\/#primaryimage\"},\"image\":{\"@id\":\"https:\\\/\\\/xstone.group\\\/ro\\\/product\\\/ecu-ecuran\\\/#primaryimage\"},\"thumbnailUrl\":\"https:\\\/\\\/xstone.group\\\/wp-content\\\/uploads\\\/2025\\\/11\\\/Ecuran-scaled.webp\",\"datePublished\":\"2025-11-29T19:37:02+00:00\",\"breadcrumb\":{\"@id\":\"https:\\\/\\\/xstone.group\\\/ro\\\/product\\\/ecu-ecuran\\\/#breadcrumb\"},\"inLanguage\":\"ro-RO\",\"potentialAction\":[{\"@type\":\"ReadAction\",\"target\":[\"https:\\\/\\\/xstone.group\\\/ro\\\/product\\\/ecu-ecuran\\\/\"]}]},{\"@type\":\"ImageObject\",\"inLanguage\":\"ro-RO\",\"@id\":\"https:\\\/\\\/xstone.group\\\/ro\\\/product\\\/ecu-ecuran\\\/#primaryimage\",\"url\":\"https:\\\/\\\/xstone.group\\\/wp-content\\\/uploads\\\/2025\\\/11\\\/Ecuran-scaled.webp\",\"contentUrl\":\"https:\\\/\\\/xstone.group\\\/wp-content\\\/uploads\\\/2025\\\/11\\\/Ecuran-scaled.webp\",\"width\":2560,\"height\":2560},{\"@type\":\"BreadcrumbList\",\"@id\":\"https:\\\/\\\/xstone.group\\\/ro\\\/product\\\/ecu-ecuran\\\/#breadcrumb\",\"itemListElement\":[{\"@type\":\"ListItem\",\"position\":1,\"name\":\"Home\",\"item\":\"https:\\\/\\\/xstone.group\\\/ro\\\/\"},{\"@type\":\"ListItem\",\"position\":2,\"name\":\"Produse\",\"item\":\"https:\\\/\\\/xstone.group\\\/ro\\\/shop\\\/\"},{\"@type\":\"ListItem\",\"position\":3,\"name\":\"ECU | Ecuran\"}]},{\"@type\":\"WebSite\",\"@id\":\"https:\\\/\\\/xstone.group\\\/ro\\\/#website\",\"url\":\"https:\\\/\\\/xstone.group\\\/ro\\\/\",\"name\":\"XSTONE\",\"description\":\"Frumuse\u021be mineral\u0103 autentic\u0103 \u0219i nelimitat\u0103, nelegat\u0103 de gravita\u021bie\",\"potentialAction\":[{\"@type\":\"SearchAction\",\"target\":{\"@type\":\"EntryPoint\",\"urlTemplate\":\"https:\\\/\\\/xstone.group\\\/ro\\\/?s={search_term_string}\"},\"query-input\":{\"@type\":\"PropertyValueSpecification\",\"valueRequired\":true,\"valueName\":\"search_term_string\"}}],\"inLanguage\":\"ro-RO\"}]}<\/script>\n<!-- \/ Yoast SEO Premium plugin. -->","yoast_head_json":{"title":"ECU | Ecuran - XSTONE","robots":{"index":"index","follow":"follow","max-snippet":"max-snippet:-1","max-image-preview":"max-image-preview:large","max-video-preview":"max-video-preview:-1"},"canonical":"https:\/\/xstone.group\/ro\/product\/ecu-ecuran\/","og_locale":"ro_RO","og_type":"article","og_title":"ECU | Ecuran","og_description":"Solu\u021bie durabil\u0103 pentru pardoseli de \u00eenalt\u0103 performan\u021b\u0103 Pl\u0103cile de pardoseal\u0103 pe baz\u0103 de Ecuran \u00eembun\u0103t\u0103\u021bite cu laminat mineral XSTONE reprezint\u0103 un nou punct de referin\u021b\u0103 \u00een materie de pardoseli reziliente, combin\u00e2nd performan\u021be avansate, estetic\u0103 mineral\u0103 \u0219i responsabilitate fa\u021b\u0103 de mediu. Spre deosebire de vinilul tradi\u021bional sau de pardoselile sintetice, Ecuran este un material compozit pe [&hellip;]","og_url":"https:\/\/xstone.group\/ro\/product\/ecu-ecuran\/","og_site_name":"XSTONE","article_publisher":"https:\/\/www.facebook.com\/Xstonesurfaces1\/","og_image":[{"width":2560,"height":2560,"url":"https:\/\/xstone.group\/wp-content\/uploads\/2025\/11\/Ecuran-scaled.webp","type":"image\/webp"}],"twitter_card":"summary_large_image","twitter_misc":{"Timp estimat pentru citire":"1 minut"},"schema":{"@context":"https:\/\/schema.org","@graph":[{"@type":"WebPage","@id":"https:\/\/xstone.group\/ro\/product\/ecu-ecuran\/","url":"https:\/\/xstone.group\/ro\/product\/ecu-ecuran\/","name":"ECU | Ecuran - XSTONE","isPartOf":{"@id":"https:\/\/xstone.group\/ro\/#website"},"primaryImageOfPage":{"@id":"https:\/\/xstone.group\/ro\/product\/ecu-ecuran\/#primaryimage"},"image":{"@id":"https:\/\/xstone.group\/ro\/product\/ecu-ecuran\/#primaryimage"},"thumbnailUrl":"https:\/\/xstone.group\/wp-content\/uploads\/2025\/11\/Ecuran-scaled.webp","datePublished":"2025-11-29T19:37:02+00:00","breadcrumb":{"@id":"https:\/\/xstone.group\/ro\/product\/ecu-ecuran\/#breadcrumb"},"inLanguage":"ro-RO","potentialAction":[{"@type":"ReadAction","target":["https:\/\/xstone.group\/ro\/product\/ecu-ecuran\/"]}]},{"@type":"ImageObject","inLanguage":"ro-RO","@id":"https:\/\/xstone.group\/ro\/product\/ecu-ecuran\/#primaryimage","url":"https:\/\/xstone.group\/wp-content\/uploads\/2025\/11\/Ecuran-scaled.webp","contentUrl":"https:\/\/xstone.group\/wp-content\/uploads\/2025\/11\/Ecuran-scaled.webp","width":2560,"height":2560},{"@type":"BreadcrumbList","@id":"https:\/\/xstone.group\/ro\/product\/ecu-ecuran\/#breadcrumb","itemListElement":[{"@type":"ListItem","position":1,"name":"Home","item":"https:\/\/xstone.group\/ro\/"},{"@type":"ListItem","position":2,"name":"Produse","item":"https:\/\/xstone.group\/ro\/shop\/"},{"@type":"ListItem","position":3,"name":"ECU | Ecuran"}]},{"@type":"WebSite","@id":"https:\/\/xstone.group\/ro\/#website","url":"https:\/\/xstone.group\/ro\/","name":"XSTONE","description":"Frumuse\u021be mineral\u0103 autentic\u0103 \u0219i nelimitat\u0103, nelegat\u0103 de gravita\u021bie","potentialAction":[{"@type":"SearchAction","target":{"@type":"EntryPoint","urlTemplate":"https:\/\/xstone.group\/ro\/?s={search_term_string}"},"query-input":{"@type":"PropertyValueSpecification","valueRequired":true,"valueName":"search_term_string"}}],"inLanguage":"ro-RO"}]}},"spectra_custom_meta":{"_last_translation_edit_mode":["translation-editor"],"_product_attributes":["a:18:{s:8:\"features\";a:6:{s:4:\"name\";s:8:\"Features\";s:5:\"value\";s:189:\"F\u0103r\u0103 clor, plastifian\u021bi \u0219i solven\u021bi. Suport pe baz\u0103 de ecuran, un compozit inovator realizat din uleiuri vegetale \u0219i minerale naturale, care combin\u0103 durabilitatea cu durabilitatea. \";s:8:\"position\";i:0;s:10:\"is_visible\";i:1;s:12:\"is_variation\";i:0;s:11:\"is_taxonomy\";i:0;}s:11:\"composition\";a:6:{s:4:\"name\";s:11:\"Composition\";s:5:\"value\";s:283:\"Strat superior PU trafic intens + Culoare acrilic\u0103 sau imprimare UV + Placaj mineral decorativ 1 mm (90% pulbere de piatr\u0103) + Strat de baz\u0103 : material compozit ecuran de \u00eenalt\u0103 performan\u021b\u0103 4 mm + Suport : FleeceTEC-System integrat pentru o instalare u\u0219oar\u0103 \u0219i confortabil\u0103\";s:8:\"position\";i:1;s:10:\"is_visible\";i:1;s:12:\"is_variation\";i:0;s:11:\"is_taxonomy\";i:0;}s:4:\"size\";a:6:{s:4:\"name\";s:4:\"Size\";s:5:\"value\";s:68:\"1200 x 800 mm; 3000 x 1000 mm; Alte dimensiuni disponibile la cerere\";s:8:\"position\";i:2;s:10:\"is_visible\";i:1;s:12:\"is_variation\";i:0;s:11:\"is_taxonomy\";i:0;}s:12:\"pa_thickness\";a:6:{s:4:\"name\";s:12:\"pa_thickness\";s:5:\"value\";s:0:\"\";s:8:\"position\";i:3;s:10:\"is_visible\";i:1;s:12:\"is_variation\";i:0;s:11:\"is_taxonomy\";i:1;}s:14:\"pa_fire-rating\";a:6:{s:4:\"name\";s:14:\"pa_fire-rating\";s:5:\"value\";s:0:\"\";s:8:\"position\";i:4;s:10:\"is_visible\";i:1;s:12:\"is_variation\";i:0;s:11:\"is_taxonomy\";i:1;}s:33:\"utilization-class-23-en-iso-10874\";a:6:{s:4:\"name\";s:35:\"Utilization class 23 : EN ISO 10874\";s:5:\"value\";s:40:\"Zon\u0103 domestic\u0103 cu utilizare intensiv\u0103\";s:8:\"position\";i:5;s:10:\"is_visible\";i:1;s:12:\"is_variation\";i:0;s:11:\"is_taxonomy\";i:0;}s:33:\"utilization-class-33-en-iso-10874\";a:6:{s:4:\"name\";s:35:\"Utilization class 33 : EN ISO 10874\";s:5:\"value\";s:38:\"Sector comercial cu utilizare intens\u0103\";s:8:\"position\";i:6;s:10:\"is_visible\";i:1;s:12:\"is_variation\";i:0;s:11:\"is_taxonomy\";i:0;}s:35:\"scratch-resistance-en-16776-annex-a\";a:6:{s:4:\"name\";s:38:\"Scratch resistance : EN 16776, annex A\";s:5:\"value\";s:31:\"Clasa de utilizare 33: &gt; 6 N\";s:8:\"position\";i:7;s:10:\"is_visible\";i:1;s:12:\"is_variation\";i:0;s:11:\"is_taxonomy\";i:0;}s:28:\"anti-slip-category-din-51130\";a:6:{s:4:\"name\";s:30:\"Anti slip category : DIN 51130\";s:5:\"value\";s:2:\"R9\";s:8:\"position\";i:8;s:10:\"is_visible\";i:1;s:12:\"is_variation\";i:0;s:11:\"is_taxonomy\";i:0;}s:45:\"staining-and-chemical-resistance-en-iso-26987\";a:6:{s:4:\"name\";s:46:\"Staining and chemical resistance: EN ISO 26987\";s:5:\"value\";s:84:\"Rezisten\u021b\u0103 foarte bun\u0103 \u00een func\u021bie de concentra\u021bie \u0219i de timpul de reziden\u021b\u0103\";s:8:\"position\";i:9;s:10:\"is_visible\";i:1;s:12:\"is_variation\";i:0;s:11:\"is_taxonomy\";i:0;}s:29:\"light-fastness-en-iso-105-b02\";a:6:{s:4:\"name\";s:31:\"Light fastness : EN ISO 105-B02\";s:5:\"value\";s:2:\"~7\";s:8:\"position\";i:10;s:10:\"is_visible\";i:1;s:12:\"is_variation\";i:0;s:11:\"is_taxonomy\";i:0;}s:35:\"residual-indentation-en-iso-24343-1\";a:6:{s:4:\"name\";s:37:\"Residual indentation : EN ISO 24343-1\";s:5:\"value\";s:12:\"&lt; 0,10 mm\";s:8:\"position\";i:11;s:10:\"is_visible\";i:1;s:12:\"is_variation\";i:0;s:11:\"is_taxonomy\";i:0;}s:32:\"effect-of-a-furniture-leg-en-424\";a:6:{s:4:\"name\";s:34:\"Effect of a furniture leg : EN 424\";s:5:\"value\";s:50:\"\u00een test: Picior tip 2 - nicio schimbare vizibil\u0103\";s:8:\"position\";i:12;s:10:\"is_visible\";i:1;s:12:\"is_variation\";i:0;s:11:\"is_taxonomy\";i:0;}s:29:\"castor-chair-test-en-iso-4918\";a:6:{s:4:\"name\";s:31:\"Castor chair test : EN ISO 4918\";s:5:\"value\";s:51:\"25000 rota\u021bii. nicio deteriorare cu role de tip W \";s:8:\"position\";i:13;s:10:\"is_visible\";i:1;s:12:\"is_variation\";i:0;s:11:\"is_taxonomy\";i:0;}s:27:\"thermal-resistance-iso-8302\";a:6:{s:4:\"name\";s:29:\"Thermal resistance : ISO 8302\";s:5:\"value\";s:13:\"0,01 (m\u00b2K)\/W\";s:8:\"position\";i:14;s:10:\"is_visible\";i:1;s:12:\"is_variation\";i:0;s:11:\"is_taxonomy\";i:0;}s:35:\"impact-sound-reduction-en-iso-10140\";a:6:{s:4:\"name\";s:37:\"Impact sound reduction : EN ISO 10140\";s:5:\"value\";s:6:\"~ 5 dB\";s:8:\"position\";i:15;s:10:\"is_visible\";i:1;s:12:\"is_variation\";i:0;s:11:\"is_taxonomy\";i:0;}s:32:\"dimension-stability-en-iso-23999\";a:6:{s:4:\"name\";s:34:\"Dimension stability : EN ISO 23999\";s:5:\"value\";s:11:\"&lt; 0.15 %\";s:8:\"position\";i:16;s:10:\"is_visible\";i:1;s:12:\"is_variation\";i:0;s:11:\"is_taxonomy\";i:0;}s:5:\"reach\";a:6:{s:4:\"name\";s:5:\"REACH\";s:5:\"value\";s:33:\"f\u0103r\u0103 substan\u021be SVHC &gt; 0,1 %\";s:8:\"position\";i:17;s:10:\"is_visible\";i:1;s:12:\"is_variation\";i:0;s:11:\"is_taxonomy\";i:0;}}"],"attr_label_translations":["a:1:{s:2:\"ro\";a:16:{s:8:\"features\";s:14:\"Caracteristici\";s:11:\"composition\";s:11:\"Compozi\u021bie\";s:4:\"size\";s:7:\"M\u0103rime\";s:33:\"utilization-class-23-en-iso-10874\";s:36:\"Clasa de utilizare 23 : EN ISO 10874\";s:33:\"utilization-class-33-en-iso-10874\";s:36:\"Clasa de utilizare 33 : EN ISO 10874\";s:35:\"scratch-resistance-en-16776-annex-a\";s:47:\"Rezisten\u021b\u0103 la zg\u00e2rieturi : EN 16776, anexa A\";s:28:\"anti-slip-category-din-51130\";s:36:\"Categoria antiderapant\u0103 : DIN 51130\";s:45:\"staining-and-chemical-resistance-en-iso-26987\";s:57:\"Rezisten\u021b\u0103 la pete \u0219i substan\u021be chimice: EN ISO 26987\";s:29:\"light-fastness-en-iso-105-b02\";s:39:\"Rezisten\u021ba la lumin\u0103 : EN ISO 105-B02\";s:35:\"residual-indentation-en-iso-24343-1\";s:37:\"Indentare rezidual\u0103 : EN ISO 24343-1\";s:32:\"effect-of-a-furniture-leg-en-424\";s:40:\"Efectul unui picior de mobilier : EN 424\";s:29:\"castor-chair-test-en-iso-4918\";s:37:\"Testul scaunului Castor : EN ISO 4918\";s:27:\"thermal-resistance-iso-8302\";s:32:\"Rezisten\u021b\u0103 termic\u0103 : ISO 8302\";s:35:\"impact-sound-reduction-en-iso-10140\";s:45:\"Reducerea zgomotului de impact : EN ISO 10140\";s:32:\"dimension-stability-en-iso-23999\";s:41:\"Stabilitatea dimensiunilor : EN ISO 23999\";s:5:\"reach\";s:5:\"REACH\";}}"],"_wcml_average_rating":[null],"_wcml_review_count":[null],"_wcml_rating_count":[null],"_yoast_wpseo_primary_product_cat":["331"],"_backorders":["no"],"_download_limit":["-1"],"_download_expiry":["-1"],"_downloadable":["no"],"_manage_stock":["no"],"_sku":["ECU"],"_stock_status":["instock"],"_sold_individually":["no"],"_tax_class":[""],"_tax_status":["taxable"],"_virtual":["no"],"total_sales":["0"],"_wpml_media_duplicate":["1"],"_wpml_media_featured":["1"],"stick-header-meta":["default"],"site-sidebar-layout":["default"],"theme-transparent-header-meta":["default"],"ast-site-content-layout":["default"],"site-content-style":["default"],"site-sidebar-style":["default"],"_product_image_gallery":["25201,25202,25203"],"_thumbnail_id":["25204"],"_wpml_word_count":["294"],"two_optimized_date":["1776585380"],"woolentor_views_count_product":["9"],"_uag_css_file_name":["uag-css-25200.css"],"_uag_js_file_name":["uag-js-25200.js"],"tp_widgets":["a:2:{s:7:\"widgets\";a:6:{i:0;s:18:\"plus-list-skeleton\";i:1;s:22:\"plus-listing-load-more\";i:2;s:18:\"plus-listing-metro\";i:3;s:18:\"tp-product-listout\";i:4;s:17:\"tp-single-style_1\";i:5;s:19:\"tp-woo-single-image\";}s:9:\"update_at\";s:10:\"1776541402\";}"],"_elementor_edit_mode":["builder"],"_selectproduct_layout":["17824"],"_elementor_page_assets":["a:0:{}"],"_elementor_css":["a:7:{s:4:\"time\";i:1776793752;s:5:\"fonts\";a:0:{}s:5:\"icons\";a:0:{}s:20:\"dynamic_elements_ids\";a:0:{}s:6:\"status\";s:5:\"empty\";i:0;s:0:\"\";s:3:\"css\";s:0:\"\";}"],"_wc_rating_count":[""],"_wc_review_count":[""],"_wc_average_rating":[0]},"uagb_featured_image_src":{"full":["https:\/\/xstone.group\/wp-content\/uploads\/2025\/11\/Ecuran-scaled.webp",2560,2560,false],"thumbnail":["https:\/\/xstone.group\/wp-content\/uploads\/2025\/11\/Ecuran-150x150.webp",150,150,true],"medium":["https:\/\/xstone.group\/wp-content\/uploads\/2025\/11\/Ecuran-300x300.webp",300,300,true],"medium_large":["https:\/\/xstone.group\/wp-content\/uploads\/2025\/11\/Ecuran-768x768.webp",768,768,true],"large":["https:\/\/xstone.group\/wp-content\/uploads\/2025\/11\/Ecuran-1024x1024.webp",1024,1024,true],"1536x1536":["https:\/\/xstone.group\/wp-content\/uploads\/2025\/11\/Ecuran-1536x1536.webp",1536,1536,true],"2048x2048":["https:\/\/xstone.group\/wp-content\/uploads\/2025\/11\/Ecuran-2048x2048.webp",2048,2048,true],"tp-image-grid":["https:\/\/xstone.group\/wp-content\/uploads\/2025\/11\/Ecuran-scaled.webp",700,700,false],"tenweb_optimizer_mobile":["https:\/\/xstone.group\/wp-content\/uploads\/2025\/11\/Ecuran-600x600.webp",600,600,true],"tenweb_optimizer_tablet":["https:\/\/xstone.group\/wp-content\/uploads\/2025\/11\/Ecuran-768x768.webp",768,768,true],"woocommerce_thumbnail":["https:\/\/xstone.group\/wp-content\/uploads\/2025\/11\/Ecuran-300x300.webp",300,300,true],"woocommerce_single":["https:\/\/xstone.group\/wp-content\/uploads\/2025\/11\/Ecuran-600x600.webp",600,600,true],"woocommerce_gallery_thumbnail":["https:\/\/xstone.group\/wp-content\/uploads\/2025\/11\/Ecuran-100x100.webp",100,100,true]},"uagb_author_info":{"display_name":"laurent.gomez@xstone.group","author_link":"https:\/\/xstone.group\/ro\/author\/"},"uagb_comment_info":0,"uagb_excerpt":"Solu\u021bie durabil\u0103 pentru pardoseli de \u00eenalt\u0103 performan\u021b\u0103 Pl\u0103cile de pardoseal\u0103 pe baz\u0103 de Ecuran \u00eembun\u0103t\u0103\u021bite cu laminat mineral XSTONE reprezint\u0103 un nou punct de referin\u021b\u0103 \u00een materie de pardoseli reziliente, combin\u00e2nd performan\u021be avansate, estetic\u0103 mineral\u0103 \u0219i responsabilitate fa\u021b\u0103 de mediu. Spre deosebire de vinilul tradi\u021bional sau de pardoselile sintetice, Ecuran este un material compozit pe&hellip;","_links":{"self":[{"href":"https:\/\/xstone.group\/ro\/wp-json\/wp\/v2\/product\/25200","targetHints":{"allow":["GET"]}}],"collection":[{"href":"https:\/\/xstone.group\/ro\/wp-json\/wp\/v2\/product"}],"about":[{"href":"https:\/\/xstone.group\/ro\/wp-json\/wp\/v2\/types\/product"}],"replies":[{"embeddable":true,"href":"https:\/\/xstone.group\/ro\/wp-json\/wp\/v2\/comments?post=25200"}],"wp:featuredmedia":[{"embeddable":true,"href":"https:\/\/xstone.group\/ro\/wp-json\/wp\/v2\/media\/25204"}],"wp:attachment":[{"href":"https:\/\/xstone.group\/ro\/wp-json\/wp\/v2\/media?parent=25200"}],"wp:term":[{"taxonomy":"product_brand","embeddable":true,"href":"https:\/\/xstone.group\/ro\/wp-json\/wp\/v2\/product_brand?post=25200"},{"taxonomy":"product_cat","embeddable":true,"href":"https:\/\/xstone.group\/ro\/wp-json\/wp\/v2\/product_cat?post=25200"},{"taxonomy":"product_tag","embeddable":true,"href":"https:\/\/xstone.group\/ro\/wp-json\/wp\/v2\/product_tag?post=25200"}],"curies":[{"name":"wp","href":"https:\/\/api.w.org\/{rel}","templated":true}]}}