{"id":25229,"date":"2025-11-29T19:37:47","date_gmt":"2025-11-29T19:37:47","guid":{"rendered":"https:\/\/xstone.group\/product\/etc-etics\/"},"modified":"2025-11-29T19:37:47","modified_gmt":"2025-11-29T19:37:47","slug":"etc-etics","status":"publish","type":"product","link":"https:\/\/xstone.group\/ro\/product\/etc-etics\/","title":{"rendered":"ETC | ETICS"},"content":{"rendered":"<p data-start=\"343\" data-end=\"779\">ETICS (External Thermal Insulation Composite Systems), cunoscut \u0219i sub numele de EIFS, combinat cu izola\u021bia din polistiren expandat (EPS) \u0219i <strong data-start=\"556\" data-end=\"593\">finisajul laminat mineral XSTONE<\/strong>, ofer\u0103 o solu\u021bie avansat\u0103 pentru anvelopele cl\u0103dirilor de \u00eenalt\u0103 performan\u021b\u0103. Acest sistem \u00eembin\u0103 eficien\u021ba termic\u0103, durabilitatea \u0219i designul arhitectural premium prin suprafe\u021be minerale reale. <\/p>\n<p data-start=\"781\" data-end=\"1659\">Principalele avantaje includ:<br data-start=\"804\" data-end=\"807\">&#8211; Izola\u021bie termic\u0103 excelent\u0103: Pl\u0103cile EPS reduc semnificativ pierderile de c\u0103ldur\u0103 \u0219i \u00eembun\u0103t\u0103\u021besc eficien\u021ba energetic\u0103.<br data-start=\"911\" data-end=\"914\">&#8211; Sistem u\u0219or: Sarcin\u0103 structural\u0103 redus\u0103, ideal at\u00e2t pentru construc\u021bii noi, c\u00e2t \u0219i pentru proiecte de renovare.<br data-start=\"1013\" data-end=\"1016\">&#8211; Performan\u021b\u0103 sporit\u0103 la foc: Configura\u021biile sistemului care includ laminatul mineral XSTONE pot atinge clasific\u0103ri de p\u00e2n\u0103 la A2-s1,d0.<br data-start=\"1144\" data-end=\"1147\">&#8211; Rezisten\u021b\u0103 superioar\u0103 la intemperii \u0219i UV: Laminatul mineral XSTONE ofer\u0103 rezisten\u021b\u0103 pe termen lung la UV, umiditate \u0219i condi\u021bii climatice externe.<br data-start=\"1289\" data-end=\"1292\">&#8211; Finisaj estetic premium: Texturi minerale reale (piatr\u0103, beton, c\u0103r\u0103mid\u0103, efecte de lemn) cu flexibilitate ridicat\u0103 a designului.<br data-start=\"1410\" data-end=\"1413\">&#8211; Eficien\u021ba costurilor: Timp de instalare optimizat \u0219i constr\u00e2ngeri structurale reduse comparativ cu fa\u021badele tradi\u021bionale din piatr\u0103.<br data-start=\"1533\" data-end=\"1536\">&#8211; Contribu\u021bie acustic\u0103: \u00cembun\u0103t\u0103\u021birea performan\u021bei acustice a fa\u021badei atunci c\u00e2nd este combinat\u0103 cu straturi armate \u0219i finisaje minerale.<\/p>\n","protected":false},"excerpt":{"rendered":"<p>ETICS (External Thermal Insulation Composite Systems), cunoscut \u0219i sub numele de EIFS, combinat cu izola\u021bia din polistiren expandat (EPS) \u0219i finisajul laminat mineral XSTONE, ofer\u0103 o solu\u021bie avansat\u0103 pentru anvelopele cl\u0103dirilor de \u00eenalt\u0103 performan\u021b\u0103. Acest sistem \u00eembin\u0103 eficien\u021ba termic\u0103, durabilitatea \u0219i designul arhitectural premium prin suprafe\u021be minerale reale. Principalele avantaje includ:&#8211; Izola\u021bie termic\u0103 excelent\u0103: Pl\u0103cile [&hellip;]<\/p>\n","protected":false},"featured_media":25230,"comment_status":"open","ping_status":"closed","template":"","meta":{"_acf_changed":false,"_uag_custom_page_level_css":"","site-sidebar-layout":"default","site-content-layout":"","ast-site-content-layout":"default","site-content-style":"default","site-sidebar-style":"default","ast-global-header-display":"","ast-banner-title-visibility":"","ast-main-header-display":"","ast-hfb-above-header-display":"","ast-hfb-below-header-display":"","ast-hfb-mobile-header-display":"","site-post-title":"","ast-breadcrumbs-content":"","ast-featured-img":"","footer-sml-layout":"","theme-transparent-header-meta":"default","adv-header-id-meta":"","stick-header-meta":"default","header-above-stick-meta":"","header-main-stick-meta":"","header-below-stick-meta":"","astra-migrate-meta-layouts":"default","ast-page-background-enabled":"default","ast-page-background-meta":{"desktop":{"background-color":"var(--ast-global-color-4)","background-image":"","background-repeat":"repeat","background-position":"center center","background-size":"auto","background-attachment":"scroll","background-type":"","background-media":"","overlay-type":"","overlay-color":"","overlay-opacity":"","overlay-gradient":""},"tablet":{"background-color":"","background-image":"","background-repeat":"repeat","background-position":"center center","background-size":"auto","background-attachment":"scroll","background-type":"","background-media":"","overlay-type":"","overlay-color":"","overlay-opacity":"","overlay-gradient":""},"mobile":{"background-color":"","background-image":"","background-repeat":"repeat","background-position":"center center","background-size":"auto","background-attachment":"scroll","background-type":"","background-media":"","overlay-type":"","overlay-color":"","overlay-opacity":"","overlay-gradient":""}},"ast-content-background-meta":{"desktop":{"background-color":"var(--ast-global-color-5)","background-image":"","background-repeat":"repeat","background-position":"center center","background-size":"auto","background-attachment":"scroll","background-type":"","background-media":"","overlay-type":"","overlay-color":"","overlay-opacity":"","overlay-gradient":""},"tablet":{"background-color":"var(--ast-global-color-5)","background-image":"","background-repeat":"repeat","background-position":"center center","background-size":"auto","background-attachment":"scroll","background-type":"","background-media":"","overlay-type":"","overlay-color":"","overlay-opacity":"","overlay-gradient":""},"mobile":{"background-color":"var(--ast-global-color-5)","background-image":"","background-repeat":"repeat","background-position":"center center","background-size":"auto","background-attachment":"scroll","background-type":"","background-media":"","overlay-type":"","overlay-color":"","overlay-opacity":"","overlay-gradient":""}}},"product_brand":[],"product_cat":[8761],"product_tag":[9093,9104,9100,9103,9095,9086,9097,9094,9092,1770,9088,9089,9096,9098,9090,9102,9091,9099,9101,9087,3107],"class_list":{"0":"post-25229","1":"product","2":"type-product","3":"status-publish","4":"has-post-thumbnail","6":"product_cat-backing","7":"product_tag-a2-s1-d0","8":"product_tag-comp-backing-15493","9":"product_tag-architectural-facade-design","10":"product_tag-high-performance-facade","11":"product_tag-sustainable-facade","12":"product_tag-etics-facade","13":"product_tag-leed-facade","14":"product_tag-fire-resistant-facade","15":"product_tag-lightweight-facade","16":"product_tag-flexible-stone-veneer","17":"product_tag-eps-insulation","18":"product_tag-mineral-laminate","19":"product_tag-breeam-materials","20":"product_tag-low-voc-materials","21":"product_tag-exterior-cladding","22":"product_tag-mineral-surface-cladding","23":"product_tag-facade-system","24":"product_tag-thermal-insulation-system","25":"product_tag-exterior-wall-system","26":"product_tag-eifs-system","27":"product_tag-xstone","28":"desktop-align-left","29":"tablet-align-left","30":"mobile-align-left","32":"first","33":"instock","34":"shipping-taxable","35":"product-type-simple"},"acf":[],"yoast_head":"<!-- This site is optimized with the Yoast SEO Premium plugin v27.4 (Yoast SEO v27.4) - https:\/\/yoast.com\/product\/yoast-seo-premium-wordpress\/ -->\n<title>ETC | ETICS - XSTONE<\/title>\n<meta name=\"description\" content=\"Fa\u021bad\u0103 ETICS de \u00eenalt\u0103 performan\u021b\u0103 cu izola\u021bie EPS \u0219i laminat mineral XSTONE. Solu\u021bie u\u0219oar\u0103, durabil\u0103, rezistent\u0103 la foc B-s1,d0, cu design durabil.\" \/>\n<meta name=\"robots\" content=\"index, follow, max-snippet:-1, max-image-preview:large, max-video-preview:-1\" \/>\n<link rel=\"canonical\" href=\"https:\/\/xstone.group\/ro\/product\/etc-etics\/\" \/>\n<meta property=\"og:locale\" content=\"ro_RO\" \/>\n<meta property=\"og:type\" content=\"article\" \/>\n<meta property=\"og:title\" content=\"ETC | ETICS\" \/>\n<meta property=\"og:description\" content=\"Fa\u021bad\u0103 ETICS de \u00eenalt\u0103 performan\u021b\u0103 cu izola\u021bie EPS \u0219i laminat mineral XSTONE. Solu\u021bie u\u0219oar\u0103, durabil\u0103, rezistent\u0103 la foc B-s1,d0, cu design durabil.\" \/>\n<meta property=\"og:url\" content=\"https:\/\/xstone.group\/ro\/product\/etc-etics\/\" \/>\n<meta property=\"og:site_name\" content=\"XSTONE\" \/>\n<meta property=\"article:publisher\" content=\"https:\/\/www.facebook.com\/Xstonesurfaces1\/\" \/>\n<meta property=\"og:image\" content=\"https:\/\/xstone.group\/wp-content\/uploads\/2025\/11\/ETICS.webp\" \/>\n\t<meta property=\"og:image:width\" content=\"1512\" \/>\n\t<meta property=\"og:image:height\" content=\"1512\" \/>\n\t<meta property=\"og:image:type\" content=\"image\/webp\" \/>\n<meta name=\"twitter:card\" content=\"summary_large_image\" \/>\n<meta name=\"twitter:label1\" content=\"Timp estimat pentru citire\" \/>\n\t<meta name=\"twitter:data1\" content=\"1 minut\" \/>\n<script type=\"application\/ld+json\" class=\"yoast-schema-graph\">{\"@context\":\"https:\\\/\\\/schema.org\",\"@graph\":[{\"@type\":\"WebPage\",\"@id\":\"https:\\\/\\\/xstone.group\\\/ro\\\/product\\\/etc-etics\\\/\",\"url\":\"https:\\\/\\\/xstone.group\\\/ro\\\/product\\\/etc-etics\\\/\",\"name\":\"ETC | ETICS - XSTONE\",\"isPartOf\":{\"@id\":\"https:\\\/\\\/xstone.group\\\/ro\\\/#website\"},\"primaryImageOfPage\":{\"@id\":\"https:\\\/\\\/xstone.group\\\/ro\\\/product\\\/etc-etics\\\/#primaryimage\"},\"image\":{\"@id\":\"https:\\\/\\\/xstone.group\\\/ro\\\/product\\\/etc-etics\\\/#primaryimage\"},\"thumbnailUrl\":\"https:\\\/\\\/xstone.group\\\/wp-content\\\/uploads\\\/2025\\\/11\\\/ETICS.webp\",\"datePublished\":\"2025-11-29T19:37:47+00:00\",\"description\":\"Fa\u021bad\u0103 ETICS de \u00eenalt\u0103 performan\u021b\u0103 cu izola\u021bie EPS \u0219i laminat mineral XSTONE. Solu\u021bie u\u0219oar\u0103, durabil\u0103, rezistent\u0103 la foc B-s1,d0, cu design durabil.\",\"breadcrumb\":{\"@id\":\"https:\\\/\\\/xstone.group\\\/ro\\\/product\\\/etc-etics\\\/#breadcrumb\"},\"inLanguage\":\"ro-RO\",\"potentialAction\":[{\"@type\":\"ReadAction\",\"target\":[\"https:\\\/\\\/xstone.group\\\/ro\\\/product\\\/etc-etics\\\/\"]}]},{\"@type\":\"ImageObject\",\"inLanguage\":\"ro-RO\",\"@id\":\"https:\\\/\\\/xstone.group\\\/ro\\\/product\\\/etc-etics\\\/#primaryimage\",\"url\":\"https:\\\/\\\/xstone.group\\\/wp-content\\\/uploads\\\/2025\\\/11\\\/ETICS.webp\",\"contentUrl\":\"https:\\\/\\\/xstone.group\\\/wp-content\\\/uploads\\\/2025\\\/11\\\/ETICS.webp\",\"width\":1512,\"height\":1512},{\"@type\":\"BreadcrumbList\",\"@id\":\"https:\\\/\\\/xstone.group\\\/ro\\\/product\\\/etc-etics\\\/#breadcrumb\",\"itemListElement\":[{\"@type\":\"ListItem\",\"position\":1,\"name\":\"Home\",\"item\":\"https:\\\/\\\/xstone.group\\\/ro\\\/\"},{\"@type\":\"ListItem\",\"position\":2,\"name\":\"Produse\",\"item\":\"https:\\\/\\\/xstone.group\\\/ro\\\/shop\\\/\"},{\"@type\":\"ListItem\",\"position\":3,\"name\":\"ETC | ETICS\"}]},{\"@type\":\"WebSite\",\"@id\":\"https:\\\/\\\/xstone.group\\\/ro\\\/#website\",\"url\":\"https:\\\/\\\/xstone.group\\\/ro\\\/\",\"name\":\"XSTONE\",\"description\":\"Frumuse\u021be mineral\u0103 autentic\u0103 \u0219i nelimitat\u0103, nelegat\u0103 de gravita\u021bie\",\"potentialAction\":[{\"@type\":\"SearchAction\",\"target\":{\"@type\":\"EntryPoint\",\"urlTemplate\":\"https:\\\/\\\/xstone.group\\\/ro\\\/?s={search_term_string}\"},\"query-input\":{\"@type\":\"PropertyValueSpecification\",\"valueRequired\":true,\"valueName\":\"search_term_string\"}}],\"inLanguage\":\"ro-RO\"}]}<\/script>\n<!-- \/ Yoast SEO Premium plugin. -->","yoast_head_json":{"title":"ETC | ETICS - XSTONE","description":"Fa\u021bad\u0103 ETICS de \u00eenalt\u0103 performan\u021b\u0103 cu izola\u021bie EPS \u0219i laminat mineral XSTONE. Solu\u021bie u\u0219oar\u0103, durabil\u0103, rezistent\u0103 la foc B-s1,d0, cu design durabil.","robots":{"index":"index","follow":"follow","max-snippet":"max-snippet:-1","max-image-preview":"max-image-preview:large","max-video-preview":"max-video-preview:-1"},"canonical":"https:\/\/xstone.group\/ro\/product\/etc-etics\/","og_locale":"ro_RO","og_type":"article","og_title":"ETC | ETICS","og_description":"Fa\u021bad\u0103 ETICS de \u00eenalt\u0103 performan\u021b\u0103 cu izola\u021bie EPS \u0219i laminat mineral XSTONE. Solu\u021bie u\u0219oar\u0103, durabil\u0103, rezistent\u0103 la foc B-s1,d0, cu design durabil.","og_url":"https:\/\/xstone.group\/ro\/product\/etc-etics\/","og_site_name":"XSTONE","article_publisher":"https:\/\/www.facebook.com\/Xstonesurfaces1\/","og_image":[{"width":1512,"height":1512,"url":"https:\/\/xstone.group\/wp-content\/uploads\/2025\/11\/ETICS.webp","type":"image\/webp"}],"twitter_card":"summary_large_image","twitter_misc":{"Timp estimat pentru citire":"1 minut"},"schema":{"@context":"https:\/\/schema.org","@graph":[{"@type":"WebPage","@id":"https:\/\/xstone.group\/ro\/product\/etc-etics\/","url":"https:\/\/xstone.group\/ro\/product\/etc-etics\/","name":"ETC | ETICS - XSTONE","isPartOf":{"@id":"https:\/\/xstone.group\/ro\/#website"},"primaryImageOfPage":{"@id":"https:\/\/xstone.group\/ro\/product\/etc-etics\/#primaryimage"},"image":{"@id":"https:\/\/xstone.group\/ro\/product\/etc-etics\/#primaryimage"},"thumbnailUrl":"https:\/\/xstone.group\/wp-content\/uploads\/2025\/11\/ETICS.webp","datePublished":"2025-11-29T19:37:47+00:00","description":"Fa\u021bad\u0103 ETICS de \u00eenalt\u0103 performan\u021b\u0103 cu izola\u021bie EPS \u0219i laminat mineral XSTONE. Solu\u021bie u\u0219oar\u0103, durabil\u0103, rezistent\u0103 la foc B-s1,d0, cu design durabil.","breadcrumb":{"@id":"https:\/\/xstone.group\/ro\/product\/etc-etics\/#breadcrumb"},"inLanguage":"ro-RO","potentialAction":[{"@type":"ReadAction","target":["https:\/\/xstone.group\/ro\/product\/etc-etics\/"]}]},{"@type":"ImageObject","inLanguage":"ro-RO","@id":"https:\/\/xstone.group\/ro\/product\/etc-etics\/#primaryimage","url":"https:\/\/xstone.group\/wp-content\/uploads\/2025\/11\/ETICS.webp","contentUrl":"https:\/\/xstone.group\/wp-content\/uploads\/2025\/11\/ETICS.webp","width":1512,"height":1512},{"@type":"BreadcrumbList","@id":"https:\/\/xstone.group\/ro\/product\/etc-etics\/#breadcrumb","itemListElement":[{"@type":"ListItem","position":1,"name":"Home","item":"https:\/\/xstone.group\/ro\/"},{"@type":"ListItem","position":2,"name":"Produse","item":"https:\/\/xstone.group\/ro\/shop\/"},{"@type":"ListItem","position":3,"name":"ETC | ETICS"}]},{"@type":"WebSite","@id":"https:\/\/xstone.group\/ro\/#website","url":"https:\/\/xstone.group\/ro\/","name":"XSTONE","description":"Frumuse\u021be mineral\u0103 autentic\u0103 \u0219i nelimitat\u0103, nelegat\u0103 de gravita\u021bie","potentialAction":[{"@type":"SearchAction","target":{"@type":"EntryPoint","urlTemplate":"https:\/\/xstone.group\/ro\/?s={search_term_string}"},"query-input":{"@type":"PropertyValueSpecification","valueRequired":true,"valueName":"search_term_string"}}],"inLanguage":"ro-RO"}]}},"spectra_custom_meta":{"_last_translation_edit_mode":["translation-editor"],"_product_attributes":["a:5:{s:11:\"composition\";a:6:{s:4:\"name\";s:11:\"Composition\";s:5:\"value\";s:246:\"Substrat structural (beton\/ zid\u0103rie) + mortar adeziv + pl\u0103ci izolante EPS + strat de baz\u0103 din ciment + plas\u0103 din fibr\u0103 de sticl\u0103 + strat de baz\u0103 de finisare + laminat mineral XSTONE (furnir mineral flexibil cu suport din fibr\u0103 de sticl\u0103)\";s:8:\"position\";i:0;s:10:\"is_visible\";i:1;s:12:\"is_variation\";i:0;s:11:\"is_taxonomy\";i:0;}s:8:\"features\";a:6:{s:4:\"name\";s:8:\"Features\";s:5:\"value\";s:358:\"Performan\u021b\u0103 ridicat\u0103 de izolare termic\u0103\nSistem de fa\u021bad\u0103 ultra-u\u0219or\nSuprafa\u021b\u0103 mineral\u0103 real\u0103 (piatr\u0103, beton etc.)\nStrat de finisare flexibil \u0219i adaptabil\nRezisten\u021b\u0103 ridicat\u0103 la UV \u0219i intemperii\nRezisten\u021b\u0103 la fisuri (sistem de plas\u0103 armat\u0103)\nInstalare rapid\u0103 (aplicare de tip laminat)\nCompozi\u021bie cu con\u021binut sc\u0103zut de COV \u0219i durabil\u0103\";s:8:\"position\";i:1;s:10:\"is_visible\";i:1;s:12:\"is_variation\";i:0;s:11:\"is_taxonomy\";i:0;}s:4:\"size\";a:6:{s:4:\"name\";s:4:\"Size\";s:5:\"value\";s:138:\"Laminat XSTONE: Foi de 3000 \u00d7 1000 mm (format standard al rolelor)\nPl\u0103ci EPS: de obicei 1000 \u00d7 500 mm (\u00een func\u021bie de furnizor\/sistem)\";s:8:\"position\";i:2;s:10:\"is_visible\";i:1;s:12:\"is_variation\";i:0;s:11:\"is_taxonomy\";i:0;}s:9:\"thickness\";a:6:{s:4:\"name\";s:9:\"Thickness\";s:5:\"value\";s:184:\"Izola\u021bie EPS: de obicei 20-200 mm (\u00een func\u021bie de proiect)\nLaminat mineral XSTONE: aprox. 2-2,5 mm\nGrosimea total\u0103 a sistemului: variabil\u0103 \u00een func\u021bie de specifica\u021bia izola\u021biei \";s:8:\"position\";i:3;s:10:\"is_visible\";i:1;s:12:\"is_variation\";i:0;s:11:\"is_taxonomy\";i:0;}s:11:\"fire-rating\";a:6:{s:4:\"name\";s:11:\"Fire Rating\";s:5:\"value\";s:83:\"P\u00e2n\u0103 la B-s1,d0 (cu laminat mineral XSTONE \u0219i configura\u021bie de sistem conform\u0103)\";s:8:\"position\";i:4;s:10:\"is_visible\";i:1;s:12:\"is_variation\";i:0;s:11:\"is_taxonomy\";i:0;}}"],"attr_label_translations":["a:1:{s:2:\"ro\";a:5:{s:11:\"composition\";s:11:\"Compozi\u021bie\";s:8:\"features\";s:14:\"Caracteristici\";s:4:\"size\";s:7:\"M\u0103rime\";s:9:\"thickness\";s:7:\"Grosime\";s:11:\"fire-rating\";s:18:\"Clasificare la foc\";}}"],"_wcml_average_rating":[null],"_wcml_review_count":[null],"_wcml_rating_count":[null],"_yoast_wpseo_primary_product_cat":["331"],"_backorders":["no"],"_download_limit":["-1"],"_download_expiry":["-1"],"_downloadable":["no"],"_manage_stock":["no"],"_sku":["ETC"],"_stock_status":["instock"],"_sold_individually":["no"],"_tax_class":[""],"_tax_status":["taxable"],"_virtual":["no"],"total_sales":["0"],"_wpml_media_duplicate":["1"],"_wpml_media_featured":["1"],"stick-header-meta":["default"],"site-sidebar-layout":["default"],"theme-transparent-header-meta":["default"],"ast-site-content-layout":["default"],"site-content-style":["default"],"site-sidebar-style":["default"],"_yoast_wpseo_metadesc":["Fa\u021bad\u0103 ETICS de \u00eenalt\u0103 performan\u021b\u0103 cu izola\u021bie EPS \u0219i laminat mineral XSTONE. Solu\u021bie u\u0219oar\u0103, durabil\u0103, rezistent\u0103 la foc B-s1,d0, cu design durabil."],"_yoast_wpseo_focuskw":["Sisteme compozite de izolare termic\u0103 exterioar\u0103"],"_thumbnail_id":["25230"],"_product_image_gallery":[""],"_wpml_word_count":["246"],"two_optimized_date":["1776512634"],"woolentor_views_count_product":["4"],"_uag_css_file_name":["uag-css-25229.css"],"_uag_js_file_name":["uag-js-25229.js"],"tp_widgets":["a:2:{s:7:\"widgets\";a:6:{i:0;s:18:\"plus-list-skeleton\";i:1;s:22:\"plus-listing-load-more\";i:2;s:18:\"plus-listing-metro\";i:3;s:18:\"tp-product-listout\";i:4;s:17:\"tp-single-style_1\";i:5;s:19:\"tp-woo-single-image\";}s:9:\"update_at\";s:10:\"1776541402\";}"],"_elementor_edit_mode":["builder"],"_selectproduct_layout":["18897"],"_elementor_page_assets":["a:0:{}"],"_elementor_css":["a:7:{s:4:\"time\";i:1776650454;s:5:\"fonts\";a:0:{}s:5:\"icons\";a:0:{}s:20:\"dynamic_elements_ids\";a:0:{}s:6:\"status\";s:5:\"empty\";i:0;s:0:\"\";s:3:\"css\";s:0:\"\";}"],"_wc_rating_count":[""],"_wc_review_count":[""],"_wc_average_rating":[0]},"uagb_featured_image_src":{"full":["https:\/\/xstone.group\/wp-content\/uploads\/2025\/11\/ETICS.webp",1512,1512,false],"thumbnail":["https:\/\/xstone.group\/wp-content\/uploads\/2025\/11\/ETICS-150x150.webp",150,150,true],"medium":["https:\/\/xstone.group\/wp-content\/uploads\/2025\/11\/ETICS-300x300.webp",300,300,true],"medium_large":["https:\/\/xstone.group\/wp-content\/uploads\/2025\/11\/ETICS-768x768.webp",768,768,true],"large":["https:\/\/xstone.group\/wp-content\/uploads\/2025\/11\/ETICS-1024x1024.webp",1024,1024,true],"1536x1536":["https:\/\/xstone.group\/wp-content\/uploads\/2025\/11\/ETICS.webp",1512,1512,false],"2048x2048":["https:\/\/xstone.group\/wp-content\/uploads\/2025\/11\/ETICS.webp",1512,1512,false],"tp-image-grid":["https:\/\/xstone.group\/wp-content\/uploads\/2025\/11\/ETICS.webp",700,700,false],"tenweb_optimizer_mobile":["https:\/\/xstone.group\/wp-content\/uploads\/2025\/11\/ETICS-600x600.webp",600,600,true],"tenweb_optimizer_tablet":["https:\/\/xstone.group\/wp-content\/uploads\/2025\/11\/ETICS-768x768.webp",768,768,true],"woocommerce_thumbnail":["https:\/\/xstone.group\/wp-content\/uploads\/2025\/11\/ETICS-300x300.webp",300,300,true],"woocommerce_single":["https:\/\/xstone.group\/wp-content\/uploads\/2025\/11\/ETICS-600x600.webp",600,600,true],"woocommerce_gallery_thumbnail":["https:\/\/xstone.group\/wp-content\/uploads\/2025\/11\/ETICS-100x100.webp",100,100,true]},"uagb_author_info":{"display_name":"laurent.gomez@xstone.group","author_link":"https:\/\/xstone.group\/ro\/author\/"},"uagb_comment_info":0,"uagb_excerpt":"ETICS (External Thermal Insulation Composite Systems), cunoscut \u0219i sub numele de EIFS, combinat cu izola\u021bia din polistiren expandat (EPS) \u0219i finisajul laminat mineral XSTONE, ofer\u0103 o solu\u021bie avansat\u0103 pentru anvelopele cl\u0103dirilor de \u00eenalt\u0103 performan\u021b\u0103. Acest sistem \u00eembin\u0103 eficien\u021ba termic\u0103, durabilitatea \u0219i designul arhitectural premium prin suprafe\u021be minerale reale. Principalele avantaje includ:&#8211; Izola\u021bie termic\u0103 excelent\u0103: Pl\u0103cile&hellip;","_links":{"self":[{"href":"https:\/\/xstone.group\/ro\/wp-json\/wp\/v2\/product\/25229","targetHints":{"allow":["GET"]}}],"collection":[{"href":"https:\/\/xstone.group\/ro\/wp-json\/wp\/v2\/product"}],"about":[{"href":"https:\/\/xstone.group\/ro\/wp-json\/wp\/v2\/types\/product"}],"replies":[{"embeddable":true,"href":"https:\/\/xstone.group\/ro\/wp-json\/wp\/v2\/comments?post=25229"}],"wp:featuredmedia":[{"embeddable":true,"href":"https:\/\/xstone.group\/ro\/wp-json\/wp\/v2\/media\/25230"}],"wp:attachment":[{"href":"https:\/\/xstone.group\/ro\/wp-json\/wp\/v2\/media?parent=25229"}],"wp:term":[{"taxonomy":"product_brand","embeddable":true,"href":"https:\/\/xstone.group\/ro\/wp-json\/wp\/v2\/product_brand?post=25229"},{"taxonomy":"product_cat","embeddable":true,"href":"https:\/\/xstone.group\/ro\/wp-json\/wp\/v2\/product_cat?post=25229"},{"taxonomy":"product_tag","embeddable":true,"href":"https:\/\/xstone.group\/ro\/wp-json\/wp\/v2\/product_tag?post=25229"}],"curies":[{"name":"wp","href":"https:\/\/api.w.org\/{rel}","templated":true}]}}