{"id":25386,"date":"2025-11-29T19:42:37","date_gmt":"2025-11-29T19:42:37","guid":{"rendered":"https:\/\/xstone.group\/product\/vas-veroboard-allstar-a2\/"},"modified":"2025-11-29T19:42:37","modified_gmt":"2025-11-29T19:42:37","slug":"vas-veroboard-allstar-a2","status":"publish","type":"product","link":"https:\/\/xstone.group\/ro\/product\/vas-veroboard-allstar-a2\/","title":{"rendered":"VAS | Veroboard Allstar A2"},"content":{"rendered":"<p>Veroboard\u00ae AllStar este o plac\u0103 suport u\u0219oar\u0103 clasificat\u0103 A2-s1,d0 conceput\u0103 at\u00e2t pentru aplica\u021bii interioare, c\u00e2t \u0219i exterioare, care combin\u0103 greutate redus\u0103, incombustibilitate, rezisten\u021b\u0103 mecanic\u0103 \u0219i stabilitate dimensional\u0103. Func\u021bia sa principal\u0103 este de a ac\u021biona ca un substrat versatil, capabil s\u0103 sus\u021bin\u0103 o gam\u0103 larg\u0103 de sisteme de finisare, f\u0103r\u0103 a ad\u0103uga o sarcin\u0103 proprie inutil\u0103 structurii. <\/p>\n<p data-start=\"498\" data-end=\"958\">Atunci c\u00e2nd este combinat cu laminatul mineral XSTONE, panoul devine un sistem compozit de \u00eenalt\u0103 performan\u021b\u0103 \u00een care Veroboard asigur\u0103 integritatea structural\u0103, stabilitatea \u0219i u\u0219urin\u021ba de instalare, \u00een timp ce laminatul mineral XSTONE ofer\u0103 suprafe\u021bei finale un aspect autentic de piatr\u0103, o textur\u0103 mineral\u0103 \u0219i o rezisten\u021b\u0103 sporit\u0103 la suprafa\u021b\u0103. Aceast\u0103 integrare permite reproducerea materialelor minerale naturale \u00eentr-o solu\u021bie u\u0219oar\u0103, flexibil\u0103 \u0219i eficient\u0103 din punct de vedere tehnic. <\/p>\n<p data-start=\"960\" data-end=\"1321\">Sistemul ofer\u0103 manevrare u\u0219oar\u0103, flexibilitate pentru suprafe\u021be curbate, rezisten\u021b\u0103 excelent\u0103 la fisurare \u0219i impact \u0219i deformare termic\u0103 \u0219i higrometric\u0103 extrem de redus\u0103, asigur\u00e2nd \u00eembin\u0103ri precise \u0219i finisaje f\u0103r\u0103 cusur. Este deosebit de potrivit pentru fa\u021bade, proiecte de renovare, zone umede, construc\u021bii din lemn \u0219i aplica\u021bii compozite care necesit\u0103 finisaje minerale premium. <\/p>\n","protected":false},"excerpt":{"rendered":"<p>Veroboard\u00ae AllStar este o plac\u0103 suport u\u0219oar\u0103 clasificat\u0103 A2-s1,d0 conceput\u0103 at\u00e2t pentru aplica\u021bii interioare, c\u00e2t \u0219i exterioare, care combin\u0103 greutate redus\u0103, incombustibilitate, rezisten\u021b\u0103 mecanic\u0103 \u0219i stabilitate dimensional\u0103. Func\u021bia sa principal\u0103 este de a ac\u021biona ca un substrat versatil, capabil s\u0103 sus\u021bin\u0103 o gam\u0103 larg\u0103 de sisteme de finisare, f\u0103r\u0103 a ad\u0103uga o sarcin\u0103 proprie inutil\u0103 [&hellip;]<\/p>\n","protected":false},"featured_media":25390,"comment_status":"open","ping_status":"closed","template":"","meta":{"_acf_changed":false,"_uag_custom_page_level_css":"","site-sidebar-layout":"default","site-content-layout":"","ast-site-content-layout":"default","site-content-style":"default","site-sidebar-style":"default","ast-global-header-display":"","ast-banner-title-visibility":"","ast-main-header-display":"","ast-hfb-above-header-display":"","ast-hfb-below-header-display":"","ast-hfb-mobile-header-display":"","site-post-title":"","ast-breadcrumbs-content":"","ast-featured-img":"","footer-sml-layout":"","theme-transparent-header-meta":"default","adv-header-id-meta":"","stick-header-meta":"default","header-above-stick-meta":"","header-main-stick-meta":"","header-below-stick-meta":"","astra-migrate-meta-layouts":"default","ast-page-background-enabled":"default","ast-page-background-meta":{"desktop":{"background-color":"var(--ast-global-color-4)","background-image":"","background-repeat":"repeat","background-position":"center center","background-size":"auto","background-attachment":"scroll","background-type":"","background-media":"","overlay-type":"","overlay-color":"","overlay-opacity":"","overlay-gradient":""},"tablet":{"background-color":"","background-image":"","background-repeat":"repeat","background-position":"center center","background-size":"auto","background-attachment":"scroll","background-type":"","background-media":"","overlay-type":"","overlay-color":"","overlay-opacity":"","overlay-gradient":""},"mobile":{"background-color":"","background-image":"","background-repeat":"repeat","background-position":"center center","background-size":"auto","background-attachment":"scroll","background-type":"","background-media":"","overlay-type":"","overlay-color":"","overlay-opacity":"","overlay-gradient":""}},"ast-content-background-meta":{"desktop":{"background-color":"var(--ast-global-color-5)","background-image":"","background-repeat":"repeat","background-position":"center center","background-size":"auto","background-attachment":"scroll","background-type":"","background-media":"","overlay-type":"","overlay-color":"","overlay-opacity":"","overlay-gradient":""},"tablet":{"background-color":"var(--ast-global-color-5)","background-image":"","background-repeat":"repeat","background-position":"center center","background-size":"auto","background-attachment":"scroll","background-type":"","background-media":"","overlay-type":"","overlay-color":"","overlay-opacity":"","overlay-gradient":""},"mobile":{"background-color":"var(--ast-global-color-5)","background-image":"","background-repeat":"repeat","background-position":"center center","background-size":"auto","background-attachment":"scroll","background-type":"","background-media":"","overlay-type":"","overlay-color":"","overlay-opacity":"","overlay-gradient":""}}},"product_brand":[],"product_cat":[8761],"product_tag":[6677,9237,9243,9236,9244,9233,9238,9234,9245,7594,9242,9231,9232,9241,9235,9246,9239,9240],"class_list":{"0":"post-25386","1":"product","2":"type-product","3":"status-publish","4":"has-post-thumbnail","6":"product_cat-backing","7":"product_tag-comp-backing-15498","8":"product_tag-sustainable-construction","9":"product_tag-low-voc-material","10":"product_tag-composite-building-material","11":"product_tag-eco-friendly-building-material","12":"product_tag-non-combustible-material","13":"product_tag-recycled-glass-core","14":"product_tag-architectural-panel","15":"product_tag-advanced-construction-panel","16":"product_tag-interior-wall-panel","17":"product_tag-crack-resistant-panel","18":"product_tag-lightweight-panel","19":"product_tag-a2-fire-rated-board","20":"product_tag-impact-resistant-board","21":"product_tag-facade-cladding-system","22":"product_tag-design-surface-solution","23":"product_tag-high-performance-substrate","24":"product_tag-stone-effect-surface","25":"desktop-align-left","26":"tablet-align-left","27":"mobile-align-left","29":"first","30":"instock","31":"shipping-taxable","32":"product-type-simple"},"acf":[],"yoast_head":"<!-- This site is optimized with the Yoast SEO Premium plugin v27.4 (Yoast SEO v27.4) - https:\/\/yoast.com\/product\/yoast-seo-premium-wordpress\/ -->\n<title>VAS | Veroboard Allstar A2 - XSTONE<\/title>\n<meta name=\"description\" content=\"Veroboard\u00ae AllStar este o plac\u0103 suport u\u0219oar\u0103, clasificat\u0103 A2, proiectat\u0103 at\u00e2t pentru interior, c\u00e2t \u0219i pentru exterior. Miezul s\u0103u este fabricat din granule de sticl\u0103 expandat\u0103\" \/>\n<meta name=\"robots\" content=\"index, follow, max-snippet:-1, max-image-preview:large, max-video-preview:-1\" \/>\n<link rel=\"canonical\" href=\"https:\/\/xstone.group\/ro\/product\/vas-veroboard-allstar-a2\/\" \/>\n<meta property=\"og:locale\" content=\"ro_RO\" \/>\n<meta property=\"og:type\" content=\"article\" \/>\n<meta property=\"og:title\" content=\"VAS | Veroboard Allstar A2\" \/>\n<meta property=\"og:description\" content=\"Veroboard\u00ae AllStar este o plac\u0103 suport u\u0219oar\u0103, clasificat\u0103 A2, proiectat\u0103 at\u00e2t pentru interior, c\u00e2t \u0219i pentru exterior. Miezul s\u0103u este fabricat din granule de sticl\u0103 expandat\u0103\" \/>\n<meta property=\"og:url\" content=\"https:\/\/xstone.group\/ro\/product\/vas-veroboard-allstar-a2\/\" \/>\n<meta property=\"og:site_name\" content=\"XSTONE\" \/>\n<meta property=\"article:publisher\" content=\"https:\/\/www.facebook.com\/Xstonesurfaces1\/\" \/>\n<meta property=\"og:image\" content=\"https:\/\/xstone.group\/wp-content\/uploads\/2025\/11\/Veroboard-Allstar-A2-scaled.webp\" \/>\n\t<meta property=\"og:image:width\" content=\"2560\" \/>\n\t<meta property=\"og:image:height\" content=\"2560\" \/>\n\t<meta property=\"og:image:type\" content=\"image\/webp\" \/>\n<meta name=\"twitter:card\" content=\"summary_large_image\" \/>\n<meta name=\"twitter:label1\" content=\"Timp estimat pentru citire\" \/>\n\t<meta name=\"twitter:data1\" content=\"1 minut\" \/>\n<script type=\"application\/ld+json\" class=\"yoast-schema-graph\">{\"@context\":\"https:\\\/\\\/schema.org\",\"@graph\":[{\"@type\":\"WebPage\",\"@id\":\"https:\\\/\\\/xstone.group\\\/ro\\\/product\\\/vas-veroboard-allstar-a2\\\/\",\"url\":\"https:\\\/\\\/xstone.group\\\/ro\\\/product\\\/vas-veroboard-allstar-a2\\\/\",\"name\":\"VAS | Veroboard Allstar A2 - XSTONE\",\"isPartOf\":{\"@id\":\"https:\\\/\\\/xstone.group\\\/ro\\\/#website\"},\"primaryImageOfPage\":{\"@id\":\"https:\\\/\\\/xstone.group\\\/ro\\\/product\\\/vas-veroboard-allstar-a2\\\/#primaryimage\"},\"image\":{\"@id\":\"https:\\\/\\\/xstone.group\\\/ro\\\/product\\\/vas-veroboard-allstar-a2\\\/#primaryimage\"},\"thumbnailUrl\":\"https:\\\/\\\/xstone.group\\\/wp-content\\\/uploads\\\/2025\\\/11\\\/Veroboard-Allstar-A2-scaled.webp\",\"datePublished\":\"2025-11-29T19:42:37+00:00\",\"description\":\"Veroboard\u00ae AllStar este o plac\u0103 suport u\u0219oar\u0103, clasificat\u0103 A2, proiectat\u0103 at\u00e2t pentru interior, c\u00e2t \u0219i pentru exterior. Miezul s\u0103u este fabricat din granule de sticl\u0103 expandat\u0103\",\"breadcrumb\":{\"@id\":\"https:\\\/\\\/xstone.group\\\/ro\\\/product\\\/vas-veroboard-allstar-a2\\\/#breadcrumb\"},\"inLanguage\":\"ro-RO\",\"potentialAction\":[{\"@type\":\"ReadAction\",\"target\":[\"https:\\\/\\\/xstone.group\\\/ro\\\/product\\\/vas-veroboard-allstar-a2\\\/\"]}]},{\"@type\":\"ImageObject\",\"inLanguage\":\"ro-RO\",\"@id\":\"https:\\\/\\\/xstone.group\\\/ro\\\/product\\\/vas-veroboard-allstar-a2\\\/#primaryimage\",\"url\":\"https:\\\/\\\/xstone.group\\\/wp-content\\\/uploads\\\/2025\\\/11\\\/Veroboard-Allstar-A2-scaled.webp\",\"contentUrl\":\"https:\\\/\\\/xstone.group\\\/wp-content\\\/uploads\\\/2025\\\/11\\\/Veroboard-Allstar-A2-scaled.webp\",\"width\":2560,\"height\":2560},{\"@type\":\"BreadcrumbList\",\"@id\":\"https:\\\/\\\/xstone.group\\\/ro\\\/product\\\/vas-veroboard-allstar-a2\\\/#breadcrumb\",\"itemListElement\":[{\"@type\":\"ListItem\",\"position\":1,\"name\":\"Home\",\"item\":\"https:\\\/\\\/xstone.group\\\/ro\\\/\"},{\"@type\":\"ListItem\",\"position\":2,\"name\":\"Produse\",\"item\":\"https:\\\/\\\/xstone.group\\\/ro\\\/shop\\\/\"},{\"@type\":\"ListItem\",\"position\":3,\"name\":\"VAS | Veroboard Allstar A2\"}]},{\"@type\":\"WebSite\",\"@id\":\"https:\\\/\\\/xstone.group\\\/ro\\\/#website\",\"url\":\"https:\\\/\\\/xstone.group\\\/ro\\\/\",\"name\":\"XSTONE\",\"description\":\"Frumuse\u021be mineral\u0103 autentic\u0103 \u0219i nelimitat\u0103, nelegat\u0103 de gravita\u021bie\",\"potentialAction\":[{\"@type\":\"SearchAction\",\"target\":{\"@type\":\"EntryPoint\",\"urlTemplate\":\"https:\\\/\\\/xstone.group\\\/ro\\\/?s={search_term_string}\"},\"query-input\":{\"@type\":\"PropertyValueSpecification\",\"valueRequired\":true,\"valueName\":\"search_term_string\"}}],\"inLanguage\":\"ro-RO\"}]}<\/script>\n<!-- \/ Yoast SEO Premium plugin. -->","yoast_head_json":{"title":"VAS | Veroboard Allstar A2 - XSTONE","description":"Veroboard\u00ae AllStar este o plac\u0103 suport u\u0219oar\u0103, clasificat\u0103 A2, proiectat\u0103 at\u00e2t pentru interior, c\u00e2t \u0219i pentru exterior. Miezul s\u0103u este fabricat din granule de sticl\u0103 expandat\u0103","robots":{"index":"index","follow":"follow","max-snippet":"max-snippet:-1","max-image-preview":"max-image-preview:large","max-video-preview":"max-video-preview:-1"},"canonical":"https:\/\/xstone.group\/ro\/product\/vas-veroboard-allstar-a2\/","og_locale":"ro_RO","og_type":"article","og_title":"VAS | Veroboard Allstar A2","og_description":"Veroboard\u00ae AllStar este o plac\u0103 suport u\u0219oar\u0103, clasificat\u0103 A2, proiectat\u0103 at\u00e2t pentru interior, c\u00e2t \u0219i pentru exterior. Miezul s\u0103u este fabricat din granule de sticl\u0103 expandat\u0103","og_url":"https:\/\/xstone.group\/ro\/product\/vas-veroboard-allstar-a2\/","og_site_name":"XSTONE","article_publisher":"https:\/\/www.facebook.com\/Xstonesurfaces1\/","og_image":[{"width":2560,"height":2560,"url":"https:\/\/xstone.group\/wp-content\/uploads\/2025\/11\/Veroboard-Allstar-A2-scaled.webp","type":"image\/webp"}],"twitter_card":"summary_large_image","twitter_misc":{"Timp estimat pentru citire":"1 minut"},"schema":{"@context":"https:\/\/schema.org","@graph":[{"@type":"WebPage","@id":"https:\/\/xstone.group\/ro\/product\/vas-veroboard-allstar-a2\/","url":"https:\/\/xstone.group\/ro\/product\/vas-veroboard-allstar-a2\/","name":"VAS | Veroboard Allstar A2 - XSTONE","isPartOf":{"@id":"https:\/\/xstone.group\/ro\/#website"},"primaryImageOfPage":{"@id":"https:\/\/xstone.group\/ro\/product\/vas-veroboard-allstar-a2\/#primaryimage"},"image":{"@id":"https:\/\/xstone.group\/ro\/product\/vas-veroboard-allstar-a2\/#primaryimage"},"thumbnailUrl":"https:\/\/xstone.group\/wp-content\/uploads\/2025\/11\/Veroboard-Allstar-A2-scaled.webp","datePublished":"2025-11-29T19:42:37+00:00","description":"Veroboard\u00ae AllStar este o plac\u0103 suport u\u0219oar\u0103, clasificat\u0103 A2, proiectat\u0103 at\u00e2t pentru interior, c\u00e2t \u0219i pentru exterior. Miezul s\u0103u este fabricat din granule de sticl\u0103 expandat\u0103","breadcrumb":{"@id":"https:\/\/xstone.group\/ro\/product\/vas-veroboard-allstar-a2\/#breadcrumb"},"inLanguage":"ro-RO","potentialAction":[{"@type":"ReadAction","target":["https:\/\/xstone.group\/ro\/product\/vas-veroboard-allstar-a2\/"]}]},{"@type":"ImageObject","inLanguage":"ro-RO","@id":"https:\/\/xstone.group\/ro\/product\/vas-veroboard-allstar-a2\/#primaryimage","url":"https:\/\/xstone.group\/wp-content\/uploads\/2025\/11\/Veroboard-Allstar-A2-scaled.webp","contentUrl":"https:\/\/xstone.group\/wp-content\/uploads\/2025\/11\/Veroboard-Allstar-A2-scaled.webp","width":2560,"height":2560},{"@type":"BreadcrumbList","@id":"https:\/\/xstone.group\/ro\/product\/vas-veroboard-allstar-a2\/#breadcrumb","itemListElement":[{"@type":"ListItem","position":1,"name":"Home","item":"https:\/\/xstone.group\/ro\/"},{"@type":"ListItem","position":2,"name":"Produse","item":"https:\/\/xstone.group\/ro\/shop\/"},{"@type":"ListItem","position":3,"name":"VAS | Veroboard Allstar A2"}]},{"@type":"WebSite","@id":"https:\/\/xstone.group\/ro\/#website","url":"https:\/\/xstone.group\/ro\/","name":"XSTONE","description":"Frumuse\u021be mineral\u0103 autentic\u0103 \u0219i nelimitat\u0103, nelegat\u0103 de gravita\u021bie","potentialAction":[{"@type":"SearchAction","target":{"@type":"EntryPoint","urlTemplate":"https:\/\/xstone.group\/ro\/?s={search_term_string}"},"query-input":{"@type":"PropertyValueSpecification","valueRequired":true,"valueName":"search_term_string"}}],"inLanguage":"ro-RO"}]}},"spectra_custom_meta":{"_last_translation_edit_mode":["translation-editor"],"_product_attributes":["a:5:{s:8:\"features\";a:6:{s:4:\"name\";s:8:\"Features\";s:5:\"value\";s:212:\"U\u0219oare \u0219i u\u0219or de manevrat. Rezisten\u021b\u0103 mecanic\u0103 ridicat\u0103 \u0219i rezisten\u021b\u0103 la impact. Rezisten\u021b\u0103 excelent\u0103 la fisuri \u0219i stabilitate dimensional\u0103. Potrivit pentru aplica\u021bii interioare \u0219i exterioare   \";s:8:\"position\";i:0;s:10:\"is_visible\";i:1;s:12:\"is_variation\";i:0;s:11:\"is_taxonomy\";i:0;}s:4:\"size\";a:6:{s:4:\"name\";s:4:\"Size\";s:5:\"value\";s:84:\"1200 \u00d7 800 mm, 2400 \u00d7 1200 mm, 2600 \u00d7 1250 mm; Dimensiuni personalizate la cerere\";s:8:\"position\";i:1;s:10:\"is_visible\";i:1;s:12:\"is_variation\";i:0;s:11:\"is_taxonomy\";i:0;}s:9:\"thickness\";a:6:{s:4:\"name\";s:9:\"Thickness\";s:5:\"value\";s:28:\"8 mm, 10 mm, 12 mm \u0219i 20 mm\";s:8:\"position\";i:2;s:10:\"is_visible\";i:1;s:12:\"is_variation\";i:0;s:11:\"is_taxonomy\";i:0;}s:11:\"fire-rating\";a:6:{s:4:\"name\";s:11:\"Fire rating\";s:5:\"value\";s:8:\"A2-s1,d0\";s:8:\"position\";i:3;s:10:\"is_visible\";i:1;s:12:\"is_variation\";i:0;s:11:\"is_taxonomy\";i:0;}s:11:\"composition\";a:6:{s:4:\"name\";s:11:\"Composition\";s:5:\"value\";s:152:\"Miez din granule de sticl\u0103 reciclat\u0103 expandat\u0103 + lian\u021bi pe baz\u0103 de r\u0103\u0219ini reactive sau organice + plas\u0103 din fibr\u0103 de sticl\u0103 pe ambele p\u0103r\u021bi.\";s:8:\"position\";i:4;s:10:\"is_visible\";i:1;s:12:\"is_variation\";i:0;s:11:\"is_taxonomy\";i:0;}}"],"attr_label_translations":["a:1:{s:2:\"ro\";a:5:{s:8:\"features\";s:14:\"Caracteristici\";s:4:\"size\";s:7:\"M\u0103rime\";s:9:\"thickness\";s:7:\"Grosime\";s:11:\"fire-rating\";s:18:\"Clasificare la foc\";s:11:\"composition\";s:11:\"Compozi\u021bie\";}}"],"_wcml_average_rating":[null],"_wcml_review_count":[null],"_wcml_rating_count":[null],"_yoast_wpseo_primary_product_cat":["331"],"_backorders":["no"],"_download_limit":["-1"],"_download_expiry":["-1"],"_downloadable":["no"],"_manage_stock":["no"],"_sku":["VAS"],"_stock_status":["instock"],"_sold_individually":["no"],"_tax_class":[""],"_tax_status":["taxable"],"_virtual":["no"],"total_sales":["0"],"_wpml_media_duplicate":["1"],"_wpml_media_featured":["1"],"stick-header-meta":["default"],"site-sidebar-layout":["default"],"theme-transparent-header-meta":["default"],"ast-site-content-layout":["default"],"site-content-style":["default"],"site-sidebar-style":["default"],"_yoast_wpseo_metadesc":["Veroboard\u00ae AllStar este o plac\u0103 suport u\u0219oar\u0103, clasificat\u0103 A2, proiectat\u0103 at\u00e2t pentru interior, c\u00e2t \u0219i pentru exterior. Miezul s\u0103u este fabricat din granule de sticl\u0103 expandat\u0103"],"_yoast_wpseo_focuskw":["panou ignifug interior exterior"],"_thumbnail_id":["25390"],"_wpml_word_count":["241"],"two_optimized_date":["1776481455"],"woolentor_views_count_product":["7"],"_uag_css_file_name":["uag-css-25386.css"],"_uag_js_file_name":["uag-js-25386.js"],"tp_widgets":["a:2:{s:7:\"widgets\";a:6:{i:0;s:18:\"plus-list-skeleton\";i:1;s:22:\"plus-listing-load-more\";i:2;s:18:\"plus-listing-metro\";i:3;s:18:\"tp-product-listout\";i:4;s:17:\"tp-single-style_1\";i:5;s:19:\"tp-woo-single-image\";}s:9:\"update_at\";s:10:\"1776541402\";}"],"_elementor_edit_mode":["builder"],"_selectproduct_layout":["18862"],"_wc_rating_count":[""],"_wc_review_count":[""],"_wc_average_rating":[0]},"uagb_featured_image_src":{"full":["https:\/\/xstone.group\/wp-content\/uploads\/2025\/11\/Veroboard-Allstar-A2-scaled.webp",2560,2560,false],"thumbnail":["https:\/\/xstone.group\/wp-content\/uploads\/2025\/11\/Veroboard-Allstar-A2-150x150.webp",150,150,true],"medium":["https:\/\/xstone.group\/wp-content\/uploads\/2025\/11\/Veroboard-Allstar-A2-300x300.webp",300,300,true],"medium_large":["https:\/\/xstone.group\/wp-content\/uploads\/2025\/11\/Veroboard-Allstar-A2-768x768.webp",768,768,true],"large":["https:\/\/xstone.group\/wp-content\/uploads\/2025\/11\/Veroboard-Allstar-A2-1024x1024.webp",1024,1024,true],"1536x1536":["https:\/\/xstone.group\/wp-content\/uploads\/2025\/11\/Veroboard-Allstar-A2-1536x1536.webp",1536,1536,true],"2048x2048":["https:\/\/xstone.group\/wp-content\/uploads\/2025\/11\/Veroboard-Allstar-A2-2048x2048.webp",2048,2048,true],"tp-image-grid":["https:\/\/xstone.group\/wp-content\/uploads\/2025\/11\/Veroboard-Allstar-A2-scaled.webp",700,700,false],"tenweb_optimizer_mobile":["https:\/\/xstone.group\/wp-content\/uploads\/2025\/11\/Veroboard-Allstar-A2-600x600.webp",600,600,true],"tenweb_optimizer_tablet":["https:\/\/xstone.group\/wp-content\/uploads\/2025\/11\/Veroboard-Allstar-A2-768x768.webp",768,768,true],"woocommerce_thumbnail":["https:\/\/xstone.group\/wp-content\/uploads\/2025\/11\/Veroboard-Allstar-A2-300x300.webp",300,300,true],"woocommerce_single":["https:\/\/xstone.group\/wp-content\/uploads\/2025\/11\/Veroboard-Allstar-A2-600x600.webp",600,600,true],"woocommerce_gallery_thumbnail":["https:\/\/xstone.group\/wp-content\/uploads\/2025\/11\/Veroboard-Allstar-A2-100x100.webp",100,100,true]},"uagb_author_info":{"display_name":"laurent.gomez@xstone.group","author_link":"https:\/\/xstone.group\/ro\/author\/"},"uagb_comment_info":0,"uagb_excerpt":"Veroboard\u00ae AllStar este o plac\u0103 suport u\u0219oar\u0103 clasificat\u0103 A2-s1,d0 conceput\u0103 at\u00e2t pentru aplica\u021bii interioare, c\u00e2t \u0219i exterioare, care combin\u0103 greutate redus\u0103, incombustibilitate, rezisten\u021b\u0103 mecanic\u0103 \u0219i stabilitate dimensional\u0103. Func\u021bia sa principal\u0103 este de a ac\u021biona ca un substrat versatil, capabil s\u0103 sus\u021bin\u0103 o gam\u0103 larg\u0103 de sisteme de finisare, f\u0103r\u0103 a ad\u0103uga o sarcin\u0103 proprie inutil\u0103&hellip;","_links":{"self":[{"href":"https:\/\/xstone.group\/ro\/wp-json\/wp\/v2\/product\/25386","targetHints":{"allow":["GET"]}}],"collection":[{"href":"https:\/\/xstone.group\/ro\/wp-json\/wp\/v2\/product"}],"about":[{"href":"https:\/\/xstone.group\/ro\/wp-json\/wp\/v2\/types\/product"}],"replies":[{"embeddable":true,"href":"https:\/\/xstone.group\/ro\/wp-json\/wp\/v2\/comments?post=25386"}],"wp:featuredmedia":[{"embeddable":true,"href":"https:\/\/xstone.group\/ro\/wp-json\/wp\/v2\/media\/25390"}],"wp:attachment":[{"href":"https:\/\/xstone.group\/ro\/wp-json\/wp\/v2\/media?parent=25386"}],"wp:term":[{"taxonomy":"product_brand","embeddable":true,"href":"https:\/\/xstone.group\/ro\/wp-json\/wp\/v2\/product_brand?post=25386"},{"taxonomy":"product_cat","embeddable":true,"href":"https:\/\/xstone.group\/ro\/wp-json\/wp\/v2\/product_cat?post=25386"},{"taxonomy":"product_tag","embeddable":true,"href":"https:\/\/xstone.group\/ro\/wp-json\/wp\/v2\/product_tag?post=25386"}],"curies":[{"name":"wp","href":"https:\/\/api.w.org\/{rel}","templated":true}]}}